{"id":524,"date":"2022-08-20T18:59:43","date_gmt":"2022-08-20T18:59:43","guid":{"rendered":"https:\/\/www.parfumerie-arabe.com\/?page_id=524"},"modified":"2025-11-10T19:22:38","modified_gmt":"2025-11-10T19:22:38","slug":"cgv","status":"publish","type":"page","link":"https:\/\/www.parfumerie-arabe.com\/de\/cgv\/","title":{"rendered":"Allgemeine Gesch\u00e4ftsbedingungen"},"content":{"rendered":"<h1 class=\"wp-block-heading\">Allgemeine Gesch\u00e4ftsbedingungen f\u00fcr die auf https:\/\/www.parfumerie-arabe.com\/ verkauften Produkte<\/h1>\n\n\n\n<p>Datum der letzten Aktualisierung<\/p>\n\n\n\n<h2 class=\"wp-block-heading\">Artikel 1 - Zweck<\/h2>\n\n\n\n<p>Die vorliegenden Bedingungen regeln den Verkauf durch die Firma L.P.S ist eine S.A.S.U mit einem Kapital von 100\u20ac, die im Handelsregister von Nanterre unter der Nummer 895 377 331 eingetragen ist. Firmensitz: 38 RUE DE LA BONGARDE, 92390 VILLENEUVE-LA-GARENNE Frankreich - Frankreich.<\/p>\n\n\n\n<h2 class=\"wp-block-heading\">Artikel 2 - Preis<\/h2>\n\n\n\n<p>Die Preise unserer Produkte sind in Euro angegeben und enthalten alle Steuern (Mehrwertsteuer und andere am Tag der Bestellung anwendbare Steuern), sofern nicht anders angegeben, und verstehen sich ohne Bearbeitungs- und Versandkosten. Bei einer Bestellung in ein anderes Land als das franz\u00f6sische Mutterland sind Sie der Importeur des oder der betreffenden Produkte. Es k\u00f6nnen Zollgeb\u00fchren oder andere lokale Steuern oder Einfuhrz\u00f6lle oder staatliche Abgaben f\u00e4llig werden. Diese Rechte und Betr\u00e4ge fallen nicht in den Zust\u00e4ndigkeitsbereich des Unternehmens.&nbsp;<strong>Manager<\/strong>. Sie gehen zu Ihren Lasten und liegen in Ihrer alleinigen Verantwortung, sowohl was die Erkl\u00e4rungen als auch die Zahlungen an die zust\u00e4ndigen Beh\u00f6rden und Einrichtungen in Ihrem Land betrifft. Wir empfehlen Ihnen, sich bei Ihren \u00f6rtlichen Beh\u00f6rden \u00fcber diese Aspekte zu informieren. Alle Bestellungen sind unabh\u00e4ngig von ihrer Herkunft in Euro zahlbar. Das Unternehmen&nbsp;<strong>Manager<\/strong>&nbsp;beh\u00e4lt sich das Recht vor, seine Preise jederzeit zu \u00e4ndern, aber das Produkt wird auf der Grundlage des zum Zeitpunkt der Best\u00e4tigung der Bestellung g\u00fcltigen Tarifs und vorbehaltlich der Verf\u00fcgbarkeit in Rechnung gestellt. Die Produkte bleiben Eigentum des Unternehmens&nbsp;<strong>Manager<\/strong>&nbsp;bis zur vollst\u00e4ndigen Bezahlung des Preises. Achtung: Sobald Sie die bestellten Produkte physisch in Besitz nehmen, geht das Risiko des Verlusts oder der Besch\u00e4digung der Produkte auf Sie \u00fcber.<\/p>\n\n\n\n<h2 class=\"wp-block-heading\">Artikel 3 - AUFTRAGSREGISTRIERUNG UND BESTELLUNGSBEST\u00c4TIGUNG<\/h2>\n\n\n\n<h3 class=\"wp-block-heading\">3.1 Navigation innerhalb der Website<\/h3>\n\n\n\n<p>Der Nutzer kann sich auf der Website von https:\/\/www.parfumerie-arabe.com\/ \u00fcber die verschiedenen Produkte informieren, die zum Verkauf angeboten werden.<br>Der Nutzer kann frei auf den verschiedenen Seiten der Website surfen, ohne sich im Rahmen einer Bestellung zu verpflichten.<\/p>\n\n\n\n<h3 class=\"wp-block-heading\">3.2 Eine Bestellung aufnehmen<\/h3>\n\n\n\n<p>Wenn der Nutzer eine Bestellung aufgeben m\u00f6chte, w\u00e4hlt er die verschiedenen Produkte aus, an denen er Interesse hat, und bekundet dieses Interesse, indem er auf das Piktogramm \u00abWarenkorb\u00bb klickt.<br>Zu jeder Zeit kann der Nutzer :<\/p>\n\n\n\n<ul class=\"wp-block-list\">\n<li>eine Zusammenfassung der von ihm ausgew\u00e4hlten Produkte erhalten, indem er auf den Warenkorb klickt.<\/li>\n\n\n\n<li>seine Produktauswahl fortsetzen oder \u00e4ndern, indem er auf \u201cWeiter einkaufen\u201d klickt.<\/li>\n\n\n\n<li>seine Produktauswahl abschlie\u00dfen und diese Produkte bestellen, indem er auf \u201cZur Zahlung schreiten\u201d klickt.<\/li>\n<\/ul>\n\n\n\n<p>Um die von ihm ausgew\u00e4hlten Produkte zu bestellen, muss sich der Nutzer, nachdem er auf \u201cZur Zahlung gehen\u201d geklickt hat, identifizieren, indem er seine E-Mail-Adresse und das Passwort eingibt, das er zuvor bei der Einrichtung seines Kontos gew\u00e4hlt hat, oder, wenn es sich um seine erste Bestellung handelt, indem er auf \u00abEin Konto erstellen\u00bb klickt. Im letzteren Fall muss der Nutzer das ihm zur Verf\u00fcgung gestellte Formular genau ausf\u00fcllen, in dem er insbesondere die zu seiner Identifizierung notwendigen Informationen und vor allem seinen Namen, Vornamen und seine Postanschrift angibt. Dar\u00fcber hinaus muss der Nutzer seine E-Mail-Adresse und ein Passwort seiner Wahl angeben, das f\u00fcr ihn pers\u00f6nlich und vertraulich ist und das er ben\u00f6tigt, um sich sp\u00e4ter auf der Website zu identifizieren.<br>Der Nutzer wird dar\u00fcber informiert und stimmt zu, dass die Eingabe dieser beiden Kennungen als Beweis seiner Identit\u00e4t gilt und seine Zustimmung manifestiert.<br>Sobald sich der Nutzer identifiziert hat, muss er die Lieferadresse best\u00e4tigen, woraufhin ein Bestellformular auf dem Bildschirm erscheint, das Folgendes zusammenfasst: Art, Menge und Preis der vom Nutzer ausgew\u00e4hlten Produkte sowie den Gesamtbetrag der Bestellung, die Versandkosten, die Lieferfrist, die Kontaktdaten des Nutzers, die Lieferadresse der Produkte.<\/p>\n\n\n\n<h5 class=\"wp-block-heading\">Kommerzielle Angebote<\/h5>\n\n\n\n<p>Um von einem an den Nutzer gerichteten Angebot zu profitieren, muss der Nutzer seinen \u201dPromo-Code\u201c in das daf\u00fcr vorgesehene Feld auf der Zahlungsseite eingeben und best\u00e4tigen.<\/p>\n\n\n\n<h3 class=\"wp-block-heading\">3.3 Endg\u00fcltige Best\u00e4tigung der Bestellung und Zahlung<\/h3>\n\n\n\n<p>Nachdem der Nutzer den Status seiner Bestellung zur Kenntnis genommen hat und alle geforderten Informationen ausgef\u00fcllt hat, erscheint eine Zusammenfassung dieser Informationen und der Bestellung, und der Nutzer muss die Zahlungsmethode ausw\u00e4hlen, mit der er seine Zahlung leisten m\u00f6chte, um seine Bestellung endg\u00fcltig zu best\u00e4tigen.<br>Die Bestellungen sind zahlbar in :<\/p>\n\n\n\n<ul class=\"wp-block-list\">\n<li>Euro per franz\u00f6sischer oder internationaler Bankkarte&nbsp;<\/li>\n<\/ul>\n\n\n\n<p>Es wird darauf hingewiesen, dass bei einer sofortigen Zahlung per Kreditkarte diese durch eine S.S.L.-Verschl\u00fcsselung (Secure Socket Layer) gesichert wird, um alle mit den Zahlungsmitteln verbundenen Daten zu sch\u00fctzen, und dass die Bankdaten des Nutzers zu keinem Zeitpunkt \u00fcber das Computersystem von https:\/\/www.parfumerie-arabe.com\/ \u00fcbermittelt werden.<br>Sobald er seine Zahlung best\u00e4tigt, wird die Bestellung registriert. Der Nutzer wird zum Kunden. Der Bestellschein wird in den EDV-Registern von https:\/\/www.parfumerie-arabe.com\/ gespeichert und gilt als Beweis f\u00fcr die zwischen den Parteien entstandenen Vertragsbeziehungen.<br>Der Kunde hat ein Recht auf Widerruf und R\u00fcckerstattung innerhalb von vierzehn (14) Werktagen ab dem Tag, an dem der Kunde die Produkte erhalten hat.<\/p>\n\n\n\n<h3 class=\"wp-block-heading\">3.4 Best\u00e4tigung der Bestellung<\/h3>\n\n\n\n<p>Eine Zusammenfassung der Bestellung wird angezeigt, sobald die Bestellung best\u00e4tigt wurde.<br>Diese Best\u00e4tigung wird alle Bestandteile des zwischen den Parteien geschlossenen Vertrags enthalten.<br>Diese Bestellzusammenfassung wird dem Kunden innerhalb weniger Minuten nach dem Kauf auch per E-Mail zugeschickt.<br>Der Kunde hat dann Zugang zur \u201cVerfolgung seiner Bestellung\u201d, indem er auf \u201cAnmelden\u201d klickt und sich mit seiner E-Mail-Adresse und seinem Passwort identifiziert.<\/p>\n\n\n\n<h3 class=\"wp-block-heading\">3.5 Eine Bestellung \u00e4ndern<\/h3>\n\n\n\n<p>Die Verfolgung der get\u00e4tigten Bestellungen ist \u00fcber das Men\u00fc \u00abAnmelden\u00bb zug\u00e4nglich.<br>Um eine Bestellung zu \u00e4ndern, m\u00fcssen Sie die Bestellung stornieren, sie wieder in den Warenkorb legen und sie dann wie gew\u00fcnscht korrigieren, bevor Sie sie best\u00e4tigen.<br>Das \u00c4ndern oder Stornieren einer Bestellung ist nur m\u00f6glich, wenn ihr Status \u00abGespeichert\u00bb ist.<br>Eine Bestellung, die im Status \u00abIn Vorbereitung\u00bb oder \u00abVersendet\u00bb aufgegeben wurde, kann nicht mehr ge\u00e4ndert werden.<\/p>\n\n\n\n<h2 class=\"wp-block-heading\">Artikel 4 - Zahlung<\/h2>\n\n\n\n<p>Die Tatsache, dass Sie Ihre Bestellung best\u00e4tigen, bedeutet f\u00fcr Sie die Verpflichtung, den angegebenen Preis zu bezahlen. Die Zahlung Ihrer Eink\u00e4ufe erfolgt per Kreditkarte \u00fcber ein sicheres System. Die Belastung der Kreditkarte erfolgt erst zum Zeitpunkt des Versands der Bestellung. Im Falle von Teillieferungen werden nur die versandten Produkte belastet.<\/p>\n\n\n\n<h2 class=\"wp-block-heading\">Artikel 5 - R\u00dcCKGABE - ERSTATTUNG UND WIDERRUFSRECHT<\/h2>\n\n\n\n<h3 class=\"wp-block-heading\">Bedingungen f\u00fcr den Widerruf<\/h3>\n\n\n\n<p>Der Kunde hat ein R\u00fcckgaberecht von vierzehn (14) Tagen ab Erhalt der Gesamtheit seiner Bestellung, um ohne notwendigerweise einen Grund anzugeben, den Vertrag zu widerrufen.<br>Um das Widerrufsrecht auszu\u00fcben, muss der Kunde seinen Entschluss, seine Bestellung zu widerrufen, durch eine eindeutige Erkl\u00e4rung unter Angabe seines Vor- und Nachnamens, seiner E-Mail-Adresse, seiner Anschrift, seiner Bestellnummer und seines Bestelldatums mitteilen:<\/p>\n\n\n\n<ul class=\"wp-block-list\">\n<li>per E-Mail: contact@contact@parfumerie-arabe.com<\/li>\n<\/ul>\n\n\n\n<h3 class=\"wp-block-heading\">R\u00fcckerstattung<\/h3>\n\n\n\n<p>Wenn der Kunde den Vertrag widerruft, hat https:\/\/www.parfumerie-arabe.com\/ alle Zahlungen, die er vom Kunden erhalten hat, unverz\u00fcglich und in jedem Fall sp\u00e4testens binnen vierzehn (14) Tagen ab dem Tag zur\u00fcckzuzahlen, an dem https:\/\/www.parfumerie-arabe.com\/ \u00fcber den Widerruf des Kunden unterrichtet wurde.<br>Wenn der Kunde seine gesamte Bestellung widerruft, wird https:\/\/www.parfumerie-arabe.com\/ alle Zahlungen, die der Kunde f\u00fcr diese Bestellung erhalten hat, zur\u00fcckerstatten.<br>Falls der Kunde einen Teil der Produkte der Bestellung widerruft, wird https:\/\/www.parfumerie-arabe.com\/ den Betrag f\u00fcr die zur\u00fcckgesandten Produkte erstatten.<br>Die R\u00fcckerstattung erfolgt mit demselben Zahlungsmittel, das der Kunde f\u00fcr seine Bestellung verwendet hat, oder per Bank\u00fcberweisung.<br>https:\/\/www.parfumerie-arabe.com\/ kann diese R\u00fcckerstattung bis zum Erhalt und der \u00dcberpr\u00fcfung der Produkte aufschieben.<\/p>\n\n\n\n<h3 class=\"wp-block-heading\">R\u00fcckgabe von Produkten<\/h3>\n\n\n\n<p>Der Kunde muss die Produkte sp\u00e4testens vierzehn (14) Tage, nachdem er seine Entscheidung \u00fcber den Widerruf mitgeteilt hat, zur\u00fccksenden.<br>Die zur\u00fcckgesandten Produkte m\u00fcssen unge\u00f6ffnet, vollst\u00e4ndig und unbesch\u00e4digt sein.<br>Die R\u00fccksendung der Pakete muss an die folgende Adresse erfolgen:<br>&nbsp;&nbsp;<br><br>Der Kunde tr\u00e4gt die Kosten f\u00fcr die R\u00fccksendung der vollst\u00e4ndigen Bestellung oder der Produkte.<\/p>\n\n\n\n<h2 class=\"wp-block-heading\">Artikel 6 - Lieferung<\/h2>\n\n\n\n<p>Die Produkte werden innerhalb der auf der Seite zur Best\u00e4tigung der Bestellung angegebenen Frist an die im Laufe des Bestellvorgangs angegebene Lieferadresse geliefert. Im Falle einer Verz\u00f6gerung des Versands erhalten Sie eine E-Mail, die Sie \u00fcber eine m\u00f6gliche Auswirkung auf die Ihnen angegebene Lieferfrist informiert. Gem\u00e4\u00df den gesetzlichen Bestimmungen haben Sie im Falle einer versp\u00e4teten Lieferung die M\u00f6glichkeit, die Bestellung unter den in Artikel L 138-2 des Verbraucherschutzgesetzes festgelegten Bedingungen und Modalit\u00e4ten zu stornieren. Wenn Sie das Produkt in der Zwischenzeit erhalten haben, erstatten wir Ihnen den Kaufpreis und die Versandkosten gem\u00e4\u00df Artikel L 138-3 des Verbraucherschutzgesetzes. Im Falle von Lieferungen durch einen Spediteur wird das Unternehmen&nbsp;<strong>Manager<\/strong>&nbsp;kann nicht f\u00fcr Lieferverz\u00f6gerungen haftbar gemacht werden, die ausschlie\u00dflich darauf zur\u00fcckzuf\u00fchren sind, dass der Kunde nach mehreren Terminvorschl\u00e4gen nicht verf\u00fcgbar ist.<\/p>\n\n\n\n<h2 class=\"wp-block-heading\">Artikel 7 - Garantie<\/h2>\n\n\n\n<p>Alle unsere Produkte unterliegen der gesetzlichen Konformit\u00e4tsgarantie und der Garantie f\u00fcr versteckte M\u00e4ngel, die in den Artikeln 1641 ff. des Zivilgesetzbuches vorgesehen sind. Im Falle der Nichtkonformit\u00e4t eines verkauften Produkts kann es zur\u00fcckgegeben, umgetauscht oder erstattet werden. Alle Reklamationen, Umtausch- oder R\u00fcckerstattungsantr\u00e4ge m\u00fcssen innerhalb von 30 Tagen nach der Lieferung erfolgen. Die Produkte m\u00fcssen in dem Zustand, in dem Sie sie erhalten haben, mit allen Bestandteilen (Zubeh\u00f6r, Verpackung, Bedienungsanleitung...) an uns zur\u00fcckgeschickt werden. Die Versandkosten werden Ihnen auf der Grundlage des berechneten Tarifs erstattet und die R\u00fccksendekosten werden Ihnen gegen Vorlage der entsprechenden Belege erstattet. Die Bestimmungen dieses Artikels hindern Sie nicht daran, das in Artikel 6 vorgesehene Widerrufsrecht in Anspruch zu nehmen.<\/p>\n\n\n\n<h2 class=\"wp-block-heading\">Artikel 8 - Verantwortlichkeit<\/h2>\n\n\n\n<p>Die angebotenen Produkte entsprechen der geltenden franz\u00f6sischen Gesetzgebung. Die Haftung des Unternehmens&nbsp;<strong>Manager<\/strong>&nbsp;kann nicht haftbar gemacht werden, wenn die Gesetze des Landes, in das das Produkt geliefert wird, nicht eingehalten werden. Es obliegt Ihnen, bei den \u00f6rtlichen Beh\u00f6rden die Einfuhr- oder Nutzungsm\u00f6glichkeiten der Produkte oder Dienstleistungen, die Sie zu bestellen beabsichtigen, zu \u00fcberpr\u00fcfen. Im \u00dcbrigen&nbsp;<strong>Manager<\/strong>&nbsp;kann nicht f\u00fcr Sch\u00e4den haftbar gemacht werden, die aus einer unsachgem\u00e4\u00dfen Verwendung des gekauften Produkts resultieren. Schlie\u00dflich ist die Haftung der&nbsp;<strong>Manager<\/strong>&nbsp;kann nicht f\u00fcr alle Nachteile oder Sch\u00e4den haftbar gemacht werden, die mit der Nutzung des Internets einhergehen, insbesondere eine Unterbrechung des Dienstes, ein Eindringen von au\u00dfen oder das Vorhandensein von Computerviren.<\/p>\n\n\n\n<h2 class=\"wp-block-heading\">Artikel 9 - Anwendbares Recht bei Streitigkeiten<\/h2>\n\n\n\n<p>Die Sprache dieses Vertrags ist die franz\u00f6sische Sprache. Die vorliegenden Verkaufsbedingungen unterliegen dem franz\u00f6sischen Recht. Im Falle eines Rechtsstreits sind ausschlie\u00dflich die franz\u00f6sischen Gerichte zust\u00e4ndig.<\/p>\n\n\n\n<h2 class=\"wp-block-heading\">Artikel 10 - Geistiges Eigentum<\/h2>\n\n\n\n<p>Alle Elemente der Website https:\/\/www.parfumerie-arabe.com\/ sind und bleiben das alleinige geistige Eigentum der Firma&nbsp;<strong>Manager<\/strong>. Es ist niemandem gestattet, Elemente der Website, seien es Software, visuelle oder akustische Elemente, zu reproduzieren, zu verwerten, weiterzuverbreiten oder in irgendeiner Form zu verwenden, auch nicht teilweise. Jede einfache oder Hypertext-Verkn\u00fcpfung ist ohne die ausdr\u00fcckliche schriftliche Zustimmung des Unternehmens strengstens untersagt.&nbsp;<strong>Manager<\/strong>. Artikel 13 - Pers\u00f6nliche Daten Das Unternehmen&nbsp;<strong>Manager<\/strong>&nbsp;beh\u00e4lt sich das Recht vor, namentliche Informationen und pers\u00f6nliche Daten \u00fcber Sie zu sammeln. Sie sind f\u00fcr die Bearbeitung Ihrer Bestellung sowie f\u00fcr die Verbesserung der Dienstleistungen und Informationen, die wir Ihnen zusenden, notwendig. Sie k\u00f6nnen auch an Unternehmen weitergegeben werden, die zu diesen Beziehungen beitragen, wie z. B. Unternehmen, die mit der Ausf\u00fchrung von Dienstleistungen und Bestellungen beauftragt sind, um diese zu verwalten, auszuf\u00fchren, zu bearbeiten und zu bezahlen. Diese Informationen und Daten werden auch zu Sicherheitszwecken aufbewahrt, um die gesetzlichen und beh\u00f6rdlichen Verpflichtungen zu erf\u00fcllen. Gem\u00e4\u00df dem Gesetz vom 6. Januar 1978 haben Sie ein Recht auf Zugang, Berichtigung und Widerspruch zu den Sie betreffenden namentlichen Informationen und pers\u00f6nlichen Daten direkt auf der Internetseite.<\/p>\n\n\n\n<h2 class=\"wp-block-heading\">Artikel 11 - Archivierung Beweismittel<\/h2>\n\n\n\n<p>Die Gesellschaft&nbsp;<strong>Manager<\/strong>&nbsp;archiviert die Bestellscheine und Rechnungen auf einem zuverl\u00e4ssigen und dauerhaften Datentr\u00e4ger, der eine getreue Kopie gem\u00e4\u00df den Bestimmungen von Artikel 1348 des Zivilgesetzbuches darstellt. Die computergest\u00fctzten Aufzeichnungen des Unternehmens&nbsp;<strong>Manager<\/strong>&nbsp;werden von allen beteiligten Parteien als Beweis f\u00fcr Mitteilungen, Bestellungen, Zahlungen und Transaktionen angesehen<\/p>","protected":false},"excerpt":{"rendered":"<p>Conditions g\u00e9n\u00e9rales de vente des produits vendus sur https:\/\/www.parfumerie-arabe.com\/ Date de derni\u00e8re mise \u00e0 jour Article 1 \u2013 Objet Les pr\u00e9sentes conditions r\u00e9gissent les ventes par la soci\u00e9t\u00e9 L.P.S est une S.A.S.U au capital de 100\u20ac inscrite au RCS de Nanterre sous le num\u00e9ro 895 377 331. Si\u00e8ge social : 38 RUE DE LA BONGARDE, [&#8230;]\n","protected":false},"author":1,"featured_media":0,"parent":0,"menu_order":0,"comment_status":"closed","ping_status":"closed","template":"","meta":{"footnotes":""},"class_list":["post-524","page","type-page","status-publish","hentry"],"yoast_head":"<!-- This site is optimized with the Yoast SEO plugin v27.4 - https:\/\/yoast.com\/product\/yoast-seo-wordpress\/ -->\n<title>Conditions g\u00e9n\u00e9rales de vente - Parfumerie Arabe<\/title>\n<meta name=\"robots\" content=\"index, follow, max-snippet:-1, max-image-preview:large, max-video-preview:-1\" \/>\n<link rel=\"canonical\" href=\"https:\/\/www.parfumerie-arabe.com\/de\/cgv\/\" \/>\n<meta property=\"og:locale\" content=\"de_DE\" \/>\n<meta property=\"og:type\" content=\"article\" \/>\n<meta property=\"og:title\" content=\"Conditions g\u00e9n\u00e9rales de vente - Parfumerie Arabe\" \/>\n<meta property=\"og:description\" content=\"Conditions g\u00e9n\u00e9rales de vente des produits vendus sur https:\/\/www.parfumerie-arabe.com\/ Date de derni\u00e8re mise \u00e0 jour Article 1 \u2013 Objet Les pr\u00e9sentes conditions r\u00e9gissent les ventes par la soci\u00e9t\u00e9 L.P.S est une S.A.S.U au capital de 100\u20ac inscrite au RCS de Nanterre sous le num\u00e9ro 895 377 331. Si\u00e8ge social : 38 RUE DE LA BONGARDE, [...]\" \/>\n<meta property=\"og:url\" content=\"https:\/\/www.parfumerie-arabe.com\/de\/cgv\/\" \/>\n<meta property=\"og:site_name\" content=\"Parfumerie Arabe\" \/>\n<meta property=\"article:modified_time\" content=\"2025-11-10T19:22:38+00:00\" \/>\n<meta name=\"twitter:card\" content=\"summary_large_image\" \/>\n<meta name=\"twitter:label1\" content=\"Gesch\u00e4tzte Lesezeit\" \/>\n\t<meta name=\"twitter:data1\" content=\"10\u00a0Minuten\" \/>\n<script type=\"application\/ld+json\" class=\"yoast-schema-graph\">{\"@context\":\"https:\\\/\\\/schema.org\",\"@graph\":[{\"@type\":\"WebPage\",\"@id\":\"https:\\\/\\\/www.parfumerie-arabe.com\\\/cgv\\\/\",\"url\":\"https:\\\/\\\/www.parfumerie-arabe.com\\\/cgv\\\/\",\"name\":\"Conditions g\u00e9n\u00e9rales de vente - Parfumerie Arabe\",\"isPartOf\":{\"@id\":\"https:\\\/\\\/www.parfumerie-arabe.com\\\/#website\"},\"datePublished\":\"2022-08-20T18:59:43+00:00\",\"dateModified\":\"2025-11-10T19:22:38+00:00\",\"breadcrumb\":{\"@id\":\"https:\\\/\\\/www.parfumerie-arabe.com\\\/cgv\\\/#breadcrumb\"},\"inLanguage\":\"de\",\"potentialAction\":[{\"@type\":\"ReadAction\",\"target\":[\"https:\\\/\\\/www.parfumerie-arabe.com\\\/cgv\\\/\"]}]},{\"@type\":\"BreadcrumbList\",\"@id\":\"https:\\\/\\\/www.parfumerie-arabe.com\\\/cgv\\\/#breadcrumb\",\"itemListElement\":[{\"@type\":\"ListItem\",\"position\":1,\"name\":\"Accueil\",\"item\":\"https:\\\/\\\/www.parfumerie-arabe.com\\\/\"},{\"@type\":\"ListItem\",\"position\":2,\"name\":\"Conditions g\u00e9n\u00e9rales de vente\"}]},{\"@type\":\"WebSite\",\"@id\":\"https:\\\/\\\/www.parfumerie-arabe.com\\\/#website\",\"url\":\"https:\\\/\\\/www.parfumerie-arabe.com\\\/\",\"name\":\"Parfumerie Arabe\",\"description\":\"\",\"publisher\":{\"@id\":\"https:\\\/\\\/www.parfumerie-arabe.com\\\/#organization\"},\"potentialAction\":[{\"@type\":\"SearchAction\",\"target\":{\"@type\":\"EntryPoint\",\"urlTemplate\":\"https:\\\/\\\/www.parfumerie-arabe.com\\\/?s={search_term_string}\"},\"query-input\":{\"@type\":\"PropertyValueSpecification\",\"valueRequired\":true,\"valueName\":\"search_term_string\"}}],\"inLanguage\":\"de\"},{\"@type\":\"Organization\",\"@id\":\"https:\\\/\\\/www.parfumerie-arabe.com\\\/#organization\",\"name\":\"Parfumerie arabe\",\"url\":\"https:\\\/\\\/www.parfumerie-arabe.com\\\/\",\"logo\":{\"@type\":\"ImageObject\",\"inLanguage\":\"de\",\"@id\":\"https:\\\/\\\/www.parfumerie-arabe.com\\\/#\\\/schema\\\/logo\\\/image\\\/\",\"url\":\"https:\\\/\\\/www.parfumerie-arabe.com\\\/wp-content\\\/uploads\\\/2022\\\/08\\\/logo-parfumerie-arabe.png\",\"contentUrl\":\"https:\\\/\\\/www.parfumerie-arabe.com\\\/wp-content\\\/uploads\\\/2022\\\/08\\\/logo-parfumerie-arabe.png\",\"width\":600,\"height\":171,\"caption\":\"Parfumerie arabe\"},\"image\":{\"@id\":\"https:\\\/\\\/www.parfumerie-arabe.com\\\/#\\\/schema\\\/logo\\\/image\\\/\"}}]}<\/script>\n<!-- \/ Yoast SEO plugin. -->","yoast_head_json":{"title":"Allgemeine Gesch\u00e4ftsbedingungen - Arabische Parf\u00fcmerie","robots":{"index":"index","follow":"follow","max-snippet":"max-snippet:-1","max-image-preview":"max-image-preview:large","max-video-preview":"max-video-preview:-1"},"canonical":"https:\/\/www.parfumerie-arabe.com\/de\/cgv\/","og_locale":"de_DE","og_type":"article","og_title":"Conditions g\u00e9n\u00e9rales de vente - Parfumerie Arabe","og_description":"Conditions g\u00e9n\u00e9rales de vente des produits vendus sur https:\/\/www.parfumerie-arabe.com\/ Date de derni\u00e8re mise \u00e0 jour Article 1 \u2013 Objet Les pr\u00e9sentes conditions r\u00e9gissent les ventes par la soci\u00e9t\u00e9 L.P.S est une S.A.S.U au capital de 100\u20ac inscrite au RCS de Nanterre sous le num\u00e9ro 895 377 331. Si\u00e8ge social : 38 RUE DE LA BONGARDE, [...]","og_url":"https:\/\/www.parfumerie-arabe.com\/de\/cgv\/","og_site_name":"Parfumerie Arabe","article_modified_time":"2025-11-10T19:22:38+00:00","twitter_card":"summary_large_image","twitter_misc":{"Gesch\u00e4tzte Lesezeit":"10\u00a0Minuten"},"schema":{"@context":"https:\/\/schema.org","@graph":[{"@type":"WebPage","@id":"https:\/\/www.parfumerie-arabe.com\/cgv\/","url":"https:\/\/www.parfumerie-arabe.com\/cgv\/","name":"Allgemeine Gesch\u00e4ftsbedingungen - Arabische Parf\u00fcmerie","isPartOf":{"@id":"https:\/\/www.parfumerie-arabe.com\/#website"},"datePublished":"2022-08-20T18:59:43+00:00","dateModified":"2025-11-10T19:22:38+00:00","breadcrumb":{"@id":"https:\/\/www.parfumerie-arabe.com\/cgv\/#breadcrumb"},"inLanguage":"de","potentialAction":[{"@type":"ReadAction","target":["https:\/\/www.parfumerie-arabe.com\/cgv\/"]}]},{"@type":"BreadcrumbList","@id":"https:\/\/www.parfumerie-arabe.com\/cgv\/#breadcrumb","itemListElement":[{"@type":"ListItem","position":1,"name":"Accueil","item":"https:\/\/www.parfumerie-arabe.com\/"},{"@type":"ListItem","position":2,"name":"Conditions g\u00e9n\u00e9rales de vente"}]},{"@type":"WebSite","@id":"https:\/\/www.parfumerie-arabe.com\/#website","url":"https:\/\/www.parfumerie-arabe.com\/","name":"Arabische Parf\u00fcmerie","description":"","publisher":{"@id":"https:\/\/www.parfumerie-arabe.com\/#organization"},"potentialAction":[{"@type":"SearchAction","target":{"@type":"EntryPoint","urlTemplate":"https:\/\/www.parfumerie-arabe.com\/?s={search_term_string}"},"query-input":{"@type":"PropertyValueSpecification","valueRequired":true,"valueName":"search_term_string"}}],"inLanguage":"de"},{"@type":"Organization","@id":"https:\/\/www.parfumerie-arabe.com\/#organization","name":"Arabische Parf\u00fcmerie","url":"https:\/\/www.parfumerie-arabe.com\/","logo":{"@type":"ImageObject","inLanguage":"de","@id":"https:\/\/www.parfumerie-arabe.com\/#\/schema\/logo\/image\/","url":"https:\/\/www.parfumerie-arabe.com\/wp-content\/uploads\/2022\/08\/logo-parfumerie-arabe.png","contentUrl":"https:\/\/www.parfumerie-arabe.com\/wp-content\/uploads\/2022\/08\/logo-parfumerie-arabe.png","width":600,"height":171,"caption":"Parfumerie arabe"},"image":{"@id":"https:\/\/www.parfumerie-arabe.com\/#\/schema\/logo\/image\/"}}]}},"_links":{"self":[{"href":"https:\/\/www.parfumerie-arabe.com\/de\/wp-json\/wp\/v2\/pages\/524","targetHints":{"allow":["GET"]}}],"collection":[{"href":"https:\/\/www.parfumerie-arabe.com\/de\/wp-json\/wp\/v2\/pages"}],"about":[{"href":"https:\/\/www.parfumerie-arabe.com\/de\/wp-json\/wp\/v2\/types\/page"}],"author":[{"embeddable":true,"href":"https:\/\/www.parfumerie-arabe.com\/de\/wp-json\/wp\/v2\/users\/1"}],"replies":[{"embeddable":true,"href":"https:\/\/www.parfumerie-arabe.com\/de\/wp-json\/wp\/v2\/comments?post=524"}],"version-history":[{"count":3,"href":"https:\/\/www.parfumerie-arabe.com\/de\/wp-json\/wp\/v2\/pages\/524\/revisions"}],"predecessor-version":[{"id":2950,"href":"https:\/\/www.parfumerie-arabe.com\/de\/wp-json\/wp\/v2\/pages\/524\/revisions\/2950"}],"wp:attachment":[{"href":"https:\/\/www.parfumerie-arabe.com\/de\/wp-json\/wp\/v2\/media?parent=524"}],"curies":[{"name":"wp","href":"https:\/\/api.w.org\/{rel}","templated":true}]}}