{"id":1027,"date":"2023-02-20T04:05:50","date_gmt":"2023-02-20T04:05:50","guid":{"rendered":"https:\/\/www.parfumerie-arabe.com\/?post_type=product&#038;p=1027"},"modified":"2025-11-11T07:16:27","modified_gmt":"2025-11-11T07:16:27","slug":"qimmah-for-women-lattafa","status":"publish","type":"product","link":"https:\/\/www.parfumerie-arabe.com\/de\/produit\/qimmah-for-women-lattafa\/","title":{"rendered":"Qimmah for women 100ml - Lattafa"},"content":{"rendered":"<p>Was, wenn der lang ersehnte Moment endlich gekommen ist? Entdecken Sie endlich diese Lataffa-Kreation, die auch Sie verzaubern k\u00f6nnte... Der\u00a0<strong>Qimmah for women Parf\u00fcm<\/strong>\u00a0! Es ist ein fesselnder Duft, der Eleganz und Weiblichkeit verk\u00f6rpert. Mit seinen verf\u00fchrerischen Noten und der raffinierten Komposition wurde dieses Parfum f\u00fcr moderne Frauen entwickelt, die nach einer einzigartigen Duftsignatur suchen.<\/p>\n<h2><strong>Machen Sie endlich die Bekanntschaft mit den Duftnoten des Parfums Qimmah for women!<\/strong><\/h2>\n<p>Denn das Parfum Qimmah for women ist eine harmonische Mischung aus blumigen und fruchtigen Noten. Die Kopfnoten enth\u00fcllen insbesondere einen prickelnden Akkord aus Bergamotte und saftiger Birne, der die Sinne schon beim ersten Aufspr\u00fchen anregt.<\/p>\n<p>Die Herznote enth\u00fcllt ein elegantes Blumenbouquet mit Jasmin- und Rosenakkorden, die dem K\u00f6rper einen Hauch von Luxus verleihen.\u00a0<strong>ein Hauch von Weiblichkeit und Romantik<\/strong>.<\/p>\n<p>Die Basisnoten schlie\u00dflich entfalten sich mit Holz- und Amberakkorden und bieten eine unwiderstehliche Tiefe und Sinnlichkeit.<\/p>\n<h2><strong>Hochwertige Haltbarkeit und Projektion bei diesem Lataffa-Parf\u00fcm\u00a0<\/strong><\/h2>\n<p>Dieser Duft ist in der Tat f\u00fcr seine lange Haltbarkeit und seine m\u00e4\u00dfige Projektion bekannt. Au\u00dferdem bleibt dieser Duft dank seiner hochwertigen Zusammensetzung auf der Haut pr\u00e4sent. Und das den ganzen Tag lang, ohne an Intensit\u00e4t zu verlieren.<\/p>\n<p>Seine\u00a0<strong>subtile Projektion\u00a0<\/strong>erm\u00f6glicht es insbesondere, eine zarte Sillage zu hinterlassen, ohne jemals zu aufdringlich zu sein.<\/p>\n<h3><strong>Qimmah for women Parfum: Verpackung und Design, die sprachlos machen<\/strong><\/h3>\n<p>Das Qimmah-Parfum ganz wie\u00a0<a href=\"https:\/\/www.parfumerie-arabe.com\/de\/produkt\/ekhtiari-100ml-lattafa\/\"><strong>der Ausfluss Ekhtiari<\/strong><\/a>\u00a0zeichnet sich auch durch seine elegante und raffinierte Verpackung aus. Das schlichte und moderne Design macht sie zu einem vollwertigen Dekorationsobjekt, das perfekt auf einem Schminktisch oder in einem Badezimmer Platz findet.<\/p>\n<p>Zusammenfassend l\u00e4sst sich sagen, dass diese Kreation von Lattafa eine wahre Einladung zu einer olfaktorischen Reise ist. Mit seinen Noten, der langen Haltbarkeit und der eleganten Verpackung ist er die perfekte Wahl.<\/p>","protected":false},"excerpt":{"rendered":"<p><strong>Geruchsnoten :<\/strong><\/p>\n<p><strong>Kopfnoten :<\/strong>\u00a0Lavendel, Safran, Sclar\u00e9e<br \/>\n<strong>Herznoten :<\/strong>\u00a0Salbei, Myrrhe<br \/>\n<strong>Basisnoten :\u00a0<\/strong>Amber, Zeder, Oud<\/p>","protected":false},"featured_media":1028,"template":"","meta":[],"product_brand":[],"product_cat":[17,19],"product_tag":[],"class_list":{"0":"post-1027","1":"product","2":"type-product","3":"status-publish","4":"has-post-thumbnail","6":"product_cat-lattafa","7":"product_cat-parfum-oud-femme","9":"first","10":"instock","11":"taxable","12":"shipping-taxable","13":"purchasable","14":"product-type-simple"},"yoast_head":"<!-- This site is optimized with the Yoast SEO plugin v27.4 - https:\/\/yoast.com\/product\/yoast-seo-wordpress\/ -->\n<title>Qimmah for women | Eau de parfum 100ml | Lattafa<\/title>\n<meta name=\"description\" content=\"Et si le moment tant attendu \u00e9tait enfin arriv\u00e9 ? D\u00e9couvrez enfin cette cr\u00e9ation Lataffa qui pourrait bien vous charmer\u2026 Le\u00a0parfum Qimmah for women\u00a0!\" \/>\n<meta name=\"robots\" content=\"index, follow, max-snippet:-1, max-image-preview:large, max-video-preview:-1\" \/>\n<link rel=\"canonical\" href=\"https:\/\/www.parfumerie-arabe.com\/de\/produkt\/qimmah-for-women-lattafa\/\" \/>\n<meta property=\"og:locale\" content=\"de_DE\" \/>\n<meta property=\"og:type\" content=\"article\" \/>\n<meta property=\"og:title\" content=\"Qimmah for women | Eau de parfum 100ml | Lattafa\" \/>\n<meta property=\"og:description\" content=\"Et si le moment tant attendu \u00e9tait enfin arriv\u00e9 ? D\u00e9couvrez enfin cette cr\u00e9ation Lataffa qui pourrait bien vous charmer\u2026 Le\u00a0parfum Qimmah for women\u00a0!\" \/>\n<meta property=\"og:url\" content=\"https:\/\/www.parfumerie-arabe.com\/de\/produkt\/qimmah-for-women-lattafa\/\" \/>\n<meta property=\"og:site_name\" content=\"Parfumerie Arabe\" \/>\n<meta property=\"article:modified_time\" content=\"2025-11-11T07:16:27+00:00\" \/>\n<meta property=\"og:image\" content=\"https:\/\/www.parfumerie-arabe.com\/wp-content\/uploads\/2023\/02\/Qimmah-eau-de-parfum-lattafa-femme.jpg\" \/>\n\t<meta property=\"og:image:width\" content=\"600\" \/>\n\t<meta property=\"og:image:height\" content=\"600\" \/>\n\t<meta property=\"og:image:type\" content=\"image\/jpeg\" \/>\n<meta name=\"twitter:card\" content=\"summary_large_image\" \/>\n<meta name=\"twitter:label1\" content=\"Gesch\u00e4tzte Lesezeit\" \/>\n\t<meta name=\"twitter:data1\" content=\"2\u00a0Minuten\" \/>\n<script type=\"application\/ld+json\" class=\"yoast-schema-graph\">{\"@context\":\"https:\\\/\\\/schema.org\",\"@graph\":[{\"@type\":\"WebPage\",\"@id\":\"https:\\\/\\\/www.parfumerie-arabe.com\\\/produit\\\/qimmah-for-women-lattafa\\\/\",\"url\":\"https:\\\/\\\/www.parfumerie-arabe.com\\\/produit\\\/qimmah-for-women-lattafa\\\/\",\"name\":\"Qimmah for women | Eau de parfum 100ml | Lattafa\",\"isPartOf\":{\"@id\":\"https:\\\/\\\/www.parfumerie-arabe.com\\\/#website\"},\"primaryImageOfPage\":{\"@id\":\"https:\\\/\\\/www.parfumerie-arabe.com\\\/produit\\\/qimmah-for-women-lattafa\\\/#primaryimage\"},\"image\":{\"@id\":\"https:\\\/\\\/www.parfumerie-arabe.com\\\/produit\\\/qimmah-for-women-lattafa\\\/#primaryimage\"},\"thumbnailUrl\":\"https:\\\/\\\/www.parfumerie-arabe.com\\\/wp-content\\\/uploads\\\/2023\\\/02\\\/Qimmah-eau-de-parfum-lattafa-femme.jpg\",\"datePublished\":\"2023-02-20T04:05:50+00:00\",\"dateModified\":\"2025-11-11T07:16:27+00:00\",\"description\":\"Et si le moment tant attendu \u00e9tait enfin arriv\u00e9 ? D\u00e9couvrez enfin cette cr\u00e9ation Lataffa qui pourrait bien vous charmer\u2026 Le\u00a0parfum Qimmah for women\u00a0!\",\"breadcrumb\":{\"@id\":\"https:\\\/\\\/www.parfumerie-arabe.com\\\/produit\\\/qimmah-for-women-lattafa\\\/#breadcrumb\"},\"inLanguage\":\"de\",\"potentialAction\":[{\"@type\":\"ReadAction\",\"target\":[\"https:\\\/\\\/www.parfumerie-arabe.com\\\/produit\\\/qimmah-for-women-lattafa\\\/\"]}]},{\"@type\":\"ImageObject\",\"inLanguage\":\"de\",\"@id\":\"https:\\\/\\\/www.parfumerie-arabe.com\\\/produit\\\/qimmah-for-women-lattafa\\\/#primaryimage\",\"url\":\"https:\\\/\\\/www.parfumerie-arabe.com\\\/wp-content\\\/uploads\\\/2023\\\/02\\\/Qimmah-eau-de-parfum-lattafa-femme.jpg\",\"contentUrl\":\"https:\\\/\\\/www.parfumerie-arabe.com\\\/wp-content\\\/uploads\\\/2023\\\/02\\\/Qimmah-eau-de-parfum-lattafa-femme.jpg\",\"width\":600,\"height\":600,\"caption\":\"Qimmah for women 100ml \u2013 Lattafa\"},{\"@type\":\"BreadcrumbList\",\"@id\":\"https:\\\/\\\/www.parfumerie-arabe.com\\\/produit\\\/qimmah-for-women-lattafa\\\/#breadcrumb\",\"itemListElement\":[{\"@type\":\"ListItem\",\"position\":1,\"name\":\"Accueil\",\"item\":\"https:\\\/\\\/www.parfumerie-arabe.com\\\/\"},{\"@type\":\"ListItem\",\"position\":2,\"name\":\"Boutique\",\"item\":\"https:\\\/\\\/www.parfumerie-arabe.com\\\/boutique\\\/\"},{\"@type\":\"ListItem\",\"position\":3,\"name\":\"Qimmah for women 100ml \u2013 Lattafa\"}]},{\"@type\":\"WebSite\",\"@id\":\"https:\\\/\\\/www.parfumerie-arabe.com\\\/#website\",\"url\":\"https:\\\/\\\/www.parfumerie-arabe.com\\\/\",\"name\":\"Parfumerie Arabe\",\"description\":\"\",\"publisher\":{\"@id\":\"https:\\\/\\\/www.parfumerie-arabe.com\\\/#organization\"},\"potentialAction\":[{\"@type\":\"SearchAction\",\"target\":{\"@type\":\"EntryPoint\",\"urlTemplate\":\"https:\\\/\\\/www.parfumerie-arabe.com\\\/?s={search_term_string}\"},\"query-input\":{\"@type\":\"PropertyValueSpecification\",\"valueRequired\":true,\"valueName\":\"search_term_string\"}}],\"inLanguage\":\"de\"},{\"@type\":\"Organization\",\"@id\":\"https:\\\/\\\/www.parfumerie-arabe.com\\\/#organization\",\"name\":\"Parfumerie arabe\",\"url\":\"https:\\\/\\\/www.parfumerie-arabe.com\\\/\",\"logo\":{\"@type\":\"ImageObject\",\"inLanguage\":\"de\",\"@id\":\"https:\\\/\\\/www.parfumerie-arabe.com\\\/#\\\/schema\\\/logo\\\/image\\\/\",\"url\":\"https:\\\/\\\/www.parfumerie-arabe.com\\\/wp-content\\\/uploads\\\/2022\\\/08\\\/logo-parfumerie-arabe.png\",\"contentUrl\":\"https:\\\/\\\/www.parfumerie-arabe.com\\\/wp-content\\\/uploads\\\/2022\\\/08\\\/logo-parfumerie-arabe.png\",\"width\":600,\"height\":171,\"caption\":\"Parfumerie arabe\"},\"image\":{\"@id\":\"https:\\\/\\\/www.parfumerie-arabe.com\\\/#\\\/schema\\\/logo\\\/image\\\/\"}}]}<\/script>\n<!-- \/ Yoast SEO plugin. -->","yoast_head_json":{"title":"Qimmah for women | Eau de Parfum 100ml | Lattafa","description":"Was, wenn der lang ersehnte Moment endlich gekommen ist? Entdecken Sie endlich diese Lataffa-Kreation, die auch Sie verzaubern k\u00f6nnte... Das Parfum Qimmah for women!","robots":{"index":"index","follow":"follow","max-snippet":"max-snippet:-1","max-image-preview":"max-image-preview:large","max-video-preview":"max-video-preview:-1"},"canonical":"https:\/\/www.parfumerie-arabe.com\/de\/produkt\/qimmah-for-women-lattafa\/","og_locale":"de_DE","og_type":"article","og_title":"Qimmah for women | Eau de parfum 100ml | Lattafa","og_description":"Et si le moment tant attendu \u00e9tait enfin arriv\u00e9 ? D\u00e9couvrez enfin cette cr\u00e9ation Lataffa qui pourrait bien vous charmer\u2026 Le\u00a0parfum Qimmah for women\u00a0!","og_url":"https:\/\/www.parfumerie-arabe.com\/de\/produkt\/qimmah-for-women-lattafa\/","og_site_name":"Parfumerie Arabe","article_modified_time":"2025-11-11T07:16:27+00:00","og_image":[{"width":600,"height":600,"url":"https:\/\/www.parfumerie-arabe.com\/wp-content\/uploads\/2023\/02\/Qimmah-eau-de-parfum-lattafa-femme.jpg","type":"image\/jpeg"}],"twitter_card":"summary_large_image","twitter_misc":{"Gesch\u00e4tzte Lesezeit":"2\u00a0Minuten"},"schema":{"@context":"https:\/\/schema.org","@graph":[{"@type":"WebPage","@id":"https:\/\/www.parfumerie-arabe.com\/produit\/qimmah-for-women-lattafa\/","url":"https:\/\/www.parfumerie-arabe.com\/produit\/qimmah-for-women-lattafa\/","name":"Qimmah for women | Eau de Parfum 100ml | Lattafa","isPartOf":{"@id":"https:\/\/www.parfumerie-arabe.com\/#website"},"primaryImageOfPage":{"@id":"https:\/\/www.parfumerie-arabe.com\/produit\/qimmah-for-women-lattafa\/#primaryimage"},"image":{"@id":"https:\/\/www.parfumerie-arabe.com\/produit\/qimmah-for-women-lattafa\/#primaryimage"},"thumbnailUrl":"https:\/\/www.parfumerie-arabe.com\/wp-content\/uploads\/2023\/02\/Qimmah-eau-de-parfum-lattafa-femme.jpg","datePublished":"2023-02-20T04:05:50+00:00","dateModified":"2025-11-11T07:16:27+00:00","description":"Was, wenn der lang ersehnte Moment endlich gekommen ist? Entdecken Sie endlich diese Lataffa-Kreation, die auch Sie verzaubern k\u00f6nnte... Das Parfum Qimmah for women!","breadcrumb":{"@id":"https:\/\/www.parfumerie-arabe.com\/produit\/qimmah-for-women-lattafa\/#breadcrumb"},"inLanguage":"de","potentialAction":[{"@type":"ReadAction","target":["https:\/\/www.parfumerie-arabe.com\/produit\/qimmah-for-women-lattafa\/"]}]},{"@type":"ImageObject","inLanguage":"de","@id":"https:\/\/www.parfumerie-arabe.com\/produit\/qimmah-for-women-lattafa\/#primaryimage","url":"https:\/\/www.parfumerie-arabe.com\/wp-content\/uploads\/2023\/02\/Qimmah-eau-de-parfum-lattafa-femme.jpg","contentUrl":"https:\/\/www.parfumerie-arabe.com\/wp-content\/uploads\/2023\/02\/Qimmah-eau-de-parfum-lattafa-femme.jpg","width":600,"height":600,"caption":"Qimmah for women 100ml \u2013 Lattafa"},{"@type":"BreadcrumbList","@id":"https:\/\/www.parfumerie-arabe.com\/produit\/qimmah-for-women-lattafa\/#breadcrumb","itemListElement":[{"@type":"ListItem","position":1,"name":"Accueil","item":"https:\/\/www.parfumerie-arabe.com\/"},{"@type":"ListItem","position":2,"name":"Boutique","item":"https:\/\/www.parfumerie-arabe.com\/boutique\/"},{"@type":"ListItem","position":3,"name":"Qimmah for women 100ml \u2013 Lattafa"}]},{"@type":"WebSite","@id":"https:\/\/www.parfumerie-arabe.com\/#website","url":"https:\/\/www.parfumerie-arabe.com\/","name":"Arabische Parf\u00fcmerie","description":"","publisher":{"@id":"https:\/\/www.parfumerie-arabe.com\/#organization"},"potentialAction":[{"@type":"SearchAction","target":{"@type":"EntryPoint","urlTemplate":"https:\/\/www.parfumerie-arabe.com\/?s={search_term_string}"},"query-input":{"@type":"PropertyValueSpecification","valueRequired":true,"valueName":"search_term_string"}}],"inLanguage":"de"},{"@type":"Organization","@id":"https:\/\/www.parfumerie-arabe.com\/#organization","name":"Arabische Parf\u00fcmerie","url":"https:\/\/www.parfumerie-arabe.com\/","logo":{"@type":"ImageObject","inLanguage":"de","@id":"https:\/\/www.parfumerie-arabe.com\/#\/schema\/logo\/image\/","url":"https:\/\/www.parfumerie-arabe.com\/wp-content\/uploads\/2022\/08\/logo-parfumerie-arabe.png","contentUrl":"https:\/\/www.parfumerie-arabe.com\/wp-content\/uploads\/2022\/08\/logo-parfumerie-arabe.png","width":600,"height":171,"caption":"Parfumerie arabe"},"image":{"@id":"https:\/\/www.parfumerie-arabe.com\/#\/schema\/logo\/image\/"}}]}},"_links":{"self":[{"href":"https:\/\/www.parfumerie-arabe.com\/de\/wp-json\/wp\/v2\/product\/1027","targetHints":{"allow":["GET"]}}],"collection":[{"href":"https:\/\/www.parfumerie-arabe.com\/de\/wp-json\/wp\/v2\/product"}],"about":[{"href":"https:\/\/www.parfumerie-arabe.com\/de\/wp-json\/wp\/v2\/types\/product"}],"wp:featuredmedia":[{"embeddable":true,"href":"https:\/\/www.parfumerie-arabe.com\/de\/wp-json\/wp\/v2\/media\/1028"}],"wp:attachment":[{"href":"https:\/\/www.parfumerie-arabe.com\/de\/wp-json\/wp\/v2\/media?parent=1027"}],"wp:term":[{"taxonomy":"product_brand","embeddable":true,"href":"https:\/\/www.parfumerie-arabe.com\/de\/wp-json\/wp\/v2\/product_brand?post=1027"},{"taxonomy":"product_cat","embeddable":true,"href":"https:\/\/www.parfumerie-arabe.com\/de\/wp-json\/wp\/v2\/product_cat?post=1027"},{"taxonomy":"product_tag","embeddable":true,"href":"https:\/\/www.parfumerie-arabe.com\/de\/wp-json\/wp\/v2\/product_tag?post=1027"}],"curies":[{"name":"wp","href":"https:\/\/api.w.org\/{rel}","templated":true}]}}