{"id":1269,"date":"2023-02-20T12:29:59","date_gmt":"2023-02-20T12:29:59","guid":{"rendered":"https:\/\/www.parfumerie-arabe.com\/?post_type=product&#038;p=1269"},"modified":"2026-04-03T07:41:39","modified_gmt":"2026-04-03T07:41:39","slug":"hausparfum-moschus-rosa-350ml-el-nabil","status":"publish","type":"product","link":"https:\/\/www.parfumerie-arabe.com\/de\/produit\/parfum-maison-musc-rose-350ml-el-nabil\/","title":{"rendered":"Hausparfum Musc Rose 350ml - El Nabil"},"content":{"rendered":"","protected":false},"excerpt":{"rendered":"<p><strong>Geruchsnoten :<\/strong><\/p>\n<p>Dank der Zartheit von Jasmin in Verbindung mit Maigl\u00f6ckchen schenkt der Room Freshener Musc Rose Ihrem Zuhause einen wahren Blumencocktail und weckt gleichzeitig mit seinen Noten von Vanille und Tonkabohne Ihre Gaumenfreuden. Garantierte olfaktorische Liebe auf den ersten Blick!<\/p>","protected":false},"featured_media":1295,"template":"","meta":[],"product_brand":[],"product_cat":[37,82,93],"product_tag":[],"class_list":{"0":"post-1269","1":"product","2":"type-product","3":"status-publish","4":"has-post-thumbnail","6":"product_cat-el-nabil","7":"product_cat-parfums-dinterieur","8":"product_cat-room-freshener-el-nabil","10":"first","11":"instock","12":"taxable","13":"shipping-taxable","14":"purchasable","15":"product-type-simple"},"yoast_head":"<!-- This site is optimized with the Yoast SEO plugin v27.4 - https:\/\/yoast.com\/product\/yoast-seo-wordpress\/ -->\n<title>Parfum maison Musc Rose 350ml - El Nabil - Parfumerie Arabe<\/title>\n<meta name=\"robots\" content=\"index, follow, max-snippet:-1, max-image-preview:large, max-video-preview:-1\" \/>\n<link rel=\"canonical\" href=\"https:\/\/www.parfumerie-arabe.com\/de\/produkt\/hausparfum-moschus-rosa-350ml-el-nabil\/\" \/>\n<meta property=\"og:locale\" content=\"de_DE\" \/>\n<meta property=\"og:type\" content=\"article\" \/>\n<meta property=\"og:title\" content=\"Parfum maison Musc Rose 350ml - El Nabil - Parfumerie Arabe\" \/>\n<meta property=\"og:description\" content=\"Notes olfactives :  Gr\u00e2ce la d\u00e9licatesse du jasmin associ\u00e9e \u00e0 celle du muguet, le Room Freshener Musc Rose offre \u00e0 votre int\u00e9rieur un v\u00e9ritable cocktail fleuri tout en r\u00e9veillant votre gourmandise avec ses notes de vanille et de f\u00e8ve tonka. Coup de foudre olfactif garanti\u00a0!\" \/>\n<meta property=\"og:url\" content=\"https:\/\/www.parfumerie-arabe.com\/de\/produkt\/hausparfum-moschus-rosa-350ml-el-nabil\/\" \/>\n<meta property=\"og:site_name\" content=\"Parfumerie Arabe\" \/>\n<meta property=\"article:modified_time\" content=\"2026-04-03T07:41:39+00:00\" \/>\n<meta property=\"og:image\" content=\"https:\/\/www.parfumerie-arabe.com\/wp-content\/uploads\/2023\/02\/room-freshener-musc-rose.jpg\" \/>\n\t<meta property=\"og:image:width\" content=\"600\" \/>\n\t<meta property=\"og:image:height\" content=\"600\" \/>\n\t<meta property=\"og:image:type\" content=\"image\/jpeg\" \/>\n<meta name=\"twitter:card\" content=\"summary_large_image\" \/>\n<script type=\"application\/ld+json\" class=\"yoast-schema-graph\">{\"@context\":\"https:\\\/\\\/schema.org\",\"@graph\":[{\"@type\":\"WebPage\",\"@id\":\"https:\\\/\\\/www.parfumerie-arabe.com\\\/produit\\\/parfum-maison-musc-rose-350ml-el-nabil\\\/\",\"url\":\"https:\\\/\\\/www.parfumerie-arabe.com\\\/produit\\\/parfum-maison-musc-rose-350ml-el-nabil\\\/\",\"name\":\"Parfum maison Musc Rose 350ml - El Nabil - Parfumerie Arabe\",\"isPartOf\":{\"@id\":\"https:\\\/\\\/www.parfumerie-arabe.com\\\/#website\"},\"primaryImageOfPage\":{\"@id\":\"https:\\\/\\\/www.parfumerie-arabe.com\\\/produit\\\/parfum-maison-musc-rose-350ml-el-nabil\\\/#primaryimage\"},\"image\":{\"@id\":\"https:\\\/\\\/www.parfumerie-arabe.com\\\/produit\\\/parfum-maison-musc-rose-350ml-el-nabil\\\/#primaryimage\"},\"thumbnailUrl\":\"https:\\\/\\\/www.parfumerie-arabe.com\\\/wp-content\\\/uploads\\\/2023\\\/02\\\/room-freshener-musc-rose.jpg\",\"datePublished\":\"2023-02-20T12:29:59+00:00\",\"dateModified\":\"2026-04-03T07:41:39+00:00\",\"breadcrumb\":{\"@id\":\"https:\\\/\\\/www.parfumerie-arabe.com\\\/produit\\\/parfum-maison-musc-rose-350ml-el-nabil\\\/#breadcrumb\"},\"inLanguage\":\"de\",\"potentialAction\":[{\"@type\":\"ReadAction\",\"target\":[\"https:\\\/\\\/www.parfumerie-arabe.com\\\/produit\\\/parfum-maison-musc-rose-350ml-el-nabil\\\/\"]}]},{\"@type\":\"ImageObject\",\"inLanguage\":\"de\",\"@id\":\"https:\\\/\\\/www.parfumerie-arabe.com\\\/produit\\\/parfum-maison-musc-rose-350ml-el-nabil\\\/#primaryimage\",\"url\":\"https:\\\/\\\/www.parfumerie-arabe.com\\\/wp-content\\\/uploads\\\/2023\\\/02\\\/room-freshener-musc-rose.jpg\",\"contentUrl\":\"https:\\\/\\\/www.parfumerie-arabe.com\\\/wp-content\\\/uploads\\\/2023\\\/02\\\/room-freshener-musc-rose.jpg\",\"width\":600,\"height\":600},{\"@type\":\"BreadcrumbList\",\"@id\":\"https:\\\/\\\/www.parfumerie-arabe.com\\\/produit\\\/parfum-maison-musc-rose-350ml-el-nabil\\\/#breadcrumb\",\"itemListElement\":[{\"@type\":\"ListItem\",\"position\":1,\"name\":\"Accueil\",\"item\":\"https:\\\/\\\/www.parfumerie-arabe.com\\\/\"},{\"@type\":\"ListItem\",\"position\":2,\"name\":\"Boutique\",\"item\":\"https:\\\/\\\/www.parfumerie-arabe.com\\\/boutique\\\/\"},{\"@type\":\"ListItem\",\"position\":3,\"name\":\"Parfum maison Musc Rose 350ml &#8211; El Nabil\"}]},{\"@type\":\"WebSite\",\"@id\":\"https:\\\/\\\/www.parfumerie-arabe.com\\\/#website\",\"url\":\"https:\\\/\\\/www.parfumerie-arabe.com\\\/\",\"name\":\"Parfumerie Arabe\",\"description\":\"\",\"publisher\":{\"@id\":\"https:\\\/\\\/www.parfumerie-arabe.com\\\/#organization\"},\"potentialAction\":[{\"@type\":\"SearchAction\",\"target\":{\"@type\":\"EntryPoint\",\"urlTemplate\":\"https:\\\/\\\/www.parfumerie-arabe.com\\\/?s={search_term_string}\"},\"query-input\":{\"@type\":\"PropertyValueSpecification\",\"valueRequired\":true,\"valueName\":\"search_term_string\"}}],\"inLanguage\":\"de\"},{\"@type\":\"Organization\",\"@id\":\"https:\\\/\\\/www.parfumerie-arabe.com\\\/#organization\",\"name\":\"Parfumerie arabe\",\"url\":\"https:\\\/\\\/www.parfumerie-arabe.com\\\/\",\"logo\":{\"@type\":\"ImageObject\",\"inLanguage\":\"de\",\"@id\":\"https:\\\/\\\/www.parfumerie-arabe.com\\\/#\\\/schema\\\/logo\\\/image\\\/\",\"url\":\"https:\\\/\\\/www.parfumerie-arabe.com\\\/wp-content\\\/uploads\\\/2022\\\/08\\\/logo-parfumerie-arabe.png\",\"contentUrl\":\"https:\\\/\\\/www.parfumerie-arabe.com\\\/wp-content\\\/uploads\\\/2022\\\/08\\\/logo-parfumerie-arabe.png\",\"width\":600,\"height\":171,\"caption\":\"Parfumerie arabe\"},\"image\":{\"@id\":\"https:\\\/\\\/www.parfumerie-arabe.com\\\/#\\\/schema\\\/logo\\\/image\\\/\"}}]}<\/script>\n<!-- \/ Yoast SEO plugin. -->","yoast_head_json":{"title":"Hausparfum Musc Rose 350ml - El Nabil - Arabische Parf\u00fcmerie","robots":{"index":"index","follow":"follow","max-snippet":"max-snippet:-1","max-image-preview":"max-image-preview:large","max-video-preview":"max-video-preview:-1"},"canonical":"https:\/\/www.parfumerie-arabe.com\/de\/produkt\/hausparfum-moschus-rosa-350ml-el-nabil\/","og_locale":"de_DE","og_type":"article","og_title":"Parfum maison Musc Rose 350ml - El Nabil - Parfumerie Arabe","og_description":"Notes olfactives :  Gr\u00e2ce la d\u00e9licatesse du jasmin associ\u00e9e \u00e0 celle du muguet, le Room Freshener Musc Rose offre \u00e0 votre int\u00e9rieur un v\u00e9ritable cocktail fleuri tout en r\u00e9veillant votre gourmandise avec ses notes de vanille et de f\u00e8ve tonka. Coup de foudre olfactif garanti\u00a0!","og_url":"https:\/\/www.parfumerie-arabe.com\/de\/produkt\/hausparfum-moschus-rosa-350ml-el-nabil\/","og_site_name":"Parfumerie Arabe","article_modified_time":"2026-04-03T07:41:39+00:00","og_image":[{"width":600,"height":600,"url":"https:\/\/www.parfumerie-arabe.com\/wp-content\/uploads\/2023\/02\/room-freshener-musc-rose.jpg","type":"image\/jpeg"}],"twitter_card":"summary_large_image","schema":{"@context":"https:\/\/schema.org","@graph":[{"@type":"WebPage","@id":"https:\/\/www.parfumerie-arabe.com\/produit\/parfum-maison-musc-rose-350ml-el-nabil\/","url":"https:\/\/www.parfumerie-arabe.com\/produit\/parfum-maison-musc-rose-350ml-el-nabil\/","name":"Hausparfum Musc Rose 350ml - El Nabil - Arabische Parf\u00fcmerie","isPartOf":{"@id":"https:\/\/www.parfumerie-arabe.com\/#website"},"primaryImageOfPage":{"@id":"https:\/\/www.parfumerie-arabe.com\/produit\/parfum-maison-musc-rose-350ml-el-nabil\/#primaryimage"},"image":{"@id":"https:\/\/www.parfumerie-arabe.com\/produit\/parfum-maison-musc-rose-350ml-el-nabil\/#primaryimage"},"thumbnailUrl":"https:\/\/www.parfumerie-arabe.com\/wp-content\/uploads\/2023\/02\/room-freshener-musc-rose.jpg","datePublished":"2023-02-20T12:29:59+00:00","dateModified":"2026-04-03T07:41:39+00:00","breadcrumb":{"@id":"https:\/\/www.parfumerie-arabe.com\/produit\/parfum-maison-musc-rose-350ml-el-nabil\/#breadcrumb"},"inLanguage":"de","potentialAction":[{"@type":"ReadAction","target":["https:\/\/www.parfumerie-arabe.com\/produit\/parfum-maison-musc-rose-350ml-el-nabil\/"]}]},{"@type":"ImageObject","inLanguage":"de","@id":"https:\/\/www.parfumerie-arabe.com\/produit\/parfum-maison-musc-rose-350ml-el-nabil\/#primaryimage","url":"https:\/\/www.parfumerie-arabe.com\/wp-content\/uploads\/2023\/02\/room-freshener-musc-rose.jpg","contentUrl":"https:\/\/www.parfumerie-arabe.com\/wp-content\/uploads\/2023\/02\/room-freshener-musc-rose.jpg","width":600,"height":600},{"@type":"BreadcrumbList","@id":"https:\/\/www.parfumerie-arabe.com\/produit\/parfum-maison-musc-rose-350ml-el-nabil\/#breadcrumb","itemListElement":[{"@type":"ListItem","position":1,"name":"Accueil","item":"https:\/\/www.parfumerie-arabe.com\/"},{"@type":"ListItem","position":2,"name":"Boutique","item":"https:\/\/www.parfumerie-arabe.com\/boutique\/"},{"@type":"ListItem","position":3,"name":"Parfum maison Musc Rose 350ml &#8211; El Nabil"}]},{"@type":"WebSite","@id":"https:\/\/www.parfumerie-arabe.com\/#website","url":"https:\/\/www.parfumerie-arabe.com\/","name":"Arabische Parf\u00fcmerie","description":"","publisher":{"@id":"https:\/\/www.parfumerie-arabe.com\/#organization"},"potentialAction":[{"@type":"SearchAction","target":{"@type":"EntryPoint","urlTemplate":"https:\/\/www.parfumerie-arabe.com\/?s={search_term_string}"},"query-input":{"@type":"PropertyValueSpecification","valueRequired":true,"valueName":"search_term_string"}}],"inLanguage":"de"},{"@type":"Organization","@id":"https:\/\/www.parfumerie-arabe.com\/#organization","name":"Arabische Parf\u00fcmerie","url":"https:\/\/www.parfumerie-arabe.com\/","logo":{"@type":"ImageObject","inLanguage":"de","@id":"https:\/\/www.parfumerie-arabe.com\/#\/schema\/logo\/image\/","url":"https:\/\/www.parfumerie-arabe.com\/wp-content\/uploads\/2022\/08\/logo-parfumerie-arabe.png","contentUrl":"https:\/\/www.parfumerie-arabe.com\/wp-content\/uploads\/2022\/08\/logo-parfumerie-arabe.png","width":600,"height":171,"caption":"Parfumerie arabe"},"image":{"@id":"https:\/\/www.parfumerie-arabe.com\/#\/schema\/logo\/image\/"}}]}},"_links":{"self":[{"href":"https:\/\/www.parfumerie-arabe.com\/de\/wp-json\/wp\/v2\/product\/1269","targetHints":{"allow":["GET"]}}],"collection":[{"href":"https:\/\/www.parfumerie-arabe.com\/de\/wp-json\/wp\/v2\/product"}],"about":[{"href":"https:\/\/www.parfumerie-arabe.com\/de\/wp-json\/wp\/v2\/types\/product"}],"wp:featuredmedia":[{"embeddable":true,"href":"https:\/\/www.parfumerie-arabe.com\/de\/wp-json\/wp\/v2\/media\/1295"}],"wp:attachment":[{"href":"https:\/\/www.parfumerie-arabe.com\/de\/wp-json\/wp\/v2\/media?parent=1269"}],"wp:term":[{"taxonomy":"product_brand","embeddable":true,"href":"https:\/\/www.parfumerie-arabe.com\/de\/wp-json\/wp\/v2\/product_brand?post=1269"},{"taxonomy":"product_cat","embeddable":true,"href":"https:\/\/www.parfumerie-arabe.com\/de\/wp-json\/wp\/v2\/product_cat?post=1269"},{"taxonomy":"product_tag","embeddable":true,"href":"https:\/\/www.parfumerie-arabe.com\/de\/wp-json\/wp\/v2\/product_tag?post=1269"}],"curies":[{"name":"wp","href":"https:\/\/api.w.org\/{rel}","templated":true}]}}