{"id":1271,"date":"2023-02-20T12:29:59","date_gmt":"2023-02-20T12:29:59","guid":{"rendered":"https:\/\/www.parfumerie-arabe.com\/?post_type=product&#038;p=1271"},"modified":"2026-04-29T19:16:32","modified_gmt":"2026-04-29T19:16:32","slug":"hausparfum-royal-gold-350ml-el-nabil","status":"publish","type":"product","link":"https:\/\/www.parfumerie-arabe.com\/de\/produit\/parfum-maison-royal-gold-350ml-el-nabil\/","title":{"rendered":"Hausparf\u00fcm Royal Gold 350ml - El Nabil"},"content":{"rendered":"","protected":false},"excerpt":{"rendered":"<p><strong>Geruchsnoten :<\/strong><\/p>\n<p>Der sinnliche und anspruchsvolle Duft par excellence, Room Freshener Royal Gold und seine Vanillenote auf Ambergrund \u00fcberrascht mit seiner sonnigen Frische.<\/p>\n<p>Verst\u00e4rkt durch den zarten Duft der Rose, zeichnet sich dieser Room Freshener durch extreme Noblesse aus. Er wird bei Ihnen zu Hause einen raffinierten und k\u00f6stlichen Duft kreieren!<\/p>","protected":false},"featured_media":1316,"template":"","meta":[],"product_brand":[],"product_cat":[37,82,93],"product_tag":[],"class_list":{"0":"post-1271","1":"product","2":"type-product","3":"status-publish","4":"has-post-thumbnail","6":"product_cat-el-nabil","7":"product_cat-parfums-dinterieur","8":"product_cat-room-freshener-el-nabil","10":"first","11":"instock","12":"taxable","13":"shipping-taxable","14":"purchasable","15":"product-type-simple"},"yoast_head":"<!-- This site is optimized with the Yoast SEO plugin v27.5 - https:\/\/yoast.com\/product\/yoast-seo-wordpress\/ -->\n<title>Parfum maison Royal Gold 350ml - El Nabil - Parfumerie Arabe<\/title>\n<meta name=\"robots\" content=\"index, follow, max-snippet:-1, max-image-preview:large, max-video-preview:-1\" \/>\n<link rel=\"canonical\" href=\"https:\/\/www.parfumerie-arabe.com\/de\/produkt\/hausparfum-royal-gold-350ml-el-nabil\/\" \/>\n<meta property=\"og:locale\" content=\"de_DE\" \/>\n<meta property=\"og:type\" content=\"article\" \/>\n<meta property=\"og:title\" content=\"Parfum maison Royal Gold 350ml - El Nabil - Parfumerie Arabe\" \/>\n<meta property=\"og:description\" content=\"Notes olfactives :  Parfum sensuel et sophistiqu\u00e9 par excellence, le Room Freshener Royal Gold et sa note de vanille sur fond ambr\u00e9 surprend par sa fra\u00eecheur solaire.  Renforc\u00e9 par la d\u00e9licatesse olfactive de la rose, ce Room Freshener se caract\u00e9rise par une noblesse extr\u00eame, il cr\u00e9era\u00a0un parfum\u00a0raffin\u00e9 et gourmand chez vous !\" \/>\n<meta property=\"og:url\" content=\"https:\/\/www.parfumerie-arabe.com\/de\/produkt\/hausparfum-royal-gold-350ml-el-nabil\/\" \/>\n<meta property=\"og:site_name\" content=\"Parfumerie Arabe\" \/>\n<meta property=\"article:modified_time\" content=\"2026-04-29T19:16:32+00:00\" \/>\n<meta property=\"og:image\" content=\"https:\/\/www.parfumerie-arabe.com\/wp-content\/uploads\/2023\/02\/room-freshener-royal-gold.jpg\" \/>\n\t<meta property=\"og:image:width\" content=\"600\" \/>\n\t<meta property=\"og:image:height\" content=\"600\" \/>\n\t<meta property=\"og:image:type\" content=\"image\/jpeg\" \/>\n<meta name=\"twitter:card\" content=\"summary_large_image\" \/>\n<script type=\"application\/ld+json\" class=\"yoast-schema-graph\">{\"@context\":\"https:\\\/\\\/schema.org\",\"@graph\":[{\"@type\":\"WebPage\",\"@id\":\"https:\\\/\\\/www.parfumerie-arabe.com\\\/produit\\\/parfum-maison-royal-gold-350ml-el-nabil\\\/\",\"url\":\"https:\\\/\\\/www.parfumerie-arabe.com\\\/produit\\\/parfum-maison-royal-gold-350ml-el-nabil\\\/\",\"name\":\"Parfum maison Royal Gold 350ml - El Nabil - Parfumerie Arabe\",\"isPartOf\":{\"@id\":\"https:\\\/\\\/www.parfumerie-arabe.com\\\/#website\"},\"primaryImageOfPage\":{\"@id\":\"https:\\\/\\\/www.parfumerie-arabe.com\\\/produit\\\/parfum-maison-royal-gold-350ml-el-nabil\\\/#primaryimage\"},\"image\":{\"@id\":\"https:\\\/\\\/www.parfumerie-arabe.com\\\/produit\\\/parfum-maison-royal-gold-350ml-el-nabil\\\/#primaryimage\"},\"thumbnailUrl\":\"https:\\\/\\\/www.parfumerie-arabe.com\\\/wp-content\\\/uploads\\\/2023\\\/02\\\/room-freshener-royal-gold.jpg\",\"datePublished\":\"2023-02-20T12:29:59+00:00\",\"dateModified\":\"2026-04-29T19:16:32+00:00\",\"breadcrumb\":{\"@id\":\"https:\\\/\\\/www.parfumerie-arabe.com\\\/produit\\\/parfum-maison-royal-gold-350ml-el-nabil\\\/#breadcrumb\"},\"inLanguage\":\"de\",\"potentialAction\":[{\"@type\":\"ReadAction\",\"target\":[\"https:\\\/\\\/www.parfumerie-arabe.com\\\/produit\\\/parfum-maison-royal-gold-350ml-el-nabil\\\/\"]}]},{\"@type\":\"ImageObject\",\"inLanguage\":\"de\",\"@id\":\"https:\\\/\\\/www.parfumerie-arabe.com\\\/produit\\\/parfum-maison-royal-gold-350ml-el-nabil\\\/#primaryimage\",\"url\":\"https:\\\/\\\/www.parfumerie-arabe.com\\\/wp-content\\\/uploads\\\/2023\\\/02\\\/room-freshener-royal-gold.jpg\",\"contentUrl\":\"https:\\\/\\\/www.parfumerie-arabe.com\\\/wp-content\\\/uploads\\\/2023\\\/02\\\/room-freshener-royal-gold.jpg\",\"width\":600,\"height\":600},{\"@type\":\"BreadcrumbList\",\"@id\":\"https:\\\/\\\/www.parfumerie-arabe.com\\\/produit\\\/parfum-maison-royal-gold-350ml-el-nabil\\\/#breadcrumb\",\"itemListElement\":[{\"@type\":\"ListItem\",\"position\":1,\"name\":\"Accueil\",\"item\":\"https:\\\/\\\/www.parfumerie-arabe.com\\\/\"},{\"@type\":\"ListItem\",\"position\":2,\"name\":\"Boutique\",\"item\":\"https:\\\/\\\/www.parfumerie-arabe.com\\\/boutique\\\/\"},{\"@type\":\"ListItem\",\"position\":3,\"name\":\"Parfum maison Royal Gold 350ml &#8211; El Nabil\"}]},{\"@type\":\"WebSite\",\"@id\":\"https:\\\/\\\/www.parfumerie-arabe.com\\\/#website\",\"url\":\"https:\\\/\\\/www.parfumerie-arabe.com\\\/\",\"name\":\"Parfumerie Arabe\",\"description\":\"\",\"publisher\":{\"@id\":\"https:\\\/\\\/www.parfumerie-arabe.com\\\/#organization\"},\"potentialAction\":[{\"@type\":\"SearchAction\",\"target\":{\"@type\":\"EntryPoint\",\"urlTemplate\":\"https:\\\/\\\/www.parfumerie-arabe.com\\\/?s={search_term_string}\"},\"query-input\":{\"@type\":\"PropertyValueSpecification\",\"valueRequired\":true,\"valueName\":\"search_term_string\"}}],\"inLanguage\":\"de\"},{\"@type\":\"Organization\",\"@id\":\"https:\\\/\\\/www.parfumerie-arabe.com\\\/#organization\",\"name\":\"Parfumerie arabe\",\"url\":\"https:\\\/\\\/www.parfumerie-arabe.com\\\/\",\"logo\":{\"@type\":\"ImageObject\",\"inLanguage\":\"de\",\"@id\":\"https:\\\/\\\/www.parfumerie-arabe.com\\\/#\\\/schema\\\/logo\\\/image\\\/\",\"url\":\"https:\\\/\\\/www.parfumerie-arabe.com\\\/wp-content\\\/uploads\\\/2022\\\/08\\\/logo-parfumerie-arabe.png\",\"contentUrl\":\"https:\\\/\\\/www.parfumerie-arabe.com\\\/wp-content\\\/uploads\\\/2022\\\/08\\\/logo-parfumerie-arabe.png\",\"width\":600,\"height\":171,\"caption\":\"Parfumerie arabe\"},\"image\":{\"@id\":\"https:\\\/\\\/www.parfumerie-arabe.com\\\/#\\\/schema\\\/logo\\\/image\\\/\"}}]}<\/script>\n<!-- \/ Yoast SEO plugin. -->","yoast_head_json":{"title":"Hausparfum Royal Gold 350ml - El Nabil - Arabische Parf\u00fcmerie","robots":{"index":"index","follow":"follow","max-snippet":"max-snippet:-1","max-image-preview":"max-image-preview:large","max-video-preview":"max-video-preview:-1"},"canonical":"https:\/\/www.parfumerie-arabe.com\/de\/produkt\/hausparfum-royal-gold-350ml-el-nabil\/","og_locale":"de_DE","og_type":"article","og_title":"Parfum maison Royal Gold 350ml - El Nabil - Parfumerie Arabe","og_description":"Notes olfactives :  Parfum sensuel et sophistiqu\u00e9 par excellence, le Room Freshener Royal Gold et sa note de vanille sur fond ambr\u00e9 surprend par sa fra\u00eecheur solaire.  Renforc\u00e9 par la d\u00e9licatesse olfactive de la rose, ce Room Freshener se caract\u00e9rise par une noblesse extr\u00eame, il cr\u00e9era\u00a0un parfum\u00a0raffin\u00e9 et gourmand chez vous !","og_url":"https:\/\/www.parfumerie-arabe.com\/de\/produkt\/hausparfum-royal-gold-350ml-el-nabil\/","og_site_name":"Parfumerie Arabe","article_modified_time":"2026-04-29T19:16:32+00:00","og_image":[{"width":600,"height":600,"url":"https:\/\/www.parfumerie-arabe.com\/wp-content\/uploads\/2023\/02\/room-freshener-royal-gold.jpg","type":"image\/jpeg"}],"twitter_card":"summary_large_image","schema":{"@context":"https:\/\/schema.org","@graph":[{"@type":"WebPage","@id":"https:\/\/www.parfumerie-arabe.com\/produit\/parfum-maison-royal-gold-350ml-el-nabil\/","url":"https:\/\/www.parfumerie-arabe.com\/produit\/parfum-maison-royal-gold-350ml-el-nabil\/","name":"Hausparfum Royal Gold 350ml - El Nabil - Arabische Parf\u00fcmerie","isPartOf":{"@id":"https:\/\/www.parfumerie-arabe.com\/#website"},"primaryImageOfPage":{"@id":"https:\/\/www.parfumerie-arabe.com\/produit\/parfum-maison-royal-gold-350ml-el-nabil\/#primaryimage"},"image":{"@id":"https:\/\/www.parfumerie-arabe.com\/produit\/parfum-maison-royal-gold-350ml-el-nabil\/#primaryimage"},"thumbnailUrl":"https:\/\/www.parfumerie-arabe.com\/wp-content\/uploads\/2023\/02\/room-freshener-royal-gold.jpg","datePublished":"2023-02-20T12:29:59+00:00","dateModified":"2026-04-29T19:16:32+00:00","breadcrumb":{"@id":"https:\/\/www.parfumerie-arabe.com\/produit\/parfum-maison-royal-gold-350ml-el-nabil\/#breadcrumb"},"inLanguage":"de","potentialAction":[{"@type":"ReadAction","target":["https:\/\/www.parfumerie-arabe.com\/produit\/parfum-maison-royal-gold-350ml-el-nabil\/"]}]},{"@type":"ImageObject","inLanguage":"de","@id":"https:\/\/www.parfumerie-arabe.com\/produit\/parfum-maison-royal-gold-350ml-el-nabil\/#primaryimage","url":"https:\/\/www.parfumerie-arabe.com\/wp-content\/uploads\/2023\/02\/room-freshener-royal-gold.jpg","contentUrl":"https:\/\/www.parfumerie-arabe.com\/wp-content\/uploads\/2023\/02\/room-freshener-royal-gold.jpg","width":600,"height":600},{"@type":"BreadcrumbList","@id":"https:\/\/www.parfumerie-arabe.com\/produit\/parfum-maison-royal-gold-350ml-el-nabil\/#breadcrumb","itemListElement":[{"@type":"ListItem","position":1,"name":"Accueil","item":"https:\/\/www.parfumerie-arabe.com\/"},{"@type":"ListItem","position":2,"name":"Boutique","item":"https:\/\/www.parfumerie-arabe.com\/boutique\/"},{"@type":"ListItem","position":3,"name":"Parfum maison Royal Gold 350ml &#8211; El Nabil"}]},{"@type":"WebSite","@id":"https:\/\/www.parfumerie-arabe.com\/#website","url":"https:\/\/www.parfumerie-arabe.com\/","name":"Arabische Parf\u00fcmerie","description":"","publisher":{"@id":"https:\/\/www.parfumerie-arabe.com\/#organization"},"potentialAction":[{"@type":"SearchAction","target":{"@type":"EntryPoint","urlTemplate":"https:\/\/www.parfumerie-arabe.com\/?s={search_term_string}"},"query-input":{"@type":"PropertyValueSpecification","valueRequired":true,"valueName":"search_term_string"}}],"inLanguage":"de"},{"@type":"Organization","@id":"https:\/\/www.parfumerie-arabe.com\/#organization","name":"Arabische Parf\u00fcmerie","url":"https:\/\/www.parfumerie-arabe.com\/","logo":{"@type":"ImageObject","inLanguage":"de","@id":"https:\/\/www.parfumerie-arabe.com\/#\/schema\/logo\/image\/","url":"https:\/\/www.parfumerie-arabe.com\/wp-content\/uploads\/2022\/08\/logo-parfumerie-arabe.png","contentUrl":"https:\/\/www.parfumerie-arabe.com\/wp-content\/uploads\/2022\/08\/logo-parfumerie-arabe.png","width":600,"height":171,"caption":"Parfumerie arabe"},"image":{"@id":"https:\/\/www.parfumerie-arabe.com\/#\/schema\/logo\/image\/"}}]}},"_links":{"self":[{"href":"https:\/\/www.parfumerie-arabe.com\/de\/wp-json\/wp\/v2\/product\/1271","targetHints":{"allow":["GET"]}}],"collection":[{"href":"https:\/\/www.parfumerie-arabe.com\/de\/wp-json\/wp\/v2\/product"}],"about":[{"href":"https:\/\/www.parfumerie-arabe.com\/de\/wp-json\/wp\/v2\/types\/product"}],"wp:featuredmedia":[{"embeddable":true,"href":"https:\/\/www.parfumerie-arabe.com\/de\/wp-json\/wp\/v2\/media\/1316"}],"wp:attachment":[{"href":"https:\/\/www.parfumerie-arabe.com\/de\/wp-json\/wp\/v2\/media?parent=1271"}],"wp:term":[{"taxonomy":"product_brand","embeddable":true,"href":"https:\/\/www.parfumerie-arabe.com\/de\/wp-json\/wp\/v2\/product_brand?post=1271"},{"taxonomy":"product_cat","embeddable":true,"href":"https:\/\/www.parfumerie-arabe.com\/de\/wp-json\/wp\/v2\/product_cat?post=1271"},{"taxonomy":"product_tag","embeddable":true,"href":"https:\/\/www.parfumerie-arabe.com\/de\/wp-json\/wp\/v2\/product_tag?post=1271"}],"curies":[{"name":"wp","href":"https:\/\/api.w.org\/{rel}","templated":true}]}}