{"id":159,"date":"2022-08-20T17:13:27","date_gmt":"2022-08-20T17:13:27","guid":{"rendered":"https:\/\/www.parfumerie-arabe.com\/?post_type=product&#038;p=159"},"modified":"2026-04-09T14:40:38","modified_gmt":"2026-04-09T14:40:38","slug":"eau-de-parfum-opulent-oud-100ml-lattafa","status":"publish","type":"product","link":"https:\/\/www.parfumerie-arabe.com\/de\/produit\/eau-de-parfum-opulent-oud-100ml-lattafa\/","title":{"rendered":"Eau de Parfum Opulent Oud 100ml - Lattafa"},"content":{"rendered":"<p>Opulent Oud von Lattafa ist ein Duft\u00a0<strong>orientalisch gourmandig und spritzig\u00a0<\/strong>der den Mann in Ihnen zum Vorschein bringen wird. Denn seine holzigen Noten werden Ihre Maskulinit\u00e4t und Ihren Charakter betonen.\u00a0<strong>Charme\u00a0<\/strong>nat\u00fcrlich. Das ist der Duft, der Sie bei jeder Gelegenheit gl\u00e4nzen l\u00e4sst.<\/p>\n<h2><strong>Opulent Oud von Lattafa: eine gierige, holzige Ode<\/strong><\/h2>\n<p>Der Ball der D\u00fcfte beginnt mit der blumigen und spritzigen Frische, die von den Zitrusfr\u00fcchten gebracht wird. Aber gleich darauf kommen die holzigen Noten des Oud, die diese Komposition zu einer Kreation machen.<strong>\u00a0tief<\/strong>\u00a0und\u00a0<strong>verf\u00fchrerisch<\/strong>. Und das ohne das sinnliche Patschuli, das majest\u00e4tische Amber und den orientalischen Moschus zu z\u00e4hlen.<\/p>\n<p>Sie werden zusammen mit den Gourmandnoten die\u00a0<strong>Wollust<\/strong>\u00a0die dieses Elixier zu einem olfaktorischen Juwel macht wie\u00a0<a href=\"https:\/\/www.parfumerie-arabe.com\/de\/produkt\/eau-de-parfum-oud-code-100ml-asdaaf\/\"><strong>Oud Code<\/strong><\/a>\u00a0von Asdaaf.<\/p>\n<h3><strong>Opulent Oud von Lattafa: ein schlichter und schicker Flakon<\/strong><\/h3>\n<p>Diese sch\u00f6ne Flasche verk\u00f6rpert perfekt die\u00a0<strong>kraft und eleganz<\/strong>. Ein Nektar, der sich an M\u00e4nner mit Charakter wendet. Das eingravierte Siegel in der Mitte des Flakons erinnert an die Seltenheit dieser Fl\u00fcssigkeit, die Ihnen den Kopf verdrehen wird. Und der goldene Verschluss, der wie ein Juwel sitzt, macht Lust darauf, zu riechen, was sich dahinter verbirgt.<\/p>\n<p>Auch dieser Duft wird auf die gleiche Weise wirken. Der Duft wird bei denjenigen, die ihn riechen, den Wunsch wecken, Sie zu entdecken. Wir warnen Sie also vor diesem Parfum.\u00a0<strong>Verf\u00fchrer<\/strong>\u00a0die niemanden unber\u00fchrt lassen wird wie\u00a0<a href=\"https:\/\/www.parfumerie-arabe.com\/de\/produkt\/tobaco-touch-80ml-haus-alhambra\/\"><strong>Tobaco Touch<\/strong><\/a>\u00a0von Haus Alhambra.<\/p>\n<h3><strong>Entdecken Sie D\u00fcfte aus der gleichen Familie f\u00fcr Ihre bessere H\u00e4lfte<\/strong><\/h3>\n<p>Opulent Oud wird Sie zum Strahlen bringen, das ist sicher! Aber zu Ihrer Freude bietet die Marke auch Klone dieser Kreation f\u00fcr das weibliche Geschlecht an. So,\u00a0<a href=\"https:\/\/www.parfumerie-arabe.com\/de\/produkt\/eau-de-parfum-opulent-red-100ml-lattafa\/\"><strong>Opulent Red<\/strong><\/a>\u00a0wird einen fruchtigen Hauch mitbringen, der die weibliche Z\u00e4rtlichkeit in Weihrauch verwandelt. Und,\u00a0<strong>Opulenter Musk<\/strong>\u00a0wird mit wei\u00dfem Moschus die Verb\u00fcndete der Sinnlichkeit sein. So wird Opulent zu einem Juwel, das man zu zweit teilen kann. Und, jeder f\u00fcr sich\u00a0<strong>wird sich zeigen\u00a0<\/strong>dem anderen von seiner besten Seite zeigen.<\/p>","protected":false},"excerpt":{"rendered":"<p><strong>Geruchsnoten :<\/strong><\/p>\n<p><strong>Kopfnoten<\/strong> : Safran, blumige Noten und Zitrusfr\u00fcchte.<br \/>\n<strong>Herznoten<\/strong> : Oud, Karamell und Amber.<br \/>\n<strong>Hintergrundnoten<\/strong> Vanille, holzige Noten, Harze, Moschus und Patschuli.<\/p>\n<p><strong>Genre<\/strong> : M\u00e4nnlich.<\/p>","protected":false},"featured_media":648,"template":"","meta":[],"product_brand":[],"product_cat":[17,15],"product_tag":[],"class_list":{"0":"post-159","1":"product","2":"type-product","3":"status-publish","4":"has-post-thumbnail","6":"product_cat-lattafa","7":"product_cat-parfum-homme","9":"first","10":"instock","11":"taxable","12":"shipping-taxable","13":"purchasable","14":"product-type-simple"},"yoast_head":"<!-- This site is optimized with the Yoast SEO plugin v27.4 - https:\/\/yoast.com\/product\/yoast-seo-wordpress\/ -->\n<title>Opulent Oud I Eau de parfum 100ml I Collection Lattafa<\/title>\n<meta name=\"description\" content=\"Opulent Oud de Lattafa est une fragrance\u00a0orientale gourmande et p\u00e9tillante\u00a0qui va r\u00e9v\u00e9ler l\u2019homme en vous. Adoptez-le rapidement !\" \/>\n<meta name=\"robots\" content=\"index, follow, max-snippet:-1, max-image-preview:large, max-video-preview:-1\" \/>\n<link rel=\"canonical\" href=\"https:\/\/www.parfumerie-arabe.com\/de\/produkt\/eau-de-parfum-opulent-oud-100ml-lattafa\/\" \/>\n<meta property=\"og:locale\" content=\"de_DE\" \/>\n<meta property=\"og:type\" content=\"article\" \/>\n<meta property=\"og:title\" content=\"Opulent Oud I Eau de parfum 100ml I Collection Lattafa\" \/>\n<meta property=\"og:description\" content=\"Opulent Oud de Lattafa est une fragrance\u00a0orientale gourmande et p\u00e9tillante\u00a0qui va r\u00e9v\u00e9ler l\u2019homme en vous. Adoptez-le rapidement !\" \/>\n<meta property=\"og:url\" content=\"https:\/\/www.parfumerie-arabe.com\/de\/produkt\/eau-de-parfum-opulent-oud-100ml-lattafa\/\" \/>\n<meta property=\"og:site_name\" content=\"Parfumerie Arabe\" \/>\n<meta property=\"article:modified_time\" content=\"2026-04-09T14:40:38+00:00\" \/>\n<meta property=\"og:image\" content=\"https:\/\/www.parfumerie-arabe.com\/wp-content\/uploads\/2022\/08\/opulent-Oud-lattafa-eau-de-parfum-.jpg\" \/>\n\t<meta property=\"og:image:width\" content=\"1080\" \/>\n\t<meta property=\"og:image:height\" content=\"1080\" \/>\n\t<meta property=\"og:image:type\" content=\"image\/jpeg\" \/>\n<meta name=\"twitter:card\" content=\"summary_large_image\" \/>\n<meta name=\"twitter:label1\" content=\"Gesch\u00e4tzte Lesezeit\" \/>\n\t<meta name=\"twitter:data1\" content=\"2\u00a0Minuten\" \/>\n<script type=\"application\/ld+json\" class=\"yoast-schema-graph\">{\"@context\":\"https:\\\/\\\/schema.org\",\"@graph\":[{\"@type\":\"WebPage\",\"@id\":\"https:\\\/\\\/www.parfumerie-arabe.com\\\/produit\\\/eau-de-parfum-opulent-oud-100ml-lattafa\\\/\",\"url\":\"https:\\\/\\\/www.parfumerie-arabe.com\\\/produit\\\/eau-de-parfum-opulent-oud-100ml-lattafa\\\/\",\"name\":\"Opulent Oud I Eau de parfum 100ml I Collection Lattafa\",\"isPartOf\":{\"@id\":\"https:\\\/\\\/www.parfumerie-arabe.com\\\/#website\"},\"primaryImageOfPage\":{\"@id\":\"https:\\\/\\\/www.parfumerie-arabe.com\\\/produit\\\/eau-de-parfum-opulent-oud-100ml-lattafa\\\/#primaryimage\"},\"image\":{\"@id\":\"https:\\\/\\\/www.parfumerie-arabe.com\\\/produit\\\/eau-de-parfum-opulent-oud-100ml-lattafa\\\/#primaryimage\"},\"thumbnailUrl\":\"https:\\\/\\\/www.parfumerie-arabe.com\\\/wp-content\\\/uploads\\\/2022\\\/08\\\/opulent-Oud-lattafa-eau-de-parfum-.jpg\",\"datePublished\":\"2022-08-20T17:13:27+00:00\",\"dateModified\":\"2026-04-09T14:40:38+00:00\",\"description\":\"Opulent Oud de Lattafa est une fragrance\u00a0orientale gourmande et p\u00e9tillante\u00a0qui va r\u00e9v\u00e9ler l\u2019homme en vous. Adoptez-le rapidement !\",\"breadcrumb\":{\"@id\":\"https:\\\/\\\/www.parfumerie-arabe.com\\\/produit\\\/eau-de-parfum-opulent-oud-100ml-lattafa\\\/#breadcrumb\"},\"inLanguage\":\"de\",\"potentialAction\":[{\"@type\":\"ReadAction\",\"target\":[\"https:\\\/\\\/www.parfumerie-arabe.com\\\/produit\\\/eau-de-parfum-opulent-oud-100ml-lattafa\\\/\"]}]},{\"@type\":\"ImageObject\",\"inLanguage\":\"de\",\"@id\":\"https:\\\/\\\/www.parfumerie-arabe.com\\\/produit\\\/eau-de-parfum-opulent-oud-100ml-lattafa\\\/#primaryimage\",\"url\":\"https:\\\/\\\/www.parfumerie-arabe.com\\\/wp-content\\\/uploads\\\/2022\\\/08\\\/opulent-Oud-lattafa-eau-de-parfum-.jpg\",\"contentUrl\":\"https:\\\/\\\/www.parfumerie-arabe.com\\\/wp-content\\\/uploads\\\/2022\\\/08\\\/opulent-Oud-lattafa-eau-de-parfum-.jpg\",\"width\":1080,\"height\":1080,\"caption\":\"Opulent Oud lattafa eau de parfum\"},{\"@type\":\"BreadcrumbList\",\"@id\":\"https:\\\/\\\/www.parfumerie-arabe.com\\\/produit\\\/eau-de-parfum-opulent-oud-100ml-lattafa\\\/#breadcrumb\",\"itemListElement\":[{\"@type\":\"ListItem\",\"position\":1,\"name\":\"Accueil\",\"item\":\"https:\\\/\\\/www.parfumerie-arabe.com\\\/\"},{\"@type\":\"ListItem\",\"position\":2,\"name\":\"Boutique\",\"item\":\"https:\\\/\\\/www.parfumerie-arabe.com\\\/boutique\\\/\"},{\"@type\":\"ListItem\",\"position\":3,\"name\":\"Eau de parfum Opulent Oud 100ml \u2013 Lattafa\"}]},{\"@type\":\"WebSite\",\"@id\":\"https:\\\/\\\/www.parfumerie-arabe.com\\\/#website\",\"url\":\"https:\\\/\\\/www.parfumerie-arabe.com\\\/\",\"name\":\"Parfumerie Arabe\",\"description\":\"\",\"publisher\":{\"@id\":\"https:\\\/\\\/www.parfumerie-arabe.com\\\/#organization\"},\"potentialAction\":[{\"@type\":\"SearchAction\",\"target\":{\"@type\":\"EntryPoint\",\"urlTemplate\":\"https:\\\/\\\/www.parfumerie-arabe.com\\\/?s={search_term_string}\"},\"query-input\":{\"@type\":\"PropertyValueSpecification\",\"valueRequired\":true,\"valueName\":\"search_term_string\"}}],\"inLanguage\":\"de\"},{\"@type\":\"Organization\",\"@id\":\"https:\\\/\\\/www.parfumerie-arabe.com\\\/#organization\",\"name\":\"Parfumerie arabe\",\"url\":\"https:\\\/\\\/www.parfumerie-arabe.com\\\/\",\"logo\":{\"@type\":\"ImageObject\",\"inLanguage\":\"de\",\"@id\":\"https:\\\/\\\/www.parfumerie-arabe.com\\\/#\\\/schema\\\/logo\\\/image\\\/\",\"url\":\"https:\\\/\\\/www.parfumerie-arabe.com\\\/wp-content\\\/uploads\\\/2022\\\/08\\\/logo-parfumerie-arabe.png\",\"contentUrl\":\"https:\\\/\\\/www.parfumerie-arabe.com\\\/wp-content\\\/uploads\\\/2022\\\/08\\\/logo-parfumerie-arabe.png\",\"width\":600,\"height\":171,\"caption\":\"Parfumerie arabe\"},\"image\":{\"@id\":\"https:\\\/\\\/www.parfumerie-arabe.com\\\/#\\\/schema\\\/logo\\\/image\\\/\"}}]}<\/script>\n<!-- \/ Yoast SEO plugin. -->","yoast_head_json":{"title":"Opulent Oud I Eau de Parfum 100ml I Lattafa Collection","description":"Opulent Oud von Lattafa ist ein k\u00f6stlicher und spritziger orientalischer Duft, der den Mann in Ihnen zum Vorschein bringen wird. Adoptieren Sie ihn schnell!","robots":{"index":"index","follow":"follow","max-snippet":"max-snippet:-1","max-image-preview":"max-image-preview:large","max-video-preview":"max-video-preview:-1"},"canonical":"https:\/\/www.parfumerie-arabe.com\/de\/produkt\/eau-de-parfum-opulent-oud-100ml-lattafa\/","og_locale":"de_DE","og_type":"article","og_title":"Opulent Oud I Eau de parfum 100ml I Collection Lattafa","og_description":"Opulent Oud de Lattafa est une fragrance\u00a0orientale gourmande et p\u00e9tillante\u00a0qui va r\u00e9v\u00e9ler l\u2019homme en vous. Adoptez-le rapidement !","og_url":"https:\/\/www.parfumerie-arabe.com\/de\/produkt\/eau-de-parfum-opulent-oud-100ml-lattafa\/","og_site_name":"Parfumerie Arabe","article_modified_time":"2026-04-09T14:40:38+00:00","og_image":[{"width":1080,"height":1080,"url":"https:\/\/www.parfumerie-arabe.com\/wp-content\/uploads\/2022\/08\/opulent-Oud-lattafa-eau-de-parfum-.jpg","type":"image\/jpeg"}],"twitter_card":"summary_large_image","twitter_misc":{"Gesch\u00e4tzte Lesezeit":"2\u00a0Minuten"},"schema":{"@context":"https:\/\/schema.org","@graph":[{"@type":"WebPage","@id":"https:\/\/www.parfumerie-arabe.com\/produit\/eau-de-parfum-opulent-oud-100ml-lattafa\/","url":"https:\/\/www.parfumerie-arabe.com\/produit\/eau-de-parfum-opulent-oud-100ml-lattafa\/","name":"Opulent Oud I Eau de Parfum 100ml I Lattafa Collection","isPartOf":{"@id":"https:\/\/www.parfumerie-arabe.com\/#website"},"primaryImageOfPage":{"@id":"https:\/\/www.parfumerie-arabe.com\/produit\/eau-de-parfum-opulent-oud-100ml-lattafa\/#primaryimage"},"image":{"@id":"https:\/\/www.parfumerie-arabe.com\/produit\/eau-de-parfum-opulent-oud-100ml-lattafa\/#primaryimage"},"thumbnailUrl":"https:\/\/www.parfumerie-arabe.com\/wp-content\/uploads\/2022\/08\/opulent-Oud-lattafa-eau-de-parfum-.jpg","datePublished":"2022-08-20T17:13:27+00:00","dateModified":"2026-04-09T14:40:38+00:00","description":"Opulent Oud von Lattafa ist ein k\u00f6stlicher und spritziger orientalischer Duft, der den Mann in Ihnen zum Vorschein bringen wird. Adoptieren Sie ihn schnell!","breadcrumb":{"@id":"https:\/\/www.parfumerie-arabe.com\/produit\/eau-de-parfum-opulent-oud-100ml-lattafa\/#breadcrumb"},"inLanguage":"de","potentialAction":[{"@type":"ReadAction","target":["https:\/\/www.parfumerie-arabe.com\/produit\/eau-de-parfum-opulent-oud-100ml-lattafa\/"]}]},{"@type":"ImageObject","inLanguage":"de","@id":"https:\/\/www.parfumerie-arabe.com\/produit\/eau-de-parfum-opulent-oud-100ml-lattafa\/#primaryimage","url":"https:\/\/www.parfumerie-arabe.com\/wp-content\/uploads\/2022\/08\/opulent-Oud-lattafa-eau-de-parfum-.jpg","contentUrl":"https:\/\/www.parfumerie-arabe.com\/wp-content\/uploads\/2022\/08\/opulent-Oud-lattafa-eau-de-parfum-.jpg","width":1080,"height":1080,"caption":"Opulent Oud lattafa eau de parfum"},{"@type":"BreadcrumbList","@id":"https:\/\/www.parfumerie-arabe.com\/produit\/eau-de-parfum-opulent-oud-100ml-lattafa\/#breadcrumb","itemListElement":[{"@type":"ListItem","position":1,"name":"Accueil","item":"https:\/\/www.parfumerie-arabe.com\/"},{"@type":"ListItem","position":2,"name":"Boutique","item":"https:\/\/www.parfumerie-arabe.com\/boutique\/"},{"@type":"ListItem","position":3,"name":"Eau de parfum Opulent Oud 100ml \u2013 Lattafa"}]},{"@type":"WebSite","@id":"https:\/\/www.parfumerie-arabe.com\/#website","url":"https:\/\/www.parfumerie-arabe.com\/","name":"Arabische Parf\u00fcmerie","description":"","publisher":{"@id":"https:\/\/www.parfumerie-arabe.com\/#organization"},"potentialAction":[{"@type":"SearchAction","target":{"@type":"EntryPoint","urlTemplate":"https:\/\/www.parfumerie-arabe.com\/?s={search_term_string}"},"query-input":{"@type":"PropertyValueSpecification","valueRequired":true,"valueName":"search_term_string"}}],"inLanguage":"de"},{"@type":"Organization","@id":"https:\/\/www.parfumerie-arabe.com\/#organization","name":"Arabische Parf\u00fcmerie","url":"https:\/\/www.parfumerie-arabe.com\/","logo":{"@type":"ImageObject","inLanguage":"de","@id":"https:\/\/www.parfumerie-arabe.com\/#\/schema\/logo\/image\/","url":"https:\/\/www.parfumerie-arabe.com\/wp-content\/uploads\/2022\/08\/logo-parfumerie-arabe.png","contentUrl":"https:\/\/www.parfumerie-arabe.com\/wp-content\/uploads\/2022\/08\/logo-parfumerie-arabe.png","width":600,"height":171,"caption":"Parfumerie arabe"},"image":{"@id":"https:\/\/www.parfumerie-arabe.com\/#\/schema\/logo\/image\/"}}]}},"_links":{"self":[{"href":"https:\/\/www.parfumerie-arabe.com\/de\/wp-json\/wp\/v2\/product\/159","targetHints":{"allow":["GET"]}}],"collection":[{"href":"https:\/\/www.parfumerie-arabe.com\/de\/wp-json\/wp\/v2\/product"}],"about":[{"href":"https:\/\/www.parfumerie-arabe.com\/de\/wp-json\/wp\/v2\/types\/product"}],"wp:featuredmedia":[{"embeddable":true,"href":"https:\/\/www.parfumerie-arabe.com\/de\/wp-json\/wp\/v2\/media\/648"}],"wp:attachment":[{"href":"https:\/\/www.parfumerie-arabe.com\/de\/wp-json\/wp\/v2\/media?parent=159"}],"wp:term":[{"taxonomy":"product_brand","embeddable":true,"href":"https:\/\/www.parfumerie-arabe.com\/de\/wp-json\/wp\/v2\/product_brand?post=159"},{"taxonomy":"product_cat","embeddable":true,"href":"https:\/\/www.parfumerie-arabe.com\/de\/wp-json\/wp\/v2\/product_cat?post=159"},{"taxonomy":"product_tag","embeddable":true,"href":"https:\/\/www.parfumerie-arabe.com\/de\/wp-json\/wp\/v2\/product_tag?post=159"}],"curies":[{"name":"wp","href":"https:\/\/api.w.org\/{rel}","templated":true}]}}