{"id":1686,"date":"2023-02-20T14:40:58","date_gmt":"2023-02-20T14:40:58","guid":{"rendered":"https:\/\/www.parfumerie-arabe.com\/?post_type=product&#038;p=1686"},"modified":"2025-12-05T16:09:21","modified_gmt":"2025-12-05T16:09:21","slug":"keratin-ricinus-glanz-nachwachsen-fur-trockenes-und-geschadigtes-haar-kera-queens","status":"publish","type":"product","link":"https:\/\/www.parfumerie-arabe.com\/de\/produit\/gamme-keratine-ricin-eclat-repousse-pour-cheveux-sec-et-abimes-kera-queens\/","title":{"rendered":"Keratin &amp; Ricin Serie: Glanz &amp; Wachstum f\u00fcr trockenes und gesch\u00e4digtes Haar - Kera Queen's"},"content":{"rendered":"","protected":false},"excerpt":{"rendered":"<p><strong>Name:<\/strong> Keratin &amp; Ricin Reihe<br \/>\n<strong>Marke :<\/strong> Kera Queen's<\/p>\n<p><strong>Keratin &amp; Rizinus\u00f6l-Reihe :<\/strong> Glanz &amp; Nachwachsen. Geeignet f\u00fcr trockenes und gesch\u00e4digtes Haar. Sulfat- und parabenfreies Keratin.<\/p>\n<p class=\"st-po\"><strong>Enth\u00e4lt 3 Produkte :<\/strong><\/p>\n<ul class=\"st-no\">\n<li><strong>Shampoo Glanz &amp; Wachstum<\/strong>\u00a0(Keratin &amp; Rizinus\u00f6l) - 500 ml<\/li>\n<li><strong>Maske f\u00fcr Ausstrahlung &amp; Nachwachsen<\/strong>\u00a0(Keratin &amp; Rizinus\u00f6l) - 500 ml<\/li>\n<li><strong>Serum Ausstrahlung &amp; Nachwachsen<\/strong>\u00a0(Keratin &amp; Rizinus\u00f6l) - 100 ml<\/li>\n<\/ul>","protected":false},"featured_media":1707,"template":"","meta":[],"product_brand":[],"product_cat":[119,120,121],"product_tag":[],"class_list":{"0":"post-1686","1":"product","2":"type-product","3":"status-publish","4":"has-post-thumbnail","6":"product_cat-botox-capillaire","7":"product_cat-botox-capillaire-keratine","8":"product_cat-kera-queens","10":"first","11":"instock","12":"taxable","13":"shipping-taxable","14":"purchasable","15":"product-type-simple"},"yoast_head":"<!-- This site is optimized with the Yoast SEO plugin v27.4 - https:\/\/yoast.com\/product\/yoast-seo-wordpress\/ -->\n<title>Gamme K\u00e9ratine &amp; Ricin : \u00c9clat &amp; Repousse pour Cheveux Sec et Ab\u00eem\u00e9s - Kera Queen&#039;s - Parfumerie Arabe<\/title>\n<meta name=\"robots\" content=\"index, follow, max-snippet:-1, max-image-preview:large, max-video-preview:-1\" \/>\n<link rel=\"canonical\" href=\"https:\/\/www.parfumerie-arabe.com\/de\/produkt\/keratin-ricinus-glanz-nachwachsen-fur-trockenes-und-geschadigtes-haar-kera-queens\/\" \/>\n<meta property=\"og:locale\" content=\"de_DE\" \/>\n<meta property=\"og:type\" content=\"article\" \/>\n<meta property=\"og:title\" content=\"Gamme K\u00e9ratine &amp; Ricin : \u00c9clat &amp; Repousse pour Cheveux Sec et Ab\u00eem\u00e9s - Kera Queen&#039;s - Parfumerie Arabe\" \/>\n<meta property=\"og:description\" content=\"Nom : Gamme K\u00e9ratine &amp; Ricin Marque : Kera Queen&#039;s  Gamme K\u00e9ratine &amp; Ricin\u00a0: \u00c9clat &amp; Repousse. Convient pour Cheveux Sec et Ab\u00eem\u00e9s. K\u00e9ratine Sans Sulfate et Sans Paraben. Contient 3 produits :    Shampoing \u00c9clat &amp; Repousse\u00a0(K\u00e9ratine &amp; Ricin) - 500 ml  Masque \u00c9clat &amp; Repousse\u00a0(K\u00e9ratine &amp; Ricin) - 500 ml  S\u00e9rum \u00c9clat &amp; Repousse\u00a0(K\u00e9ratine &amp; Ricin) - 100 ml\" \/>\n<meta property=\"og:url\" content=\"https:\/\/www.parfumerie-arabe.com\/de\/produkt\/keratin-ricinus-glanz-nachwachsen-fur-trockenes-und-geschadigtes-haar-kera-queens\/\" \/>\n<meta property=\"og:site_name\" content=\"Parfumerie Arabe\" \/>\n<meta property=\"article:modified_time\" content=\"2025-12-05T16:09:21+00:00\" \/>\n<meta property=\"og:image\" content=\"https:\/\/www.parfumerie-arabe.com\/wp-content\/uploads\/2023\/02\/p-98.jpg\" \/>\n\t<meta property=\"og:image:width\" content=\"750\" \/>\n\t<meta property=\"og:image:height\" content=\"750\" \/>\n\t<meta property=\"og:image:type\" content=\"image\/jpeg\" \/>\n<meta name=\"twitter:card\" content=\"summary_large_image\" \/>\n<script type=\"application\/ld+json\" class=\"yoast-schema-graph\">{\"@context\":\"https:\\\/\\\/schema.org\",\"@graph\":[{\"@type\":\"WebPage\",\"@id\":\"https:\\\/\\\/www.parfumerie-arabe.com\\\/produit\\\/gamme-keratine-ricin-eclat-repousse-pour-cheveux-sec-et-abimes-kera-queens\\\/\",\"url\":\"https:\\\/\\\/www.parfumerie-arabe.com\\\/produit\\\/gamme-keratine-ricin-eclat-repousse-pour-cheveux-sec-et-abimes-kera-queens\\\/\",\"name\":\"Gamme K\u00e9ratine & Ricin : \u00c9clat & Repousse pour Cheveux Sec et Ab\u00eem\u00e9s - Kera Queen's - Parfumerie Arabe\",\"isPartOf\":{\"@id\":\"https:\\\/\\\/www.parfumerie-arabe.com\\\/#website\"},\"primaryImageOfPage\":{\"@id\":\"https:\\\/\\\/www.parfumerie-arabe.com\\\/produit\\\/gamme-keratine-ricin-eclat-repousse-pour-cheveux-sec-et-abimes-kera-queens\\\/#primaryimage\"},\"image\":{\"@id\":\"https:\\\/\\\/www.parfumerie-arabe.com\\\/produit\\\/gamme-keratine-ricin-eclat-repousse-pour-cheveux-sec-et-abimes-kera-queens\\\/#primaryimage\"},\"thumbnailUrl\":\"https:\\\/\\\/www.parfumerie-arabe.com\\\/wp-content\\\/uploads\\\/2023\\\/02\\\/p-98.jpg\",\"datePublished\":\"2023-02-20T14:40:58+00:00\",\"dateModified\":\"2025-12-05T16:09:21+00:00\",\"breadcrumb\":{\"@id\":\"https:\\\/\\\/www.parfumerie-arabe.com\\\/produit\\\/gamme-keratine-ricin-eclat-repousse-pour-cheveux-sec-et-abimes-kera-queens\\\/#breadcrumb\"},\"inLanguage\":\"de\",\"potentialAction\":[{\"@type\":\"ReadAction\",\"target\":[\"https:\\\/\\\/www.parfumerie-arabe.com\\\/produit\\\/gamme-keratine-ricin-eclat-repousse-pour-cheveux-sec-et-abimes-kera-queens\\\/\"]}]},{\"@type\":\"ImageObject\",\"inLanguage\":\"de\",\"@id\":\"https:\\\/\\\/www.parfumerie-arabe.com\\\/produit\\\/gamme-keratine-ricin-eclat-repousse-pour-cheveux-sec-et-abimes-kera-queens\\\/#primaryimage\",\"url\":\"https:\\\/\\\/www.parfumerie-arabe.com\\\/wp-content\\\/uploads\\\/2023\\\/02\\\/p-98.jpg\",\"contentUrl\":\"https:\\\/\\\/www.parfumerie-arabe.com\\\/wp-content\\\/uploads\\\/2023\\\/02\\\/p-98.jpg\",\"width\":750,\"height\":750},{\"@type\":\"BreadcrumbList\",\"@id\":\"https:\\\/\\\/www.parfumerie-arabe.com\\\/produit\\\/gamme-keratine-ricin-eclat-repousse-pour-cheveux-sec-et-abimes-kera-queens\\\/#breadcrumb\",\"itemListElement\":[{\"@type\":\"ListItem\",\"position\":1,\"name\":\"Accueil\",\"item\":\"https:\\\/\\\/www.parfumerie-arabe.com\\\/\"},{\"@type\":\"ListItem\",\"position\":2,\"name\":\"Boutique\",\"item\":\"https:\\\/\\\/www.parfumerie-arabe.com\\\/boutique\\\/\"},{\"@type\":\"ListItem\",\"position\":3,\"name\":\"Gamme K\u00e9ratine &#038; Ricin : \u00c9clat &#038; Repousse pour Cheveux Sec et Ab\u00eem\u00e9s &#8211; Kera Queen&rsquo;s\"}]},{\"@type\":\"WebSite\",\"@id\":\"https:\\\/\\\/www.parfumerie-arabe.com\\\/#website\",\"url\":\"https:\\\/\\\/www.parfumerie-arabe.com\\\/\",\"name\":\"Parfumerie Arabe\",\"description\":\"\",\"publisher\":{\"@id\":\"https:\\\/\\\/www.parfumerie-arabe.com\\\/#organization\"},\"potentialAction\":[{\"@type\":\"SearchAction\",\"target\":{\"@type\":\"EntryPoint\",\"urlTemplate\":\"https:\\\/\\\/www.parfumerie-arabe.com\\\/?s={search_term_string}\"},\"query-input\":{\"@type\":\"PropertyValueSpecification\",\"valueRequired\":true,\"valueName\":\"search_term_string\"}}],\"inLanguage\":\"de\"},{\"@type\":\"Organization\",\"@id\":\"https:\\\/\\\/www.parfumerie-arabe.com\\\/#organization\",\"name\":\"Parfumerie arabe\",\"url\":\"https:\\\/\\\/www.parfumerie-arabe.com\\\/\",\"logo\":{\"@type\":\"ImageObject\",\"inLanguage\":\"de\",\"@id\":\"https:\\\/\\\/www.parfumerie-arabe.com\\\/#\\\/schema\\\/logo\\\/image\\\/\",\"url\":\"https:\\\/\\\/www.parfumerie-arabe.com\\\/wp-content\\\/uploads\\\/2022\\\/08\\\/logo-parfumerie-arabe.png\",\"contentUrl\":\"https:\\\/\\\/www.parfumerie-arabe.com\\\/wp-content\\\/uploads\\\/2022\\\/08\\\/logo-parfumerie-arabe.png\",\"width\":600,\"height\":171,\"caption\":\"Parfumerie arabe\"},\"image\":{\"@id\":\"https:\\\/\\\/www.parfumerie-arabe.com\\\/#\\\/schema\\\/logo\\\/image\\\/\"}}]}<\/script>\n<!-- \/ Yoast SEO plugin. -->","yoast_head_json":{"title":"Keratin &amp; Ricin Serie: Glanz &amp; Wachstum f\u00fcr trockenes und gesch\u00e4digtes Haar - Kera Queen's - Arabische Parf\u00fcmerie","robots":{"index":"index","follow":"follow","max-snippet":"max-snippet:-1","max-image-preview":"max-image-preview:large","max-video-preview":"max-video-preview:-1"},"canonical":"https:\/\/www.parfumerie-arabe.com\/de\/produkt\/keratin-ricinus-glanz-nachwachsen-fur-trockenes-und-geschadigtes-haar-kera-queens\/","og_locale":"de_DE","og_type":"article","og_title":"Gamme K\u00e9ratine & Ricin : \u00c9clat & Repousse pour Cheveux Sec et Ab\u00eem\u00e9s - Kera Queen's - Parfumerie Arabe","og_description":"Nom : Gamme K\u00e9ratine &amp; Ricin Marque : Kera Queen's  Gamme K\u00e9ratine &amp; Ricin\u00a0: \u00c9clat &amp; Repousse. Convient pour Cheveux Sec et Ab\u00eem\u00e9s. K\u00e9ratine Sans Sulfate et Sans Paraben. Contient 3 produits :    Shampoing \u00c9clat &amp; Repousse\u00a0(K\u00e9ratine &amp; Ricin) - 500 ml  Masque \u00c9clat &amp; Repousse\u00a0(K\u00e9ratine &amp; Ricin) - 500 ml  S\u00e9rum \u00c9clat &amp; Repousse\u00a0(K\u00e9ratine &amp; Ricin) - 100 ml","og_url":"https:\/\/www.parfumerie-arabe.com\/de\/produkt\/keratin-ricinus-glanz-nachwachsen-fur-trockenes-und-geschadigtes-haar-kera-queens\/","og_site_name":"Parfumerie Arabe","article_modified_time":"2025-12-05T16:09:21+00:00","og_image":[{"width":750,"height":750,"url":"https:\/\/www.parfumerie-arabe.com\/wp-content\/uploads\/2023\/02\/p-98.jpg","type":"image\/jpeg"}],"twitter_card":"summary_large_image","schema":{"@context":"https:\/\/schema.org","@graph":[{"@type":"WebPage","@id":"https:\/\/www.parfumerie-arabe.com\/produit\/gamme-keratine-ricin-eclat-repousse-pour-cheveux-sec-et-abimes-kera-queens\/","url":"https:\/\/www.parfumerie-arabe.com\/produit\/gamme-keratine-ricin-eclat-repousse-pour-cheveux-sec-et-abimes-kera-queens\/","name":"Keratin &amp; Ricin Serie: Glanz &amp; Wachstum f\u00fcr trockenes und gesch\u00e4digtes Haar - Kera Queen's - Arabische Parf\u00fcmerie","isPartOf":{"@id":"https:\/\/www.parfumerie-arabe.com\/#website"},"primaryImageOfPage":{"@id":"https:\/\/www.parfumerie-arabe.com\/produit\/gamme-keratine-ricin-eclat-repousse-pour-cheveux-sec-et-abimes-kera-queens\/#primaryimage"},"image":{"@id":"https:\/\/www.parfumerie-arabe.com\/produit\/gamme-keratine-ricin-eclat-repousse-pour-cheveux-sec-et-abimes-kera-queens\/#primaryimage"},"thumbnailUrl":"https:\/\/www.parfumerie-arabe.com\/wp-content\/uploads\/2023\/02\/p-98.jpg","datePublished":"2023-02-20T14:40:58+00:00","dateModified":"2025-12-05T16:09:21+00:00","breadcrumb":{"@id":"https:\/\/www.parfumerie-arabe.com\/produit\/gamme-keratine-ricin-eclat-repousse-pour-cheveux-sec-et-abimes-kera-queens\/#breadcrumb"},"inLanguage":"de","potentialAction":[{"@type":"ReadAction","target":["https:\/\/www.parfumerie-arabe.com\/produit\/gamme-keratine-ricin-eclat-repousse-pour-cheveux-sec-et-abimes-kera-queens\/"]}]},{"@type":"ImageObject","inLanguage":"de","@id":"https:\/\/www.parfumerie-arabe.com\/produit\/gamme-keratine-ricin-eclat-repousse-pour-cheveux-sec-et-abimes-kera-queens\/#primaryimage","url":"https:\/\/www.parfumerie-arabe.com\/wp-content\/uploads\/2023\/02\/p-98.jpg","contentUrl":"https:\/\/www.parfumerie-arabe.com\/wp-content\/uploads\/2023\/02\/p-98.jpg","width":750,"height":750},{"@type":"BreadcrumbList","@id":"https:\/\/www.parfumerie-arabe.com\/produit\/gamme-keratine-ricin-eclat-repousse-pour-cheveux-sec-et-abimes-kera-queens\/#breadcrumb","itemListElement":[{"@type":"ListItem","position":1,"name":"Accueil","item":"https:\/\/www.parfumerie-arabe.com\/"},{"@type":"ListItem","position":2,"name":"Boutique","item":"https:\/\/www.parfumerie-arabe.com\/boutique\/"},{"@type":"ListItem","position":3,"name":"Gamme K\u00e9ratine &#038; Ricin : \u00c9clat &#038; Repousse pour Cheveux Sec et Ab\u00eem\u00e9s &#8211; Kera Queen&rsquo;s"}]},{"@type":"WebSite","@id":"https:\/\/www.parfumerie-arabe.com\/#website","url":"https:\/\/www.parfumerie-arabe.com\/","name":"Arabische Parf\u00fcmerie","description":"","publisher":{"@id":"https:\/\/www.parfumerie-arabe.com\/#organization"},"potentialAction":[{"@type":"SearchAction","target":{"@type":"EntryPoint","urlTemplate":"https:\/\/www.parfumerie-arabe.com\/?s={search_term_string}"},"query-input":{"@type":"PropertyValueSpecification","valueRequired":true,"valueName":"search_term_string"}}],"inLanguage":"de"},{"@type":"Organization","@id":"https:\/\/www.parfumerie-arabe.com\/#organization","name":"Arabische Parf\u00fcmerie","url":"https:\/\/www.parfumerie-arabe.com\/","logo":{"@type":"ImageObject","inLanguage":"de","@id":"https:\/\/www.parfumerie-arabe.com\/#\/schema\/logo\/image\/","url":"https:\/\/www.parfumerie-arabe.com\/wp-content\/uploads\/2022\/08\/logo-parfumerie-arabe.png","contentUrl":"https:\/\/www.parfumerie-arabe.com\/wp-content\/uploads\/2022\/08\/logo-parfumerie-arabe.png","width":600,"height":171,"caption":"Parfumerie arabe"},"image":{"@id":"https:\/\/www.parfumerie-arabe.com\/#\/schema\/logo\/image\/"}}]}},"_links":{"self":[{"href":"https:\/\/www.parfumerie-arabe.com\/de\/wp-json\/wp\/v2\/product\/1686","targetHints":{"allow":["GET"]}}],"collection":[{"href":"https:\/\/www.parfumerie-arabe.com\/de\/wp-json\/wp\/v2\/product"}],"about":[{"href":"https:\/\/www.parfumerie-arabe.com\/de\/wp-json\/wp\/v2\/types\/product"}],"wp:featuredmedia":[{"embeddable":true,"href":"https:\/\/www.parfumerie-arabe.com\/de\/wp-json\/wp\/v2\/media\/1707"}],"wp:attachment":[{"href":"https:\/\/www.parfumerie-arabe.com\/de\/wp-json\/wp\/v2\/media?parent=1686"}],"wp:term":[{"taxonomy":"product_brand","embeddable":true,"href":"https:\/\/www.parfumerie-arabe.com\/de\/wp-json\/wp\/v2\/product_brand?post=1686"},{"taxonomy":"product_cat","embeddable":true,"href":"https:\/\/www.parfumerie-arabe.com\/de\/wp-json\/wp\/v2\/product_cat?post=1686"},{"taxonomy":"product_tag","embeddable":true,"href":"https:\/\/www.parfumerie-arabe.com\/de\/wp-json\/wp\/v2\/product_tag?post=1686"}],"curies":[{"name":"wp","href":"https:\/\/api.w.org\/{rel}","templated":true}]}}