{"id":1694,"date":"2023-02-20T14:40:58","date_gmt":"2023-02-20T14:40:58","guid":{"rendered":"https:\/\/www.parfumerie-arabe.com\/?post_type=product&#038;p=1694"},"modified":"2025-11-18T18:28:12","modified_gmt":"2025-11-18T18:28:12","slug":"botox-serie-keratin-und-argan-shampoo-pflege-kera-queens","status":"publish","type":"product","link":"https:\/\/www.parfumerie-arabe.com\/de\/produit\/gamme-botox-keratine-et-argan-shampoing-soin-kera-queens\/","title":{"rendered":"Botox-Serie Keratin und Argan Shampoo &amp; Pflege - Kera Queen's"},"content":{"rendered":"","protected":false},"excerpt":{"rendered":"<p><strong>Name:<\/strong> Botox Keratin Argan-Serie Shampoo &amp; Pflege<br \/>\n<strong>Marke :<\/strong> Kera Queen's<\/p>\n<p><strong>Botox-Serie mit Argan-Keratin :<\/strong> Die Lifting-Linie mit Argan\u00f6l und Keratin ist eine einzigartige Formel, die mit Vitamin E angereichert ist. Argan\u00f6l ist ein guter Verb\u00fcndeter, um wieder zu strahlendem Haar zu gelangen. Es versorgt gesch\u00e4digtes Haar mit wichtigen N\u00e4hrstoffen.<\/p>\n<p class=\"st-po\"><strong>Enth\u00e4lt 2 Produkte :<\/strong><\/p>\n<ul class=\"st-no\">\n<li><strong>Botox-Shampoo mit Argan-Keratin<\/strong>\u00a0- 500 ml<\/li>\n<li><strong>Botox-Behandlung mit Argan-Keratin<\/strong>\u00a0- 500 ml<\/li>\n<\/ul>","protected":false},"featured_media":1715,"template":"","meta":[],"product_brand":[],"product_cat":[119,120,121],"product_tag":[],"class_list":{"0":"post-1694","1":"product","2":"type-product","3":"status-publish","4":"has-post-thumbnail","6":"product_cat-botox-capillaire","7":"product_cat-botox-capillaire-keratine","8":"product_cat-kera-queens","10":"first","11":"outofstock","12":"taxable","13":"shipping-taxable","14":"purchasable","15":"product-type-simple"},"yoast_head":"<!-- This site is optimized with the Yoast SEO plugin v27.4 - https:\/\/yoast.com\/product\/yoast-seo-wordpress\/ -->\n<title>Gamme Botox K\u00e9ratine et argan Shampoing &amp; Soin - Kera Queen&#039;s - Parfumerie Arabe<\/title>\n<meta name=\"robots\" content=\"index, follow, max-snippet:-1, max-image-preview:large, max-video-preview:-1\" \/>\n<link rel=\"canonical\" href=\"https:\/\/www.parfumerie-arabe.com\/de\/produkt\/botox-serie-keratin-und-argan-shampoo-pflege-kera-queens\/\" \/>\n<meta property=\"og:locale\" content=\"de_DE\" \/>\n<meta property=\"og:type\" content=\"article\" \/>\n<meta property=\"og:title\" content=\"Gamme Botox K\u00e9ratine et argan Shampoing &amp; Soin - Kera Queen&#039;s - Parfumerie Arabe\" \/>\n<meta property=\"og:description\" content=\"Nom : Gamme Botox K\u00e9ratine argan Shampoing &amp; Soin Marque : Kera Queen&#039;s  Gamme Botox \u00e0 la K\u00e9ratine argan : La gamme lifting \u00e0 l\u2019huile d\u2019argan et k\u00e9ratine est une formule unique enrichie en vitamine E. L\u2019huile d\u2019argan est un bon alli\u00e9 pour retrouver des cheveux \u00e9clatants. Elle apporte les nutriments essentiels aux cheveux ab\u00eem\u00e9s. Contient 2 produits :    Shampoing Botox \u00e0 la K\u00e9ratine argan\u00a0- 500 ml  Soin Botox \u00e0 la K\u00e9ratine argan\u00a0- 500 ml\" \/>\n<meta property=\"og:url\" content=\"https:\/\/www.parfumerie-arabe.com\/de\/produkt\/botox-serie-keratin-und-argan-shampoo-pflege-kera-queens\/\" \/>\n<meta property=\"og:site_name\" content=\"Parfumerie Arabe\" \/>\n<meta property=\"article:modified_time\" content=\"2025-11-18T18:28:12+00:00\" \/>\n<meta property=\"og:image\" content=\"https:\/\/www.parfumerie-arabe.com\/wp-content\/uploads\/2023\/02\/duo-lifting-capillaire-keratine-argan.jpg.jpg\" \/>\n\t<meta property=\"og:image:width\" content=\"600\" \/>\n\t<meta property=\"og:image:height\" content=\"600\" \/>\n\t<meta property=\"og:image:type\" content=\"image\/jpeg\" \/>\n<meta name=\"twitter:card\" content=\"summary_large_image\" \/>\n<script type=\"application\/ld+json\" class=\"yoast-schema-graph\">{\"@context\":\"https:\\\/\\\/schema.org\",\"@graph\":[{\"@type\":\"WebPage\",\"@id\":\"https:\\\/\\\/www.parfumerie-arabe.com\\\/produit\\\/gamme-botox-keratine-et-argan-shampoing-soin-kera-queens\\\/\",\"url\":\"https:\\\/\\\/www.parfumerie-arabe.com\\\/produit\\\/gamme-botox-keratine-et-argan-shampoing-soin-kera-queens\\\/\",\"name\":\"Gamme Botox K\u00e9ratine et argan Shampoing & Soin - Kera Queen's - Parfumerie Arabe\",\"isPartOf\":{\"@id\":\"https:\\\/\\\/www.parfumerie-arabe.com\\\/#website\"},\"primaryImageOfPage\":{\"@id\":\"https:\\\/\\\/www.parfumerie-arabe.com\\\/produit\\\/gamme-botox-keratine-et-argan-shampoing-soin-kera-queens\\\/#primaryimage\"},\"image\":{\"@id\":\"https:\\\/\\\/www.parfumerie-arabe.com\\\/produit\\\/gamme-botox-keratine-et-argan-shampoing-soin-kera-queens\\\/#primaryimage\"},\"thumbnailUrl\":\"https:\\\/\\\/www.parfumerie-arabe.com\\\/wp-content\\\/uploads\\\/2023\\\/02\\\/duo-lifting-capillaire-keratine-argan.jpg.jpg\",\"datePublished\":\"2023-02-20T14:40:58+00:00\",\"dateModified\":\"2025-11-18T18:28:12+00:00\",\"breadcrumb\":{\"@id\":\"https:\\\/\\\/www.parfumerie-arabe.com\\\/produit\\\/gamme-botox-keratine-et-argan-shampoing-soin-kera-queens\\\/#breadcrumb\"},\"inLanguage\":\"de\",\"potentialAction\":[{\"@type\":\"ReadAction\",\"target\":[\"https:\\\/\\\/www.parfumerie-arabe.com\\\/produit\\\/gamme-botox-keratine-et-argan-shampoing-soin-kera-queens\\\/\"]}]},{\"@type\":\"ImageObject\",\"inLanguage\":\"de\",\"@id\":\"https:\\\/\\\/www.parfumerie-arabe.com\\\/produit\\\/gamme-botox-keratine-et-argan-shampoing-soin-kera-queens\\\/#primaryimage\",\"url\":\"https:\\\/\\\/www.parfumerie-arabe.com\\\/wp-content\\\/uploads\\\/2023\\\/02\\\/duo-lifting-capillaire-keratine-argan.jpg.jpg\",\"contentUrl\":\"https:\\\/\\\/www.parfumerie-arabe.com\\\/wp-content\\\/uploads\\\/2023\\\/02\\\/duo-lifting-capillaire-keratine-argan.jpg.jpg\",\"width\":600,\"height\":600},{\"@type\":\"BreadcrumbList\",\"@id\":\"https:\\\/\\\/www.parfumerie-arabe.com\\\/produit\\\/gamme-botox-keratine-et-argan-shampoing-soin-kera-queens\\\/#breadcrumb\",\"itemListElement\":[{\"@type\":\"ListItem\",\"position\":1,\"name\":\"Accueil\",\"item\":\"https:\\\/\\\/www.parfumerie-arabe.com\\\/\"},{\"@type\":\"ListItem\",\"position\":2,\"name\":\"Boutique\",\"item\":\"https:\\\/\\\/www.parfumerie-arabe.com\\\/boutique\\\/\"},{\"@type\":\"ListItem\",\"position\":3,\"name\":\"Gamme Botox K\u00e9ratine et argan Shampoing &#038; Soin &#8211; Kera Queen&rsquo;s\"}]},{\"@type\":\"WebSite\",\"@id\":\"https:\\\/\\\/www.parfumerie-arabe.com\\\/#website\",\"url\":\"https:\\\/\\\/www.parfumerie-arabe.com\\\/\",\"name\":\"Parfumerie Arabe\",\"description\":\"\",\"publisher\":{\"@id\":\"https:\\\/\\\/www.parfumerie-arabe.com\\\/#organization\"},\"potentialAction\":[{\"@type\":\"SearchAction\",\"target\":{\"@type\":\"EntryPoint\",\"urlTemplate\":\"https:\\\/\\\/www.parfumerie-arabe.com\\\/?s={search_term_string}\"},\"query-input\":{\"@type\":\"PropertyValueSpecification\",\"valueRequired\":true,\"valueName\":\"search_term_string\"}}],\"inLanguage\":\"de\"},{\"@type\":\"Organization\",\"@id\":\"https:\\\/\\\/www.parfumerie-arabe.com\\\/#organization\",\"name\":\"Parfumerie arabe\",\"url\":\"https:\\\/\\\/www.parfumerie-arabe.com\\\/\",\"logo\":{\"@type\":\"ImageObject\",\"inLanguage\":\"de\",\"@id\":\"https:\\\/\\\/www.parfumerie-arabe.com\\\/#\\\/schema\\\/logo\\\/image\\\/\",\"url\":\"https:\\\/\\\/www.parfumerie-arabe.com\\\/wp-content\\\/uploads\\\/2022\\\/08\\\/logo-parfumerie-arabe.png\",\"contentUrl\":\"https:\\\/\\\/www.parfumerie-arabe.com\\\/wp-content\\\/uploads\\\/2022\\\/08\\\/logo-parfumerie-arabe.png\",\"width\":600,\"height\":171,\"caption\":\"Parfumerie arabe\"},\"image\":{\"@id\":\"https:\\\/\\\/www.parfumerie-arabe.com\\\/#\\\/schema\\\/logo\\\/image\\\/\"}}]}<\/script>\n<!-- \/ Yoast SEO plugin. -->","yoast_head_json":{"title":"Botox-Serie Keratin und Argan Shampoo &amp; Pflege - Kera Queen's - Arabische Parf\u00fcmerie","robots":{"index":"index","follow":"follow","max-snippet":"max-snippet:-1","max-image-preview":"max-image-preview:large","max-video-preview":"max-video-preview:-1"},"canonical":"https:\/\/www.parfumerie-arabe.com\/de\/produkt\/botox-serie-keratin-und-argan-shampoo-pflege-kera-queens\/","og_locale":"de_DE","og_type":"article","og_title":"Gamme Botox K\u00e9ratine et argan Shampoing & Soin - Kera Queen's - Parfumerie Arabe","og_description":"Nom : Gamme Botox K\u00e9ratine argan Shampoing &amp; Soin Marque : Kera Queen's  Gamme Botox \u00e0 la K\u00e9ratine argan : La gamme lifting \u00e0 l\u2019huile d\u2019argan et k\u00e9ratine est une formule unique enrichie en vitamine E. L\u2019huile d\u2019argan est un bon alli\u00e9 pour retrouver des cheveux \u00e9clatants. Elle apporte les nutriments essentiels aux cheveux ab\u00eem\u00e9s. Contient 2 produits :    Shampoing Botox \u00e0 la K\u00e9ratine argan\u00a0- 500 ml  Soin Botox \u00e0 la K\u00e9ratine argan\u00a0- 500 ml","og_url":"https:\/\/www.parfumerie-arabe.com\/de\/produkt\/botox-serie-keratin-und-argan-shampoo-pflege-kera-queens\/","og_site_name":"Parfumerie Arabe","article_modified_time":"2025-11-18T18:28:12+00:00","og_image":[{"width":600,"height":600,"url":"https:\/\/www.parfumerie-arabe.com\/wp-content\/uploads\/2023\/02\/duo-lifting-capillaire-keratine-argan.jpg.jpg","type":"image\/jpeg"}],"twitter_card":"summary_large_image","schema":{"@context":"https:\/\/schema.org","@graph":[{"@type":"WebPage","@id":"https:\/\/www.parfumerie-arabe.com\/produit\/gamme-botox-keratine-et-argan-shampoing-soin-kera-queens\/","url":"https:\/\/www.parfumerie-arabe.com\/produit\/gamme-botox-keratine-et-argan-shampoing-soin-kera-queens\/","name":"Botox-Serie Keratin und Argan Shampoo &amp; Pflege - Kera Queen's - Arabische Parf\u00fcmerie","isPartOf":{"@id":"https:\/\/www.parfumerie-arabe.com\/#website"},"primaryImageOfPage":{"@id":"https:\/\/www.parfumerie-arabe.com\/produit\/gamme-botox-keratine-et-argan-shampoing-soin-kera-queens\/#primaryimage"},"image":{"@id":"https:\/\/www.parfumerie-arabe.com\/produit\/gamme-botox-keratine-et-argan-shampoing-soin-kera-queens\/#primaryimage"},"thumbnailUrl":"https:\/\/www.parfumerie-arabe.com\/wp-content\/uploads\/2023\/02\/duo-lifting-capillaire-keratine-argan.jpg.jpg","datePublished":"2023-02-20T14:40:58+00:00","dateModified":"2025-11-18T18:28:12+00:00","breadcrumb":{"@id":"https:\/\/www.parfumerie-arabe.com\/produit\/gamme-botox-keratine-et-argan-shampoing-soin-kera-queens\/#breadcrumb"},"inLanguage":"de","potentialAction":[{"@type":"ReadAction","target":["https:\/\/www.parfumerie-arabe.com\/produit\/gamme-botox-keratine-et-argan-shampoing-soin-kera-queens\/"]}]},{"@type":"ImageObject","inLanguage":"de","@id":"https:\/\/www.parfumerie-arabe.com\/produit\/gamme-botox-keratine-et-argan-shampoing-soin-kera-queens\/#primaryimage","url":"https:\/\/www.parfumerie-arabe.com\/wp-content\/uploads\/2023\/02\/duo-lifting-capillaire-keratine-argan.jpg.jpg","contentUrl":"https:\/\/www.parfumerie-arabe.com\/wp-content\/uploads\/2023\/02\/duo-lifting-capillaire-keratine-argan.jpg.jpg","width":600,"height":600},{"@type":"BreadcrumbList","@id":"https:\/\/www.parfumerie-arabe.com\/produit\/gamme-botox-keratine-et-argan-shampoing-soin-kera-queens\/#breadcrumb","itemListElement":[{"@type":"ListItem","position":1,"name":"Accueil","item":"https:\/\/www.parfumerie-arabe.com\/"},{"@type":"ListItem","position":2,"name":"Boutique","item":"https:\/\/www.parfumerie-arabe.com\/boutique\/"},{"@type":"ListItem","position":3,"name":"Gamme Botox K\u00e9ratine et argan Shampoing &#038; Soin &#8211; Kera Queen&rsquo;s"}]},{"@type":"WebSite","@id":"https:\/\/www.parfumerie-arabe.com\/#website","url":"https:\/\/www.parfumerie-arabe.com\/","name":"Arabische Parf\u00fcmerie","description":"","publisher":{"@id":"https:\/\/www.parfumerie-arabe.com\/#organization"},"potentialAction":[{"@type":"SearchAction","target":{"@type":"EntryPoint","urlTemplate":"https:\/\/www.parfumerie-arabe.com\/?s={search_term_string}"},"query-input":{"@type":"PropertyValueSpecification","valueRequired":true,"valueName":"search_term_string"}}],"inLanguage":"de"},{"@type":"Organization","@id":"https:\/\/www.parfumerie-arabe.com\/#organization","name":"Arabische Parf\u00fcmerie","url":"https:\/\/www.parfumerie-arabe.com\/","logo":{"@type":"ImageObject","inLanguage":"de","@id":"https:\/\/www.parfumerie-arabe.com\/#\/schema\/logo\/image\/","url":"https:\/\/www.parfumerie-arabe.com\/wp-content\/uploads\/2022\/08\/logo-parfumerie-arabe.png","contentUrl":"https:\/\/www.parfumerie-arabe.com\/wp-content\/uploads\/2022\/08\/logo-parfumerie-arabe.png","width":600,"height":171,"caption":"Parfumerie arabe"},"image":{"@id":"https:\/\/www.parfumerie-arabe.com\/#\/schema\/logo\/image\/"}}]}},"_links":{"self":[{"href":"https:\/\/www.parfumerie-arabe.com\/de\/wp-json\/wp\/v2\/product\/1694","targetHints":{"allow":["GET"]}}],"collection":[{"href":"https:\/\/www.parfumerie-arabe.com\/de\/wp-json\/wp\/v2\/product"}],"about":[{"href":"https:\/\/www.parfumerie-arabe.com\/de\/wp-json\/wp\/v2\/types\/product"}],"wp:featuredmedia":[{"embeddable":true,"href":"https:\/\/www.parfumerie-arabe.com\/de\/wp-json\/wp\/v2\/media\/1715"}],"wp:attachment":[{"href":"https:\/\/www.parfumerie-arabe.com\/de\/wp-json\/wp\/v2\/media?parent=1694"}],"wp:term":[{"taxonomy":"product_brand","embeddable":true,"href":"https:\/\/www.parfumerie-arabe.com\/de\/wp-json\/wp\/v2\/product_brand?post=1694"},{"taxonomy":"product_cat","embeddable":true,"href":"https:\/\/www.parfumerie-arabe.com\/de\/wp-json\/wp\/v2\/product_cat?post=1694"},{"taxonomy":"product_tag","embeddable":true,"href":"https:\/\/www.parfumerie-arabe.com\/de\/wp-json\/wp\/v2\/product_tag?post=1694"}],"curies":[{"name":"wp","href":"https:\/\/api.w.org\/{rel}","templated":true}]}}