{"id":1823,"date":"2023-02-20T14:56:26","date_gmt":"2023-02-20T14:56:26","guid":{"rendered":"https:\/\/www.parfumerie-arabe.com\/?post_type=product&#038;p=1823"},"modified":"2025-09-09T12:23:52","modified_gmt":"2025-09-09T12:23:52","slug":"bartol-gesicht-68ml-wachstumsaktivator","status":"publish","type":"product","link":"https:\/\/www.parfumerie-arabe.com\/de\/produit\/huile-barbe-visage-68ml-activateur-de-pousse\/","title":{"rendered":"Bart- &amp; Gesichts\u00f6l 68ml - Wachstumsaktivator"},"content":{"rendered":"","protected":false},"excerpt":{"rendered":"<p>Bart\u00f6l f\u00fcr M\u00e4nner<\/p>\n<p><strong>Repariert und aktiviert<\/strong>\u00a0das Nachwachsen von Haaren<\/p>\n<p>Dieses \u00d6l ist mit einer Vielzahl von Inhaltsstoffen angereichert\u00a0<strong>n\u00e4hrende und nat\u00fcrliche<\/strong>\u00a0die in die Wurzeln des Haarfollikels eindringen .<\/p>\n<p>Diese Zutaten\u00a0<strong>reparieren und aktivieren<\/strong>\u00a0ruhende Haarfollikel, erh\u00f6hen die Aufnahme von N\u00e4hrstoffen und beschleunigen das Haarwachstum.<\/p>\n<p>Wird f\u00fcr den Bart, die Achseln, den Oberk\u00f6rper und andere behaarte K\u00f6rperstellen verwendet.<\/p>\n<p>Angereichert mit\u00a0<strong>\u00e4therische \u00d6le<\/strong>\u00a0von Ingwer, Wacholder, Rosmarin, Zitrone und Vitamin E<\/p>\n<p>Angenehm aufzutragen, sein sehr angenehmer Geruch parf\u00fcmiert und umh\u00fcllt den Bart und hinterl\u00e4sst einen nicht fettenden Film.<\/p>\n<p><strong>Marke :<\/strong>\u00a0Love Jojo (koreanische Marke)<\/p>","protected":false},"featured_media":1850,"template":"","meta":[],"product_brand":[],"product_cat":[135],"product_tag":[],"class_list":{"0":"post-1823","1":"product","2":"type-product","3":"status-publish","4":"has-post-thumbnail","6":"product_cat-soin-barbe","8":"first","9":"instock","10":"taxable","11":"shipping-taxable","12":"purchasable","13":"product-type-simple"},"yoast_head":"<!-- This site is optimized with the Yoast SEO plugin v27.4 - https:\/\/yoast.com\/product\/yoast-seo-wordpress\/ -->\n<title>Huile barbe &amp; visage 68ml \u2013 Activateur de pousse - Parfumerie Arabe<\/title>\n<meta name=\"robots\" content=\"index, follow, max-snippet:-1, max-image-preview:large, max-video-preview:-1\" \/>\n<link rel=\"canonical\" href=\"https:\/\/www.parfumerie-arabe.com\/de\/produkt\/bartol-gesicht-68ml-wachstumsaktivator\/\" \/>\n<meta property=\"og:locale\" content=\"de_DE\" \/>\n<meta property=\"og:type\" content=\"article\" \/>\n<meta property=\"og:title\" content=\"Huile barbe &amp; visage 68ml \u2013 Activateur de pousse - Parfumerie Arabe\" \/>\n<meta property=\"og:description\" content=\"Huile \u00e0 barbe pour homme  R\u00e9pare et active\u00a0la repousse des poils  Cette huile est enrichie de multiples ingr\u00e9dients\u00a0nourrissants et naturels\u00a0qui s\u2019infiltrent dans les racines du follicule pileux .  Ces ingr\u00e9dients\u00a0r\u00e9parent et activent\u00a0les follicules capillaires dormants, augmentent l\u2019absorption des nutriments et acc\u00e9l\u00e8rent la croissance des poils.  S\u2019utilise sur la barbe, les aisselles, le torse et les autres zone pileuses du corps.  Enrichie aux\u00a0huiles essentielles\u00a0de gingembre, gen\u00e9vrier, romarin, citron et Vitamine E  Agr\u00e9able \u00e0 appliquer, son odeur tr\u00e8s agr\u00e9able parfume et embaume la barbe et laisse un film non gras.  Marque :\u00a0Love Jojo (marque cor\u00e9enne)\" \/>\n<meta property=\"og:url\" content=\"https:\/\/www.parfumerie-arabe.com\/de\/produkt\/bartol-gesicht-68ml-wachstumsaktivator\/\" \/>\n<meta property=\"og:site_name\" content=\"Parfumerie Arabe\" \/>\n<meta property=\"article:modified_time\" content=\"2025-09-09T12:23:52+00:00\" \/>\n<meta name=\"twitter:card\" content=\"summary_large_image\" \/>\n<script type=\"application\/ld+json\" class=\"yoast-schema-graph\">{\"@context\":\"https:\\\/\\\/schema.org\",\"@graph\":[{\"@type\":\"WebPage\",\"@id\":\"https:\\\/\\\/www.parfumerie-arabe.com\\\/produit\\\/huile-barbe-visage-68ml-activateur-de-pousse\\\/\",\"url\":\"https:\\\/\\\/www.parfumerie-arabe.com\\\/produit\\\/huile-barbe-visage-68ml-activateur-de-pousse\\\/\",\"name\":\"Huile barbe & visage 68ml \u2013 Activateur de pousse - Parfumerie Arabe\",\"isPartOf\":{\"@id\":\"https:\\\/\\\/www.parfumerie-arabe.com\\\/#website\"},\"primaryImageOfPage\":{\"@id\":\"https:\\\/\\\/www.parfumerie-arabe.com\\\/produit\\\/huile-barbe-visage-68ml-activateur-de-pousse\\\/#primaryimage\"},\"image\":{\"@id\":\"https:\\\/\\\/www.parfumerie-arabe.com\\\/produit\\\/huile-barbe-visage-68ml-activateur-de-pousse\\\/#primaryimage\"},\"thumbnailUrl\":\"https:\\\/\\\/www.parfumerie-arabe.com\\\/wp-content\\\/uploads\\\/2023\\\/02\\\/huile-a-barbe-special-repousse-aux-huiles-essentielles.jpg\",\"datePublished\":\"2023-02-20T14:56:26+00:00\",\"dateModified\":\"2025-09-09T12:23:52+00:00\",\"breadcrumb\":{\"@id\":\"https:\\\/\\\/www.parfumerie-arabe.com\\\/produit\\\/huile-barbe-visage-68ml-activateur-de-pousse\\\/#breadcrumb\"},\"inLanguage\":\"de\",\"potentialAction\":[{\"@type\":\"ReadAction\",\"target\":[\"https:\\\/\\\/www.parfumerie-arabe.com\\\/produit\\\/huile-barbe-visage-68ml-activateur-de-pousse\\\/\"]}]},{\"@type\":\"ImageObject\",\"inLanguage\":\"de\",\"@id\":\"https:\\\/\\\/www.parfumerie-arabe.com\\\/produit\\\/huile-barbe-visage-68ml-activateur-de-pousse\\\/#primaryimage\",\"url\":\"https:\\\/\\\/www.parfumerie-arabe.com\\\/wp-content\\\/uploads\\\/2023\\\/02\\\/huile-a-barbe-special-repousse-aux-huiles-essentielles.jpg\",\"contentUrl\":\"https:\\\/\\\/www.parfumerie-arabe.com\\\/wp-content\\\/uploads\\\/2023\\\/02\\\/huile-a-barbe-special-repousse-aux-huiles-essentielles.jpg\",\"width\":1080,\"height\":1080},{\"@type\":\"BreadcrumbList\",\"@id\":\"https:\\\/\\\/www.parfumerie-arabe.com\\\/produit\\\/huile-barbe-visage-68ml-activateur-de-pousse\\\/#breadcrumb\",\"itemListElement\":[{\"@type\":\"ListItem\",\"position\":1,\"name\":\"Accueil\",\"item\":\"https:\\\/\\\/www.parfumerie-arabe.com\\\/\"},{\"@type\":\"ListItem\",\"position\":2,\"name\":\"Boutique\",\"item\":\"https:\\\/\\\/www.parfumerie-arabe.com\\\/boutique\\\/\"},{\"@type\":\"ListItem\",\"position\":3,\"name\":\"Huile barbe &#038; visage 68ml \u2013 Activateur de pousse\"}]},{\"@type\":\"WebSite\",\"@id\":\"https:\\\/\\\/www.parfumerie-arabe.com\\\/#website\",\"url\":\"https:\\\/\\\/www.parfumerie-arabe.com\\\/\",\"name\":\"Parfumerie Arabe\",\"description\":\"\",\"publisher\":{\"@id\":\"https:\\\/\\\/www.parfumerie-arabe.com\\\/#organization\"},\"potentialAction\":[{\"@type\":\"SearchAction\",\"target\":{\"@type\":\"EntryPoint\",\"urlTemplate\":\"https:\\\/\\\/www.parfumerie-arabe.com\\\/?s={search_term_string}\"},\"query-input\":{\"@type\":\"PropertyValueSpecification\",\"valueRequired\":true,\"valueName\":\"search_term_string\"}}],\"inLanguage\":\"de\"},{\"@type\":\"Organization\",\"@id\":\"https:\\\/\\\/www.parfumerie-arabe.com\\\/#organization\",\"name\":\"Parfumerie arabe\",\"url\":\"https:\\\/\\\/www.parfumerie-arabe.com\\\/\",\"logo\":{\"@type\":\"ImageObject\",\"inLanguage\":\"de\",\"@id\":\"https:\\\/\\\/www.parfumerie-arabe.com\\\/#\\\/schema\\\/logo\\\/image\\\/\",\"url\":\"https:\\\/\\\/www.parfumerie-arabe.com\\\/wp-content\\\/uploads\\\/2022\\\/08\\\/logo-parfumerie-arabe.png\",\"contentUrl\":\"https:\\\/\\\/www.parfumerie-arabe.com\\\/wp-content\\\/uploads\\\/2022\\\/08\\\/logo-parfumerie-arabe.png\",\"width\":600,\"height\":171,\"caption\":\"Parfumerie arabe\"},\"image\":{\"@id\":\"https:\\\/\\\/www.parfumerie-arabe.com\\\/#\\\/schema\\\/logo\\\/image\\\/\"}}]}<\/script>\n<!-- \/ Yoast SEO plugin. -->","yoast_head_json":{"title":"Bart- &amp; Gesichts\u00f6l 68ml - Wachstumsaktivator - Arabische Parf\u00fcmerie","robots":{"index":"index","follow":"follow","max-snippet":"max-snippet:-1","max-image-preview":"max-image-preview:large","max-video-preview":"max-video-preview:-1"},"canonical":"https:\/\/www.parfumerie-arabe.com\/de\/produkt\/bartol-gesicht-68ml-wachstumsaktivator\/","og_locale":"de_DE","og_type":"article","og_title":"Huile barbe & visage 68ml \u2013 Activateur de pousse - Parfumerie Arabe","og_description":"Huile \u00e0 barbe pour homme  R\u00e9pare et active\u00a0la repousse des poils  Cette huile est enrichie de multiples ingr\u00e9dients\u00a0nourrissants et naturels\u00a0qui s\u2019infiltrent dans les racines du follicule pileux .  Ces ingr\u00e9dients\u00a0r\u00e9parent et activent\u00a0les follicules capillaires dormants, augmentent l\u2019absorption des nutriments et acc\u00e9l\u00e8rent la croissance des poils.  S\u2019utilise sur la barbe, les aisselles, le torse et les autres zone pileuses du corps.  Enrichie aux\u00a0huiles essentielles\u00a0de gingembre, gen\u00e9vrier, romarin, citron et Vitamine E  Agr\u00e9able \u00e0 appliquer, son odeur tr\u00e8s agr\u00e9able parfume et embaume la barbe et laisse un film non gras.  Marque :\u00a0Love Jojo (marque cor\u00e9enne)","og_url":"https:\/\/www.parfumerie-arabe.com\/de\/produkt\/bartol-gesicht-68ml-wachstumsaktivator\/","og_site_name":"Parfumerie Arabe","article_modified_time":"2025-09-09T12:23:52+00:00","twitter_card":"summary_large_image","schema":{"@context":"https:\/\/schema.org","@graph":[{"@type":"WebPage","@id":"https:\/\/www.parfumerie-arabe.com\/produit\/huile-barbe-visage-68ml-activateur-de-pousse\/","url":"https:\/\/www.parfumerie-arabe.com\/produit\/huile-barbe-visage-68ml-activateur-de-pousse\/","name":"Bart- &amp; Gesichts\u00f6l 68ml - Wachstumsaktivator - Arabische Parf\u00fcmerie","isPartOf":{"@id":"https:\/\/www.parfumerie-arabe.com\/#website"},"primaryImageOfPage":{"@id":"https:\/\/www.parfumerie-arabe.com\/produit\/huile-barbe-visage-68ml-activateur-de-pousse\/#primaryimage"},"image":{"@id":"https:\/\/www.parfumerie-arabe.com\/produit\/huile-barbe-visage-68ml-activateur-de-pousse\/#primaryimage"},"thumbnailUrl":"https:\/\/www.parfumerie-arabe.com\/wp-content\/uploads\/2023\/02\/huile-a-barbe-special-repousse-aux-huiles-essentielles.jpg","datePublished":"2023-02-20T14:56:26+00:00","dateModified":"2025-09-09T12:23:52+00:00","breadcrumb":{"@id":"https:\/\/www.parfumerie-arabe.com\/produit\/huile-barbe-visage-68ml-activateur-de-pousse\/#breadcrumb"},"inLanguage":"de","potentialAction":[{"@type":"ReadAction","target":["https:\/\/www.parfumerie-arabe.com\/produit\/huile-barbe-visage-68ml-activateur-de-pousse\/"]}]},{"@type":"ImageObject","inLanguage":"de","@id":"https:\/\/www.parfumerie-arabe.com\/produit\/huile-barbe-visage-68ml-activateur-de-pousse\/#primaryimage","url":"https:\/\/www.parfumerie-arabe.com\/wp-content\/uploads\/2023\/02\/huile-a-barbe-special-repousse-aux-huiles-essentielles.jpg","contentUrl":"https:\/\/www.parfumerie-arabe.com\/wp-content\/uploads\/2023\/02\/huile-a-barbe-special-repousse-aux-huiles-essentielles.jpg","width":1080,"height":1080},{"@type":"BreadcrumbList","@id":"https:\/\/www.parfumerie-arabe.com\/produit\/huile-barbe-visage-68ml-activateur-de-pousse\/#breadcrumb","itemListElement":[{"@type":"ListItem","position":1,"name":"Accueil","item":"https:\/\/www.parfumerie-arabe.com\/"},{"@type":"ListItem","position":2,"name":"Boutique","item":"https:\/\/www.parfumerie-arabe.com\/boutique\/"},{"@type":"ListItem","position":3,"name":"Huile barbe &#038; visage 68ml \u2013 Activateur de pousse"}]},{"@type":"WebSite","@id":"https:\/\/www.parfumerie-arabe.com\/#website","url":"https:\/\/www.parfumerie-arabe.com\/","name":"Arabische Parf\u00fcmerie","description":"","publisher":{"@id":"https:\/\/www.parfumerie-arabe.com\/#organization"},"potentialAction":[{"@type":"SearchAction","target":{"@type":"EntryPoint","urlTemplate":"https:\/\/www.parfumerie-arabe.com\/?s={search_term_string}"},"query-input":{"@type":"PropertyValueSpecification","valueRequired":true,"valueName":"search_term_string"}}],"inLanguage":"de"},{"@type":"Organization","@id":"https:\/\/www.parfumerie-arabe.com\/#organization","name":"Arabische Parf\u00fcmerie","url":"https:\/\/www.parfumerie-arabe.com\/","logo":{"@type":"ImageObject","inLanguage":"de","@id":"https:\/\/www.parfumerie-arabe.com\/#\/schema\/logo\/image\/","url":"https:\/\/www.parfumerie-arabe.com\/wp-content\/uploads\/2022\/08\/logo-parfumerie-arabe.png","contentUrl":"https:\/\/www.parfumerie-arabe.com\/wp-content\/uploads\/2022\/08\/logo-parfumerie-arabe.png","width":600,"height":171,"caption":"Parfumerie arabe"},"image":{"@id":"https:\/\/www.parfumerie-arabe.com\/#\/schema\/logo\/image\/"}}]}},"_links":{"self":[{"href":"https:\/\/www.parfumerie-arabe.com\/de\/wp-json\/wp\/v2\/product\/1823","targetHints":{"allow":["GET"]}}],"collection":[{"href":"https:\/\/www.parfumerie-arabe.com\/de\/wp-json\/wp\/v2\/product"}],"about":[{"href":"https:\/\/www.parfumerie-arabe.com\/de\/wp-json\/wp\/v2\/types\/product"}],"wp:featuredmedia":[{"embeddable":true,"href":"https:\/\/www.parfumerie-arabe.com\/de\/wp-json\/wp\/v2\/media\/1850"}],"wp:attachment":[{"href":"https:\/\/www.parfumerie-arabe.com\/de\/wp-json\/wp\/v2\/media?parent=1823"}],"wp:term":[{"taxonomy":"product_brand","embeddable":true,"href":"https:\/\/www.parfumerie-arabe.com\/de\/wp-json\/wp\/v2\/product_brand?post=1823"},{"taxonomy":"product_cat","embeddable":true,"href":"https:\/\/www.parfumerie-arabe.com\/de\/wp-json\/wp\/v2\/product_cat?post=1823"},{"taxonomy":"product_tag","embeddable":true,"href":"https:\/\/www.parfumerie-arabe.com\/de\/wp-json\/wp\/v2\/product_tag?post=1823"}],"curies":[{"name":"wp","href":"https:\/\/api.w.org\/{rel}","templated":true}]}}