{"id":1876,"date":"2023-08-15T15:06:08","date_gmt":"2023-08-15T15:06:08","guid":{"rendered":"https:\/\/www.parfumerie-arabe.com\/?post_type=product&#038;p=1876"},"modified":"2026-04-05T14:33:06","modified_gmt":"2026-04-05T14:33:06","slug":"rosa-vanille-die-digor-parfums","status":"publish","type":"product","link":"https:\/\/www.parfumerie-arabe.com\/de\/produit\/rose-vanille-les-parfums-digor\/","title":{"rendered":"Rose Vanille - Les Parfums d'Igor"},"content":{"rendered":"<p>Der Parf\u00fcmeur les parfums d'Igor schenkt uns wieder einen wahren Schatz.\u00a0<strong>Vanille-Rose ist Zartheit und Sinnlichkeit vereint<\/strong>\u00a0mit einer Unze Gourmandise, die uns einen Duft verleiht\u00a0<strong>z\u00e4rtlich und zugleich von tiefer Intensit\u00e4t.<\/strong>\u00a0Wenn Sie also den\u00a0<strong>gierigen Charme und das bet\u00f6rende Charisma<\/strong>\u00a0Dann ist es genau das Richtige f\u00fcr Sie, finden Sie es jetzt heraus.<\/p>\n<h2><strong>Rose Vanille, ein Schatz unterzeichnet Igors Parfums<\/strong><\/h2>\n<p>Die Parfums von Igor sind ein\u00a0<strong>Vielzahl von bezaubernden Kreationen, die uns nun schon seit mehreren Jahren in ihren Bann ziehen.<\/strong>\u00a0Und das aus gutem Grund, denn der Parf\u00fcmeur serviert uns ebenso unverzichtbare D\u00fcfte wie unvergleichliche Aromen. Und das alles in\u00a0<strong>mit einer perfekten Mischung aus D\u00fcften, die aus allen Teilen der Welt stammen.<\/strong><\/p>\n<p>Und Rose Vanille ist ein reines Produkt davon, eine sinnliche und raffinierte Kreation, die auf Zutaten aus Orient und Okzident beruht.<\/p>\n<h2><strong>Eine zarte Sillage f\u00fcr ein unvergleichliches Erlebnis\u00a0<\/strong><\/h2>\n<p>Die sanfte Reise, die sich in diesem zarten Duft abspielt, beruht in erster Linie auf\u00a0<strong>Kopfnoten von Orangenessenz und Toffee.<\/strong>\u00a0Eine leckere Mischung<strong>\u00a0ebenso s\u00e4uerlich und lecker.<\/strong>\u00a0Anschlie\u00dfend schenken uns die Herznoten Z\u00e4rtlichkeit und Eleganz durch<strong>\u00a0die Pr\u00e4senz von Patchouli und seiner Essenz.<\/strong>\u00a0Schlie\u00dflich h\u00e4lt die sinnliche Dimension dieses reinen Wunders auf exquisite Weise zu unserem gr\u00f6\u00dften Vergn\u00fcgen an. Und zwar von\u00a0<strong>die Noten von Amber und Vanille.<\/strong><\/p>\n<p>K\u00f6nnen Sie also die S\u00fc\u00dfe dieses neuartigen Duftes genie\u00dfen?<\/p>\n<h3><strong>Mit Rose Vanille entdecken Sie auch<\/strong><\/h3>\n<p>In unserer Kategorie, die dem Parf\u00fcmeur Parfums d'Igor im Besonderen gewidmet ist,\u00a0<strong>das Panel, das Sie erwartet, spiegelt Exzellenz und Vielfalt wider.<\/strong><\/p>\n<p>So werden Sie es genie\u00dfen, im gleichen Geist wie Rose Vanille ebenso neue D\u00fcfte zu entdecken, wie insbesondere\u00a0<strong>der bet\u00f6rende Duft Gourmetblumen, der wundersch\u00f6ne <a href=\"https:\/\/www.parfumerie-arabe.com\/de\/produkt\/blue-magic-die-parfums-von-digor\/\">Blue Magic<\/a>, die zarte Superblume<\/strong>\u00a0oder\u00a0<strong>der Abenteurer Pegaz.\u00a0<\/strong><\/p>\n<p>Sie finden sie alle in Ihrer arabischen Parf\u00fcmerie, Ihrem Spezialisten f\u00fcr unvergleichliche D\u00fcfte.<\/p>","protected":false},"excerpt":{"rendered":"<p><strong>Name des Duftes :<\/strong> Vanille-Rose<br \/>\n<strong>Marke :<\/strong> Die D\u00fcfte von Igor<br \/>\n<strong>Spray 50 ml<\/strong><\/p>\n<p class=\"st-po\"><strong>Olfaktorische Pyramide :<\/strong><\/p>\n<ul class=\"st-no\">\n<li><strong>Kopfnoten :<\/strong> Orangenessenz, Toffee<\/li>\n<li><strong>Herznoten :<\/strong> Patchouli-Essenz<\/li>\n<li><strong>Basisnoten :<\/strong> Amber, Vanille<\/li>\n<\/ul>","protected":false},"featured_media":1914,"template":"","meta":[],"product_brand":[],"product_cat":[33,15],"product_tag":[],"class_list":{"0":"post-1876","1":"product","2":"type-product","3":"status-publish","4":"has-post-thumbnail","6":"product_cat-les-parfums-digor","7":"product_cat-parfum-homme","9":"first","10":"instock","11":"taxable","12":"shipping-taxable","13":"purchasable","14":"product-type-simple"},"yoast_head":"<!-- This site is optimized with the Yoast SEO plugin v27.5 - https:\/\/yoast.com\/product\/yoast-seo-wordpress\/ -->\n<title>Rose Vanille | Parfum 50ml | Collection Les Parfums d&#039;Igor<\/title>\n<meta name=\"description\" content=\"Le parfumeur les parfums d&#039;Igor nous offre encore un v\u00e9ritable tr\u00e9sor.\u00a0Rose vanille c&#039;est la d\u00e9licatesse et la sensualit\u00e9 regroup\u00e9es.\" \/>\n<meta name=\"robots\" content=\"index, follow, max-snippet:-1, max-image-preview:large, max-video-preview:-1\" \/>\n<link rel=\"canonical\" href=\"https:\/\/www.parfumerie-arabe.com\/de\/produkt\/rosa-vanille-die-digor-parfums\/\" \/>\n<meta property=\"og:locale\" content=\"de_DE\" \/>\n<meta property=\"og:type\" content=\"article\" \/>\n<meta property=\"og:title\" content=\"Rose Vanille | Parfum 50ml | Collection Les Parfums d&#039;Igor\" \/>\n<meta property=\"og:description\" content=\"Le parfumeur les parfums d&#039;Igor nous offre encore un v\u00e9ritable tr\u00e9sor.\u00a0Rose vanille c&#039;est la d\u00e9licatesse et la sensualit\u00e9 regroup\u00e9es.\" \/>\n<meta property=\"og:url\" content=\"https:\/\/www.parfumerie-arabe.com\/de\/produkt\/rosa-vanille-die-digor-parfums\/\" \/>\n<meta property=\"og:site_name\" content=\"Parfumerie Arabe\" \/>\n<meta property=\"article:modified_time\" content=\"2026-04-05T14:33:06+00:00\" \/>\n<meta property=\"og:image\" content=\"https:\/\/www.parfumerie-arabe.com\/wp-content\/uploads\/2023\/02\/p-140.jpg\" \/>\n\t<meta property=\"og:image:width\" content=\"750\" \/>\n\t<meta property=\"og:image:height\" content=\"750\" \/>\n\t<meta property=\"og:image:type\" content=\"image\/jpeg\" \/>\n<meta name=\"twitter:card\" content=\"summary_large_image\" \/>\n<meta name=\"twitter:label1\" content=\"Gesch\u00e4tzte Lesezeit\" \/>\n\t<meta name=\"twitter:data1\" content=\"2\u00a0Minuten\" \/>\n<script type=\"application\/ld+json\" class=\"yoast-schema-graph\">{\"@context\":\"https:\\\/\\\/schema.org\",\"@graph\":[{\"@type\":\"WebPage\",\"@id\":\"https:\\\/\\\/www.parfumerie-arabe.com\\\/produit\\\/rose-vanille-les-parfums-digor\\\/\",\"url\":\"https:\\\/\\\/www.parfumerie-arabe.com\\\/produit\\\/rose-vanille-les-parfums-digor\\\/\",\"name\":\"Rose Vanille | Parfum 50ml | Collection Les Parfums d'Igor\",\"isPartOf\":{\"@id\":\"https:\\\/\\\/www.parfumerie-arabe.com\\\/#website\"},\"primaryImageOfPage\":{\"@id\":\"https:\\\/\\\/www.parfumerie-arabe.com\\\/produit\\\/rose-vanille-les-parfums-digor\\\/#primaryimage\"},\"image\":{\"@id\":\"https:\\\/\\\/www.parfumerie-arabe.com\\\/produit\\\/rose-vanille-les-parfums-digor\\\/#primaryimage\"},\"thumbnailUrl\":\"https:\\\/\\\/www.parfumerie-arabe.com\\\/wp-content\\\/uploads\\\/2023\\\/02\\\/p-140.jpg\",\"datePublished\":\"2023-08-15T15:06:08+00:00\",\"dateModified\":\"2026-04-05T14:33:06+00:00\",\"description\":\"Le parfumeur les parfums d'Igor nous offre encore un v\u00e9ritable tr\u00e9sor.\u00a0Rose vanille c'est la d\u00e9licatesse et la sensualit\u00e9 regroup\u00e9es.\",\"breadcrumb\":{\"@id\":\"https:\\\/\\\/www.parfumerie-arabe.com\\\/produit\\\/rose-vanille-les-parfums-digor\\\/#breadcrumb\"},\"inLanguage\":\"de\",\"potentialAction\":[{\"@type\":\"ReadAction\",\"target\":[\"https:\\\/\\\/www.parfumerie-arabe.com\\\/produit\\\/rose-vanille-les-parfums-digor\\\/\"]}]},{\"@type\":\"ImageObject\",\"inLanguage\":\"de\",\"@id\":\"https:\\\/\\\/www.parfumerie-arabe.com\\\/produit\\\/rose-vanille-les-parfums-digor\\\/#primaryimage\",\"url\":\"https:\\\/\\\/www.parfumerie-arabe.com\\\/wp-content\\\/uploads\\\/2023\\\/02\\\/p-140.jpg\",\"contentUrl\":\"https:\\\/\\\/www.parfumerie-arabe.com\\\/wp-content\\\/uploads\\\/2023\\\/02\\\/p-140.jpg\",\"width\":750,\"height\":750,\"caption\":\"Rose Vanille - Les Parfums d'Igor\"},{\"@type\":\"BreadcrumbList\",\"@id\":\"https:\\\/\\\/www.parfumerie-arabe.com\\\/produit\\\/rose-vanille-les-parfums-digor\\\/#breadcrumb\",\"itemListElement\":[{\"@type\":\"ListItem\",\"position\":1,\"name\":\"Accueil\",\"item\":\"https:\\\/\\\/www.parfumerie-arabe.com\\\/\"},{\"@type\":\"ListItem\",\"position\":2,\"name\":\"Boutique\",\"item\":\"https:\\\/\\\/www.parfumerie-arabe.com\\\/boutique\\\/\"},{\"@type\":\"ListItem\",\"position\":3,\"name\":\"Rose Vanille &#8211; Les Parfums d&rsquo;Igor\"}]},{\"@type\":\"WebSite\",\"@id\":\"https:\\\/\\\/www.parfumerie-arabe.com\\\/#website\",\"url\":\"https:\\\/\\\/www.parfumerie-arabe.com\\\/\",\"name\":\"Parfumerie Arabe\",\"description\":\"\",\"publisher\":{\"@id\":\"https:\\\/\\\/www.parfumerie-arabe.com\\\/#organization\"},\"potentialAction\":[{\"@type\":\"SearchAction\",\"target\":{\"@type\":\"EntryPoint\",\"urlTemplate\":\"https:\\\/\\\/www.parfumerie-arabe.com\\\/?s={search_term_string}\"},\"query-input\":{\"@type\":\"PropertyValueSpecification\",\"valueRequired\":true,\"valueName\":\"search_term_string\"}}],\"inLanguage\":\"de\"},{\"@type\":\"Organization\",\"@id\":\"https:\\\/\\\/www.parfumerie-arabe.com\\\/#organization\",\"name\":\"Parfumerie arabe\",\"url\":\"https:\\\/\\\/www.parfumerie-arabe.com\\\/\",\"logo\":{\"@type\":\"ImageObject\",\"inLanguage\":\"de\",\"@id\":\"https:\\\/\\\/www.parfumerie-arabe.com\\\/#\\\/schema\\\/logo\\\/image\\\/\",\"url\":\"https:\\\/\\\/www.parfumerie-arabe.com\\\/wp-content\\\/uploads\\\/2022\\\/08\\\/logo-parfumerie-arabe.png\",\"contentUrl\":\"https:\\\/\\\/www.parfumerie-arabe.com\\\/wp-content\\\/uploads\\\/2022\\\/08\\\/logo-parfumerie-arabe.png\",\"width\":600,\"height\":171,\"caption\":\"Parfumerie arabe\"},\"image\":{\"@id\":\"https:\\\/\\\/www.parfumerie-arabe.com\\\/#\\\/schema\\\/logo\\\/image\\\/\"}}]}<\/script>\n<!-- \/ Yoast SEO plugin. -->","yoast_head_json":{"title":"Rose Vanille | Parfum 50ml | Les Parfums d'Igor Collection","description":"Der Parf\u00fcmeur les parfums d'Igor schenkt uns wieder einen wahren Schatz. Rose Vanille ist Zartheit und Sinnlichkeit vereint.","robots":{"index":"index","follow":"follow","max-snippet":"max-snippet:-1","max-image-preview":"max-image-preview:large","max-video-preview":"max-video-preview:-1"},"canonical":"https:\/\/www.parfumerie-arabe.com\/de\/produkt\/rosa-vanille-die-digor-parfums\/","og_locale":"de_DE","og_type":"article","og_title":"Rose Vanille | Parfum 50ml | Collection Les Parfums d'Igor","og_description":"Le parfumeur les parfums d'Igor nous offre encore un v\u00e9ritable tr\u00e9sor.\u00a0Rose vanille c'est la d\u00e9licatesse et la sensualit\u00e9 regroup\u00e9es.","og_url":"https:\/\/www.parfumerie-arabe.com\/de\/produkt\/rosa-vanille-die-digor-parfums\/","og_site_name":"Parfumerie Arabe","article_modified_time":"2026-04-05T14:33:06+00:00","og_image":[{"width":750,"height":750,"url":"https:\/\/www.parfumerie-arabe.com\/wp-content\/uploads\/2023\/02\/p-140.jpg","type":"image\/jpeg"}],"twitter_card":"summary_large_image","twitter_misc":{"Gesch\u00e4tzte Lesezeit":"2\u00a0Minuten"},"schema":{"@context":"https:\/\/schema.org","@graph":[{"@type":"WebPage","@id":"https:\/\/www.parfumerie-arabe.com\/produit\/rose-vanille-les-parfums-digor\/","url":"https:\/\/www.parfumerie-arabe.com\/produit\/rose-vanille-les-parfums-digor\/","name":"Rose Vanille | Parfum 50ml | Les Parfums d'Igor Collection","isPartOf":{"@id":"https:\/\/www.parfumerie-arabe.com\/#website"},"primaryImageOfPage":{"@id":"https:\/\/www.parfumerie-arabe.com\/produit\/rose-vanille-les-parfums-digor\/#primaryimage"},"image":{"@id":"https:\/\/www.parfumerie-arabe.com\/produit\/rose-vanille-les-parfums-digor\/#primaryimage"},"thumbnailUrl":"https:\/\/www.parfumerie-arabe.com\/wp-content\/uploads\/2023\/02\/p-140.jpg","datePublished":"2023-08-15T15:06:08+00:00","dateModified":"2026-04-05T14:33:06+00:00","description":"Der Parf\u00fcmeur les parfums d'Igor schenkt uns wieder einen wahren Schatz. Rose Vanille ist Zartheit und Sinnlichkeit vereint.","breadcrumb":{"@id":"https:\/\/www.parfumerie-arabe.com\/produit\/rose-vanille-les-parfums-digor\/#breadcrumb"},"inLanguage":"de","potentialAction":[{"@type":"ReadAction","target":["https:\/\/www.parfumerie-arabe.com\/produit\/rose-vanille-les-parfums-digor\/"]}]},{"@type":"ImageObject","inLanguage":"de","@id":"https:\/\/www.parfumerie-arabe.com\/produit\/rose-vanille-les-parfums-digor\/#primaryimage","url":"https:\/\/www.parfumerie-arabe.com\/wp-content\/uploads\/2023\/02\/p-140.jpg","contentUrl":"https:\/\/www.parfumerie-arabe.com\/wp-content\/uploads\/2023\/02\/p-140.jpg","width":750,"height":750,"caption":"Rose Vanille - Les Parfums d'Igor"},{"@type":"BreadcrumbList","@id":"https:\/\/www.parfumerie-arabe.com\/produit\/rose-vanille-les-parfums-digor\/#breadcrumb","itemListElement":[{"@type":"ListItem","position":1,"name":"Accueil","item":"https:\/\/www.parfumerie-arabe.com\/"},{"@type":"ListItem","position":2,"name":"Boutique","item":"https:\/\/www.parfumerie-arabe.com\/boutique\/"},{"@type":"ListItem","position":3,"name":"Rose Vanille &#8211; Les Parfums d&rsquo;Igor"}]},{"@type":"WebSite","@id":"https:\/\/www.parfumerie-arabe.com\/#website","url":"https:\/\/www.parfumerie-arabe.com\/","name":"Arabische Parf\u00fcmerie","description":"","publisher":{"@id":"https:\/\/www.parfumerie-arabe.com\/#organization"},"potentialAction":[{"@type":"SearchAction","target":{"@type":"EntryPoint","urlTemplate":"https:\/\/www.parfumerie-arabe.com\/?s={search_term_string}"},"query-input":{"@type":"PropertyValueSpecification","valueRequired":true,"valueName":"search_term_string"}}],"inLanguage":"de"},{"@type":"Organization","@id":"https:\/\/www.parfumerie-arabe.com\/#organization","name":"Arabische Parf\u00fcmerie","url":"https:\/\/www.parfumerie-arabe.com\/","logo":{"@type":"ImageObject","inLanguage":"de","@id":"https:\/\/www.parfumerie-arabe.com\/#\/schema\/logo\/image\/","url":"https:\/\/www.parfumerie-arabe.com\/wp-content\/uploads\/2022\/08\/logo-parfumerie-arabe.png","contentUrl":"https:\/\/www.parfumerie-arabe.com\/wp-content\/uploads\/2022\/08\/logo-parfumerie-arabe.png","width":600,"height":171,"caption":"Parfumerie arabe"},"image":{"@id":"https:\/\/www.parfumerie-arabe.com\/#\/schema\/logo\/image\/"}}]}},"_links":{"self":[{"href":"https:\/\/www.parfumerie-arabe.com\/de\/wp-json\/wp\/v2\/product\/1876","targetHints":{"allow":["GET"]}}],"collection":[{"href":"https:\/\/www.parfumerie-arabe.com\/de\/wp-json\/wp\/v2\/product"}],"about":[{"href":"https:\/\/www.parfumerie-arabe.com\/de\/wp-json\/wp\/v2\/types\/product"}],"wp:featuredmedia":[{"embeddable":true,"href":"https:\/\/www.parfumerie-arabe.com\/de\/wp-json\/wp\/v2\/media\/1914"}],"wp:attachment":[{"href":"https:\/\/www.parfumerie-arabe.com\/de\/wp-json\/wp\/v2\/media?parent=1876"}],"wp:term":[{"taxonomy":"product_brand","embeddable":true,"href":"https:\/\/www.parfumerie-arabe.com\/de\/wp-json\/wp\/v2\/product_brand?post=1876"},{"taxonomy":"product_cat","embeddable":true,"href":"https:\/\/www.parfumerie-arabe.com\/de\/wp-json\/wp\/v2\/product_cat?post=1876"},{"taxonomy":"product_tag","embeddable":true,"href":"https:\/\/www.parfumerie-arabe.com\/de\/wp-json\/wp\/v2\/product_tag?post=1876"}],"curies":[{"name":"wp","href":"https:\/\/api.w.org\/{rel}","templated":true}]}}