{"id":189,"date":"2022-08-20T17:13:50","date_gmt":"2022-08-20T17:13:50","guid":{"rendered":"https:\/\/www.parfumerie-arabe.com\/?post_type=product&#038;p=189"},"modified":"2023-12-22T13:33:34","modified_gmt":"2023-12-22T13:33:34","slug":"ehsas-jadeed-100ml-ard-al-zaafaran","status":"publish","type":"product","link":"https:\/\/www.parfumerie-arabe.com\/de\/produit\/ehsas-jadeed-100ml-ard-al-zaafaran\/","title":{"rendered":"Ehsas Jadeed 100ml - Ard Al Zaafaran"},"content":{"rendered":"","protected":false},"excerpt":{"rendered":"<p><strong>Geruchsnoten :<\/strong><\/p>\n<p><strong>Kopfnoten<\/strong> : Duftrosen, Holznoten, Grauer Amber, Zitrusfr\u00fcchte, Gew\u00fcrze, Wei\u00dfe Blumen<br \/>\n<strong>Herznoten<\/strong> : Moschus, Vanille, Geranien Maigl\u00f6ckchen<br \/>\n<strong>Hintergrundnoten<\/strong> : Wei\u00dfer Moschus, \u2018Oud, Vetiver, Sandelholz<\/p>\n<p><strong>Genre<\/strong> : Gemischt.<\/p>","protected":false},"featured_media":2363,"template":"","meta":[],"product_brand":[],"product_cat":[18,163,50,19],"product_tag":[],"class_list":{"0":"post-189","1":"product","2":"type-product","3":"status-publish","4":"has-post-thumbnail","6":"product_cat-ard-al-zaafaran","7":"product_cat-parfum","8":"product_cat-parfum-mixte","9":"product_cat-parfum-oud-femme","11":"first","12":"instock","13":"taxable","14":"shipping-taxable","15":"purchasable","16":"product-type-simple"},"yoast_head":"<!-- This site is optimized with the Yoast SEO plugin v27.5 - https:\/\/yoast.com\/product\/yoast-seo-wordpress\/ -->\n<title>Ehsas Jadeed 100ml - Ard Al Zaafaran - Parfumerie Arabe<\/title>\n<meta name=\"robots\" content=\"index, follow, max-snippet:-1, max-image-preview:large, max-video-preview:-1\" \/>\n<link rel=\"canonical\" href=\"https:\/\/www.parfumerie-arabe.com\/de\/produkt\/ehsas-jadeed-100ml-ard-al-zaafaran\/\" \/>\n<meta property=\"og:locale\" content=\"de_DE\" \/>\n<meta property=\"og:type\" content=\"article\" \/>\n<meta property=\"og:title\" content=\"Ehsas Jadeed 100ml - Ard Al Zaafaran - Parfumerie Arabe\" \/>\n<meta property=\"og:description\" content=\"Notes olfactives :  Notes de t\u00eate : Roses parfum\u00e9es, Notes bois\u00e9es, Ambre gris, Agrumes, \u00c9pices, fleurs blanches Notes de c\u0153ur : Musc, Vanille, G\u00e9raniums Muguet Notes de fond : Musc blanc, &#039;Oud, V\u00e9tiver, bois de santal  Genre : Mixte.\" \/>\n<meta property=\"og:url\" content=\"https:\/\/www.parfumerie-arabe.com\/de\/produkt\/ehsas-jadeed-100ml-ard-al-zaafaran\/\" \/>\n<meta property=\"og:site_name\" content=\"Parfumerie Arabe\" \/>\n<meta property=\"article:modified_time\" content=\"2023-12-22T13:33:34+00:00\" \/>\n<meta property=\"og:image\" content=\"https:\/\/www.parfumerie-arabe.com\/wp-content\/uploads\/2022\/08\/eau-de-parfum-ehsas-Jadeed.jpg\" \/>\n\t<meta property=\"og:image:width\" content=\"600\" \/>\n\t<meta property=\"og:image:height\" content=\"600\" \/>\n\t<meta property=\"og:image:type\" content=\"image\/jpeg\" \/>\n<meta name=\"twitter:card\" content=\"summary_large_image\" \/>\n<script type=\"application\/ld+json\" class=\"yoast-schema-graph\">{\"@context\":\"https:\\\/\\\/schema.org\",\"@graph\":[{\"@type\":\"WebPage\",\"@id\":\"https:\\\/\\\/www.parfumerie-arabe.com\\\/produit\\\/ehsas-jadeed-100ml-ard-al-zaafaran\\\/\",\"url\":\"https:\\\/\\\/www.parfumerie-arabe.com\\\/produit\\\/ehsas-jadeed-100ml-ard-al-zaafaran\\\/\",\"name\":\"Ehsas Jadeed 100ml - Ard Al Zaafaran - Parfumerie Arabe\",\"isPartOf\":{\"@id\":\"https:\\\/\\\/www.parfumerie-arabe.com\\\/#website\"},\"primaryImageOfPage\":{\"@id\":\"https:\\\/\\\/www.parfumerie-arabe.com\\\/produit\\\/ehsas-jadeed-100ml-ard-al-zaafaran\\\/#primaryimage\"},\"image\":{\"@id\":\"https:\\\/\\\/www.parfumerie-arabe.com\\\/produit\\\/ehsas-jadeed-100ml-ard-al-zaafaran\\\/#primaryimage\"},\"thumbnailUrl\":\"https:\\\/\\\/www.parfumerie-arabe.com\\\/wp-content\\\/uploads\\\/2022\\\/08\\\/eau-de-parfum-ehsas-Jadeed.jpg\",\"datePublished\":\"2022-08-20T17:13:50+00:00\",\"dateModified\":\"2023-12-22T13:33:34+00:00\",\"breadcrumb\":{\"@id\":\"https:\\\/\\\/www.parfumerie-arabe.com\\\/produit\\\/ehsas-jadeed-100ml-ard-al-zaafaran\\\/#breadcrumb\"},\"inLanguage\":\"de\",\"potentialAction\":[{\"@type\":\"ReadAction\",\"target\":[\"https:\\\/\\\/www.parfumerie-arabe.com\\\/produit\\\/ehsas-jadeed-100ml-ard-al-zaafaran\\\/\"]}]},{\"@type\":\"ImageObject\",\"inLanguage\":\"de\",\"@id\":\"https:\\\/\\\/www.parfumerie-arabe.com\\\/produit\\\/ehsas-jadeed-100ml-ard-al-zaafaran\\\/#primaryimage\",\"url\":\"https:\\\/\\\/www.parfumerie-arabe.com\\\/wp-content\\\/uploads\\\/2022\\\/08\\\/eau-de-parfum-ehsas-Jadeed.jpg\",\"contentUrl\":\"https:\\\/\\\/www.parfumerie-arabe.com\\\/wp-content\\\/uploads\\\/2022\\\/08\\\/eau-de-parfum-ehsas-Jadeed.jpg\",\"width\":600,\"height\":600,\"caption\":\"eau de parfum ehsas Jadeed\"},{\"@type\":\"BreadcrumbList\",\"@id\":\"https:\\\/\\\/www.parfumerie-arabe.com\\\/produit\\\/ehsas-jadeed-100ml-ard-al-zaafaran\\\/#breadcrumb\",\"itemListElement\":[{\"@type\":\"ListItem\",\"position\":1,\"name\":\"Accueil\",\"item\":\"https:\\\/\\\/www.parfumerie-arabe.com\\\/\"},{\"@type\":\"ListItem\",\"position\":2,\"name\":\"Boutique\",\"item\":\"https:\\\/\\\/www.parfumerie-arabe.com\\\/boutique\\\/\"},{\"@type\":\"ListItem\",\"position\":3,\"name\":\"Ehsas Jadeed 100ml &#8211; Ard Al Zaafaran\"}]},{\"@type\":\"WebSite\",\"@id\":\"https:\\\/\\\/www.parfumerie-arabe.com\\\/#website\",\"url\":\"https:\\\/\\\/www.parfumerie-arabe.com\\\/\",\"name\":\"Parfumerie Arabe\",\"description\":\"\",\"publisher\":{\"@id\":\"https:\\\/\\\/www.parfumerie-arabe.com\\\/#organization\"},\"potentialAction\":[{\"@type\":\"SearchAction\",\"target\":{\"@type\":\"EntryPoint\",\"urlTemplate\":\"https:\\\/\\\/www.parfumerie-arabe.com\\\/?s={search_term_string}\"},\"query-input\":{\"@type\":\"PropertyValueSpecification\",\"valueRequired\":true,\"valueName\":\"search_term_string\"}}],\"inLanguage\":\"de\"},{\"@type\":\"Organization\",\"@id\":\"https:\\\/\\\/www.parfumerie-arabe.com\\\/#organization\",\"name\":\"Parfumerie arabe\",\"url\":\"https:\\\/\\\/www.parfumerie-arabe.com\\\/\",\"logo\":{\"@type\":\"ImageObject\",\"inLanguage\":\"de\",\"@id\":\"https:\\\/\\\/www.parfumerie-arabe.com\\\/#\\\/schema\\\/logo\\\/image\\\/\",\"url\":\"https:\\\/\\\/www.parfumerie-arabe.com\\\/wp-content\\\/uploads\\\/2022\\\/08\\\/logo-parfumerie-arabe.png\",\"contentUrl\":\"https:\\\/\\\/www.parfumerie-arabe.com\\\/wp-content\\\/uploads\\\/2022\\\/08\\\/logo-parfumerie-arabe.png\",\"width\":600,\"height\":171,\"caption\":\"Parfumerie arabe\"},\"image\":{\"@id\":\"https:\\\/\\\/www.parfumerie-arabe.com\\\/#\\\/schema\\\/logo\\\/image\\\/\"}}]}<\/script>\n<!-- \/ Yoast SEO plugin. -->","yoast_head_json":{"title":"Ehsas Jadeed 100ml - Ard Al Zaafaran - Arabische Parf\u00fcmerie","robots":{"index":"index","follow":"follow","max-snippet":"max-snippet:-1","max-image-preview":"max-image-preview:large","max-video-preview":"max-video-preview:-1"},"canonical":"https:\/\/www.parfumerie-arabe.com\/de\/produkt\/ehsas-jadeed-100ml-ard-al-zaafaran\/","og_locale":"de_DE","og_type":"article","og_title":"Ehsas Jadeed 100ml - Ard Al Zaafaran - Parfumerie Arabe","og_description":"Notes olfactives :  Notes de t\u00eate : Roses parfum\u00e9es, Notes bois\u00e9es, Ambre gris, Agrumes, \u00c9pices, fleurs blanches Notes de c\u0153ur : Musc, Vanille, G\u00e9raniums Muguet Notes de fond : Musc blanc, 'Oud, V\u00e9tiver, bois de santal  Genre : Mixte.","og_url":"https:\/\/www.parfumerie-arabe.com\/de\/produkt\/ehsas-jadeed-100ml-ard-al-zaafaran\/","og_site_name":"Parfumerie Arabe","article_modified_time":"2023-12-22T13:33:34+00:00","og_image":[{"width":600,"height":600,"url":"https:\/\/www.parfumerie-arabe.com\/wp-content\/uploads\/2022\/08\/eau-de-parfum-ehsas-Jadeed.jpg","type":"image\/jpeg"}],"twitter_card":"summary_large_image","schema":{"@context":"https:\/\/schema.org","@graph":[{"@type":"WebPage","@id":"https:\/\/www.parfumerie-arabe.com\/produit\/ehsas-jadeed-100ml-ard-al-zaafaran\/","url":"https:\/\/www.parfumerie-arabe.com\/produit\/ehsas-jadeed-100ml-ard-al-zaafaran\/","name":"Ehsas Jadeed 100ml - Ard Al Zaafaran - Arabische Parf\u00fcmerie","isPartOf":{"@id":"https:\/\/www.parfumerie-arabe.com\/#website"},"primaryImageOfPage":{"@id":"https:\/\/www.parfumerie-arabe.com\/produit\/ehsas-jadeed-100ml-ard-al-zaafaran\/#primaryimage"},"image":{"@id":"https:\/\/www.parfumerie-arabe.com\/produit\/ehsas-jadeed-100ml-ard-al-zaafaran\/#primaryimage"},"thumbnailUrl":"https:\/\/www.parfumerie-arabe.com\/wp-content\/uploads\/2022\/08\/eau-de-parfum-ehsas-Jadeed.jpg","datePublished":"2022-08-20T17:13:50+00:00","dateModified":"2023-12-22T13:33:34+00:00","breadcrumb":{"@id":"https:\/\/www.parfumerie-arabe.com\/produit\/ehsas-jadeed-100ml-ard-al-zaafaran\/#breadcrumb"},"inLanguage":"de","potentialAction":[{"@type":"ReadAction","target":["https:\/\/www.parfumerie-arabe.com\/produit\/ehsas-jadeed-100ml-ard-al-zaafaran\/"]}]},{"@type":"ImageObject","inLanguage":"de","@id":"https:\/\/www.parfumerie-arabe.com\/produit\/ehsas-jadeed-100ml-ard-al-zaafaran\/#primaryimage","url":"https:\/\/www.parfumerie-arabe.com\/wp-content\/uploads\/2022\/08\/eau-de-parfum-ehsas-Jadeed.jpg","contentUrl":"https:\/\/www.parfumerie-arabe.com\/wp-content\/uploads\/2022\/08\/eau-de-parfum-ehsas-Jadeed.jpg","width":600,"height":600,"caption":"eau de parfum ehsas Jadeed"},{"@type":"BreadcrumbList","@id":"https:\/\/www.parfumerie-arabe.com\/produit\/ehsas-jadeed-100ml-ard-al-zaafaran\/#breadcrumb","itemListElement":[{"@type":"ListItem","position":1,"name":"Accueil","item":"https:\/\/www.parfumerie-arabe.com\/"},{"@type":"ListItem","position":2,"name":"Boutique","item":"https:\/\/www.parfumerie-arabe.com\/boutique\/"},{"@type":"ListItem","position":3,"name":"Ehsas Jadeed 100ml &#8211; Ard Al Zaafaran"}]},{"@type":"WebSite","@id":"https:\/\/www.parfumerie-arabe.com\/#website","url":"https:\/\/www.parfumerie-arabe.com\/","name":"Arabische Parf\u00fcmerie","description":"","publisher":{"@id":"https:\/\/www.parfumerie-arabe.com\/#organization"},"potentialAction":[{"@type":"SearchAction","target":{"@type":"EntryPoint","urlTemplate":"https:\/\/www.parfumerie-arabe.com\/?s={search_term_string}"},"query-input":{"@type":"PropertyValueSpecification","valueRequired":true,"valueName":"search_term_string"}}],"inLanguage":"de"},{"@type":"Organization","@id":"https:\/\/www.parfumerie-arabe.com\/#organization","name":"Arabische Parf\u00fcmerie","url":"https:\/\/www.parfumerie-arabe.com\/","logo":{"@type":"ImageObject","inLanguage":"de","@id":"https:\/\/www.parfumerie-arabe.com\/#\/schema\/logo\/image\/","url":"https:\/\/www.parfumerie-arabe.com\/wp-content\/uploads\/2022\/08\/logo-parfumerie-arabe.png","contentUrl":"https:\/\/www.parfumerie-arabe.com\/wp-content\/uploads\/2022\/08\/logo-parfumerie-arabe.png","width":600,"height":171,"caption":"Parfumerie arabe"},"image":{"@id":"https:\/\/www.parfumerie-arabe.com\/#\/schema\/logo\/image\/"}}]}},"_links":{"self":[{"href":"https:\/\/www.parfumerie-arabe.com\/de\/wp-json\/wp\/v2\/product\/189","targetHints":{"allow":["GET"]}}],"collection":[{"href":"https:\/\/www.parfumerie-arabe.com\/de\/wp-json\/wp\/v2\/product"}],"about":[{"href":"https:\/\/www.parfumerie-arabe.com\/de\/wp-json\/wp\/v2\/types\/product"}],"wp:featuredmedia":[{"embeddable":true,"href":"https:\/\/www.parfumerie-arabe.com\/de\/wp-json\/wp\/v2\/media\/2363"}],"wp:attachment":[{"href":"https:\/\/www.parfumerie-arabe.com\/de\/wp-json\/wp\/v2\/media?parent=189"}],"wp:term":[{"taxonomy":"product_brand","embeddable":true,"href":"https:\/\/www.parfumerie-arabe.com\/de\/wp-json\/wp\/v2\/product_brand?post=189"},{"taxonomy":"product_cat","embeddable":true,"href":"https:\/\/www.parfumerie-arabe.com\/de\/wp-json\/wp\/v2\/product_cat?post=189"},{"taxonomy":"product_tag","embeddable":true,"href":"https:\/\/www.parfumerie-arabe.com\/de\/wp-json\/wp\/v2\/product_tag?post=189"}],"curies":[{"name":"wp","href":"https:\/\/api.w.org\/{rel}","templated":true}]}}