{"id":194,"date":"2015-08-20T17:13:50","date_gmt":"2015-08-20T17:13:50","guid":{"rendered":"https:\/\/www.parfumerie-arabe.com\/?post_type=product&#038;p=194"},"modified":"2026-03-15T03:58:08","modified_gmt":"2026-03-15T03:58:08","slug":"duftnebel-musk-tahara-100ml-hamidi","status":"publish","type":"product","link":"https:\/\/www.parfumerie-arabe.com\/de\/produit\/brume-parfumee-musk-tahara-100ml-hamidi\/","title":{"rendered":"Parf\u00fcmierter Nebel Musk Tahara 100ml - Hamidi"},"content":{"rendered":"<p>Der Duftnebel Musk Tahara ist zweifellos ein Duft, den man haben muss. Denn seine orientalischen, fruchtigen und k\u00f6stlichen Noten werden eine echte <strong>Schmuckst\u00fcck<\/strong>. Sie sind diskret und kraftvoll zugleich und werden Sie sublimieren. Auch nach Ihrem Besuch werden Sie ein Gef\u00fchl der Geborgenheit hinterlassen.\u00a0<strong>weicher Abdruck<\/strong>\u00a0der die Anwesenden in Staunen versetzen wird.<\/p>\n<h2><strong>Der Musk Tahara Duftnebel: eine orientalische Ode<\/strong><\/h2>\n<p>Dieser leichte Duft wird Sie an die\u00a0<strong>Sinnlichkeit<\/strong>\u00a0und die\u00a0<strong>Zartheit<\/strong><strong>\u00a0der orientalischen Frauen. Tats\u00e4chlich wird Sie der wei\u00dfe Moschus mit seinem s\u00fc\u00dfen und lieblichen Geruch verzaubern. Und die k\u00f6stliche Vanille verleiht diesem Duft Sinnlichkeit. Und dann ist da noch die zarte Rose, die diese Noten mit ihrer Frische und Leichtigkeit umh\u00fcllt, wie in Mukhallat Musk und Ambre. Die Wirkung auf Ihre Haut wird sofort eintreten: Sie werden sich sch\u00f6n und begehrenswert f\u00fchlen.\u00a0<\/strong><\/p>\n<h2><strong>Tahara Musk Parf\u00fcmnebel: eine angenehme Alternative f\u00fcr empfindliche Haut<\/strong><\/h2>\n<p>Das ist der Vorteil, wenn Sie einen Nebel verwenden. Denn da er keinen Alkohol enth\u00e4lt, wird er ein Genuss f\u00fcr die\u00a0<strong>empfindliche Haut<\/strong>. So k\u00f6nnen Sie die orientalischen D\u00fcfte in vollen Z\u00fcgen genie\u00dfen, ohne Angst haben zu m\u00fcssen, Ihre Epidermis anzugreifen. Au\u00dferdem k\u00f6nnen Sie sich so oft parf\u00fcmieren, wie Sie m\u00f6chten, ohne einen Geschmacksverlust zu begehen. Und das ist noch nicht alles, denn Sie k\u00f6nnen Ihr Parfum auch in die Luft spr\u00fchen.\u00a0<strong>Kleidung<\/strong>\u00a0und Ihr\u00a0<strong>Haar<\/strong>. Es sei denn, Sie entscheiden sich f\u00fcr einen\u00a0<a href=\"https:\/\/www.parfumerie-arabe.com\/de\/sammlung\/haarparfum\/\"><strong>Haarparf\u00fcm<\/strong><\/a>.<\/p>\n<h3><strong>F\u00fchren Sie jeden Morgen ein Nebelritual durch<\/strong><\/h3>\n<p>Dies ist eine fr\u00f6hliche Gewohnheit, die Sie jeden Tag nach dem Duschen anwenden sollten. Denn Sie wecken Ihren ganzen K\u00f6rper in einem\u00a0<strong>heitere und duftende Symphonie<\/strong>. Au\u00dferdem empfehlen wir Ihnen, sich nach dem F\u00f6hnen und vor dem Anziehen zu parf\u00fcmieren. Und f\u00fcr Ihr Haar k\u00f6nnen Sie das vor dem Frisieren oder danach tun. Wenn Sie aber eine lange Sillage w\u00fcnschen, sollten Sie alle Ihre Haarl\u00e4ngen vor dem Frisieren damit verw\u00f6hnen. Au\u00dferdem l\u00e4sst sich dieses Ritual perfekt mit Ihrem Eau de Parfum kombinieren. So,\u00a0<a href=\"https:\/\/www.parfumerie-arabe.com\/de\/produkt\/eau-de-parfum-matiere-jean-lowe-100ml-maison-alhambra\/\"><strong>Material Jean Lowe\u00a0<\/strong><\/a>de Maison Alhambra wird eine perfekte Legierung mit Musk Tahara bilden.<\/p>","protected":false},"excerpt":{"rendered":"<p><strong>Geruchsnoten :<\/strong><\/p>\n<p>Noten von wei\u00dfem Moschus, Vanille und Rose.<\/p>\n<p>Nat\u00fcrlicher Duftnebel 100% (ohne Alkohol).<\/p>","protected":false},"featured_media":1029,"template":"","meta":[],"product_brand":[],"product_cat":[26,112,110,27],"product_tag":[],"class_list":{"0":"post-194","1":"product","2":"type-product","3":"status-publish","4":"has-post-thumbnail","6":"product_cat-brume-dubai","7":"product_cat-brume-hamidi","8":"product_cat-brume-parfumee","9":"product_cat-hamidi","11":"first","12":"outofstock","13":"taxable","14":"shipping-taxable","15":"purchasable","16":"product-type-simple"},"yoast_head":"<!-- This site is optimized with the Yoast SEO plugin v27.4 - https:\/\/yoast.com\/product\/yoast-seo-wordpress\/ -->\n<title>Brume parfum\u00e9e Musk Tahara I Collection Hamidi I 100ml<\/title>\n<meta name=\"description\" content=\"La brume parfum\u00e9e Musk Tahara est, sans conteste, la fragrance \u00e0 avoir. En effet, ses notes orientales, fruit\u00e9es et gourmandes seront une vraie parure.\" \/>\n<meta name=\"robots\" content=\"index, follow, max-snippet:-1, max-image-preview:large, max-video-preview:-1\" \/>\n<link rel=\"canonical\" href=\"https:\/\/www.parfumerie-arabe.com\/de\/produkt\/duftnebel-musk-tahara-100ml-hamidi\/\" \/>\n<meta property=\"og:locale\" content=\"de_DE\" \/>\n<meta property=\"og:type\" content=\"article\" \/>\n<meta property=\"og:title\" content=\"Brume parfum\u00e9e Musk Tahara I Collection Hamidi I 100ml\" \/>\n<meta property=\"og:description\" content=\"La brume parfum\u00e9e Musk Tahara est, sans conteste, la fragrance \u00e0 avoir. En effet, ses notes orientales, fruit\u00e9es et gourmandes seront une vraie parure.\" \/>\n<meta property=\"og:url\" content=\"https:\/\/www.parfumerie-arabe.com\/de\/produkt\/duftnebel-musk-tahara-100ml-hamidi\/\" \/>\n<meta property=\"og:site_name\" content=\"Parfumerie Arabe\" \/>\n<meta property=\"article:modified_time\" content=\"2026-03-15T03:58:08+00:00\" \/>\n<meta property=\"og:image\" content=\"https:\/\/www.parfumerie-arabe.com\/wp-content\/uploads\/2022\/08\/brume-parfumee-hamidi-musk-tahara.jpg\" \/>\n\t<meta property=\"og:image:width\" content=\"600\" \/>\n\t<meta property=\"og:image:height\" content=\"600\" \/>\n\t<meta property=\"og:image:type\" content=\"image\/jpeg\" \/>\n<meta name=\"twitter:card\" content=\"summary_large_image\" \/>\n<meta name=\"twitter:label1\" content=\"Gesch\u00e4tzte Lesezeit\" \/>\n\t<meta name=\"twitter:data1\" content=\"2\u00a0Minuten\" \/>\n<script type=\"application\/ld+json\" class=\"yoast-schema-graph\">{\"@context\":\"https:\\\/\\\/schema.org\",\"@graph\":[{\"@type\":\"WebPage\",\"@id\":\"https:\\\/\\\/www.parfumerie-arabe.com\\\/produit\\\/brume-parfumee-musk-tahara-100ml-hamidi\\\/\",\"url\":\"https:\\\/\\\/www.parfumerie-arabe.com\\\/produit\\\/brume-parfumee-musk-tahara-100ml-hamidi\\\/\",\"name\":\"Brume parfum\u00e9e Musk Tahara I Collection Hamidi I 100ml\",\"isPartOf\":{\"@id\":\"https:\\\/\\\/www.parfumerie-arabe.com\\\/#website\"},\"primaryImageOfPage\":{\"@id\":\"https:\\\/\\\/www.parfumerie-arabe.com\\\/produit\\\/brume-parfumee-musk-tahara-100ml-hamidi\\\/#primaryimage\"},\"image\":{\"@id\":\"https:\\\/\\\/www.parfumerie-arabe.com\\\/produit\\\/brume-parfumee-musk-tahara-100ml-hamidi\\\/#primaryimage\"},\"thumbnailUrl\":\"https:\\\/\\\/www.parfumerie-arabe.com\\\/wp-content\\\/uploads\\\/2022\\\/08\\\/brume-parfumee-hamidi-musk-tahara.jpg\",\"datePublished\":\"2015-08-20T17:13:50+00:00\",\"dateModified\":\"2026-03-15T03:58:08+00:00\",\"description\":\"La brume parfum\u00e9e Musk Tahara est, sans conteste, la fragrance \u00e0 avoir. En effet, ses notes orientales, fruit\u00e9es et gourmandes seront une vraie parure.\",\"breadcrumb\":{\"@id\":\"https:\\\/\\\/www.parfumerie-arabe.com\\\/produit\\\/brume-parfumee-musk-tahara-100ml-hamidi\\\/#breadcrumb\"},\"inLanguage\":\"de\",\"potentialAction\":[{\"@type\":\"ReadAction\",\"target\":[\"https:\\\/\\\/www.parfumerie-arabe.com\\\/produit\\\/brume-parfumee-musk-tahara-100ml-hamidi\\\/\"]}]},{\"@type\":\"ImageObject\",\"inLanguage\":\"de\",\"@id\":\"https:\\\/\\\/www.parfumerie-arabe.com\\\/produit\\\/brume-parfumee-musk-tahara-100ml-hamidi\\\/#primaryimage\",\"url\":\"https:\\\/\\\/www.parfumerie-arabe.com\\\/wp-content\\\/uploads\\\/2022\\\/08\\\/brume-parfumee-hamidi-musk-tahara.jpg\",\"contentUrl\":\"https:\\\/\\\/www.parfumerie-arabe.com\\\/wp-content\\\/uploads\\\/2022\\\/08\\\/brume-parfumee-hamidi-musk-tahara.jpg\",\"width\":600,\"height\":600,\"caption\":\"brume parfume\u0301e hamidi musk tahara\"},{\"@type\":\"BreadcrumbList\",\"@id\":\"https:\\\/\\\/www.parfumerie-arabe.com\\\/produit\\\/brume-parfumee-musk-tahara-100ml-hamidi\\\/#breadcrumb\",\"itemListElement\":[{\"@type\":\"ListItem\",\"position\":1,\"name\":\"Accueil\",\"item\":\"https:\\\/\\\/www.parfumerie-arabe.com\\\/\"},{\"@type\":\"ListItem\",\"position\":2,\"name\":\"Boutique\",\"item\":\"https:\\\/\\\/www.parfumerie-arabe.com\\\/boutique\\\/\"},{\"@type\":\"ListItem\",\"position\":3,\"name\":\"Brume parfum\u00e9e Musk Tahara 100ml \u2013 Hamidi\"}]},{\"@type\":\"WebSite\",\"@id\":\"https:\\\/\\\/www.parfumerie-arabe.com\\\/#website\",\"url\":\"https:\\\/\\\/www.parfumerie-arabe.com\\\/\",\"name\":\"Parfumerie Arabe\",\"description\":\"\",\"publisher\":{\"@id\":\"https:\\\/\\\/www.parfumerie-arabe.com\\\/#organization\"},\"potentialAction\":[{\"@type\":\"SearchAction\",\"target\":{\"@type\":\"EntryPoint\",\"urlTemplate\":\"https:\\\/\\\/www.parfumerie-arabe.com\\\/?s={search_term_string}\"},\"query-input\":{\"@type\":\"PropertyValueSpecification\",\"valueRequired\":true,\"valueName\":\"search_term_string\"}}],\"inLanguage\":\"de\"},{\"@type\":\"Organization\",\"@id\":\"https:\\\/\\\/www.parfumerie-arabe.com\\\/#organization\",\"name\":\"Parfumerie arabe\",\"url\":\"https:\\\/\\\/www.parfumerie-arabe.com\\\/\",\"logo\":{\"@type\":\"ImageObject\",\"inLanguage\":\"de\",\"@id\":\"https:\\\/\\\/www.parfumerie-arabe.com\\\/#\\\/schema\\\/logo\\\/image\\\/\",\"url\":\"https:\\\/\\\/www.parfumerie-arabe.com\\\/wp-content\\\/uploads\\\/2022\\\/08\\\/logo-parfumerie-arabe.png\",\"contentUrl\":\"https:\\\/\\\/www.parfumerie-arabe.com\\\/wp-content\\\/uploads\\\/2022\\\/08\\\/logo-parfumerie-arabe.png\",\"width\":600,\"height\":171,\"caption\":\"Parfumerie arabe\"},\"image\":{\"@id\":\"https:\\\/\\\/www.parfumerie-arabe.com\\\/#\\\/schema\\\/logo\\\/image\\\/\"}}]}<\/script>\n<!-- \/ Yoast SEO plugin. -->","yoast_head_json":{"title":"Parf\u00fcmierter Nebel Musk Tahara I Hamidi Collection I 100ml","description":"Der Duftnebel Musk Tahara ist zweifellos der Duft, den man haben muss. Denn seine orientalischen, fruchtigen und k\u00f6stlichen Noten werden eine wahre Zierde sein.","robots":{"index":"index","follow":"follow","max-snippet":"max-snippet:-1","max-image-preview":"max-image-preview:large","max-video-preview":"max-video-preview:-1"},"canonical":"https:\/\/www.parfumerie-arabe.com\/de\/produkt\/duftnebel-musk-tahara-100ml-hamidi\/","og_locale":"de_DE","og_type":"article","og_title":"Brume parfum\u00e9e Musk Tahara I Collection Hamidi I 100ml","og_description":"La brume parfum\u00e9e Musk Tahara est, sans conteste, la fragrance \u00e0 avoir. En effet, ses notes orientales, fruit\u00e9es et gourmandes seront une vraie parure.","og_url":"https:\/\/www.parfumerie-arabe.com\/de\/produkt\/duftnebel-musk-tahara-100ml-hamidi\/","og_site_name":"Parfumerie Arabe","article_modified_time":"2026-03-15T03:58:08+00:00","og_image":[{"width":600,"height":600,"url":"https:\/\/www.parfumerie-arabe.com\/wp-content\/uploads\/2022\/08\/brume-parfumee-hamidi-musk-tahara.jpg","type":"image\/jpeg"}],"twitter_card":"summary_large_image","twitter_misc":{"Gesch\u00e4tzte Lesezeit":"2\u00a0Minuten"},"schema":{"@context":"https:\/\/schema.org","@graph":[{"@type":"WebPage","@id":"https:\/\/www.parfumerie-arabe.com\/produit\/brume-parfumee-musk-tahara-100ml-hamidi\/","url":"https:\/\/www.parfumerie-arabe.com\/produit\/brume-parfumee-musk-tahara-100ml-hamidi\/","name":"Parf\u00fcmierter Nebel Musk Tahara I Hamidi Collection I 100ml","isPartOf":{"@id":"https:\/\/www.parfumerie-arabe.com\/#website"},"primaryImageOfPage":{"@id":"https:\/\/www.parfumerie-arabe.com\/produit\/brume-parfumee-musk-tahara-100ml-hamidi\/#primaryimage"},"image":{"@id":"https:\/\/www.parfumerie-arabe.com\/produit\/brume-parfumee-musk-tahara-100ml-hamidi\/#primaryimage"},"thumbnailUrl":"https:\/\/www.parfumerie-arabe.com\/wp-content\/uploads\/2022\/08\/brume-parfumee-hamidi-musk-tahara.jpg","datePublished":"2015-08-20T17:13:50+00:00","dateModified":"2026-03-15T03:58:08+00:00","description":"Der Duftnebel Musk Tahara ist zweifellos der Duft, den man haben muss. Denn seine orientalischen, fruchtigen und k\u00f6stlichen Noten werden eine wahre Zierde sein.","breadcrumb":{"@id":"https:\/\/www.parfumerie-arabe.com\/produit\/brume-parfumee-musk-tahara-100ml-hamidi\/#breadcrumb"},"inLanguage":"de","potentialAction":[{"@type":"ReadAction","target":["https:\/\/www.parfumerie-arabe.com\/produit\/brume-parfumee-musk-tahara-100ml-hamidi\/"]}]},{"@type":"ImageObject","inLanguage":"de","@id":"https:\/\/www.parfumerie-arabe.com\/produit\/brume-parfumee-musk-tahara-100ml-hamidi\/#primaryimage","url":"https:\/\/www.parfumerie-arabe.com\/wp-content\/uploads\/2022\/08\/brume-parfumee-hamidi-musk-tahara.jpg","contentUrl":"https:\/\/www.parfumerie-arabe.com\/wp-content\/uploads\/2022\/08\/brume-parfumee-hamidi-musk-tahara.jpg","width":600,"height":600,"caption":"brume parfume\u0301e hamidi musk tahara"},{"@type":"BreadcrumbList","@id":"https:\/\/www.parfumerie-arabe.com\/produit\/brume-parfumee-musk-tahara-100ml-hamidi\/#breadcrumb","itemListElement":[{"@type":"ListItem","position":1,"name":"Accueil","item":"https:\/\/www.parfumerie-arabe.com\/"},{"@type":"ListItem","position":2,"name":"Boutique","item":"https:\/\/www.parfumerie-arabe.com\/boutique\/"},{"@type":"ListItem","position":3,"name":"Brume parfum\u00e9e Musk Tahara 100ml \u2013 Hamidi"}]},{"@type":"WebSite","@id":"https:\/\/www.parfumerie-arabe.com\/#website","url":"https:\/\/www.parfumerie-arabe.com\/","name":"Arabische Parf\u00fcmerie","description":"","publisher":{"@id":"https:\/\/www.parfumerie-arabe.com\/#organization"},"potentialAction":[{"@type":"SearchAction","target":{"@type":"EntryPoint","urlTemplate":"https:\/\/www.parfumerie-arabe.com\/?s={search_term_string}"},"query-input":{"@type":"PropertyValueSpecification","valueRequired":true,"valueName":"search_term_string"}}],"inLanguage":"de"},{"@type":"Organization","@id":"https:\/\/www.parfumerie-arabe.com\/#organization","name":"Arabische Parf\u00fcmerie","url":"https:\/\/www.parfumerie-arabe.com\/","logo":{"@type":"ImageObject","inLanguage":"de","@id":"https:\/\/www.parfumerie-arabe.com\/#\/schema\/logo\/image\/","url":"https:\/\/www.parfumerie-arabe.com\/wp-content\/uploads\/2022\/08\/logo-parfumerie-arabe.png","contentUrl":"https:\/\/www.parfumerie-arabe.com\/wp-content\/uploads\/2022\/08\/logo-parfumerie-arabe.png","width":600,"height":171,"caption":"Parfumerie arabe"},"image":{"@id":"https:\/\/www.parfumerie-arabe.com\/#\/schema\/logo\/image\/"}}]}},"_links":{"self":[{"href":"https:\/\/www.parfumerie-arabe.com\/de\/wp-json\/wp\/v2\/product\/194","targetHints":{"allow":["GET"]}}],"collection":[{"href":"https:\/\/www.parfumerie-arabe.com\/de\/wp-json\/wp\/v2\/product"}],"about":[{"href":"https:\/\/www.parfumerie-arabe.com\/de\/wp-json\/wp\/v2\/types\/product"}],"wp:featuredmedia":[{"embeddable":true,"href":"https:\/\/www.parfumerie-arabe.com\/de\/wp-json\/wp\/v2\/media\/1029"}],"wp:attachment":[{"href":"https:\/\/www.parfumerie-arabe.com\/de\/wp-json\/wp\/v2\/media?parent=194"}],"wp:term":[{"taxonomy":"product_brand","embeddable":true,"href":"https:\/\/www.parfumerie-arabe.com\/de\/wp-json\/wp\/v2\/product_brand?post=194"},{"taxonomy":"product_cat","embeddable":true,"href":"https:\/\/www.parfumerie-arabe.com\/de\/wp-json\/wp\/v2\/product_cat?post=194"},{"taxonomy":"product_tag","embeddable":true,"href":"https:\/\/www.parfumerie-arabe.com\/de\/wp-json\/wp\/v2\/product_tag?post=194"}],"curies":[{"name":"wp","href":"https:\/\/api.w.org\/{rel}","templated":true}]}}