{"id":195,"date":"2022-08-20T17:13:50","date_gmt":"2022-08-20T17:13:50","guid":{"rendered":"https:\/\/www.parfumerie-arabe.com\/?post_type=product&#038;p=195"},"modified":"2026-04-27T21:29:21","modified_gmt":"2026-04-27T21:29:21","slug":"parfumierter-nebel-jasmin-tuberose-100ml-hamidi","status":"publish","type":"product","link":"https:\/\/www.parfumerie-arabe.com\/de\/produit\/brume-parfumee-jasmin-tuberose-100ml-hamidi\/","title":{"rendered":"Parf\u00fcmierter Nebel Jasmin &amp; Tuberose 100ml - Hamidi"},"content":{"rendered":"","protected":false},"excerpt":{"rendered":"<p><strong>Geruchsnoten :<\/strong><\/p>\n<p><strong>Kopfnote <\/strong>: orange<br \/>\n<strong>Herznoten <\/strong>: Jasmin, Tuberose, Milchhonig<br \/>\n<strong>Hintergrundnoten <\/strong>: Sandelholz und Vanille<\/p>\n<p>Nat\u00fcrlicher Duftnebel 100% (ohne Alkohol).<\/p>","protected":false},"featured_media":682,"template":"","meta":[],"product_brand":[],"product_cat":[26,112,110,27],"product_tag":[],"class_list":{"0":"post-195","1":"product","2":"type-product","3":"status-publish","4":"has-post-thumbnail","6":"product_cat-brume-dubai","7":"product_cat-brume-hamidi","8":"product_cat-brume-parfumee","9":"product_cat-hamidi","11":"first","12":"instock","13":"taxable","14":"shipping-taxable","15":"purchasable","16":"product-type-simple"},"yoast_head":"<!-- This site is optimized with the Yoast SEO plugin v27.4 - https:\/\/yoast.com\/product\/yoast-seo-wordpress\/ -->\n<title>Brume parfum\u00e9e Jasmin &amp; Tub\u00e9rose 100ml \u2013 Hamidi - Parfumerie Arabe<\/title>\n<meta name=\"robots\" content=\"index, follow, max-snippet:-1, max-image-preview:large, max-video-preview:-1\" \/>\n<link rel=\"canonical\" href=\"https:\/\/www.parfumerie-arabe.com\/de\/produkt\/parfumierter-nebel-jasmin-tuberose-100ml-hamidi\/\" \/>\n<meta property=\"og:locale\" content=\"de_DE\" \/>\n<meta property=\"og:type\" content=\"article\" \/>\n<meta property=\"og:title\" content=\"Brume parfum\u00e9e Jasmin &amp; Tub\u00e9rose 100ml \u2013 Hamidi - Parfumerie Arabe\" \/>\n<meta property=\"og:description\" content=\"Notes olfactives :  Note de t\u00eate : orange Notes de c\u0153ur : jasmin, tub\u00e9reuse, miel de lait Notes de fond : bois de santal et vanille  Brume parfum\u00e9e 100% naturelle (sans alcool).\" \/>\n<meta property=\"og:url\" content=\"https:\/\/www.parfumerie-arabe.com\/de\/produkt\/parfumierter-nebel-jasmin-tuberose-100ml-hamidi\/\" \/>\n<meta property=\"og:site_name\" content=\"Parfumerie Arabe\" \/>\n<meta property=\"article:modified_time\" content=\"2026-04-27T21:29:21+00:00\" \/>\n<meta property=\"og:image\" content=\"https:\/\/www.parfumerie-arabe.com\/wp-content\/uploads\/2022\/08\/hamidi-jasmin-et-tuberose-parfum-sans-alcool.jpg\" \/>\n\t<meta property=\"og:image:width\" content=\"600\" \/>\n\t<meta property=\"og:image:height\" content=\"600\" \/>\n\t<meta property=\"og:image:type\" content=\"image\/jpeg\" \/>\n<meta name=\"twitter:card\" content=\"summary_large_image\" \/>\n<script type=\"application\/ld+json\" class=\"yoast-schema-graph\">{\"@context\":\"https:\\\/\\\/schema.org\",\"@graph\":[{\"@type\":\"WebPage\",\"@id\":\"https:\\\/\\\/www.parfumerie-arabe.com\\\/produit\\\/brume-parfumee-jasmin-tuberose-100ml-hamidi\\\/\",\"url\":\"https:\\\/\\\/www.parfumerie-arabe.com\\\/produit\\\/brume-parfumee-jasmin-tuberose-100ml-hamidi\\\/\",\"name\":\"Brume parfum\u00e9e Jasmin & Tub\u00e9rose 100ml \u2013 Hamidi - Parfumerie Arabe\",\"isPartOf\":{\"@id\":\"https:\\\/\\\/www.parfumerie-arabe.com\\\/#website\"},\"primaryImageOfPage\":{\"@id\":\"https:\\\/\\\/www.parfumerie-arabe.com\\\/produit\\\/brume-parfumee-jasmin-tuberose-100ml-hamidi\\\/#primaryimage\"},\"image\":{\"@id\":\"https:\\\/\\\/www.parfumerie-arabe.com\\\/produit\\\/brume-parfumee-jasmin-tuberose-100ml-hamidi\\\/#primaryimage\"},\"thumbnailUrl\":\"https:\\\/\\\/www.parfumerie-arabe.com\\\/wp-content\\\/uploads\\\/2022\\\/08\\\/hamidi-jasmin-et-tuberose-parfum-sans-alcool.jpg\",\"datePublished\":\"2022-08-20T17:13:50+00:00\",\"dateModified\":\"2026-04-27T21:29:21+00:00\",\"breadcrumb\":{\"@id\":\"https:\\\/\\\/www.parfumerie-arabe.com\\\/produit\\\/brume-parfumee-jasmin-tuberose-100ml-hamidi\\\/#breadcrumb\"},\"inLanguage\":\"de\",\"potentialAction\":[{\"@type\":\"ReadAction\",\"target\":[\"https:\\\/\\\/www.parfumerie-arabe.com\\\/produit\\\/brume-parfumee-jasmin-tuberose-100ml-hamidi\\\/\"]}]},{\"@type\":\"ImageObject\",\"inLanguage\":\"de\",\"@id\":\"https:\\\/\\\/www.parfumerie-arabe.com\\\/produit\\\/brume-parfumee-jasmin-tuberose-100ml-hamidi\\\/#primaryimage\",\"url\":\"https:\\\/\\\/www.parfumerie-arabe.com\\\/wp-content\\\/uploads\\\/2022\\\/08\\\/hamidi-jasmin-et-tuberose-parfum-sans-alcool.jpg\",\"contentUrl\":\"https:\\\/\\\/www.parfumerie-arabe.com\\\/wp-content\\\/uploads\\\/2022\\\/08\\\/hamidi-jasmin-et-tuberose-parfum-sans-alcool.jpg\",\"width\":600,\"height\":600,\"caption\":\"hamidi jasmin et tube\u0301rose parfum\"},{\"@type\":\"BreadcrumbList\",\"@id\":\"https:\\\/\\\/www.parfumerie-arabe.com\\\/produit\\\/brume-parfumee-jasmin-tuberose-100ml-hamidi\\\/#breadcrumb\",\"itemListElement\":[{\"@type\":\"ListItem\",\"position\":1,\"name\":\"Accueil\",\"item\":\"https:\\\/\\\/www.parfumerie-arabe.com\\\/\"},{\"@type\":\"ListItem\",\"position\":2,\"name\":\"Boutique\",\"item\":\"https:\\\/\\\/www.parfumerie-arabe.com\\\/boutique\\\/\"},{\"@type\":\"ListItem\",\"position\":3,\"name\":\"Brume parfum\u00e9e Jasmin &#038; Tub\u00e9rose 100ml \u2013 Hamidi\"}]},{\"@type\":\"WebSite\",\"@id\":\"https:\\\/\\\/www.parfumerie-arabe.com\\\/#website\",\"url\":\"https:\\\/\\\/www.parfumerie-arabe.com\\\/\",\"name\":\"Parfumerie Arabe\",\"description\":\"\",\"publisher\":{\"@id\":\"https:\\\/\\\/www.parfumerie-arabe.com\\\/#organization\"},\"potentialAction\":[{\"@type\":\"SearchAction\",\"target\":{\"@type\":\"EntryPoint\",\"urlTemplate\":\"https:\\\/\\\/www.parfumerie-arabe.com\\\/?s={search_term_string}\"},\"query-input\":{\"@type\":\"PropertyValueSpecification\",\"valueRequired\":true,\"valueName\":\"search_term_string\"}}],\"inLanguage\":\"de\"},{\"@type\":\"Organization\",\"@id\":\"https:\\\/\\\/www.parfumerie-arabe.com\\\/#organization\",\"name\":\"Parfumerie arabe\",\"url\":\"https:\\\/\\\/www.parfumerie-arabe.com\\\/\",\"logo\":{\"@type\":\"ImageObject\",\"inLanguage\":\"de\",\"@id\":\"https:\\\/\\\/www.parfumerie-arabe.com\\\/#\\\/schema\\\/logo\\\/image\\\/\",\"url\":\"https:\\\/\\\/www.parfumerie-arabe.com\\\/wp-content\\\/uploads\\\/2022\\\/08\\\/logo-parfumerie-arabe.png\",\"contentUrl\":\"https:\\\/\\\/www.parfumerie-arabe.com\\\/wp-content\\\/uploads\\\/2022\\\/08\\\/logo-parfumerie-arabe.png\",\"width\":600,\"height\":171,\"caption\":\"Parfumerie arabe\"},\"image\":{\"@id\":\"https:\\\/\\\/www.parfumerie-arabe.com\\\/#\\\/schema\\\/logo\\\/image\\\/\"}}]}<\/script>\n<!-- \/ Yoast SEO plugin. -->","yoast_head_json":{"title":"Parf\u00fcmierter Nebel Jasmin &amp; Tuberose 100ml - Hamidi - Arabische Parf\u00fcmerie","robots":{"index":"index","follow":"follow","max-snippet":"max-snippet:-1","max-image-preview":"max-image-preview:large","max-video-preview":"max-video-preview:-1"},"canonical":"https:\/\/www.parfumerie-arabe.com\/de\/produkt\/parfumierter-nebel-jasmin-tuberose-100ml-hamidi\/","og_locale":"de_DE","og_type":"article","og_title":"Brume parfum\u00e9e Jasmin & Tub\u00e9rose 100ml \u2013 Hamidi - Parfumerie Arabe","og_description":"Notes olfactives :  Note de t\u00eate : orange Notes de c\u0153ur : jasmin, tub\u00e9reuse, miel de lait Notes de fond : bois de santal et vanille  Brume parfum\u00e9e 100% naturelle (sans alcool).","og_url":"https:\/\/www.parfumerie-arabe.com\/de\/produkt\/parfumierter-nebel-jasmin-tuberose-100ml-hamidi\/","og_site_name":"Parfumerie Arabe","article_modified_time":"2026-04-27T21:29:21+00:00","og_image":[{"width":600,"height":600,"url":"https:\/\/www.parfumerie-arabe.com\/wp-content\/uploads\/2022\/08\/hamidi-jasmin-et-tuberose-parfum-sans-alcool.jpg","type":"image\/jpeg"}],"twitter_card":"summary_large_image","schema":{"@context":"https:\/\/schema.org","@graph":[{"@type":"WebPage","@id":"https:\/\/www.parfumerie-arabe.com\/produit\/brume-parfumee-jasmin-tuberose-100ml-hamidi\/","url":"https:\/\/www.parfumerie-arabe.com\/produit\/brume-parfumee-jasmin-tuberose-100ml-hamidi\/","name":"Parf\u00fcmierter Nebel Jasmin &amp; Tuberose 100ml - Hamidi - Arabische Parf\u00fcmerie","isPartOf":{"@id":"https:\/\/www.parfumerie-arabe.com\/#website"},"primaryImageOfPage":{"@id":"https:\/\/www.parfumerie-arabe.com\/produit\/brume-parfumee-jasmin-tuberose-100ml-hamidi\/#primaryimage"},"image":{"@id":"https:\/\/www.parfumerie-arabe.com\/produit\/brume-parfumee-jasmin-tuberose-100ml-hamidi\/#primaryimage"},"thumbnailUrl":"https:\/\/www.parfumerie-arabe.com\/wp-content\/uploads\/2022\/08\/hamidi-jasmin-et-tuberose-parfum-sans-alcool.jpg","datePublished":"2022-08-20T17:13:50+00:00","dateModified":"2026-04-27T21:29:21+00:00","breadcrumb":{"@id":"https:\/\/www.parfumerie-arabe.com\/produit\/brume-parfumee-jasmin-tuberose-100ml-hamidi\/#breadcrumb"},"inLanguage":"de","potentialAction":[{"@type":"ReadAction","target":["https:\/\/www.parfumerie-arabe.com\/produit\/brume-parfumee-jasmin-tuberose-100ml-hamidi\/"]}]},{"@type":"ImageObject","inLanguage":"de","@id":"https:\/\/www.parfumerie-arabe.com\/produit\/brume-parfumee-jasmin-tuberose-100ml-hamidi\/#primaryimage","url":"https:\/\/www.parfumerie-arabe.com\/wp-content\/uploads\/2022\/08\/hamidi-jasmin-et-tuberose-parfum-sans-alcool.jpg","contentUrl":"https:\/\/www.parfumerie-arabe.com\/wp-content\/uploads\/2022\/08\/hamidi-jasmin-et-tuberose-parfum-sans-alcool.jpg","width":600,"height":600,"caption":"hamidi jasmin et tube\u0301rose parfum"},{"@type":"BreadcrumbList","@id":"https:\/\/www.parfumerie-arabe.com\/produit\/brume-parfumee-jasmin-tuberose-100ml-hamidi\/#breadcrumb","itemListElement":[{"@type":"ListItem","position":1,"name":"Accueil","item":"https:\/\/www.parfumerie-arabe.com\/"},{"@type":"ListItem","position":2,"name":"Boutique","item":"https:\/\/www.parfumerie-arabe.com\/boutique\/"},{"@type":"ListItem","position":3,"name":"Brume parfum\u00e9e Jasmin &#038; Tub\u00e9rose 100ml \u2013 Hamidi"}]},{"@type":"WebSite","@id":"https:\/\/www.parfumerie-arabe.com\/#website","url":"https:\/\/www.parfumerie-arabe.com\/","name":"Arabische Parf\u00fcmerie","description":"","publisher":{"@id":"https:\/\/www.parfumerie-arabe.com\/#organization"},"potentialAction":[{"@type":"SearchAction","target":{"@type":"EntryPoint","urlTemplate":"https:\/\/www.parfumerie-arabe.com\/?s={search_term_string}"},"query-input":{"@type":"PropertyValueSpecification","valueRequired":true,"valueName":"search_term_string"}}],"inLanguage":"de"},{"@type":"Organization","@id":"https:\/\/www.parfumerie-arabe.com\/#organization","name":"Arabische Parf\u00fcmerie","url":"https:\/\/www.parfumerie-arabe.com\/","logo":{"@type":"ImageObject","inLanguage":"de","@id":"https:\/\/www.parfumerie-arabe.com\/#\/schema\/logo\/image\/","url":"https:\/\/www.parfumerie-arabe.com\/wp-content\/uploads\/2022\/08\/logo-parfumerie-arabe.png","contentUrl":"https:\/\/www.parfumerie-arabe.com\/wp-content\/uploads\/2022\/08\/logo-parfumerie-arabe.png","width":600,"height":171,"caption":"Parfumerie arabe"},"image":{"@id":"https:\/\/www.parfumerie-arabe.com\/#\/schema\/logo\/image\/"}}]}},"_links":{"self":[{"href":"https:\/\/www.parfumerie-arabe.com\/de\/wp-json\/wp\/v2\/product\/195","targetHints":{"allow":["GET"]}}],"collection":[{"href":"https:\/\/www.parfumerie-arabe.com\/de\/wp-json\/wp\/v2\/product"}],"about":[{"href":"https:\/\/www.parfumerie-arabe.com\/de\/wp-json\/wp\/v2\/types\/product"}],"wp:featuredmedia":[{"embeddable":true,"href":"https:\/\/www.parfumerie-arabe.com\/de\/wp-json\/wp\/v2\/media\/682"}],"wp:attachment":[{"href":"https:\/\/www.parfumerie-arabe.com\/de\/wp-json\/wp\/v2\/media?parent=195"}],"wp:term":[{"taxonomy":"product_brand","embeddable":true,"href":"https:\/\/www.parfumerie-arabe.com\/de\/wp-json\/wp\/v2\/product_brand?post=195"},{"taxonomy":"product_cat","embeddable":true,"href":"https:\/\/www.parfumerie-arabe.com\/de\/wp-json\/wp\/v2\/product_cat?post=195"},{"taxonomy":"product_tag","embeddable":true,"href":"https:\/\/www.parfumerie-arabe.com\/de\/wp-json\/wp\/v2\/product_tag?post=195"}],"curies":[{"name":"wp","href":"https:\/\/api.w.org\/{rel}","templated":true}]}}