{"id":196,"date":"2022-08-20T17:13:50","date_gmt":"2022-08-20T17:13:50","guid":{"rendered":"https:\/\/www.parfumerie-arabe.com\/?post_type=product&#038;p=196"},"modified":"2025-11-10T19:26:33","modified_gmt":"2025-11-10T19:26:33","slug":"parfumierter-nebel-vanilla-elixir-100ml-hamidi","status":"publish","type":"product","link":"https:\/\/www.parfumerie-arabe.com\/de\/produit\/brume-parfumee-vanilla-elixir-100ml-hamidi\/","title":{"rendered":"Parf\u00fcmierter Nebel Vanilla elixir 100ml - Hamidi"},"content":{"rendered":"","protected":false},"excerpt":{"rendered":"<p><strong>Geruchsnoten :<\/strong><\/p>\n<p><strong>Kopfnoten<\/strong> : Jasmin, Safran<br \/>\n<strong>Herznoten<\/strong> : Amberholz, grauer Bernstein<br \/>\n<strong>Hintergrundnoten<\/strong> : Zedernholz, Tannenharz<\/p>\n<p>Nat\u00fcrlicher Duftnebel 100% (ohne Alkohol).<\/p>","protected":false},"featured_media":680,"template":"","meta":[],"product_brand":[],"product_cat":[26,112,110,27],"product_tag":[],"class_list":{"0":"post-196","1":"product","2":"type-product","3":"status-publish","4":"has-post-thumbnail","6":"product_cat-brume-dubai","7":"product_cat-brume-hamidi","8":"product_cat-brume-parfumee","9":"product_cat-hamidi","11":"first","12":"outofstock","13":"taxable","14":"shipping-taxable","15":"purchasable","16":"product-type-simple"},"yoast_head":"<!-- This site is optimized with the Yoast SEO plugin v27.4 - https:\/\/yoast.com\/product\/yoast-seo-wordpress\/ -->\n<title>Brume parfum\u00e9e Vanilla elixir 100ml \u2013 Hamidi - Parfumerie Arabe<\/title>\n<meta name=\"robots\" content=\"index, follow, max-snippet:-1, max-image-preview:large, max-video-preview:-1\" \/>\n<link rel=\"canonical\" href=\"https:\/\/www.parfumerie-arabe.com\/de\/produkt\/parfumierter-nebel-vanilla-elixir-100ml-hamidi\/\" \/>\n<meta property=\"og:locale\" content=\"de_DE\" \/>\n<meta property=\"og:type\" content=\"article\" \/>\n<meta property=\"og:title\" content=\"Brume parfum\u00e9e Vanilla elixir 100ml \u2013 Hamidi - Parfumerie Arabe\" \/>\n<meta property=\"og:description\" content=\"Notes olfactives :  Notes de t\u00eate : Jasmin, Safran Notes de c\u0153ur : bois ambr\u00e9, ambre gris Notes de fond : bois de c\u00e8dre, r\u00e9sine de sapin  Brume parfum\u00e9e 100% naturelle (sans alcool).\" \/>\n<meta property=\"og:url\" content=\"https:\/\/www.parfumerie-arabe.com\/de\/produkt\/parfumierter-nebel-vanilla-elixir-100ml-hamidi\/\" \/>\n<meta property=\"og:site_name\" content=\"Parfumerie Arabe\" \/>\n<meta property=\"article:modified_time\" content=\"2025-11-10T19:26:33+00:00\" \/>\n<meta property=\"og:image\" content=\"https:\/\/www.parfumerie-arabe.com\/wp-content\/uploads\/2022\/08\/vanilla-elixir-hamidi-parfum.jpg\" \/>\n\t<meta property=\"og:image:width\" content=\"600\" \/>\n\t<meta property=\"og:image:height\" content=\"600\" \/>\n\t<meta property=\"og:image:type\" content=\"image\/jpeg\" \/>\n<meta name=\"twitter:card\" content=\"summary_large_image\" \/>\n<script type=\"application\/ld+json\" class=\"yoast-schema-graph\">{\"@context\":\"https:\\\/\\\/schema.org\",\"@graph\":[{\"@type\":\"WebPage\",\"@id\":\"https:\\\/\\\/www.parfumerie-arabe.com\\\/produit\\\/brume-parfumee-vanilla-elixir-100ml-hamidi\\\/\",\"url\":\"https:\\\/\\\/www.parfumerie-arabe.com\\\/produit\\\/brume-parfumee-vanilla-elixir-100ml-hamidi\\\/\",\"name\":\"Brume parfum\u00e9e Vanilla elixir 100ml \u2013 Hamidi - Parfumerie Arabe\",\"isPartOf\":{\"@id\":\"https:\\\/\\\/www.parfumerie-arabe.com\\\/#website\"},\"primaryImageOfPage\":{\"@id\":\"https:\\\/\\\/www.parfumerie-arabe.com\\\/produit\\\/brume-parfumee-vanilla-elixir-100ml-hamidi\\\/#primaryimage\"},\"image\":{\"@id\":\"https:\\\/\\\/www.parfumerie-arabe.com\\\/produit\\\/brume-parfumee-vanilla-elixir-100ml-hamidi\\\/#primaryimage\"},\"thumbnailUrl\":\"https:\\\/\\\/www.parfumerie-arabe.com\\\/wp-content\\\/uploads\\\/2022\\\/08\\\/vanilla-elixir-hamidi-parfum.jpg\",\"datePublished\":\"2022-08-20T17:13:50+00:00\",\"dateModified\":\"2025-11-10T19:26:33+00:00\",\"breadcrumb\":{\"@id\":\"https:\\\/\\\/www.parfumerie-arabe.com\\\/produit\\\/brume-parfumee-vanilla-elixir-100ml-hamidi\\\/#breadcrumb\"},\"inLanguage\":\"de\",\"potentialAction\":[{\"@type\":\"ReadAction\",\"target\":[\"https:\\\/\\\/www.parfumerie-arabe.com\\\/produit\\\/brume-parfumee-vanilla-elixir-100ml-hamidi\\\/\"]}]},{\"@type\":\"ImageObject\",\"inLanguage\":\"de\",\"@id\":\"https:\\\/\\\/www.parfumerie-arabe.com\\\/produit\\\/brume-parfumee-vanilla-elixir-100ml-hamidi\\\/#primaryimage\",\"url\":\"https:\\\/\\\/www.parfumerie-arabe.com\\\/wp-content\\\/uploads\\\/2022\\\/08\\\/vanilla-elixir-hamidi-parfum.jpg\",\"contentUrl\":\"https:\\\/\\\/www.parfumerie-arabe.com\\\/wp-content\\\/uploads\\\/2022\\\/08\\\/vanilla-elixir-hamidi-parfum.jpg\",\"width\":600,\"height\":600,\"caption\":\"vanilla elixir hamidi parfum\"},{\"@type\":\"BreadcrumbList\",\"@id\":\"https:\\\/\\\/www.parfumerie-arabe.com\\\/produit\\\/brume-parfumee-vanilla-elixir-100ml-hamidi\\\/#breadcrumb\",\"itemListElement\":[{\"@type\":\"ListItem\",\"position\":1,\"name\":\"Accueil\",\"item\":\"https:\\\/\\\/www.parfumerie-arabe.com\\\/\"},{\"@type\":\"ListItem\",\"position\":2,\"name\":\"Boutique\",\"item\":\"https:\\\/\\\/www.parfumerie-arabe.com\\\/boutique\\\/\"},{\"@type\":\"ListItem\",\"position\":3,\"name\":\"Brume parfum\u00e9e Vanilla elixir 100ml \u2013 Hamidi\"}]},{\"@type\":\"WebSite\",\"@id\":\"https:\\\/\\\/www.parfumerie-arabe.com\\\/#website\",\"url\":\"https:\\\/\\\/www.parfumerie-arabe.com\\\/\",\"name\":\"Parfumerie Arabe\",\"description\":\"\",\"publisher\":{\"@id\":\"https:\\\/\\\/www.parfumerie-arabe.com\\\/#organization\"},\"potentialAction\":[{\"@type\":\"SearchAction\",\"target\":{\"@type\":\"EntryPoint\",\"urlTemplate\":\"https:\\\/\\\/www.parfumerie-arabe.com\\\/?s={search_term_string}\"},\"query-input\":{\"@type\":\"PropertyValueSpecification\",\"valueRequired\":true,\"valueName\":\"search_term_string\"}}],\"inLanguage\":\"de\"},{\"@type\":\"Organization\",\"@id\":\"https:\\\/\\\/www.parfumerie-arabe.com\\\/#organization\",\"name\":\"Parfumerie arabe\",\"url\":\"https:\\\/\\\/www.parfumerie-arabe.com\\\/\",\"logo\":{\"@type\":\"ImageObject\",\"inLanguage\":\"de\",\"@id\":\"https:\\\/\\\/www.parfumerie-arabe.com\\\/#\\\/schema\\\/logo\\\/image\\\/\",\"url\":\"https:\\\/\\\/www.parfumerie-arabe.com\\\/wp-content\\\/uploads\\\/2022\\\/08\\\/logo-parfumerie-arabe.png\",\"contentUrl\":\"https:\\\/\\\/www.parfumerie-arabe.com\\\/wp-content\\\/uploads\\\/2022\\\/08\\\/logo-parfumerie-arabe.png\",\"width\":600,\"height\":171,\"caption\":\"Parfumerie arabe\"},\"image\":{\"@id\":\"https:\\\/\\\/www.parfumerie-arabe.com\\\/#\\\/schema\\\/logo\\\/image\\\/\"}}]}<\/script>\n<!-- \/ Yoast SEO plugin. -->","yoast_head_json":{"title":"Vanilla elixir parf\u00fcmierter Nebel 100ml - Hamidi - Arabische Parf\u00fcmerie","robots":{"index":"index","follow":"follow","max-snippet":"max-snippet:-1","max-image-preview":"max-image-preview:large","max-video-preview":"max-video-preview:-1"},"canonical":"https:\/\/www.parfumerie-arabe.com\/de\/produkt\/parfumierter-nebel-vanilla-elixir-100ml-hamidi\/","og_locale":"de_DE","og_type":"article","og_title":"Brume parfum\u00e9e Vanilla elixir 100ml \u2013 Hamidi - Parfumerie Arabe","og_description":"Notes olfactives :  Notes de t\u00eate : Jasmin, Safran Notes de c\u0153ur : bois ambr\u00e9, ambre gris Notes de fond : bois de c\u00e8dre, r\u00e9sine de sapin  Brume parfum\u00e9e 100% naturelle (sans alcool).","og_url":"https:\/\/www.parfumerie-arabe.com\/de\/produkt\/parfumierter-nebel-vanilla-elixir-100ml-hamidi\/","og_site_name":"Parfumerie Arabe","article_modified_time":"2025-11-10T19:26:33+00:00","og_image":[{"width":600,"height":600,"url":"https:\/\/www.parfumerie-arabe.com\/wp-content\/uploads\/2022\/08\/vanilla-elixir-hamidi-parfum.jpg","type":"image\/jpeg"}],"twitter_card":"summary_large_image","schema":{"@context":"https:\/\/schema.org","@graph":[{"@type":"WebPage","@id":"https:\/\/www.parfumerie-arabe.com\/produit\/brume-parfumee-vanilla-elixir-100ml-hamidi\/","url":"https:\/\/www.parfumerie-arabe.com\/produit\/brume-parfumee-vanilla-elixir-100ml-hamidi\/","name":"Vanilla elixir parf\u00fcmierter Nebel 100ml - Hamidi - Arabische Parf\u00fcmerie","isPartOf":{"@id":"https:\/\/www.parfumerie-arabe.com\/#website"},"primaryImageOfPage":{"@id":"https:\/\/www.parfumerie-arabe.com\/produit\/brume-parfumee-vanilla-elixir-100ml-hamidi\/#primaryimage"},"image":{"@id":"https:\/\/www.parfumerie-arabe.com\/produit\/brume-parfumee-vanilla-elixir-100ml-hamidi\/#primaryimage"},"thumbnailUrl":"https:\/\/www.parfumerie-arabe.com\/wp-content\/uploads\/2022\/08\/vanilla-elixir-hamidi-parfum.jpg","datePublished":"2022-08-20T17:13:50+00:00","dateModified":"2025-11-10T19:26:33+00:00","breadcrumb":{"@id":"https:\/\/www.parfumerie-arabe.com\/produit\/brume-parfumee-vanilla-elixir-100ml-hamidi\/#breadcrumb"},"inLanguage":"de","potentialAction":[{"@type":"ReadAction","target":["https:\/\/www.parfumerie-arabe.com\/produit\/brume-parfumee-vanilla-elixir-100ml-hamidi\/"]}]},{"@type":"ImageObject","inLanguage":"de","@id":"https:\/\/www.parfumerie-arabe.com\/produit\/brume-parfumee-vanilla-elixir-100ml-hamidi\/#primaryimage","url":"https:\/\/www.parfumerie-arabe.com\/wp-content\/uploads\/2022\/08\/vanilla-elixir-hamidi-parfum.jpg","contentUrl":"https:\/\/www.parfumerie-arabe.com\/wp-content\/uploads\/2022\/08\/vanilla-elixir-hamidi-parfum.jpg","width":600,"height":600,"caption":"vanilla elixir hamidi parfum"},{"@type":"BreadcrumbList","@id":"https:\/\/www.parfumerie-arabe.com\/produit\/brume-parfumee-vanilla-elixir-100ml-hamidi\/#breadcrumb","itemListElement":[{"@type":"ListItem","position":1,"name":"Accueil","item":"https:\/\/www.parfumerie-arabe.com\/"},{"@type":"ListItem","position":2,"name":"Boutique","item":"https:\/\/www.parfumerie-arabe.com\/boutique\/"},{"@type":"ListItem","position":3,"name":"Brume parfum\u00e9e Vanilla elixir 100ml \u2013 Hamidi"}]},{"@type":"WebSite","@id":"https:\/\/www.parfumerie-arabe.com\/#website","url":"https:\/\/www.parfumerie-arabe.com\/","name":"Arabische Parf\u00fcmerie","description":"","publisher":{"@id":"https:\/\/www.parfumerie-arabe.com\/#organization"},"potentialAction":[{"@type":"SearchAction","target":{"@type":"EntryPoint","urlTemplate":"https:\/\/www.parfumerie-arabe.com\/?s={search_term_string}"},"query-input":{"@type":"PropertyValueSpecification","valueRequired":true,"valueName":"search_term_string"}}],"inLanguage":"de"},{"@type":"Organization","@id":"https:\/\/www.parfumerie-arabe.com\/#organization","name":"Arabische Parf\u00fcmerie","url":"https:\/\/www.parfumerie-arabe.com\/","logo":{"@type":"ImageObject","inLanguage":"de","@id":"https:\/\/www.parfumerie-arabe.com\/#\/schema\/logo\/image\/","url":"https:\/\/www.parfumerie-arabe.com\/wp-content\/uploads\/2022\/08\/logo-parfumerie-arabe.png","contentUrl":"https:\/\/www.parfumerie-arabe.com\/wp-content\/uploads\/2022\/08\/logo-parfumerie-arabe.png","width":600,"height":171,"caption":"Parfumerie arabe"},"image":{"@id":"https:\/\/www.parfumerie-arabe.com\/#\/schema\/logo\/image\/"}}]}},"_links":{"self":[{"href":"https:\/\/www.parfumerie-arabe.com\/de\/wp-json\/wp\/v2\/product\/196","targetHints":{"allow":["GET"]}}],"collection":[{"href":"https:\/\/www.parfumerie-arabe.com\/de\/wp-json\/wp\/v2\/product"}],"about":[{"href":"https:\/\/www.parfumerie-arabe.com\/de\/wp-json\/wp\/v2\/types\/product"}],"wp:featuredmedia":[{"embeddable":true,"href":"https:\/\/www.parfumerie-arabe.com\/de\/wp-json\/wp\/v2\/media\/680"}],"wp:attachment":[{"href":"https:\/\/www.parfumerie-arabe.com\/de\/wp-json\/wp\/v2\/media?parent=196"}],"wp:term":[{"taxonomy":"product_brand","embeddable":true,"href":"https:\/\/www.parfumerie-arabe.com\/de\/wp-json\/wp\/v2\/product_brand?post=196"},{"taxonomy":"product_cat","embeddable":true,"href":"https:\/\/www.parfumerie-arabe.com\/de\/wp-json\/wp\/v2\/product_cat?post=196"},{"taxonomy":"product_tag","embeddable":true,"href":"https:\/\/www.parfumerie-arabe.com\/de\/wp-json\/wp\/v2\/product_tag?post=196"}],"curies":[{"name":"wp","href":"https:\/\/api.w.org\/{rel}","templated":true}]}}