{"id":2087,"date":"2023-02-20T15:08:59","date_gmt":"2023-02-20T15:08:59","guid":{"rendered":"https:\/\/www.parfumerie-arabe.com\/?post_type=product&#038;p=2087"},"modified":"2025-11-14T13:27:10","modified_gmt":"2025-11-14T13:27:10","slug":"schwarzer-sand-parfum-50ml-m-a-h","status":"publish","type":"product","link":"https:\/\/www.parfumerie-arabe.com\/de\/produit\/sable-noir-parfum-50ml-m-a-h\/","title":{"rendered":"Schwarzer Sand Parf\u00fcm 50ml - M.A.H"},"content":{"rendered":"<p>Sable Noir von M.A.H ist ein olfaktorisches Schmuckst\u00fcck, das Sie\u00a0<strong>versch\u00f6nern<\/strong>\u00a0den ganzen Tag lang. Denn seine frischen und blumigen Noten geben den orientalischen D\u00fcften den Vorzug. Dies ist eine Komposition f\u00fcr Pers\u00f6nlichkeiten\u00a0<strong>unternehmungslustig<\/strong>\u00a0und\u00a0<strong>frohe<\/strong>.<\/p>\n<h2><strong>Sable Noir von M.A.H: ein blumiges Bouquet mit orientalischem Flair<\/strong><\/h2>\n<p>Dieser duftende Ausflug beginnt mit einem\u00a0<strong>s\u00e4uerliches Erwachen<\/strong>\u00a0an die Sie sich noch lange erinnern werden. Denn es gibt nichts Besseres, um einen Tag mit Freude zu beginnen. Umso mehr, als sich der Duft von Blumen und Fr\u00fcchten sofort mit dem der Zitrone vermischt. So wird dieser Gourmet-Touch dem Parfum K\u00f6rperlichkeit verleihen.\u00a0<strong>au\u00dfergew\u00f6hnlich<\/strong>.<\/p>\n<p>Und, nicht zu vergessen, die H\u00f6lzer, vor allem Amber und Oud, und der ber\u00fchmte Wei\u00dfe Moschus, die f\u00fcr den\u00a0<strong>Charakter<\/strong>\u00a0zu diesem Schmuckst\u00fcck. F\u00fcr eine noch frischere und w\u00fcrzigere Reise laden wir Sie ein, Folgendes zu entdecken\u00a0<strong>Gun Blue\u00a0<\/strong>von La Boite Blanche<\/p>\n<h2><strong>Sable Noir von M.A.H: Der Duft f\u00fcr alle Jahreszeiten<\/strong><\/h2>\n<p>Diese frischen und s\u00fc\u00dfen Noten werden Sie an den\u00a0<strong>Sonne<\/strong>. Aber auch Obstg\u00e4rten, die mit sch\u00f6nen Blumen \u00fcbers\u00e4t sind. Diese\u00a0<strong>Leichtigkeit<\/strong>\u00a0wird im Fr\u00fchling und Sommer das ideale Kleidungsst\u00fcck sein.<\/p>\n<p>Und die Tiefe von Holz- und Moschusd\u00fcften mischt sich gekonnt mit diesen ersten Duftwellen. Auch im Winter werden Amber und Sandelholz wie ein Mantel wirken.\u00a0<strong>tr\u00f6stlich<\/strong>.<\/p>\n<p>So ist es DER Duft, der Sie \u00fcberall sublimieren wird wie\u00a0<a href=\"https:\/\/www.parfumerie-arabe.com\/de\/produkt\/duft-rouge-absolu-n21-collection-prestige\/\"><strong>Rouge Absolu Nr. 21<\/strong><\/a>\u00a0von Prestige Collection.<\/p>\n<h3><strong>Auf Entdeckungsreise zu anderen Moschus-Elixieren<\/strong><\/h3>\n<p>Wei\u00dfer Moschus verleiht\u00a0<strong>s\u00fc\u00df<\/strong>\u00a0und\u00a0<strong>z\u00e4rtlich<\/strong>\u00a0zu den olfaktorischen Nektaren. Daher wird er in jeder Komposition die anderen Noten zart hervorheben. So in\u00a0<a href=\"https:\/\/www.parfumerie-arabe.com\/de\/produkt\/ana-abiyedh-i-am-white-taschenparfum\/\"><strong>Ana abiyedh<\/strong><\/a>\u00a0von Lattafa f\u00fchrt er lustvoll die gourmandigen und w\u00fcrzigen Aromen ein.<\/p>\n<p>Und: Das Ergebnis ist einfach nur bluffend! Ebenso in\u00a0<a href=\"https:\/\/www.parfumerie-arabe.com\/de\/produkt\/eau-de-parfum-opulent-oud-100ml-lattafa\/\"><strong>Opulenter Oud<\/strong><\/a> von Lattafa wird er mit Patchouli gemischt, um einen einzigartig charismatischen Eindruck zu hinterlassen.<\/p>","protected":false},"excerpt":{"rendered":"<div class=\"product-short-description\">\n<p><strong>Geruchsnoten :<\/strong><\/p>\n<p><strong>Kopfnoten<\/strong>\u00a0: Zitrone<br \/>\n<strong>Herznoten<\/strong>\u00a0: Gew\u00fcrze, Mairose, schwarze Johannisbeere, Maigl\u00f6ckchen, Pfingstrose, Himbeere und Pfirsich<br \/>\n<strong>Hintergrundnoten<\/strong>\u00a0: Amber, wei\u00dfer Moschus, Sandelholz, Heliotrop und Oud<\/p>\n<\/div>","protected":false},"featured_media":2101,"template":"","meta":[],"product_brand":[],"product_cat":[142,15],"product_tag":[],"class_list":{"0":"post-2087","1":"product","2":"type-product","3":"status-publish","4":"has-post-thumbnail","6":"product_cat-m-a-h-paris","7":"product_cat-parfum-homme","9":"first","10":"outofstock","11":"taxable","12":"shipping-taxable","13":"purchasable","14":"product-type-simple"},"yoast_head":"<!-- This site is optimized with the Yoast SEO plugin v27.5 - https:\/\/yoast.com\/product\/yoast-seo-wordpress\/ -->\n<title>Sable noir I Parfum oriental 50ml I Collection M.A.H<\/title>\n<meta name=\"description\" content=\"Sable Noir de M.A.H est un bijou olfactif qui va vous\u00a0embellir\u00a0tout au long de la journ\u00e9e. Adoptez-le sans plus attendre avec votre parfumerie !\" \/>\n<meta name=\"robots\" content=\"index, follow, max-snippet:-1, max-image-preview:large, max-video-preview:-1\" \/>\n<link rel=\"canonical\" href=\"https:\/\/www.parfumerie-arabe.com\/de\/produkt\/schwarzer-sand-parfum-50ml-m-a-h\/\" \/>\n<meta property=\"og:locale\" content=\"de_DE\" \/>\n<meta property=\"og:type\" content=\"article\" \/>\n<meta property=\"og:title\" content=\"Sable noir I Parfum oriental 50ml I Collection M.A.H\" \/>\n<meta property=\"og:description\" content=\"Sable Noir de M.A.H est un bijou olfactif qui va vous\u00a0embellir\u00a0tout au long de la journ\u00e9e. Adoptez-le sans plus attendre avec votre parfumerie !\" \/>\n<meta property=\"og:url\" content=\"https:\/\/www.parfumerie-arabe.com\/de\/produkt\/schwarzer-sand-parfum-50ml-m-a-h\/\" \/>\n<meta property=\"og:site_name\" content=\"Parfumerie Arabe\" \/>\n<meta property=\"article:modified_time\" content=\"2025-11-14T13:27:10+00:00\" \/>\n<meta property=\"og:image\" content=\"https:\/\/www.parfumerie-arabe.com\/wp-content\/uploads\/2023\/02\/parfum-Sable-noir-maison-MAH.jpg\" \/>\n\t<meta property=\"og:image:width\" content=\"600\" \/>\n\t<meta property=\"og:image:height\" content=\"600\" \/>\n\t<meta property=\"og:image:type\" content=\"image\/jpeg\" \/>\n<meta name=\"twitter:card\" content=\"summary_large_image\" \/>\n<meta name=\"twitter:label1\" content=\"Gesch\u00e4tzte Lesezeit\" \/>\n\t<meta name=\"twitter:data1\" content=\"2\u00a0Minuten\" \/>\n<script type=\"application\/ld+json\" class=\"yoast-schema-graph\">{\"@context\":\"https:\\\/\\\/schema.org\",\"@graph\":[{\"@type\":\"WebPage\",\"@id\":\"https:\\\/\\\/www.parfumerie-arabe.com\\\/produit\\\/sable-noir-parfum-50ml-m-a-h\\\/\",\"url\":\"https:\\\/\\\/www.parfumerie-arabe.com\\\/produit\\\/sable-noir-parfum-50ml-m-a-h\\\/\",\"name\":\"Sable noir I Parfum oriental 50ml I Collection M.A.H\",\"isPartOf\":{\"@id\":\"https:\\\/\\\/www.parfumerie-arabe.com\\\/#website\"},\"primaryImageOfPage\":{\"@id\":\"https:\\\/\\\/www.parfumerie-arabe.com\\\/produit\\\/sable-noir-parfum-50ml-m-a-h\\\/#primaryimage\"},\"image\":{\"@id\":\"https:\\\/\\\/www.parfumerie-arabe.com\\\/produit\\\/sable-noir-parfum-50ml-m-a-h\\\/#primaryimage\"},\"thumbnailUrl\":\"https:\\\/\\\/www.parfumerie-arabe.com\\\/wp-content\\\/uploads\\\/2023\\\/02\\\/parfum-Sable-noir-maison-MAH.jpg\",\"datePublished\":\"2023-02-20T15:08:59+00:00\",\"dateModified\":\"2025-11-14T13:27:10+00:00\",\"description\":\"Sable Noir de M.A.H est un bijou olfactif qui va vous\u00a0embellir\u00a0tout au long de la journ\u00e9e. Adoptez-le sans plus attendre avec votre parfumerie !\",\"breadcrumb\":{\"@id\":\"https:\\\/\\\/www.parfumerie-arabe.com\\\/produit\\\/sable-noir-parfum-50ml-m-a-h\\\/#breadcrumb\"},\"inLanguage\":\"de\",\"potentialAction\":[{\"@type\":\"ReadAction\",\"target\":[\"https:\\\/\\\/www.parfumerie-arabe.com\\\/produit\\\/sable-noir-parfum-50ml-m-a-h\\\/\"]}]},{\"@type\":\"ImageObject\",\"inLanguage\":\"de\",\"@id\":\"https:\\\/\\\/www.parfumerie-arabe.com\\\/produit\\\/sable-noir-parfum-50ml-m-a-h\\\/#primaryimage\",\"url\":\"https:\\\/\\\/www.parfumerie-arabe.com\\\/wp-content\\\/uploads\\\/2023\\\/02\\\/parfum-Sable-noir-maison-MAH.jpg\",\"contentUrl\":\"https:\\\/\\\/www.parfumerie-arabe.com\\\/wp-content\\\/uploads\\\/2023\\\/02\\\/parfum-Sable-noir-maison-MAH.jpg\",\"width\":600,\"height\":600,\"caption\":\"Sable Noir Parfum 50ml \u2013 M.A.H\"},{\"@type\":\"BreadcrumbList\",\"@id\":\"https:\\\/\\\/www.parfumerie-arabe.com\\\/produit\\\/sable-noir-parfum-50ml-m-a-h\\\/#breadcrumb\",\"itemListElement\":[{\"@type\":\"ListItem\",\"position\":1,\"name\":\"Accueil\",\"item\":\"https:\\\/\\\/www.parfumerie-arabe.com\\\/\"},{\"@type\":\"ListItem\",\"position\":2,\"name\":\"Boutique\",\"item\":\"https:\\\/\\\/www.parfumerie-arabe.com\\\/boutique\\\/\"},{\"@type\":\"ListItem\",\"position\":3,\"name\":\"Sable Noir Parfum 50ml \u2013 M.A.H\"}]},{\"@type\":\"WebSite\",\"@id\":\"https:\\\/\\\/www.parfumerie-arabe.com\\\/#website\",\"url\":\"https:\\\/\\\/www.parfumerie-arabe.com\\\/\",\"name\":\"Parfumerie Arabe\",\"description\":\"\",\"publisher\":{\"@id\":\"https:\\\/\\\/www.parfumerie-arabe.com\\\/#organization\"},\"potentialAction\":[{\"@type\":\"SearchAction\",\"target\":{\"@type\":\"EntryPoint\",\"urlTemplate\":\"https:\\\/\\\/www.parfumerie-arabe.com\\\/?s={search_term_string}\"},\"query-input\":{\"@type\":\"PropertyValueSpecification\",\"valueRequired\":true,\"valueName\":\"search_term_string\"}}],\"inLanguage\":\"de\"},{\"@type\":\"Organization\",\"@id\":\"https:\\\/\\\/www.parfumerie-arabe.com\\\/#organization\",\"name\":\"Parfumerie arabe\",\"url\":\"https:\\\/\\\/www.parfumerie-arabe.com\\\/\",\"logo\":{\"@type\":\"ImageObject\",\"inLanguage\":\"de\",\"@id\":\"https:\\\/\\\/www.parfumerie-arabe.com\\\/#\\\/schema\\\/logo\\\/image\\\/\",\"url\":\"https:\\\/\\\/www.parfumerie-arabe.com\\\/wp-content\\\/uploads\\\/2022\\\/08\\\/logo-parfumerie-arabe.png\",\"contentUrl\":\"https:\\\/\\\/www.parfumerie-arabe.com\\\/wp-content\\\/uploads\\\/2022\\\/08\\\/logo-parfumerie-arabe.png\",\"width\":600,\"height\":171,\"caption\":\"Parfumerie arabe\"},\"image\":{\"@id\":\"https:\\\/\\\/www.parfumerie-arabe.com\\\/#\\\/schema\\\/logo\\\/image\\\/\"}}]}<\/script>\n<!-- \/ Yoast SEO plugin. -->","yoast_head_json":{"title":"Schwarzer Sand I Orientalischer Duft 50ml I M.A.H. Collection","description":"Sable Noir von M.A.H ist ein olfaktorisches Juwel, das Sie den ganzen Tag lang versch\u00f6nern wird. Nehmen Sie es gleich mit Ihrer Parf\u00fcmerie an!","robots":{"index":"index","follow":"follow","max-snippet":"max-snippet:-1","max-image-preview":"max-image-preview:large","max-video-preview":"max-video-preview:-1"},"canonical":"https:\/\/www.parfumerie-arabe.com\/de\/produkt\/schwarzer-sand-parfum-50ml-m-a-h\/","og_locale":"de_DE","og_type":"article","og_title":"Sable noir I Parfum oriental 50ml I Collection M.A.H","og_description":"Sable Noir de M.A.H est un bijou olfactif qui va vous\u00a0embellir\u00a0tout au long de la journ\u00e9e. Adoptez-le sans plus attendre avec votre parfumerie !","og_url":"https:\/\/www.parfumerie-arabe.com\/de\/produkt\/schwarzer-sand-parfum-50ml-m-a-h\/","og_site_name":"Parfumerie Arabe","article_modified_time":"2025-11-14T13:27:10+00:00","og_image":[{"width":600,"height":600,"url":"https:\/\/www.parfumerie-arabe.com\/wp-content\/uploads\/2023\/02\/parfum-Sable-noir-maison-MAH.jpg","type":"image\/jpeg"}],"twitter_card":"summary_large_image","twitter_misc":{"Gesch\u00e4tzte Lesezeit":"2\u00a0Minuten"},"schema":{"@context":"https:\/\/schema.org","@graph":[{"@type":"WebPage","@id":"https:\/\/www.parfumerie-arabe.com\/produit\/sable-noir-parfum-50ml-m-a-h\/","url":"https:\/\/www.parfumerie-arabe.com\/produit\/sable-noir-parfum-50ml-m-a-h\/","name":"Schwarzer Sand I Orientalischer Duft 50ml I M.A.H. Collection","isPartOf":{"@id":"https:\/\/www.parfumerie-arabe.com\/#website"},"primaryImageOfPage":{"@id":"https:\/\/www.parfumerie-arabe.com\/produit\/sable-noir-parfum-50ml-m-a-h\/#primaryimage"},"image":{"@id":"https:\/\/www.parfumerie-arabe.com\/produit\/sable-noir-parfum-50ml-m-a-h\/#primaryimage"},"thumbnailUrl":"https:\/\/www.parfumerie-arabe.com\/wp-content\/uploads\/2023\/02\/parfum-Sable-noir-maison-MAH.jpg","datePublished":"2023-02-20T15:08:59+00:00","dateModified":"2025-11-14T13:27:10+00:00","description":"Sable Noir von M.A.H ist ein olfaktorisches Juwel, das Sie den ganzen Tag lang versch\u00f6nern wird. Nehmen Sie es gleich mit Ihrer Parf\u00fcmerie an!","breadcrumb":{"@id":"https:\/\/www.parfumerie-arabe.com\/produit\/sable-noir-parfum-50ml-m-a-h\/#breadcrumb"},"inLanguage":"de","potentialAction":[{"@type":"ReadAction","target":["https:\/\/www.parfumerie-arabe.com\/produit\/sable-noir-parfum-50ml-m-a-h\/"]}]},{"@type":"ImageObject","inLanguage":"de","@id":"https:\/\/www.parfumerie-arabe.com\/produit\/sable-noir-parfum-50ml-m-a-h\/#primaryimage","url":"https:\/\/www.parfumerie-arabe.com\/wp-content\/uploads\/2023\/02\/parfum-Sable-noir-maison-MAH.jpg","contentUrl":"https:\/\/www.parfumerie-arabe.com\/wp-content\/uploads\/2023\/02\/parfum-Sable-noir-maison-MAH.jpg","width":600,"height":600,"caption":"Sable Noir Parfum 50ml \u2013 M.A.H"},{"@type":"BreadcrumbList","@id":"https:\/\/www.parfumerie-arabe.com\/produit\/sable-noir-parfum-50ml-m-a-h\/#breadcrumb","itemListElement":[{"@type":"ListItem","position":1,"name":"Accueil","item":"https:\/\/www.parfumerie-arabe.com\/"},{"@type":"ListItem","position":2,"name":"Boutique","item":"https:\/\/www.parfumerie-arabe.com\/boutique\/"},{"@type":"ListItem","position":3,"name":"Sable Noir Parfum 50ml \u2013 M.A.H"}]},{"@type":"WebSite","@id":"https:\/\/www.parfumerie-arabe.com\/#website","url":"https:\/\/www.parfumerie-arabe.com\/","name":"Arabische Parf\u00fcmerie","description":"","publisher":{"@id":"https:\/\/www.parfumerie-arabe.com\/#organization"},"potentialAction":[{"@type":"SearchAction","target":{"@type":"EntryPoint","urlTemplate":"https:\/\/www.parfumerie-arabe.com\/?s={search_term_string}"},"query-input":{"@type":"PropertyValueSpecification","valueRequired":true,"valueName":"search_term_string"}}],"inLanguage":"de"},{"@type":"Organization","@id":"https:\/\/www.parfumerie-arabe.com\/#organization","name":"Arabische Parf\u00fcmerie","url":"https:\/\/www.parfumerie-arabe.com\/","logo":{"@type":"ImageObject","inLanguage":"de","@id":"https:\/\/www.parfumerie-arabe.com\/#\/schema\/logo\/image\/","url":"https:\/\/www.parfumerie-arabe.com\/wp-content\/uploads\/2022\/08\/logo-parfumerie-arabe.png","contentUrl":"https:\/\/www.parfumerie-arabe.com\/wp-content\/uploads\/2022\/08\/logo-parfumerie-arabe.png","width":600,"height":171,"caption":"Parfumerie arabe"},"image":{"@id":"https:\/\/www.parfumerie-arabe.com\/#\/schema\/logo\/image\/"}}]}},"_links":{"self":[{"href":"https:\/\/www.parfumerie-arabe.com\/de\/wp-json\/wp\/v2\/product\/2087","targetHints":{"allow":["GET"]}}],"collection":[{"href":"https:\/\/www.parfumerie-arabe.com\/de\/wp-json\/wp\/v2\/product"}],"about":[{"href":"https:\/\/www.parfumerie-arabe.com\/de\/wp-json\/wp\/v2\/types\/product"}],"wp:featuredmedia":[{"embeddable":true,"href":"https:\/\/www.parfumerie-arabe.com\/de\/wp-json\/wp\/v2\/media\/2101"}],"wp:attachment":[{"href":"https:\/\/www.parfumerie-arabe.com\/de\/wp-json\/wp\/v2\/media?parent=2087"}],"wp:term":[{"taxonomy":"product_brand","embeddable":true,"href":"https:\/\/www.parfumerie-arabe.com\/de\/wp-json\/wp\/v2\/product_brand?post=2087"},{"taxonomy":"product_cat","embeddable":true,"href":"https:\/\/www.parfumerie-arabe.com\/de\/wp-json\/wp\/v2\/product_cat?post=2087"},{"taxonomy":"product_tag","embeddable":true,"href":"https:\/\/www.parfumerie-arabe.com\/de\/wp-json\/wp\/v2\/product_tag?post=2087"}],"curies":[{"name":"wp","href":"https:\/\/api.w.org\/{rel}","templated":true}]}}