{"id":2147,"date":"2015-02-26T18:24:32","date_gmt":"2015-02-26T18:24:32","guid":{"rendered":"https:\/\/www.parfumerie-arabe.com\/?post_type=product&#038;p=2147"},"modified":"2025-11-20T17:18:00","modified_gmt":"2025-11-20T17:18:00","slug":"tragbarer-bakhour-2-in-1-haare-und-stimmung-rosa","status":"publish","type":"product","link":"https:\/\/www.parfumerie-arabe.com\/de\/produit\/bakhour-portable-2-en-1-cheveux-et-ambiance-rose\/","title":{"rendered":"Bakhour Portable 2-in-1 R\u00e4ucherst\u00e4bchen Diffusor Haar und Ambiente - Pink"},"content":{"rendered":"","protected":false},"excerpt":{"rendered":"<p><strong>Tragbarer Diffusor<\/strong> <strong>2 in 1<\/strong><\/p>\n<p>Dieser B\u00fcrstendiffusor ist ideal f\u00fcr <strong>Ihr Haar parf\u00fcmieren<\/strong> mit deinem Lieblingsbakhur<\/p>\n<p>er ist auch perfekt, um Ihren <strong>bakhour \u00fcberall in Ihrer Wohnung, Ihrem Auto, Ihrem Kleiderschrank<\/strong>\u2026<\/p>\n<p>Er ist <strong>Laptop<\/strong> und mit einer Heizplatte versehen, die den Bakhur sanft erw\u00e4rmt<\/p>\n<p><strong>Aufladbar \u00fcber usb<\/strong>, verkauft mit seinem <strong>usb-Kabel<\/strong> und eine <strong>Zange<\/strong> f\u00fcr den Bakhour.<\/p>\n<p>&nbsp;<\/p>","protected":false},"featured_media":2150,"template":"","meta":[],"product_brand":[],"product_cat":[30,29],"product_tag":[],"class_list":{"0":"post-2147","1":"product","2":"type-product","3":"status-publish","4":"has-post-thumbnail","6":"product_cat-encensoir","7":"product_cat-encensoir-portable","9":"first","10":"outofstock","11":"taxable","12":"shipping-taxable","13":"purchasable","14":"product-type-simple"},"yoast_head":"<!-- This site is optimized with the Yoast SEO plugin v27.4 - https:\/\/yoast.com\/product\/yoast-seo-wordpress\/ -->\n<title>Diffuseur Encensoir Bakhour portable 2 en 1 Cheveux et Ambiance - Rose - Parfumerie Arabe<\/title>\n<meta name=\"robots\" content=\"index, follow, max-snippet:-1, max-image-preview:large, max-video-preview:-1\" \/>\n<link rel=\"canonical\" href=\"https:\/\/www.parfumerie-arabe.com\/de\/produkt\/tragbarer-bakhour-2-in-1-haare-und-stimmung-rosa\/\" \/>\n<meta property=\"og:locale\" content=\"de_DE\" \/>\n<meta property=\"og:type\" content=\"article\" \/>\n<meta property=\"og:title\" content=\"Diffuseur Encensoir Bakhour portable 2 en 1 Cheveux et Ambiance - Rose - Parfumerie Arabe\" \/>\n<meta property=\"og:description\" content=\"Diffuseur portable 2 en 1  Ce diffuseur brosse est id\u00e9al pour parfumer votre chevelure avec votre bakhour pr\u00e9f\u00e9r\u00e9  il est aussi parfait pour diffuser votre bakhour partout dans votre logement, votre voiture, votre penderie...  Il est portable et muni d&#039;une plaque chauffante qui permet de chauffer doucement le bakhour  Rechargeable par usb, vendu avec son c\u00e2ble usb et une pince pour le bakhour.  &nbsp;\" \/>\n<meta property=\"og:url\" content=\"https:\/\/www.parfumerie-arabe.com\/de\/produkt\/tragbarer-bakhour-2-in-1-haare-und-stimmung-rosa\/\" \/>\n<meta property=\"og:site_name\" content=\"Parfumerie Arabe\" \/>\n<meta property=\"article:modified_time\" content=\"2025-11-20T17:18:00+00:00\" \/>\n<meta property=\"og:image\" content=\"https:\/\/www.parfumerie-arabe.com\/wp-content\/uploads\/2023\/02\/encensoir-diffuseur-bakhour-brosse-pour-cheveux-rose.jpg\" \/>\n\t<meta property=\"og:image:width\" content=\"600\" \/>\n\t<meta property=\"og:image:height\" content=\"600\" \/>\n\t<meta property=\"og:image:type\" content=\"image\/jpeg\" \/>\n<meta name=\"twitter:card\" content=\"summary_large_image\" \/>\n<script type=\"application\/ld+json\" class=\"yoast-schema-graph\">{\"@context\":\"https:\\\/\\\/schema.org\",\"@graph\":[{\"@type\":\"WebPage\",\"@id\":\"https:\\\/\\\/www.parfumerie-arabe.com\\\/produit\\\/bakhour-portable-2-en-1-cheveux-et-ambiance-rose\\\/\",\"url\":\"https:\\\/\\\/www.parfumerie-arabe.com\\\/produit\\\/bakhour-portable-2-en-1-cheveux-et-ambiance-rose\\\/\",\"name\":\"Diffuseur Encensoir Bakhour portable 2 en 1 Cheveux et Ambiance - Rose - Parfumerie Arabe\",\"isPartOf\":{\"@id\":\"https:\\\/\\\/www.parfumerie-arabe.com\\\/#website\"},\"primaryImageOfPage\":{\"@id\":\"https:\\\/\\\/www.parfumerie-arabe.com\\\/produit\\\/bakhour-portable-2-en-1-cheveux-et-ambiance-rose\\\/#primaryimage\"},\"image\":{\"@id\":\"https:\\\/\\\/www.parfumerie-arabe.com\\\/produit\\\/bakhour-portable-2-en-1-cheveux-et-ambiance-rose\\\/#primaryimage\"},\"thumbnailUrl\":\"https:\\\/\\\/www.parfumerie-arabe.com\\\/wp-content\\\/uploads\\\/2023\\\/02\\\/encensoir-diffuseur-bakhour-brosse-pour-cheveux-rose.jpg\",\"datePublished\":\"2015-02-26T18:24:32+00:00\",\"dateModified\":\"2025-11-20T17:18:00+00:00\",\"breadcrumb\":{\"@id\":\"https:\\\/\\\/www.parfumerie-arabe.com\\\/produit\\\/bakhour-portable-2-en-1-cheveux-et-ambiance-rose\\\/#breadcrumb\"},\"inLanguage\":\"de\",\"potentialAction\":[{\"@type\":\"ReadAction\",\"target\":[\"https:\\\/\\\/www.parfumerie-arabe.com\\\/produit\\\/bakhour-portable-2-en-1-cheveux-et-ambiance-rose\\\/\"]}]},{\"@type\":\"ImageObject\",\"inLanguage\":\"de\",\"@id\":\"https:\\\/\\\/www.parfumerie-arabe.com\\\/produit\\\/bakhour-portable-2-en-1-cheveux-et-ambiance-rose\\\/#primaryimage\",\"url\":\"https:\\\/\\\/www.parfumerie-arabe.com\\\/wp-content\\\/uploads\\\/2023\\\/02\\\/encensoir-diffuseur-bakhour-brosse-pour-cheveux-rose.jpg\",\"contentUrl\":\"https:\\\/\\\/www.parfumerie-arabe.com\\\/wp-content\\\/uploads\\\/2023\\\/02\\\/encensoir-diffuseur-bakhour-brosse-pour-cheveux-rose.jpg\",\"width\":600,\"height\":600},{\"@type\":\"BreadcrumbList\",\"@id\":\"https:\\\/\\\/www.parfumerie-arabe.com\\\/produit\\\/bakhour-portable-2-en-1-cheveux-et-ambiance-rose\\\/#breadcrumb\",\"itemListElement\":[{\"@type\":\"ListItem\",\"position\":1,\"name\":\"Accueil\",\"item\":\"https:\\\/\\\/www.parfumerie-arabe.com\\\/\"},{\"@type\":\"ListItem\",\"position\":2,\"name\":\"Boutique\",\"item\":\"https:\\\/\\\/www.parfumerie-arabe.com\\\/boutique\\\/\"},{\"@type\":\"ListItem\",\"position\":3,\"name\":\"Diffuseur Encensoir Bakhour portable 2 en 1 Cheveux et Ambiance &#8211; Rose\"}]},{\"@type\":\"WebSite\",\"@id\":\"https:\\\/\\\/www.parfumerie-arabe.com\\\/#website\",\"url\":\"https:\\\/\\\/www.parfumerie-arabe.com\\\/\",\"name\":\"Parfumerie Arabe\",\"description\":\"\",\"publisher\":{\"@id\":\"https:\\\/\\\/www.parfumerie-arabe.com\\\/#organization\"},\"potentialAction\":[{\"@type\":\"SearchAction\",\"target\":{\"@type\":\"EntryPoint\",\"urlTemplate\":\"https:\\\/\\\/www.parfumerie-arabe.com\\\/?s={search_term_string}\"},\"query-input\":{\"@type\":\"PropertyValueSpecification\",\"valueRequired\":true,\"valueName\":\"search_term_string\"}}],\"inLanguage\":\"de\"},{\"@type\":\"Organization\",\"@id\":\"https:\\\/\\\/www.parfumerie-arabe.com\\\/#organization\",\"name\":\"Parfumerie arabe\",\"url\":\"https:\\\/\\\/www.parfumerie-arabe.com\\\/\",\"logo\":{\"@type\":\"ImageObject\",\"inLanguage\":\"de\",\"@id\":\"https:\\\/\\\/www.parfumerie-arabe.com\\\/#\\\/schema\\\/logo\\\/image\\\/\",\"url\":\"https:\\\/\\\/www.parfumerie-arabe.com\\\/wp-content\\\/uploads\\\/2022\\\/08\\\/logo-parfumerie-arabe.png\",\"contentUrl\":\"https:\\\/\\\/www.parfumerie-arabe.com\\\/wp-content\\\/uploads\\\/2022\\\/08\\\/logo-parfumerie-arabe.png\",\"width\":600,\"height\":171,\"caption\":\"Parfumerie arabe\"},\"image\":{\"@id\":\"https:\\\/\\\/www.parfumerie-arabe.com\\\/#\\\/schema\\\/logo\\\/image\\\/\"}}]}<\/script>\n<!-- \/ Yoast SEO plugin. -->","yoast_head_json":{"title":"Bakhour Portable 2 in 1 R\u00e4ucherst\u00e4bchen Diffusor Haare und Raumklima - Rose - Arabische D\u00fcfte","robots":{"index":"index","follow":"follow","max-snippet":"max-snippet:-1","max-image-preview":"max-image-preview:large","max-video-preview":"max-video-preview:-1"},"canonical":"https:\/\/www.parfumerie-arabe.com\/de\/produkt\/tragbarer-bakhour-2-in-1-haare-und-stimmung-rosa\/","og_locale":"de_DE","og_type":"article","og_title":"Diffuseur Encensoir Bakhour portable 2 en 1 Cheveux et Ambiance - Rose - Parfumerie Arabe","og_description":"Diffuseur portable 2 en 1  Ce diffuseur brosse est id\u00e9al pour parfumer votre chevelure avec votre bakhour pr\u00e9f\u00e9r\u00e9  il est aussi parfait pour diffuser votre bakhour partout dans votre logement, votre voiture, votre penderie...  Il est portable et muni d'une plaque chauffante qui permet de chauffer doucement le bakhour  Rechargeable par usb, vendu avec son c\u00e2ble usb et une pince pour le bakhour.  &nbsp;","og_url":"https:\/\/www.parfumerie-arabe.com\/de\/produkt\/tragbarer-bakhour-2-in-1-haare-und-stimmung-rosa\/","og_site_name":"Parfumerie Arabe","article_modified_time":"2025-11-20T17:18:00+00:00","og_image":[{"width":600,"height":600,"url":"https:\/\/www.parfumerie-arabe.com\/wp-content\/uploads\/2023\/02\/encensoir-diffuseur-bakhour-brosse-pour-cheveux-rose.jpg","type":"image\/jpeg"}],"twitter_card":"summary_large_image","schema":{"@context":"https:\/\/schema.org","@graph":[{"@type":"WebPage","@id":"https:\/\/www.parfumerie-arabe.com\/produit\/bakhour-portable-2-en-1-cheveux-et-ambiance-rose\/","url":"https:\/\/www.parfumerie-arabe.com\/produit\/bakhour-portable-2-en-1-cheveux-et-ambiance-rose\/","name":"Bakhour Portable 2 in 1 R\u00e4ucherst\u00e4bchen Diffusor Haare und Raumklima - Rose - Arabische D\u00fcfte","isPartOf":{"@id":"https:\/\/www.parfumerie-arabe.com\/#website"},"primaryImageOfPage":{"@id":"https:\/\/www.parfumerie-arabe.com\/produit\/bakhour-portable-2-en-1-cheveux-et-ambiance-rose\/#primaryimage"},"image":{"@id":"https:\/\/www.parfumerie-arabe.com\/produit\/bakhour-portable-2-en-1-cheveux-et-ambiance-rose\/#primaryimage"},"thumbnailUrl":"https:\/\/www.parfumerie-arabe.com\/wp-content\/uploads\/2023\/02\/encensoir-diffuseur-bakhour-brosse-pour-cheveux-rose.jpg","datePublished":"2015-02-26T18:24:32+00:00","dateModified":"2025-11-20T17:18:00+00:00","breadcrumb":{"@id":"https:\/\/www.parfumerie-arabe.com\/produit\/bakhour-portable-2-en-1-cheveux-et-ambiance-rose\/#breadcrumb"},"inLanguage":"de","potentialAction":[{"@type":"ReadAction","target":["https:\/\/www.parfumerie-arabe.com\/produit\/bakhour-portable-2-en-1-cheveux-et-ambiance-rose\/"]}]},{"@type":"ImageObject","inLanguage":"de","@id":"https:\/\/www.parfumerie-arabe.com\/produit\/bakhour-portable-2-en-1-cheveux-et-ambiance-rose\/#primaryimage","url":"https:\/\/www.parfumerie-arabe.com\/wp-content\/uploads\/2023\/02\/encensoir-diffuseur-bakhour-brosse-pour-cheveux-rose.jpg","contentUrl":"https:\/\/www.parfumerie-arabe.com\/wp-content\/uploads\/2023\/02\/encensoir-diffuseur-bakhour-brosse-pour-cheveux-rose.jpg","width":600,"height":600},{"@type":"BreadcrumbList","@id":"https:\/\/www.parfumerie-arabe.com\/produit\/bakhour-portable-2-en-1-cheveux-et-ambiance-rose\/#breadcrumb","itemListElement":[{"@type":"ListItem","position":1,"name":"Accueil","item":"https:\/\/www.parfumerie-arabe.com\/"},{"@type":"ListItem","position":2,"name":"Boutique","item":"https:\/\/www.parfumerie-arabe.com\/boutique\/"},{"@type":"ListItem","position":3,"name":"Diffuseur Encensoir Bakhour portable 2 en 1 Cheveux et Ambiance &#8211; Rose"}]},{"@type":"WebSite","@id":"https:\/\/www.parfumerie-arabe.com\/#website","url":"https:\/\/www.parfumerie-arabe.com\/","name":"Arabische Parf\u00fcmerie","description":"","publisher":{"@id":"https:\/\/www.parfumerie-arabe.com\/#organization"},"potentialAction":[{"@type":"SearchAction","target":{"@type":"EntryPoint","urlTemplate":"https:\/\/www.parfumerie-arabe.com\/?s={search_term_string}"},"query-input":{"@type":"PropertyValueSpecification","valueRequired":true,"valueName":"search_term_string"}}],"inLanguage":"de"},{"@type":"Organization","@id":"https:\/\/www.parfumerie-arabe.com\/#organization","name":"Arabische Parf\u00fcmerie","url":"https:\/\/www.parfumerie-arabe.com\/","logo":{"@type":"ImageObject","inLanguage":"de","@id":"https:\/\/www.parfumerie-arabe.com\/#\/schema\/logo\/image\/","url":"https:\/\/www.parfumerie-arabe.com\/wp-content\/uploads\/2022\/08\/logo-parfumerie-arabe.png","contentUrl":"https:\/\/www.parfumerie-arabe.com\/wp-content\/uploads\/2022\/08\/logo-parfumerie-arabe.png","width":600,"height":171,"caption":"Parfumerie arabe"},"image":{"@id":"https:\/\/www.parfumerie-arabe.com\/#\/schema\/logo\/image\/"}}]}},"_links":{"self":[{"href":"https:\/\/www.parfumerie-arabe.com\/de\/wp-json\/wp\/v2\/product\/2147","targetHints":{"allow":["GET"]}}],"collection":[{"href":"https:\/\/www.parfumerie-arabe.com\/de\/wp-json\/wp\/v2\/product"}],"about":[{"href":"https:\/\/www.parfumerie-arabe.com\/de\/wp-json\/wp\/v2\/types\/product"}],"wp:featuredmedia":[{"embeddable":true,"href":"https:\/\/www.parfumerie-arabe.com\/de\/wp-json\/wp\/v2\/media\/2150"}],"wp:attachment":[{"href":"https:\/\/www.parfumerie-arabe.com\/de\/wp-json\/wp\/v2\/media?parent=2147"}],"wp:term":[{"taxonomy":"product_brand","embeddable":true,"href":"https:\/\/www.parfumerie-arabe.com\/de\/wp-json\/wp\/v2\/product_brand?post=2147"},{"taxonomy":"product_cat","embeddable":true,"href":"https:\/\/www.parfumerie-arabe.com\/de\/wp-json\/wp\/v2\/product_cat?post=2147"},{"taxonomy":"product_tag","embeddable":true,"href":"https:\/\/www.parfumerie-arabe.com\/de\/wp-json\/wp\/v2\/product_tag?post=2147"}],"curies":[{"name":"wp","href":"https:\/\/api.w.org\/{rel}","templated":true}]}}