{"id":2328,"date":"2015-11-21T07:34:32","date_gmt":"2015-11-21T07:34:32","guid":{"rendered":"https:\/\/www.parfumerie-arabe.com\/?post_type=product&#038;p=2328"},"modified":"2025-11-20T17:28:08","modified_gmt":"2025-11-20T17:28:08","slug":"parfumset-parfumol-bakhour-muattar-musk-tahara-hamidi","status":"publish","type":"product","link":"https:\/\/www.parfumerie-arabe.com\/de\/produit\/coffret-parfum-huile-parfumee-bakhour-muattar-musk-tahara-hamidi\/","title":{"rendered":"Parf\u00fcmset Parf\u00fcm\u00f6l und Bakhour Muattar Musk Tahara - Hamidi"},"content":{"rendered":"","protected":false},"excerpt":{"rendered":"<p><strong>Box Trio Musc Tahara von Hamidi :<\/strong><\/p>\n<p>Eine\u00a0<strong>Duftnebel<\/strong>\u00a0im Musk Tahara<\/p>\n<p>Eine\u00a0<strong>bakhour muattar<\/strong>\u00a0(in Chips) an Musk Tahara<\/p>\n<p>Eine\u00a0<strong>Duft\u00f6l<\/strong>\u00a0mit Tahara-Muskat<\/p>\n<p>Dieses Trio besteht aus den beliebtesten Hamidi-Produkten,<\/p>\n<p>Fans von Moschus Tahara und seinem frischen, bet\u00f6renden Duft, dann ist dieses Set genau das Richtige f\u00fcr Sie!<\/p>\n<p><strong>Duftnoten :<\/strong><\/p>\n<p><strong>Kopfnoten<\/strong>\u00a0: Vanille<br \/>\n<strong>Herznoten<\/strong>\u00a0: Rose, Moschus<br \/>\n<strong>Hintergrundnoten<\/strong>\u00a0: Wei\u00dfer Moschus<\/p>","protected":false},"featured_media":2329,"template":"","meta":[],"product_brand":[],"product_cat":[35,105,23,27,129],"product_tag":[],"class_list":{"0":"post-2328","1":"product","2":"type-product","3":"status-publish","4":"has-post-thumbnail","6":"product_cat-bakhour","7":"product_cat-bakhour-hamidi","8":"product_cat-coffrets","9":"product_cat-hamidi","10":"product_cat-musc-tahara","12":"first","13":"outofstock","14":"sale","15":"taxable","16":"shipping-taxable","17":"purchasable","18":"product-type-simple"},"yoast_head":"<!-- This site is optimized with the Yoast SEO plugin v27.4 - https:\/\/yoast.com\/product\/yoast-seo-wordpress\/ -->\n<title>Coffret Parfum huile parfum\u00e9e et Bakhour Muattar Musk Tahara \u2013 Hamidi - Parfumerie Arabe<\/title>\n<meta name=\"robots\" content=\"index, follow, max-snippet:-1, max-image-preview:large, max-video-preview:-1\" \/>\n<link rel=\"canonical\" href=\"https:\/\/www.parfumerie-arabe.com\/de\/produkt\/parfumset-parfumol-bakhour-muattar-musk-tahara-hamidi\/\" \/>\n<meta property=\"og:locale\" content=\"de_DE\" \/>\n<meta property=\"og:type\" content=\"article\" \/>\n<meta property=\"og:title\" content=\"Coffret Parfum huile parfum\u00e9e et Bakhour Muattar Musk Tahara \u2013 Hamidi - Parfumerie Arabe\" \/>\n<meta property=\"og:description\" content=\"Coffret Trio Musc Tahara de Hamidi :  Une\u00a0brume parfum\u00e9e\u00a0au Musk Tahara  Un\u00a0bakhour muattar\u00a0(en copeaux) au Musk Tahara  Une\u00a0huile parfum\u00e9e\u00a0au Musc tahara  Fondez pour ce trio compos\u00e9 des incontournables de chez Hamidi,  Fans de Musc tahara et de son odeur fraiche et envoutante, ce coffret est fait pour vous !  Les Notes olfactives :  Notes de t\u00eate\u00a0: Vanille Notes de coeur\u00a0: rose, musc Notes de fond\u00a0: Musc blanc\" \/>\n<meta property=\"og:url\" content=\"https:\/\/www.parfumerie-arabe.com\/de\/produkt\/parfumset-parfumol-bakhour-muattar-musk-tahara-hamidi\/\" \/>\n<meta property=\"og:site_name\" content=\"Parfumerie Arabe\" \/>\n<meta property=\"article:modified_time\" content=\"2025-11-20T17:28:08+00:00\" \/>\n<meta property=\"og:image\" content=\"https:\/\/www.parfumerie-arabe.com\/wp-content\/uploads\/2023\/08\/Coffret-Hamidi-parfum-musc-tahara-bakhour-et-huile-parfumee.jpg\" \/>\n\t<meta property=\"og:image:width\" content=\"600\" \/>\n\t<meta property=\"og:image:height\" content=\"600\" \/>\n\t<meta property=\"og:image:type\" content=\"image\/jpeg\" \/>\n<meta name=\"twitter:card\" content=\"summary_large_image\" \/>\n<script type=\"application\/ld+json\" class=\"yoast-schema-graph\">{\"@context\":\"https:\\\/\\\/schema.org\",\"@graph\":[{\"@type\":\"WebPage\",\"@id\":\"https:\\\/\\\/www.parfumerie-arabe.com\\\/produit\\\/coffret-parfum-huile-parfumee-bakhour-muattar-musk-tahara-hamidi\\\/\",\"url\":\"https:\\\/\\\/www.parfumerie-arabe.com\\\/produit\\\/coffret-parfum-huile-parfumee-bakhour-muattar-musk-tahara-hamidi\\\/\",\"name\":\"Coffret Parfum huile parfum\u00e9e et Bakhour Muattar Musk Tahara \u2013 Hamidi - Parfumerie Arabe\",\"isPartOf\":{\"@id\":\"https:\\\/\\\/www.parfumerie-arabe.com\\\/#website\"},\"primaryImageOfPage\":{\"@id\":\"https:\\\/\\\/www.parfumerie-arabe.com\\\/produit\\\/coffret-parfum-huile-parfumee-bakhour-muattar-musk-tahara-hamidi\\\/#primaryimage\"},\"image\":{\"@id\":\"https:\\\/\\\/www.parfumerie-arabe.com\\\/produit\\\/coffret-parfum-huile-parfumee-bakhour-muattar-musk-tahara-hamidi\\\/#primaryimage\"},\"thumbnailUrl\":\"https:\\\/\\\/www.parfumerie-arabe.com\\\/wp-content\\\/uploads\\\/2023\\\/08\\\/Coffret-Hamidi-parfum-musc-tahara-bakhour-et-huile-parfumee.jpg\",\"datePublished\":\"2015-11-21T07:34:32+00:00\",\"dateModified\":\"2025-11-20T17:28:08+00:00\",\"breadcrumb\":{\"@id\":\"https:\\\/\\\/www.parfumerie-arabe.com\\\/produit\\\/coffret-parfum-huile-parfumee-bakhour-muattar-musk-tahara-hamidi\\\/#breadcrumb\"},\"inLanguage\":\"de\",\"potentialAction\":[{\"@type\":\"ReadAction\",\"target\":[\"https:\\\/\\\/www.parfumerie-arabe.com\\\/produit\\\/coffret-parfum-huile-parfumee-bakhour-muattar-musk-tahara-hamidi\\\/\"]}]},{\"@type\":\"ImageObject\",\"inLanguage\":\"de\",\"@id\":\"https:\\\/\\\/www.parfumerie-arabe.com\\\/produit\\\/coffret-parfum-huile-parfumee-bakhour-muattar-musk-tahara-hamidi\\\/#primaryimage\",\"url\":\"https:\\\/\\\/www.parfumerie-arabe.com\\\/wp-content\\\/uploads\\\/2023\\\/08\\\/Coffret-Hamidi-parfum-musc-tahara-bakhour-et-huile-parfumee.jpg\",\"contentUrl\":\"https:\\\/\\\/www.parfumerie-arabe.com\\\/wp-content\\\/uploads\\\/2023\\\/08\\\/Coffret-Hamidi-parfum-musc-tahara-bakhour-et-huile-parfumee.jpg\",\"width\":600,\"height\":600,\"caption\":\"Coffret Parfum huile parfum\u00e9e et Bakhour Muattar Musk Tahara \u2013 Hamidi\"},{\"@type\":\"BreadcrumbList\",\"@id\":\"https:\\\/\\\/www.parfumerie-arabe.com\\\/produit\\\/coffret-parfum-huile-parfumee-bakhour-muattar-musk-tahara-hamidi\\\/#breadcrumb\",\"itemListElement\":[{\"@type\":\"ListItem\",\"position\":1,\"name\":\"Accueil\",\"item\":\"https:\\\/\\\/www.parfumerie-arabe.com\\\/\"},{\"@type\":\"ListItem\",\"position\":2,\"name\":\"Boutique\",\"item\":\"https:\\\/\\\/www.parfumerie-arabe.com\\\/boutique\\\/\"},{\"@type\":\"ListItem\",\"position\":3,\"name\":\"Coffret Parfum huile parfum\u00e9e et Bakhour Muattar Musk Tahara \u2013 Hamidi\"}]},{\"@type\":\"WebSite\",\"@id\":\"https:\\\/\\\/www.parfumerie-arabe.com\\\/#website\",\"url\":\"https:\\\/\\\/www.parfumerie-arabe.com\\\/\",\"name\":\"Parfumerie Arabe\",\"description\":\"\",\"publisher\":{\"@id\":\"https:\\\/\\\/www.parfumerie-arabe.com\\\/#organization\"},\"potentialAction\":[{\"@type\":\"SearchAction\",\"target\":{\"@type\":\"EntryPoint\",\"urlTemplate\":\"https:\\\/\\\/www.parfumerie-arabe.com\\\/?s={search_term_string}\"},\"query-input\":{\"@type\":\"PropertyValueSpecification\",\"valueRequired\":true,\"valueName\":\"search_term_string\"}}],\"inLanguage\":\"de\"},{\"@type\":\"Organization\",\"@id\":\"https:\\\/\\\/www.parfumerie-arabe.com\\\/#organization\",\"name\":\"Parfumerie arabe\",\"url\":\"https:\\\/\\\/www.parfumerie-arabe.com\\\/\",\"logo\":{\"@type\":\"ImageObject\",\"inLanguage\":\"de\",\"@id\":\"https:\\\/\\\/www.parfumerie-arabe.com\\\/#\\\/schema\\\/logo\\\/image\\\/\",\"url\":\"https:\\\/\\\/www.parfumerie-arabe.com\\\/wp-content\\\/uploads\\\/2022\\\/08\\\/logo-parfumerie-arabe.png\",\"contentUrl\":\"https:\\\/\\\/www.parfumerie-arabe.com\\\/wp-content\\\/uploads\\\/2022\\\/08\\\/logo-parfumerie-arabe.png\",\"width\":600,\"height\":171,\"caption\":\"Parfumerie arabe\"},\"image\":{\"@id\":\"https:\\\/\\\/www.parfumerie-arabe.com\\\/#\\\/schema\\\/logo\\\/image\\\/\"}}]}<\/script>\n<!-- \/ Yoast SEO plugin. -->","yoast_head_json":{"title":"Parf\u00fcmset Parf\u00fcm\u00f6l und Bakhour Muattar Musk Tahara - Hamidi - Arabische Parf\u00fcmerie","robots":{"index":"index","follow":"follow","max-snippet":"max-snippet:-1","max-image-preview":"max-image-preview:large","max-video-preview":"max-video-preview:-1"},"canonical":"https:\/\/www.parfumerie-arabe.com\/de\/produkt\/parfumset-parfumol-bakhour-muattar-musk-tahara-hamidi\/","og_locale":"de_DE","og_type":"article","og_title":"Coffret Parfum huile parfum\u00e9e et Bakhour Muattar Musk Tahara \u2013 Hamidi - Parfumerie Arabe","og_description":"Coffret Trio Musc Tahara de Hamidi :  Une\u00a0brume parfum\u00e9e\u00a0au Musk Tahara  Un\u00a0bakhour muattar\u00a0(en copeaux) au Musk Tahara  Une\u00a0huile parfum\u00e9e\u00a0au Musc tahara  Fondez pour ce trio compos\u00e9 des incontournables de chez Hamidi,  Fans de Musc tahara et de son odeur fraiche et envoutante, ce coffret est fait pour vous !  Les Notes olfactives :  Notes de t\u00eate\u00a0: Vanille Notes de coeur\u00a0: rose, musc Notes de fond\u00a0: Musc blanc","og_url":"https:\/\/www.parfumerie-arabe.com\/de\/produkt\/parfumset-parfumol-bakhour-muattar-musk-tahara-hamidi\/","og_site_name":"Parfumerie Arabe","article_modified_time":"2025-11-20T17:28:08+00:00","og_image":[{"width":600,"height":600,"url":"https:\/\/www.parfumerie-arabe.com\/wp-content\/uploads\/2023\/08\/Coffret-Hamidi-parfum-musc-tahara-bakhour-et-huile-parfumee.jpg","type":"image\/jpeg"}],"twitter_card":"summary_large_image","schema":{"@context":"https:\/\/schema.org","@graph":[{"@type":"WebPage","@id":"https:\/\/www.parfumerie-arabe.com\/produit\/coffret-parfum-huile-parfumee-bakhour-muattar-musk-tahara-hamidi\/","url":"https:\/\/www.parfumerie-arabe.com\/produit\/coffret-parfum-huile-parfumee-bakhour-muattar-musk-tahara-hamidi\/","name":"Parf\u00fcmset Parf\u00fcm\u00f6l und Bakhour Muattar Musk Tahara - Hamidi - Arabische Parf\u00fcmerie","isPartOf":{"@id":"https:\/\/www.parfumerie-arabe.com\/#website"},"primaryImageOfPage":{"@id":"https:\/\/www.parfumerie-arabe.com\/produit\/coffret-parfum-huile-parfumee-bakhour-muattar-musk-tahara-hamidi\/#primaryimage"},"image":{"@id":"https:\/\/www.parfumerie-arabe.com\/produit\/coffret-parfum-huile-parfumee-bakhour-muattar-musk-tahara-hamidi\/#primaryimage"},"thumbnailUrl":"https:\/\/www.parfumerie-arabe.com\/wp-content\/uploads\/2023\/08\/Coffret-Hamidi-parfum-musc-tahara-bakhour-et-huile-parfumee.jpg","datePublished":"2015-11-21T07:34:32+00:00","dateModified":"2025-11-20T17:28:08+00:00","breadcrumb":{"@id":"https:\/\/www.parfumerie-arabe.com\/produit\/coffret-parfum-huile-parfumee-bakhour-muattar-musk-tahara-hamidi\/#breadcrumb"},"inLanguage":"de","potentialAction":[{"@type":"ReadAction","target":["https:\/\/www.parfumerie-arabe.com\/produit\/coffret-parfum-huile-parfumee-bakhour-muattar-musk-tahara-hamidi\/"]}]},{"@type":"ImageObject","inLanguage":"de","@id":"https:\/\/www.parfumerie-arabe.com\/produit\/coffret-parfum-huile-parfumee-bakhour-muattar-musk-tahara-hamidi\/#primaryimage","url":"https:\/\/www.parfumerie-arabe.com\/wp-content\/uploads\/2023\/08\/Coffret-Hamidi-parfum-musc-tahara-bakhour-et-huile-parfumee.jpg","contentUrl":"https:\/\/www.parfumerie-arabe.com\/wp-content\/uploads\/2023\/08\/Coffret-Hamidi-parfum-musc-tahara-bakhour-et-huile-parfumee.jpg","width":600,"height":600,"caption":"Coffret Parfum huile parfum\u00e9e et Bakhour Muattar Musk Tahara \u2013 Hamidi"},{"@type":"BreadcrumbList","@id":"https:\/\/www.parfumerie-arabe.com\/produit\/coffret-parfum-huile-parfumee-bakhour-muattar-musk-tahara-hamidi\/#breadcrumb","itemListElement":[{"@type":"ListItem","position":1,"name":"Accueil","item":"https:\/\/www.parfumerie-arabe.com\/"},{"@type":"ListItem","position":2,"name":"Boutique","item":"https:\/\/www.parfumerie-arabe.com\/boutique\/"},{"@type":"ListItem","position":3,"name":"Coffret Parfum huile parfum\u00e9e et Bakhour Muattar Musk Tahara \u2013 Hamidi"}]},{"@type":"WebSite","@id":"https:\/\/www.parfumerie-arabe.com\/#website","url":"https:\/\/www.parfumerie-arabe.com\/","name":"Arabische Parf\u00fcmerie","description":"","publisher":{"@id":"https:\/\/www.parfumerie-arabe.com\/#organization"},"potentialAction":[{"@type":"SearchAction","target":{"@type":"EntryPoint","urlTemplate":"https:\/\/www.parfumerie-arabe.com\/?s={search_term_string}"},"query-input":{"@type":"PropertyValueSpecification","valueRequired":true,"valueName":"search_term_string"}}],"inLanguage":"de"},{"@type":"Organization","@id":"https:\/\/www.parfumerie-arabe.com\/#organization","name":"Arabische Parf\u00fcmerie","url":"https:\/\/www.parfumerie-arabe.com\/","logo":{"@type":"ImageObject","inLanguage":"de","@id":"https:\/\/www.parfumerie-arabe.com\/#\/schema\/logo\/image\/","url":"https:\/\/www.parfumerie-arabe.com\/wp-content\/uploads\/2022\/08\/logo-parfumerie-arabe.png","contentUrl":"https:\/\/www.parfumerie-arabe.com\/wp-content\/uploads\/2022\/08\/logo-parfumerie-arabe.png","width":600,"height":171,"caption":"Parfumerie arabe"},"image":{"@id":"https:\/\/www.parfumerie-arabe.com\/#\/schema\/logo\/image\/"}}]}},"_links":{"self":[{"href":"https:\/\/www.parfumerie-arabe.com\/de\/wp-json\/wp\/v2\/product\/2328","targetHints":{"allow":["GET"]}}],"collection":[{"href":"https:\/\/www.parfumerie-arabe.com\/de\/wp-json\/wp\/v2\/product"}],"about":[{"href":"https:\/\/www.parfumerie-arabe.com\/de\/wp-json\/wp\/v2\/types\/product"}],"wp:featuredmedia":[{"embeddable":true,"href":"https:\/\/www.parfumerie-arabe.com\/de\/wp-json\/wp\/v2\/media\/2329"}],"wp:attachment":[{"href":"https:\/\/www.parfumerie-arabe.com\/de\/wp-json\/wp\/v2\/media?parent=2328"}],"wp:term":[{"taxonomy":"product_brand","embeddable":true,"href":"https:\/\/www.parfumerie-arabe.com\/de\/wp-json\/wp\/v2\/product_brand?post=2328"},{"taxonomy":"product_cat","embeddable":true,"href":"https:\/\/www.parfumerie-arabe.com\/de\/wp-json\/wp\/v2\/product_cat?post=2328"},{"taxonomy":"product_tag","embeddable":true,"href":"https:\/\/www.parfumerie-arabe.com\/de\/wp-json\/wp\/v2\/product_tag?post=2328"}],"curies":[{"name":"wp","href":"https:\/\/api.w.org\/{rel}","templated":true}]}}