{"id":2355,"date":"2015-07-20T11:13:02","date_gmt":"2015-07-20T11:13:02","guid":{"rendered":"https:\/\/www.parfumerie-arabe.com\/?post_type=product&#038;p=2355"},"modified":"2026-01-29T21:00:41","modified_gmt":"2026-01-29T21:00:41","slug":"zarter-duft-vetiver-rp-paris","status":"publish","type":"product","link":"https:\/\/www.parfumerie-arabe.com\/de\/produit\/parfum-tendre-vetiver-rp-paris\/","title":{"rendered":"Parfum Tendre Vetiver 50ml - Rp Paris"},"content":{"rendered":"<p>Die\u00a0<strong>Zartbitterschokolade Vetiver Geschmack<\/strong>\u00a0der Marke Rp Paris ist ein fesselnder Duft, der sowohl M\u00e4nner als auch Frauen verf\u00fchrt. Wie Sie sehen, ist dieses Parfum mit seinen einzigartigen Duftnoten und seiner raffinierten Komposition ein wahres Meisterwerk der Parf\u00fcmerie.<\/p>\n<p>Entdecken Sie einen\u00a0<strong>charmantes olfaktorisches Universum<\/strong>\u00a0und lassen Sie sich von dieser au\u00dfergew\u00f6hnlichen Essenz mitrei\u00dfen.<\/p>\n<h2><strong>Machen Sie die herrliche Begegnung mit den Duftnoten des Parfums Tendre Vetiver<\/strong><\/h2>\n<p>Denn das Parfum Tendre Vetiver bietet eine harmonische Kombination aus verschiedenen Duftnoten, die ihm seine<strong>\u00a0Einzigartigkeit<\/strong>.<\/p>\n<p>Zun\u00e4chst werden Sie in der Kopfnote von Akkorden aus Ananas und schwarzer Johannisbeere begr\u00fc\u00dft, die f\u00fcr eine spritzige Frische sorgen. Dann vereinen sich Patschuli und Rose zu einem intensiven Blumenbouquet innerhalb der Herznote. In der Basisnote schlie\u00dflich kommen grauer Amber und Moschus hinzu, die dieser Komposition einen Hauch von W\u00e4rme und Sinnlichkeit verleihen.<\/p>\n<h2><strong>Erfahren Sie mehr \u00fcber den Duft Tendre Vetiver\u00a0<\/strong><\/h2>\n<p>F\u00fcr die Neugierigen unter Ihnen: Der Duft Tendre Vetiver ist ein\u00a0<strong>gemischtes Parf\u00fcm<\/strong>. Und das bedeutet, dass er sowohl f\u00fcr M\u00e4nner als auch f\u00fcr Frauen geeignet ist. Sein frischer und gleichzeitig sinnlicher Charakter macht ihn zu einer perfekten Wahl f\u00fcr jeden Anlass. Ob f\u00fcr einen eleganten Abend oder einen entspannten Tag, dieses Parfum wird Sie mit Eleganz und Subtilit\u00e4t begleiten.<\/p>\n<p>Da es auf Lager ist, k\u00f6nnen Sie es ganz einfach in Ihren Warenkorb legen, z\u00f6gern Sie nicht l\u00e4nger!<\/p>\n<h3><strong>Das kleine Wort zum Schluss\u00a0<\/strong><\/h3>\n<p>Diese Erstellung von\u00a0<strong>die Marke Rp Paris<\/strong>\u00a0ist ein au\u00dfergew\u00f6hnliches Parfum ebenso wie der<strong>\u00a0<a href=\"https:\/\/www.parfumerie-arabe.com\/de\/produkt\/parfum-neo-oud-rp-paris\/\">Neo Oud<\/a><\/strong>. Tats\u00e4chlich wird er Sie mit seiner raffinierten Zusammensetzung und seinen Duftnoten verf\u00fchren.<\/p>\n<p>Dieses Unisex-Parfum passt zu jedem Stil und zu jedem Anlass. Lassen Sie sich also von diesem fesselnden Duft mitrei\u00dfen und verleihen Sie Ihrem Alltag einen Hauch von Raffinesse. Lassen Sie sich die Gelegenheit nicht entgehen, diesen einzigartigen Duft zu entdecken und bestellen Sie jetzt Ihr<strong>\u00a0kreation Rp Paris.<\/strong><\/p>","protected":false},"excerpt":{"rendered":"<p><strong>Geruchsnoten :<\/strong><\/p>\n<p><strong>Kopf :\u00a0<\/strong>Ananas, Schwarze Johannisbeere<br \/>\n<strong>Herz :\u00a0<\/strong>Patchouli, Rose<br \/>\n<strong>Hintergrund :\u00a0<\/strong>Grauer Amber, Moschus<\/p>\n<p><strong>Genre<\/strong>\u00a0: Gemischt.<\/p>","protected":false},"featured_media":2356,"template":"","meta":[],"product_brand":[],"product_cat":[15,50,19,84],"product_tag":[],"class_list":{"0":"post-2355","1":"product","2":"type-product","3":"status-publish","4":"has-post-thumbnail","6":"product_cat-parfum-homme","7":"product_cat-parfum-mixte","8":"product_cat-parfum-oud-femme","9":"product_cat-rp-paris","11":"first","12":"instock","13":"taxable","14":"shipping-taxable","15":"purchasable","16":"product-type-simple"},"yoast_head":"<!-- This site is optimized with the Yoast SEO plugin v27.4 - https:\/\/yoast.com\/product\/yoast-seo-wordpress\/ -->\n<title>Tendre Vetiver | Eau de parfum 50ml | Rp Paris<\/title>\n<meta name=\"description\" content=\"Le\u00a0parfum Tendre Vetiver\u00a0de la marque Rp Paris est une fragrance captivante qui s\u00e9duit aussi bien les hommes que les femmes.\" \/>\n<meta name=\"robots\" content=\"index, follow, max-snippet:-1, max-image-preview:large, max-video-preview:-1\" \/>\n<link rel=\"canonical\" href=\"https:\/\/www.parfumerie-arabe.com\/de\/produkt\/zarter-duft-vetiver-rp-paris\/\" \/>\n<meta property=\"og:locale\" content=\"de_DE\" \/>\n<meta property=\"og:type\" content=\"article\" \/>\n<meta property=\"og:title\" content=\"Tendre Vetiver | Eau de parfum 50ml | Rp Paris\" \/>\n<meta property=\"og:description\" content=\"Le\u00a0parfum Tendre Vetiver\u00a0de la marque Rp Paris est une fragrance captivante qui s\u00e9duit aussi bien les hommes que les femmes.\" \/>\n<meta property=\"og:url\" content=\"https:\/\/www.parfumerie-arabe.com\/de\/produkt\/zarter-duft-vetiver-rp-paris\/\" \/>\n<meta property=\"og:site_name\" content=\"Parfumerie Arabe\" \/>\n<meta property=\"article:modified_time\" content=\"2026-01-29T21:00:41+00:00\" \/>\n<meta property=\"og:image\" content=\"https:\/\/www.parfumerie-arabe.com\/wp-content\/uploads\/2023\/09\/tendre-vetiver-parfum-rp-paris.jpg\" \/>\n\t<meta property=\"og:image:width\" content=\"600\" \/>\n\t<meta property=\"og:image:height\" content=\"600\" \/>\n\t<meta property=\"og:image:type\" content=\"image\/jpeg\" \/>\n<meta name=\"twitter:card\" content=\"summary_large_image\" \/>\n<meta name=\"twitter:label1\" content=\"Gesch\u00e4tzte Lesezeit\" \/>\n\t<meta name=\"twitter:data1\" content=\"2\u00a0Minuten\" \/>\n<script type=\"application\/ld+json\" class=\"yoast-schema-graph\">{\"@context\":\"https:\\\/\\\/schema.org\",\"@graph\":[{\"@type\":\"WebPage\",\"@id\":\"https:\\\/\\\/www.parfumerie-arabe.com\\\/produit\\\/parfum-tendre-vetiver-rp-paris\\\/\",\"url\":\"https:\\\/\\\/www.parfumerie-arabe.com\\\/produit\\\/parfum-tendre-vetiver-rp-paris\\\/\",\"name\":\"Tendre Vetiver | Eau de parfum 50ml | Rp Paris\",\"isPartOf\":{\"@id\":\"https:\\\/\\\/www.parfumerie-arabe.com\\\/#website\"},\"primaryImageOfPage\":{\"@id\":\"https:\\\/\\\/www.parfumerie-arabe.com\\\/produit\\\/parfum-tendre-vetiver-rp-paris\\\/#primaryimage\"},\"image\":{\"@id\":\"https:\\\/\\\/www.parfumerie-arabe.com\\\/produit\\\/parfum-tendre-vetiver-rp-paris\\\/#primaryimage\"},\"thumbnailUrl\":\"https:\\\/\\\/www.parfumerie-arabe.com\\\/wp-content\\\/uploads\\\/2023\\\/09\\\/tendre-vetiver-parfum-rp-paris.jpg\",\"datePublished\":\"2015-07-20T11:13:02+00:00\",\"dateModified\":\"2026-01-29T21:00:41+00:00\",\"description\":\"Le\u00a0parfum Tendre Vetiver\u00a0de la marque Rp Paris est une fragrance captivante qui s\u00e9duit aussi bien les hommes que les femmes.\",\"breadcrumb\":{\"@id\":\"https:\\\/\\\/www.parfumerie-arabe.com\\\/produit\\\/parfum-tendre-vetiver-rp-paris\\\/#breadcrumb\"},\"inLanguage\":\"de\",\"potentialAction\":[{\"@type\":\"ReadAction\",\"target\":[\"https:\\\/\\\/www.parfumerie-arabe.com\\\/produit\\\/parfum-tendre-vetiver-rp-paris\\\/\"]}]},{\"@type\":\"ImageObject\",\"inLanguage\":\"de\",\"@id\":\"https:\\\/\\\/www.parfumerie-arabe.com\\\/produit\\\/parfum-tendre-vetiver-rp-paris\\\/#primaryimage\",\"url\":\"https:\\\/\\\/www.parfumerie-arabe.com\\\/wp-content\\\/uploads\\\/2023\\\/09\\\/tendre-vetiver-parfum-rp-paris.jpg\",\"contentUrl\":\"https:\\\/\\\/www.parfumerie-arabe.com\\\/wp-content\\\/uploads\\\/2023\\\/09\\\/tendre-vetiver-parfum-rp-paris.jpg\",\"width\":600,\"height\":600,\"caption\":\"Parfum Tendre Vetiver 50ml \u2013 Rp Paris\"},{\"@type\":\"BreadcrumbList\",\"@id\":\"https:\\\/\\\/www.parfumerie-arabe.com\\\/produit\\\/parfum-tendre-vetiver-rp-paris\\\/#breadcrumb\",\"itemListElement\":[{\"@type\":\"ListItem\",\"position\":1,\"name\":\"Accueil\",\"item\":\"https:\\\/\\\/www.parfumerie-arabe.com\\\/\"},{\"@type\":\"ListItem\",\"position\":2,\"name\":\"Boutique\",\"item\":\"https:\\\/\\\/www.parfumerie-arabe.com\\\/boutique\\\/\"},{\"@type\":\"ListItem\",\"position\":3,\"name\":\"Parfum Tendre Vetiver 50ml \u2013 Rp Paris\"}]},{\"@type\":\"WebSite\",\"@id\":\"https:\\\/\\\/www.parfumerie-arabe.com\\\/#website\",\"url\":\"https:\\\/\\\/www.parfumerie-arabe.com\\\/\",\"name\":\"Parfumerie Arabe\",\"description\":\"\",\"publisher\":{\"@id\":\"https:\\\/\\\/www.parfumerie-arabe.com\\\/#organization\"},\"potentialAction\":[{\"@type\":\"SearchAction\",\"target\":{\"@type\":\"EntryPoint\",\"urlTemplate\":\"https:\\\/\\\/www.parfumerie-arabe.com\\\/?s={search_term_string}\"},\"query-input\":{\"@type\":\"PropertyValueSpecification\",\"valueRequired\":true,\"valueName\":\"search_term_string\"}}],\"inLanguage\":\"de\"},{\"@type\":\"Organization\",\"@id\":\"https:\\\/\\\/www.parfumerie-arabe.com\\\/#organization\",\"name\":\"Parfumerie arabe\",\"url\":\"https:\\\/\\\/www.parfumerie-arabe.com\\\/\",\"logo\":{\"@type\":\"ImageObject\",\"inLanguage\":\"de\",\"@id\":\"https:\\\/\\\/www.parfumerie-arabe.com\\\/#\\\/schema\\\/logo\\\/image\\\/\",\"url\":\"https:\\\/\\\/www.parfumerie-arabe.com\\\/wp-content\\\/uploads\\\/2022\\\/08\\\/logo-parfumerie-arabe.png\",\"contentUrl\":\"https:\\\/\\\/www.parfumerie-arabe.com\\\/wp-content\\\/uploads\\\/2022\\\/08\\\/logo-parfumerie-arabe.png\",\"width\":600,\"height\":171,\"caption\":\"Parfumerie arabe\"},\"image\":{\"@id\":\"https:\\\/\\\/www.parfumerie-arabe.com\\\/#\\\/schema\\\/logo\\\/image\\\/\"}}]}<\/script>\n<!-- \/ Yoast SEO plugin. -->","yoast_head_json":{"title":"Tendre Vetiver | Eau de Parfum 50ml | Rp Paris","description":"Das Parfum Tendre Vetiver der Marke Rp Paris ist ein fesselnder Duft, der M\u00e4nner und Frauen gleicherma\u00dfen anspricht.","robots":{"index":"index","follow":"follow","max-snippet":"max-snippet:-1","max-image-preview":"max-image-preview:large","max-video-preview":"max-video-preview:-1"},"canonical":"https:\/\/www.parfumerie-arabe.com\/de\/produkt\/zarter-duft-vetiver-rp-paris\/","og_locale":"de_DE","og_type":"article","og_title":"Tendre Vetiver | Eau de parfum 50ml | Rp Paris","og_description":"Le\u00a0parfum Tendre Vetiver\u00a0de la marque Rp Paris est une fragrance captivante qui s\u00e9duit aussi bien les hommes que les femmes.","og_url":"https:\/\/www.parfumerie-arabe.com\/de\/produkt\/zarter-duft-vetiver-rp-paris\/","og_site_name":"Parfumerie Arabe","article_modified_time":"2026-01-29T21:00:41+00:00","og_image":[{"width":600,"height":600,"url":"https:\/\/www.parfumerie-arabe.com\/wp-content\/uploads\/2023\/09\/tendre-vetiver-parfum-rp-paris.jpg","type":"image\/jpeg"}],"twitter_card":"summary_large_image","twitter_misc":{"Gesch\u00e4tzte Lesezeit":"2\u00a0Minuten"},"schema":{"@context":"https:\/\/schema.org","@graph":[{"@type":"WebPage","@id":"https:\/\/www.parfumerie-arabe.com\/produit\/parfum-tendre-vetiver-rp-paris\/","url":"https:\/\/www.parfumerie-arabe.com\/produit\/parfum-tendre-vetiver-rp-paris\/","name":"Tendre Vetiver | Eau de Parfum 50ml | Rp Paris","isPartOf":{"@id":"https:\/\/www.parfumerie-arabe.com\/#website"},"primaryImageOfPage":{"@id":"https:\/\/www.parfumerie-arabe.com\/produit\/parfum-tendre-vetiver-rp-paris\/#primaryimage"},"image":{"@id":"https:\/\/www.parfumerie-arabe.com\/produit\/parfum-tendre-vetiver-rp-paris\/#primaryimage"},"thumbnailUrl":"https:\/\/www.parfumerie-arabe.com\/wp-content\/uploads\/2023\/09\/tendre-vetiver-parfum-rp-paris.jpg","datePublished":"2015-07-20T11:13:02+00:00","dateModified":"2026-01-29T21:00:41+00:00","description":"Das Parfum Tendre Vetiver der Marke Rp Paris ist ein fesselnder Duft, der M\u00e4nner und Frauen gleicherma\u00dfen anspricht.","breadcrumb":{"@id":"https:\/\/www.parfumerie-arabe.com\/produit\/parfum-tendre-vetiver-rp-paris\/#breadcrumb"},"inLanguage":"de","potentialAction":[{"@type":"ReadAction","target":["https:\/\/www.parfumerie-arabe.com\/produit\/parfum-tendre-vetiver-rp-paris\/"]}]},{"@type":"ImageObject","inLanguage":"de","@id":"https:\/\/www.parfumerie-arabe.com\/produit\/parfum-tendre-vetiver-rp-paris\/#primaryimage","url":"https:\/\/www.parfumerie-arabe.com\/wp-content\/uploads\/2023\/09\/tendre-vetiver-parfum-rp-paris.jpg","contentUrl":"https:\/\/www.parfumerie-arabe.com\/wp-content\/uploads\/2023\/09\/tendre-vetiver-parfum-rp-paris.jpg","width":600,"height":600,"caption":"Parfum Tendre Vetiver 50ml \u2013 Rp Paris"},{"@type":"BreadcrumbList","@id":"https:\/\/www.parfumerie-arabe.com\/produit\/parfum-tendre-vetiver-rp-paris\/#breadcrumb","itemListElement":[{"@type":"ListItem","position":1,"name":"Accueil","item":"https:\/\/www.parfumerie-arabe.com\/"},{"@type":"ListItem","position":2,"name":"Boutique","item":"https:\/\/www.parfumerie-arabe.com\/boutique\/"},{"@type":"ListItem","position":3,"name":"Parfum Tendre Vetiver 50ml \u2013 Rp Paris"}]},{"@type":"WebSite","@id":"https:\/\/www.parfumerie-arabe.com\/#website","url":"https:\/\/www.parfumerie-arabe.com\/","name":"Arabische Parf\u00fcmerie","description":"","publisher":{"@id":"https:\/\/www.parfumerie-arabe.com\/#organization"},"potentialAction":[{"@type":"SearchAction","target":{"@type":"EntryPoint","urlTemplate":"https:\/\/www.parfumerie-arabe.com\/?s={search_term_string}"},"query-input":{"@type":"PropertyValueSpecification","valueRequired":true,"valueName":"search_term_string"}}],"inLanguage":"de"},{"@type":"Organization","@id":"https:\/\/www.parfumerie-arabe.com\/#organization","name":"Arabische Parf\u00fcmerie","url":"https:\/\/www.parfumerie-arabe.com\/","logo":{"@type":"ImageObject","inLanguage":"de","@id":"https:\/\/www.parfumerie-arabe.com\/#\/schema\/logo\/image\/","url":"https:\/\/www.parfumerie-arabe.com\/wp-content\/uploads\/2022\/08\/logo-parfumerie-arabe.png","contentUrl":"https:\/\/www.parfumerie-arabe.com\/wp-content\/uploads\/2022\/08\/logo-parfumerie-arabe.png","width":600,"height":171,"caption":"Parfumerie arabe"},"image":{"@id":"https:\/\/www.parfumerie-arabe.com\/#\/schema\/logo\/image\/"}}]}},"_links":{"self":[{"href":"https:\/\/www.parfumerie-arabe.com\/de\/wp-json\/wp\/v2\/product\/2355","targetHints":{"allow":["GET"]}}],"collection":[{"href":"https:\/\/www.parfumerie-arabe.com\/de\/wp-json\/wp\/v2\/product"}],"about":[{"href":"https:\/\/www.parfumerie-arabe.com\/de\/wp-json\/wp\/v2\/types\/product"}],"wp:featuredmedia":[{"embeddable":true,"href":"https:\/\/www.parfumerie-arabe.com\/de\/wp-json\/wp\/v2\/media\/2356"}],"wp:attachment":[{"href":"https:\/\/www.parfumerie-arabe.com\/de\/wp-json\/wp\/v2\/media?parent=2355"}],"wp:term":[{"taxonomy":"product_brand","embeddable":true,"href":"https:\/\/www.parfumerie-arabe.com\/de\/wp-json\/wp\/v2\/product_brand?post=2355"},{"taxonomy":"product_cat","embeddable":true,"href":"https:\/\/www.parfumerie-arabe.com\/de\/wp-json\/wp\/v2\/product_cat?post=2355"},{"taxonomy":"product_tag","embeddable":true,"href":"https:\/\/www.parfumerie-arabe.com\/de\/wp-json\/wp\/v2\/product_tag?post=2355"}],"curies":[{"name":"wp","href":"https:\/\/api.w.org\/{rel}","templated":true}]}}