{"id":2357,"date":"2023-05-20T11:16:48","date_gmt":"2023-05-20T11:16:48","guid":{"rendered":"https:\/\/www.parfumerie-arabe.com\/?post_type=product&#038;p=2357"},"modified":"2026-01-26T21:58:40","modified_gmt":"2026-01-26T21:58:40","slug":"parfum-neo-oud-rp-paris","status":"publish","type":"product","link":"https:\/\/www.parfumerie-arabe.com\/de\/produit\/parfum-neo-oud-rp-paris\/","title":{"rendered":"Neo Oud Parfum 50ml - Rp Paris"},"content":{"rendered":"<p>Tauchen Sie ein in die\u00a0<strong>pr\u00e4chtige Modernit\u00e4t der opulenten Sinnlichkeit<\/strong>, In diesem orientalisch angehauchten Duft k\u00f6nnen Sie sich auf eine ganz besondere Stimmung freuen.\u00a0<strong>Das Parfum N\u00e9o Oud bietet seine ganze \u00dcppigkeit auf raffinierte Weise.<\/strong>\u00a0Und das mit einer sehr hohen Qualit\u00e4t. Wir stellen ihn Ihnen vor.<\/p>\n<h2><strong>Das Parfum N\u00e9o Oud: Sinnlichkeit an erster Stelle<\/strong><\/h2>\n<p>Indem sie sich auf D\u00fcfte aus dem Orient st\u00fctzt.\u00a0<strong>Neo Oud ist Sinnlichkeit par excellence.<\/strong>\u00a0Auch\u00a0<strong>warmherzig als \u00fcppig<\/strong>\u00a0er bietet einen absolut wunderbaren olfaktorischen Moment.<\/p>\n<p><strong>Charmant, bet\u00f6rend und geheimnisvoll<\/strong>\u00a0gleichzeitig wird dieses Parfum diejenigen ansprechen, die elegante D\u00fcfte mit schillernder Modernit\u00e4t m\u00f6gen. Er wird verf\u00fchren durch<strong>\u00a0seine Anmut und seinen erwiesenen Luxus,<\/strong>\u00a0auch Anh\u00e4nger guter Ger\u00fcche, die auf der Suche nach einem s\u00fc\u00dfen Parfum sind.<\/p>\n<h2><strong>Langanhaltende D\u00fcfte mit beredter Kostbarkeit<\/strong><\/h2>\n<p>Wenn man sich die Zusammensetzung von N\u00e9o Oud genauer ansieht, erahnt man sofort seinen au\u00dfergew\u00f6hnlichen Charakter. Denn dieser erhabene Duft beruht auf\u00a0<strong>luxuri\u00f6se und seltene Zutaten<\/strong>\u00a0ohne zu z\u00f6gern.<\/p>\n<p>Es geht genau darum\u00a0<strong>des dominanten Oud.<\/strong>\u00a0Dann von<strong>\u00a0Amber, Moschus und Weihrauch, die alle f\u00fcr Exzellenz stehen.<\/strong>\u00a0Und genauso spiegelt es den unbestreitbaren Charme des Orients wider.<\/p>\n<p>Das Parfum wird Sie einstimmig begeistern.\u00a0<strong>Seine elegante, zarte und sinnliche Sillage<\/strong>\u00a0gleichzeitig, wird M\u00e4nner und Frauen zweifellos blenden. Lassen Sie sich also dieses unvergleichlich kostbare Dufterlebnis nicht entgehen.<\/p>\n<h3><strong>Im selben Geist wie das Parfum N\u00e9o Oud<\/strong><\/h3>\n<p>Wenn die Oud und ihre Verb\u00fcndeten Sie begeistern, sollten Sie wissen, dass wir reichlich Stoff f\u00fcr Sie haben!<\/p>\n<p>Ja, Ihre arabische Lieblingsparf\u00fcmerie wei\u00df, wie man Ihnen eine Freude macht. Genie\u00dfen Sie es also ohne weitere Umschweife, sie zu entdecken. Darunter finden Sie unter anderem\u00a0<strong>das Parfum Black oud Nr. 14 der collection prestige<\/strong>,\u00a0<strong>das Parf\u00fcm Secret Of Oudh von M.A.H.<\/strong>, oder der\u00a0<strong>Duft <a href=\"https:\/\/www.parfumerie-arabe.com\/de\/produkt\/oud-is-black-edition\/\">Oud Is<\/a> von Black Edition.<\/strong><\/p>\n<p>Sie alle werden Ihnen Parfums liefern, die auf Oud und ihrem zweifellos verr\u00fcckten Charme basieren und Sie sofort und ohne den Schatten eines Zweifels verf\u00fchren werden.<\/p>","protected":false},"excerpt":{"rendered":"<div class=\"product-short-description\">\n<div class=\"product-short-description\">\n<p><strong>Neo Oud Parfum von RP paris (privat Nr. 19)<\/strong><\/p>\n<p><strong>Geruchsnoten :<\/strong><\/p>\n<p><strong>Kopf :\u00a0<\/strong>Oud<br \/>\n<strong>Herz :\u00a0<\/strong>R\u00e4ucherst\u00e4bchen<br \/>\n<strong>Hintergrund :\u00a0<\/strong>Amber und Moschus<\/p>\n<p><strong>Genre<\/strong>\u00a0: Gemischt.<\/p>\n<\/div>\n<\/div>","protected":false},"featured_media":2358,"template":"","meta":[],"product_brand":[],"product_cat":[15,50,19,84],"product_tag":[],"class_list":{"0":"post-2357","1":"product","2":"type-product","3":"status-publish","4":"has-post-thumbnail","6":"product_cat-parfum-homme","7":"product_cat-parfum-mixte","8":"product_cat-parfum-oud-femme","9":"product_cat-rp-paris","11":"first","12":"instock","13":"taxable","14":"shipping-taxable","15":"purchasable","16":"product-type-simple"},"yoast_head":"<!-- This site is optimized with the Yoast SEO plugin v27.4 - https:\/\/yoast.com\/product\/yoast-seo-wordpress\/ -->\n<title>N\u00e9o Oud | Parfum 50ml | Collection Rp Paris<\/title>\n<meta name=\"description\" content=\"Plongez dans la\u00a0modernit\u00e9 somptueuse de la sensualit\u00e9 opulente, \u00e0 travers cet effluve aux reflets d&#039;orient.\u00a0Zoom sur le parfum N\u00e9o Oud !\" \/>\n<meta name=\"robots\" content=\"index, follow, max-snippet:-1, max-image-preview:large, max-video-preview:-1\" \/>\n<link rel=\"canonical\" href=\"https:\/\/www.parfumerie-arabe.com\/de\/produkt\/parfum-neo-oud-rp-paris\/\" \/>\n<meta property=\"og:locale\" content=\"de_DE\" \/>\n<meta property=\"og:type\" content=\"article\" \/>\n<meta property=\"og:title\" content=\"N\u00e9o Oud | Parfum 50ml | Collection Rp Paris\" \/>\n<meta property=\"og:description\" content=\"Plongez dans la\u00a0modernit\u00e9 somptueuse de la sensualit\u00e9 opulente, \u00e0 travers cet effluve aux reflets d&#039;orient.\u00a0Zoom sur le parfum N\u00e9o Oud !\" \/>\n<meta property=\"og:url\" content=\"https:\/\/www.parfumerie-arabe.com\/de\/produkt\/parfum-neo-oud-rp-paris\/\" \/>\n<meta property=\"og:site_name\" content=\"Parfumerie Arabe\" \/>\n<meta property=\"article:modified_time\" content=\"2026-01-26T21:58:40+00:00\" \/>\n<meta property=\"og:image\" content=\"https:\/\/www.parfumerie-arabe.com\/wp-content\/uploads\/2023\/09\/neo-oud-parfum-rp-paris.jpg\" \/>\n\t<meta property=\"og:image:width\" content=\"600\" \/>\n\t<meta property=\"og:image:height\" content=\"600\" \/>\n\t<meta property=\"og:image:type\" content=\"image\/jpeg\" \/>\n<meta name=\"twitter:card\" content=\"summary_large_image\" \/>\n<meta name=\"twitter:label1\" content=\"Gesch\u00e4tzte Lesezeit\" \/>\n\t<meta name=\"twitter:data1\" content=\"2\u00a0Minuten\" \/>\n<script type=\"application\/ld+json\" class=\"yoast-schema-graph\">{\"@context\":\"https:\\\/\\\/schema.org\",\"@graph\":[{\"@type\":\"WebPage\",\"@id\":\"https:\\\/\\\/www.parfumerie-arabe.com\\\/produit\\\/parfum-neo-oud-rp-paris\\\/\",\"url\":\"https:\\\/\\\/www.parfumerie-arabe.com\\\/produit\\\/parfum-neo-oud-rp-paris\\\/\",\"name\":\"N\u00e9o Oud | Parfum 50ml | Collection Rp Paris\",\"isPartOf\":{\"@id\":\"https:\\\/\\\/www.parfumerie-arabe.com\\\/#website\"},\"primaryImageOfPage\":{\"@id\":\"https:\\\/\\\/www.parfumerie-arabe.com\\\/produit\\\/parfum-neo-oud-rp-paris\\\/#primaryimage\"},\"image\":{\"@id\":\"https:\\\/\\\/www.parfumerie-arabe.com\\\/produit\\\/parfum-neo-oud-rp-paris\\\/#primaryimage\"},\"thumbnailUrl\":\"https:\\\/\\\/www.parfumerie-arabe.com\\\/wp-content\\\/uploads\\\/2023\\\/09\\\/neo-oud-parfum-rp-paris.jpg\",\"datePublished\":\"2023-05-20T11:16:48+00:00\",\"dateModified\":\"2026-01-26T21:58:40+00:00\",\"description\":\"Plongez dans la\u00a0modernit\u00e9 somptueuse de la sensualit\u00e9 opulente, \u00e0 travers cet effluve aux reflets d'orient.\u00a0Zoom sur le parfum N\u00e9o Oud !\",\"breadcrumb\":{\"@id\":\"https:\\\/\\\/www.parfumerie-arabe.com\\\/produit\\\/parfum-neo-oud-rp-paris\\\/#breadcrumb\"},\"inLanguage\":\"de\",\"potentialAction\":[{\"@type\":\"ReadAction\",\"target\":[\"https:\\\/\\\/www.parfumerie-arabe.com\\\/produit\\\/parfum-neo-oud-rp-paris\\\/\"]}]},{\"@type\":\"ImageObject\",\"inLanguage\":\"de\",\"@id\":\"https:\\\/\\\/www.parfumerie-arabe.com\\\/produit\\\/parfum-neo-oud-rp-paris\\\/#primaryimage\",\"url\":\"https:\\\/\\\/www.parfumerie-arabe.com\\\/wp-content\\\/uploads\\\/2023\\\/09\\\/neo-oud-parfum-rp-paris.jpg\",\"contentUrl\":\"https:\\\/\\\/www.parfumerie-arabe.com\\\/wp-content\\\/uploads\\\/2023\\\/09\\\/neo-oud-parfum-rp-paris.jpg\",\"width\":600,\"height\":600,\"caption\":\"Parfum Neo Oud 50ml \u2013 Rp Paris\"},{\"@type\":\"BreadcrumbList\",\"@id\":\"https:\\\/\\\/www.parfumerie-arabe.com\\\/produit\\\/parfum-neo-oud-rp-paris\\\/#breadcrumb\",\"itemListElement\":[{\"@type\":\"ListItem\",\"position\":1,\"name\":\"Accueil\",\"item\":\"https:\\\/\\\/www.parfumerie-arabe.com\\\/\"},{\"@type\":\"ListItem\",\"position\":2,\"name\":\"Boutique\",\"item\":\"https:\\\/\\\/www.parfumerie-arabe.com\\\/boutique\\\/\"},{\"@type\":\"ListItem\",\"position\":3,\"name\":\"Parfum Neo Oud 50ml \u2013 Rp Paris\"}]},{\"@type\":\"WebSite\",\"@id\":\"https:\\\/\\\/www.parfumerie-arabe.com\\\/#website\",\"url\":\"https:\\\/\\\/www.parfumerie-arabe.com\\\/\",\"name\":\"Parfumerie Arabe\",\"description\":\"\",\"publisher\":{\"@id\":\"https:\\\/\\\/www.parfumerie-arabe.com\\\/#organization\"},\"potentialAction\":[{\"@type\":\"SearchAction\",\"target\":{\"@type\":\"EntryPoint\",\"urlTemplate\":\"https:\\\/\\\/www.parfumerie-arabe.com\\\/?s={search_term_string}\"},\"query-input\":{\"@type\":\"PropertyValueSpecification\",\"valueRequired\":true,\"valueName\":\"search_term_string\"}}],\"inLanguage\":\"de\"},{\"@type\":\"Organization\",\"@id\":\"https:\\\/\\\/www.parfumerie-arabe.com\\\/#organization\",\"name\":\"Parfumerie arabe\",\"url\":\"https:\\\/\\\/www.parfumerie-arabe.com\\\/\",\"logo\":{\"@type\":\"ImageObject\",\"inLanguage\":\"de\",\"@id\":\"https:\\\/\\\/www.parfumerie-arabe.com\\\/#\\\/schema\\\/logo\\\/image\\\/\",\"url\":\"https:\\\/\\\/www.parfumerie-arabe.com\\\/wp-content\\\/uploads\\\/2022\\\/08\\\/logo-parfumerie-arabe.png\",\"contentUrl\":\"https:\\\/\\\/www.parfumerie-arabe.com\\\/wp-content\\\/uploads\\\/2022\\\/08\\\/logo-parfumerie-arabe.png\",\"width\":600,\"height\":171,\"caption\":\"Parfumerie arabe\"},\"image\":{\"@id\":\"https:\\\/\\\/www.parfumerie-arabe.com\\\/#\\\/schema\\\/logo\\\/image\\\/\"}}]}<\/script>\n<!-- \/ Yoast SEO plugin. -->","yoast_head_json":{"title":"Neo Oud | Parfum 50ml | Rp Paris Collection","description":"Tauchen Sie mit diesem orientalisch anmutenden Duft in die prachtvolle Modernit\u00e4t opulenter Sinnlichkeit ein. Zoom auf das Parfum N\u00e9o Oud!","robots":{"index":"index","follow":"follow","max-snippet":"max-snippet:-1","max-image-preview":"max-image-preview:large","max-video-preview":"max-video-preview:-1"},"canonical":"https:\/\/www.parfumerie-arabe.com\/de\/produkt\/parfum-neo-oud-rp-paris\/","og_locale":"de_DE","og_type":"article","og_title":"N\u00e9o Oud | Parfum 50ml | Collection Rp Paris","og_description":"Plongez dans la\u00a0modernit\u00e9 somptueuse de la sensualit\u00e9 opulente, \u00e0 travers cet effluve aux reflets d'orient.\u00a0Zoom sur le parfum N\u00e9o Oud !","og_url":"https:\/\/www.parfumerie-arabe.com\/de\/produkt\/parfum-neo-oud-rp-paris\/","og_site_name":"Parfumerie Arabe","article_modified_time":"2026-01-26T21:58:40+00:00","og_image":[{"width":600,"height":600,"url":"https:\/\/www.parfumerie-arabe.com\/wp-content\/uploads\/2023\/09\/neo-oud-parfum-rp-paris.jpg","type":"image\/jpeg"}],"twitter_card":"summary_large_image","twitter_misc":{"Gesch\u00e4tzte Lesezeit":"2\u00a0Minuten"},"schema":{"@context":"https:\/\/schema.org","@graph":[{"@type":"WebPage","@id":"https:\/\/www.parfumerie-arabe.com\/produit\/parfum-neo-oud-rp-paris\/","url":"https:\/\/www.parfumerie-arabe.com\/produit\/parfum-neo-oud-rp-paris\/","name":"Neo Oud | Parfum 50ml | Rp Paris Collection","isPartOf":{"@id":"https:\/\/www.parfumerie-arabe.com\/#website"},"primaryImageOfPage":{"@id":"https:\/\/www.parfumerie-arabe.com\/produit\/parfum-neo-oud-rp-paris\/#primaryimage"},"image":{"@id":"https:\/\/www.parfumerie-arabe.com\/produit\/parfum-neo-oud-rp-paris\/#primaryimage"},"thumbnailUrl":"https:\/\/www.parfumerie-arabe.com\/wp-content\/uploads\/2023\/09\/neo-oud-parfum-rp-paris.jpg","datePublished":"2023-05-20T11:16:48+00:00","dateModified":"2026-01-26T21:58:40+00:00","description":"Tauchen Sie mit diesem orientalisch anmutenden Duft in die prachtvolle Modernit\u00e4t opulenter Sinnlichkeit ein. Zoom auf das Parfum N\u00e9o Oud!","breadcrumb":{"@id":"https:\/\/www.parfumerie-arabe.com\/produit\/parfum-neo-oud-rp-paris\/#breadcrumb"},"inLanguage":"de","potentialAction":[{"@type":"ReadAction","target":["https:\/\/www.parfumerie-arabe.com\/produit\/parfum-neo-oud-rp-paris\/"]}]},{"@type":"ImageObject","inLanguage":"de","@id":"https:\/\/www.parfumerie-arabe.com\/produit\/parfum-neo-oud-rp-paris\/#primaryimage","url":"https:\/\/www.parfumerie-arabe.com\/wp-content\/uploads\/2023\/09\/neo-oud-parfum-rp-paris.jpg","contentUrl":"https:\/\/www.parfumerie-arabe.com\/wp-content\/uploads\/2023\/09\/neo-oud-parfum-rp-paris.jpg","width":600,"height":600,"caption":"Parfum Neo Oud 50ml \u2013 Rp Paris"},{"@type":"BreadcrumbList","@id":"https:\/\/www.parfumerie-arabe.com\/produit\/parfum-neo-oud-rp-paris\/#breadcrumb","itemListElement":[{"@type":"ListItem","position":1,"name":"Accueil","item":"https:\/\/www.parfumerie-arabe.com\/"},{"@type":"ListItem","position":2,"name":"Boutique","item":"https:\/\/www.parfumerie-arabe.com\/boutique\/"},{"@type":"ListItem","position":3,"name":"Parfum Neo Oud 50ml \u2013 Rp Paris"}]},{"@type":"WebSite","@id":"https:\/\/www.parfumerie-arabe.com\/#website","url":"https:\/\/www.parfumerie-arabe.com\/","name":"Arabische Parf\u00fcmerie","description":"","publisher":{"@id":"https:\/\/www.parfumerie-arabe.com\/#organization"},"potentialAction":[{"@type":"SearchAction","target":{"@type":"EntryPoint","urlTemplate":"https:\/\/www.parfumerie-arabe.com\/?s={search_term_string}"},"query-input":{"@type":"PropertyValueSpecification","valueRequired":true,"valueName":"search_term_string"}}],"inLanguage":"de"},{"@type":"Organization","@id":"https:\/\/www.parfumerie-arabe.com\/#organization","name":"Arabische Parf\u00fcmerie","url":"https:\/\/www.parfumerie-arabe.com\/","logo":{"@type":"ImageObject","inLanguage":"de","@id":"https:\/\/www.parfumerie-arabe.com\/#\/schema\/logo\/image\/","url":"https:\/\/www.parfumerie-arabe.com\/wp-content\/uploads\/2022\/08\/logo-parfumerie-arabe.png","contentUrl":"https:\/\/www.parfumerie-arabe.com\/wp-content\/uploads\/2022\/08\/logo-parfumerie-arabe.png","width":600,"height":171,"caption":"Parfumerie arabe"},"image":{"@id":"https:\/\/www.parfumerie-arabe.com\/#\/schema\/logo\/image\/"}}]}},"_links":{"self":[{"href":"https:\/\/www.parfumerie-arabe.com\/de\/wp-json\/wp\/v2\/product\/2357","targetHints":{"allow":["GET"]}}],"collection":[{"href":"https:\/\/www.parfumerie-arabe.com\/de\/wp-json\/wp\/v2\/product"}],"about":[{"href":"https:\/\/www.parfumerie-arabe.com\/de\/wp-json\/wp\/v2\/types\/product"}],"wp:featuredmedia":[{"embeddable":true,"href":"https:\/\/www.parfumerie-arabe.com\/de\/wp-json\/wp\/v2\/media\/2358"}],"wp:attachment":[{"href":"https:\/\/www.parfumerie-arabe.com\/de\/wp-json\/wp\/v2\/media?parent=2357"}],"wp:term":[{"taxonomy":"product_brand","embeddable":true,"href":"https:\/\/www.parfumerie-arabe.com\/de\/wp-json\/wp\/v2\/product_brand?post=2357"},{"taxonomy":"product_cat","embeddable":true,"href":"https:\/\/www.parfumerie-arabe.com\/de\/wp-json\/wp\/v2\/product_cat?post=2357"},{"taxonomy":"product_tag","embeddable":true,"href":"https:\/\/www.parfumerie-arabe.com\/de\/wp-json\/wp\/v2\/product_tag?post=2357"}],"curies":[{"name":"wp","href":"https:\/\/api.w.org\/{rel}","templated":true}]}}