{"id":2514,"date":"2015-12-22T14:33:53","date_gmt":"2015-12-22T14:33:53","guid":{"rendered":"https:\/\/www.parfumerie-arabe.com\/?post_type=product&#038;p=2514"},"modified":"2025-11-17T20:02:43","modified_gmt":"2025-11-17T20:02:43","slug":"parfumset-ol-bakhour-muattar-musk-amber","status":"publish","type":"product","link":"https:\/\/www.parfumerie-arabe.com\/de\/produit\/coffret-parfum-huile-bakhour-muattar-musk-amber\/","title":{"rendered":"Parf\u00fcmset Parf\u00fcm\u00f6l und Bakhour Muattar Musk Amber - Hamidi"},"content":{"rendered":"","protected":false},"excerpt":{"rendered":"<p><strong>Hamidi Trio Musc Amber Box :<\/strong><\/p>\n<p>Eine\u00a0<strong>Duftnebel<\/strong>\u00a0zum Musk amber<\/p>\n<p>Eine\u00a0<strong>bakhour muattar<\/strong>\u00a0(in Sp\u00e4nen) zu Musk amber<\/p>\n<p>Eine\u00a0<strong>Duft\u00f6l<\/strong>\u00a0Pure Sandal<\/p>\n<p>Dieses Trio besteht aus den beliebtesten Hamidi-Produkten,<\/p>\n<p>Fans von Amber und seinem bet\u00f6renden Duft, dann ist dieses Set genau das Richtige f\u00fcr Sie!<\/p>\n<p><strong>Geruchsnoten :<\/strong><\/p>\n<p><strong>Kopfnoten<\/strong>\u00a0: Kardamom, Zitrone, Zimt.<br \/>\n<strong>Herznoten<\/strong>\u00a0: Safran, Rose, Myrrhe.<br \/>\n<strong>Hintergrundnoten<\/strong>\u00a0: Patschuli, Amber, Moschus, Agarholz.<\/p>","protected":false},"featured_media":2515,"template":"","meta":[],"product_brand":[],"product_cat":[35,105,23,27],"product_tag":[],"class_list":{"0":"post-2514","1":"product","2":"type-product","3":"status-publish","4":"has-post-thumbnail","6":"product_cat-bakhour","7":"product_cat-bakhour-hamidi","8":"product_cat-coffrets","9":"product_cat-hamidi","11":"first","12":"outofstock","13":"sale","14":"taxable","15":"shipping-taxable","16":"purchasable","17":"product-type-simple"},"yoast_head":"<!-- This site is optimized with the Yoast SEO plugin v27.4 - https:\/\/yoast.com\/product\/yoast-seo-wordpress\/ -->\n<title>Coffret Parfum huile parfum\u00e9e et Bakhour Muattar Musk Amber \u2013 Hamidi - Parfumerie Arabe<\/title>\n<meta name=\"robots\" content=\"index, follow, max-snippet:-1, max-image-preview:large, max-video-preview:-1\" \/>\n<link rel=\"canonical\" href=\"https:\/\/www.parfumerie-arabe.com\/de\/produkt\/parfumset-ol-bakhour-muattar-musk-amber\/\" \/>\n<meta property=\"og:locale\" content=\"de_DE\" \/>\n<meta property=\"og:type\" content=\"article\" \/>\n<meta property=\"og:title\" content=\"Coffret Parfum huile parfum\u00e9e et Bakhour Muattar Musk Amber \u2013 Hamidi - Parfumerie Arabe\" \/>\n<meta property=\"og:description\" content=\"Coffret Trio Musc Amber de Hamidi :  Une\u00a0brume parfum\u00e9e\u00a0au Musk amber  Un\u00a0bakhour muattar\u00a0(en copeaux) au Musk amber  Une\u00a0huile parfum\u00e9e\u00a0Pure Sandal  Fondez pour ce trio compos\u00e9 des incontournables de chez Hamidi,  Fans d\u2019ambre et de son odeur envoutante, ce coffret est fait pour vous !  Notes olfactives :  Notes de t\u00eate\u00a0: Cardamome, citron, cannelle. Notes de coeur\u00a0: Safran, rose, myrrhe. Notes de fond\u00a0: Patchouli, ambre, musc, bois d\u2019agar.\" \/>\n<meta property=\"og:url\" content=\"https:\/\/www.parfumerie-arabe.com\/de\/produkt\/parfumset-ol-bakhour-muattar-musk-amber\/\" \/>\n<meta property=\"og:site_name\" content=\"Parfumerie Arabe\" \/>\n<meta property=\"article:modified_time\" content=\"2025-11-17T20:02:43+00:00\" \/>\n<meta property=\"og:image\" content=\"https:\/\/www.parfumerie-arabe.com\/wp-content\/uploads\/2023\/12\/Coffret-Hamidi-parfum-musc-amber-ambre-bakhour-et-huile-parfumee.jpg\" \/>\n\t<meta property=\"og:image:width\" content=\"600\" \/>\n\t<meta property=\"og:image:height\" content=\"600\" \/>\n\t<meta property=\"og:image:type\" content=\"image\/jpeg\" \/>\n<meta name=\"twitter:card\" content=\"summary_large_image\" \/>\n<script type=\"application\/ld+json\" class=\"yoast-schema-graph\">{\"@context\":\"https:\\\/\\\/schema.org\",\"@graph\":[{\"@type\":\"WebPage\",\"@id\":\"https:\\\/\\\/www.parfumerie-arabe.com\\\/produit\\\/coffret-parfum-huile-bakhour-muattar-musk-amber\\\/\",\"url\":\"https:\\\/\\\/www.parfumerie-arabe.com\\\/produit\\\/coffret-parfum-huile-bakhour-muattar-musk-amber\\\/\",\"name\":\"Coffret Parfum huile parfum\u00e9e et Bakhour Muattar Musk Amber \u2013 Hamidi - Parfumerie Arabe\",\"isPartOf\":{\"@id\":\"https:\\\/\\\/www.parfumerie-arabe.com\\\/#website\"},\"primaryImageOfPage\":{\"@id\":\"https:\\\/\\\/www.parfumerie-arabe.com\\\/produit\\\/coffret-parfum-huile-bakhour-muattar-musk-amber\\\/#primaryimage\"},\"image\":{\"@id\":\"https:\\\/\\\/www.parfumerie-arabe.com\\\/produit\\\/coffret-parfum-huile-bakhour-muattar-musk-amber\\\/#primaryimage\"},\"thumbnailUrl\":\"https:\\\/\\\/www.parfumerie-arabe.com\\\/wp-content\\\/uploads\\\/2023\\\/12\\\/Coffret-Hamidi-parfum-musc-amber-ambre-bakhour-et-huile-parfumee.jpg\",\"datePublished\":\"2015-12-22T14:33:53+00:00\",\"dateModified\":\"2025-11-17T20:02:43+00:00\",\"breadcrumb\":{\"@id\":\"https:\\\/\\\/www.parfumerie-arabe.com\\\/produit\\\/coffret-parfum-huile-bakhour-muattar-musk-amber\\\/#breadcrumb\"},\"inLanguage\":\"de\",\"potentialAction\":[{\"@type\":\"ReadAction\",\"target\":[\"https:\\\/\\\/www.parfumerie-arabe.com\\\/produit\\\/coffret-parfum-huile-bakhour-muattar-musk-amber\\\/\"]}]},{\"@type\":\"ImageObject\",\"inLanguage\":\"de\",\"@id\":\"https:\\\/\\\/www.parfumerie-arabe.com\\\/produit\\\/coffret-parfum-huile-bakhour-muattar-musk-amber\\\/#primaryimage\",\"url\":\"https:\\\/\\\/www.parfumerie-arabe.com\\\/wp-content\\\/uploads\\\/2023\\\/12\\\/Coffret-Hamidi-parfum-musc-amber-ambre-bakhour-et-huile-parfumee.jpg\",\"contentUrl\":\"https:\\\/\\\/www.parfumerie-arabe.com\\\/wp-content\\\/uploads\\\/2023\\\/12\\\/Coffret-Hamidi-parfum-musc-amber-ambre-bakhour-et-huile-parfumee.jpg\",\"width\":600,\"height\":600,\"caption\":\"Coffret Parfum huile parfum\u00e9e et Bakhour Muattar Musk Amber \u2013 Hamidi\"},{\"@type\":\"BreadcrumbList\",\"@id\":\"https:\\\/\\\/www.parfumerie-arabe.com\\\/produit\\\/coffret-parfum-huile-bakhour-muattar-musk-amber\\\/#breadcrumb\",\"itemListElement\":[{\"@type\":\"ListItem\",\"position\":1,\"name\":\"Accueil\",\"item\":\"https:\\\/\\\/www.parfumerie-arabe.com\\\/\"},{\"@type\":\"ListItem\",\"position\":2,\"name\":\"Boutique\",\"item\":\"https:\\\/\\\/www.parfumerie-arabe.com\\\/boutique\\\/\"},{\"@type\":\"ListItem\",\"position\":3,\"name\":\"Coffret Parfum huile parfum\u00e9e et Bakhour Muattar Musk Amber \u2013 Hamidi\"}]},{\"@type\":\"WebSite\",\"@id\":\"https:\\\/\\\/www.parfumerie-arabe.com\\\/#website\",\"url\":\"https:\\\/\\\/www.parfumerie-arabe.com\\\/\",\"name\":\"Parfumerie Arabe\",\"description\":\"\",\"publisher\":{\"@id\":\"https:\\\/\\\/www.parfumerie-arabe.com\\\/#organization\"},\"potentialAction\":[{\"@type\":\"SearchAction\",\"target\":{\"@type\":\"EntryPoint\",\"urlTemplate\":\"https:\\\/\\\/www.parfumerie-arabe.com\\\/?s={search_term_string}\"},\"query-input\":{\"@type\":\"PropertyValueSpecification\",\"valueRequired\":true,\"valueName\":\"search_term_string\"}}],\"inLanguage\":\"de\"},{\"@type\":\"Organization\",\"@id\":\"https:\\\/\\\/www.parfumerie-arabe.com\\\/#organization\",\"name\":\"Parfumerie arabe\",\"url\":\"https:\\\/\\\/www.parfumerie-arabe.com\\\/\",\"logo\":{\"@type\":\"ImageObject\",\"inLanguage\":\"de\",\"@id\":\"https:\\\/\\\/www.parfumerie-arabe.com\\\/#\\\/schema\\\/logo\\\/image\\\/\",\"url\":\"https:\\\/\\\/www.parfumerie-arabe.com\\\/wp-content\\\/uploads\\\/2022\\\/08\\\/logo-parfumerie-arabe.png\",\"contentUrl\":\"https:\\\/\\\/www.parfumerie-arabe.com\\\/wp-content\\\/uploads\\\/2022\\\/08\\\/logo-parfumerie-arabe.png\",\"width\":600,\"height\":171,\"caption\":\"Parfumerie arabe\"},\"image\":{\"@id\":\"https:\\\/\\\/www.parfumerie-arabe.com\\\/#\\\/schema\\\/logo\\\/image\\\/\"}}]}<\/script>\n<!-- \/ Yoast SEO plugin. -->","yoast_head_json":{"title":"Parf\u00fcmset Parf\u00fcm\u00f6l und Bakhour Muattar Musk Amber - Hamidi - Arabische Parf\u00fcmerie","robots":{"index":"index","follow":"follow","max-snippet":"max-snippet:-1","max-image-preview":"max-image-preview:large","max-video-preview":"max-video-preview:-1"},"canonical":"https:\/\/www.parfumerie-arabe.com\/de\/produkt\/parfumset-ol-bakhour-muattar-musk-amber\/","og_locale":"de_DE","og_type":"article","og_title":"Coffret Parfum huile parfum\u00e9e et Bakhour Muattar Musk Amber \u2013 Hamidi - Parfumerie Arabe","og_description":"Coffret Trio Musc Amber de Hamidi :  Une\u00a0brume parfum\u00e9e\u00a0au Musk amber  Un\u00a0bakhour muattar\u00a0(en copeaux) au Musk amber  Une\u00a0huile parfum\u00e9e\u00a0Pure Sandal  Fondez pour ce trio compos\u00e9 des incontournables de chez Hamidi,  Fans d\u2019ambre et de son odeur envoutante, ce coffret est fait pour vous !  Notes olfactives :  Notes de t\u00eate\u00a0: Cardamome, citron, cannelle. Notes de coeur\u00a0: Safran, rose, myrrhe. Notes de fond\u00a0: Patchouli, ambre, musc, bois d\u2019agar.","og_url":"https:\/\/www.parfumerie-arabe.com\/de\/produkt\/parfumset-ol-bakhour-muattar-musk-amber\/","og_site_name":"Parfumerie Arabe","article_modified_time":"2025-11-17T20:02:43+00:00","og_image":[{"width":600,"height":600,"url":"https:\/\/www.parfumerie-arabe.com\/wp-content\/uploads\/2023\/12\/Coffret-Hamidi-parfum-musc-amber-ambre-bakhour-et-huile-parfumee.jpg","type":"image\/jpeg"}],"twitter_card":"summary_large_image","schema":{"@context":"https:\/\/schema.org","@graph":[{"@type":"WebPage","@id":"https:\/\/www.parfumerie-arabe.com\/produit\/coffret-parfum-huile-bakhour-muattar-musk-amber\/","url":"https:\/\/www.parfumerie-arabe.com\/produit\/coffret-parfum-huile-bakhour-muattar-musk-amber\/","name":"Parf\u00fcmset Parf\u00fcm\u00f6l und Bakhour Muattar Musk Amber - Hamidi - Arabische Parf\u00fcmerie","isPartOf":{"@id":"https:\/\/www.parfumerie-arabe.com\/#website"},"primaryImageOfPage":{"@id":"https:\/\/www.parfumerie-arabe.com\/produit\/coffret-parfum-huile-bakhour-muattar-musk-amber\/#primaryimage"},"image":{"@id":"https:\/\/www.parfumerie-arabe.com\/produit\/coffret-parfum-huile-bakhour-muattar-musk-amber\/#primaryimage"},"thumbnailUrl":"https:\/\/www.parfumerie-arabe.com\/wp-content\/uploads\/2023\/12\/Coffret-Hamidi-parfum-musc-amber-ambre-bakhour-et-huile-parfumee.jpg","datePublished":"2015-12-22T14:33:53+00:00","dateModified":"2025-11-17T20:02:43+00:00","breadcrumb":{"@id":"https:\/\/www.parfumerie-arabe.com\/produit\/coffret-parfum-huile-bakhour-muattar-musk-amber\/#breadcrumb"},"inLanguage":"de","potentialAction":[{"@type":"ReadAction","target":["https:\/\/www.parfumerie-arabe.com\/produit\/coffret-parfum-huile-bakhour-muattar-musk-amber\/"]}]},{"@type":"ImageObject","inLanguage":"de","@id":"https:\/\/www.parfumerie-arabe.com\/produit\/coffret-parfum-huile-bakhour-muattar-musk-amber\/#primaryimage","url":"https:\/\/www.parfumerie-arabe.com\/wp-content\/uploads\/2023\/12\/Coffret-Hamidi-parfum-musc-amber-ambre-bakhour-et-huile-parfumee.jpg","contentUrl":"https:\/\/www.parfumerie-arabe.com\/wp-content\/uploads\/2023\/12\/Coffret-Hamidi-parfum-musc-amber-ambre-bakhour-et-huile-parfumee.jpg","width":600,"height":600,"caption":"Coffret Parfum huile parfum\u00e9e et Bakhour Muattar Musk Amber \u2013 Hamidi"},{"@type":"BreadcrumbList","@id":"https:\/\/www.parfumerie-arabe.com\/produit\/coffret-parfum-huile-bakhour-muattar-musk-amber\/#breadcrumb","itemListElement":[{"@type":"ListItem","position":1,"name":"Accueil","item":"https:\/\/www.parfumerie-arabe.com\/"},{"@type":"ListItem","position":2,"name":"Boutique","item":"https:\/\/www.parfumerie-arabe.com\/boutique\/"},{"@type":"ListItem","position":3,"name":"Coffret Parfum huile parfum\u00e9e et Bakhour Muattar Musk Amber \u2013 Hamidi"}]},{"@type":"WebSite","@id":"https:\/\/www.parfumerie-arabe.com\/#website","url":"https:\/\/www.parfumerie-arabe.com\/","name":"Arabische Parf\u00fcmerie","description":"","publisher":{"@id":"https:\/\/www.parfumerie-arabe.com\/#organization"},"potentialAction":[{"@type":"SearchAction","target":{"@type":"EntryPoint","urlTemplate":"https:\/\/www.parfumerie-arabe.com\/?s={search_term_string}"},"query-input":{"@type":"PropertyValueSpecification","valueRequired":true,"valueName":"search_term_string"}}],"inLanguage":"de"},{"@type":"Organization","@id":"https:\/\/www.parfumerie-arabe.com\/#organization","name":"Arabische Parf\u00fcmerie","url":"https:\/\/www.parfumerie-arabe.com\/","logo":{"@type":"ImageObject","inLanguage":"de","@id":"https:\/\/www.parfumerie-arabe.com\/#\/schema\/logo\/image\/","url":"https:\/\/www.parfumerie-arabe.com\/wp-content\/uploads\/2022\/08\/logo-parfumerie-arabe.png","contentUrl":"https:\/\/www.parfumerie-arabe.com\/wp-content\/uploads\/2022\/08\/logo-parfumerie-arabe.png","width":600,"height":171,"caption":"Parfumerie arabe"},"image":{"@id":"https:\/\/www.parfumerie-arabe.com\/#\/schema\/logo\/image\/"}}]}},"_links":{"self":[{"href":"https:\/\/www.parfumerie-arabe.com\/de\/wp-json\/wp\/v2\/product\/2514","targetHints":{"allow":["GET"]}}],"collection":[{"href":"https:\/\/www.parfumerie-arabe.com\/de\/wp-json\/wp\/v2\/product"}],"about":[{"href":"https:\/\/www.parfumerie-arabe.com\/de\/wp-json\/wp\/v2\/types\/product"}],"wp:featuredmedia":[{"embeddable":true,"href":"https:\/\/www.parfumerie-arabe.com\/de\/wp-json\/wp\/v2\/media\/2515"}],"wp:attachment":[{"href":"https:\/\/www.parfumerie-arabe.com\/de\/wp-json\/wp\/v2\/media?parent=2514"}],"wp:term":[{"taxonomy":"product_brand","embeddable":true,"href":"https:\/\/www.parfumerie-arabe.com\/de\/wp-json\/wp\/v2\/product_brand?post=2514"},{"taxonomy":"product_cat","embeddable":true,"href":"https:\/\/www.parfumerie-arabe.com\/de\/wp-json\/wp\/v2\/product_cat?post=2514"},{"taxonomy":"product_tag","embeddable":true,"href":"https:\/\/www.parfumerie-arabe.com\/de\/wp-json\/wp\/v2\/product_tag?post=2514"}],"curies":[{"name":"wp","href":"https:\/\/api.w.org\/{rel}","templated":true}]}}