{"id":2516,"date":"2023-12-20T14:38:23","date_gmt":"2023-12-20T14:38:23","guid":{"rendered":"https:\/\/www.parfumerie-arabe.com\/?post_type=product&#038;p=2516"},"modified":"2025-11-17T20:00:35","modified_gmt":"2025-11-17T20:00:35","slug":"bakhour-raucherstabchen-muattar-ashiq","status":"publish","type":"product","link":"https:\/\/www.parfumerie-arabe.com\/de\/produit\/encens-bakhour-muattar-ashiq\/","title":{"rendered":"Bakhour Muattar Ashiq Weihrauch 50g - Hamidi"},"content":{"rendered":"","protected":false},"excerpt":{"rendered":"<div class=\"product-short-description\">\n<p>Bakhour Mamoul Muattar Al Ashiq :<\/p>\n<p>Echte Agarholzsp\u00e4ne, die mit Duftstoffen impr\u00e4gniert sind<\/p>\n<p><strong>Kopfnote :<\/strong>\u00a0Patchouli, Rose, Geranium<br \/>\n<strong>Herznote :<\/strong>\u00a0Sandelholz<br \/>\n<strong>Hintergrundnote<\/strong>\u00a0: Bernstein<\/p>\n<\/div>","protected":false},"featured_media":2517,"template":"","meta":[],"product_brand":[],"product_cat":[35,105,27],"product_tag":[],"class_list":{"0":"post-2516","1":"product","2":"type-product","3":"status-publish","4":"has-post-thumbnail","6":"product_cat-bakhour","7":"product_cat-bakhour-hamidi","8":"product_cat-hamidi","10":"first","11":"outofstock","12":"taxable","13":"shipping-taxable","14":"purchasable","15":"product-type-simple"},"yoast_head":"<!-- This site is optimized with the Yoast SEO plugin v27.4 - https:\/\/yoast.com\/product\/yoast-seo-wordpress\/ -->\n<title>Encens Bakhour Muattar Ashiq 50g \u2013 Hamidi - Parfumerie Arabe<\/title>\n<meta name=\"robots\" content=\"index, follow, max-snippet:-1, max-image-preview:large, max-video-preview:-1\" \/>\n<link rel=\"canonical\" href=\"https:\/\/www.parfumerie-arabe.com\/de\/produkt\/bakhour-raucherstabchen-muattar-ashiq\/\" \/>\n<meta property=\"og:locale\" content=\"de_DE\" \/>\n<meta property=\"og:type\" content=\"article\" \/>\n<meta property=\"og:title\" content=\"Encens Bakhour Muattar Ashiq 50g \u2013 Hamidi - Parfumerie Arabe\" \/>\n<meta property=\"og:description\" content=\"Bakhour Mamoul Muattar Al Ashiq :  V\u00e9ritables copeaux de bois d\u2019agar impr\u00e9gn\u00e9s de fragrance  Note de t\u00eate :\u00a0Patchouli, Rose, G\u00e9ranium Note de c\u0153ur :\u00a0Bois de santal Note de fond\u00a0: Ambre\" \/>\n<meta property=\"og:url\" content=\"https:\/\/www.parfumerie-arabe.com\/de\/produkt\/bakhour-raucherstabchen-muattar-ashiq\/\" \/>\n<meta property=\"og:site_name\" content=\"Parfumerie Arabe\" \/>\n<meta property=\"article:modified_time\" content=\"2025-11-17T20:00:35+00:00\" \/>\n<meta property=\"og:image\" content=\"https:\/\/www.parfumerie-arabe.com\/wp-content\/uploads\/2023\/12\/mamoul-ashiq-bakhour-bakhoor.jpg\" \/>\n\t<meta property=\"og:image:width\" content=\"600\" \/>\n\t<meta property=\"og:image:height\" content=\"600\" \/>\n\t<meta property=\"og:image:type\" content=\"image\/jpeg\" \/>\n<meta name=\"twitter:card\" content=\"summary_large_image\" \/>\n<script type=\"application\/ld+json\" class=\"yoast-schema-graph\">{\"@context\":\"https:\\\/\\\/schema.org\",\"@graph\":[{\"@type\":\"WebPage\",\"@id\":\"https:\\\/\\\/www.parfumerie-arabe.com\\\/produit\\\/encens-bakhour-muattar-ashiq\\\/\",\"url\":\"https:\\\/\\\/www.parfumerie-arabe.com\\\/produit\\\/encens-bakhour-muattar-ashiq\\\/\",\"name\":\"Encens Bakhour Muattar Ashiq 50g \u2013 Hamidi - Parfumerie Arabe\",\"isPartOf\":{\"@id\":\"https:\\\/\\\/www.parfumerie-arabe.com\\\/#website\"},\"primaryImageOfPage\":{\"@id\":\"https:\\\/\\\/www.parfumerie-arabe.com\\\/produit\\\/encens-bakhour-muattar-ashiq\\\/#primaryimage\"},\"image\":{\"@id\":\"https:\\\/\\\/www.parfumerie-arabe.com\\\/produit\\\/encens-bakhour-muattar-ashiq\\\/#primaryimage\"},\"thumbnailUrl\":\"https:\\\/\\\/www.parfumerie-arabe.com\\\/wp-content\\\/uploads\\\/2023\\\/12\\\/mamoul-ashiq-bakhour-bakhoor.jpg\",\"datePublished\":\"2023-12-20T14:38:23+00:00\",\"dateModified\":\"2025-11-17T20:00:35+00:00\",\"breadcrumb\":{\"@id\":\"https:\\\/\\\/www.parfumerie-arabe.com\\\/produit\\\/encens-bakhour-muattar-ashiq\\\/#breadcrumb\"},\"inLanguage\":\"de\",\"potentialAction\":[{\"@type\":\"ReadAction\",\"target\":[\"https:\\\/\\\/www.parfumerie-arabe.com\\\/produit\\\/encens-bakhour-muattar-ashiq\\\/\"]}]},{\"@type\":\"ImageObject\",\"inLanguage\":\"de\",\"@id\":\"https:\\\/\\\/www.parfumerie-arabe.com\\\/produit\\\/encens-bakhour-muattar-ashiq\\\/#primaryimage\",\"url\":\"https:\\\/\\\/www.parfumerie-arabe.com\\\/wp-content\\\/uploads\\\/2023\\\/12\\\/mamoul-ashiq-bakhour-bakhoor.jpg\",\"contentUrl\":\"https:\\\/\\\/www.parfumerie-arabe.com\\\/wp-content\\\/uploads\\\/2023\\\/12\\\/mamoul-ashiq-bakhour-bakhoor.jpg\",\"width\":600,\"height\":600,\"caption\":\"Encens Bakhour Muattar Ashiq 50g \u2013 Hamidi\"},{\"@type\":\"BreadcrumbList\",\"@id\":\"https:\\\/\\\/www.parfumerie-arabe.com\\\/produit\\\/encens-bakhour-muattar-ashiq\\\/#breadcrumb\",\"itemListElement\":[{\"@type\":\"ListItem\",\"position\":1,\"name\":\"Accueil\",\"item\":\"https:\\\/\\\/www.parfumerie-arabe.com\\\/\"},{\"@type\":\"ListItem\",\"position\":2,\"name\":\"Boutique\",\"item\":\"https:\\\/\\\/www.parfumerie-arabe.com\\\/boutique\\\/\"},{\"@type\":\"ListItem\",\"position\":3,\"name\":\"Encens Bakhour Muattar Ashiq 50g \u2013 Hamidi\"}]},{\"@type\":\"WebSite\",\"@id\":\"https:\\\/\\\/www.parfumerie-arabe.com\\\/#website\",\"url\":\"https:\\\/\\\/www.parfumerie-arabe.com\\\/\",\"name\":\"Parfumerie Arabe\",\"description\":\"\",\"publisher\":{\"@id\":\"https:\\\/\\\/www.parfumerie-arabe.com\\\/#organization\"},\"potentialAction\":[{\"@type\":\"SearchAction\",\"target\":{\"@type\":\"EntryPoint\",\"urlTemplate\":\"https:\\\/\\\/www.parfumerie-arabe.com\\\/?s={search_term_string}\"},\"query-input\":{\"@type\":\"PropertyValueSpecification\",\"valueRequired\":true,\"valueName\":\"search_term_string\"}}],\"inLanguage\":\"de\"},{\"@type\":\"Organization\",\"@id\":\"https:\\\/\\\/www.parfumerie-arabe.com\\\/#organization\",\"name\":\"Parfumerie arabe\",\"url\":\"https:\\\/\\\/www.parfumerie-arabe.com\\\/\",\"logo\":{\"@type\":\"ImageObject\",\"inLanguage\":\"de\",\"@id\":\"https:\\\/\\\/www.parfumerie-arabe.com\\\/#\\\/schema\\\/logo\\\/image\\\/\",\"url\":\"https:\\\/\\\/www.parfumerie-arabe.com\\\/wp-content\\\/uploads\\\/2022\\\/08\\\/logo-parfumerie-arabe.png\",\"contentUrl\":\"https:\\\/\\\/www.parfumerie-arabe.com\\\/wp-content\\\/uploads\\\/2022\\\/08\\\/logo-parfumerie-arabe.png\",\"width\":600,\"height\":171,\"caption\":\"Parfumerie arabe\"},\"image\":{\"@id\":\"https:\\\/\\\/www.parfumerie-arabe.com\\\/#\\\/schema\\\/logo\\\/image\\\/\"}}]}<\/script>\n<!-- \/ Yoast SEO plugin. -->","yoast_head_json":{"title":"Bakhour Muattar Ashiq Weihrauch 50g - Hamidi - Arabische D\u00fcfte","robots":{"index":"index","follow":"follow","max-snippet":"max-snippet:-1","max-image-preview":"max-image-preview:large","max-video-preview":"max-video-preview:-1"},"canonical":"https:\/\/www.parfumerie-arabe.com\/de\/produkt\/bakhour-raucherstabchen-muattar-ashiq\/","og_locale":"de_DE","og_type":"article","og_title":"Encens Bakhour Muattar Ashiq 50g \u2013 Hamidi - Parfumerie Arabe","og_description":"Bakhour Mamoul Muattar Al Ashiq :  V\u00e9ritables copeaux de bois d\u2019agar impr\u00e9gn\u00e9s de fragrance  Note de t\u00eate :\u00a0Patchouli, Rose, G\u00e9ranium Note de c\u0153ur :\u00a0Bois de santal Note de fond\u00a0: Ambre","og_url":"https:\/\/www.parfumerie-arabe.com\/de\/produkt\/bakhour-raucherstabchen-muattar-ashiq\/","og_site_name":"Parfumerie Arabe","article_modified_time":"2025-11-17T20:00:35+00:00","og_image":[{"width":600,"height":600,"url":"https:\/\/www.parfumerie-arabe.com\/wp-content\/uploads\/2023\/12\/mamoul-ashiq-bakhour-bakhoor.jpg","type":"image\/jpeg"}],"twitter_card":"summary_large_image","schema":{"@context":"https:\/\/schema.org","@graph":[{"@type":"WebPage","@id":"https:\/\/www.parfumerie-arabe.com\/produit\/encens-bakhour-muattar-ashiq\/","url":"https:\/\/www.parfumerie-arabe.com\/produit\/encens-bakhour-muattar-ashiq\/","name":"Bakhour Muattar Ashiq Weihrauch 50g - Hamidi - Arabische D\u00fcfte","isPartOf":{"@id":"https:\/\/www.parfumerie-arabe.com\/#website"},"primaryImageOfPage":{"@id":"https:\/\/www.parfumerie-arabe.com\/produit\/encens-bakhour-muattar-ashiq\/#primaryimage"},"image":{"@id":"https:\/\/www.parfumerie-arabe.com\/produit\/encens-bakhour-muattar-ashiq\/#primaryimage"},"thumbnailUrl":"https:\/\/www.parfumerie-arabe.com\/wp-content\/uploads\/2023\/12\/mamoul-ashiq-bakhour-bakhoor.jpg","datePublished":"2023-12-20T14:38:23+00:00","dateModified":"2025-11-17T20:00:35+00:00","breadcrumb":{"@id":"https:\/\/www.parfumerie-arabe.com\/produit\/encens-bakhour-muattar-ashiq\/#breadcrumb"},"inLanguage":"de","potentialAction":[{"@type":"ReadAction","target":["https:\/\/www.parfumerie-arabe.com\/produit\/encens-bakhour-muattar-ashiq\/"]}]},{"@type":"ImageObject","inLanguage":"de","@id":"https:\/\/www.parfumerie-arabe.com\/produit\/encens-bakhour-muattar-ashiq\/#primaryimage","url":"https:\/\/www.parfumerie-arabe.com\/wp-content\/uploads\/2023\/12\/mamoul-ashiq-bakhour-bakhoor.jpg","contentUrl":"https:\/\/www.parfumerie-arabe.com\/wp-content\/uploads\/2023\/12\/mamoul-ashiq-bakhour-bakhoor.jpg","width":600,"height":600,"caption":"Encens Bakhour Muattar Ashiq 50g \u2013 Hamidi"},{"@type":"BreadcrumbList","@id":"https:\/\/www.parfumerie-arabe.com\/produit\/encens-bakhour-muattar-ashiq\/#breadcrumb","itemListElement":[{"@type":"ListItem","position":1,"name":"Accueil","item":"https:\/\/www.parfumerie-arabe.com\/"},{"@type":"ListItem","position":2,"name":"Boutique","item":"https:\/\/www.parfumerie-arabe.com\/boutique\/"},{"@type":"ListItem","position":3,"name":"Encens Bakhour Muattar Ashiq 50g \u2013 Hamidi"}]},{"@type":"WebSite","@id":"https:\/\/www.parfumerie-arabe.com\/#website","url":"https:\/\/www.parfumerie-arabe.com\/","name":"Arabische Parf\u00fcmerie","description":"","publisher":{"@id":"https:\/\/www.parfumerie-arabe.com\/#organization"},"potentialAction":[{"@type":"SearchAction","target":{"@type":"EntryPoint","urlTemplate":"https:\/\/www.parfumerie-arabe.com\/?s={search_term_string}"},"query-input":{"@type":"PropertyValueSpecification","valueRequired":true,"valueName":"search_term_string"}}],"inLanguage":"de"},{"@type":"Organization","@id":"https:\/\/www.parfumerie-arabe.com\/#organization","name":"Arabische Parf\u00fcmerie","url":"https:\/\/www.parfumerie-arabe.com\/","logo":{"@type":"ImageObject","inLanguage":"de","@id":"https:\/\/www.parfumerie-arabe.com\/#\/schema\/logo\/image\/","url":"https:\/\/www.parfumerie-arabe.com\/wp-content\/uploads\/2022\/08\/logo-parfumerie-arabe.png","contentUrl":"https:\/\/www.parfumerie-arabe.com\/wp-content\/uploads\/2022\/08\/logo-parfumerie-arabe.png","width":600,"height":171,"caption":"Parfumerie arabe"},"image":{"@id":"https:\/\/www.parfumerie-arabe.com\/#\/schema\/logo\/image\/"}}]}},"_links":{"self":[{"href":"https:\/\/www.parfumerie-arabe.com\/de\/wp-json\/wp\/v2\/product\/2516","targetHints":{"allow":["GET"]}}],"collection":[{"href":"https:\/\/www.parfumerie-arabe.com\/de\/wp-json\/wp\/v2\/product"}],"about":[{"href":"https:\/\/www.parfumerie-arabe.com\/de\/wp-json\/wp\/v2\/types\/product"}],"wp:featuredmedia":[{"embeddable":true,"href":"https:\/\/www.parfumerie-arabe.com\/de\/wp-json\/wp\/v2\/media\/2517"}],"wp:attachment":[{"href":"https:\/\/www.parfumerie-arabe.com\/de\/wp-json\/wp\/v2\/media?parent=2516"}],"wp:term":[{"taxonomy":"product_brand","embeddable":true,"href":"https:\/\/www.parfumerie-arabe.com\/de\/wp-json\/wp\/v2\/product_brand?post=2516"},{"taxonomy":"product_cat","embeddable":true,"href":"https:\/\/www.parfumerie-arabe.com\/de\/wp-json\/wp\/v2\/product_cat?post=2516"},{"taxonomy":"product_tag","embeddable":true,"href":"https:\/\/www.parfumerie-arabe.com\/de\/wp-json\/wp\/v2\/product_tag?post=2516"}],"curies":[{"name":"wp","href":"https:\/\/api.w.org\/{rel}","templated":true}]}}