{"id":2671,"date":"2024-01-18T11:18:28","date_gmt":"2024-01-18T11:18:28","guid":{"rendered":"https:\/\/www.parfumerie-arabe.com\/?post_type=product&#038;p=2671"},"modified":"2025-11-12T11:01:10","modified_gmt":"2025-11-12T11:01:10","slug":"milky-oud-romancea-wasser","status":"publish","type":"product","link":"https:\/\/www.parfumerie-arabe.com\/de\/produit\/eau-de-milky-oud-romancea\/","title":{"rendered":"Milky Oud Romancea 100ml - Lattafa"},"content":{"rendered":"","protected":false},"excerpt":{"rendered":"<p>Lakritziges Oud-Parfum Romancea<\/p>\n<p><b>Geruchsnoten :\u00a0<\/b><\/p>\n<p><strong>Kopfnoten :<\/strong>\u00a0Bergamotte, Mandarinen, Schwarze Johannisbeere<br \/>\n<strong>Herznoten :<\/strong>\u00a0Zimt, Jasmin, Ylang-Ylang, Gardenien, W\u00fcrzige Noten<br \/>\n<strong>Basisnoten :<\/strong>\u00a0Amber, Sandelholz, Oud, Patchouli, Weihrauch<\/p>\n<p><strong>Genre<\/strong>\u00a0: Gemischt.<\/p>","protected":false},"featured_media":2672,"template":"","meta":[],"product_brand":[],"product_cat":[166,160,15,162],"product_tag":[],"class_list":{"0":"post-2671","1":"product","2":"type-product","3":"status-publish","4":"has-post-thumbnail","6":"product_cat-eaux-de-milky","7":"product_cat-parfum-femme","8":"product_cat-parfum-homme","9":"product_cat-parfums-mixtes","11":"first","12":"outofstock","13":"taxable","14":"shipping-taxable","15":"purchasable","16":"product-type-simple"},"yoast_head":"<!-- This site is optimized with the Yoast SEO plugin v27.4 - https:\/\/yoast.com\/product\/yoast-seo-wordpress\/ -->\n<title>Eau de milky Oud Romancea 100ml \u2013 Lattafa - Parfumerie Arabe<\/title>\n<meta name=\"robots\" content=\"index, follow, max-snippet:-1, max-image-preview:large, max-video-preview:-1\" \/>\n<link rel=\"canonical\" href=\"https:\/\/www.parfumerie-arabe.com\/de\/produkt\/milky-oud-romancea-wasser\/\" \/>\n<meta property=\"og:locale\" content=\"de_DE\" \/>\n<meta property=\"og:type\" content=\"article\" \/>\n<meta property=\"og:title\" content=\"Eau de milky Oud Romancea 100ml \u2013 Lattafa - Parfumerie Arabe\" \/>\n<meta property=\"og:description\" content=\"Parfum Lact\u00e9 Oud Romancea  Notes olfactives :\u00a0  Notes de t\u00eate :\u00a0Bergamote, Mandarines, Cassis Notes de coeur :\u00a0Cannelle, Jasmin, Ylang-ylang, Gard\u00e9nias, Notes \u00c9pic\u00e9es Notes de fond :\u00a0Ambre, Bois de Santal, Oud, Patchouli, Encens  Genre\u00a0: Mixte.\" \/>\n<meta property=\"og:url\" content=\"https:\/\/www.parfumerie-arabe.com\/de\/produkt\/milky-oud-romancea-wasser\/\" \/>\n<meta property=\"og:site_name\" content=\"Parfumerie Arabe\" \/>\n<meta property=\"article:modified_time\" content=\"2025-11-12T11:01:10+00:00\" \/>\n<meta property=\"og:image\" content=\"https:\/\/www.parfumerie-arabe.com\/wp-content\/uploads\/2024\/04\/Eau-de-milky-Oud-Romancea-100ml-\u2013-Lattafa.jpg\" \/>\n\t<meta property=\"og:image:width\" content=\"600\" \/>\n\t<meta property=\"og:image:height\" content=\"600\" \/>\n\t<meta property=\"og:image:type\" content=\"image\/jpeg\" \/>\n<meta name=\"twitter:card\" content=\"summary_large_image\" \/>\n<meta name=\"twitter:label1\" content=\"Gesch\u00e4tzte Lesezeit\" \/>\n\t<meta name=\"twitter:data1\" content=\"1\u00a0Minute\" \/>\n<script type=\"application\/ld+json\" class=\"yoast-schema-graph\">{\"@context\":\"https:\\\/\\\/schema.org\",\"@graph\":[{\"@type\":\"WebPage\",\"@id\":\"https:\\\/\\\/www.parfumerie-arabe.com\\\/produit\\\/eau-de-milky-oud-romancea\\\/\",\"url\":\"https:\\\/\\\/www.parfumerie-arabe.com\\\/produit\\\/eau-de-milky-oud-romancea\\\/\",\"name\":\"Eau de milky Oud Romancea 100ml \u2013 Lattafa - Parfumerie Arabe\",\"isPartOf\":{\"@id\":\"https:\\\/\\\/www.parfumerie-arabe.com\\\/#website\"},\"primaryImageOfPage\":{\"@id\":\"https:\\\/\\\/www.parfumerie-arabe.com\\\/produit\\\/eau-de-milky-oud-romancea\\\/#primaryimage\"},\"image\":{\"@id\":\"https:\\\/\\\/www.parfumerie-arabe.com\\\/produit\\\/eau-de-milky-oud-romancea\\\/#primaryimage\"},\"thumbnailUrl\":\"https:\\\/\\\/www.parfumerie-arabe.com\\\/wp-content\\\/uploads\\\/2024\\\/04\\\/Eau-de-milky-Oud-Romancea-100ml-\u2013-Lattafa.jpg\",\"datePublished\":\"2024-01-18T11:18:28+00:00\",\"dateModified\":\"2025-11-12T11:01:10+00:00\",\"breadcrumb\":{\"@id\":\"https:\\\/\\\/www.parfumerie-arabe.com\\\/produit\\\/eau-de-milky-oud-romancea\\\/#breadcrumb\"},\"inLanguage\":\"de\",\"potentialAction\":[{\"@type\":\"ReadAction\",\"target\":[\"https:\\\/\\\/www.parfumerie-arabe.com\\\/produit\\\/eau-de-milky-oud-romancea\\\/\"]}]},{\"@type\":\"ImageObject\",\"inLanguage\":\"de\",\"@id\":\"https:\\\/\\\/www.parfumerie-arabe.com\\\/produit\\\/eau-de-milky-oud-romancea\\\/#primaryimage\",\"url\":\"https:\\\/\\\/www.parfumerie-arabe.com\\\/wp-content\\\/uploads\\\/2024\\\/04\\\/Eau-de-milky-Oud-Romancea-100ml-\u2013-Lattafa.jpg\",\"contentUrl\":\"https:\\\/\\\/www.parfumerie-arabe.com\\\/wp-content\\\/uploads\\\/2024\\\/04\\\/Eau-de-milky-Oud-Romancea-100ml-\u2013-Lattafa.jpg\",\"width\":600,\"height\":600,\"caption\":\"Eau de milky Oud Romancea 100ml \u2013 Lattafa\"},{\"@type\":\"BreadcrumbList\",\"@id\":\"https:\\\/\\\/www.parfumerie-arabe.com\\\/produit\\\/eau-de-milky-oud-romancea\\\/#breadcrumb\",\"itemListElement\":[{\"@type\":\"ListItem\",\"position\":1,\"name\":\"Accueil\",\"item\":\"https:\\\/\\\/www.parfumerie-arabe.com\\\/\"},{\"@type\":\"ListItem\",\"position\":2,\"name\":\"Boutique\",\"item\":\"https:\\\/\\\/www.parfumerie-arabe.com\\\/boutique\\\/\"},{\"@type\":\"ListItem\",\"position\":3,\"name\":\"Eau de milky Oud Romancea 100ml \u2013 Lattafa\"}]},{\"@type\":\"WebSite\",\"@id\":\"https:\\\/\\\/www.parfumerie-arabe.com\\\/#website\",\"url\":\"https:\\\/\\\/www.parfumerie-arabe.com\\\/\",\"name\":\"Parfumerie Arabe\",\"description\":\"\",\"publisher\":{\"@id\":\"https:\\\/\\\/www.parfumerie-arabe.com\\\/#organization\"},\"potentialAction\":[{\"@type\":\"SearchAction\",\"target\":{\"@type\":\"EntryPoint\",\"urlTemplate\":\"https:\\\/\\\/www.parfumerie-arabe.com\\\/?s={search_term_string}\"},\"query-input\":{\"@type\":\"PropertyValueSpecification\",\"valueRequired\":true,\"valueName\":\"search_term_string\"}}],\"inLanguage\":\"de\"},{\"@type\":\"Organization\",\"@id\":\"https:\\\/\\\/www.parfumerie-arabe.com\\\/#organization\",\"name\":\"Parfumerie arabe\",\"url\":\"https:\\\/\\\/www.parfumerie-arabe.com\\\/\",\"logo\":{\"@type\":\"ImageObject\",\"inLanguage\":\"de\",\"@id\":\"https:\\\/\\\/www.parfumerie-arabe.com\\\/#\\\/schema\\\/logo\\\/image\\\/\",\"url\":\"https:\\\/\\\/www.parfumerie-arabe.com\\\/wp-content\\\/uploads\\\/2022\\\/08\\\/logo-parfumerie-arabe.png\",\"contentUrl\":\"https:\\\/\\\/www.parfumerie-arabe.com\\\/wp-content\\\/uploads\\\/2022\\\/08\\\/logo-parfumerie-arabe.png\",\"width\":600,\"height\":171,\"caption\":\"Parfumerie arabe\"},\"image\":{\"@id\":\"https:\\\/\\\/www.parfumerie-arabe.com\\\/#\\\/schema\\\/logo\\\/image\\\/\"}}]}<\/script>\n<!-- \/ Yoast SEO plugin. -->","yoast_head_json":{"title":"Milky Oud Romancea Eau de milky 100ml - Lattafa - Arabische Parf\u00fcmerie","robots":{"index":"index","follow":"follow","max-snippet":"max-snippet:-1","max-image-preview":"max-image-preview:large","max-video-preview":"max-video-preview:-1"},"canonical":"https:\/\/www.parfumerie-arabe.com\/de\/produkt\/milky-oud-romancea-wasser\/","og_locale":"de_DE","og_type":"article","og_title":"Eau de milky Oud Romancea 100ml \u2013 Lattafa - Parfumerie Arabe","og_description":"Parfum Lact\u00e9 Oud Romancea  Notes olfactives :\u00a0  Notes de t\u00eate :\u00a0Bergamote, Mandarines, Cassis Notes de coeur :\u00a0Cannelle, Jasmin, Ylang-ylang, Gard\u00e9nias, Notes \u00c9pic\u00e9es Notes de fond :\u00a0Ambre, Bois de Santal, Oud, Patchouli, Encens  Genre\u00a0: Mixte.","og_url":"https:\/\/www.parfumerie-arabe.com\/de\/produkt\/milky-oud-romancea-wasser\/","og_site_name":"Parfumerie Arabe","article_modified_time":"2025-11-12T11:01:10+00:00","og_image":[{"width":600,"height":600,"url":"https:\/\/www.parfumerie-arabe.com\/wp-content\/uploads\/2024\/04\/Eau-de-milky-Oud-Romancea-100ml-\u2013-Lattafa.jpg","type":"image\/jpeg"}],"twitter_card":"summary_large_image","twitter_misc":{"Gesch\u00e4tzte Lesezeit":"1\u00a0Minute"},"schema":{"@context":"https:\/\/schema.org","@graph":[{"@type":"WebPage","@id":"https:\/\/www.parfumerie-arabe.com\/produit\/eau-de-milky-oud-romancea\/","url":"https:\/\/www.parfumerie-arabe.com\/produit\/eau-de-milky-oud-romancea\/","name":"Milky Oud Romancea Eau de milky 100ml - Lattafa - Arabische Parf\u00fcmerie","isPartOf":{"@id":"https:\/\/www.parfumerie-arabe.com\/#website"},"primaryImageOfPage":{"@id":"https:\/\/www.parfumerie-arabe.com\/produit\/eau-de-milky-oud-romancea\/#primaryimage"},"image":{"@id":"https:\/\/www.parfumerie-arabe.com\/produit\/eau-de-milky-oud-romancea\/#primaryimage"},"thumbnailUrl":"https:\/\/www.parfumerie-arabe.com\/wp-content\/uploads\/2024\/04\/Eau-de-milky-Oud-Romancea-100ml-\u2013-Lattafa.jpg","datePublished":"2024-01-18T11:18:28+00:00","dateModified":"2025-11-12T11:01:10+00:00","breadcrumb":{"@id":"https:\/\/www.parfumerie-arabe.com\/produit\/eau-de-milky-oud-romancea\/#breadcrumb"},"inLanguage":"de","potentialAction":[{"@type":"ReadAction","target":["https:\/\/www.parfumerie-arabe.com\/produit\/eau-de-milky-oud-romancea\/"]}]},{"@type":"ImageObject","inLanguage":"de","@id":"https:\/\/www.parfumerie-arabe.com\/produit\/eau-de-milky-oud-romancea\/#primaryimage","url":"https:\/\/www.parfumerie-arabe.com\/wp-content\/uploads\/2024\/04\/Eau-de-milky-Oud-Romancea-100ml-\u2013-Lattafa.jpg","contentUrl":"https:\/\/www.parfumerie-arabe.com\/wp-content\/uploads\/2024\/04\/Eau-de-milky-Oud-Romancea-100ml-\u2013-Lattafa.jpg","width":600,"height":600,"caption":"Eau de milky Oud Romancea 100ml \u2013 Lattafa"},{"@type":"BreadcrumbList","@id":"https:\/\/www.parfumerie-arabe.com\/produit\/eau-de-milky-oud-romancea\/#breadcrumb","itemListElement":[{"@type":"ListItem","position":1,"name":"Accueil","item":"https:\/\/www.parfumerie-arabe.com\/"},{"@type":"ListItem","position":2,"name":"Boutique","item":"https:\/\/www.parfumerie-arabe.com\/boutique\/"},{"@type":"ListItem","position":3,"name":"Eau de milky Oud Romancea 100ml \u2013 Lattafa"}]},{"@type":"WebSite","@id":"https:\/\/www.parfumerie-arabe.com\/#website","url":"https:\/\/www.parfumerie-arabe.com\/","name":"Arabische Parf\u00fcmerie","description":"","publisher":{"@id":"https:\/\/www.parfumerie-arabe.com\/#organization"},"potentialAction":[{"@type":"SearchAction","target":{"@type":"EntryPoint","urlTemplate":"https:\/\/www.parfumerie-arabe.com\/?s={search_term_string}"},"query-input":{"@type":"PropertyValueSpecification","valueRequired":true,"valueName":"search_term_string"}}],"inLanguage":"de"},{"@type":"Organization","@id":"https:\/\/www.parfumerie-arabe.com\/#organization","name":"Arabische Parf\u00fcmerie","url":"https:\/\/www.parfumerie-arabe.com\/","logo":{"@type":"ImageObject","inLanguage":"de","@id":"https:\/\/www.parfumerie-arabe.com\/#\/schema\/logo\/image\/","url":"https:\/\/www.parfumerie-arabe.com\/wp-content\/uploads\/2022\/08\/logo-parfumerie-arabe.png","contentUrl":"https:\/\/www.parfumerie-arabe.com\/wp-content\/uploads\/2022\/08\/logo-parfumerie-arabe.png","width":600,"height":171,"caption":"Parfumerie arabe"},"image":{"@id":"https:\/\/www.parfumerie-arabe.com\/#\/schema\/logo\/image\/"}}]}},"_links":{"self":[{"href":"https:\/\/www.parfumerie-arabe.com\/de\/wp-json\/wp\/v2\/product\/2671","targetHints":{"allow":["GET"]}}],"collection":[{"href":"https:\/\/www.parfumerie-arabe.com\/de\/wp-json\/wp\/v2\/product"}],"about":[{"href":"https:\/\/www.parfumerie-arabe.com\/de\/wp-json\/wp\/v2\/types\/product"}],"wp:featuredmedia":[{"embeddable":true,"href":"https:\/\/www.parfumerie-arabe.com\/de\/wp-json\/wp\/v2\/media\/2672"}],"wp:attachment":[{"href":"https:\/\/www.parfumerie-arabe.com\/de\/wp-json\/wp\/v2\/media?parent=2671"}],"wp:term":[{"taxonomy":"product_brand","embeddable":true,"href":"https:\/\/www.parfumerie-arabe.com\/de\/wp-json\/wp\/v2\/product_brand?post=2671"},{"taxonomy":"product_cat","embeddable":true,"href":"https:\/\/www.parfumerie-arabe.com\/de\/wp-json\/wp\/v2\/product_cat?post=2671"},{"taxonomy":"product_tag","embeddable":true,"href":"https:\/\/www.parfumerie-arabe.com\/de\/wp-json\/wp\/v2\/product_tag?post=2671"}],"curies":[{"name":"wp","href":"https:\/\/api.w.org\/{rel}","templated":true}]}}