{"id":274,"date":"2022-08-20T17:14:36","date_gmt":"2022-08-20T17:14:36","guid":{"rendered":"https:\/\/www.parfumerie-arabe.com\/?post_type=product&#038;p=274"},"modified":"2025-09-09T12:22:29","modified_gmt":"2025-09-09T12:22:29","slug":"bussma-95ml-arabian-oud","status":"publish","type":"product","link":"https:\/\/www.parfumerie-arabe.com\/de\/produit\/bussma-95ml-arabian-oud\/","title":{"rendered":"Bussma 95ml - Arabian Oud"},"content":{"rendered":"<p>Bussma von Arabian Oud ist ein Parfum, in dem sich Gourmandigkeit und Frische mit orientalischen D\u00fcften vermischen. F\u00fcr M\u00e4nner gemacht, wird er sehr schnell zu Ihrem Must-have werden\u00a0<strong>Trumpfkarte der Verf\u00fchrung<\/strong>. Denn er wird zweifellos Ihre M\u00e4nnlichkeit und Ihren Charme unterstreichen. Mit diesem Duft wird Ihnen alles zufliegen!<\/p>\n<h2><strong>Bussma von Arabian Oud: eine frische und k\u00f6stliche orientalische Symphonie<\/strong><\/h2>\n<p>Diese Duftkomposition beginnt das Staunen mit der\u00a0<strong>sprudelnde<\/strong>\u00a0bergamotte. Sie kommt peppig an den Arm des kr\u00e4ftigen Ambers. So wird schon in den ersten Sekunden der Ton angegeben: Hier werden Sie sich in einem Universum befinden.\u00a0<strong>frisch und tief<\/strong>. Aber das ist nur die Einleitung f\u00fcr die Fortsetzung, die meisterhaft und wunderbar sein wird.<\/p>\n<p>Denn zuerst werden Sie von einem Jasminwind geblendet, der sanft die\u00a0<strong>Holznoten <\/strong>und\u00a0<strong>Moschus<\/strong>.<\/p>\n<p>Und im selben Moment werden Sie sich der Gourmet-H\u00fclle bewusst, die diese ganze Kreation umgibt. So sind es Vanille, dann Tonkabohne und schlie\u00dflich Praline, die \u00fcppig und mit Safran best\u00e4ubt an Ihnen vorbeiziehen. Dieses Ensemble\u00a0<strong>Kosten<\/strong>,\u00a0<strong>gourmandig und holzig<\/strong>\u00a0ist einer von denen, die Sie schon beim ersten Spr\u00fchen als\u00a0<a href=\"https:\/\/www.parfumerie-arabe.com\/de\/produkt\/woody-oud-haus-alhambra\/\"><strong>Woody Oud<\/strong><\/a>\u00a0von Haus Alhambra.<\/p>\n<p>So werden die tiefen D\u00fcfte auf subtile und nat\u00fcrliche Weise eins mit Ihnen. So wird dieser Duft zu Ihrer Signatur, wohin Sie auch gehen.<\/p>\n<h2><strong>Bussma von Arabian Oud: ein majest\u00e4tischer Flakon<\/strong><\/h2>\n<p>Diese Flasche ist eine\u00a0<strong>Kunstwerk<\/strong>\u00a0f\u00fcr sich allein. Denn seine imposante Form und seine Materialien machen ihn zu einem Beh\u00e4lter\u00a0<strong>schick und originell<\/strong>. Au\u00dferdem erinnern seine rechteckigen Konturen an die Kraft und Stabilit\u00e4t, die Sie auszeichnen, wie die des Beh\u00e4lters von\u00a0<strong>Asateer\u00a0<\/strong>von Lattafa. Die Kombination von Glas und Silber sorgt jedoch f\u00fcr das elegante Aussehen.<\/p>\n<p>Denn auf den ersten Blick werden Sie erkennen, dass das Elixier, das in dieser Flasche enthalten ist, von einem\u00a0<strong>Spitzenqualit\u00e4t<\/strong>.<\/p>\n<p>Ein Nektar mit einer transparenten Farbe, der keine Tricks braucht, um zu gl\u00e4nzen. Denn wie Ihr Charisma und Ihr Charme will diese Komposition\u00a0<strong>nat\u00fcrlich<\/strong>und zu Ihrer Pers\u00f6nlichkeit passen.<\/p>\n<p>So repr\u00e4sentiert diese Flasche denjenigen, f\u00fcr den sie gemacht wurde. Ein Mann\u00a0<strong>stark<\/strong>,\u00a0<strong>selbstbewusst<\/strong>\u00a0und\u00a0<strong>verf\u00fchrerisch<\/strong>. So werden alle, die sie annehmen, in diese Kategorie fallen. Denn sobald sie sich mit dem darin enthaltenen Nektar bekleiden, wird ihr Selbstbewusstsein um ein Vielfaches gesteigert.<\/p>\n<h3><strong>Unsere Tipps f\u00fcr eine gute Parf\u00fcmierung<\/strong><\/h3>\n<p>Dieser maskuline Duft hat einen\u00a0<strong>langer Kielwasser <\/strong>die den Zauber stundenlang anhalten l\u00e4sst. Wir empfehlen, die hei\u00dfen Stellen mit dem Spray zu bespr\u00fchen. Wir sprechen hier von\u00a0<strong>Pulspunkte<\/strong>\u00a0die es den bet\u00f6renden Essenzen erm\u00f6glichen, sich nachhaltig zu verteilen. W\u00e4hlen Sie in erster Linie den Schlag, den\u00a0<strong>Mitte Ihrer Brust<\/strong>\u00a0und Ihre\u00a0<strong>Handgelenke<\/strong>.<\/p>\n<p>Auf diese Weise wird der Effekt verdoppelt. Aber auch andere Stellen, die oft vergessen werden, verdienen besondere Aufmerksamkeit. Das kann hinter den Knien, hinter den Ohren oder an Stellen sein, an denen Sie den Herzschlag sp\u00fcren.<\/p>\n<p>Au\u00dferdem k\u00f6nnen Sie zus\u00e4tzlich eine Parf\u00fcmierung durch\u00a0<strong>Wolke<\/strong>. Das hei\u00dft, Sie spr\u00fchen 2 bis 3 Mal vor sich hin.<\/p>\n<p>Dann bewegen Sie sich in dieser Duftwolke vorw\u00e4rts. So parf\u00fcmieren Sie subtil Ihren gesamten Oberk\u00f6rper einschlie\u00dflich Ihres Haares.<\/p>\n<p>Aber, wenn Sie es vorziehen, eine\u00a0<a href=\"https:\/\/www.parfumerie-arabe.com\/de\/sammlung\/duftnebel\/\"><strong>Duftnebel<\/strong><\/a>\u00a0in Verbindung mit Bussma wird ebenso perfekt sein. Ebenso kann ein\u00a0<strong>Haarmist<\/strong>\u00a0der sich wunderbar mit Ihrem Tageselixier mischen l\u00e4sst.<\/p>","protected":false},"excerpt":{"rendered":"<p><strong>Geruchsnoten :<\/strong><\/p>\n<p><strong>Kopfnoten :<\/strong>\u00a0Bergamotte, Bernstein<br \/>\n<strong>Herznoten :<\/strong>\u00a0Jasmin, Safran, Vanille<br \/>\n<strong>Basisnoten :<\/strong>\u00a0Zedernholz, Tonkabohne, Moschus, Praline<\/p>\n<p><strong>Genre :<\/strong> M\u00e4nnlich.<\/p>","protected":false},"featured_media":323,"template":"","meta":[],"product_brand":[],"product_cat":[36,15],"product_tag":[],"class_list":{"0":"post-274","1":"product","2":"type-product","3":"status-publish","4":"has-post-thumbnail","6":"product_cat-arabian-oud","7":"product_cat-parfum-homme","9":"first","10":"outofstock","11":"taxable","12":"shipping-taxable","13":"purchasable","14":"product-type-simple"},"yoast_head":"<!-- This site is optimized with the Yoast SEO plugin v27.5 - https:\/\/yoast.com\/product\/yoast-seo-wordpress\/ -->\n<title>Bussma I Fragrance orientale 95ml I Arabian Oud<\/title>\n<meta name=\"description\" content=\"Bussma d\u2019Arabian Oud est un parfum o\u00f9 la gourmandise et la fraicheur se m\u00ealent aux senteurs orientales. Parfum masculin de haute qualit\u00e9 !\" \/>\n<meta name=\"robots\" content=\"index, follow, max-snippet:-1, max-image-preview:large, max-video-preview:-1\" \/>\n<link rel=\"canonical\" href=\"https:\/\/www.parfumerie-arabe.com\/de\/produkt\/bussma-95ml-arabian-oud\/\" \/>\n<meta property=\"og:locale\" content=\"de_DE\" \/>\n<meta property=\"og:type\" content=\"article\" \/>\n<meta property=\"og:title\" content=\"Bussma I Fragrance orientale 95ml I Arabian Oud\" \/>\n<meta property=\"og:description\" content=\"Bussma d\u2019Arabian Oud est un parfum o\u00f9 la gourmandise et la fraicheur se m\u00ealent aux senteurs orientales. Parfum masculin de haute qualit\u00e9 !\" \/>\n<meta property=\"og:url\" content=\"https:\/\/www.parfumerie-arabe.com\/de\/produkt\/bussma-95ml-arabian-oud\/\" \/>\n<meta property=\"og:site_name\" content=\"Parfumerie Arabe\" \/>\n<meta property=\"article:modified_time\" content=\"2025-09-09T12:22:29+00:00\" \/>\n<meta property=\"og:image\" content=\"https:\/\/www.parfumerie-arabe.com\/wp-content\/uploads\/2022\/08\/parfum-bussma-arabian-oud.jpg\" \/>\n\t<meta property=\"og:image:width\" content=\"600\" \/>\n\t<meta property=\"og:image:height\" content=\"600\" \/>\n\t<meta property=\"og:image:type\" content=\"image\/jpeg\" \/>\n<meta name=\"twitter:card\" content=\"summary_large_image\" \/>\n<meta name=\"twitter:label1\" content=\"Gesch\u00e4tzte Lesezeit\" \/>\n\t<meta name=\"twitter:data1\" content=\"3\u00a0Minuten\" \/>\n<script type=\"application\/ld+json\" class=\"yoast-schema-graph\">{\"@context\":\"https:\\\/\\\/schema.org\",\"@graph\":[{\"@type\":\"WebPage\",\"@id\":\"https:\\\/\\\/www.parfumerie-arabe.com\\\/produit\\\/bussma-95ml-arabian-oud\\\/\",\"url\":\"https:\\\/\\\/www.parfumerie-arabe.com\\\/produit\\\/bussma-95ml-arabian-oud\\\/\",\"name\":\"Bussma I Fragrance orientale 95ml I Arabian Oud\",\"isPartOf\":{\"@id\":\"https:\\\/\\\/www.parfumerie-arabe.com\\\/#website\"},\"primaryImageOfPage\":{\"@id\":\"https:\\\/\\\/www.parfumerie-arabe.com\\\/produit\\\/bussma-95ml-arabian-oud\\\/#primaryimage\"},\"image\":{\"@id\":\"https:\\\/\\\/www.parfumerie-arabe.com\\\/produit\\\/bussma-95ml-arabian-oud\\\/#primaryimage\"},\"thumbnailUrl\":\"https:\\\/\\\/www.parfumerie-arabe.com\\\/wp-content\\\/uploads\\\/2022\\\/08\\\/parfum-bussma-arabian-oud.jpg\",\"datePublished\":\"2022-08-20T17:14:36+00:00\",\"dateModified\":\"2025-09-09T12:22:29+00:00\",\"description\":\"Bussma d\u2019Arabian Oud est un parfum o\u00f9 la gourmandise et la fraicheur se m\u00ealent aux senteurs orientales. Parfum masculin de haute qualit\u00e9 !\",\"breadcrumb\":{\"@id\":\"https:\\\/\\\/www.parfumerie-arabe.com\\\/produit\\\/bussma-95ml-arabian-oud\\\/#breadcrumb\"},\"inLanguage\":\"de\",\"potentialAction\":[{\"@type\":\"ReadAction\",\"target\":[\"https:\\\/\\\/www.parfumerie-arabe.com\\\/produit\\\/bussma-95ml-arabian-oud\\\/\"]}]},{\"@type\":\"ImageObject\",\"inLanguage\":\"de\",\"@id\":\"https:\\\/\\\/www.parfumerie-arabe.com\\\/produit\\\/bussma-95ml-arabian-oud\\\/#primaryimage\",\"url\":\"https:\\\/\\\/www.parfumerie-arabe.com\\\/wp-content\\\/uploads\\\/2022\\\/08\\\/parfum-bussma-arabian-oud.jpg\",\"contentUrl\":\"https:\\\/\\\/www.parfumerie-arabe.com\\\/wp-content\\\/uploads\\\/2022\\\/08\\\/parfum-bussma-arabian-oud.jpg\",\"width\":600,\"height\":600,\"caption\":\"Bussma 95ml - Arabian Oud\"},{\"@type\":\"BreadcrumbList\",\"@id\":\"https:\\\/\\\/www.parfumerie-arabe.com\\\/produit\\\/bussma-95ml-arabian-oud\\\/#breadcrumb\",\"itemListElement\":[{\"@type\":\"ListItem\",\"position\":1,\"name\":\"Accueil\",\"item\":\"https:\\\/\\\/www.parfumerie-arabe.com\\\/\"},{\"@type\":\"ListItem\",\"position\":2,\"name\":\"Boutique\",\"item\":\"https:\\\/\\\/www.parfumerie-arabe.com\\\/boutique\\\/\"},{\"@type\":\"ListItem\",\"position\":3,\"name\":\"Bussma 95ml &#8211; Arabian Oud\"}]},{\"@type\":\"WebSite\",\"@id\":\"https:\\\/\\\/www.parfumerie-arabe.com\\\/#website\",\"url\":\"https:\\\/\\\/www.parfumerie-arabe.com\\\/\",\"name\":\"Parfumerie Arabe\",\"description\":\"\",\"publisher\":{\"@id\":\"https:\\\/\\\/www.parfumerie-arabe.com\\\/#organization\"},\"potentialAction\":[{\"@type\":\"SearchAction\",\"target\":{\"@type\":\"EntryPoint\",\"urlTemplate\":\"https:\\\/\\\/www.parfumerie-arabe.com\\\/?s={search_term_string}\"},\"query-input\":{\"@type\":\"PropertyValueSpecification\",\"valueRequired\":true,\"valueName\":\"search_term_string\"}}],\"inLanguage\":\"de\"},{\"@type\":\"Organization\",\"@id\":\"https:\\\/\\\/www.parfumerie-arabe.com\\\/#organization\",\"name\":\"Parfumerie arabe\",\"url\":\"https:\\\/\\\/www.parfumerie-arabe.com\\\/\",\"logo\":{\"@type\":\"ImageObject\",\"inLanguage\":\"de\",\"@id\":\"https:\\\/\\\/www.parfumerie-arabe.com\\\/#\\\/schema\\\/logo\\\/image\\\/\",\"url\":\"https:\\\/\\\/www.parfumerie-arabe.com\\\/wp-content\\\/uploads\\\/2022\\\/08\\\/logo-parfumerie-arabe.png\",\"contentUrl\":\"https:\\\/\\\/www.parfumerie-arabe.com\\\/wp-content\\\/uploads\\\/2022\\\/08\\\/logo-parfumerie-arabe.png\",\"width\":600,\"height\":171,\"caption\":\"Parfumerie arabe\"},\"image\":{\"@id\":\"https:\\\/\\\/www.parfumerie-arabe.com\\\/#\\\/schema\\\/logo\\\/image\\\/\"}}]}<\/script>\n<!-- \/ Yoast SEO plugin. -->","yoast_head_json":{"title":"Bussma I Orientalischer Duft 95ml I Arabian Oud","description":"Bussma von Arabian Oud ist ein Parfum, in dem sich Gourmandigkeit und Frische mit orientalischen D\u00fcften vermischen. Hochwertiges Herrenparfum!","robots":{"index":"index","follow":"follow","max-snippet":"max-snippet:-1","max-image-preview":"max-image-preview:large","max-video-preview":"max-video-preview:-1"},"canonical":"https:\/\/www.parfumerie-arabe.com\/de\/produkt\/bussma-95ml-arabian-oud\/","og_locale":"de_DE","og_type":"article","og_title":"Bussma I Fragrance orientale 95ml I Arabian Oud","og_description":"Bussma d\u2019Arabian Oud est un parfum o\u00f9 la gourmandise et la fraicheur se m\u00ealent aux senteurs orientales. Parfum masculin de haute qualit\u00e9 !","og_url":"https:\/\/www.parfumerie-arabe.com\/de\/produkt\/bussma-95ml-arabian-oud\/","og_site_name":"Parfumerie Arabe","article_modified_time":"2025-09-09T12:22:29+00:00","og_image":[{"width":600,"height":600,"url":"https:\/\/www.parfumerie-arabe.com\/wp-content\/uploads\/2022\/08\/parfum-bussma-arabian-oud.jpg","type":"image\/jpeg"}],"twitter_card":"summary_large_image","twitter_misc":{"Gesch\u00e4tzte Lesezeit":"3\u00a0Minuten"},"schema":{"@context":"https:\/\/schema.org","@graph":[{"@type":"WebPage","@id":"https:\/\/www.parfumerie-arabe.com\/produit\/bussma-95ml-arabian-oud\/","url":"https:\/\/www.parfumerie-arabe.com\/produit\/bussma-95ml-arabian-oud\/","name":"Bussma I Orientalischer Duft 95ml I Arabian Oud","isPartOf":{"@id":"https:\/\/www.parfumerie-arabe.com\/#website"},"primaryImageOfPage":{"@id":"https:\/\/www.parfumerie-arabe.com\/produit\/bussma-95ml-arabian-oud\/#primaryimage"},"image":{"@id":"https:\/\/www.parfumerie-arabe.com\/produit\/bussma-95ml-arabian-oud\/#primaryimage"},"thumbnailUrl":"https:\/\/www.parfumerie-arabe.com\/wp-content\/uploads\/2022\/08\/parfum-bussma-arabian-oud.jpg","datePublished":"2022-08-20T17:14:36+00:00","dateModified":"2025-09-09T12:22:29+00:00","description":"Bussma von Arabian Oud ist ein Parfum, in dem sich Gourmandigkeit und Frische mit orientalischen D\u00fcften vermischen. Hochwertiges Herrenparfum!","breadcrumb":{"@id":"https:\/\/www.parfumerie-arabe.com\/produit\/bussma-95ml-arabian-oud\/#breadcrumb"},"inLanguage":"de","potentialAction":[{"@type":"ReadAction","target":["https:\/\/www.parfumerie-arabe.com\/produit\/bussma-95ml-arabian-oud\/"]}]},{"@type":"ImageObject","inLanguage":"de","@id":"https:\/\/www.parfumerie-arabe.com\/produit\/bussma-95ml-arabian-oud\/#primaryimage","url":"https:\/\/www.parfumerie-arabe.com\/wp-content\/uploads\/2022\/08\/parfum-bussma-arabian-oud.jpg","contentUrl":"https:\/\/www.parfumerie-arabe.com\/wp-content\/uploads\/2022\/08\/parfum-bussma-arabian-oud.jpg","width":600,"height":600,"caption":"Bussma 95ml - Arabian Oud"},{"@type":"BreadcrumbList","@id":"https:\/\/www.parfumerie-arabe.com\/produit\/bussma-95ml-arabian-oud\/#breadcrumb","itemListElement":[{"@type":"ListItem","position":1,"name":"Accueil","item":"https:\/\/www.parfumerie-arabe.com\/"},{"@type":"ListItem","position":2,"name":"Boutique","item":"https:\/\/www.parfumerie-arabe.com\/boutique\/"},{"@type":"ListItem","position":3,"name":"Bussma 95ml &#8211; Arabian Oud"}]},{"@type":"WebSite","@id":"https:\/\/www.parfumerie-arabe.com\/#website","url":"https:\/\/www.parfumerie-arabe.com\/","name":"Arabische Parf\u00fcmerie","description":"","publisher":{"@id":"https:\/\/www.parfumerie-arabe.com\/#organization"},"potentialAction":[{"@type":"SearchAction","target":{"@type":"EntryPoint","urlTemplate":"https:\/\/www.parfumerie-arabe.com\/?s={search_term_string}"},"query-input":{"@type":"PropertyValueSpecification","valueRequired":true,"valueName":"search_term_string"}}],"inLanguage":"de"},{"@type":"Organization","@id":"https:\/\/www.parfumerie-arabe.com\/#organization","name":"Arabische Parf\u00fcmerie","url":"https:\/\/www.parfumerie-arabe.com\/","logo":{"@type":"ImageObject","inLanguage":"de","@id":"https:\/\/www.parfumerie-arabe.com\/#\/schema\/logo\/image\/","url":"https:\/\/www.parfumerie-arabe.com\/wp-content\/uploads\/2022\/08\/logo-parfumerie-arabe.png","contentUrl":"https:\/\/www.parfumerie-arabe.com\/wp-content\/uploads\/2022\/08\/logo-parfumerie-arabe.png","width":600,"height":171,"caption":"Parfumerie arabe"},"image":{"@id":"https:\/\/www.parfumerie-arabe.com\/#\/schema\/logo\/image\/"}}]}},"_links":{"self":[{"href":"https:\/\/www.parfumerie-arabe.com\/de\/wp-json\/wp\/v2\/product\/274","targetHints":{"allow":["GET"]}}],"collection":[{"href":"https:\/\/www.parfumerie-arabe.com\/de\/wp-json\/wp\/v2\/product"}],"about":[{"href":"https:\/\/www.parfumerie-arabe.com\/de\/wp-json\/wp\/v2\/types\/product"}],"wp:featuredmedia":[{"embeddable":true,"href":"https:\/\/www.parfumerie-arabe.com\/de\/wp-json\/wp\/v2\/media\/323"}],"wp:attachment":[{"href":"https:\/\/www.parfumerie-arabe.com\/de\/wp-json\/wp\/v2\/media?parent=274"}],"wp:term":[{"taxonomy":"product_brand","embeddable":true,"href":"https:\/\/www.parfumerie-arabe.com\/de\/wp-json\/wp\/v2\/product_brand?post=274"},{"taxonomy":"product_cat","embeddable":true,"href":"https:\/\/www.parfumerie-arabe.com\/de\/wp-json\/wp\/v2\/product_cat?post=274"},{"taxonomy":"product_tag","embeddable":true,"href":"https:\/\/www.parfumerie-arabe.com\/de\/wp-json\/wp\/v2\/product_tag?post=274"}],"curies":[{"name":"wp","href":"https:\/\/api.w.org\/{rel}","templated":true}]}}