{"id":277,"date":"2022-08-20T17:14:36","date_gmt":"2022-08-20T17:14:36","guid":{"rendered":"https:\/\/www.parfumerie-arabe.com\/?post_type=product&#038;p=277"},"modified":"2025-09-09T12:23:15","modified_gmt":"2025-09-09T12:23:15","slug":"resala-arabian-oud","status":"publish","type":"product","link":"https:\/\/www.parfumerie-arabe.com\/de\/produit\/resala-arabian-oud\/","title":{"rendered":"Resala 100ml - Arabian Oud"},"content":{"rendered":"<p>Resala von Arabian Oud ist ein\u00a0<strong>Bestseller <\/strong>bei den orientalischen Parfums. Denn seine w\u00fcrzigen und k\u00f6stlichen D\u00fcfte tanzen um die tiefen Noten, um jede Pers\u00f6nlichkeit zu sublimieren.<\/p>\n<p>Denn es ist der Duft, der sowohl Frauen als auch M\u00e4nnern steht. So kann jeder ihn mit Leichtigkeit und Eleganz tragen. Und der Charme des einen kommt zur Geltung, w\u00e4hrend das Charisma oder die Sinnlichkeit des anderen gl\u00e4nzt. Kurz gesagt: Es ist DAS\u00a0<strong>olfaktorisches Schmuckst\u00fcck<\/strong>\u00a0unbedingt haben.<\/p>\n<h2><strong>Resala von Arabian Oud: eine k\u00f6stliche und w\u00fcrzige Ode an orientalische Noten<\/strong><\/h2>\n<p>Diese Zusammensetzung macht die\u2019<strong>einstimmig<\/strong>\u00a0bei den Duftliebhabern\u00a0<strong>bewaldet<\/strong>. Aber hier geht es um die, die sich lustvoll in s\u00fc\u00dfe und zugleich w\u00fcrzige Aromen verwandeln. Denn die Abwechslung kommt nicht nur durch den Agarwald. Auch der mythische Safran und die exotische Chilischote sind mit von der Partie. Und sie werden von der anmutigen Rose begleitet, die einen Hauch von\u00a0<strong>Frische<\/strong>\u00a0romantisch.<\/p>\n<p>Aber, die St\u00e4rke dieser Kreation kommt von der\u00a0<strong>Schlemmerei<\/strong>. Das, was Sie an die guten Backwaren aus Ihrer Kindheit erinnert. Die erste Geschmacksrichtung ist Karamell.<\/p>\n<p>Dann umh\u00fcllt die pr\u00e4chtige Vanille jede Note mit ihrer legend\u00e4ren S\u00fc\u00dfe. Aber diese Welt w\u00e4re nicht so fabelhaft ohne Patchouli und Amber, die die Tiefe dieses Nektars noch verst\u00e4rken. Es ist die perfekte Mischung aus jeder einzelnen Note, die Sie auf eine Reise schickt wie\u00a0<a href=\"https:\/\/www.parfumerie-arabe.com\/de\/produkt\/eau-de-parfum-yara-moi-100ml-lattafa\/\"><strong>Yara Ich<\/strong><\/a>\u00a0oder\u00a0<strong><a href=\"https:\/\/www.parfumerie-arabe.com\/de\/produkt\/amberley-ombre-blue-100ml-maison-alhambra\/\">Amberley Umbra Blau<\/a>.<\/strong><\/p>\n<h2><strong>Resala von Arabian Oud: Ein Flakon, der alles sagt<\/strong><\/h2>\n<p>Um einen solchen Nektar aufzubewahren, brauchte man ein Beh\u00e4ltnis, das diesem Anspruch gerecht wird. Und Arabian Oud hat einen Volltreffer gelandet. In der Tat ist dieser Duft eine Einladung, diese orientalischen D\u00fcfte zu entdecken. Ebenso ist der Flakon ein Symbol f\u00fcr die Botschaft, die an alle Liebhaber sch\u00f6ner D\u00fcfte gerichtet ist. Mit diesen Noten werden Sie schreiben\u00a0<strong>deine Zukunft<\/strong>. Deshalb ist der Beh\u00e4lter in Form von\u2019<strong>Tintenfass<\/strong>.<\/p>\n<p>Und, sein federf\u00f6rmiger Verschluss wartet nur darauf, ge\u00f6ffnet zu werden, um dieses Elixier ausstr\u00f6men zu lassen.<\/p>\n<p>Au\u00dferdem erinnert die goldene Farbe an die Exzellenz dieser Komposition. Und als Kr\u00f6nung des Ganzen thront der prestigetr\u00e4chtige Name dieser Kreation in der Mitte des Flakons. Wenn Sie es noch nicht verstanden haben, das ist das Parfum, das\u00a0<strong>\u00e4ndern <\/strong>in Ihrem Leben. Derjenige, der Sie zum Strahlen bringt. Und, der, mit dem Sie\u00a0<strong>werden Vertrauen fassen<\/strong>\u00a0um Ihre Projekte zu verwirklichen. Wie bei Solid oder\u00a0<strong>Aroob<\/strong>, Der Flakon ist wie das Elixier, das er enth\u00e4lt.<\/p>\n<h3><strong>Der Duft als Verb\u00fcndeter charismatischer und sinnlicher Pers\u00f6nlichkeiten<\/strong><\/h3>\n<p>Seine Gourmand-Noten werden die S\u00fc\u00dfe und Sinnlichkeit in den Vordergrund stellen wie\u00a0<strong>Washwashah\u00a0<\/strong>von Lattafa. Denn gemischt mit den anderen au\u00dfergew\u00f6hnlichen D\u00fcften werden sie die Anmut und nat\u00fcrliche Sch\u00f6nheit der Frau hervorheben. Aber sie haben nicht mit der holzigen Kraft gerechnet, die das Charisma und das Selbstbewusstsein zum Leuchten bringen wird.<\/p>\n<p>So ist sie die gemischte Komposition par excellence. Aber auch die, die allen Pers\u00f6nlichkeiten auf subtile Weise Gestalt verleiht, wie z. B.\u00a0<a href=\"https:\/\/www.parfumerie-arabe.com\/de\/produkt\/madawi-arabian-oud\/\"><strong>Madawi<\/strong><\/a>. Hier wird es die fruchtige und blumige Frische sein, die die holzige und moschusartige Intensit\u00e4t verr\u00e4uchert. In jedem Fall werden Sie die\u00a0<strong>star <\/strong>des Augenblicks.<\/p>\n<p>Au\u00dferdem sollten Sie wissen, dass diese Duftperlen perfekt zu einer\u00a0<strong>Duftnebel<\/strong>\u00a0Ihrer Wahl.<\/p>","protected":false},"excerpt":{"rendered":"<p><strong>Geruchsnoten :<\/strong><\/p>\n<p><strong>Kopfnoten :<\/strong>\u00a0Chili, Rose, Safran<br \/>\n<strong>Herznoten :<\/strong>\u00a0Oud, Patchouli, Karamell<br \/>\n<strong>Basisnoten :<\/strong>\u00a0Vanille, Amber<\/p>\n<p><strong>Genre :<\/strong> Gemischt.<\/p>","protected":false},"featured_media":326,"template":"","meta":[],"product_brand":[],"product_cat":[36,163,165,160,50,19,145,91],"product_tag":[],"class_list":{"0":"post-277","1":"product","2":"type-product","3":"status-publish","4":"has-post-thumbnail","6":"product_cat-arabian-oud","7":"product_cat-parfum","8":"product_cat-parfum-ambre","9":"product_cat-parfum-femme","10":"product_cat-parfum-mixte","11":"product_cat-parfum-oud-femme","12":"product_cat-parfum-patchouli","13":"product_cat-parfum-vanille","15":"first","16":"outofstock","17":"taxable","18":"shipping-taxable","19":"purchasable","20":"product-type-simple"},"yoast_head":"<!-- This site is optimized with the Yoast SEO plugin v27.4 - https:\/\/yoast.com\/product\/yoast-seo-wordpress\/ -->\n<title>Resala 100ml I Fragrance orientale I Collection Arabian Oud<\/title>\n<meta name=\"description\" content=\"Resala d\u2019Arabian Oud est un\u00a0best-seller chez les parfums orientaux. En effet, ses senteurs \u00e9pic\u00e9es et gourmandes dansent autour des notes profondes.\" \/>\n<meta name=\"robots\" content=\"index, follow, max-snippet:-1, max-image-preview:large, max-video-preview:-1\" \/>\n<link rel=\"canonical\" href=\"https:\/\/www.parfumerie-arabe.com\/de\/produkt\/resala-arabian-oud\/\" \/>\n<meta property=\"og:locale\" content=\"de_DE\" \/>\n<meta property=\"og:type\" content=\"article\" \/>\n<meta property=\"og:title\" content=\"Resala 100ml I Fragrance orientale I Collection Arabian Oud\" \/>\n<meta property=\"og:description\" content=\"Resala d\u2019Arabian Oud est un\u00a0best-seller chez les parfums orientaux. En effet, ses senteurs \u00e9pic\u00e9es et gourmandes dansent autour des notes profondes.\" \/>\n<meta property=\"og:url\" content=\"https:\/\/www.parfumerie-arabe.com\/de\/produkt\/resala-arabian-oud\/\" \/>\n<meta property=\"og:site_name\" content=\"Parfumerie Arabe\" \/>\n<meta property=\"article:modified_time\" content=\"2025-09-09T12:23:15+00:00\" \/>\n<meta property=\"og:image\" content=\"https:\/\/www.parfumerie-arabe.com\/wp-content\/uploads\/2022\/08\/parfum-resala-arabian-oud.jpg\" \/>\n\t<meta property=\"og:image:width\" content=\"600\" \/>\n\t<meta property=\"og:image:height\" content=\"600\" \/>\n\t<meta property=\"og:image:type\" content=\"image\/jpeg\" \/>\n<meta name=\"twitter:card\" content=\"summary_large_image\" \/>\n<meta name=\"twitter:label1\" content=\"Gesch\u00e4tzte Lesezeit\" \/>\n\t<meta name=\"twitter:data1\" content=\"3\u00a0Minuten\" \/>\n<script type=\"application\/ld+json\" class=\"yoast-schema-graph\">{\"@context\":\"https:\\\/\\\/schema.org\",\"@graph\":[{\"@type\":\"WebPage\",\"@id\":\"https:\\\/\\\/www.parfumerie-arabe.com\\\/produit\\\/resala-arabian-oud\\\/\",\"url\":\"https:\\\/\\\/www.parfumerie-arabe.com\\\/produit\\\/resala-arabian-oud\\\/\",\"name\":\"Resala 100ml I Fragrance orientale I Collection Arabian Oud\",\"isPartOf\":{\"@id\":\"https:\\\/\\\/www.parfumerie-arabe.com\\\/#website\"},\"primaryImageOfPage\":{\"@id\":\"https:\\\/\\\/www.parfumerie-arabe.com\\\/produit\\\/resala-arabian-oud\\\/#primaryimage\"},\"image\":{\"@id\":\"https:\\\/\\\/www.parfumerie-arabe.com\\\/produit\\\/resala-arabian-oud\\\/#primaryimage\"},\"thumbnailUrl\":\"https:\\\/\\\/www.parfumerie-arabe.com\\\/wp-content\\\/uploads\\\/2022\\\/08\\\/parfum-resala-arabian-oud.jpg\",\"datePublished\":\"2022-08-20T17:14:36+00:00\",\"dateModified\":\"2025-09-09T12:23:15+00:00\",\"description\":\"Resala d\u2019Arabian Oud est un\u00a0best-seller chez les parfums orientaux. En effet, ses senteurs \u00e9pic\u00e9es et gourmandes dansent autour des notes profondes.\",\"breadcrumb\":{\"@id\":\"https:\\\/\\\/www.parfumerie-arabe.com\\\/produit\\\/resala-arabian-oud\\\/#breadcrumb\"},\"inLanguage\":\"de\",\"potentialAction\":[{\"@type\":\"ReadAction\",\"target\":[\"https:\\\/\\\/www.parfumerie-arabe.com\\\/produit\\\/resala-arabian-oud\\\/\"]}]},{\"@type\":\"ImageObject\",\"inLanguage\":\"de\",\"@id\":\"https:\\\/\\\/www.parfumerie-arabe.com\\\/produit\\\/resala-arabian-oud\\\/#primaryimage\",\"url\":\"https:\\\/\\\/www.parfumerie-arabe.com\\\/wp-content\\\/uploads\\\/2022\\\/08\\\/parfum-resala-arabian-oud.jpg\",\"contentUrl\":\"https:\\\/\\\/www.parfumerie-arabe.com\\\/wp-content\\\/uploads\\\/2022\\\/08\\\/parfum-resala-arabian-oud.jpg\",\"width\":600,\"height\":600,\"caption\":\"Resala 100ml - Arabian Oud\"},{\"@type\":\"BreadcrumbList\",\"@id\":\"https:\\\/\\\/www.parfumerie-arabe.com\\\/produit\\\/resala-arabian-oud\\\/#breadcrumb\",\"itemListElement\":[{\"@type\":\"ListItem\",\"position\":1,\"name\":\"Accueil\",\"item\":\"https:\\\/\\\/www.parfumerie-arabe.com\\\/\"},{\"@type\":\"ListItem\",\"position\":2,\"name\":\"Boutique\",\"item\":\"https:\\\/\\\/www.parfumerie-arabe.com\\\/boutique\\\/\"},{\"@type\":\"ListItem\",\"position\":3,\"name\":\"Resala 100ml &#8211; Arabian Oud\"}]},{\"@type\":\"WebSite\",\"@id\":\"https:\\\/\\\/www.parfumerie-arabe.com\\\/#website\",\"url\":\"https:\\\/\\\/www.parfumerie-arabe.com\\\/\",\"name\":\"Parfumerie Arabe\",\"description\":\"\",\"publisher\":{\"@id\":\"https:\\\/\\\/www.parfumerie-arabe.com\\\/#organization\"},\"potentialAction\":[{\"@type\":\"SearchAction\",\"target\":{\"@type\":\"EntryPoint\",\"urlTemplate\":\"https:\\\/\\\/www.parfumerie-arabe.com\\\/?s={search_term_string}\"},\"query-input\":{\"@type\":\"PropertyValueSpecification\",\"valueRequired\":true,\"valueName\":\"search_term_string\"}}],\"inLanguage\":\"de\"},{\"@type\":\"Organization\",\"@id\":\"https:\\\/\\\/www.parfumerie-arabe.com\\\/#organization\",\"name\":\"Parfumerie arabe\",\"url\":\"https:\\\/\\\/www.parfumerie-arabe.com\\\/\",\"logo\":{\"@type\":\"ImageObject\",\"inLanguage\":\"de\",\"@id\":\"https:\\\/\\\/www.parfumerie-arabe.com\\\/#\\\/schema\\\/logo\\\/image\\\/\",\"url\":\"https:\\\/\\\/www.parfumerie-arabe.com\\\/wp-content\\\/uploads\\\/2022\\\/08\\\/logo-parfumerie-arabe.png\",\"contentUrl\":\"https:\\\/\\\/www.parfumerie-arabe.com\\\/wp-content\\\/uploads\\\/2022\\\/08\\\/logo-parfumerie-arabe.png\",\"width\":600,\"height\":171,\"caption\":\"Parfumerie arabe\"},\"image\":{\"@id\":\"https:\\\/\\\/www.parfumerie-arabe.com\\\/#\\\/schema\\\/logo\\\/image\\\/\"}}]}<\/script>\n<!-- \/ Yoast SEO plugin. -->","yoast_head_json":{"title":"Resala 100ml I Orientalischer Duft I Arabian Oud Collection","description":"Resala von Arabian Oud ist ein Bestseller unter den orientalischen Parfums. Denn seine w\u00fcrzigen und gourmandigen D\u00fcfte tanzen um die tiefen Noten.","robots":{"index":"index","follow":"follow","max-snippet":"max-snippet:-1","max-image-preview":"max-image-preview:large","max-video-preview":"max-video-preview:-1"},"canonical":"https:\/\/www.parfumerie-arabe.com\/de\/produkt\/resala-arabian-oud\/","og_locale":"de_DE","og_type":"article","og_title":"Resala 100ml I Fragrance orientale I Collection Arabian Oud","og_description":"Resala d\u2019Arabian Oud est un\u00a0best-seller chez les parfums orientaux. En effet, ses senteurs \u00e9pic\u00e9es et gourmandes dansent autour des notes profondes.","og_url":"https:\/\/www.parfumerie-arabe.com\/de\/produkt\/resala-arabian-oud\/","og_site_name":"Parfumerie Arabe","article_modified_time":"2025-09-09T12:23:15+00:00","og_image":[{"width":600,"height":600,"url":"https:\/\/www.parfumerie-arabe.com\/wp-content\/uploads\/2022\/08\/parfum-resala-arabian-oud.jpg","type":"image\/jpeg"}],"twitter_card":"summary_large_image","twitter_misc":{"Gesch\u00e4tzte Lesezeit":"3\u00a0Minuten"},"schema":{"@context":"https:\/\/schema.org","@graph":[{"@type":"WebPage","@id":"https:\/\/www.parfumerie-arabe.com\/produit\/resala-arabian-oud\/","url":"https:\/\/www.parfumerie-arabe.com\/produit\/resala-arabian-oud\/","name":"Resala 100ml I Orientalischer Duft I Arabian Oud Collection","isPartOf":{"@id":"https:\/\/www.parfumerie-arabe.com\/#website"},"primaryImageOfPage":{"@id":"https:\/\/www.parfumerie-arabe.com\/produit\/resala-arabian-oud\/#primaryimage"},"image":{"@id":"https:\/\/www.parfumerie-arabe.com\/produit\/resala-arabian-oud\/#primaryimage"},"thumbnailUrl":"https:\/\/www.parfumerie-arabe.com\/wp-content\/uploads\/2022\/08\/parfum-resala-arabian-oud.jpg","datePublished":"2022-08-20T17:14:36+00:00","dateModified":"2025-09-09T12:23:15+00:00","description":"Resala von Arabian Oud ist ein Bestseller unter den orientalischen Parfums. Denn seine w\u00fcrzigen und gourmandigen D\u00fcfte tanzen um die tiefen Noten.","breadcrumb":{"@id":"https:\/\/www.parfumerie-arabe.com\/produit\/resala-arabian-oud\/#breadcrumb"},"inLanguage":"de","potentialAction":[{"@type":"ReadAction","target":["https:\/\/www.parfumerie-arabe.com\/produit\/resala-arabian-oud\/"]}]},{"@type":"ImageObject","inLanguage":"de","@id":"https:\/\/www.parfumerie-arabe.com\/produit\/resala-arabian-oud\/#primaryimage","url":"https:\/\/www.parfumerie-arabe.com\/wp-content\/uploads\/2022\/08\/parfum-resala-arabian-oud.jpg","contentUrl":"https:\/\/www.parfumerie-arabe.com\/wp-content\/uploads\/2022\/08\/parfum-resala-arabian-oud.jpg","width":600,"height":600,"caption":"Resala 100ml - Arabian Oud"},{"@type":"BreadcrumbList","@id":"https:\/\/www.parfumerie-arabe.com\/produit\/resala-arabian-oud\/#breadcrumb","itemListElement":[{"@type":"ListItem","position":1,"name":"Accueil","item":"https:\/\/www.parfumerie-arabe.com\/"},{"@type":"ListItem","position":2,"name":"Boutique","item":"https:\/\/www.parfumerie-arabe.com\/boutique\/"},{"@type":"ListItem","position":3,"name":"Resala 100ml &#8211; Arabian Oud"}]},{"@type":"WebSite","@id":"https:\/\/www.parfumerie-arabe.com\/#website","url":"https:\/\/www.parfumerie-arabe.com\/","name":"Arabische Parf\u00fcmerie","description":"","publisher":{"@id":"https:\/\/www.parfumerie-arabe.com\/#organization"},"potentialAction":[{"@type":"SearchAction","target":{"@type":"EntryPoint","urlTemplate":"https:\/\/www.parfumerie-arabe.com\/?s={search_term_string}"},"query-input":{"@type":"PropertyValueSpecification","valueRequired":true,"valueName":"search_term_string"}}],"inLanguage":"de"},{"@type":"Organization","@id":"https:\/\/www.parfumerie-arabe.com\/#organization","name":"Arabische Parf\u00fcmerie","url":"https:\/\/www.parfumerie-arabe.com\/","logo":{"@type":"ImageObject","inLanguage":"de","@id":"https:\/\/www.parfumerie-arabe.com\/#\/schema\/logo\/image\/","url":"https:\/\/www.parfumerie-arabe.com\/wp-content\/uploads\/2022\/08\/logo-parfumerie-arabe.png","contentUrl":"https:\/\/www.parfumerie-arabe.com\/wp-content\/uploads\/2022\/08\/logo-parfumerie-arabe.png","width":600,"height":171,"caption":"Parfumerie arabe"},"image":{"@id":"https:\/\/www.parfumerie-arabe.com\/#\/schema\/logo\/image\/"}}]}},"_links":{"self":[{"href":"https:\/\/www.parfumerie-arabe.com\/de\/wp-json\/wp\/v2\/product\/277","targetHints":{"allow":["GET"]}}],"collection":[{"href":"https:\/\/www.parfumerie-arabe.com\/de\/wp-json\/wp\/v2\/product"}],"about":[{"href":"https:\/\/www.parfumerie-arabe.com\/de\/wp-json\/wp\/v2\/types\/product"}],"wp:featuredmedia":[{"embeddable":true,"href":"https:\/\/www.parfumerie-arabe.com\/de\/wp-json\/wp\/v2\/media\/326"}],"wp:attachment":[{"href":"https:\/\/www.parfumerie-arabe.com\/de\/wp-json\/wp\/v2\/media?parent=277"}],"wp:term":[{"taxonomy":"product_brand","embeddable":true,"href":"https:\/\/www.parfumerie-arabe.com\/de\/wp-json\/wp\/v2\/product_brand?post=277"},{"taxonomy":"product_cat","embeddable":true,"href":"https:\/\/www.parfumerie-arabe.com\/de\/wp-json\/wp\/v2\/product_cat?post=277"},{"taxonomy":"product_tag","embeddable":true,"href":"https:\/\/www.parfumerie-arabe.com\/de\/wp-json\/wp\/v2\/product_tag?post=277"}],"curies":[{"name":"wp","href":"https:\/\/api.w.org\/{rel}","templated":true}]}}