{"id":319,"date":"2015-04-23T14:10:00","date_gmt":"2015-04-23T14:10:00","guid":{"rendered":"https:\/\/www.parfumerie-arabe.com\/?post_type=product&#038;p=319"},"modified":"2026-04-29T10:39:18","modified_gmt":"2026-04-29T10:39:18","slug":"eau-de-parfum-yara-100ml-lattafa","status":"publish","type":"product","link":"https:\/\/www.parfumerie-arabe.com\/de\/produit\/eau-de-parfum-yara-100ml-lattafa\/","title":{"rendered":"Eau de Parfum Yara 100ml - Lattafa"},"content":{"rendered":"<p>Yara von Lattafa ist der Duft der Frauen\u00a0<strong>gro\u00dfz\u00fcgig und sinnlich<\/strong>. Es ist ein ganz besonderer Duft, der Sie w\u00e4rmen und die Augen Ihrer Liebsten zum Glitzern bringen wird. Denn es ist zweifellos der Schmuck von Frauen, die das Leben lieben. Die, die man f\u00fcr ihr ansteckendes L\u00e4cheln und ihre gute Laune liebt.<\/p>\n<h2><strong>Yara de Lattafa: ein sinnlicher Duft<\/strong><\/h2>\n<p>Es ist der Schmuck selbstbewusster Frauen. Aber auch f\u00fcr diskrete Pers\u00f6nlichkeiten, die sich behaupten wollen. Denn die warme und k\u00f6stliche Vanille wird Ihnen Fl\u00fcgel verleihen, um alles zu erreichen, was Sie sich w\u00fcnschen.  Ihre s\u00fc\u00dfen Noten sind eine Einladung zu Freude und Genuss. Und, die H\u00f6lzer Amber und Sandelholz verleihen dieser Fr\u00f6hlichkeit eine einzigartige Tiefe. Dies ist ein Juwel, das Sie zum Strahlen bringen wird. Diese Kombination aus H\u00f6lzern und Gourmand-Noten finden Sie auch in dem charismatischen\u00a0<strong>Opulent<\/strong>. Hier macht die Vanille Platz f\u00fcr die Tonkabohne, die von Blumen und frischen Fr\u00fcchten begleitet wird.<\/p>\n<h2><strong>Yara de Lattafa, ein femininer Duft<\/strong><\/h2>\n<p>Im Land der orientalischen Parfums gibt es zahlreiche Kreationen f\u00fcr M\u00e4nner und Frauen. Dennoch wurden einige D\u00fcfte speziell f\u00fcr die Frau kreiert. Denn ihre Sch\u00f6nheit, ihre Zartheit und ihre Sinnlichkeit verdienen eine besondere W\u00fcrdigung. Yara ist eine Hymne an diese sanfte und gro\u00dfz\u00fcgige Weiblichkeit. Mit diesem Duft sind Sie die K\u00f6nigin, der Star, die Einzigartige. Die Gourmand-Noten, die sich mit Moschus und Blumen verbinden, werden Ihr Schmuckst\u00fcck sein.\u00a0<a href=\"https:\/\/www.parfumerie-arabe.com\/de\/produkt\/musk-zucker-plum-100ml-lattafa\/\"><strong>Musk Sugar<\/strong><\/a>. Und, um die Gier zu betonen,\u00a0<strong><a href=\"https:\/\/www.parfumerie-arabe.com\/de\/produkt\/ekhtiari-100ml-lattafa\/\">Ekhtiari<\/a>\u00a0<\/strong>wird Sie mit seinem kr\u00e4ftigen und w\u00fcrzigen Gourmetcocktail sublimieren.<\/p>\n<h3><strong>Entdecken Sie die Haarparfums von Lattafa<\/strong><\/h3>\n<p>Dieser parf\u00fcmierte Beauty-Trumpf ist ein absolutes Muss in Sachen Eleganz. Denn Sie vereinen zwei Sinne: die<strong>\u00a0Ansicht<\/strong>\u00a0einer sch\u00f6nen Haarpracht und der\u2019<strong>angenehmer Geruch\u00a0<\/strong>die sich daraus ergibt. Diese\u00a0<strong>hairs mists<\/strong>\u00a0mit orientalischen D\u00fcften k\u00f6nnen Sie sowohl auf feuchtem als auch auf trockenem Haar auftragen. So k\u00f6nnen Sie sich nach dem Frisieren und zu jeder Tageszeit problemlos parf\u00fcmieren.<\/p>","protected":false},"excerpt":{"rendered":"<p><strong>Geruchsnoten :<\/strong><\/p>\n<p><strong>Kopfnote : <\/strong>Bernstein<br \/>\n<strong>Herznote : <\/strong>Sandelholz<br \/>\n<strong>Hintergrundnote : <\/strong>Vanille<\/p>\n<p><strong>Genre<\/strong>\u00a0: Feminin.<\/p>","protected":false},"featured_media":368,"template":"","meta":[],"product_brand":[],"product_cat":[17,160,19,91,162],"product_tag":[],"class_list":{"0":"post-319","1":"product","2":"type-product","3":"status-publish","4":"has-post-thumbnail","6":"product_cat-lattafa","7":"product_cat-parfum-femme","8":"product_cat-parfum-oud-femme","9":"product_cat-parfum-vanille","10":"product_cat-parfums-mixtes","12":"first","13":"instock","14":"taxable","15":"shipping-taxable","16":"purchasable","17":"product-type-simple"},"yoast_head":"<!-- This site is optimized with the Yoast SEO plugin v27.4 - https:\/\/yoast.com\/product\/yoast-seo-wordpress\/ -->\n<title>Yara I Eau de parfum 100ml I Collection Latatfa<\/title>\n<meta name=\"description\" content=\"Yara de Lattafa est la fragrance des femmes\u00a0g\u00e9n\u00e9reuses et sensuelles. C\u2019est un parfum \u00e0 part qui vous r\u00e9chauffera. Adoptez-le rapidement !\" \/>\n<meta name=\"robots\" content=\"index, follow, max-snippet:-1, max-image-preview:large, max-video-preview:-1\" \/>\n<link rel=\"canonical\" href=\"https:\/\/www.parfumerie-arabe.com\/de\/produkt\/eau-de-parfum-yara-100ml-lattafa\/\" \/>\n<meta property=\"og:locale\" content=\"de_DE\" \/>\n<meta property=\"og:type\" content=\"article\" \/>\n<meta property=\"og:title\" content=\"Yara I Eau de parfum 100ml I Collection Latatfa\" \/>\n<meta property=\"og:description\" content=\"Yara de Lattafa est la fragrance des femmes\u00a0g\u00e9n\u00e9reuses et sensuelles. C\u2019est un parfum \u00e0 part qui vous r\u00e9chauffera. Adoptez-le rapidement !\" \/>\n<meta property=\"og:url\" content=\"https:\/\/www.parfumerie-arabe.com\/de\/produkt\/eau-de-parfum-yara-100ml-lattafa\/\" \/>\n<meta property=\"og:site_name\" content=\"Parfumerie Arabe\" \/>\n<meta property=\"article:modified_time\" content=\"2026-04-29T10:39:18+00:00\" \/>\n<meta property=\"og:image\" content=\"https:\/\/www.parfumerie-arabe.com\/wp-content\/uploads\/2022\/08\/eau-de-parfum-yara-lattafa.jpg\" \/>\n\t<meta property=\"og:image:width\" content=\"600\" \/>\n\t<meta property=\"og:image:height\" content=\"600\" \/>\n\t<meta property=\"og:image:type\" content=\"image\/jpeg\" \/>\n<meta name=\"twitter:card\" content=\"summary_large_image\" \/>\n<meta name=\"twitter:label1\" content=\"Gesch\u00e4tzte Lesezeit\" \/>\n\t<meta name=\"twitter:data1\" content=\"2\u00a0Minuten\" \/>\n<script type=\"application\/ld+json\" class=\"yoast-schema-graph\">{\"@context\":\"https:\\\/\\\/schema.org\",\"@graph\":[{\"@type\":\"WebPage\",\"@id\":\"https:\\\/\\\/www.parfumerie-arabe.com\\\/produit\\\/eau-de-parfum-yara-100ml-lattafa\\\/\",\"url\":\"https:\\\/\\\/www.parfumerie-arabe.com\\\/produit\\\/eau-de-parfum-yara-100ml-lattafa\\\/\",\"name\":\"Yara I Eau de parfum 100ml I Collection Latatfa\",\"isPartOf\":{\"@id\":\"https:\\\/\\\/www.parfumerie-arabe.com\\\/#website\"},\"primaryImageOfPage\":{\"@id\":\"https:\\\/\\\/www.parfumerie-arabe.com\\\/produit\\\/eau-de-parfum-yara-100ml-lattafa\\\/#primaryimage\"},\"image\":{\"@id\":\"https:\\\/\\\/www.parfumerie-arabe.com\\\/produit\\\/eau-de-parfum-yara-100ml-lattafa\\\/#primaryimage\"},\"thumbnailUrl\":\"https:\\\/\\\/www.parfumerie-arabe.com\\\/wp-content\\\/uploads\\\/2022\\\/08\\\/eau-de-parfum-yara-lattafa.jpg\",\"datePublished\":\"2015-04-23T14:10:00+00:00\",\"dateModified\":\"2026-04-29T10:39:18+00:00\",\"description\":\"Yara de Lattafa est la fragrance des femmes\u00a0g\u00e9n\u00e9reuses et sensuelles. C\u2019est un parfum \u00e0 part qui vous r\u00e9chauffera. Adoptez-le rapidement !\",\"breadcrumb\":{\"@id\":\"https:\\\/\\\/www.parfumerie-arabe.com\\\/produit\\\/eau-de-parfum-yara-100ml-lattafa\\\/#breadcrumb\"},\"inLanguage\":\"de\",\"potentialAction\":[{\"@type\":\"ReadAction\",\"target\":[\"https:\\\/\\\/www.parfumerie-arabe.com\\\/produit\\\/eau-de-parfum-yara-100ml-lattafa\\\/\"]}]},{\"@type\":\"ImageObject\",\"inLanguage\":\"de\",\"@id\":\"https:\\\/\\\/www.parfumerie-arabe.com\\\/produit\\\/eau-de-parfum-yara-100ml-lattafa\\\/#primaryimage\",\"url\":\"https:\\\/\\\/www.parfumerie-arabe.com\\\/wp-content\\\/uploads\\\/2022\\\/08\\\/eau-de-parfum-yara-lattafa.jpg\",\"contentUrl\":\"https:\\\/\\\/www.parfumerie-arabe.com\\\/wp-content\\\/uploads\\\/2022\\\/08\\\/eau-de-parfum-yara-lattafa.jpg\",\"width\":600,\"height\":600},{\"@type\":\"BreadcrumbList\",\"@id\":\"https:\\\/\\\/www.parfumerie-arabe.com\\\/produit\\\/eau-de-parfum-yara-100ml-lattafa\\\/#breadcrumb\",\"itemListElement\":[{\"@type\":\"ListItem\",\"position\":1,\"name\":\"Accueil\",\"item\":\"https:\\\/\\\/www.parfumerie-arabe.com\\\/\"},{\"@type\":\"ListItem\",\"position\":2,\"name\":\"Boutique\",\"item\":\"https:\\\/\\\/www.parfumerie-arabe.com\\\/boutique\\\/\"},{\"@type\":\"ListItem\",\"position\":3,\"name\":\"Eau de parfum Yara 100ml \u2013 Lattafa\"}]},{\"@type\":\"WebSite\",\"@id\":\"https:\\\/\\\/www.parfumerie-arabe.com\\\/#website\",\"url\":\"https:\\\/\\\/www.parfumerie-arabe.com\\\/\",\"name\":\"Parfumerie Arabe\",\"description\":\"\",\"publisher\":{\"@id\":\"https:\\\/\\\/www.parfumerie-arabe.com\\\/#organization\"},\"potentialAction\":[{\"@type\":\"SearchAction\",\"target\":{\"@type\":\"EntryPoint\",\"urlTemplate\":\"https:\\\/\\\/www.parfumerie-arabe.com\\\/?s={search_term_string}\"},\"query-input\":{\"@type\":\"PropertyValueSpecification\",\"valueRequired\":true,\"valueName\":\"search_term_string\"}}],\"inLanguage\":\"de\"},{\"@type\":\"Organization\",\"@id\":\"https:\\\/\\\/www.parfumerie-arabe.com\\\/#organization\",\"name\":\"Parfumerie arabe\",\"url\":\"https:\\\/\\\/www.parfumerie-arabe.com\\\/\",\"logo\":{\"@type\":\"ImageObject\",\"inLanguage\":\"de\",\"@id\":\"https:\\\/\\\/www.parfumerie-arabe.com\\\/#\\\/schema\\\/logo\\\/image\\\/\",\"url\":\"https:\\\/\\\/www.parfumerie-arabe.com\\\/wp-content\\\/uploads\\\/2022\\\/08\\\/logo-parfumerie-arabe.png\",\"contentUrl\":\"https:\\\/\\\/www.parfumerie-arabe.com\\\/wp-content\\\/uploads\\\/2022\\\/08\\\/logo-parfumerie-arabe.png\",\"width\":600,\"height\":171,\"caption\":\"Parfumerie arabe\"},\"image\":{\"@id\":\"https:\\\/\\\/www.parfumerie-arabe.com\\\/#\\\/schema\\\/logo\\\/image\\\/\"}}]}<\/script>\n<!-- \/ Yoast SEO plugin. -->","yoast_head_json":{"title":"Yara I Eau de Parfum 100ml I Latatfa Collection","description":"Yara von Lattafa ist der Duft f\u00fcr gro\u00dfz\u00fcgige und sinnliche Frauen. Es ist ein ganz besonderer Duft, der Sie erw\u00e4rmen wird. Nehmen Sie ihn schnell an!","robots":{"index":"index","follow":"follow","max-snippet":"max-snippet:-1","max-image-preview":"max-image-preview:large","max-video-preview":"max-video-preview:-1"},"canonical":"https:\/\/www.parfumerie-arabe.com\/de\/produkt\/eau-de-parfum-yara-100ml-lattafa\/","og_locale":"de_DE","og_type":"article","og_title":"Yara I Eau de parfum 100ml I Collection Latatfa","og_description":"Yara de Lattafa est la fragrance des femmes\u00a0g\u00e9n\u00e9reuses et sensuelles. C\u2019est un parfum \u00e0 part qui vous r\u00e9chauffera. Adoptez-le rapidement !","og_url":"https:\/\/www.parfumerie-arabe.com\/de\/produkt\/eau-de-parfum-yara-100ml-lattafa\/","og_site_name":"Parfumerie Arabe","article_modified_time":"2026-04-29T10:39:18+00:00","og_image":[{"width":600,"height":600,"url":"https:\/\/www.parfumerie-arabe.com\/wp-content\/uploads\/2022\/08\/eau-de-parfum-yara-lattafa.jpg","type":"image\/jpeg"}],"twitter_card":"summary_large_image","twitter_misc":{"Gesch\u00e4tzte Lesezeit":"2\u00a0Minuten"},"schema":{"@context":"https:\/\/schema.org","@graph":[{"@type":"WebPage","@id":"https:\/\/www.parfumerie-arabe.com\/produit\/eau-de-parfum-yara-100ml-lattafa\/","url":"https:\/\/www.parfumerie-arabe.com\/produit\/eau-de-parfum-yara-100ml-lattafa\/","name":"Yara I Eau de Parfum 100ml I Latatfa Collection","isPartOf":{"@id":"https:\/\/www.parfumerie-arabe.com\/#website"},"primaryImageOfPage":{"@id":"https:\/\/www.parfumerie-arabe.com\/produit\/eau-de-parfum-yara-100ml-lattafa\/#primaryimage"},"image":{"@id":"https:\/\/www.parfumerie-arabe.com\/produit\/eau-de-parfum-yara-100ml-lattafa\/#primaryimage"},"thumbnailUrl":"https:\/\/www.parfumerie-arabe.com\/wp-content\/uploads\/2022\/08\/eau-de-parfum-yara-lattafa.jpg","datePublished":"2015-04-23T14:10:00+00:00","dateModified":"2026-04-29T10:39:18+00:00","description":"Yara von Lattafa ist der Duft f\u00fcr gro\u00dfz\u00fcgige und sinnliche Frauen. Es ist ein ganz besonderer Duft, der Sie erw\u00e4rmen wird. Nehmen Sie ihn schnell an!","breadcrumb":{"@id":"https:\/\/www.parfumerie-arabe.com\/produit\/eau-de-parfum-yara-100ml-lattafa\/#breadcrumb"},"inLanguage":"de","potentialAction":[{"@type":"ReadAction","target":["https:\/\/www.parfumerie-arabe.com\/produit\/eau-de-parfum-yara-100ml-lattafa\/"]}]},{"@type":"ImageObject","inLanguage":"de","@id":"https:\/\/www.parfumerie-arabe.com\/produit\/eau-de-parfum-yara-100ml-lattafa\/#primaryimage","url":"https:\/\/www.parfumerie-arabe.com\/wp-content\/uploads\/2022\/08\/eau-de-parfum-yara-lattafa.jpg","contentUrl":"https:\/\/www.parfumerie-arabe.com\/wp-content\/uploads\/2022\/08\/eau-de-parfum-yara-lattafa.jpg","width":600,"height":600},{"@type":"BreadcrumbList","@id":"https:\/\/www.parfumerie-arabe.com\/produit\/eau-de-parfum-yara-100ml-lattafa\/#breadcrumb","itemListElement":[{"@type":"ListItem","position":1,"name":"Accueil","item":"https:\/\/www.parfumerie-arabe.com\/"},{"@type":"ListItem","position":2,"name":"Boutique","item":"https:\/\/www.parfumerie-arabe.com\/boutique\/"},{"@type":"ListItem","position":3,"name":"Eau de parfum Yara 100ml \u2013 Lattafa"}]},{"@type":"WebSite","@id":"https:\/\/www.parfumerie-arabe.com\/#website","url":"https:\/\/www.parfumerie-arabe.com\/","name":"Arabische Parf\u00fcmerie","description":"","publisher":{"@id":"https:\/\/www.parfumerie-arabe.com\/#organization"},"potentialAction":[{"@type":"SearchAction","target":{"@type":"EntryPoint","urlTemplate":"https:\/\/www.parfumerie-arabe.com\/?s={search_term_string}"},"query-input":{"@type":"PropertyValueSpecification","valueRequired":true,"valueName":"search_term_string"}}],"inLanguage":"de"},{"@type":"Organization","@id":"https:\/\/www.parfumerie-arabe.com\/#organization","name":"Arabische Parf\u00fcmerie","url":"https:\/\/www.parfumerie-arabe.com\/","logo":{"@type":"ImageObject","inLanguage":"de","@id":"https:\/\/www.parfumerie-arabe.com\/#\/schema\/logo\/image\/","url":"https:\/\/www.parfumerie-arabe.com\/wp-content\/uploads\/2022\/08\/logo-parfumerie-arabe.png","contentUrl":"https:\/\/www.parfumerie-arabe.com\/wp-content\/uploads\/2022\/08\/logo-parfumerie-arabe.png","width":600,"height":171,"caption":"Parfumerie arabe"},"image":{"@id":"https:\/\/www.parfumerie-arabe.com\/#\/schema\/logo\/image\/"}}]}},"_links":{"self":[{"href":"https:\/\/www.parfumerie-arabe.com\/de\/wp-json\/wp\/v2\/product\/319","targetHints":{"allow":["GET"]}}],"collection":[{"href":"https:\/\/www.parfumerie-arabe.com\/de\/wp-json\/wp\/v2\/product"}],"about":[{"href":"https:\/\/www.parfumerie-arabe.com\/de\/wp-json\/wp\/v2\/types\/product"}],"wp:featuredmedia":[{"embeddable":true,"href":"https:\/\/www.parfumerie-arabe.com\/de\/wp-json\/wp\/v2\/media\/368"}],"wp:attachment":[{"href":"https:\/\/www.parfumerie-arabe.com\/de\/wp-json\/wp\/v2\/media?parent=319"}],"wp:term":[{"taxonomy":"product_brand","embeddable":true,"href":"https:\/\/www.parfumerie-arabe.com\/de\/wp-json\/wp\/v2\/product_brand?post=319"},{"taxonomy":"product_cat","embeddable":true,"href":"https:\/\/www.parfumerie-arabe.com\/de\/wp-json\/wp\/v2\/product_cat?post=319"},{"taxonomy":"product_tag","embeddable":true,"href":"https:\/\/www.parfumerie-arabe.com\/de\/wp-json\/wp\/v2\/product_tag?post=319"}],"curies":[{"name":"wp","href":"https:\/\/api.w.org\/{rel}","templated":true}]}}