{"id":340,"date":"2022-08-20T17:15:22","date_gmt":"2022-08-20T17:15:22","guid":{"rendered":"https:\/\/www.parfumerie-arabe.com\/?post_type=product&#038;p=340"},"modified":"2025-11-17T20:02:42","modified_gmt":"2025-11-17T20:02:42","slug":"bakhour-oudh-black-60g-nabeel-perfumes","status":"publish","type":"product","link":"https:\/\/www.parfumerie-arabe.com\/de\/produit\/bakhour-oudh-black-60g-nabeel-perfumes\/","title":{"rendered":"Bakhour Oudh Black 60g - Nabeel Perfumes"},"content":{"rendered":"<p>Reisen Sie sofort ins Herz des Orients mit dem\u00a0<strong>bakhour Oudh Black<\/strong>\u00a0der Marke Nabeel Perfumes. Denn dank seiner Noten wird er Ihre Sinne berauschen.<\/p>\n<p>Entdecken Sie diesen hochwertigen Bakhour, der ganz im Zeichen der Marke steht. Affaire \u00e0 suivre!<\/p>\n<h2><strong>Bakhour Oudh Black: Tradition in ihrer reinsten Form<\/strong><\/h2>\n<p>Die\u00a0<strong>bakhour Oudh Black<\/strong>\u00a0verspricht Ihnen einen lang anhaltenden Duft f\u00fcr ein entspannendes und beruhigendes Zuhause. Dieser bietet Ihnen komplexe und originelle Noten, die Sie begeistern werden.<\/p>\n<p>In erster Linie\u00a0<strong>Kopfnoten<\/strong>\u00a0bestehen aus Bergamotte, Zitrone und Basilikum.<\/p>\n<p>Danach finden Sie in\u00a0<strong>Herznoten<\/strong>\u00a0Geranie, Ylang-Ylang, Lavendel und Artemisia. Sowie Muskatellersalbei und Zimt.<\/p>\n<p>Und schlie\u00dflich die\u00a0<strong>Hintergrundnoten<\/strong>\u00a0die sich aus Moschus, Eichenmoos und Kumarin zusammensetzen.<\/p>\n<p>Duftnoten :<\/p>\n<p>Erstens, die Kopfnoten: Bergamotte, Zitrone, Basilikum.<\/p>\n<p>Zweitens die Herznoten: Geranie, Ylang-Ylang, Lavendel, Artemisia, Muskatellersalbei, Zimt.<\/p>\n<p>Schlie\u00dflich die Basisnoten: Moschus, Eichenmoos, Kumarin.<\/p>\n<h2><strong>Wie verwende ich Bakhour Oudh Black?\u00a0<\/strong><\/h2>\n<p>Um Ihren\u00a0<strong>neuer Bakhour<\/strong>\u00a0nehmen Sie ein paar St\u00fccke davon und legen Sie sie in Ihr R\u00e4uchergef\u00e4\u00df. Wenn du sie hineingelegt hast, musst du nur noch warten, bis sie abbrennt und ihren Duft verbreitet.<\/p>\n<p>So einfach gesagt wie getan.<\/p>\n<h2><strong>Vorsichtsma\u00dfnahmen bakhour Oudh Black\u00a0<\/strong><\/h2>\n<p>\u00d6ffnen Sie nach jedem Gebrauch die Fenster, um die Innenr\u00e4ume zu l\u00fcften.<\/p>\n<p>Benutzen Sie den Bakhour nicht in Gegenwart von Kindern oder empfindlichen Personen.<\/p>\n<p>Behalten Sie den R\u00e4ucherofen im Auge, wenn er hei\u00df und funktionsf\u00e4hig ist.<\/p>\n<h3><strong>Wie w\u00e4re es, wenn Sie einen Duft \u00fcbernehmen, der sich ver\u00e4ndert?\u00a0<\/strong><\/h3>\n<p>In unserem Online-Shop<strong>\u00a0Mein Parfum Dubai<\/strong>, Wir werden Sie immer wieder \u00fcberraschen. Wir stellen Ihnen n\u00e4mlich verschiedene D\u00fcfte zur Verf\u00fcgung.<\/p>\n<p>M\u00f6chten Sie Ihre Gewohnheiten \u00e4ndern? Entscheiden Sie sich f\u00fcr den\u00a0<a href=\"https:\/\/www.parfumerie-arabe.com\/de\/produkt\/bakhour-oudh-nabeel-60g-nabeel-perfumes\/\"><strong>bakhour Oudh Nabeel<\/strong><\/a>.<\/p>\n<p>Mit unseren verschiedenen D\u00fcften werden Sie sich in die orientalischen R\u00e4ucherst\u00e4bchen aus Dubai verlieben.<\/p>","protected":false},"excerpt":{"rendered":"<p><strong>Geruchsnoten :<\/strong><\/p>\n<p><strong>Kopfnoten<\/strong> : Bergamotte, Zitrone, Basilikum.<br \/>\n<strong>Herznoten<\/strong> Geranie, Ylang-Ylang, Lavendel, Artemisia, Muskatellersalbei, Zimt.<br \/>\n<strong>Hintergrundnoten<\/strong> : Moschus, Eichenmoos, Kumarin.<\/p>","protected":false},"featured_media":371,"template":"","meta":[],"product_brand":[],"product_cat":[35,102],"product_tag":[],"class_list":{"0":"post-340","1":"product","2":"type-product","3":"status-publish","4":"has-post-thumbnail","6":"product_cat-bakhour","7":"product_cat-bakhour-nabeel-perfumes","9":"first","10":"outofstock","11":"taxable","12":"shipping-taxable","13":"purchasable","14":"product-type-simple"},"yoast_head":"<!-- This site is optimized with the Yoast SEO plugin v27.4 - https:\/\/yoast.com\/product\/yoast-seo-wordpress\/ -->\n<title>Bakhour Oudh Black 60g I Collection Nabeel Perfumes<\/title>\n<meta name=\"description\" content=\"Voyagez instantan\u00e9ment au c\u0153ur de l\u2019Orient avec le\u00a0bakhour Oudh Black\u00a0de la marque Nabeel Perfumes. Gr\u00e2ce aux notes de celui-ci, il enivrera vos sens.\u00a0\" \/>\n<meta name=\"robots\" content=\"index, follow, max-snippet:-1, max-image-preview:large, max-video-preview:-1\" \/>\n<link rel=\"canonical\" href=\"https:\/\/www.parfumerie-arabe.com\/de\/produkt\/bakhour-oudh-black-60g-nabeel-perfumes\/\" \/>\n<meta property=\"og:locale\" content=\"de_DE\" \/>\n<meta property=\"og:type\" content=\"article\" \/>\n<meta property=\"og:title\" content=\"Bakhour Oudh Black 60g I Collection Nabeel Perfumes\" \/>\n<meta property=\"og:description\" content=\"Voyagez instantan\u00e9ment au c\u0153ur de l\u2019Orient avec le\u00a0bakhour Oudh Black\u00a0de la marque Nabeel Perfumes. Gr\u00e2ce aux notes de celui-ci, il enivrera vos sens.\u00a0\" \/>\n<meta property=\"og:url\" content=\"https:\/\/www.parfumerie-arabe.com\/de\/produkt\/bakhour-oudh-black-60g-nabeel-perfumes\/\" \/>\n<meta property=\"og:site_name\" content=\"Parfumerie Arabe\" \/>\n<meta property=\"article:modified_time\" content=\"2025-11-17T20:02:42+00:00\" \/>\n<meta property=\"og:image\" content=\"https:\/\/www.parfumerie-arabe.com\/wp-content\/uploads\/2022\/08\/bakhour-nabeel-oudh-black.jpg\" \/>\n\t<meta property=\"og:image:width\" content=\"600\" \/>\n\t<meta property=\"og:image:height\" content=\"600\" \/>\n\t<meta property=\"og:image:type\" content=\"image\/jpeg\" \/>\n<meta name=\"twitter:card\" content=\"summary_large_image\" \/>\n<meta name=\"twitter:label1\" content=\"Gesch\u00e4tzte Lesezeit\" \/>\n\t<meta name=\"twitter:data1\" content=\"2\u00a0Minuten\" \/>\n<script type=\"application\/ld+json\" class=\"yoast-schema-graph\">{\"@context\":\"https:\\\/\\\/schema.org\",\"@graph\":[{\"@type\":\"WebPage\",\"@id\":\"https:\\\/\\\/www.parfumerie-arabe.com\\\/produit\\\/bakhour-oudh-black-60g-nabeel-perfumes\\\/\",\"url\":\"https:\\\/\\\/www.parfumerie-arabe.com\\\/produit\\\/bakhour-oudh-black-60g-nabeel-perfumes\\\/\",\"name\":\"Bakhour Oudh Black 60g I Collection Nabeel Perfumes\",\"isPartOf\":{\"@id\":\"https:\\\/\\\/www.parfumerie-arabe.com\\\/#website\"},\"primaryImageOfPage\":{\"@id\":\"https:\\\/\\\/www.parfumerie-arabe.com\\\/produit\\\/bakhour-oudh-black-60g-nabeel-perfumes\\\/#primaryimage\"},\"image\":{\"@id\":\"https:\\\/\\\/www.parfumerie-arabe.com\\\/produit\\\/bakhour-oudh-black-60g-nabeel-perfumes\\\/#primaryimage\"},\"thumbnailUrl\":\"https:\\\/\\\/www.parfumerie-arabe.com\\\/wp-content\\\/uploads\\\/2022\\\/08\\\/bakhour-nabeel-oudh-black.jpg\",\"datePublished\":\"2022-08-20T17:15:22+00:00\",\"dateModified\":\"2025-11-17T20:02:42+00:00\",\"description\":\"Voyagez instantan\u00e9ment au c\u0153ur de l\u2019Orient avec le\u00a0bakhour Oudh Black\u00a0de la marque Nabeel Perfumes. Gr\u00e2ce aux notes de celui-ci, il enivrera vos sens.\u00a0\",\"breadcrumb\":{\"@id\":\"https:\\\/\\\/www.parfumerie-arabe.com\\\/produit\\\/bakhour-oudh-black-60g-nabeel-perfumes\\\/#breadcrumb\"},\"inLanguage\":\"de\",\"potentialAction\":[{\"@type\":\"ReadAction\",\"target\":[\"https:\\\/\\\/www.parfumerie-arabe.com\\\/produit\\\/bakhour-oudh-black-60g-nabeel-perfumes\\\/\"]}]},{\"@type\":\"ImageObject\",\"inLanguage\":\"de\",\"@id\":\"https:\\\/\\\/www.parfumerie-arabe.com\\\/produit\\\/bakhour-oudh-black-60g-nabeel-perfumes\\\/#primaryimage\",\"url\":\"https:\\\/\\\/www.parfumerie-arabe.com\\\/wp-content\\\/uploads\\\/2022\\\/08\\\/bakhour-nabeel-oudh-black.jpg\",\"contentUrl\":\"https:\\\/\\\/www.parfumerie-arabe.com\\\/wp-content\\\/uploads\\\/2022\\\/08\\\/bakhour-nabeel-oudh-black.jpg\",\"width\":600,\"height\":600,\"caption\":\"Bakhour Oudh Black\"},{\"@type\":\"BreadcrumbList\",\"@id\":\"https:\\\/\\\/www.parfumerie-arabe.com\\\/produit\\\/bakhour-oudh-black-60g-nabeel-perfumes\\\/#breadcrumb\",\"itemListElement\":[{\"@type\":\"ListItem\",\"position\":1,\"name\":\"Accueil\",\"item\":\"https:\\\/\\\/www.parfumerie-arabe.com\\\/\"},{\"@type\":\"ListItem\",\"position\":2,\"name\":\"Boutique\",\"item\":\"https:\\\/\\\/www.parfumerie-arabe.com\\\/boutique\\\/\"},{\"@type\":\"ListItem\",\"position\":3,\"name\":\"Bakhour Oudh Black 60g \u2013 Nabeel Perfumes\"}]},{\"@type\":\"WebSite\",\"@id\":\"https:\\\/\\\/www.parfumerie-arabe.com\\\/#website\",\"url\":\"https:\\\/\\\/www.parfumerie-arabe.com\\\/\",\"name\":\"Parfumerie Arabe\",\"description\":\"\",\"publisher\":{\"@id\":\"https:\\\/\\\/www.parfumerie-arabe.com\\\/#organization\"},\"potentialAction\":[{\"@type\":\"SearchAction\",\"target\":{\"@type\":\"EntryPoint\",\"urlTemplate\":\"https:\\\/\\\/www.parfumerie-arabe.com\\\/?s={search_term_string}\"},\"query-input\":{\"@type\":\"PropertyValueSpecification\",\"valueRequired\":true,\"valueName\":\"search_term_string\"}}],\"inLanguage\":\"de\"},{\"@type\":\"Organization\",\"@id\":\"https:\\\/\\\/www.parfumerie-arabe.com\\\/#organization\",\"name\":\"Parfumerie arabe\",\"url\":\"https:\\\/\\\/www.parfumerie-arabe.com\\\/\",\"logo\":{\"@type\":\"ImageObject\",\"inLanguage\":\"de\",\"@id\":\"https:\\\/\\\/www.parfumerie-arabe.com\\\/#\\\/schema\\\/logo\\\/image\\\/\",\"url\":\"https:\\\/\\\/www.parfumerie-arabe.com\\\/wp-content\\\/uploads\\\/2022\\\/08\\\/logo-parfumerie-arabe.png\",\"contentUrl\":\"https:\\\/\\\/www.parfumerie-arabe.com\\\/wp-content\\\/uploads\\\/2022\\\/08\\\/logo-parfumerie-arabe.png\",\"width\":600,\"height\":171,\"caption\":\"Parfumerie arabe\"},\"image\":{\"@id\":\"https:\\\/\\\/www.parfumerie-arabe.com\\\/#\\\/schema\\\/logo\\\/image\\\/\"}}]}<\/script>\n<!-- \/ Yoast SEO plugin. -->","yoast_head_json":{"title":"Bakhour Oudh Black 60g I Collection Nabeel Perfumes","description":"Mit dem Bakhour Oudh Black der Marke Nabeel Perfumes reisen Sie sofort ins Herz des Orients. Dank seiner Noten wird er Ihre Sinne berauschen.\u00a0","robots":{"index":"index","follow":"follow","max-snippet":"max-snippet:-1","max-image-preview":"max-image-preview:large","max-video-preview":"max-video-preview:-1"},"canonical":"https:\/\/www.parfumerie-arabe.com\/de\/produkt\/bakhour-oudh-black-60g-nabeel-perfumes\/","og_locale":"de_DE","og_type":"article","og_title":"Bakhour Oudh Black 60g I Collection Nabeel Perfumes","og_description":"Voyagez instantan\u00e9ment au c\u0153ur de l\u2019Orient avec le\u00a0bakhour Oudh Black\u00a0de la marque Nabeel Perfumes. Gr\u00e2ce aux notes de celui-ci, il enivrera vos sens.\u00a0","og_url":"https:\/\/www.parfumerie-arabe.com\/de\/produkt\/bakhour-oudh-black-60g-nabeel-perfumes\/","og_site_name":"Parfumerie Arabe","article_modified_time":"2025-11-17T20:02:42+00:00","og_image":[{"width":600,"height":600,"url":"https:\/\/www.parfumerie-arabe.com\/wp-content\/uploads\/2022\/08\/bakhour-nabeel-oudh-black.jpg","type":"image\/jpeg"}],"twitter_card":"summary_large_image","twitter_misc":{"Gesch\u00e4tzte Lesezeit":"2\u00a0Minuten"},"schema":{"@context":"https:\/\/schema.org","@graph":[{"@type":"WebPage","@id":"https:\/\/www.parfumerie-arabe.com\/produit\/bakhour-oudh-black-60g-nabeel-perfumes\/","url":"https:\/\/www.parfumerie-arabe.com\/produit\/bakhour-oudh-black-60g-nabeel-perfumes\/","name":"Bakhour Oudh Black 60g I Collection Nabeel Perfumes","isPartOf":{"@id":"https:\/\/www.parfumerie-arabe.com\/#website"},"primaryImageOfPage":{"@id":"https:\/\/www.parfumerie-arabe.com\/produit\/bakhour-oudh-black-60g-nabeel-perfumes\/#primaryimage"},"image":{"@id":"https:\/\/www.parfumerie-arabe.com\/produit\/bakhour-oudh-black-60g-nabeel-perfumes\/#primaryimage"},"thumbnailUrl":"https:\/\/www.parfumerie-arabe.com\/wp-content\/uploads\/2022\/08\/bakhour-nabeel-oudh-black.jpg","datePublished":"2022-08-20T17:15:22+00:00","dateModified":"2025-11-17T20:02:42+00:00","description":"Mit dem Bakhour Oudh Black der Marke Nabeel Perfumes reisen Sie sofort ins Herz des Orients. Dank seiner Noten wird er Ihre Sinne berauschen.\u00a0","breadcrumb":{"@id":"https:\/\/www.parfumerie-arabe.com\/produit\/bakhour-oudh-black-60g-nabeel-perfumes\/#breadcrumb"},"inLanguage":"de","potentialAction":[{"@type":"ReadAction","target":["https:\/\/www.parfumerie-arabe.com\/produit\/bakhour-oudh-black-60g-nabeel-perfumes\/"]}]},{"@type":"ImageObject","inLanguage":"de","@id":"https:\/\/www.parfumerie-arabe.com\/produit\/bakhour-oudh-black-60g-nabeel-perfumes\/#primaryimage","url":"https:\/\/www.parfumerie-arabe.com\/wp-content\/uploads\/2022\/08\/bakhour-nabeel-oudh-black.jpg","contentUrl":"https:\/\/www.parfumerie-arabe.com\/wp-content\/uploads\/2022\/08\/bakhour-nabeel-oudh-black.jpg","width":600,"height":600,"caption":"Bakhour Oudh Black"},{"@type":"BreadcrumbList","@id":"https:\/\/www.parfumerie-arabe.com\/produit\/bakhour-oudh-black-60g-nabeel-perfumes\/#breadcrumb","itemListElement":[{"@type":"ListItem","position":1,"name":"Accueil","item":"https:\/\/www.parfumerie-arabe.com\/"},{"@type":"ListItem","position":2,"name":"Boutique","item":"https:\/\/www.parfumerie-arabe.com\/boutique\/"},{"@type":"ListItem","position":3,"name":"Bakhour Oudh Black 60g \u2013 Nabeel Perfumes"}]},{"@type":"WebSite","@id":"https:\/\/www.parfumerie-arabe.com\/#website","url":"https:\/\/www.parfumerie-arabe.com\/","name":"Arabische Parf\u00fcmerie","description":"","publisher":{"@id":"https:\/\/www.parfumerie-arabe.com\/#organization"},"potentialAction":[{"@type":"SearchAction","target":{"@type":"EntryPoint","urlTemplate":"https:\/\/www.parfumerie-arabe.com\/?s={search_term_string}"},"query-input":{"@type":"PropertyValueSpecification","valueRequired":true,"valueName":"search_term_string"}}],"inLanguage":"de"},{"@type":"Organization","@id":"https:\/\/www.parfumerie-arabe.com\/#organization","name":"Arabische Parf\u00fcmerie","url":"https:\/\/www.parfumerie-arabe.com\/","logo":{"@type":"ImageObject","inLanguage":"de","@id":"https:\/\/www.parfumerie-arabe.com\/#\/schema\/logo\/image\/","url":"https:\/\/www.parfumerie-arabe.com\/wp-content\/uploads\/2022\/08\/logo-parfumerie-arabe.png","contentUrl":"https:\/\/www.parfumerie-arabe.com\/wp-content\/uploads\/2022\/08\/logo-parfumerie-arabe.png","width":600,"height":171,"caption":"Parfumerie arabe"},"image":{"@id":"https:\/\/www.parfumerie-arabe.com\/#\/schema\/logo\/image\/"}}]}},"_links":{"self":[{"href":"https:\/\/www.parfumerie-arabe.com\/de\/wp-json\/wp\/v2\/product\/340","targetHints":{"allow":["GET"]}}],"collection":[{"href":"https:\/\/www.parfumerie-arabe.com\/de\/wp-json\/wp\/v2\/product"}],"about":[{"href":"https:\/\/www.parfumerie-arabe.com\/de\/wp-json\/wp\/v2\/types\/product"}],"wp:featuredmedia":[{"embeddable":true,"href":"https:\/\/www.parfumerie-arabe.com\/de\/wp-json\/wp\/v2\/media\/371"}],"wp:attachment":[{"href":"https:\/\/www.parfumerie-arabe.com\/de\/wp-json\/wp\/v2\/media?parent=340"}],"wp:term":[{"taxonomy":"product_brand","embeddable":true,"href":"https:\/\/www.parfumerie-arabe.com\/de\/wp-json\/wp\/v2\/product_brand?post=340"},{"taxonomy":"product_cat","embeddable":true,"href":"https:\/\/www.parfumerie-arabe.com\/de\/wp-json\/wp\/v2\/product_cat?post=340"},{"taxonomy":"product_tag","embeddable":true,"href":"https:\/\/www.parfumerie-arabe.com\/de\/wp-json\/wp\/v2\/product_tag?post=340"}],"curies":[{"name":"wp","href":"https:\/\/api.w.org\/{rel}","templated":true}]}}