{"id":449,"date":"2022-08-20T17:16:09","date_gmt":"2022-08-20T17:16:09","guid":{"rendered":"https:\/\/www.parfumerie-arabe.com\/?post_type=product&#038;p=449"},"modified":"2025-11-17T20:00:40","modified_gmt":"2025-11-17T20:00:40","slug":"bakhour-al-khanjar","status":"publish","type":"product","link":"https:\/\/www.parfumerie-arabe.com\/de\/produit\/bakhour-al-khanjar\/","title":{"rendered":"Bakhour Al Khanjar 50g - Banafa For Oud"},"content":{"rendered":"<p>Bakhour entspricht, f\u00fcr diejenigen, die es nicht wissen, einem R\u00e4ucherwerk, das aus dem Nahen Osten stammt. In den westlichen L\u00e4ndern greifen die Menschen jedoch immer h\u00e4ufiger darauf zur\u00fcck. Dieser <strong>Raumduft <\/strong>blendet Ihre Tage, indem er in Ihrem Zuhause eine ruhige und bes\u00e4nftigende Atmosph\u00e4re schafft. Entdecken wir gemeinsam den unumg\u00e4nglichen <strong>bakhour Al Khanjar<\/strong>.<\/p>\n<h2><strong>Bakhour Al Khanjar, ein orientalischer Weihrauch, der sich ziemlich gut exportieren l\u00e4sst!<\/strong><\/h2>\n<p>Banafa For Oud bietet Ihnen die M\u00f6glichkeit, eines seiner Hauptprodukte zu entdecken, n\u00e4mlich den Bakhour Al Khanjar. Lassen Sie sich zun\u00e4chst von seiner au\u00dfergew\u00f6hnlichen Verpackung in den Farben des Orients verzaubern. Auf seiner Verpackung befindet sich ein typisch orientalisches Messer \u00abAl Khanjar\u00bb!<\/p>\n<p>Dieser wunderbare Raumduft stammt direkt aus Saudi-Arabien. Au\u00dferdem vereint er so viele Qualit\u00e4ten, angefangen bei seinem Duft, dass er Sie verf\u00fchren und Sie dazu bringen wird, Bakhour zu lieben.<\/p>\n<h2><strong>Definition von Bakhour<\/strong><\/h2>\n<p>Es handelt sich dabei eigentlich um\u2019<strong>orientalischer Weihrauch <\/strong>aus vielen kleinen Holzst\u00fccken zusammengesetzt. Bestellen Sie einen <strong>rundes R\u00e4uchergef\u00e4\u00df schwarz<\/strong>, Sie sind f\u00fcr die Verbrennung von R\u00e4ucherst\u00e4bchen notwendig. Diese sind mit verschiedenen D\u00fcften getr\u00e4nkt, <a href=\"https:\/\/www.parfumerie-arabe.com\/de\/sammlung\/oud-ol-duftol\/\"><strong>\u00d6le<\/strong><\/a> und <strong>Moschus<\/strong>. G\u00f6nnen Sie Ihrem Geruchssinn so ein au\u00dfergew\u00f6hnliches olfaktorisches Erlebnis!<\/p>\n<p>Bakhour Al Khanjar entspricht eher einem Duft, der sowohl blumig als auch holzig ist. Die Welt der Parfums beschr\u00e4nkt sich nicht nur auf die\u2019<strong>Duftwasser<\/strong>. Mon Parfum Dubai freut sich darauf, Ihnen gute D\u00fcfte in vielen verschiedenen Facetten n\u00e4her zu bringen.<\/p>\n<p>Reisen Sie von Ihrem Sofa aus durch die verschiedenen Gro\u00dfst\u00e4dte Saudi-Arabiens. Ziehen Sie von einer Stadt zur anderen und durchqueren Sie dabei die pr\u00e4chtige und riesige W\u00fcste. Das Sandelholz, der Weihrauch und das Oud, die in diesem Duftprodukt enthalten sind, machen es zu einem starken Raumduft. Auch Amber, der f\u00fcr seinen geheimnisvollen und animalischen Duft bekannt ist, findet sich in der Zusammensetzung dieses Weihrauchs wieder.<\/p>\n<h3><strong>Ein s\u00fc\u00dfer Tropfen mit dem Bakhour Al Khanjar<\/strong><\/h3>\n<p>Erliegen Sie auch der Zartheit sowie der Sanftheit der Rose, die dieses <strong>orientalischer Duft<\/strong>. Dieser Duft wurde mit dem Ziel entwickelt, Ihre Sinne zu wecken.<\/p>","protected":false},"excerpt":{"rendered":"<p><strong>Geruchsnoten :<\/strong><\/p>\n<p>Besteht aus Sandelholz, Weihrauch, \u2018Oud, Moschus, Amber und Rose.<\/p>","protected":false},"featured_media":480,"template":"","meta":[],"product_brand":[],"product_cat":[35,38],"product_tag":[],"class_list":{"0":"post-449","1":"product","2":"type-product","3":"status-publish","4":"has-post-thumbnail","6":"product_cat-bakhour","7":"product_cat-banafa-for-oud","9":"first","10":"outofstock","11":"taxable","12":"shipping-taxable","13":"purchasable","14":"product-type-simple"},"yoast_head":"<!-- This site is optimized with the Yoast SEO plugin v27.4 - https:\/\/yoast.com\/product\/yoast-seo-wordpress\/ -->\n<title>Bakhour Al Khanjar I Parfum d&#039;int\u00e9rieur Made in Duba\u00ef<\/title>\n<meta name=\"description\" content=\"Ce parfum d&#039;int\u00e9rieur \u00e9blouit vos journ\u00e9es en installant dans vos foyers une ambiance de tranquillit\u00e9. D\u00e9couvrons ensemble le bakhour Al Khanjar.\" \/>\n<meta name=\"robots\" content=\"index, follow, max-snippet:-1, max-image-preview:large, max-video-preview:-1\" \/>\n<link rel=\"canonical\" href=\"https:\/\/www.parfumerie-arabe.com\/de\/produkt\/bakhour-al-khanjar\/\" \/>\n<meta property=\"og:locale\" content=\"de_DE\" \/>\n<meta property=\"og:type\" content=\"article\" \/>\n<meta property=\"og:title\" content=\"Bakhour Al Khanjar I Parfum d&#039;int\u00e9rieur Made in Duba\u00ef\" \/>\n<meta property=\"og:description\" content=\"Ce parfum d&#039;int\u00e9rieur \u00e9blouit vos journ\u00e9es en installant dans vos foyers une ambiance de tranquillit\u00e9. D\u00e9couvrons ensemble le bakhour Al Khanjar.\" \/>\n<meta property=\"og:url\" content=\"https:\/\/www.parfumerie-arabe.com\/de\/produkt\/bakhour-al-khanjar\/\" \/>\n<meta property=\"og:site_name\" content=\"Parfumerie Arabe\" \/>\n<meta property=\"article:modified_time\" content=\"2025-11-17T20:00:40+00:00\" \/>\n<meta property=\"og:image\" content=\"https:\/\/www.parfumerie-arabe.com\/wp-content\/uploads\/2022\/08\/bakhour-al-khanjar.jpeg\" \/>\n\t<meta property=\"og:image:width\" content=\"600\" \/>\n\t<meta property=\"og:image:height\" content=\"600\" \/>\n\t<meta property=\"og:image:type\" content=\"image\/jpeg\" \/>\n<meta name=\"twitter:card\" content=\"summary_large_image\" \/>\n<meta name=\"twitter:label1\" content=\"Gesch\u00e4tzte Lesezeit\" \/>\n\t<meta name=\"twitter:data1\" content=\"2\u00a0Minuten\" \/>\n<script type=\"application\/ld+json\" class=\"yoast-schema-graph\">{\"@context\":\"https:\\\/\\\/schema.org\",\"@graph\":[{\"@type\":\"WebPage\",\"@id\":\"https:\\\/\\\/www.parfumerie-arabe.com\\\/produit\\\/bakhour-al-khanjar\\\/\",\"url\":\"https:\\\/\\\/www.parfumerie-arabe.com\\\/produit\\\/bakhour-al-khanjar\\\/\",\"name\":\"Bakhour Al Khanjar I Parfum d'int\u00e9rieur Made in Duba\u00ef\",\"isPartOf\":{\"@id\":\"https:\\\/\\\/www.parfumerie-arabe.com\\\/#website\"},\"primaryImageOfPage\":{\"@id\":\"https:\\\/\\\/www.parfumerie-arabe.com\\\/produit\\\/bakhour-al-khanjar\\\/#primaryimage\"},\"image\":{\"@id\":\"https:\\\/\\\/www.parfumerie-arabe.com\\\/produit\\\/bakhour-al-khanjar\\\/#primaryimage\"},\"thumbnailUrl\":\"https:\\\/\\\/www.parfumerie-arabe.com\\\/wp-content\\\/uploads\\\/2022\\\/08\\\/bakhour-al-khanjar.jpeg\",\"datePublished\":\"2022-08-20T17:16:09+00:00\",\"dateModified\":\"2025-11-17T20:00:40+00:00\",\"description\":\"Ce parfum d'int\u00e9rieur \u00e9blouit vos journ\u00e9es en installant dans vos foyers une ambiance de tranquillit\u00e9. D\u00e9couvrons ensemble le bakhour Al Khanjar.\",\"breadcrumb\":{\"@id\":\"https:\\\/\\\/www.parfumerie-arabe.com\\\/produit\\\/bakhour-al-khanjar\\\/#breadcrumb\"},\"inLanguage\":\"de\",\"potentialAction\":[{\"@type\":\"ReadAction\",\"target\":[\"https:\\\/\\\/www.parfumerie-arabe.com\\\/produit\\\/bakhour-al-khanjar\\\/\"]}]},{\"@type\":\"ImageObject\",\"inLanguage\":\"de\",\"@id\":\"https:\\\/\\\/www.parfumerie-arabe.com\\\/produit\\\/bakhour-al-khanjar\\\/#primaryimage\",\"url\":\"https:\\\/\\\/www.parfumerie-arabe.com\\\/wp-content\\\/uploads\\\/2022\\\/08\\\/bakhour-al-khanjar.jpeg\",\"contentUrl\":\"https:\\\/\\\/www.parfumerie-arabe.com\\\/wp-content\\\/uploads\\\/2022\\\/08\\\/bakhour-al-khanjar.jpeg\",\"width\":600,\"height\":600,\"caption\":\"Bakhour Al Khanjar\"},{\"@type\":\"BreadcrumbList\",\"@id\":\"https:\\\/\\\/www.parfumerie-arabe.com\\\/produit\\\/bakhour-al-khanjar\\\/#breadcrumb\",\"itemListElement\":[{\"@type\":\"ListItem\",\"position\":1,\"name\":\"Accueil\",\"item\":\"https:\\\/\\\/www.parfumerie-arabe.com\\\/\"},{\"@type\":\"ListItem\",\"position\":2,\"name\":\"Boutique\",\"item\":\"https:\\\/\\\/www.parfumerie-arabe.com\\\/boutique\\\/\"},{\"@type\":\"ListItem\",\"position\":3,\"name\":\"Bakhour Al Khanjar 50g \u2013 Banafa For Oud\"}]},{\"@type\":\"WebSite\",\"@id\":\"https:\\\/\\\/www.parfumerie-arabe.com\\\/#website\",\"url\":\"https:\\\/\\\/www.parfumerie-arabe.com\\\/\",\"name\":\"Parfumerie Arabe\",\"description\":\"\",\"publisher\":{\"@id\":\"https:\\\/\\\/www.parfumerie-arabe.com\\\/#organization\"},\"potentialAction\":[{\"@type\":\"SearchAction\",\"target\":{\"@type\":\"EntryPoint\",\"urlTemplate\":\"https:\\\/\\\/www.parfumerie-arabe.com\\\/?s={search_term_string}\"},\"query-input\":{\"@type\":\"PropertyValueSpecification\",\"valueRequired\":true,\"valueName\":\"search_term_string\"}}],\"inLanguage\":\"de\"},{\"@type\":\"Organization\",\"@id\":\"https:\\\/\\\/www.parfumerie-arabe.com\\\/#organization\",\"name\":\"Parfumerie arabe\",\"url\":\"https:\\\/\\\/www.parfumerie-arabe.com\\\/\",\"logo\":{\"@type\":\"ImageObject\",\"inLanguage\":\"de\",\"@id\":\"https:\\\/\\\/www.parfumerie-arabe.com\\\/#\\\/schema\\\/logo\\\/image\\\/\",\"url\":\"https:\\\/\\\/www.parfumerie-arabe.com\\\/wp-content\\\/uploads\\\/2022\\\/08\\\/logo-parfumerie-arabe.png\",\"contentUrl\":\"https:\\\/\\\/www.parfumerie-arabe.com\\\/wp-content\\\/uploads\\\/2022\\\/08\\\/logo-parfumerie-arabe.png\",\"width\":600,\"height\":171,\"caption\":\"Parfumerie arabe\"},\"image\":{\"@id\":\"https:\\\/\\\/www.parfumerie-arabe.com\\\/#\\\/schema\\\/logo\\\/image\\\/\"}}]}<\/script>\n<!-- \/ Yoast SEO plugin. -->","yoast_head_json":{"title":"Bakhour Al Khanjar I Raumduft Made in Dubai","description":"Dieser Raumduft blendet Ihre Tage, indem er in Ihren H\u00e4usern eine ruhige Atmosph\u00e4re schafft. Lassen Sie uns gemeinsam den Bakhour Al Khanjar entdecken.","robots":{"index":"index","follow":"follow","max-snippet":"max-snippet:-1","max-image-preview":"max-image-preview:large","max-video-preview":"max-video-preview:-1"},"canonical":"https:\/\/www.parfumerie-arabe.com\/de\/produkt\/bakhour-al-khanjar\/","og_locale":"de_DE","og_type":"article","og_title":"Bakhour Al Khanjar I Parfum d'int\u00e9rieur Made in Duba\u00ef","og_description":"Ce parfum d'int\u00e9rieur \u00e9blouit vos journ\u00e9es en installant dans vos foyers une ambiance de tranquillit\u00e9. D\u00e9couvrons ensemble le bakhour Al Khanjar.","og_url":"https:\/\/www.parfumerie-arabe.com\/de\/produkt\/bakhour-al-khanjar\/","og_site_name":"Parfumerie Arabe","article_modified_time":"2025-11-17T20:00:40+00:00","og_image":[{"width":600,"height":600,"url":"https:\/\/www.parfumerie-arabe.com\/wp-content\/uploads\/2022\/08\/bakhour-al-khanjar.jpeg","type":"image\/jpeg"}],"twitter_card":"summary_large_image","twitter_misc":{"Gesch\u00e4tzte Lesezeit":"2\u00a0Minuten"},"schema":{"@context":"https:\/\/schema.org","@graph":[{"@type":"WebPage","@id":"https:\/\/www.parfumerie-arabe.com\/produit\/bakhour-al-khanjar\/","url":"https:\/\/www.parfumerie-arabe.com\/produit\/bakhour-al-khanjar\/","name":"Bakhour Al Khanjar I Raumduft Made in Dubai","isPartOf":{"@id":"https:\/\/www.parfumerie-arabe.com\/#website"},"primaryImageOfPage":{"@id":"https:\/\/www.parfumerie-arabe.com\/produit\/bakhour-al-khanjar\/#primaryimage"},"image":{"@id":"https:\/\/www.parfumerie-arabe.com\/produit\/bakhour-al-khanjar\/#primaryimage"},"thumbnailUrl":"https:\/\/www.parfumerie-arabe.com\/wp-content\/uploads\/2022\/08\/bakhour-al-khanjar.jpeg","datePublished":"2022-08-20T17:16:09+00:00","dateModified":"2025-11-17T20:00:40+00:00","description":"Dieser Raumduft blendet Ihre Tage, indem er in Ihren H\u00e4usern eine ruhige Atmosph\u00e4re schafft. Lassen Sie uns gemeinsam den Bakhour Al Khanjar entdecken.","breadcrumb":{"@id":"https:\/\/www.parfumerie-arabe.com\/produit\/bakhour-al-khanjar\/#breadcrumb"},"inLanguage":"de","potentialAction":[{"@type":"ReadAction","target":["https:\/\/www.parfumerie-arabe.com\/produit\/bakhour-al-khanjar\/"]}]},{"@type":"ImageObject","inLanguage":"de","@id":"https:\/\/www.parfumerie-arabe.com\/produit\/bakhour-al-khanjar\/#primaryimage","url":"https:\/\/www.parfumerie-arabe.com\/wp-content\/uploads\/2022\/08\/bakhour-al-khanjar.jpeg","contentUrl":"https:\/\/www.parfumerie-arabe.com\/wp-content\/uploads\/2022\/08\/bakhour-al-khanjar.jpeg","width":600,"height":600,"caption":"Bakhour Al Khanjar"},{"@type":"BreadcrumbList","@id":"https:\/\/www.parfumerie-arabe.com\/produit\/bakhour-al-khanjar\/#breadcrumb","itemListElement":[{"@type":"ListItem","position":1,"name":"Accueil","item":"https:\/\/www.parfumerie-arabe.com\/"},{"@type":"ListItem","position":2,"name":"Boutique","item":"https:\/\/www.parfumerie-arabe.com\/boutique\/"},{"@type":"ListItem","position":3,"name":"Bakhour Al Khanjar 50g \u2013 Banafa For Oud"}]},{"@type":"WebSite","@id":"https:\/\/www.parfumerie-arabe.com\/#website","url":"https:\/\/www.parfumerie-arabe.com\/","name":"Arabische Parf\u00fcmerie","description":"","publisher":{"@id":"https:\/\/www.parfumerie-arabe.com\/#organization"},"potentialAction":[{"@type":"SearchAction","target":{"@type":"EntryPoint","urlTemplate":"https:\/\/www.parfumerie-arabe.com\/?s={search_term_string}"},"query-input":{"@type":"PropertyValueSpecification","valueRequired":true,"valueName":"search_term_string"}}],"inLanguage":"de"},{"@type":"Organization","@id":"https:\/\/www.parfumerie-arabe.com\/#organization","name":"Arabische Parf\u00fcmerie","url":"https:\/\/www.parfumerie-arabe.com\/","logo":{"@type":"ImageObject","inLanguage":"de","@id":"https:\/\/www.parfumerie-arabe.com\/#\/schema\/logo\/image\/","url":"https:\/\/www.parfumerie-arabe.com\/wp-content\/uploads\/2022\/08\/logo-parfumerie-arabe.png","contentUrl":"https:\/\/www.parfumerie-arabe.com\/wp-content\/uploads\/2022\/08\/logo-parfumerie-arabe.png","width":600,"height":171,"caption":"Parfumerie arabe"},"image":{"@id":"https:\/\/www.parfumerie-arabe.com\/#\/schema\/logo\/image\/"}}]}},"_links":{"self":[{"href":"https:\/\/www.parfumerie-arabe.com\/de\/wp-json\/wp\/v2\/product\/449","targetHints":{"allow":["GET"]}}],"collection":[{"href":"https:\/\/www.parfumerie-arabe.com\/de\/wp-json\/wp\/v2\/product"}],"about":[{"href":"https:\/\/www.parfumerie-arabe.com\/de\/wp-json\/wp\/v2\/types\/product"}],"wp:featuredmedia":[{"embeddable":true,"href":"https:\/\/www.parfumerie-arabe.com\/de\/wp-json\/wp\/v2\/media\/480"}],"wp:attachment":[{"href":"https:\/\/www.parfumerie-arabe.com\/de\/wp-json\/wp\/v2\/media?parent=449"}],"wp:term":[{"taxonomy":"product_brand","embeddable":true,"href":"https:\/\/www.parfumerie-arabe.com\/de\/wp-json\/wp\/v2\/product_brand?post=449"},{"taxonomy":"product_cat","embeddable":true,"href":"https:\/\/www.parfumerie-arabe.com\/de\/wp-json\/wp\/v2\/product_cat?post=449"},{"taxonomy":"product_tag","embeddable":true,"href":"https:\/\/www.parfumerie-arabe.com\/de\/wp-json\/wp\/v2\/product_tag?post=449"}],"curies":[{"name":"wp","href":"https:\/\/api.w.org\/{rel}","templated":true}]}}