{"id":595,"date":"2022-10-02T20:22:47","date_gmt":"2022-10-02T20:22:47","guid":{"rendered":"https:\/\/www.parfumerie-arabe.com\/?post_type=product&#038;p=595"},"modified":"2025-09-09T12:24:03","modified_gmt":"2025-09-09T12:24:03","slug":"khamrah-100ml-lattafa","status":"publish","type":"product","link":"https:\/\/www.parfumerie-arabe.com\/de\/produit\/khamrah-100ml-lattafa\/","title":{"rendered":"Khamrah 100ml - Lattafa"},"content":{"rendered":"<p>Khamrah von Lattafa ist das Parfum, das Ihnen ein L\u00e4cheln auf die Lippen zaubert. Es ist eines der erfolgreichsten Parfums der ber\u00fchmten Marke Lattafa aus den Vereinigten Arabischen Emiraten. Es ist f\u00fcr M\u00e4nner und Frauen bestimmt und wird Sie stundenlang kleiden.<\/p>\n<h2><strong>Fr\u00f6hliche D\u00fcfte<\/strong><\/h2>\n<p>Mit diesem neuen Duft wird Lattafa Sie\u00a0<strong>ersch\u00fcttern.<\/strong>\u00a0Es ist eine\u00a0<strong>Gef\u00fchlsexplosion<\/strong>\u00a0unbeschreiblich, so stark und originell sind sie. Es ist die S\u00fc\u00dfe, die sich mit der Kraft des Bernsteins vereint. Aber es ist auch das Zusammentreffen von S\u00fc\u00dfe und S\u00e4ure bei gleichzeitiger Leichtigkeit.<\/p>\n<p>Es ist offensichtlich, dass Sie s\u00fcchtig nach seinen s\u00fc\u00dfen und w\u00fcrzigen Gourmetd\u00fcften sein werden. Es ist eine olfaktorische Mischung aus Pralinen, Datteln und Zimt mit einem Hauch von Vanille und Fr\u00fcchten. Das Ganze mit einer leichten Bernstein-Note.  Es ist ein einzigartiger Duft, der Sie mitrei\u00dfen wird!<\/p>\n<h2><strong>Khamrah, eine prestigetr\u00e4chtige Verpackung\u00a0<\/strong><\/h2>\n<p>Seine schlichte und schicke Verpackung wird Sie faszinieren. Auf dem Sockel aus hellem Holz befindet sich ein schwarzer W\u00fcrfel, der elegant mit den Namen des Parfums und der Marke in goldenen Buchstaben bekleidet ist. Wenn Sie diese Verpackung anheben, bietet sich Ihnen ein Anblick: Der Flakon steht in seinem Sockel und auf der R\u00fcckseite befindet sich ein Spiegel, in dem sich der wundersch\u00f6ne Flakon widerspiegelt.\u00a0<strong>Wenn Sie ein Geschenk machen wollen, sind Sie hier genau richtig.<\/strong>\u00a0! Noch bevor Sie seinen bet\u00f6renden Geruch wahrnehmen, wird Khamrah die gl\u00fcckliche Auserw\u00e4hlte beeindrucken.<\/p>\n<h3><strong>Die wichtigsten Schritte, um immer gut zu riechen<\/strong><\/h3>\n<p>Sie haben sicher schon einmal geh\u00f6rt, dass man nicht zu viel spr\u00fchen soll. In Wirklichkeit geht es darum, zu wissen, wie Ihre Haut reagiert. Das angesehene Khamrah wird auch f\u00fcr seine lange Haltbarkeit geliebt, aber das h\u00e4ngt von der Person ab. Achten Sie daher auf die warmen Stellen Ihres K\u00f6rpers. Das sind die Handgelenke, der Hals, die Innenseiten der Knie und die Kn\u00f6chel. Und wenn Sie das Vergn\u00fcgen verl\u00e4ngern wollen, spr\u00fchen Sie es auch auf Ihr Haar.<\/p>\n<p>F\u00fcr weitere Duftreisen mit Lattafa versuchen Sie\u00a0<a href=\"https:\/\/www.mon-parfum-dubai.com\/produit\/parfum-fakhar-lattafa\/\"><strong>Fakhar<\/strong><\/a>\u00a0f\u00fcr die Frau oder\u00a0<a href=\"https:\/\/www.mon-parfum-dubai.com\/produit\/eau-de-parfum-hayaati-lattafa\/\"><strong>Hayaati<\/strong><\/a>. Wir warnen Sie: Es wird ein wahres Erwachen Ihrer Sinne sein!<\/p>","protected":false},"excerpt":{"rendered":"<p><strong>Geruchsnoten :<\/strong><\/p>\n<p><strong>Kopfnoten<\/strong> : Bergamotte, Muskatnuss, Zimt<br \/>\n<strong>Herznoten<\/strong> : Datteln, Mahonial, Pralin\u00e9, Tuberose<br \/>\n<strong>Hintergrundnoten<\/strong> Myrrhe, ger\u00f6stete Tonkabohne, Vanille, Benzoe, Amber, Akigala-Holz.<\/p>\n<p><strong>Genre<\/strong> : Gemischt.<\/p>","protected":false},"featured_media":608,"template":"","meta":[],"product_brand":[],"product_cat":[17,15,19],"product_tag":[],"class_list":{"0":"post-595","1":"product","2":"type-product","3":"status-publish","4":"has-post-thumbnail","6":"product_cat-lattafa","7":"product_cat-parfum-homme","8":"product_cat-parfum-oud-femme","10":"first","11":"instock","12":"taxable","13":"shipping-taxable","14":"purchasable","15":"product-type-simple"},"yoast_head":"<!-- This site is optimized with the Yoast SEO plugin v27.4 - https:\/\/yoast.com\/product\/yoast-seo-wordpress\/ -->\n<title>Khamrah 100ml - Lattafa - Parfumerie Arabe<\/title>\n<meta name=\"robots\" content=\"index, follow, max-snippet:-1, max-image-preview:large, max-video-preview:-1\" \/>\n<link rel=\"canonical\" href=\"https:\/\/www.parfumerie-arabe.com\/de\/produkt\/khamrah-100ml-lattafa\/\" \/>\n<meta property=\"og:locale\" content=\"de_DE\" \/>\n<meta property=\"og:type\" content=\"article\" \/>\n<meta property=\"og:title\" content=\"Khamrah 100ml - Lattafa - Parfumerie Arabe\" \/>\n<meta property=\"og:description\" content=\"Notes olfactives :  Notes de t\u00eate : Bergamote, Noix de Muscade, Cannelle Notes de coeur : Dattes, Mahonial, Pralin\u00e9, Tub\u00e9reuse Notes de fond : Myrrhe, f\u00e8ve Tonka grill\u00e9e, Vanille, Benjoin, Ambre, Bois d\u2019Akigala.  Genre : Mixte.\" \/>\n<meta property=\"og:url\" content=\"https:\/\/www.parfumerie-arabe.com\/de\/produkt\/khamrah-100ml-lattafa\/\" \/>\n<meta property=\"og:site_name\" content=\"Parfumerie Arabe\" \/>\n<meta property=\"article:modified_time\" content=\"2025-09-09T12:24:03+00:00\" \/>\n<meta property=\"og:image\" content=\"https:\/\/www.parfumerie-arabe.com\/wp-content\/uploads\/2022\/10\/khamrah-lattafa.jpg\" \/>\n\t<meta property=\"og:image:width\" content=\"600\" \/>\n\t<meta property=\"og:image:height\" content=\"600\" \/>\n\t<meta property=\"og:image:type\" content=\"image\/jpeg\" \/>\n<meta name=\"twitter:card\" content=\"summary_large_image\" \/>\n<meta name=\"twitter:label1\" content=\"Gesch\u00e4tzte Lesezeit\" \/>\n\t<meta name=\"twitter:data1\" content=\"2\u00a0Minuten\" \/>\n<script type=\"application\/ld+json\" class=\"yoast-schema-graph\">{\"@context\":\"https:\\\/\\\/schema.org\",\"@graph\":[{\"@type\":\"WebPage\",\"@id\":\"https:\\\/\\\/www.parfumerie-arabe.com\\\/produit\\\/khamrah-100ml-lattafa\\\/\",\"url\":\"https:\\\/\\\/www.parfumerie-arabe.com\\\/produit\\\/khamrah-100ml-lattafa\\\/\",\"name\":\"Khamrah 100ml - Lattafa - Parfumerie Arabe\",\"isPartOf\":{\"@id\":\"https:\\\/\\\/www.parfumerie-arabe.com\\\/#website\"},\"primaryImageOfPage\":{\"@id\":\"https:\\\/\\\/www.parfumerie-arabe.com\\\/produit\\\/khamrah-100ml-lattafa\\\/#primaryimage\"},\"image\":{\"@id\":\"https:\\\/\\\/www.parfumerie-arabe.com\\\/produit\\\/khamrah-100ml-lattafa\\\/#primaryimage\"},\"thumbnailUrl\":\"https:\\\/\\\/www.parfumerie-arabe.com\\\/wp-content\\\/uploads\\\/2022\\\/10\\\/khamrah-lattafa.jpg\",\"datePublished\":\"2022-10-02T20:22:47+00:00\",\"dateModified\":\"2025-09-09T12:24:03+00:00\",\"breadcrumb\":{\"@id\":\"https:\\\/\\\/www.parfumerie-arabe.com\\\/produit\\\/khamrah-100ml-lattafa\\\/#breadcrumb\"},\"inLanguage\":\"de\",\"potentialAction\":[{\"@type\":\"ReadAction\",\"target\":[\"https:\\\/\\\/www.parfumerie-arabe.com\\\/produit\\\/khamrah-100ml-lattafa\\\/\"]}]},{\"@type\":\"ImageObject\",\"inLanguage\":\"de\",\"@id\":\"https:\\\/\\\/www.parfumerie-arabe.com\\\/produit\\\/khamrah-100ml-lattafa\\\/#primaryimage\",\"url\":\"https:\\\/\\\/www.parfumerie-arabe.com\\\/wp-content\\\/uploads\\\/2022\\\/10\\\/khamrah-lattafa.jpg\",\"contentUrl\":\"https:\\\/\\\/www.parfumerie-arabe.com\\\/wp-content\\\/uploads\\\/2022\\\/10\\\/khamrah-lattafa.jpg\",\"width\":600,\"height\":600},{\"@type\":\"BreadcrumbList\",\"@id\":\"https:\\\/\\\/www.parfumerie-arabe.com\\\/produit\\\/khamrah-100ml-lattafa\\\/#breadcrumb\",\"itemListElement\":[{\"@type\":\"ListItem\",\"position\":1,\"name\":\"Accueil\",\"item\":\"https:\\\/\\\/www.parfumerie-arabe.com\\\/\"},{\"@type\":\"ListItem\",\"position\":2,\"name\":\"Boutique\",\"item\":\"https:\\\/\\\/www.parfumerie-arabe.com\\\/boutique\\\/\"},{\"@type\":\"ListItem\",\"position\":3,\"name\":\"Khamrah 100ml &#8211; Lattafa\"}]},{\"@type\":\"WebSite\",\"@id\":\"https:\\\/\\\/www.parfumerie-arabe.com\\\/#website\",\"url\":\"https:\\\/\\\/www.parfumerie-arabe.com\\\/\",\"name\":\"Parfumerie Arabe\",\"description\":\"\",\"publisher\":{\"@id\":\"https:\\\/\\\/www.parfumerie-arabe.com\\\/#organization\"},\"potentialAction\":[{\"@type\":\"SearchAction\",\"target\":{\"@type\":\"EntryPoint\",\"urlTemplate\":\"https:\\\/\\\/www.parfumerie-arabe.com\\\/?s={search_term_string}\"},\"query-input\":{\"@type\":\"PropertyValueSpecification\",\"valueRequired\":true,\"valueName\":\"search_term_string\"}}],\"inLanguage\":\"de\"},{\"@type\":\"Organization\",\"@id\":\"https:\\\/\\\/www.parfumerie-arabe.com\\\/#organization\",\"name\":\"Parfumerie arabe\",\"url\":\"https:\\\/\\\/www.parfumerie-arabe.com\\\/\",\"logo\":{\"@type\":\"ImageObject\",\"inLanguage\":\"de\",\"@id\":\"https:\\\/\\\/www.parfumerie-arabe.com\\\/#\\\/schema\\\/logo\\\/image\\\/\",\"url\":\"https:\\\/\\\/www.parfumerie-arabe.com\\\/wp-content\\\/uploads\\\/2022\\\/08\\\/logo-parfumerie-arabe.png\",\"contentUrl\":\"https:\\\/\\\/www.parfumerie-arabe.com\\\/wp-content\\\/uploads\\\/2022\\\/08\\\/logo-parfumerie-arabe.png\",\"width\":600,\"height\":171,\"caption\":\"Parfumerie arabe\"},\"image\":{\"@id\":\"https:\\\/\\\/www.parfumerie-arabe.com\\\/#\\\/schema\\\/logo\\\/image\\\/\"}}]}<\/script>\n<!-- \/ Yoast SEO plugin. -->","yoast_head_json":{"title":"Khamrah 100ml - Lattafa - Arabische Parf\u00fcmerie","robots":{"index":"index","follow":"follow","max-snippet":"max-snippet:-1","max-image-preview":"max-image-preview:large","max-video-preview":"max-video-preview:-1"},"canonical":"https:\/\/www.parfumerie-arabe.com\/de\/produkt\/khamrah-100ml-lattafa\/","og_locale":"de_DE","og_type":"article","og_title":"Khamrah 100ml - Lattafa - Parfumerie Arabe","og_description":"Notes olfactives :  Notes de t\u00eate : Bergamote, Noix de Muscade, Cannelle Notes de coeur : Dattes, Mahonial, Pralin\u00e9, Tub\u00e9reuse Notes de fond : Myrrhe, f\u00e8ve Tonka grill\u00e9e, Vanille, Benjoin, Ambre, Bois d\u2019Akigala.  Genre : Mixte.","og_url":"https:\/\/www.parfumerie-arabe.com\/de\/produkt\/khamrah-100ml-lattafa\/","og_site_name":"Parfumerie Arabe","article_modified_time":"2025-09-09T12:24:03+00:00","og_image":[{"width":600,"height":600,"url":"https:\/\/www.parfumerie-arabe.com\/wp-content\/uploads\/2022\/10\/khamrah-lattafa.jpg","type":"image\/jpeg"}],"twitter_card":"summary_large_image","twitter_misc":{"Gesch\u00e4tzte Lesezeit":"2\u00a0Minuten"},"schema":{"@context":"https:\/\/schema.org","@graph":[{"@type":"WebPage","@id":"https:\/\/www.parfumerie-arabe.com\/produit\/khamrah-100ml-lattafa\/","url":"https:\/\/www.parfumerie-arabe.com\/produit\/khamrah-100ml-lattafa\/","name":"Khamrah 100ml - Lattafa - Arabische Parf\u00fcmerie","isPartOf":{"@id":"https:\/\/www.parfumerie-arabe.com\/#website"},"primaryImageOfPage":{"@id":"https:\/\/www.parfumerie-arabe.com\/produit\/khamrah-100ml-lattafa\/#primaryimage"},"image":{"@id":"https:\/\/www.parfumerie-arabe.com\/produit\/khamrah-100ml-lattafa\/#primaryimage"},"thumbnailUrl":"https:\/\/www.parfumerie-arabe.com\/wp-content\/uploads\/2022\/10\/khamrah-lattafa.jpg","datePublished":"2022-10-02T20:22:47+00:00","dateModified":"2025-09-09T12:24:03+00:00","breadcrumb":{"@id":"https:\/\/www.parfumerie-arabe.com\/produit\/khamrah-100ml-lattafa\/#breadcrumb"},"inLanguage":"de","potentialAction":[{"@type":"ReadAction","target":["https:\/\/www.parfumerie-arabe.com\/produit\/khamrah-100ml-lattafa\/"]}]},{"@type":"ImageObject","inLanguage":"de","@id":"https:\/\/www.parfumerie-arabe.com\/produit\/khamrah-100ml-lattafa\/#primaryimage","url":"https:\/\/www.parfumerie-arabe.com\/wp-content\/uploads\/2022\/10\/khamrah-lattafa.jpg","contentUrl":"https:\/\/www.parfumerie-arabe.com\/wp-content\/uploads\/2022\/10\/khamrah-lattafa.jpg","width":600,"height":600},{"@type":"BreadcrumbList","@id":"https:\/\/www.parfumerie-arabe.com\/produit\/khamrah-100ml-lattafa\/#breadcrumb","itemListElement":[{"@type":"ListItem","position":1,"name":"Accueil","item":"https:\/\/www.parfumerie-arabe.com\/"},{"@type":"ListItem","position":2,"name":"Boutique","item":"https:\/\/www.parfumerie-arabe.com\/boutique\/"},{"@type":"ListItem","position":3,"name":"Khamrah 100ml &#8211; Lattafa"}]},{"@type":"WebSite","@id":"https:\/\/www.parfumerie-arabe.com\/#website","url":"https:\/\/www.parfumerie-arabe.com\/","name":"Arabische Parf\u00fcmerie","description":"","publisher":{"@id":"https:\/\/www.parfumerie-arabe.com\/#organization"},"potentialAction":[{"@type":"SearchAction","target":{"@type":"EntryPoint","urlTemplate":"https:\/\/www.parfumerie-arabe.com\/?s={search_term_string}"},"query-input":{"@type":"PropertyValueSpecification","valueRequired":true,"valueName":"search_term_string"}}],"inLanguage":"de"},{"@type":"Organization","@id":"https:\/\/www.parfumerie-arabe.com\/#organization","name":"Arabische Parf\u00fcmerie","url":"https:\/\/www.parfumerie-arabe.com\/","logo":{"@type":"ImageObject","inLanguage":"de","@id":"https:\/\/www.parfumerie-arabe.com\/#\/schema\/logo\/image\/","url":"https:\/\/www.parfumerie-arabe.com\/wp-content\/uploads\/2022\/08\/logo-parfumerie-arabe.png","contentUrl":"https:\/\/www.parfumerie-arabe.com\/wp-content\/uploads\/2022\/08\/logo-parfumerie-arabe.png","width":600,"height":171,"caption":"Parfumerie arabe"},"image":{"@id":"https:\/\/www.parfumerie-arabe.com\/#\/schema\/logo\/image\/"}}]}},"_links":{"self":[{"href":"https:\/\/www.parfumerie-arabe.com\/de\/wp-json\/wp\/v2\/product\/595","targetHints":{"allow":["GET"]}}],"collection":[{"href":"https:\/\/www.parfumerie-arabe.com\/de\/wp-json\/wp\/v2\/product"}],"about":[{"href":"https:\/\/www.parfumerie-arabe.com\/de\/wp-json\/wp\/v2\/types\/product"}],"wp:featuredmedia":[{"embeddable":true,"href":"https:\/\/www.parfumerie-arabe.com\/de\/wp-json\/wp\/v2\/media\/608"}],"wp:attachment":[{"href":"https:\/\/www.parfumerie-arabe.com\/de\/wp-json\/wp\/v2\/media?parent=595"}],"wp:term":[{"taxonomy":"product_brand","embeddable":true,"href":"https:\/\/www.parfumerie-arabe.com\/de\/wp-json\/wp\/v2\/product_brand?post=595"},{"taxonomy":"product_cat","embeddable":true,"href":"https:\/\/www.parfumerie-arabe.com\/de\/wp-json\/wp\/v2\/product_cat?post=595"},{"taxonomy":"product_tag","embeddable":true,"href":"https:\/\/www.parfumerie-arabe.com\/de\/wp-json\/wp\/v2\/product_tag?post=595"}],"curies":[{"name":"wp","href":"https:\/\/api.w.org\/{rel}","templated":true}]}}