{"id":597,"date":"2015-10-02T20:22:47","date_gmt":"2015-10-02T20:22:47","guid":{"rendered":"https:\/\/www.parfumerie-arabe.com\/?post_type=product&#038;p=597"},"modified":"2025-11-11T08:21:08","modified_gmt":"2025-11-11T08:21:08","slug":"ahlaam-100ml-wasam-von-lattafa","status":"publish","type":"product","link":"https:\/\/www.parfumerie-arabe.com\/de\/produit\/ahlaam-100ml-wasam-de-lattafa\/","title":{"rendered":"Ahlaam 100ml - Wasam von Lattafa"},"content":{"rendered":"<p><strong>Mein Dubai-Parfum<\/strong>, ist eine\u00a0<strong>Online-Parf\u00fcmerie\u00a0<\/strong>die Sie D\u00fcfte entdecken l\u00e4sst, die vor allem aus dem Nahen Osten stammen. Sie haben die M\u00f6glichkeit, originelle Produkte zu erwerben. Dr\u00fccken Sie Ihre Identit\u00e4t durch die\u2019<strong>Eau de Parfum Ahlaam - Wasam.\u00a0<\/strong>Nachdem Sie es ausprobiert haben, werden Sie Bedauern dar\u00fcber hegen, dass Sie es nicht schon fr\u00fcher gekannt haben!<\/p>\n<h2><strong>Das Eau de Parfum Ahlaam, ein Meisterwerk von Lattafa<\/strong><\/h2>\n<p>Dieses Eau de Parfum stammt aus Dubai und hat durchaus einen Platz in Ihrem Kleiderschrank verdient. Bevor wir auf die Details seiner Zusammensetzung eingehen, werfen wir einen Blick auf seine originelle Verpackung. Es befindet sich in einer wundersch\u00f6nen Flasche mit einer \u00e4u\u00dferen Schachtel.\u00a0<strong>Geschenkidee\u00a0<\/strong>ideal. Dr\u00fccken Sie die Verbundenheit aus, die Sie f\u00fcr Ihre Mitmenschen empfinden, indem Sie das Ahlaam Eau de Parfum verschenken.<\/p>\n<h2><strong>Eine Duftpyramide, die den gr\u00f6\u00dften Namen w\u00fcrdig ist<\/strong><\/h2>\n<p>Man findet in der Zusammensetzung dieses\u00a0<strong>orientalischer Duft\u00a0<\/strong>unwiderstehliche Abwechslung. \u00dcbrigens, wie \u00fcblich,\u00a0<strong>Lattafa\u00a0<\/strong>hat ihre Kreativit\u00e4t und ihr Know-how vereint, um ein au\u00dfergew\u00f6hnliches Produkt anzubieten.<\/p>\n<p>Fruchtige Noten sowie Zitrusfr\u00fcchte bilden die sogenannte Kopfnote. In der Herznote finden sich eher holzige Noten, die mit Zimt, Zedernholz oder Muskatnuss gemischt sind. Schlie\u00dflich wird die Kombination von\u00a0<strong>moschus<\/strong>, Vanille und Amber bilden die Basisnote.<\/p>\n<p>Bestellen Sie gleich diesen verf\u00fchrerischen und gewagten Duft, der f\u00fcr Frauen und M\u00e4nner gleicherma\u00dfen geeignet ist. Er wird die Temperatur in Wintern\u00e4chten ansteigen lassen, da es sich um einen\u00a0<strong>warmer Duft<\/strong>. Z\u00f6gern Sie nicht, Ihre R\u00e4ume mit einem exquisiten Duft zu erf\u00fcllen, indem Sie den\u2019<a href=\"https:\/\/www.mon-parfum-dubai.com\/produit\/encens-de-la-mecque-bakhour-salwa-odour\/\"><strong>Mekka-R\u00e4ucherst\u00e4bchen Bakhour Salwa Odour<\/strong><\/a>. Um es zu nutzen, m\u00fcssen Sie au\u00dferdem einen\u00a0<strong>R\u00e4uchergef\u00e4\u00df<\/strong>. Dieser Artikel stellt auch ein Produkt f\u00fcr die Innendekoration dar, das Sie sorgf\u00e4ltig ausw\u00e4hlen sollten!<\/p>\n<h3><strong>Ahlaam : <\/strong><strong>Ein orientalischer Duft, der Ihren Anspr\u00fcchen gerecht wird<\/strong><\/h3>\n<p>Das Eau de Parfum Ahlam von Lattafa ist f\u00fcr alle geeignet, die einen hochwertigen Duft suchen. Genie\u00dfen Sie seinen Duft aufgrund seiner Langlebigkeit viele Stunden lang. Dieses\u00a0<strong>EDP\u00a0<\/strong>energisch und erbaulich wird Ihre Tage immer wieder anregen!<\/p>","protected":false},"excerpt":{"rendered":"<p><strong>Geruchsnoten :<\/strong><\/p>\n<p><strong>Kopfnoten<\/strong> : Fruchtige Noten, Zitrusfr\u00fcchte<br \/>\n<strong>Herznoten<\/strong> : Holzige Noten, Zimt, Muskat, Zeder<br \/>\n<strong>Hintergrundnoten<\/strong> : Vanille, Amber und Moschus<\/p>\n<p><strong>Genre<\/strong> : Gemischt.<\/p>","protected":false},"featured_media":610,"template":"","meta":[],"product_brand":[],"product_cat":[17,19],"product_tag":[],"class_list":{"0":"post-597","1":"product","2":"type-product","3":"status-publish","4":"has-post-thumbnail","6":"product_cat-lattafa","7":"product_cat-parfum-oud-femme","9":"first","10":"outofstock","11":"taxable","12":"shipping-taxable","13":"purchasable","14":"product-type-simple"},"yoast_head":"<!-- This site is optimized with the Yoast SEO plugin v27.5 - https:\/\/yoast.com\/product\/yoast-seo-wordpress\/ -->\n<title>Ahlaam 100ml - Wasam de Lattafa - Parfumerie Arabe<\/title>\n<meta name=\"robots\" content=\"index, follow, max-snippet:-1, max-image-preview:large, max-video-preview:-1\" \/>\n<link rel=\"canonical\" href=\"https:\/\/www.parfumerie-arabe.com\/de\/produkt\/ahlaam-100ml-wasam-von-lattafa\/\" \/>\n<meta property=\"og:locale\" content=\"de_DE\" \/>\n<meta property=\"og:type\" content=\"article\" \/>\n<meta property=\"og:title\" content=\"Ahlaam 100ml - Wasam de Lattafa - Parfumerie Arabe\" \/>\n<meta property=\"og:description\" content=\"Notes olfactives :  Notes de t\u00eate : Notes Fruit\u00e9es, Agrumes Notes de c\u0153ur : Notes Bois\u00e9es, Cannelle, Muscade, C\u00e8dre Notes de fond : Vanille, Ambre et Musc  Genre : Mixte.\" \/>\n<meta property=\"og:url\" content=\"https:\/\/www.parfumerie-arabe.com\/de\/produkt\/ahlaam-100ml-wasam-von-lattafa\/\" \/>\n<meta property=\"og:site_name\" content=\"Parfumerie Arabe\" \/>\n<meta property=\"article:modified_time\" content=\"2025-11-11T08:21:08+00:00\" \/>\n<meta property=\"og:image\" content=\"https:\/\/www.parfumerie-arabe.com\/wp-content\/uploads\/2022\/10\/ahlaam-wasam-de-lattafa.jpg\" \/>\n\t<meta property=\"og:image:width\" content=\"600\" \/>\n\t<meta property=\"og:image:height\" content=\"600\" \/>\n\t<meta property=\"og:image:type\" content=\"image\/jpeg\" \/>\n<meta name=\"twitter:card\" content=\"summary_large_image\" \/>\n<meta name=\"twitter:label1\" content=\"Gesch\u00e4tzte Lesezeit\" \/>\n\t<meta name=\"twitter:data1\" content=\"2\u00a0Minuten\" \/>\n<script type=\"application\/ld+json\" class=\"yoast-schema-graph\">{\"@context\":\"https:\\\/\\\/schema.org\",\"@graph\":[{\"@type\":\"WebPage\",\"@id\":\"https:\\\/\\\/www.parfumerie-arabe.com\\\/produit\\\/ahlaam-100ml-wasam-de-lattafa\\\/\",\"url\":\"https:\\\/\\\/www.parfumerie-arabe.com\\\/produit\\\/ahlaam-100ml-wasam-de-lattafa\\\/\",\"name\":\"Ahlaam 100ml - Wasam de Lattafa - Parfumerie Arabe\",\"isPartOf\":{\"@id\":\"https:\\\/\\\/www.parfumerie-arabe.com\\\/#website\"},\"primaryImageOfPage\":{\"@id\":\"https:\\\/\\\/www.parfumerie-arabe.com\\\/produit\\\/ahlaam-100ml-wasam-de-lattafa\\\/#primaryimage\"},\"image\":{\"@id\":\"https:\\\/\\\/www.parfumerie-arabe.com\\\/produit\\\/ahlaam-100ml-wasam-de-lattafa\\\/#primaryimage\"},\"thumbnailUrl\":\"https:\\\/\\\/www.parfumerie-arabe.com\\\/wp-content\\\/uploads\\\/2022\\\/10\\\/ahlaam-wasam-de-lattafa.jpg\",\"datePublished\":\"2015-10-02T20:22:47+00:00\",\"dateModified\":\"2025-11-11T08:21:08+00:00\",\"breadcrumb\":{\"@id\":\"https:\\\/\\\/www.parfumerie-arabe.com\\\/produit\\\/ahlaam-100ml-wasam-de-lattafa\\\/#breadcrumb\"},\"inLanguage\":\"de\",\"potentialAction\":[{\"@type\":\"ReadAction\",\"target\":[\"https:\\\/\\\/www.parfumerie-arabe.com\\\/produit\\\/ahlaam-100ml-wasam-de-lattafa\\\/\"]}]},{\"@type\":\"ImageObject\",\"inLanguage\":\"de\",\"@id\":\"https:\\\/\\\/www.parfumerie-arabe.com\\\/produit\\\/ahlaam-100ml-wasam-de-lattafa\\\/#primaryimage\",\"url\":\"https:\\\/\\\/www.parfumerie-arabe.com\\\/wp-content\\\/uploads\\\/2022\\\/10\\\/ahlaam-wasam-de-lattafa.jpg\",\"contentUrl\":\"https:\\\/\\\/www.parfumerie-arabe.com\\\/wp-content\\\/uploads\\\/2022\\\/10\\\/ahlaam-wasam-de-lattafa.jpg\",\"width\":600,\"height\":600},{\"@type\":\"BreadcrumbList\",\"@id\":\"https:\\\/\\\/www.parfumerie-arabe.com\\\/produit\\\/ahlaam-100ml-wasam-de-lattafa\\\/#breadcrumb\",\"itemListElement\":[{\"@type\":\"ListItem\",\"position\":1,\"name\":\"Accueil\",\"item\":\"https:\\\/\\\/www.parfumerie-arabe.com\\\/\"},{\"@type\":\"ListItem\",\"position\":2,\"name\":\"Boutique\",\"item\":\"https:\\\/\\\/www.parfumerie-arabe.com\\\/boutique\\\/\"},{\"@type\":\"ListItem\",\"position\":3,\"name\":\"Ahlaam 100ml &#8211; Wasam de Lattafa\"}]},{\"@type\":\"WebSite\",\"@id\":\"https:\\\/\\\/www.parfumerie-arabe.com\\\/#website\",\"url\":\"https:\\\/\\\/www.parfumerie-arabe.com\\\/\",\"name\":\"Parfumerie Arabe\",\"description\":\"\",\"publisher\":{\"@id\":\"https:\\\/\\\/www.parfumerie-arabe.com\\\/#organization\"},\"potentialAction\":[{\"@type\":\"SearchAction\",\"target\":{\"@type\":\"EntryPoint\",\"urlTemplate\":\"https:\\\/\\\/www.parfumerie-arabe.com\\\/?s={search_term_string}\"},\"query-input\":{\"@type\":\"PropertyValueSpecification\",\"valueRequired\":true,\"valueName\":\"search_term_string\"}}],\"inLanguage\":\"de\"},{\"@type\":\"Organization\",\"@id\":\"https:\\\/\\\/www.parfumerie-arabe.com\\\/#organization\",\"name\":\"Parfumerie arabe\",\"url\":\"https:\\\/\\\/www.parfumerie-arabe.com\\\/\",\"logo\":{\"@type\":\"ImageObject\",\"inLanguage\":\"de\",\"@id\":\"https:\\\/\\\/www.parfumerie-arabe.com\\\/#\\\/schema\\\/logo\\\/image\\\/\",\"url\":\"https:\\\/\\\/www.parfumerie-arabe.com\\\/wp-content\\\/uploads\\\/2022\\\/08\\\/logo-parfumerie-arabe.png\",\"contentUrl\":\"https:\\\/\\\/www.parfumerie-arabe.com\\\/wp-content\\\/uploads\\\/2022\\\/08\\\/logo-parfumerie-arabe.png\",\"width\":600,\"height\":171,\"caption\":\"Parfumerie arabe\"},\"image\":{\"@id\":\"https:\\\/\\\/www.parfumerie-arabe.com\\\/#\\\/schema\\\/logo\\\/image\\\/\"}}]}<\/script>\n<!-- \/ Yoast SEO plugin. -->","yoast_head_json":{"title":"Ahlaam 100ml - Wasam von Lattafa - Arabische Parf\u00fcmerie","robots":{"index":"index","follow":"follow","max-snippet":"max-snippet:-1","max-image-preview":"max-image-preview:large","max-video-preview":"max-video-preview:-1"},"canonical":"https:\/\/www.parfumerie-arabe.com\/de\/produkt\/ahlaam-100ml-wasam-von-lattafa\/","og_locale":"de_DE","og_type":"article","og_title":"Ahlaam 100ml - Wasam de Lattafa - Parfumerie Arabe","og_description":"Notes olfactives :  Notes de t\u00eate : Notes Fruit\u00e9es, Agrumes Notes de c\u0153ur : Notes Bois\u00e9es, Cannelle, Muscade, C\u00e8dre Notes de fond : Vanille, Ambre et Musc  Genre : Mixte.","og_url":"https:\/\/www.parfumerie-arabe.com\/de\/produkt\/ahlaam-100ml-wasam-von-lattafa\/","og_site_name":"Parfumerie Arabe","article_modified_time":"2025-11-11T08:21:08+00:00","og_image":[{"width":600,"height":600,"url":"https:\/\/www.parfumerie-arabe.com\/wp-content\/uploads\/2022\/10\/ahlaam-wasam-de-lattafa.jpg","type":"image\/jpeg"}],"twitter_card":"summary_large_image","twitter_misc":{"Gesch\u00e4tzte Lesezeit":"2\u00a0Minuten"},"schema":{"@context":"https:\/\/schema.org","@graph":[{"@type":"WebPage","@id":"https:\/\/www.parfumerie-arabe.com\/produit\/ahlaam-100ml-wasam-de-lattafa\/","url":"https:\/\/www.parfumerie-arabe.com\/produit\/ahlaam-100ml-wasam-de-lattafa\/","name":"Ahlaam 100ml - Wasam von Lattafa - Arabische Parf\u00fcmerie","isPartOf":{"@id":"https:\/\/www.parfumerie-arabe.com\/#website"},"primaryImageOfPage":{"@id":"https:\/\/www.parfumerie-arabe.com\/produit\/ahlaam-100ml-wasam-de-lattafa\/#primaryimage"},"image":{"@id":"https:\/\/www.parfumerie-arabe.com\/produit\/ahlaam-100ml-wasam-de-lattafa\/#primaryimage"},"thumbnailUrl":"https:\/\/www.parfumerie-arabe.com\/wp-content\/uploads\/2022\/10\/ahlaam-wasam-de-lattafa.jpg","datePublished":"2015-10-02T20:22:47+00:00","dateModified":"2025-11-11T08:21:08+00:00","breadcrumb":{"@id":"https:\/\/www.parfumerie-arabe.com\/produit\/ahlaam-100ml-wasam-de-lattafa\/#breadcrumb"},"inLanguage":"de","potentialAction":[{"@type":"ReadAction","target":["https:\/\/www.parfumerie-arabe.com\/produit\/ahlaam-100ml-wasam-de-lattafa\/"]}]},{"@type":"ImageObject","inLanguage":"de","@id":"https:\/\/www.parfumerie-arabe.com\/produit\/ahlaam-100ml-wasam-de-lattafa\/#primaryimage","url":"https:\/\/www.parfumerie-arabe.com\/wp-content\/uploads\/2022\/10\/ahlaam-wasam-de-lattafa.jpg","contentUrl":"https:\/\/www.parfumerie-arabe.com\/wp-content\/uploads\/2022\/10\/ahlaam-wasam-de-lattafa.jpg","width":600,"height":600},{"@type":"BreadcrumbList","@id":"https:\/\/www.parfumerie-arabe.com\/produit\/ahlaam-100ml-wasam-de-lattafa\/#breadcrumb","itemListElement":[{"@type":"ListItem","position":1,"name":"Accueil","item":"https:\/\/www.parfumerie-arabe.com\/"},{"@type":"ListItem","position":2,"name":"Boutique","item":"https:\/\/www.parfumerie-arabe.com\/boutique\/"},{"@type":"ListItem","position":3,"name":"Ahlaam 100ml &#8211; Wasam de Lattafa"}]},{"@type":"WebSite","@id":"https:\/\/www.parfumerie-arabe.com\/#website","url":"https:\/\/www.parfumerie-arabe.com\/","name":"Arabische Parf\u00fcmerie","description":"","publisher":{"@id":"https:\/\/www.parfumerie-arabe.com\/#organization"},"potentialAction":[{"@type":"SearchAction","target":{"@type":"EntryPoint","urlTemplate":"https:\/\/www.parfumerie-arabe.com\/?s={search_term_string}"},"query-input":{"@type":"PropertyValueSpecification","valueRequired":true,"valueName":"search_term_string"}}],"inLanguage":"de"},{"@type":"Organization","@id":"https:\/\/www.parfumerie-arabe.com\/#organization","name":"Arabische Parf\u00fcmerie","url":"https:\/\/www.parfumerie-arabe.com\/","logo":{"@type":"ImageObject","inLanguage":"de","@id":"https:\/\/www.parfumerie-arabe.com\/#\/schema\/logo\/image\/","url":"https:\/\/www.parfumerie-arabe.com\/wp-content\/uploads\/2022\/08\/logo-parfumerie-arabe.png","contentUrl":"https:\/\/www.parfumerie-arabe.com\/wp-content\/uploads\/2022\/08\/logo-parfumerie-arabe.png","width":600,"height":171,"caption":"Parfumerie arabe"},"image":{"@id":"https:\/\/www.parfumerie-arabe.com\/#\/schema\/logo\/image\/"}}]}},"_links":{"self":[{"href":"https:\/\/www.parfumerie-arabe.com\/de\/wp-json\/wp\/v2\/product\/597","targetHints":{"allow":["GET"]}}],"collection":[{"href":"https:\/\/www.parfumerie-arabe.com\/de\/wp-json\/wp\/v2\/product"}],"about":[{"href":"https:\/\/www.parfumerie-arabe.com\/de\/wp-json\/wp\/v2\/types\/product"}],"wp:featuredmedia":[{"embeddable":true,"href":"https:\/\/www.parfumerie-arabe.com\/de\/wp-json\/wp\/v2\/media\/610"}],"wp:attachment":[{"href":"https:\/\/www.parfumerie-arabe.com\/de\/wp-json\/wp\/v2\/media?parent=597"}],"wp:term":[{"taxonomy":"product_brand","embeddable":true,"href":"https:\/\/www.parfumerie-arabe.com\/de\/wp-json\/wp\/v2\/product_brand?post=597"},{"taxonomy":"product_cat","embeddable":true,"href":"https:\/\/www.parfumerie-arabe.com\/de\/wp-json\/wp\/v2\/product_cat?post=597"},{"taxonomy":"product_tag","embeddable":true,"href":"https:\/\/www.parfumerie-arabe.com\/de\/wp-json\/wp\/v2\/product_tag?post=597"}],"curies":[{"name":"wp","href":"https:\/\/api.w.org\/{rel}","templated":true}]}}