{"id":599,"date":"2015-10-02T20:22:47","date_gmt":"2015-10-02T20:22:47","guid":{"rendered":"https:\/\/www.parfumerie-arabe.com\/?post_type=product&#038;p=599"},"modified":"2024-04-16T12:19:40","modified_gmt":"2024-04-16T12:19:40","slug":"amberley-ombre-blue-100ml-maison-alhambra","status":"publish","type":"product","link":"https:\/\/www.parfumerie-arabe.com\/de\/produit\/amberley-ombre-blue-100ml-maison-alhambra\/","title":{"rendered":"Amberley Ombre Blue 100ml - Maison Alhambra"},"content":{"rendered":"<p>Sie lieben es, Originalit\u00e4t und Eleganz durch einen subtilen Duft zu verk\u00f6rpern? Dann warten Sie nicht l\u00e4nger und entdecken Sie das Eau de\u00a0<strong>Amberley Ombre Blue Parf\u00fcm\u00a0<\/strong>der\u00a0<strong>Haus Alhambra<\/strong>. F\u00fcr diejenigen, die es nicht wissen: Es handelt sich um ein orientalisches Parfum. Er geh\u00f6rt zu unserer gro\u00dfen Auswahl an\u00a0<strong>D\u00fcfte aus Dubai\u00a0<\/strong>deren Entdeckung wir Ihnen gerne erm\u00f6glichen.<\/p>\n<h2><strong>Das Parfum Amberley Ombre Blue - Maison Alhambra: ein au\u00dfergew\u00f6hnlicher Duft<\/strong><\/h2>\n<p>Dieses Eau de Parfum, das in einem wundersch\u00f6nen 100-ml-Flakon enthalten ist, passt perfekt in Ihren\u00a0<strong>Privatsammlung<\/strong>. Bevor wir \u00fcber seinen Duft sprechen, sollten wir uns die Zeit nehmen, seine schlichte Flasche zu betrachten. Das Parfum Amberley Ombre Blue tr\u00e4gt seinen Namen zu Recht, denn die Farbe Blau dominiert die Verpackung dieses hochwertigen Duftes.<\/p>\n<p>Dieses Elixier vereint zahlreiche Akkorde, die sich auf harmonische Weise erg\u00e4nzen. Erliegen Sie insbesondere der Verbindung von holzigen Noten, Rose, Patchouli, Leder oder auch w\u00fcrziger W\u00e4rme. All diese Zutaten machen ihn zu einem verf\u00fchrerischen Parfum voller Charakter. Manche halten ihn \u00fcbrigens f\u00fcr eine Alternative zu Guerlain-Patchouli Ardent. Liebhaberinnen dieser Art von Parfums k\u00f6nnen sich auch auf das\u2019<a href=\"https:\/\/www.mon-parfum-dubai.com\/produit\/eau-de-parfum-dirham-wardi\/\"><strong>Eau de Parfum Dirham Wardi 100ml - Ard Al Zaafaran<\/strong><\/a>.<\/p>\n<h2><strong>Licht auf die D\u00fcfte des Nahen Ostens<\/strong><\/h2>\n<p>Unser\u00a0<strong>Online-Shop, der auf orientalische Parf\u00fcmerie spezialisiert ist\u00a0<\/strong>liebt es, Sie neue D\u00fcfte entdecken zu lassen. Wenn man in die traditionellen Gesch\u00e4fte geht, hat man schnell die allseits bekannten Referenzen durch. Wenn Sie sich jedoch in unserem Online-Shop umsehen, k\u00f6nnen Sie verschiedene hochwertige D\u00fcfte bestellen.<\/p>\n<p>Auf diese Weise bieten wir Ihnen die M\u00f6glichkeit, die Neugier der Menschen in Ihrer Umgebung zu wecken. Ihre Bekannten werden Ihnen immer wieder best\u00e4tigen, dass Sie einen guten Geschmack in Sachen Parf\u00fcm haben. In Ihrem Kleiderschrank Platz f\u00fcr orientalische Parfums zu schaffen, wird zu einem gut geh\u00fcteten Geheimnis werden!<\/p>\n<h3><strong>Hochwertige Parfums zu niedrigen Preisen!<\/strong><\/h3>\n<p>Jeder m\u00f6chte gerne hochwertige D\u00fcfte besitzen. Dennoch k\u00f6nnen sie manchmal exorbitante Summen erreichen. Auf mein-parfum-dubai.com machen wir hochwertige Parf\u00fcmerie f\u00fcr jeden erschwinglich.<\/p>","protected":false},"excerpt":{"rendered":"<p><strong>Geruchsnoten : <\/strong>Holzig, Rose, Patchouli, Leder, Warm W\u00fcrzig.<\/p>\n<p><strong>Genre<\/strong> : Gemischt.<\/p>","protected":false},"featured_media":612,"template":"","meta":[],"product_brand":[],"product_cat":[158],"product_tag":[],"class_list":{"0":"post-599","1":"product","2":"type-product","3":"status-publish","4":"has-post-thumbnail","6":"product_cat-rupture-de-stock","8":"first","9":"outofstock","10":"taxable","11":"shipping-taxable","12":"purchasable","13":"product-type-simple"},"yoast_head":"<!-- This site is optimized with the Yoast SEO plugin v27.5 - https:\/\/yoast.com\/product\/yoast-seo-wordpress\/ -->\n<title>Amberley Ombre Blue 100ml - Maison Alhambra - Parfumerie Arabe<\/title>\n<meta name=\"robots\" content=\"index, follow, max-snippet:-1, max-image-preview:large, max-video-preview:-1\" \/>\n<link rel=\"canonical\" href=\"https:\/\/www.parfumerie-arabe.com\/de\/produkt\/amberley-ombre-blue-100ml-maison-alhambra\/\" \/>\n<meta property=\"og:locale\" content=\"de_DE\" \/>\n<meta property=\"og:type\" content=\"article\" \/>\n<meta property=\"og:title\" content=\"Amberley Ombre Blue 100ml - Maison Alhambra - Parfumerie Arabe\" \/>\n<meta property=\"og:description\" content=\"Notes olfactives : Bois\u00e9, Rose, Patchouli, Cuir, Chaud \u00c9pic\u00e9.  Genre : Mixte.\" \/>\n<meta property=\"og:url\" content=\"https:\/\/www.parfumerie-arabe.com\/de\/produkt\/amberley-ombre-blue-100ml-maison-alhambra\/\" \/>\n<meta property=\"og:site_name\" content=\"Parfumerie Arabe\" \/>\n<meta property=\"article:modified_time\" content=\"2024-04-16T12:19:40+00:00\" \/>\n<meta property=\"og:image\" content=\"https:\/\/www.parfumerie-arabe.com\/wp-content\/uploads\/2022\/10\/amberley-ombre-blue-maison-alhambra.jpg\" \/>\n\t<meta property=\"og:image:width\" content=\"600\" \/>\n\t<meta property=\"og:image:height\" content=\"600\" \/>\n\t<meta property=\"og:image:type\" content=\"image\/jpeg\" \/>\n<meta name=\"twitter:card\" content=\"summary_large_image\" \/>\n<meta name=\"twitter:label1\" content=\"Gesch\u00e4tzte Lesezeit\" \/>\n\t<meta name=\"twitter:data1\" content=\"2\u00a0Minuten\" \/>\n<script type=\"application\/ld+json\" class=\"yoast-schema-graph\">{\"@context\":\"https:\\\/\\\/schema.org\",\"@graph\":[{\"@type\":\"WebPage\",\"@id\":\"https:\\\/\\\/www.parfumerie-arabe.com\\\/produit\\\/amberley-ombre-blue-100ml-maison-alhambra\\\/\",\"url\":\"https:\\\/\\\/www.parfumerie-arabe.com\\\/produit\\\/amberley-ombre-blue-100ml-maison-alhambra\\\/\",\"name\":\"Amberley Ombre Blue 100ml - Maison Alhambra - Parfumerie Arabe\",\"isPartOf\":{\"@id\":\"https:\\\/\\\/www.parfumerie-arabe.com\\\/#website\"},\"primaryImageOfPage\":{\"@id\":\"https:\\\/\\\/www.parfumerie-arabe.com\\\/produit\\\/amberley-ombre-blue-100ml-maison-alhambra\\\/#primaryimage\"},\"image\":{\"@id\":\"https:\\\/\\\/www.parfumerie-arabe.com\\\/produit\\\/amberley-ombre-blue-100ml-maison-alhambra\\\/#primaryimage\"},\"thumbnailUrl\":\"https:\\\/\\\/www.parfumerie-arabe.com\\\/wp-content\\\/uploads\\\/2022\\\/10\\\/amberley-ombre-blue-maison-alhambra.jpg\",\"datePublished\":\"2015-10-02T20:22:47+00:00\",\"dateModified\":\"2024-04-16T12:19:40+00:00\",\"breadcrumb\":{\"@id\":\"https:\\\/\\\/www.parfumerie-arabe.com\\\/produit\\\/amberley-ombre-blue-100ml-maison-alhambra\\\/#breadcrumb\"},\"inLanguage\":\"de\",\"potentialAction\":[{\"@type\":\"ReadAction\",\"target\":[\"https:\\\/\\\/www.parfumerie-arabe.com\\\/produit\\\/amberley-ombre-blue-100ml-maison-alhambra\\\/\"]}]},{\"@type\":\"ImageObject\",\"inLanguage\":\"de\",\"@id\":\"https:\\\/\\\/www.parfumerie-arabe.com\\\/produit\\\/amberley-ombre-blue-100ml-maison-alhambra\\\/#primaryimage\",\"url\":\"https:\\\/\\\/www.parfumerie-arabe.com\\\/wp-content\\\/uploads\\\/2022\\\/10\\\/amberley-ombre-blue-maison-alhambra.jpg\",\"contentUrl\":\"https:\\\/\\\/www.parfumerie-arabe.com\\\/wp-content\\\/uploads\\\/2022\\\/10\\\/amberley-ombre-blue-maison-alhambra.jpg\",\"width\":600,\"height\":600},{\"@type\":\"BreadcrumbList\",\"@id\":\"https:\\\/\\\/www.parfumerie-arabe.com\\\/produit\\\/amberley-ombre-blue-100ml-maison-alhambra\\\/#breadcrumb\",\"itemListElement\":[{\"@type\":\"ListItem\",\"position\":1,\"name\":\"Accueil\",\"item\":\"https:\\\/\\\/www.parfumerie-arabe.com\\\/\"},{\"@type\":\"ListItem\",\"position\":2,\"name\":\"Boutique\",\"item\":\"https:\\\/\\\/www.parfumerie-arabe.com\\\/boutique\\\/\"},{\"@type\":\"ListItem\",\"position\":3,\"name\":\"Amberley Ombre Blue 100ml &#8211; Maison Alhambra\"}]},{\"@type\":\"WebSite\",\"@id\":\"https:\\\/\\\/www.parfumerie-arabe.com\\\/#website\",\"url\":\"https:\\\/\\\/www.parfumerie-arabe.com\\\/\",\"name\":\"Parfumerie Arabe\",\"description\":\"\",\"publisher\":{\"@id\":\"https:\\\/\\\/www.parfumerie-arabe.com\\\/#organization\"},\"potentialAction\":[{\"@type\":\"SearchAction\",\"target\":{\"@type\":\"EntryPoint\",\"urlTemplate\":\"https:\\\/\\\/www.parfumerie-arabe.com\\\/?s={search_term_string}\"},\"query-input\":{\"@type\":\"PropertyValueSpecification\",\"valueRequired\":true,\"valueName\":\"search_term_string\"}}],\"inLanguage\":\"de\"},{\"@type\":\"Organization\",\"@id\":\"https:\\\/\\\/www.parfumerie-arabe.com\\\/#organization\",\"name\":\"Parfumerie arabe\",\"url\":\"https:\\\/\\\/www.parfumerie-arabe.com\\\/\",\"logo\":{\"@type\":\"ImageObject\",\"inLanguage\":\"de\",\"@id\":\"https:\\\/\\\/www.parfumerie-arabe.com\\\/#\\\/schema\\\/logo\\\/image\\\/\",\"url\":\"https:\\\/\\\/www.parfumerie-arabe.com\\\/wp-content\\\/uploads\\\/2022\\\/08\\\/logo-parfumerie-arabe.png\",\"contentUrl\":\"https:\\\/\\\/www.parfumerie-arabe.com\\\/wp-content\\\/uploads\\\/2022\\\/08\\\/logo-parfumerie-arabe.png\",\"width\":600,\"height\":171,\"caption\":\"Parfumerie arabe\"},\"image\":{\"@id\":\"https:\\\/\\\/www.parfumerie-arabe.com\\\/#\\\/schema\\\/logo\\\/image\\\/\"}}]}<\/script>\n<!-- \/ Yoast SEO plugin. -->","yoast_head_json":{"title":"Amberley Ombre Blue 100ml - Maison Alhambra - Arabische D\u00fcfte","robots":{"index":"index","follow":"follow","max-snippet":"max-snippet:-1","max-image-preview":"max-image-preview:large","max-video-preview":"max-video-preview:-1"},"canonical":"https:\/\/www.parfumerie-arabe.com\/de\/produkt\/amberley-ombre-blue-100ml-maison-alhambra\/","og_locale":"de_DE","og_type":"article","og_title":"Amberley Ombre Blue 100ml - Maison Alhambra - Parfumerie Arabe","og_description":"Notes olfactives : Bois\u00e9, Rose, Patchouli, Cuir, Chaud \u00c9pic\u00e9.  Genre : Mixte.","og_url":"https:\/\/www.parfumerie-arabe.com\/de\/produkt\/amberley-ombre-blue-100ml-maison-alhambra\/","og_site_name":"Parfumerie Arabe","article_modified_time":"2024-04-16T12:19:40+00:00","og_image":[{"width":600,"height":600,"url":"https:\/\/www.parfumerie-arabe.com\/wp-content\/uploads\/2022\/10\/amberley-ombre-blue-maison-alhambra.jpg","type":"image\/jpeg"}],"twitter_card":"summary_large_image","twitter_misc":{"Gesch\u00e4tzte Lesezeit":"2\u00a0Minuten"},"schema":{"@context":"https:\/\/schema.org","@graph":[{"@type":"WebPage","@id":"https:\/\/www.parfumerie-arabe.com\/produit\/amberley-ombre-blue-100ml-maison-alhambra\/","url":"https:\/\/www.parfumerie-arabe.com\/produit\/amberley-ombre-blue-100ml-maison-alhambra\/","name":"Amberley Ombre Blue 100ml - Maison Alhambra - Arabische D\u00fcfte","isPartOf":{"@id":"https:\/\/www.parfumerie-arabe.com\/#website"},"primaryImageOfPage":{"@id":"https:\/\/www.parfumerie-arabe.com\/produit\/amberley-ombre-blue-100ml-maison-alhambra\/#primaryimage"},"image":{"@id":"https:\/\/www.parfumerie-arabe.com\/produit\/amberley-ombre-blue-100ml-maison-alhambra\/#primaryimage"},"thumbnailUrl":"https:\/\/www.parfumerie-arabe.com\/wp-content\/uploads\/2022\/10\/amberley-ombre-blue-maison-alhambra.jpg","datePublished":"2015-10-02T20:22:47+00:00","dateModified":"2024-04-16T12:19:40+00:00","breadcrumb":{"@id":"https:\/\/www.parfumerie-arabe.com\/produit\/amberley-ombre-blue-100ml-maison-alhambra\/#breadcrumb"},"inLanguage":"de","potentialAction":[{"@type":"ReadAction","target":["https:\/\/www.parfumerie-arabe.com\/produit\/amberley-ombre-blue-100ml-maison-alhambra\/"]}]},{"@type":"ImageObject","inLanguage":"de","@id":"https:\/\/www.parfumerie-arabe.com\/produit\/amberley-ombre-blue-100ml-maison-alhambra\/#primaryimage","url":"https:\/\/www.parfumerie-arabe.com\/wp-content\/uploads\/2022\/10\/amberley-ombre-blue-maison-alhambra.jpg","contentUrl":"https:\/\/www.parfumerie-arabe.com\/wp-content\/uploads\/2022\/10\/amberley-ombre-blue-maison-alhambra.jpg","width":600,"height":600},{"@type":"BreadcrumbList","@id":"https:\/\/www.parfumerie-arabe.com\/produit\/amberley-ombre-blue-100ml-maison-alhambra\/#breadcrumb","itemListElement":[{"@type":"ListItem","position":1,"name":"Accueil","item":"https:\/\/www.parfumerie-arabe.com\/"},{"@type":"ListItem","position":2,"name":"Boutique","item":"https:\/\/www.parfumerie-arabe.com\/boutique\/"},{"@type":"ListItem","position":3,"name":"Amberley Ombre Blue 100ml &#8211; Maison Alhambra"}]},{"@type":"WebSite","@id":"https:\/\/www.parfumerie-arabe.com\/#website","url":"https:\/\/www.parfumerie-arabe.com\/","name":"Arabische Parf\u00fcmerie","description":"","publisher":{"@id":"https:\/\/www.parfumerie-arabe.com\/#organization"},"potentialAction":[{"@type":"SearchAction","target":{"@type":"EntryPoint","urlTemplate":"https:\/\/www.parfumerie-arabe.com\/?s={search_term_string}"},"query-input":{"@type":"PropertyValueSpecification","valueRequired":true,"valueName":"search_term_string"}}],"inLanguage":"de"},{"@type":"Organization","@id":"https:\/\/www.parfumerie-arabe.com\/#organization","name":"Arabische Parf\u00fcmerie","url":"https:\/\/www.parfumerie-arabe.com\/","logo":{"@type":"ImageObject","inLanguage":"de","@id":"https:\/\/www.parfumerie-arabe.com\/#\/schema\/logo\/image\/","url":"https:\/\/www.parfumerie-arabe.com\/wp-content\/uploads\/2022\/08\/logo-parfumerie-arabe.png","contentUrl":"https:\/\/www.parfumerie-arabe.com\/wp-content\/uploads\/2022\/08\/logo-parfumerie-arabe.png","width":600,"height":171,"caption":"Parfumerie arabe"},"image":{"@id":"https:\/\/www.parfumerie-arabe.com\/#\/schema\/logo\/image\/"}}]}},"_links":{"self":[{"href":"https:\/\/www.parfumerie-arabe.com\/de\/wp-json\/wp\/v2\/product\/599","targetHints":{"allow":["GET"]}}],"collection":[{"href":"https:\/\/www.parfumerie-arabe.com\/de\/wp-json\/wp\/v2\/product"}],"about":[{"href":"https:\/\/www.parfumerie-arabe.com\/de\/wp-json\/wp\/v2\/types\/product"}],"wp:featuredmedia":[{"embeddable":true,"href":"https:\/\/www.parfumerie-arabe.com\/de\/wp-json\/wp\/v2\/media\/612"}],"wp:attachment":[{"href":"https:\/\/www.parfumerie-arabe.com\/de\/wp-json\/wp\/v2\/media?parent=599"}],"wp:term":[{"taxonomy":"product_brand","embeddable":true,"href":"https:\/\/www.parfumerie-arabe.com\/de\/wp-json\/wp\/v2\/product_brand?post=599"},{"taxonomy":"product_cat","embeddable":true,"href":"https:\/\/www.parfumerie-arabe.com\/de\/wp-json\/wp\/v2\/product_cat?post=599"},{"taxonomy":"product_tag","embeddable":true,"href":"https:\/\/www.parfumerie-arabe.com\/de\/wp-json\/wp\/v2\/product_tag?post=599"}],"curies":[{"name":"wp","href":"https:\/\/api.w.org\/{rel}","templated":true}]}}