{"id":713,"date":"2023-01-15T09:03:38","date_gmt":"2023-01-15T09:03:38","guid":{"rendered":"https:\/\/www.parfumerie-arabe.com\/?post_type=product&#038;p=713"},"modified":"2025-09-09T12:24:52","modified_gmt":"2025-09-09T12:24:52","slug":"woody-oud-haus-alhambra","status":"publish","type":"product","link":"https:\/\/www.parfumerie-arabe.com\/de\/produit\/woody-oud-maison-alhambra\/","title":{"rendered":"Woody Oud 80ml - Haus Alhambra"},"content":{"rendered":"<p>Die<strong>\u00a0Woody Oud Geschmack<\/strong>\u00a0ist ein Duft, der von dem Parf\u00fcmhaus Alhambra entworfen wurde. Die D\u00fcfte, aus denen er sich zusammensetzt, wurden sorgf\u00e4ltig ausgew\u00e4hlt, um ihn zu einem<strong>\u00a0einzigartiger Duft.\u00a0<\/strong>In der Tat ist jede Etappe des olfaktorischen Parcours ein Labyrinth aus D\u00fcften. Gehen Sie also auf Entdeckungsreise durch diese\u00a0<strong>fragrance.\u00a0<\/strong><\/p>\n<h2><strong>Das Parfum Woody oud: ein umwerfender Duft<\/strong><\/h2>\n<p>M\u00f6chten Sie Ihre Sinne blenden? Mit dem<strong>\u00a0Woody oud Geschmack,\u00a0<\/strong>das ist m\u00f6glich! Tats\u00e4chlich vereint dieses Buch unglaubliche Absprachen, Vertuschungen und Entdeckungen. Das macht es so einzigartig! Diese\u00a0<strong>gemischter Duft<\/strong>\u00a0schenkt Ihnen eine lang anhaltende Sillage, die die olfaktorischen Sinne blendet.<\/p>\n<p>In erster Linie<strong>\u00a0Kopfnoten<\/strong>\u00a0\u00f6ffnen sich mit Kardamom und Rosenbeeren.<\/p>\n<p>Danach geht der Duft weiter mit<strong>\u00a0Herznoten\u00a0<\/strong>mit Vetiver und Oud.<\/p>\n<p>Schlie\u00dflich\u00a0<strong>Hintergrundnoten<\/strong>\u00a0schlie\u00dfen den Duft mit Tonkabohne und Amber ab.<\/p>\n<p>So verspricht dieses parf\u00fcmierte Elixier, Ihre Sinne in Staunen zu versetzen. Wenn Sie also auf der Suche nach einem einzigartigen Duft sind, sollten Sie diesen Duft testen! Dieser wird Ihnen einen\u00a0<strong>einzigartige Erfahrung\u00a0<\/strong>und wird Sie sprachlos machen.<\/p>\n<h2><strong>Wie verwende ich das Parfum Woody oud?<\/strong><\/h2>\n<p>Sie haben sich in den Charme des p<strong>arfum Woody oud<\/strong>\u00a0? Dann haben Sie eine gute Wahl getroffen! So finden Sie einige unserer Tipps, damit Ihr Sillage lange h\u00e4lt :<\/p>\n<ul>\n<li>Erstens sollte\u2019<strong>seine Haut mit Feuchtigkeit versorgen<\/strong>. Tats\u00e4chlich h\u00e4lt der Duft auf einer mit Feuchtigkeit versorgten Haut besser.<\/li>\n<li>Zweitens ist es besser, den Duft auf die<strong>\u00a0strategische Gebiete<\/strong>\u00a0des K\u00f6rpers. Diese W\u00e4rmezonen sind eher in der Lage, das Kielwasser zu verteilen. Wie z. B. der Nacken, die R\u00fcckseite der Ohren, die Handgelenksh\u00f6hlen usw.<\/li>\n<li>Schlie\u00dflich ist es ratsam\u2019<strong>Alternativen verwenden<\/strong>\u00a0wie z. B. das Parf\u00fcmieren von Kleidung.<\/li>\n<\/ul>\n<h2><strong>Auf Entdeckungsreise durch das Parf\u00fcmhaus Alhambra<\/strong><\/h2>\n<p>Die\u00a0<strong>Parf\u00fcmhaus Alhambra<\/strong>\u00a0ist eine elegante Parf\u00fcmerie, die uns D\u00fcfte mit verschiedenen orientalischen Aromen enth\u00fcllt. Wie zum Beispiel das Parfum Woody Oud. Ihre orientalische, pr\u00e4chtige und m\u00e4rchenhafte Duftpalette verspricht Ihnen viele \u00dcberraschungen. \u00dcbrigens, wussten Sie das? Es handelt sich um einen Zweig des ber\u00fchmten Unternehmens Lattafa, das f\u00fcr seine fesselnden D\u00fcfte bekannt ist.<\/p>\n<p>So bietet Ihnen das Parf\u00fcmhaus Alhambra zahlreiche \u00dcberraschungen sowohl f\u00fcr M\u00e4nner als auch f\u00fcr Frauen. Und das dank seiner orientalischen D\u00fcfte. Parf\u00fcmieren Sie sich mit der Eleganz des Orients, indem Sie diese Marke annehmen!<\/p>\n<p>Au\u00dferdem k\u00f6nnen Sie, ebenfalls in der gleichen Duftfamilie, den\u00a0<a href=\"https:\/\/www.parfumerie-arabe.com\/de\/produkt\/rose-petals-80ml-maison-alhambra\/\"><strong>Rose Petals Parf\u00fcm<\/strong><\/a>. Ein femininer Rosenduft.<\/p>\n<p>Oder das\u00a0<strong><a href=\"https:\/\/www.parfumerie-arabe.com\/de\/produkt\/by-saffron-100ml-haus-alhambra\/\">By Saffron Geschmacksrichtung<\/a>,<\/strong>\u00a0ein hochwertiges Unisex-Parfum, das Ihnen eine Duftpyramide bietet, die Ihren Erwartungen entspricht!<\/p>\n<p>Warten Sie also nicht l\u00e4nger, um sich mit den Parfums der Marke eine Freude zu machen. Umso mehr, wenn man bedenkt, dass die angebotenen D\u00fcfte nicht mehr als 40 Euro kosten! Ein unbestreitbares Preis-Leistungs-Verh\u00e4ltnis!<\/p>\n<h3><strong>Vorsichtsma\u00dfnahmen<\/strong><\/h3>\n<p>Vor der Anwendung auf der Haut sollte ein Vertr\u00e4glichkeitstest in der Ellenbeuge durchgef\u00fchrt werden.<\/p>\n<p>Au\u00dferdem muss bei Augenkontakt mit reichlich klarem, lauwarmem Wasser gesp\u00fclt werden.<\/p>","protected":false},"excerpt":{"rendered":"<p><strong>Geruchsnoten :<\/strong><\/p>\n<div class=\"product-short-description\">\n<p><strong>Kopfnoten<\/strong>\u00a0: Kardamon, Rosa Beere<br \/>\n<strong>Herznoten<\/strong>\u00a0: Vetiver, Oud<br \/>\n<strong>Hintergrundnoten<\/strong>\u00a0: Tonkabohne, Bernstein<\/p>\n<p><strong>Genre<\/strong>\u00a0: Gemischt.<\/p>\n<\/div>","protected":false},"featured_media":714,"template":"","meta":[],"product_brand":[],"product_cat":[158],"product_tag":[],"class_list":{"0":"post-713","1":"product","2":"type-product","3":"status-publish","4":"has-post-thumbnail","6":"product_cat-rupture-de-stock","8":"first","9":"outofstock","10":"taxable","11":"shipping-taxable","12":"purchasable","13":"product-type-simple"},"yoast_head":"<!-- This site is optimized with the Yoast SEO plugin v27.4 - https:\/\/yoast.com\/product\/yoast-seo-wordpress\/ -->\n<title>Woody Oud | Eau de parfum 80ml | Maison Alhambra<\/title>\n<meta name=\"description\" content=\"Le\u00a0parfum Woody oud\u00a080ml est une fragrance sign\u00e9e par la maison de parfumerie Alhambra. Ici, d\u00e9couvrez-le en quelques clics !\" \/>\n<meta name=\"robots\" content=\"index, follow, max-snippet:-1, max-image-preview:large, max-video-preview:-1\" \/>\n<link rel=\"canonical\" href=\"https:\/\/www.parfumerie-arabe.com\/de\/produkt\/woody-oud-haus-alhambra\/\" \/>\n<meta property=\"og:locale\" content=\"de_DE\" \/>\n<meta property=\"og:type\" content=\"article\" \/>\n<meta property=\"og:title\" content=\"Woody Oud | Eau de parfum 80ml | Maison Alhambra\" \/>\n<meta property=\"og:description\" content=\"Le\u00a0parfum Woody oud\u00a080ml est une fragrance sign\u00e9e par la maison de parfumerie Alhambra. Ici, d\u00e9couvrez-le en quelques clics !\" \/>\n<meta property=\"og:url\" content=\"https:\/\/www.parfumerie-arabe.com\/de\/produkt\/woody-oud-haus-alhambra\/\" \/>\n<meta property=\"og:site_name\" content=\"Parfumerie Arabe\" \/>\n<meta property=\"article:modified_time\" content=\"2025-09-09T12:24:52+00:00\" \/>\n<meta property=\"og:image\" content=\"https:\/\/www.parfumerie-arabe.com\/wp-content\/uploads\/2023\/01\/Woody-Oud-80ml-\u2013-Maison-Alhambra.jpeg\" \/>\n\t<meta property=\"og:image:width\" content=\"600\" \/>\n\t<meta property=\"og:image:height\" content=\"600\" \/>\n\t<meta property=\"og:image:type\" content=\"image\/jpeg\" \/>\n<meta name=\"twitter:card\" content=\"summary_large_image\" \/>\n<meta name=\"twitter:label1\" content=\"Gesch\u00e4tzte Lesezeit\" \/>\n\t<meta name=\"twitter:data1\" content=\"3\u00a0Minuten\" \/>\n<script type=\"application\/ld+json\" class=\"yoast-schema-graph\">{\"@context\":\"https:\\\/\\\/schema.org\",\"@graph\":[{\"@type\":\"WebPage\",\"@id\":\"https:\\\/\\\/www.parfumerie-arabe.com\\\/produit\\\/woody-oud-maison-alhambra\\\/\",\"url\":\"https:\\\/\\\/www.parfumerie-arabe.com\\\/produit\\\/woody-oud-maison-alhambra\\\/\",\"name\":\"Woody Oud | Eau de parfum 80ml | Maison Alhambra\",\"isPartOf\":{\"@id\":\"https:\\\/\\\/www.parfumerie-arabe.com\\\/#website\"},\"primaryImageOfPage\":{\"@id\":\"https:\\\/\\\/www.parfumerie-arabe.com\\\/produit\\\/woody-oud-maison-alhambra\\\/#primaryimage\"},\"image\":{\"@id\":\"https:\\\/\\\/www.parfumerie-arabe.com\\\/produit\\\/woody-oud-maison-alhambra\\\/#primaryimage\"},\"thumbnailUrl\":\"https:\\\/\\\/www.parfumerie-arabe.com\\\/wp-content\\\/uploads\\\/2023\\\/01\\\/Woody-Oud-80ml-\u2013-Maison-Alhambra.jpeg\",\"datePublished\":\"2023-01-15T09:03:38+00:00\",\"dateModified\":\"2025-09-09T12:24:52+00:00\",\"description\":\"Le\u00a0parfum Woody oud\u00a080ml est une fragrance sign\u00e9e par la maison de parfumerie Alhambra. Ici, d\u00e9couvrez-le en quelques clics !\",\"breadcrumb\":{\"@id\":\"https:\\\/\\\/www.parfumerie-arabe.com\\\/produit\\\/woody-oud-maison-alhambra\\\/#breadcrumb\"},\"inLanguage\":\"de\",\"potentialAction\":[{\"@type\":\"ReadAction\",\"target\":[\"https:\\\/\\\/www.parfumerie-arabe.com\\\/produit\\\/woody-oud-maison-alhambra\\\/\"]}]},{\"@type\":\"ImageObject\",\"inLanguage\":\"de\",\"@id\":\"https:\\\/\\\/www.parfumerie-arabe.com\\\/produit\\\/woody-oud-maison-alhambra\\\/#primaryimage\",\"url\":\"https:\\\/\\\/www.parfumerie-arabe.com\\\/wp-content\\\/uploads\\\/2023\\\/01\\\/Woody-Oud-80ml-\u2013-Maison-Alhambra.jpeg\",\"contentUrl\":\"https:\\\/\\\/www.parfumerie-arabe.com\\\/wp-content\\\/uploads\\\/2023\\\/01\\\/Woody-Oud-80ml-\u2013-Maison-Alhambra.jpeg\",\"width\":600,\"height\":600,\"caption\":\"maison alhambra woody oud\"},{\"@type\":\"BreadcrumbList\",\"@id\":\"https:\\\/\\\/www.parfumerie-arabe.com\\\/produit\\\/woody-oud-maison-alhambra\\\/#breadcrumb\",\"itemListElement\":[{\"@type\":\"ListItem\",\"position\":1,\"name\":\"Accueil\",\"item\":\"https:\\\/\\\/www.parfumerie-arabe.com\\\/\"},{\"@type\":\"ListItem\",\"position\":2,\"name\":\"Boutique\",\"item\":\"https:\\\/\\\/www.parfumerie-arabe.com\\\/boutique\\\/\"},{\"@type\":\"ListItem\",\"position\":3,\"name\":\"Woody Oud 80ml \u2013 Maison Alhambra\"}]},{\"@type\":\"WebSite\",\"@id\":\"https:\\\/\\\/www.parfumerie-arabe.com\\\/#website\",\"url\":\"https:\\\/\\\/www.parfumerie-arabe.com\\\/\",\"name\":\"Parfumerie Arabe\",\"description\":\"\",\"publisher\":{\"@id\":\"https:\\\/\\\/www.parfumerie-arabe.com\\\/#organization\"},\"potentialAction\":[{\"@type\":\"SearchAction\",\"target\":{\"@type\":\"EntryPoint\",\"urlTemplate\":\"https:\\\/\\\/www.parfumerie-arabe.com\\\/?s={search_term_string}\"},\"query-input\":{\"@type\":\"PropertyValueSpecification\",\"valueRequired\":true,\"valueName\":\"search_term_string\"}}],\"inLanguage\":\"de\"},{\"@type\":\"Organization\",\"@id\":\"https:\\\/\\\/www.parfumerie-arabe.com\\\/#organization\",\"name\":\"Parfumerie arabe\",\"url\":\"https:\\\/\\\/www.parfumerie-arabe.com\\\/\",\"logo\":{\"@type\":\"ImageObject\",\"inLanguage\":\"de\",\"@id\":\"https:\\\/\\\/www.parfumerie-arabe.com\\\/#\\\/schema\\\/logo\\\/image\\\/\",\"url\":\"https:\\\/\\\/www.parfumerie-arabe.com\\\/wp-content\\\/uploads\\\/2022\\\/08\\\/logo-parfumerie-arabe.png\",\"contentUrl\":\"https:\\\/\\\/www.parfumerie-arabe.com\\\/wp-content\\\/uploads\\\/2022\\\/08\\\/logo-parfumerie-arabe.png\",\"width\":600,\"height\":171,\"caption\":\"Parfumerie arabe\"},\"image\":{\"@id\":\"https:\\\/\\\/www.parfumerie-arabe.com\\\/#\\\/schema\\\/logo\\\/image\\\/\"}}]}<\/script>\n<!-- \/ Yoast SEO plugin. -->","yoast_head_json":{"title":"Woody Oud | Eau de Parfum 80ml | Maison Alhambra","description":"Das Parf\u00fcm Woody oud 80ml ist ein Duft des Parf\u00fcmhauses Alhambra. Hier k\u00f6nnen Sie es mit wenigen Klicks entdecken!","robots":{"index":"index","follow":"follow","max-snippet":"max-snippet:-1","max-image-preview":"max-image-preview:large","max-video-preview":"max-video-preview:-1"},"canonical":"https:\/\/www.parfumerie-arabe.com\/de\/produkt\/woody-oud-haus-alhambra\/","og_locale":"de_DE","og_type":"article","og_title":"Woody Oud | Eau de parfum 80ml | Maison Alhambra","og_description":"Le\u00a0parfum Woody oud\u00a080ml est une fragrance sign\u00e9e par la maison de parfumerie Alhambra. Ici, d\u00e9couvrez-le en quelques clics !","og_url":"https:\/\/www.parfumerie-arabe.com\/de\/produkt\/woody-oud-haus-alhambra\/","og_site_name":"Parfumerie Arabe","article_modified_time":"2025-09-09T12:24:52+00:00","og_image":[{"width":600,"height":600,"url":"https:\/\/www.parfumerie-arabe.com\/wp-content\/uploads\/2023\/01\/Woody-Oud-80ml-\u2013-Maison-Alhambra.jpeg","type":"image\/jpeg"}],"twitter_card":"summary_large_image","twitter_misc":{"Gesch\u00e4tzte Lesezeit":"3\u00a0Minuten"},"schema":{"@context":"https:\/\/schema.org","@graph":[{"@type":"WebPage","@id":"https:\/\/www.parfumerie-arabe.com\/produit\/woody-oud-maison-alhambra\/","url":"https:\/\/www.parfumerie-arabe.com\/produit\/woody-oud-maison-alhambra\/","name":"Woody Oud | Eau de Parfum 80ml | Maison Alhambra","isPartOf":{"@id":"https:\/\/www.parfumerie-arabe.com\/#website"},"primaryImageOfPage":{"@id":"https:\/\/www.parfumerie-arabe.com\/produit\/woody-oud-maison-alhambra\/#primaryimage"},"image":{"@id":"https:\/\/www.parfumerie-arabe.com\/produit\/woody-oud-maison-alhambra\/#primaryimage"},"thumbnailUrl":"https:\/\/www.parfumerie-arabe.com\/wp-content\/uploads\/2023\/01\/Woody-Oud-80ml-\u2013-Maison-Alhambra.jpeg","datePublished":"2023-01-15T09:03:38+00:00","dateModified":"2025-09-09T12:24:52+00:00","description":"Das Parf\u00fcm Woody oud 80ml ist ein Duft des Parf\u00fcmhauses Alhambra. Hier k\u00f6nnen Sie es mit wenigen Klicks entdecken!","breadcrumb":{"@id":"https:\/\/www.parfumerie-arabe.com\/produit\/woody-oud-maison-alhambra\/#breadcrumb"},"inLanguage":"de","potentialAction":[{"@type":"ReadAction","target":["https:\/\/www.parfumerie-arabe.com\/produit\/woody-oud-maison-alhambra\/"]}]},{"@type":"ImageObject","inLanguage":"de","@id":"https:\/\/www.parfumerie-arabe.com\/produit\/woody-oud-maison-alhambra\/#primaryimage","url":"https:\/\/www.parfumerie-arabe.com\/wp-content\/uploads\/2023\/01\/Woody-Oud-80ml-\u2013-Maison-Alhambra.jpeg","contentUrl":"https:\/\/www.parfumerie-arabe.com\/wp-content\/uploads\/2023\/01\/Woody-Oud-80ml-\u2013-Maison-Alhambra.jpeg","width":600,"height":600,"caption":"maison alhambra woody oud"},{"@type":"BreadcrumbList","@id":"https:\/\/www.parfumerie-arabe.com\/produit\/woody-oud-maison-alhambra\/#breadcrumb","itemListElement":[{"@type":"ListItem","position":1,"name":"Accueil","item":"https:\/\/www.parfumerie-arabe.com\/"},{"@type":"ListItem","position":2,"name":"Boutique","item":"https:\/\/www.parfumerie-arabe.com\/boutique\/"},{"@type":"ListItem","position":3,"name":"Woody Oud 80ml \u2013 Maison Alhambra"}]},{"@type":"WebSite","@id":"https:\/\/www.parfumerie-arabe.com\/#website","url":"https:\/\/www.parfumerie-arabe.com\/","name":"Arabische Parf\u00fcmerie","description":"","publisher":{"@id":"https:\/\/www.parfumerie-arabe.com\/#organization"},"potentialAction":[{"@type":"SearchAction","target":{"@type":"EntryPoint","urlTemplate":"https:\/\/www.parfumerie-arabe.com\/?s={search_term_string}"},"query-input":{"@type":"PropertyValueSpecification","valueRequired":true,"valueName":"search_term_string"}}],"inLanguage":"de"},{"@type":"Organization","@id":"https:\/\/www.parfumerie-arabe.com\/#organization","name":"Arabische Parf\u00fcmerie","url":"https:\/\/www.parfumerie-arabe.com\/","logo":{"@type":"ImageObject","inLanguage":"de","@id":"https:\/\/www.parfumerie-arabe.com\/#\/schema\/logo\/image\/","url":"https:\/\/www.parfumerie-arabe.com\/wp-content\/uploads\/2022\/08\/logo-parfumerie-arabe.png","contentUrl":"https:\/\/www.parfumerie-arabe.com\/wp-content\/uploads\/2022\/08\/logo-parfumerie-arabe.png","width":600,"height":171,"caption":"Parfumerie arabe"},"image":{"@id":"https:\/\/www.parfumerie-arabe.com\/#\/schema\/logo\/image\/"}}]}},"_links":{"self":[{"href":"https:\/\/www.parfumerie-arabe.com\/de\/wp-json\/wp\/v2\/product\/713","targetHints":{"allow":["GET"]}}],"collection":[{"href":"https:\/\/www.parfumerie-arabe.com\/de\/wp-json\/wp\/v2\/product"}],"about":[{"href":"https:\/\/www.parfumerie-arabe.com\/de\/wp-json\/wp\/v2\/types\/product"}],"wp:featuredmedia":[{"embeddable":true,"href":"https:\/\/www.parfumerie-arabe.com\/de\/wp-json\/wp\/v2\/media\/714"}],"wp:attachment":[{"href":"https:\/\/www.parfumerie-arabe.com\/de\/wp-json\/wp\/v2\/media?parent=713"}],"wp:term":[{"taxonomy":"product_brand","embeddable":true,"href":"https:\/\/www.parfumerie-arabe.com\/de\/wp-json\/wp\/v2\/product_brand?post=713"},{"taxonomy":"product_cat","embeddable":true,"href":"https:\/\/www.parfumerie-arabe.com\/de\/wp-json\/wp\/v2\/product_cat?post=713"},{"taxonomy":"product_tag","embeddable":true,"href":"https:\/\/www.parfumerie-arabe.com\/de\/wp-json\/wp\/v2\/product_tag?post=713"}],"curies":[{"name":"wp","href":"https:\/\/api.w.org\/{rel}","templated":true}]}}