{"id":79,"date":"2022-08-20T17:12:41","date_gmt":"2022-08-20T17:12:41","guid":{"rendered":"https:\/\/www.parfumerie-arabe.com\/?post_type=product&#038;p=79"},"modified":"2026-04-07T23:03:01","modified_gmt":"2026-04-07T23:03:01","slug":"eau-de-parfum-pure-musk-khalis-musk-100ml-lattafa","status":"publish","type":"product","link":"https:\/\/www.parfumerie-arabe.com\/de\/produit\/eau-de-parfum-pure-musk-khalis-musk-100ml-lattafa\/","title":{"rendered":"Pure Musk (Khalis Musk) Eau de Parfum 100ml - Ard Al Zaafaran"},"content":{"rendered":"<p>Pure Musk von Lattafa ist ein Duft, der Sie mit seinen herrlich orientalischen Essenzen sublimieren wird. Seine Noten erinnern Sie an die\u00a0<strong>Sanftheit\u00a0<\/strong>und die<strong>\u00a0Z\u00e4rtlichkeit<\/strong>. So werden Sie Ihr Selbstvertrauen st\u00e4rken und Sch\u00f6nheit ausstrahlen. Der Duft ist sanft und stark zugleich. So werden Sie sich von den D\u00fcften aus anderen L\u00e4ndern verzaubern lassen.<\/p>\n<h2><strong>Pure Musk von Lattafa: Wei\u00dfer Moschus im Mittelpunkt<\/strong><\/h2>\n<p>Wenn Sie diesen Duft noch nicht kennen, sollten Sie wissen, dass sich der Umweg lohnt. Hier befinden Sie sich im Land der\u00a0<strong>Sanftheit<\/strong>, sondern auch die\u00a0<strong>Macht<\/strong>. Was die Noten angeht, werden Sie in eine Welt entf\u00fchrt\u00a0<strong>\u00fcppig und beruhigend<\/strong>. Sie werden von Erinnerungen an einen gl\u00fccklichen Sommer \u00fcberw\u00e4ltigt sein. Und der Geruch von sauberer W\u00e4sche, die im Wind trocknet, wird Sie umh\u00fcllen. Wie bei der\u00a0<strong>Moschus Tahara<\/strong>\u00a0eine angenehm duftende Brise wird Sie stundenlang streicheln.<\/p>\n<h2><strong>Pure Musk von Lattafa: Der Duft f\u00fcr diejenigen, die wissen, was sie wollen<\/strong><\/h2>\n<p>Es ist eine orientalische Hymne, die sich Ihnen anbietet. Seine s\u00fc\u00dfen, sanften Noten sollen Ihre Weiblichkeit betonen. Aber sie sind auch der Verb\u00fcndete von M\u00e4nnern, die sich sicher und selbstbewusst f\u00fchlen. Schlie\u00dflich ist dies der Duft f\u00fcr diejenigen, die zu sich selbst stehen.\u00a0<strong>Asad<\/strong>. Und erleuchten ihre Umgebung mit dieser selbstbewussten Pers\u00f6nlichkeit, die wir so sehr lieben. Denn wei\u00dfer Moschus wird, sobald er auf Ihrer Haut ist, zu Ihrem eigenen. Er vermischt sich mit Ihrem pers\u00f6nlichen Duft und verleiht Ihnen einen einzigartigen Ton.<\/p>\n<h3><strong>D\u00fcfte, die Sie best\u00e4tigen<\/strong><\/h3>\n<p>Moschus hat die F\u00e4higkeit, Ihnen ein einzigartiges Auftreten zu verleihen. Er kleidet Sie f\u00fcr jeden Anlass. F\u00fcr den Mann ist er ein unschlagbarer Vorteil in\u00a0<a href=\"https:\/\/www.parfumerie-arabe.com\/de\/produkt\/eau-de-parfum-opulent-oud-100ml-lattafa\/\"><strong>Opulenter Oud<\/strong><\/a>. Denn in Kombination mit Patschuli und holzigen Gourmand-Noten werden Sie DER Gentleman des Abends sein. F\u00fcr die Frau das\u00a0<a href=\"https:\/\/www.parfumerie-arabe.com\/de\/produkt\/tahara-musk-box-abraj-al-oud\/\"><strong>Tahara Musc Box von Abraj Al Oud<\/strong><\/a>, wird eine\u00a0<strong>ode an die sinnlichkeit\u00a0<\/strong>von dem niemand unber\u00fchrt bleiben kann.<\/p>","protected":false},"excerpt":{"rendered":"<p><strong>Geruchsnoten :<\/strong><\/p>\n<p>Wei\u00dfer Moschus.<\/p>\n<p><strong>Genre<\/strong> : Gemischt.<\/p>","protected":false},"featured_media":109,"template":"","meta":[],"product_brand":[],"product_cat":[18,50],"product_tag":[],"class_list":{"0":"post-79","1":"product","2":"type-product","3":"status-publish","4":"has-post-thumbnail","6":"product_cat-ard-al-zaafaran","7":"product_cat-parfum-mixte","9":"first","10":"instock","11":"taxable","12":"shipping-taxable","13":"purchasable","14":"product-type-simple"},"yoast_head":"<!-- This site is optimized with the Yoast SEO plugin v27.5 - https:\/\/yoast.com\/product\/yoast-seo-wordpress\/ -->\n<title>Pure Musk (Khalis Musk) I Parfum doux I Collection Lattafa<\/title>\n<meta name=\"description\" content=\"Pure Musk de Lattafa est une fragrance qui vous sublimera par ses essences d\u00e9licieusement orientales. Adoptez-l\u00e0 en quelques clics !\" \/>\n<meta name=\"robots\" content=\"index, follow, max-snippet:-1, max-image-preview:large, max-video-preview:-1\" \/>\n<link rel=\"canonical\" href=\"https:\/\/www.parfumerie-arabe.com\/de\/produkt\/eau-de-parfum-pure-musk-khalis-musk-100ml-lattafa\/\" \/>\n<meta property=\"og:locale\" content=\"de_DE\" \/>\n<meta property=\"og:type\" content=\"article\" \/>\n<meta property=\"og:title\" content=\"Pure Musk (Khalis Musk) I Parfum doux I Collection Lattafa\" \/>\n<meta property=\"og:description\" content=\"Pure Musk de Lattafa est une fragrance qui vous sublimera par ses essences d\u00e9licieusement orientales. Adoptez-l\u00e0 en quelques clics !\" \/>\n<meta property=\"og:url\" content=\"https:\/\/www.parfumerie-arabe.com\/de\/produkt\/eau-de-parfum-pure-musk-khalis-musk-100ml-lattafa\/\" \/>\n<meta property=\"og:site_name\" content=\"Parfumerie Arabe\" \/>\n<meta property=\"article:modified_time\" content=\"2026-04-07T23:03:01+00:00\" \/>\n<meta property=\"og:image\" content=\"https:\/\/www.parfumerie-arabe.com\/wp-content\/uploads\/2022\/08\/parfum-pure-musk-lattafa.jpg\" \/>\n\t<meta property=\"og:image:width\" content=\"600\" \/>\n\t<meta property=\"og:image:height\" content=\"600\" \/>\n\t<meta property=\"og:image:type\" content=\"image\/jpeg\" \/>\n<meta name=\"twitter:card\" content=\"summary_large_image\" \/>\n<meta name=\"twitter:label1\" content=\"Gesch\u00e4tzte Lesezeit\" \/>\n\t<meta name=\"twitter:data1\" content=\"2\u00a0Minuten\" \/>\n<script type=\"application\/ld+json\" class=\"yoast-schema-graph\">{\"@context\":\"https:\\\/\\\/schema.org\",\"@graph\":[{\"@type\":\"WebPage\",\"@id\":\"https:\\\/\\\/www.parfumerie-arabe.com\\\/produit\\\/eau-de-parfum-pure-musk-khalis-musk-100ml-lattafa\\\/\",\"url\":\"https:\\\/\\\/www.parfumerie-arabe.com\\\/produit\\\/eau-de-parfum-pure-musk-khalis-musk-100ml-lattafa\\\/\",\"name\":\"Pure Musk (Khalis Musk) I Parfum doux I Collection Lattafa\",\"isPartOf\":{\"@id\":\"https:\\\/\\\/www.parfumerie-arabe.com\\\/#website\"},\"primaryImageOfPage\":{\"@id\":\"https:\\\/\\\/www.parfumerie-arabe.com\\\/produit\\\/eau-de-parfum-pure-musk-khalis-musk-100ml-lattafa\\\/#primaryimage\"},\"image\":{\"@id\":\"https:\\\/\\\/www.parfumerie-arabe.com\\\/produit\\\/eau-de-parfum-pure-musk-khalis-musk-100ml-lattafa\\\/#primaryimage\"},\"thumbnailUrl\":\"https:\\\/\\\/www.parfumerie-arabe.com\\\/wp-content\\\/uploads\\\/2022\\\/08\\\/parfum-pure-musk-lattafa.jpg\",\"datePublished\":\"2022-08-20T17:12:41+00:00\",\"dateModified\":\"2026-04-07T23:03:01+00:00\",\"description\":\"Pure Musk de Lattafa est une fragrance qui vous sublimera par ses essences d\u00e9licieusement orientales. Adoptez-l\u00e0 en quelques clics !\",\"breadcrumb\":{\"@id\":\"https:\\\/\\\/www.parfumerie-arabe.com\\\/produit\\\/eau-de-parfum-pure-musk-khalis-musk-100ml-lattafa\\\/#breadcrumb\"},\"inLanguage\":\"de\",\"potentialAction\":[{\"@type\":\"ReadAction\",\"target\":[\"https:\\\/\\\/www.parfumerie-arabe.com\\\/produit\\\/eau-de-parfum-pure-musk-khalis-musk-100ml-lattafa\\\/\"]}]},{\"@type\":\"ImageObject\",\"inLanguage\":\"de\",\"@id\":\"https:\\\/\\\/www.parfumerie-arabe.com\\\/produit\\\/eau-de-parfum-pure-musk-khalis-musk-100ml-lattafa\\\/#primaryimage\",\"url\":\"https:\\\/\\\/www.parfumerie-arabe.com\\\/wp-content\\\/uploads\\\/2022\\\/08\\\/parfum-pure-musk-lattafa.jpg\",\"contentUrl\":\"https:\\\/\\\/www.parfumerie-arabe.com\\\/wp-content\\\/uploads\\\/2022\\\/08\\\/parfum-pure-musk-lattafa.jpg\",\"width\":600,\"height\":600,\"caption\":\"Pure Musk (Khalis Musk)\"},{\"@type\":\"BreadcrumbList\",\"@id\":\"https:\\\/\\\/www.parfumerie-arabe.com\\\/produit\\\/eau-de-parfum-pure-musk-khalis-musk-100ml-lattafa\\\/#breadcrumb\",\"itemListElement\":[{\"@type\":\"ListItem\",\"position\":1,\"name\":\"Accueil\",\"item\":\"https:\\\/\\\/www.parfumerie-arabe.com\\\/\"},{\"@type\":\"ListItem\",\"position\":2,\"name\":\"Boutique\",\"item\":\"https:\\\/\\\/www.parfumerie-arabe.com\\\/boutique\\\/\"},{\"@type\":\"ListItem\",\"position\":3,\"name\":\"Eau de parfum Pure Musk (Khalis Musk) 100ml \u2013 Ard Al Zaafaran\"}]},{\"@type\":\"WebSite\",\"@id\":\"https:\\\/\\\/www.parfumerie-arabe.com\\\/#website\",\"url\":\"https:\\\/\\\/www.parfumerie-arabe.com\\\/\",\"name\":\"Parfumerie Arabe\",\"description\":\"\",\"publisher\":{\"@id\":\"https:\\\/\\\/www.parfumerie-arabe.com\\\/#organization\"},\"potentialAction\":[{\"@type\":\"SearchAction\",\"target\":{\"@type\":\"EntryPoint\",\"urlTemplate\":\"https:\\\/\\\/www.parfumerie-arabe.com\\\/?s={search_term_string}\"},\"query-input\":{\"@type\":\"PropertyValueSpecification\",\"valueRequired\":true,\"valueName\":\"search_term_string\"}}],\"inLanguage\":\"de\"},{\"@type\":\"Organization\",\"@id\":\"https:\\\/\\\/www.parfumerie-arabe.com\\\/#organization\",\"name\":\"Parfumerie arabe\",\"url\":\"https:\\\/\\\/www.parfumerie-arabe.com\\\/\",\"logo\":{\"@type\":\"ImageObject\",\"inLanguage\":\"de\",\"@id\":\"https:\\\/\\\/www.parfumerie-arabe.com\\\/#\\\/schema\\\/logo\\\/image\\\/\",\"url\":\"https:\\\/\\\/www.parfumerie-arabe.com\\\/wp-content\\\/uploads\\\/2022\\\/08\\\/logo-parfumerie-arabe.png\",\"contentUrl\":\"https:\\\/\\\/www.parfumerie-arabe.com\\\/wp-content\\\/uploads\\\/2022\\\/08\\\/logo-parfumerie-arabe.png\",\"width\":600,\"height\":171,\"caption\":\"Parfumerie arabe\"},\"image\":{\"@id\":\"https:\\\/\\\/www.parfumerie-arabe.com\\\/#\\\/schema\\\/logo\\\/image\\\/\"}}]}<\/script>\n<!-- \/ Yoast SEO plugin. -->","yoast_head_json":{"title":"Pure Musk (Khalis Musk) I S\u00fc\u00dfer Duft I Lattafa-Kollektion","description":"Pure Musk von Lattafa ist ein Duft, der Sie mit seinen herrlich orientalischen Essenzen verzaubern wird. Sie k\u00f6nnen ihn mit wenigen Klicks adoptieren!","robots":{"index":"index","follow":"follow","max-snippet":"max-snippet:-1","max-image-preview":"max-image-preview:large","max-video-preview":"max-video-preview:-1"},"canonical":"https:\/\/www.parfumerie-arabe.com\/de\/produkt\/eau-de-parfum-pure-musk-khalis-musk-100ml-lattafa\/","og_locale":"de_DE","og_type":"article","og_title":"Pure Musk (Khalis Musk) I Parfum doux I Collection Lattafa","og_description":"Pure Musk de Lattafa est une fragrance qui vous sublimera par ses essences d\u00e9licieusement orientales. Adoptez-l\u00e0 en quelques clics !","og_url":"https:\/\/www.parfumerie-arabe.com\/de\/produkt\/eau-de-parfum-pure-musk-khalis-musk-100ml-lattafa\/","og_site_name":"Parfumerie Arabe","article_modified_time":"2026-04-07T23:03:01+00:00","og_image":[{"width":600,"height":600,"url":"https:\/\/www.parfumerie-arabe.com\/wp-content\/uploads\/2022\/08\/parfum-pure-musk-lattafa.jpg","type":"image\/jpeg"}],"twitter_card":"summary_large_image","twitter_misc":{"Gesch\u00e4tzte Lesezeit":"2\u00a0Minuten"},"schema":{"@context":"https:\/\/schema.org","@graph":[{"@type":"WebPage","@id":"https:\/\/www.parfumerie-arabe.com\/produit\/eau-de-parfum-pure-musk-khalis-musk-100ml-lattafa\/","url":"https:\/\/www.parfumerie-arabe.com\/produit\/eau-de-parfum-pure-musk-khalis-musk-100ml-lattafa\/","name":"Pure Musk (Khalis Musk) I S\u00fc\u00dfer Duft I Lattafa-Kollektion","isPartOf":{"@id":"https:\/\/www.parfumerie-arabe.com\/#website"},"primaryImageOfPage":{"@id":"https:\/\/www.parfumerie-arabe.com\/produit\/eau-de-parfum-pure-musk-khalis-musk-100ml-lattafa\/#primaryimage"},"image":{"@id":"https:\/\/www.parfumerie-arabe.com\/produit\/eau-de-parfum-pure-musk-khalis-musk-100ml-lattafa\/#primaryimage"},"thumbnailUrl":"https:\/\/www.parfumerie-arabe.com\/wp-content\/uploads\/2022\/08\/parfum-pure-musk-lattafa.jpg","datePublished":"2022-08-20T17:12:41+00:00","dateModified":"2026-04-07T23:03:01+00:00","description":"Pure Musk von Lattafa ist ein Duft, der Sie mit seinen herrlich orientalischen Essenzen verzaubern wird. Sie k\u00f6nnen ihn mit wenigen Klicks adoptieren!","breadcrumb":{"@id":"https:\/\/www.parfumerie-arabe.com\/produit\/eau-de-parfum-pure-musk-khalis-musk-100ml-lattafa\/#breadcrumb"},"inLanguage":"de","potentialAction":[{"@type":"ReadAction","target":["https:\/\/www.parfumerie-arabe.com\/produit\/eau-de-parfum-pure-musk-khalis-musk-100ml-lattafa\/"]}]},{"@type":"ImageObject","inLanguage":"de","@id":"https:\/\/www.parfumerie-arabe.com\/produit\/eau-de-parfum-pure-musk-khalis-musk-100ml-lattafa\/#primaryimage","url":"https:\/\/www.parfumerie-arabe.com\/wp-content\/uploads\/2022\/08\/parfum-pure-musk-lattafa.jpg","contentUrl":"https:\/\/www.parfumerie-arabe.com\/wp-content\/uploads\/2022\/08\/parfum-pure-musk-lattafa.jpg","width":600,"height":600,"caption":"Pure Musk (Khalis Musk)"},{"@type":"BreadcrumbList","@id":"https:\/\/www.parfumerie-arabe.com\/produit\/eau-de-parfum-pure-musk-khalis-musk-100ml-lattafa\/#breadcrumb","itemListElement":[{"@type":"ListItem","position":1,"name":"Accueil","item":"https:\/\/www.parfumerie-arabe.com\/"},{"@type":"ListItem","position":2,"name":"Boutique","item":"https:\/\/www.parfumerie-arabe.com\/boutique\/"},{"@type":"ListItem","position":3,"name":"Eau de parfum Pure Musk (Khalis Musk) 100ml \u2013 Ard Al Zaafaran"}]},{"@type":"WebSite","@id":"https:\/\/www.parfumerie-arabe.com\/#website","url":"https:\/\/www.parfumerie-arabe.com\/","name":"Arabische Parf\u00fcmerie","description":"","publisher":{"@id":"https:\/\/www.parfumerie-arabe.com\/#organization"},"potentialAction":[{"@type":"SearchAction","target":{"@type":"EntryPoint","urlTemplate":"https:\/\/www.parfumerie-arabe.com\/?s={search_term_string}"},"query-input":{"@type":"PropertyValueSpecification","valueRequired":true,"valueName":"search_term_string"}}],"inLanguage":"de"},{"@type":"Organization","@id":"https:\/\/www.parfumerie-arabe.com\/#organization","name":"Arabische Parf\u00fcmerie","url":"https:\/\/www.parfumerie-arabe.com\/","logo":{"@type":"ImageObject","inLanguage":"de","@id":"https:\/\/www.parfumerie-arabe.com\/#\/schema\/logo\/image\/","url":"https:\/\/www.parfumerie-arabe.com\/wp-content\/uploads\/2022\/08\/logo-parfumerie-arabe.png","contentUrl":"https:\/\/www.parfumerie-arabe.com\/wp-content\/uploads\/2022\/08\/logo-parfumerie-arabe.png","width":600,"height":171,"caption":"Parfumerie arabe"},"image":{"@id":"https:\/\/www.parfumerie-arabe.com\/#\/schema\/logo\/image\/"}}]}},"_links":{"self":[{"href":"https:\/\/www.parfumerie-arabe.com\/de\/wp-json\/wp\/v2\/product\/79","targetHints":{"allow":["GET"]}}],"collection":[{"href":"https:\/\/www.parfumerie-arabe.com\/de\/wp-json\/wp\/v2\/product"}],"about":[{"href":"https:\/\/www.parfumerie-arabe.com\/de\/wp-json\/wp\/v2\/types\/product"}],"wp:featuredmedia":[{"embeddable":true,"href":"https:\/\/www.parfumerie-arabe.com\/de\/wp-json\/wp\/v2\/media\/109"}],"wp:attachment":[{"href":"https:\/\/www.parfumerie-arabe.com\/de\/wp-json\/wp\/v2\/media?parent=79"}],"wp:term":[{"taxonomy":"product_brand","embeddable":true,"href":"https:\/\/www.parfumerie-arabe.com\/de\/wp-json\/wp\/v2\/product_brand?post=79"},{"taxonomy":"product_cat","embeddable":true,"href":"https:\/\/www.parfumerie-arabe.com\/de\/wp-json\/wp\/v2\/product_cat?post=79"},{"taxonomy":"product_tag","embeddable":true,"href":"https:\/\/www.parfumerie-arabe.com\/de\/wp-json\/wp\/v2\/product_tag?post=79"}],"curies":[{"name":"wp","href":"https:\/\/api.w.org\/{rel}","templated":true}]}}