{"id":81,"date":"2022-08-20T17:12:41","date_gmt":"2022-08-20T17:12:41","guid":{"rendered":"https:\/\/www.parfumerie-arabe.com\/?post_type=product&#038;p=81"},"modified":"2025-09-09T12:23:10","modified_gmt":"2025-09-09T12:23:10","slug":"eau-de-parfum-oud-24-hours-100ml-ard-al-zaafaran","status":"publish","type":"product","link":"https:\/\/www.parfumerie-arabe.com\/de\/produit\/eau-de-parfum-oud-24-hours-100ml-ard-al-zaafaran\/","title":{"rendered":"Oud 24 Hours Eau de Parfum 100ml - Ard Al Zaafaran"},"content":{"rendered":"<p>Oud 24 Hours von Ard Al Zaafaran wird Ihr Liebling in der Welt der orientalischen Parfums werden. Denn seine frischen, k\u00f6stlichen und tiefen Noten machen ihn zu einem echten\u00a0<strong>Duft-Elixier<\/strong>. Halten Sie sich also fest, denn was Sie erwartet, ist eine echte\u00a0<strong>Sinnexplosion<\/strong>\u00a0! Egal ob Mann oder Frau, dieser Bestseller der Marke wird Sie sublimieren.<\/p>\n<h2><strong>Oud 24 Hours von Ard Al Zaafaran: ein orientalischer Gourmand<\/strong><\/h2>\n<p>Diese Ode\u00a0<strong>gierig und dunkel<\/strong>\u00a0beginnt mit der dunklen Schokolade. Denn sie bringt diese einzigartige K\u00f6stlichkeit mit sich, die Sinnlichkeit und Unschuld vereint. Aber sie ist auch diejenige, die Sie in eine tiefe Fantasiewelt entf\u00fchrt. Und dabei haben Sie noch nicht einmal mit den Holz- und Ambernoten gerechnet. Denn diese kommen umh\u00fcllt von Patchouli und Weihrauch, um dem Orient Gestalt zu verleihen. Aber, alles zart und\u00a0<strong>Frische<\/strong>.<\/p>\n<p>Tats\u00e4chlich w\u00e4re dieser Duft ohne die Pr\u00e4senz frischer, anmutiger Blumen nicht beliebt. Aber auch Fr\u00fcchte, die mit Gew\u00fcrzen best\u00e4ubt sind. Diese wunderbare Kreation wird Sie unterstreichen. Ob am Tag oder in der Nacht, Sie werden einfach unwiderstehlich sein.\u00a0<strong><a href=\"https:\/\/www.parfumerie-arabe.com\/de\/produkt\/eau-de-parfum-confidential-private-gold\/\">Vertraulich privat<\/a>\u00a0<\/strong>der Lattafa.<\/p>\n<h2><strong>Oud 24 Hours von Ard Al Zaafaran: ein schicker Flakon<\/strong><\/h2>\n<p>Das ist der Flakon, der f\u00fcr diejenigen gemacht ist, die den\u2019<strong>Eleganz <\/strong>und die\u00a0<strong>Auszeichnung<\/strong>. Denn wie bei dem von\u2019<a href=\"https:\/\/www.parfumerie-arabe.com\/de\/produkt\/eau-de-parfum-aroob-100ml-ard-al-zaafaran\/\"><strong>Aroob<\/strong><\/a>, Auf den ersten Blick erkennt man, dass es sich hier um ein au\u00dfergew\u00f6hnliches Parfum handelt. Durch seine geometrischen Formen ist es beeindruckend und thront majest\u00e4tisch. Au\u00dferdem verleiht die Kombination aus Schwarz und Gold dem Ganzen noch mehr Eleganz. Sie m\u00fcssen es nur noch \u00f6ffnen, um diesen bezaubernden Nektar zu genie\u00dfen.<\/p>\n<h3><strong>Ein langer Sillage<\/strong><\/h3>\n<p>Oud 24 Hours tr\u00e4gt seinen Namen zu Recht. Denn er h\u00e4lt tats\u00e4chlich so lange auf Ihnen. Und, so lassen Sie eine\u00a0<strong>unausl\u00f6schlicher Fingerabdruck <\/strong>in den K\u00f6pfen derer, die Ihnen begegnen. Denn er geh\u00f6rt zu den D\u00fcften, die mit Ihnen eins werden, ohne ihre Intensit\u00e4t zu mindern, wie der ber\u00fchmte\u00a0<strong>Resala<\/strong>.<\/p>","protected":false},"excerpt":{"rendered":"<p><strong>Geruchsnoten :<\/strong><\/p>\n<p><strong>Kopfnoten :<\/strong> Mandarine, Bergamotte, Zartbitterschokolade<br \/>\n<strong>Herznoten :<\/strong> Ylang-Ylang, Jasmin, Gardenie, Fr\u00fcchte, Gew\u00fcrze<br \/>\n<strong>Basisnoten :<\/strong> Patschuli, Bernstein, Sandelholz, Weihrauch<\/p>\n<p><strong>Genre<\/strong> : Gemischt.<\/p>","protected":false},"featured_media":2229,"template":"","meta":[],"product_brand":[],"product_cat":[18,160,15,50],"product_tag":[],"class_list":{"0":"post-81","1":"product","2":"type-product","3":"status-publish","4":"has-post-thumbnail","6":"product_cat-ard-al-zaafaran","7":"product_cat-parfum-femme","8":"product_cat-parfum-homme","9":"product_cat-parfum-mixte","11":"first","12":"instock","13":"taxable","14":"shipping-taxable","15":"purchasable","16":"product-type-simple"},"yoast_head":"<!-- This site is optimized with the Yoast SEO plugin v27.5 - https:\/\/yoast.com\/product\/yoast-seo-wordpress\/ -->\n<title>Oud 24 Hours I Eau de parfum 100ml I Ard Al Zaafaran<\/title>\n<meta name=\"description\" content=\"Oud 24 Hours d\u2019Ard Al Zaafaran va devenir votre chouchou dans l\u2019univers des parfums orientaux. D\u00e9couvrez-le sans plus attendre !\" \/>\n<meta name=\"robots\" content=\"index, follow, max-snippet:-1, max-image-preview:large, max-video-preview:-1\" \/>\n<link rel=\"canonical\" href=\"https:\/\/www.parfumerie-arabe.com\/de\/produkt\/eau-de-parfum-oud-24-hours-100ml-ard-al-zaafaran\/\" \/>\n<meta property=\"og:locale\" content=\"de_DE\" \/>\n<meta property=\"og:type\" content=\"article\" \/>\n<meta property=\"og:title\" content=\"Oud 24 Hours I Eau de parfum 100ml I Ard Al Zaafaran\" \/>\n<meta property=\"og:description\" content=\"Oud 24 Hours d\u2019Ard Al Zaafaran va devenir votre chouchou dans l\u2019univers des parfums orientaux. D\u00e9couvrez-le sans plus attendre !\" \/>\n<meta property=\"og:url\" content=\"https:\/\/www.parfumerie-arabe.com\/de\/produkt\/eau-de-parfum-oud-24-hours-100ml-ard-al-zaafaran\/\" \/>\n<meta property=\"og:site_name\" content=\"Parfumerie Arabe\" \/>\n<meta property=\"article:modified_time\" content=\"2025-09-09T12:23:10+00:00\" \/>\n<meta property=\"og:image\" content=\"https:\/\/www.parfumerie-arabe.com\/wp-content\/uploads\/2022\/08\/oud-24-hours-ard-el-zaafaran-lattafa.jpg\" \/>\n\t<meta property=\"og:image:width\" content=\"600\" \/>\n\t<meta property=\"og:image:height\" content=\"600\" \/>\n\t<meta property=\"og:image:type\" content=\"image\/jpeg\" \/>\n<meta name=\"twitter:card\" content=\"summary_large_image\" \/>\n<meta name=\"twitter:label1\" content=\"Gesch\u00e4tzte Lesezeit\" \/>\n\t<meta name=\"twitter:data1\" content=\"2\u00a0Minuten\" \/>\n<script type=\"application\/ld+json\" class=\"yoast-schema-graph\">{\"@context\":\"https:\\\/\\\/schema.org\",\"@graph\":[{\"@type\":\"WebPage\",\"@id\":\"https:\\\/\\\/www.parfumerie-arabe.com\\\/produit\\\/eau-de-parfum-oud-24-hours-100ml-ard-al-zaafaran\\\/\",\"url\":\"https:\\\/\\\/www.parfumerie-arabe.com\\\/produit\\\/eau-de-parfum-oud-24-hours-100ml-ard-al-zaafaran\\\/\",\"name\":\"Oud 24 Hours I Eau de parfum 100ml I Ard Al Zaafaran\",\"isPartOf\":{\"@id\":\"https:\\\/\\\/www.parfumerie-arabe.com\\\/#website\"},\"primaryImageOfPage\":{\"@id\":\"https:\\\/\\\/www.parfumerie-arabe.com\\\/produit\\\/eau-de-parfum-oud-24-hours-100ml-ard-al-zaafaran\\\/#primaryimage\"},\"image\":{\"@id\":\"https:\\\/\\\/www.parfumerie-arabe.com\\\/produit\\\/eau-de-parfum-oud-24-hours-100ml-ard-al-zaafaran\\\/#primaryimage\"},\"thumbnailUrl\":\"https:\\\/\\\/www.parfumerie-arabe.com\\\/wp-content\\\/uploads\\\/2022\\\/08\\\/oud-24-hours-ard-el-zaafaran-lattafa.jpg\",\"datePublished\":\"2022-08-20T17:12:41+00:00\",\"dateModified\":\"2025-09-09T12:23:10+00:00\",\"description\":\"Oud 24 Hours d\u2019Ard Al Zaafaran va devenir votre chouchou dans l\u2019univers des parfums orientaux. D\u00e9couvrez-le sans plus attendre !\",\"breadcrumb\":{\"@id\":\"https:\\\/\\\/www.parfumerie-arabe.com\\\/produit\\\/eau-de-parfum-oud-24-hours-100ml-ard-al-zaafaran\\\/#breadcrumb\"},\"inLanguage\":\"de\",\"potentialAction\":[{\"@type\":\"ReadAction\",\"target\":[\"https:\\\/\\\/www.parfumerie-arabe.com\\\/produit\\\/eau-de-parfum-oud-24-hours-100ml-ard-al-zaafaran\\\/\"]}]},{\"@type\":\"ImageObject\",\"inLanguage\":\"de\",\"@id\":\"https:\\\/\\\/www.parfumerie-arabe.com\\\/produit\\\/eau-de-parfum-oud-24-hours-100ml-ard-al-zaafaran\\\/#primaryimage\",\"url\":\"https:\\\/\\\/www.parfumerie-arabe.com\\\/wp-content\\\/uploads\\\/2022\\\/08\\\/oud-24-hours-ard-el-zaafaran-lattafa.jpg\",\"contentUrl\":\"https:\\\/\\\/www.parfumerie-arabe.com\\\/wp-content\\\/uploads\\\/2022\\\/08\\\/oud-24-hours-ard-el-zaafaran-lattafa.jpg\",\"width\":600,\"height\":600,\"caption\":\"oud 24 hours ard el zaafaran lattafa\"},{\"@type\":\"BreadcrumbList\",\"@id\":\"https:\\\/\\\/www.parfumerie-arabe.com\\\/produit\\\/eau-de-parfum-oud-24-hours-100ml-ard-al-zaafaran\\\/#breadcrumb\",\"itemListElement\":[{\"@type\":\"ListItem\",\"position\":1,\"name\":\"Accueil\",\"item\":\"https:\\\/\\\/www.parfumerie-arabe.com\\\/\"},{\"@type\":\"ListItem\",\"position\":2,\"name\":\"Boutique\",\"item\":\"https:\\\/\\\/www.parfumerie-arabe.com\\\/boutique\\\/\"},{\"@type\":\"ListItem\",\"position\":3,\"name\":\"Eau de parfum Oud 24 Hours 100ml \u2013 Ard Al Zaafaran\"}]},{\"@type\":\"WebSite\",\"@id\":\"https:\\\/\\\/www.parfumerie-arabe.com\\\/#website\",\"url\":\"https:\\\/\\\/www.parfumerie-arabe.com\\\/\",\"name\":\"Parfumerie Arabe\",\"description\":\"\",\"publisher\":{\"@id\":\"https:\\\/\\\/www.parfumerie-arabe.com\\\/#organization\"},\"potentialAction\":[{\"@type\":\"SearchAction\",\"target\":{\"@type\":\"EntryPoint\",\"urlTemplate\":\"https:\\\/\\\/www.parfumerie-arabe.com\\\/?s={search_term_string}\"},\"query-input\":{\"@type\":\"PropertyValueSpecification\",\"valueRequired\":true,\"valueName\":\"search_term_string\"}}],\"inLanguage\":\"de\"},{\"@type\":\"Organization\",\"@id\":\"https:\\\/\\\/www.parfumerie-arabe.com\\\/#organization\",\"name\":\"Parfumerie arabe\",\"url\":\"https:\\\/\\\/www.parfumerie-arabe.com\\\/\",\"logo\":{\"@type\":\"ImageObject\",\"inLanguage\":\"de\",\"@id\":\"https:\\\/\\\/www.parfumerie-arabe.com\\\/#\\\/schema\\\/logo\\\/image\\\/\",\"url\":\"https:\\\/\\\/www.parfumerie-arabe.com\\\/wp-content\\\/uploads\\\/2022\\\/08\\\/logo-parfumerie-arabe.png\",\"contentUrl\":\"https:\\\/\\\/www.parfumerie-arabe.com\\\/wp-content\\\/uploads\\\/2022\\\/08\\\/logo-parfumerie-arabe.png\",\"width\":600,\"height\":171,\"caption\":\"Parfumerie arabe\"},\"image\":{\"@id\":\"https:\\\/\\\/www.parfumerie-arabe.com\\\/#\\\/schema\\\/logo\\\/image\\\/\"}}]}<\/script>\n<!-- \/ Yoast SEO plugin. -->","yoast_head_json":{"title":"Oud 24 Hours I Eau de Parfum 100ml I Ard Al Zaafaran","description":"Oud 24 Hours von Ard Al Zaafaran wird Ihr Liebling in der Welt der orientalischen D\u00fcfte werden. Entdecken Sie ihn jetzt!","robots":{"index":"index","follow":"follow","max-snippet":"max-snippet:-1","max-image-preview":"max-image-preview:large","max-video-preview":"max-video-preview:-1"},"canonical":"https:\/\/www.parfumerie-arabe.com\/de\/produkt\/eau-de-parfum-oud-24-hours-100ml-ard-al-zaafaran\/","og_locale":"de_DE","og_type":"article","og_title":"Oud 24 Hours I Eau de parfum 100ml I Ard Al Zaafaran","og_description":"Oud 24 Hours d\u2019Ard Al Zaafaran va devenir votre chouchou dans l\u2019univers des parfums orientaux. D\u00e9couvrez-le sans plus attendre !","og_url":"https:\/\/www.parfumerie-arabe.com\/de\/produkt\/eau-de-parfum-oud-24-hours-100ml-ard-al-zaafaran\/","og_site_name":"Parfumerie Arabe","article_modified_time":"2025-09-09T12:23:10+00:00","og_image":[{"width":600,"height":600,"url":"https:\/\/www.parfumerie-arabe.com\/wp-content\/uploads\/2022\/08\/oud-24-hours-ard-el-zaafaran-lattafa.jpg","type":"image\/jpeg"}],"twitter_card":"summary_large_image","twitter_misc":{"Gesch\u00e4tzte Lesezeit":"2\u00a0Minuten"},"schema":{"@context":"https:\/\/schema.org","@graph":[{"@type":"WebPage","@id":"https:\/\/www.parfumerie-arabe.com\/produit\/eau-de-parfum-oud-24-hours-100ml-ard-al-zaafaran\/","url":"https:\/\/www.parfumerie-arabe.com\/produit\/eau-de-parfum-oud-24-hours-100ml-ard-al-zaafaran\/","name":"Oud 24 Hours I Eau de Parfum 100ml I Ard Al Zaafaran","isPartOf":{"@id":"https:\/\/www.parfumerie-arabe.com\/#website"},"primaryImageOfPage":{"@id":"https:\/\/www.parfumerie-arabe.com\/produit\/eau-de-parfum-oud-24-hours-100ml-ard-al-zaafaran\/#primaryimage"},"image":{"@id":"https:\/\/www.parfumerie-arabe.com\/produit\/eau-de-parfum-oud-24-hours-100ml-ard-al-zaafaran\/#primaryimage"},"thumbnailUrl":"https:\/\/www.parfumerie-arabe.com\/wp-content\/uploads\/2022\/08\/oud-24-hours-ard-el-zaafaran-lattafa.jpg","datePublished":"2022-08-20T17:12:41+00:00","dateModified":"2025-09-09T12:23:10+00:00","description":"Oud 24 Hours von Ard Al Zaafaran wird Ihr Liebling in der Welt der orientalischen D\u00fcfte werden. Entdecken Sie ihn jetzt!","breadcrumb":{"@id":"https:\/\/www.parfumerie-arabe.com\/produit\/eau-de-parfum-oud-24-hours-100ml-ard-al-zaafaran\/#breadcrumb"},"inLanguage":"de","potentialAction":[{"@type":"ReadAction","target":["https:\/\/www.parfumerie-arabe.com\/produit\/eau-de-parfum-oud-24-hours-100ml-ard-al-zaafaran\/"]}]},{"@type":"ImageObject","inLanguage":"de","@id":"https:\/\/www.parfumerie-arabe.com\/produit\/eau-de-parfum-oud-24-hours-100ml-ard-al-zaafaran\/#primaryimage","url":"https:\/\/www.parfumerie-arabe.com\/wp-content\/uploads\/2022\/08\/oud-24-hours-ard-el-zaafaran-lattafa.jpg","contentUrl":"https:\/\/www.parfumerie-arabe.com\/wp-content\/uploads\/2022\/08\/oud-24-hours-ard-el-zaafaran-lattafa.jpg","width":600,"height":600,"caption":"oud 24 hours ard el zaafaran lattafa"},{"@type":"BreadcrumbList","@id":"https:\/\/www.parfumerie-arabe.com\/produit\/eau-de-parfum-oud-24-hours-100ml-ard-al-zaafaran\/#breadcrumb","itemListElement":[{"@type":"ListItem","position":1,"name":"Accueil","item":"https:\/\/www.parfumerie-arabe.com\/"},{"@type":"ListItem","position":2,"name":"Boutique","item":"https:\/\/www.parfumerie-arabe.com\/boutique\/"},{"@type":"ListItem","position":3,"name":"Eau de parfum Oud 24 Hours 100ml \u2013 Ard Al Zaafaran"}]},{"@type":"WebSite","@id":"https:\/\/www.parfumerie-arabe.com\/#website","url":"https:\/\/www.parfumerie-arabe.com\/","name":"Arabische Parf\u00fcmerie","description":"","publisher":{"@id":"https:\/\/www.parfumerie-arabe.com\/#organization"},"potentialAction":[{"@type":"SearchAction","target":{"@type":"EntryPoint","urlTemplate":"https:\/\/www.parfumerie-arabe.com\/?s={search_term_string}"},"query-input":{"@type":"PropertyValueSpecification","valueRequired":true,"valueName":"search_term_string"}}],"inLanguage":"de"},{"@type":"Organization","@id":"https:\/\/www.parfumerie-arabe.com\/#organization","name":"Arabische Parf\u00fcmerie","url":"https:\/\/www.parfumerie-arabe.com\/","logo":{"@type":"ImageObject","inLanguage":"de","@id":"https:\/\/www.parfumerie-arabe.com\/#\/schema\/logo\/image\/","url":"https:\/\/www.parfumerie-arabe.com\/wp-content\/uploads\/2022\/08\/logo-parfumerie-arabe.png","contentUrl":"https:\/\/www.parfumerie-arabe.com\/wp-content\/uploads\/2022\/08\/logo-parfumerie-arabe.png","width":600,"height":171,"caption":"Parfumerie arabe"},"image":{"@id":"https:\/\/www.parfumerie-arabe.com\/#\/schema\/logo\/image\/"}}]}},"_links":{"self":[{"href":"https:\/\/www.parfumerie-arabe.com\/de\/wp-json\/wp\/v2\/product\/81","targetHints":{"allow":["GET"]}}],"collection":[{"href":"https:\/\/www.parfumerie-arabe.com\/de\/wp-json\/wp\/v2\/product"}],"about":[{"href":"https:\/\/www.parfumerie-arabe.com\/de\/wp-json\/wp\/v2\/types\/product"}],"wp:featuredmedia":[{"embeddable":true,"href":"https:\/\/www.parfumerie-arabe.com\/de\/wp-json\/wp\/v2\/media\/2229"}],"wp:attachment":[{"href":"https:\/\/www.parfumerie-arabe.com\/de\/wp-json\/wp\/v2\/media?parent=81"}],"wp:term":[{"taxonomy":"product_brand","embeddable":true,"href":"https:\/\/www.parfumerie-arabe.com\/de\/wp-json\/wp\/v2\/product_brand?post=81"},{"taxonomy":"product_cat","embeddable":true,"href":"https:\/\/www.parfumerie-arabe.com\/de\/wp-json\/wp\/v2\/product_cat?post=81"},{"taxonomy":"product_tag","embeddable":true,"href":"https:\/\/www.parfumerie-arabe.com\/de\/wp-json\/wp\/v2\/product_tag?post=81"}],"curies":[{"name":"wp","href":"https:\/\/api.w.org\/{rel}","templated":true}]}}