{"id":90,"date":"2022-08-20T17:12:42","date_gmt":"2022-08-20T17:12:42","guid":{"rendered":"https:\/\/www.parfumerie-arabe.com\/?post_type=product&#038;p=90"},"modified":"2025-11-22T16:02:16","modified_gmt":"2025-11-22T16:02:16","slug":"eau-de-parfum-red-rose-35ml-al-rehab","status":"publish","type":"product","link":"https:\/\/www.parfumerie-arabe.com\/de\/produit\/eau-de-parfum-red-rose-35ml-al-rehab\/","title":{"rendered":"Red Rose Eau de Parfum 35ml - Al Rehab"},"content":{"rendered":"<p>Red Rose von Al Rehab ist ein Parfum\u00a0<strong>sinnlich und s\u00fc\u00df<\/strong>. Er passt zu allen Temperamenten. Egal, ob Sie eine strahlende oder eher zur\u00fcckhaltende Pers\u00f6nlichkeit haben, dieser Duft passt zu Ihnen wie die Faust aufs Auge. Er ist blumig und beruhigend zugleich. Daher ist er sowohl f\u00fcr M\u00e4nner als auch f\u00fcr Frauen geeignet.<\/p>\n<h2><strong>Red Rose von Al Rehab: Aufmunternde Sanftheit<\/strong><\/h2>\n<p>Sie werden mit dieser Komposition zun\u00e4chst eine Welt entdecken <strong>warm und w\u00fcrzig<\/strong>. Aber nicht diese scharfen Gew\u00fcrze. Nein, nur solche, die der Vorstellungskraft Farbe und Relief verleihen. Nach ein paar Sekunden kommt die zweite Welle.\u00a0<strong>frisch<\/strong>. Der mit blumigen und s\u00e4uerlichen Noten ankommen wird. Schlie\u00dflich wird Moschus seinen Auftritt haben und stundenlang mit den Zitrusfr\u00fcchten pr\u00e4sent bleiben. In denselben frischen und gleichzeitig warmen T\u00f6nen,\u00a0<strong><a href=\"https:\/\/www.parfumerie-arabe.com\/de\/produkt\/eau-de-parfum-hayaati-gold-elixir-100ml-lattafa\/\">Hayaati Gold Elixir<\/a>\u00a0<\/strong>von Lattafa ist einen Besuch wert.<\/p>\n<h2><strong>Red Rose von Al Rehab: Ein Duft, der an Gl\u00fcck erinnert<\/strong><\/h2>\n<p>Dieser Duft ist der Duft der Lebensgenie\u00dfer. Aber auch der Duft derer, die das Leben anl\u00e4cheln. Denn mit ihm wird das\u00a0<strong>Freude<\/strong>\u00a0wird auf den Punkt gebracht. Diese Noten erinnern ein wenig an die m\u00fctterlichen Umarmungen. Und sie stehen auch f\u00fcr Erinnerungen an einen gl\u00fccklichen Sommer. Kurz gesagt, es ist ein Nektar der\u00a0<strong>Gl\u00fcck<\/strong>.<\/p>\n<p>Au\u00dferdem ist es ein\u00a0<strong>ansteckendes Wohlbefinden<\/strong>\u00a0die Sie an diejenigen weitergeben, die Sie riechen. Mit Red Rose ist kein Platz f\u00fcr Tr\u00fcbsal und schlechte Laune. Wie bei mit\u00a0<a href=\"https:\/\/www.parfumerie-arabe.com\/de\/produkt\/super-blumen-die-digor-parfums\/\"><strong>Super-Blumen<\/strong><\/a>\u00a0des Parfums d'Igor wird Ihr Tag im Zeichen der Fr\u00f6hlichkeit stehen.<\/p>\n<h3><strong>Ein kleines Format, um es immer in der N\u00e4he zu haben<\/strong><\/h3>\n<p>Das ist einer der nicht zu untersch\u00e4tzenden Vorteile seines Flakons. Denn diese\u00a0<strong>kleine Gr\u00f6\u00dfe<\/strong>\u00a0k\u00f6nnen Sie es leicht \u00fcberall hin mitnehmen. So k\u00f6nnen Sie sich bei der Arbeit oder beim Ausgehen problemlos parf\u00fcmieren. Und wenn Sie es noch diskreter m\u00f6gen, k\u00f6nnen die\u00a0<a href=\"https:\/\/www.parfumerie-arabe.com\/de\/sammlung\/taschenduft\/\"><strong>Taschenparfums<\/strong><\/a>\u00a0werden Ihre besten Verb\u00fcndeten sein.<\/p>","protected":false},"excerpt":{"rendered":"<p>Red Rose d\u2019Al Rehab est un parfum\u00a0sensuel et doux. Il convient \u00e0 tous temp\u00e9raments. Aussi, que vous ayez une personnalit\u00e9 rayonnante ou plut\u00f4t discr\u00e8te c\u2019est la fragrance qui vous ira comme un gant. En effet, elle est fleurie et rassurante \u00e0 la fois. Ainsi, elle conviendra aussi bien aux hommes qu\u2019aux femmes. Red Rose d\u2019Al [&#8230;]\n","protected":false},"featured_media":138,"template":"","meta":[],"product_brand":[],"product_cat":[20,15,50,19],"product_tag":[],"class_list":{"0":"post-90","1":"product","2":"type-product","3":"status-publish","4":"has-post-thumbnail","6":"product_cat-al-rehab","7":"product_cat-parfum-homme","8":"product_cat-parfum-mixte","9":"product_cat-parfum-oud-femme","11":"first","12":"instock","13":"taxable","14":"shipping-taxable","15":"purchasable","16":"product-type-simple"},"yoast_head":"<!-- This site is optimized with the Yoast SEO plugin v27.5 - https:\/\/yoast.com\/product\/yoast-seo-wordpress\/ -->\n<title>Red Rose I Eau de parfum mixte 35ml I Al Rehab<\/title>\n<meta name=\"description\" content=\"Red Rose d\u2019Al Rehab est un parfum\u00a0sensuel et doux. Il convient \u00e0 tous temp\u00e9raments. D\u00e9couvrez-le sans plus attendre dans notre boutique !\" \/>\n<meta name=\"robots\" content=\"index, follow, max-snippet:-1, max-image-preview:large, max-video-preview:-1\" \/>\n<link rel=\"canonical\" href=\"https:\/\/www.parfumerie-arabe.com\/de\/produkt\/eau-de-parfum-red-rose-35ml-al-rehab\/\" \/>\n<meta property=\"og:locale\" content=\"de_DE\" \/>\n<meta property=\"og:type\" content=\"article\" \/>\n<meta property=\"og:title\" content=\"Red Rose I Eau de parfum mixte 35ml I Al Rehab\" \/>\n<meta property=\"og:description\" content=\"Red Rose d\u2019Al Rehab est un parfum\u00a0sensuel et doux. Il convient \u00e0 tous temp\u00e9raments. D\u00e9couvrez-le sans plus attendre dans notre boutique !\" \/>\n<meta property=\"og:url\" content=\"https:\/\/www.parfumerie-arabe.com\/de\/produkt\/eau-de-parfum-red-rose-35ml-al-rehab\/\" \/>\n<meta property=\"og:site_name\" content=\"Parfumerie Arabe\" \/>\n<meta property=\"article:modified_time\" content=\"2025-11-22T16:02:16+00:00\" \/>\n<meta property=\"og:image\" content=\"https:\/\/www.parfumerie-arabe.com\/wp-content\/uploads\/2022\/08\/eau-de-parfum-red-rose-al-rehab.jpg\" \/>\n\t<meta property=\"og:image:width\" content=\"600\" \/>\n\t<meta property=\"og:image:height\" content=\"600\" \/>\n\t<meta property=\"og:image:type\" content=\"image\/jpeg\" \/>\n<meta name=\"twitter:card\" content=\"summary_large_image\" \/>\n<meta name=\"twitter:label1\" content=\"Gesch\u00e4tzte Lesezeit\" \/>\n\t<meta name=\"twitter:data1\" content=\"2\u00a0Minuten\" \/>\n<script type=\"application\/ld+json\" class=\"yoast-schema-graph\">{\"@context\":\"https:\\\/\\\/schema.org\",\"@graph\":[{\"@type\":\"WebPage\",\"@id\":\"https:\\\/\\\/www.parfumerie-arabe.com\\\/produit\\\/eau-de-parfum-red-rose-35ml-al-rehab\\\/\",\"url\":\"https:\\\/\\\/www.parfumerie-arabe.com\\\/produit\\\/eau-de-parfum-red-rose-35ml-al-rehab\\\/\",\"name\":\"Red Rose I Eau de parfum mixte 35ml I Al Rehab\",\"isPartOf\":{\"@id\":\"https:\\\/\\\/www.parfumerie-arabe.com\\\/#website\"},\"primaryImageOfPage\":{\"@id\":\"https:\\\/\\\/www.parfumerie-arabe.com\\\/produit\\\/eau-de-parfum-red-rose-35ml-al-rehab\\\/#primaryimage\"},\"image\":{\"@id\":\"https:\\\/\\\/www.parfumerie-arabe.com\\\/produit\\\/eau-de-parfum-red-rose-35ml-al-rehab\\\/#primaryimage\"},\"thumbnailUrl\":\"https:\\\/\\\/www.parfumerie-arabe.com\\\/wp-content\\\/uploads\\\/2022\\\/08\\\/eau-de-parfum-red-rose-al-rehab.jpg\",\"datePublished\":\"2022-08-20T17:12:42+00:00\",\"dateModified\":\"2025-11-22T16:02:16+00:00\",\"description\":\"Red Rose d\u2019Al Rehab est un parfum\u00a0sensuel et doux. Il convient \u00e0 tous temp\u00e9raments. D\u00e9couvrez-le sans plus attendre dans notre boutique !\",\"breadcrumb\":{\"@id\":\"https:\\\/\\\/www.parfumerie-arabe.com\\\/produit\\\/eau-de-parfum-red-rose-35ml-al-rehab\\\/#breadcrumb\"},\"inLanguage\":\"de\",\"potentialAction\":[{\"@type\":\"ReadAction\",\"target\":[\"https:\\\/\\\/www.parfumerie-arabe.com\\\/produit\\\/eau-de-parfum-red-rose-35ml-al-rehab\\\/\"]}]},{\"@type\":\"ImageObject\",\"inLanguage\":\"de\",\"@id\":\"https:\\\/\\\/www.parfumerie-arabe.com\\\/produit\\\/eau-de-parfum-red-rose-35ml-al-rehab\\\/#primaryimage\",\"url\":\"https:\\\/\\\/www.parfumerie-arabe.com\\\/wp-content\\\/uploads\\\/2022\\\/08\\\/eau-de-parfum-red-rose-al-rehab.jpg\",\"contentUrl\":\"https:\\\/\\\/www.parfumerie-arabe.com\\\/wp-content\\\/uploads\\\/2022\\\/08\\\/eau-de-parfum-red-rose-al-rehab.jpg\",\"width\":600,\"height\":600,\"caption\":\"Eau de parfum Red Rose 35ml - Al Rehab\"},{\"@type\":\"BreadcrumbList\",\"@id\":\"https:\\\/\\\/www.parfumerie-arabe.com\\\/produit\\\/eau-de-parfum-red-rose-35ml-al-rehab\\\/#breadcrumb\",\"itemListElement\":[{\"@type\":\"ListItem\",\"position\":1,\"name\":\"Accueil\",\"item\":\"https:\\\/\\\/www.parfumerie-arabe.com\\\/\"},{\"@type\":\"ListItem\",\"position\":2,\"name\":\"Boutique\",\"item\":\"https:\\\/\\\/www.parfumerie-arabe.com\\\/boutique\\\/\"},{\"@type\":\"ListItem\",\"position\":3,\"name\":\"Eau de parfum Red Rose 35ml &#8211; Al Rehab\"}]},{\"@type\":\"WebSite\",\"@id\":\"https:\\\/\\\/www.parfumerie-arabe.com\\\/#website\",\"url\":\"https:\\\/\\\/www.parfumerie-arabe.com\\\/\",\"name\":\"Parfumerie Arabe\",\"description\":\"\",\"publisher\":{\"@id\":\"https:\\\/\\\/www.parfumerie-arabe.com\\\/#organization\"},\"potentialAction\":[{\"@type\":\"SearchAction\",\"target\":{\"@type\":\"EntryPoint\",\"urlTemplate\":\"https:\\\/\\\/www.parfumerie-arabe.com\\\/?s={search_term_string}\"},\"query-input\":{\"@type\":\"PropertyValueSpecification\",\"valueRequired\":true,\"valueName\":\"search_term_string\"}}],\"inLanguage\":\"de\"},{\"@type\":\"Organization\",\"@id\":\"https:\\\/\\\/www.parfumerie-arabe.com\\\/#organization\",\"name\":\"Parfumerie arabe\",\"url\":\"https:\\\/\\\/www.parfumerie-arabe.com\\\/\",\"logo\":{\"@type\":\"ImageObject\",\"inLanguage\":\"de\",\"@id\":\"https:\\\/\\\/www.parfumerie-arabe.com\\\/#\\\/schema\\\/logo\\\/image\\\/\",\"url\":\"https:\\\/\\\/www.parfumerie-arabe.com\\\/wp-content\\\/uploads\\\/2022\\\/08\\\/logo-parfumerie-arabe.png\",\"contentUrl\":\"https:\\\/\\\/www.parfumerie-arabe.com\\\/wp-content\\\/uploads\\\/2022\\\/08\\\/logo-parfumerie-arabe.png\",\"width\":600,\"height\":171,\"caption\":\"Parfumerie arabe\"},\"image\":{\"@id\":\"https:\\\/\\\/www.parfumerie-arabe.com\\\/#\\\/schema\\\/logo\\\/image\\\/\"}}]}<\/script>\n<!-- \/ Yoast SEO plugin. -->","yoast_head_json":{"title":"Red Rose I Eau de Parfum Unisex 35ml I Al Rehab","description":"Red Rose von Al Rehab ist ein sinnlicher und sanfter Duft. Er ist f\u00fcr alle Temperamente geeignet. Entdecken Sie ihn in unserem Shop!","robots":{"index":"index","follow":"follow","max-snippet":"max-snippet:-1","max-image-preview":"max-image-preview:large","max-video-preview":"max-video-preview:-1"},"canonical":"https:\/\/www.parfumerie-arabe.com\/de\/produkt\/eau-de-parfum-red-rose-35ml-al-rehab\/","og_locale":"de_DE","og_type":"article","og_title":"Red Rose I Eau de parfum mixte 35ml I Al Rehab","og_description":"Red Rose d\u2019Al Rehab est un parfum\u00a0sensuel et doux. Il convient \u00e0 tous temp\u00e9raments. D\u00e9couvrez-le sans plus attendre dans notre boutique !","og_url":"https:\/\/www.parfumerie-arabe.com\/de\/produkt\/eau-de-parfum-red-rose-35ml-al-rehab\/","og_site_name":"Parfumerie Arabe","article_modified_time":"2025-11-22T16:02:16+00:00","og_image":[{"width":600,"height":600,"url":"https:\/\/www.parfumerie-arabe.com\/wp-content\/uploads\/2022\/08\/eau-de-parfum-red-rose-al-rehab.jpg","type":"image\/jpeg"}],"twitter_card":"summary_large_image","twitter_misc":{"Gesch\u00e4tzte Lesezeit":"2\u00a0Minuten"},"schema":{"@context":"https:\/\/schema.org","@graph":[{"@type":"WebPage","@id":"https:\/\/www.parfumerie-arabe.com\/produit\/eau-de-parfum-red-rose-35ml-al-rehab\/","url":"https:\/\/www.parfumerie-arabe.com\/produit\/eau-de-parfum-red-rose-35ml-al-rehab\/","name":"Red Rose I Eau de Parfum Unisex 35ml I Al Rehab","isPartOf":{"@id":"https:\/\/www.parfumerie-arabe.com\/#website"},"primaryImageOfPage":{"@id":"https:\/\/www.parfumerie-arabe.com\/produit\/eau-de-parfum-red-rose-35ml-al-rehab\/#primaryimage"},"image":{"@id":"https:\/\/www.parfumerie-arabe.com\/produit\/eau-de-parfum-red-rose-35ml-al-rehab\/#primaryimage"},"thumbnailUrl":"https:\/\/www.parfumerie-arabe.com\/wp-content\/uploads\/2022\/08\/eau-de-parfum-red-rose-al-rehab.jpg","datePublished":"2022-08-20T17:12:42+00:00","dateModified":"2025-11-22T16:02:16+00:00","description":"Red Rose von Al Rehab ist ein sinnlicher und sanfter Duft. Er ist f\u00fcr alle Temperamente geeignet. Entdecken Sie ihn in unserem Shop!","breadcrumb":{"@id":"https:\/\/www.parfumerie-arabe.com\/produit\/eau-de-parfum-red-rose-35ml-al-rehab\/#breadcrumb"},"inLanguage":"de","potentialAction":[{"@type":"ReadAction","target":["https:\/\/www.parfumerie-arabe.com\/produit\/eau-de-parfum-red-rose-35ml-al-rehab\/"]}]},{"@type":"ImageObject","inLanguage":"de","@id":"https:\/\/www.parfumerie-arabe.com\/produit\/eau-de-parfum-red-rose-35ml-al-rehab\/#primaryimage","url":"https:\/\/www.parfumerie-arabe.com\/wp-content\/uploads\/2022\/08\/eau-de-parfum-red-rose-al-rehab.jpg","contentUrl":"https:\/\/www.parfumerie-arabe.com\/wp-content\/uploads\/2022\/08\/eau-de-parfum-red-rose-al-rehab.jpg","width":600,"height":600,"caption":"Eau de parfum Red Rose 35ml - Al Rehab"},{"@type":"BreadcrumbList","@id":"https:\/\/www.parfumerie-arabe.com\/produit\/eau-de-parfum-red-rose-35ml-al-rehab\/#breadcrumb","itemListElement":[{"@type":"ListItem","position":1,"name":"Accueil","item":"https:\/\/www.parfumerie-arabe.com\/"},{"@type":"ListItem","position":2,"name":"Boutique","item":"https:\/\/www.parfumerie-arabe.com\/boutique\/"},{"@type":"ListItem","position":3,"name":"Eau de parfum Red Rose 35ml &#8211; Al Rehab"}]},{"@type":"WebSite","@id":"https:\/\/www.parfumerie-arabe.com\/#website","url":"https:\/\/www.parfumerie-arabe.com\/","name":"Arabische Parf\u00fcmerie","description":"","publisher":{"@id":"https:\/\/www.parfumerie-arabe.com\/#organization"},"potentialAction":[{"@type":"SearchAction","target":{"@type":"EntryPoint","urlTemplate":"https:\/\/www.parfumerie-arabe.com\/?s={search_term_string}"},"query-input":{"@type":"PropertyValueSpecification","valueRequired":true,"valueName":"search_term_string"}}],"inLanguage":"de"},{"@type":"Organization","@id":"https:\/\/www.parfumerie-arabe.com\/#organization","name":"Arabische Parf\u00fcmerie","url":"https:\/\/www.parfumerie-arabe.com\/","logo":{"@type":"ImageObject","inLanguage":"de","@id":"https:\/\/www.parfumerie-arabe.com\/#\/schema\/logo\/image\/","url":"https:\/\/www.parfumerie-arabe.com\/wp-content\/uploads\/2022\/08\/logo-parfumerie-arabe.png","contentUrl":"https:\/\/www.parfumerie-arabe.com\/wp-content\/uploads\/2022\/08\/logo-parfumerie-arabe.png","width":600,"height":171,"caption":"Parfumerie arabe"},"image":{"@id":"https:\/\/www.parfumerie-arabe.com\/#\/schema\/logo\/image\/"}}]}},"_links":{"self":[{"href":"https:\/\/www.parfumerie-arabe.com\/de\/wp-json\/wp\/v2\/product\/90","targetHints":{"allow":["GET"]}}],"collection":[{"href":"https:\/\/www.parfumerie-arabe.com\/de\/wp-json\/wp\/v2\/product"}],"about":[{"href":"https:\/\/www.parfumerie-arabe.com\/de\/wp-json\/wp\/v2\/types\/product"}],"wp:featuredmedia":[{"embeddable":true,"href":"https:\/\/www.parfumerie-arabe.com\/de\/wp-json\/wp\/v2\/media\/138"}],"wp:attachment":[{"href":"https:\/\/www.parfumerie-arabe.com\/de\/wp-json\/wp\/v2\/media?parent=90"}],"wp:term":[{"taxonomy":"product_brand","embeddable":true,"href":"https:\/\/www.parfumerie-arabe.com\/de\/wp-json\/wp\/v2\/product_brand?post=90"},{"taxonomy":"product_cat","embeddable":true,"href":"https:\/\/www.parfumerie-arabe.com\/de\/wp-json\/wp\/v2\/product_cat?post=90"},{"taxonomy":"product_tag","embeddable":true,"href":"https:\/\/www.parfumerie-arabe.com\/de\/wp-json\/wp\/v2\/product_tag?post=90"}],"curies":[{"name":"wp","href":"https:\/\/api.w.org\/{rel}","templated":true}]}}