{"id":915,"date":"2023-02-19T14:19:30","date_gmt":"2023-02-19T14:19:30","guid":{"rendered":"https:\/\/www.parfumerie-arabe.com\/?post_type=product&#038;p=915"},"modified":"2025-09-09T12:23:31","modified_gmt":"2025-09-09T12:23:31","slug":"elektrisches-rauchergefas-mit-blumen-schwarz","status":"publish","type":"product","link":"https:\/\/www.parfumerie-arabe.com\/de\/produit\/encensoir-electrique-a-fleurs-noir\/","title":{"rendered":"Elektrisches R\u00e4uchergef\u00e4\u00df mit Blumen schwarz"},"content":{"rendered":"","protected":false},"excerpt":{"rendered":"<p>Elektrisches R\u00e4uchergef\u00e4\u00df zum Abbrennen von Bakhur oder Weihrauch<\/p>\n<p><strong>Hinweise zur Verwendung :<\/strong><\/p>\n<p>Schlie\u00dfen Sie das R\u00e4uchergef\u00e4\u00df an und schalten Sie den Schalter auf On.<\/p>\n<p>Ihren Bakhur in das R\u00e4uchergef\u00e4\u00df legen<\/p>\n<p>Lassen Sie das Licht einige Minuten an, bis der Bakhour aufgeheizt ist, und schalten Sie ihn dann aus (Position Off).<\/p>\n<p>Lassen Sie das R\u00e4uchergef\u00e4\u00df nicht zu lange brennen, da es sonst besch\u00e4digt werden und nicht mehr funktionieren kann.<\/p>","protected":false},"featured_media":956,"template":"","meta":[],"product_brand":[],"product_cat":[28],"product_tag":[],"class_list":{"0":"post-915","1":"product","2":"type-product","3":"status-publish","4":"has-post-thumbnail","6":"product_cat-encensoir-electrique","8":"first","9":"outofstock","10":"taxable","11":"shipping-taxable","12":"purchasable","13":"product-type-simple"},"yoast_head":"<!-- This site is optimized with the Yoast SEO plugin v27.4 - https:\/\/yoast.com\/product\/yoast-seo-wordpress\/ -->\n<title>Encensoir \u00e9lectrique \u00e0 fleurs noir - Parfumerie Arabe<\/title>\n<meta name=\"robots\" content=\"index, follow, max-snippet:-1, max-image-preview:large, max-video-preview:-1\" \/>\n<link rel=\"canonical\" href=\"https:\/\/www.parfumerie-arabe.com\/de\/produkt\/elektrisches-rauchergefas-mit-blumen-schwarz\/\" \/>\n<meta property=\"og:locale\" content=\"de_DE\" \/>\n<meta property=\"og:type\" content=\"article\" \/>\n<meta property=\"og:title\" content=\"Encensoir \u00e9lectrique \u00e0 fleurs noir - Parfumerie Arabe\" \/>\n<meta property=\"og:description\" content=\"Encensoir \u00e9lectrique pour faire bruler du bakhour ou de l&#039;encens  Conseils d&#039;utilisation :  Brancher l&#039;encensoir et allumer le bouton sur On  Placer votre bakhour dans l&#039;encensoir  Laissez allumer quelques minutes le temps de faire chauffer le bakhour et l&#039;\u00e9teindre (position Off).  Ne pas laisser l&#039;encensoir allum\u00e9 trop longtemps au risque qu&#039;il ne s\u2019abime et ne fonctionne plus.\" \/>\n<meta property=\"og:url\" content=\"https:\/\/www.parfumerie-arabe.com\/de\/produkt\/elektrisches-rauchergefas-mit-blumen-schwarz\/\" \/>\n<meta property=\"og:site_name\" content=\"Parfumerie Arabe\" \/>\n<meta property=\"article:modified_time\" content=\"2025-09-09T12:23:31+00:00\" \/>\n<meta name=\"twitter:card\" content=\"summary_large_image\" \/>\n<script type=\"application\/ld+json\" class=\"yoast-schema-graph\">{\"@context\":\"https:\\\/\\\/schema.org\",\"@graph\":[{\"@type\":\"WebPage\",\"@id\":\"https:\\\/\\\/www.parfumerie-arabe.com\\\/produit\\\/encensoir-electrique-a-fleurs-noir\\\/\",\"url\":\"https:\\\/\\\/www.parfumerie-arabe.com\\\/produit\\\/encensoir-electrique-a-fleurs-noir\\\/\",\"name\":\"Encensoir \u00e9lectrique \u00e0 fleurs noir - Parfumerie Arabe\",\"isPartOf\":{\"@id\":\"https:\\\/\\\/www.parfumerie-arabe.com\\\/#website\"},\"primaryImageOfPage\":{\"@id\":\"https:\\\/\\\/www.parfumerie-arabe.com\\\/produit\\\/encensoir-electrique-a-fleurs-noir\\\/#primaryimage\"},\"image\":{\"@id\":\"https:\\\/\\\/www.parfumerie-arabe.com\\\/produit\\\/encensoir-electrique-a-fleurs-noir\\\/#primaryimage\"},\"thumbnailUrl\":\"https:\\\/\\\/www.parfumerie-arabe.com\\\/wp-content\\\/uploads\\\/2023\\\/02\\\/encensoir-noir-a-fleurs-pour-bakhour.jpg\",\"datePublished\":\"2023-02-19T14:19:30+00:00\",\"dateModified\":\"2025-09-09T12:23:31+00:00\",\"breadcrumb\":{\"@id\":\"https:\\\/\\\/www.parfumerie-arabe.com\\\/produit\\\/encensoir-electrique-a-fleurs-noir\\\/#breadcrumb\"},\"inLanguage\":\"de\",\"potentialAction\":[{\"@type\":\"ReadAction\",\"target\":[\"https:\\\/\\\/www.parfumerie-arabe.com\\\/produit\\\/encensoir-electrique-a-fleurs-noir\\\/\"]}]},{\"@type\":\"ImageObject\",\"inLanguage\":\"de\",\"@id\":\"https:\\\/\\\/www.parfumerie-arabe.com\\\/produit\\\/encensoir-electrique-a-fleurs-noir\\\/#primaryimage\",\"url\":\"https:\\\/\\\/www.parfumerie-arabe.com\\\/wp-content\\\/uploads\\\/2023\\\/02\\\/encensoir-noir-a-fleurs-pour-bakhour.jpg\",\"contentUrl\":\"https:\\\/\\\/www.parfumerie-arabe.com\\\/wp-content\\\/uploads\\\/2023\\\/02\\\/encensoir-noir-a-fleurs-pour-bakhour.jpg\",\"width\":600,\"height\":600},{\"@type\":\"BreadcrumbList\",\"@id\":\"https:\\\/\\\/www.parfumerie-arabe.com\\\/produit\\\/encensoir-electrique-a-fleurs-noir\\\/#breadcrumb\",\"itemListElement\":[{\"@type\":\"ListItem\",\"position\":1,\"name\":\"Accueil\",\"item\":\"https:\\\/\\\/www.parfumerie-arabe.com\\\/\"},{\"@type\":\"ListItem\",\"position\":2,\"name\":\"Boutique\",\"item\":\"https:\\\/\\\/www.parfumerie-arabe.com\\\/boutique\\\/\"},{\"@type\":\"ListItem\",\"position\":3,\"name\":\"Encensoir \u00e9lectrique \u00e0 fleurs noir\"}]},{\"@type\":\"WebSite\",\"@id\":\"https:\\\/\\\/www.parfumerie-arabe.com\\\/#website\",\"url\":\"https:\\\/\\\/www.parfumerie-arabe.com\\\/\",\"name\":\"Parfumerie Arabe\",\"description\":\"\",\"publisher\":{\"@id\":\"https:\\\/\\\/www.parfumerie-arabe.com\\\/#organization\"},\"potentialAction\":[{\"@type\":\"SearchAction\",\"target\":{\"@type\":\"EntryPoint\",\"urlTemplate\":\"https:\\\/\\\/www.parfumerie-arabe.com\\\/?s={search_term_string}\"},\"query-input\":{\"@type\":\"PropertyValueSpecification\",\"valueRequired\":true,\"valueName\":\"search_term_string\"}}],\"inLanguage\":\"de\"},{\"@type\":\"Organization\",\"@id\":\"https:\\\/\\\/www.parfumerie-arabe.com\\\/#organization\",\"name\":\"Parfumerie arabe\",\"url\":\"https:\\\/\\\/www.parfumerie-arabe.com\\\/\",\"logo\":{\"@type\":\"ImageObject\",\"inLanguage\":\"de\",\"@id\":\"https:\\\/\\\/www.parfumerie-arabe.com\\\/#\\\/schema\\\/logo\\\/image\\\/\",\"url\":\"https:\\\/\\\/www.parfumerie-arabe.com\\\/wp-content\\\/uploads\\\/2022\\\/08\\\/logo-parfumerie-arabe.png\",\"contentUrl\":\"https:\\\/\\\/www.parfumerie-arabe.com\\\/wp-content\\\/uploads\\\/2022\\\/08\\\/logo-parfumerie-arabe.png\",\"width\":600,\"height\":171,\"caption\":\"Parfumerie arabe\"},\"image\":{\"@id\":\"https:\\\/\\\/www.parfumerie-arabe.com\\\/#\\\/schema\\\/logo\\\/image\\\/\"}}]}<\/script>\n<!-- \/ Yoast SEO plugin. -->","yoast_head_json":{"title":"Elektrisches R\u00e4uchergef\u00e4\u00df mit Blumen schwarz - Arabische Parf\u00fcmerie","robots":{"index":"index","follow":"follow","max-snippet":"max-snippet:-1","max-image-preview":"max-image-preview:large","max-video-preview":"max-video-preview:-1"},"canonical":"https:\/\/www.parfumerie-arabe.com\/de\/produkt\/elektrisches-rauchergefas-mit-blumen-schwarz\/","og_locale":"de_DE","og_type":"article","og_title":"Encensoir \u00e9lectrique \u00e0 fleurs noir - Parfumerie Arabe","og_description":"Encensoir \u00e9lectrique pour faire bruler du bakhour ou de l'encens  Conseils d'utilisation :  Brancher l'encensoir et allumer le bouton sur On  Placer votre bakhour dans l'encensoir  Laissez allumer quelques minutes le temps de faire chauffer le bakhour et l'\u00e9teindre (position Off).  Ne pas laisser l'encensoir allum\u00e9 trop longtemps au risque qu'il ne s\u2019abime et ne fonctionne plus.","og_url":"https:\/\/www.parfumerie-arabe.com\/de\/produkt\/elektrisches-rauchergefas-mit-blumen-schwarz\/","og_site_name":"Parfumerie Arabe","article_modified_time":"2025-09-09T12:23:31+00:00","twitter_card":"summary_large_image","schema":{"@context":"https:\/\/schema.org","@graph":[{"@type":"WebPage","@id":"https:\/\/www.parfumerie-arabe.com\/produit\/encensoir-electrique-a-fleurs-noir\/","url":"https:\/\/www.parfumerie-arabe.com\/produit\/encensoir-electrique-a-fleurs-noir\/","name":"Elektrisches R\u00e4uchergef\u00e4\u00df mit Blumen schwarz - Arabische Parf\u00fcmerie","isPartOf":{"@id":"https:\/\/www.parfumerie-arabe.com\/#website"},"primaryImageOfPage":{"@id":"https:\/\/www.parfumerie-arabe.com\/produit\/encensoir-electrique-a-fleurs-noir\/#primaryimage"},"image":{"@id":"https:\/\/www.parfumerie-arabe.com\/produit\/encensoir-electrique-a-fleurs-noir\/#primaryimage"},"thumbnailUrl":"https:\/\/www.parfumerie-arabe.com\/wp-content\/uploads\/2023\/02\/encensoir-noir-a-fleurs-pour-bakhour.jpg","datePublished":"2023-02-19T14:19:30+00:00","dateModified":"2025-09-09T12:23:31+00:00","breadcrumb":{"@id":"https:\/\/www.parfumerie-arabe.com\/produit\/encensoir-electrique-a-fleurs-noir\/#breadcrumb"},"inLanguage":"de","potentialAction":[{"@type":"ReadAction","target":["https:\/\/www.parfumerie-arabe.com\/produit\/encensoir-electrique-a-fleurs-noir\/"]}]},{"@type":"ImageObject","inLanguage":"de","@id":"https:\/\/www.parfumerie-arabe.com\/produit\/encensoir-electrique-a-fleurs-noir\/#primaryimage","url":"https:\/\/www.parfumerie-arabe.com\/wp-content\/uploads\/2023\/02\/encensoir-noir-a-fleurs-pour-bakhour.jpg","contentUrl":"https:\/\/www.parfumerie-arabe.com\/wp-content\/uploads\/2023\/02\/encensoir-noir-a-fleurs-pour-bakhour.jpg","width":600,"height":600},{"@type":"BreadcrumbList","@id":"https:\/\/www.parfumerie-arabe.com\/produit\/encensoir-electrique-a-fleurs-noir\/#breadcrumb","itemListElement":[{"@type":"ListItem","position":1,"name":"Accueil","item":"https:\/\/www.parfumerie-arabe.com\/"},{"@type":"ListItem","position":2,"name":"Boutique","item":"https:\/\/www.parfumerie-arabe.com\/boutique\/"},{"@type":"ListItem","position":3,"name":"Encensoir \u00e9lectrique \u00e0 fleurs noir"}]},{"@type":"WebSite","@id":"https:\/\/www.parfumerie-arabe.com\/#website","url":"https:\/\/www.parfumerie-arabe.com\/","name":"Arabische Parf\u00fcmerie","description":"","publisher":{"@id":"https:\/\/www.parfumerie-arabe.com\/#organization"},"potentialAction":[{"@type":"SearchAction","target":{"@type":"EntryPoint","urlTemplate":"https:\/\/www.parfumerie-arabe.com\/?s={search_term_string}"},"query-input":{"@type":"PropertyValueSpecification","valueRequired":true,"valueName":"search_term_string"}}],"inLanguage":"de"},{"@type":"Organization","@id":"https:\/\/www.parfumerie-arabe.com\/#organization","name":"Arabische Parf\u00fcmerie","url":"https:\/\/www.parfumerie-arabe.com\/","logo":{"@type":"ImageObject","inLanguage":"de","@id":"https:\/\/www.parfumerie-arabe.com\/#\/schema\/logo\/image\/","url":"https:\/\/www.parfumerie-arabe.com\/wp-content\/uploads\/2022\/08\/logo-parfumerie-arabe.png","contentUrl":"https:\/\/www.parfumerie-arabe.com\/wp-content\/uploads\/2022\/08\/logo-parfumerie-arabe.png","width":600,"height":171,"caption":"Parfumerie arabe"},"image":{"@id":"https:\/\/www.parfumerie-arabe.com\/#\/schema\/logo\/image\/"}}]}},"_links":{"self":[{"href":"https:\/\/www.parfumerie-arabe.com\/de\/wp-json\/wp\/v2\/product\/915","targetHints":{"allow":["GET"]}}],"collection":[{"href":"https:\/\/www.parfumerie-arabe.com\/de\/wp-json\/wp\/v2\/product"}],"about":[{"href":"https:\/\/www.parfumerie-arabe.com\/de\/wp-json\/wp\/v2\/types\/product"}],"wp:featuredmedia":[{"embeddable":true,"href":"https:\/\/www.parfumerie-arabe.com\/de\/wp-json\/wp\/v2\/media\/956"}],"wp:attachment":[{"href":"https:\/\/www.parfumerie-arabe.com\/de\/wp-json\/wp\/v2\/media?parent=915"}],"wp:term":[{"taxonomy":"product_brand","embeddable":true,"href":"https:\/\/www.parfumerie-arabe.com\/de\/wp-json\/wp\/v2\/product_brand?post=915"},{"taxonomy":"product_cat","embeddable":true,"href":"https:\/\/www.parfumerie-arabe.com\/de\/wp-json\/wp\/v2\/product_cat?post=915"},{"taxonomy":"product_tag","embeddable":true,"href":"https:\/\/www.parfumerie-arabe.com\/de\/wp-json\/wp\/v2\/product_tag?post=915"}],"curies":[{"name":"wp","href":"https:\/\/api.w.org\/{rel}","templated":true}]}}