{"id":97,"date":"2018-08-20T17:12:42","date_gmt":"2018-08-20T17:12:42","guid":{"rendered":"https:\/\/www.parfumerie-arabe.com\/?post_type=product&#038;p=97"},"modified":"2026-05-01T16:07:56","modified_gmt":"2026-05-01T16:07:56","slug":"eau-de-parfum-lovely-35ml-al-rehab","status":"publish","type":"product","link":"https:\/\/www.parfumerie-arabe.com\/de\/produit\/eau-de-parfum-lovely-35ml-al-rehab\/","title":{"rendered":"Lovely Eau de Parfum 35ml - Al Rehab"},"content":{"rendered":"<p>Lovely von Al Rehab ist ein sch\u00f6ner Duft, der Sie mit einem Spray sublimieren wird. Denn seine Noten\u00a0<strong>blumig<\/strong>\u00a0verschmelzen in D\u00fcften\u00a0<strong>bewaldet\u00a0<\/strong>und hei\u00df. Damit sind Sie zweifellos der Star des Augenblicks. Au\u00dferdem ist er f\u00fcr M\u00e4nner und Frauen geeignet. Auch wenn letztere sie besonders gern m\u00f6gen. Es hat die Kraft, die Sinnlichkeit zu entfalten, die Frauen innewohnt.<\/p>\n<h2><strong>Lovely von Al Rehab: eine tiefgr\u00fcndige und blumige Ode<\/strong><\/h2>\n<p>Der Ball der D\u00fcfte verspricht Ihnen hier eine sch\u00f6ne Flucht aus dem Alltag. In der Tat werden Sie von den tiefen Noten geblendet sein. So werden Sie durch Moschus, Amber und das ber\u00fchmte Oud verwandelt. Und wie durch Zauberhand werden Sie zu demjenigen oder derjenigen, den oder die Sie sich w\u00fcnschen.\u00a0<strong>tr\u00e4umen Sie <\/strong>zu sein.<\/p>\n<p>Auch die blumige S\u00fc\u00dfe wird dieser wunderbaren Komposition eine Leichtigkeit verleihen. Und, nicht zu vergessen, die Gew\u00fcrze, die einen originellen Eindruck hinterlassen, wie in\u00a0<a href=\"https:\/\/www.parfumerie-arabe.com\/de\/produkt\/schwarzer-sand-parfum-50ml-m-a-h\/\"><strong>Schwarzer Sand von M.A.H.<\/strong><\/a>.<br \/>\nKurz gesagt: Lovely ist ein\u00a0<strong>K\u00f6stlichkeit<\/strong>\u00a0auf die Sie nicht mehr verzichten k\u00f6nnen.<\/p>\n<h2><strong>Lovely von Al Rehab: Vergessen Sie Ihre Komplexe!<\/strong><\/h2>\n<p>Mit diesem Duft werden Sie sich Ihrer\u00a0<strong>St\u00e4rken<\/strong>. Und, Ihre Fehler werden beiseite geschoben. Denn sie wird Ihnen ein Selbstvertrauen geben, von dem Sie nie gedacht h\u00e4tten, dass Sie es haben. So werden einige ihre Komplexe vergessen und zu ihrer Weiblichkeit stehen. Andere wiederum werden selbstbewusster auftreten und das erreichen, was sie sich schon lange gew\u00fcnscht haben. Denn wie Sie wissen, haben Ger\u00fcche einen Einfluss auf die Psyche.<\/p>\n<p>So wie bei\u00a0<a href=\"https:\/\/www.parfumerie-arabe.com\/de\/produkt\/eau-de-parfum-oud-mood-100ml-lattafa\/\"><strong>Oud Mood<\/strong><\/a>\u00a0von Lattafa werden Sie wie ein Sonnenstrahl sein, der das Publikum erleuchtet.<\/p>\n<h3><strong>Mischen Sie Ihren Duft mit einem Duft\u00f6l<\/strong><\/h3>\n<p>Die Art und Weise, wie man sich parf\u00fcmiert, ist etwas sehr Pers\u00f6nliches. Es h\u00e4ngt von Ihrer Stimmung ab, aber auch von dem Anlass, auf den Sie sich vorbereiten. Manche ziehen es vor, sich nur mit einem Duft zu schm\u00fccken. Andere wiederum kombinieren ihn mit einem\u00a0<strong>Duft\u00f6l<\/strong>. Denn dieser Mix verspricht Ihnen tolle \u00dcberraschungen und eine sichere Wirkung auf Ihre Mitmenschen.<\/p>","protected":false},"excerpt":{"rendered":"<p>Lovely d\u2019Al Rehab est une jolie fragrance qui vous sublimera en un spray. En effet, ses notes\u00a0florales\u00a0se fondent dans des senteurs\u00a0bois\u00e9es\u00a0et chaudes. Avec, vous serez la star du moment, sans conteste. De plus, elle convient aux hommes et femmes. M\u00eame si ces derni\u00e8res en sont particuli\u00e8rement friandes. En effet, elle a le pouvoir de r\u00e9v\u00e9ler [&#8230;]\n","protected":false},"featured_media":145,"template":"","meta":[],"product_brand":[],"product_cat":[20,15,50,19],"product_tag":[],"class_list":{"0":"post-97","1":"product","2":"type-product","3":"status-publish","4":"has-post-thumbnail","6":"product_cat-al-rehab","7":"product_cat-parfum-homme","8":"product_cat-parfum-mixte","9":"product_cat-parfum-oud-femme","11":"first","12":"instock","13":"taxable","14":"shipping-taxable","15":"purchasable","16":"product-type-simple"},"yoast_head":"<!-- This site is optimized with the Yoast SEO plugin v27.5 - https:\/\/yoast.com\/product\/yoast-seo-wordpress\/ -->\n<title>Lovely I Eau de parfum de la collection Al Rehab I 35ml<\/title>\n<meta name=\"description\" content=\"Lovely d\u2019Al Rehab est une jolie fragrance qui vous sublimera en un spray. En effet, ses notes\u00a0florales\u00a0se fondent dans des senteurs\u00a0bois\u00e9es\u00a0et chaudes.\" \/>\n<meta name=\"robots\" content=\"index, follow, max-snippet:-1, max-image-preview:large, max-video-preview:-1\" \/>\n<link rel=\"canonical\" href=\"https:\/\/www.parfumerie-arabe.com\/de\/produkt\/eau-de-parfum-lovely-35ml-al-rehab\/\" \/>\n<meta property=\"og:locale\" content=\"de_DE\" \/>\n<meta property=\"og:type\" content=\"article\" \/>\n<meta property=\"og:title\" content=\"Lovely I Eau de parfum de la collection Al Rehab I 35ml\" \/>\n<meta property=\"og:description\" content=\"Lovely d\u2019Al Rehab est une jolie fragrance qui vous sublimera en un spray. En effet, ses notes\u00a0florales\u00a0se fondent dans des senteurs\u00a0bois\u00e9es\u00a0et chaudes.\" \/>\n<meta property=\"og:url\" content=\"https:\/\/www.parfumerie-arabe.com\/de\/produkt\/eau-de-parfum-lovely-35ml-al-rehab\/\" \/>\n<meta property=\"og:site_name\" content=\"Parfumerie Arabe\" \/>\n<meta property=\"article:modified_time\" content=\"2026-05-01T16:07:56+00:00\" \/>\n<meta property=\"og:image\" content=\"https:\/\/www.parfumerie-arabe.com\/wp-content\/uploads\/2022\/08\/eau-de-parfum-lovely-al-rehab.jpg\" \/>\n\t<meta property=\"og:image:width\" content=\"600\" \/>\n\t<meta property=\"og:image:height\" content=\"600\" \/>\n\t<meta property=\"og:image:type\" content=\"image\/jpeg\" \/>\n<meta name=\"twitter:card\" content=\"summary_large_image\" \/>\n<meta name=\"twitter:label1\" content=\"Gesch\u00e4tzte Lesezeit\" \/>\n\t<meta name=\"twitter:data1\" content=\"2\u00a0Minuten\" \/>\n<script type=\"application\/ld+json\" class=\"yoast-schema-graph\">{\"@context\":\"https:\\\/\\\/schema.org\",\"@graph\":[{\"@type\":\"WebPage\",\"@id\":\"https:\\\/\\\/www.parfumerie-arabe.com\\\/produit\\\/eau-de-parfum-lovely-35ml-al-rehab\\\/\",\"url\":\"https:\\\/\\\/www.parfumerie-arabe.com\\\/produit\\\/eau-de-parfum-lovely-35ml-al-rehab\\\/\",\"name\":\"Lovely I Eau de parfum de la collection Al Rehab I 35ml\",\"isPartOf\":{\"@id\":\"https:\\\/\\\/www.parfumerie-arabe.com\\\/#website\"},\"primaryImageOfPage\":{\"@id\":\"https:\\\/\\\/www.parfumerie-arabe.com\\\/produit\\\/eau-de-parfum-lovely-35ml-al-rehab\\\/#primaryimage\"},\"image\":{\"@id\":\"https:\\\/\\\/www.parfumerie-arabe.com\\\/produit\\\/eau-de-parfum-lovely-35ml-al-rehab\\\/#primaryimage\"},\"thumbnailUrl\":\"https:\\\/\\\/www.parfumerie-arabe.com\\\/wp-content\\\/uploads\\\/2022\\\/08\\\/eau-de-parfum-lovely-al-rehab.jpg\",\"datePublished\":\"2018-08-20T17:12:42+00:00\",\"dateModified\":\"2026-05-01T16:07:56+00:00\",\"description\":\"Lovely d\u2019Al Rehab est une jolie fragrance qui vous sublimera en un spray. En effet, ses notes\u00a0florales\u00a0se fondent dans des senteurs\u00a0bois\u00e9es\u00a0et chaudes.\",\"breadcrumb\":{\"@id\":\"https:\\\/\\\/www.parfumerie-arabe.com\\\/produit\\\/eau-de-parfum-lovely-35ml-al-rehab\\\/#breadcrumb\"},\"inLanguage\":\"de\",\"potentialAction\":[{\"@type\":\"ReadAction\",\"target\":[\"https:\\\/\\\/www.parfumerie-arabe.com\\\/produit\\\/eau-de-parfum-lovely-35ml-al-rehab\\\/\"]}]},{\"@type\":\"ImageObject\",\"inLanguage\":\"de\",\"@id\":\"https:\\\/\\\/www.parfumerie-arabe.com\\\/produit\\\/eau-de-parfum-lovely-35ml-al-rehab\\\/#primaryimage\",\"url\":\"https:\\\/\\\/www.parfumerie-arabe.com\\\/wp-content\\\/uploads\\\/2022\\\/08\\\/eau-de-parfum-lovely-al-rehab.jpg\",\"contentUrl\":\"https:\\\/\\\/www.parfumerie-arabe.com\\\/wp-content\\\/uploads\\\/2022\\\/08\\\/eau-de-parfum-lovely-al-rehab.jpg\",\"width\":600,\"height\":600,\"caption\":\"Eau de parfum Lovely 35ml - Al Rehab\"},{\"@type\":\"BreadcrumbList\",\"@id\":\"https:\\\/\\\/www.parfumerie-arabe.com\\\/produit\\\/eau-de-parfum-lovely-35ml-al-rehab\\\/#breadcrumb\",\"itemListElement\":[{\"@type\":\"ListItem\",\"position\":1,\"name\":\"Accueil\",\"item\":\"https:\\\/\\\/www.parfumerie-arabe.com\\\/\"},{\"@type\":\"ListItem\",\"position\":2,\"name\":\"Boutique\",\"item\":\"https:\\\/\\\/www.parfumerie-arabe.com\\\/boutique\\\/\"},{\"@type\":\"ListItem\",\"position\":3,\"name\":\"Eau de parfum Lovely 35ml &#8211; Al Rehab\"}]},{\"@type\":\"WebSite\",\"@id\":\"https:\\\/\\\/www.parfumerie-arabe.com\\\/#website\",\"url\":\"https:\\\/\\\/www.parfumerie-arabe.com\\\/\",\"name\":\"Parfumerie Arabe\",\"description\":\"\",\"publisher\":{\"@id\":\"https:\\\/\\\/www.parfumerie-arabe.com\\\/#organization\"},\"potentialAction\":[{\"@type\":\"SearchAction\",\"target\":{\"@type\":\"EntryPoint\",\"urlTemplate\":\"https:\\\/\\\/www.parfumerie-arabe.com\\\/?s={search_term_string}\"},\"query-input\":{\"@type\":\"PropertyValueSpecification\",\"valueRequired\":true,\"valueName\":\"search_term_string\"}}],\"inLanguage\":\"de\"},{\"@type\":\"Organization\",\"@id\":\"https:\\\/\\\/www.parfumerie-arabe.com\\\/#organization\",\"name\":\"Parfumerie arabe\",\"url\":\"https:\\\/\\\/www.parfumerie-arabe.com\\\/\",\"logo\":{\"@type\":\"ImageObject\",\"inLanguage\":\"de\",\"@id\":\"https:\\\/\\\/www.parfumerie-arabe.com\\\/#\\\/schema\\\/logo\\\/image\\\/\",\"url\":\"https:\\\/\\\/www.parfumerie-arabe.com\\\/wp-content\\\/uploads\\\/2022\\\/08\\\/logo-parfumerie-arabe.png\",\"contentUrl\":\"https:\\\/\\\/www.parfumerie-arabe.com\\\/wp-content\\\/uploads\\\/2022\\\/08\\\/logo-parfumerie-arabe.png\",\"width\":600,\"height\":171,\"caption\":\"Parfumerie arabe\"},\"image\":{\"@id\":\"https:\\\/\\\/www.parfumerie-arabe.com\\\/#\\\/schema\\\/logo\\\/image\\\/\"}}]}<\/script>\n<!-- \/ Yoast SEO plugin. -->","yoast_head_json":{"title":"Lovely I Eau de Parfum aus der Al Rehab Collection I 35ml","description":"Lovely von Al Rehab ist ein h\u00fcbscher Duft, der Sie mit einem Spray sublimieren wird. Denn seine blumigen Noten verschmelzen mit holzigen und warmen D\u00fcften.","robots":{"index":"index","follow":"follow","max-snippet":"max-snippet:-1","max-image-preview":"max-image-preview:large","max-video-preview":"max-video-preview:-1"},"canonical":"https:\/\/www.parfumerie-arabe.com\/de\/produkt\/eau-de-parfum-lovely-35ml-al-rehab\/","og_locale":"de_DE","og_type":"article","og_title":"Lovely I Eau de parfum de la collection Al Rehab I 35ml","og_description":"Lovely d\u2019Al Rehab est une jolie fragrance qui vous sublimera en un spray. En effet, ses notes\u00a0florales\u00a0se fondent dans des senteurs\u00a0bois\u00e9es\u00a0et chaudes.","og_url":"https:\/\/www.parfumerie-arabe.com\/de\/produkt\/eau-de-parfum-lovely-35ml-al-rehab\/","og_site_name":"Parfumerie Arabe","article_modified_time":"2026-05-01T16:07:56+00:00","og_image":[{"width":600,"height":600,"url":"https:\/\/www.parfumerie-arabe.com\/wp-content\/uploads\/2022\/08\/eau-de-parfum-lovely-al-rehab.jpg","type":"image\/jpeg"}],"twitter_card":"summary_large_image","twitter_misc":{"Gesch\u00e4tzte Lesezeit":"2\u00a0Minuten"},"schema":{"@context":"https:\/\/schema.org","@graph":[{"@type":"WebPage","@id":"https:\/\/www.parfumerie-arabe.com\/produit\/eau-de-parfum-lovely-35ml-al-rehab\/","url":"https:\/\/www.parfumerie-arabe.com\/produit\/eau-de-parfum-lovely-35ml-al-rehab\/","name":"Lovely I Eau de Parfum aus der Al Rehab Collection I 35ml","isPartOf":{"@id":"https:\/\/www.parfumerie-arabe.com\/#website"},"primaryImageOfPage":{"@id":"https:\/\/www.parfumerie-arabe.com\/produit\/eau-de-parfum-lovely-35ml-al-rehab\/#primaryimage"},"image":{"@id":"https:\/\/www.parfumerie-arabe.com\/produit\/eau-de-parfum-lovely-35ml-al-rehab\/#primaryimage"},"thumbnailUrl":"https:\/\/www.parfumerie-arabe.com\/wp-content\/uploads\/2022\/08\/eau-de-parfum-lovely-al-rehab.jpg","datePublished":"2018-08-20T17:12:42+00:00","dateModified":"2026-05-01T16:07:56+00:00","description":"Lovely von Al Rehab ist ein h\u00fcbscher Duft, der Sie mit einem Spray sublimieren wird. Denn seine blumigen Noten verschmelzen mit holzigen und warmen D\u00fcften.","breadcrumb":{"@id":"https:\/\/www.parfumerie-arabe.com\/produit\/eau-de-parfum-lovely-35ml-al-rehab\/#breadcrumb"},"inLanguage":"de","potentialAction":[{"@type":"ReadAction","target":["https:\/\/www.parfumerie-arabe.com\/produit\/eau-de-parfum-lovely-35ml-al-rehab\/"]}]},{"@type":"ImageObject","inLanguage":"de","@id":"https:\/\/www.parfumerie-arabe.com\/produit\/eau-de-parfum-lovely-35ml-al-rehab\/#primaryimage","url":"https:\/\/www.parfumerie-arabe.com\/wp-content\/uploads\/2022\/08\/eau-de-parfum-lovely-al-rehab.jpg","contentUrl":"https:\/\/www.parfumerie-arabe.com\/wp-content\/uploads\/2022\/08\/eau-de-parfum-lovely-al-rehab.jpg","width":600,"height":600,"caption":"Eau de parfum Lovely 35ml - Al Rehab"},{"@type":"BreadcrumbList","@id":"https:\/\/www.parfumerie-arabe.com\/produit\/eau-de-parfum-lovely-35ml-al-rehab\/#breadcrumb","itemListElement":[{"@type":"ListItem","position":1,"name":"Accueil","item":"https:\/\/www.parfumerie-arabe.com\/"},{"@type":"ListItem","position":2,"name":"Boutique","item":"https:\/\/www.parfumerie-arabe.com\/boutique\/"},{"@type":"ListItem","position":3,"name":"Eau de parfum Lovely 35ml &#8211; Al Rehab"}]},{"@type":"WebSite","@id":"https:\/\/www.parfumerie-arabe.com\/#website","url":"https:\/\/www.parfumerie-arabe.com\/","name":"Arabische Parf\u00fcmerie","description":"","publisher":{"@id":"https:\/\/www.parfumerie-arabe.com\/#organization"},"potentialAction":[{"@type":"SearchAction","target":{"@type":"EntryPoint","urlTemplate":"https:\/\/www.parfumerie-arabe.com\/?s={search_term_string}"},"query-input":{"@type":"PropertyValueSpecification","valueRequired":true,"valueName":"search_term_string"}}],"inLanguage":"de"},{"@type":"Organization","@id":"https:\/\/www.parfumerie-arabe.com\/#organization","name":"Arabische Parf\u00fcmerie","url":"https:\/\/www.parfumerie-arabe.com\/","logo":{"@type":"ImageObject","inLanguage":"de","@id":"https:\/\/www.parfumerie-arabe.com\/#\/schema\/logo\/image\/","url":"https:\/\/www.parfumerie-arabe.com\/wp-content\/uploads\/2022\/08\/logo-parfumerie-arabe.png","contentUrl":"https:\/\/www.parfumerie-arabe.com\/wp-content\/uploads\/2022\/08\/logo-parfumerie-arabe.png","width":600,"height":171,"caption":"Parfumerie arabe"},"image":{"@id":"https:\/\/www.parfumerie-arabe.com\/#\/schema\/logo\/image\/"}}]}},"_links":{"self":[{"href":"https:\/\/www.parfumerie-arabe.com\/de\/wp-json\/wp\/v2\/product\/97","targetHints":{"allow":["GET"]}}],"collection":[{"href":"https:\/\/www.parfumerie-arabe.com\/de\/wp-json\/wp\/v2\/product"}],"about":[{"href":"https:\/\/www.parfumerie-arabe.com\/de\/wp-json\/wp\/v2\/types\/product"}],"wp:featuredmedia":[{"embeddable":true,"href":"https:\/\/www.parfumerie-arabe.com\/de\/wp-json\/wp\/v2\/media\/145"}],"wp:attachment":[{"href":"https:\/\/www.parfumerie-arabe.com\/de\/wp-json\/wp\/v2\/media?parent=97"}],"wp:term":[{"taxonomy":"product_brand","embeddable":true,"href":"https:\/\/www.parfumerie-arabe.com\/de\/wp-json\/wp\/v2\/product_brand?post=97"},{"taxonomy":"product_cat","embeddable":true,"href":"https:\/\/www.parfumerie-arabe.com\/de\/wp-json\/wp\/v2\/product_cat?post=97"},{"taxonomy":"product_tag","embeddable":true,"href":"https:\/\/www.parfumerie-arabe.com\/de\/wp-json\/wp\/v2\/product_tag?post=97"}],"curies":[{"name":"wp","href":"https:\/\/api.w.org\/{rel}","templated":true}]}}