{"id":975,"date":"2023-02-19T14:20:13","date_gmt":"2023-02-19T14:20:13","guid":{"rendered":"https:\/\/www.parfumerie-arabe.com\/?post_type=product&#038;p=975"},"modified":"2025-11-20T17:17:55","modified_gmt":"2025-11-20T17:17:55","slug":"elektrisches-rauchergefas-wandsteckdose-silber-mit-strasssteinen","status":"publish","type":"product","link":"https:\/\/www.parfumerie-arabe.com\/de\/produit\/encensoir-electrique-prise-murale-argente-a-strass\/","title":{"rendered":"Elektrisches R\u00e4uchergef\u00e4\u00df Wandsteckdose silber mit Strasssteinen"},"content":{"rendered":"","protected":false},"excerpt":{"rendered":"<p><strong>Verbreiten Sie Ihren Bakhur ganz einfach mit diesem Wandr\u00e4uchergef\u00e4\u00df<\/strong><\/p>\n<p>Es wird in Form von <strong>als Diffusor genommen<\/strong><\/p>\n<p>er ist mit einem<strong> Schalter <\/strong>was ihn<strong> einfach zu bedienen und auszuschalten<\/strong><\/p>\n<p>Es wird nur wenige Minuten dauern, um <strong>Ihre Wohnung parf\u00fcmieren.<\/strong><\/p>\n<p>Versilbert und mit Strasssteinen besetzt, verleiht er Ihrer Inneneinrichtung einen orientalischen Touch.<\/p>\n<p><strong>Kann mit allen Bakhours verwendet werden.<\/strong><\/p>\n<p>&nbsp;<\/p>","protected":false},"featured_media":996,"template":"","meta":[],"product_brand":[],"product_cat":[30,28],"product_tag":[],"class_list":{"0":"post-975","1":"product","2":"type-product","3":"status-publish","4":"has-post-thumbnail","6":"product_cat-encensoir","7":"product_cat-encensoir-electrique","9":"first","10":"outofstock","11":"taxable","12":"shipping-taxable","13":"purchasable","14":"product-type-simple"},"yoast_head":"<!-- This site is optimized with the Yoast SEO plugin v27.5 - https:\/\/yoast.com\/product\/yoast-seo-wordpress\/ -->\n<title>Encensoir \u00e9l\u00e9ctrique prise murale argent\u00e9 \u00e0 strass - Parfumerie Arabe<\/title>\n<meta name=\"robots\" content=\"index, follow, max-snippet:-1, max-image-preview:large, max-video-preview:-1\" \/>\n<link rel=\"canonical\" href=\"https:\/\/www.parfumerie-arabe.com\/de\/produkt\/elektrisches-rauchergefas-wandsteckdose-silber-mit-strasssteinen\/\" \/>\n<meta property=\"og:locale\" content=\"de_DE\" \/>\n<meta property=\"og:type\" content=\"article\" \/>\n<meta property=\"og:title\" content=\"Encensoir \u00e9l\u00e9ctrique prise murale argent\u00e9 \u00e0 strass - Parfumerie Arabe\" \/>\n<meta property=\"og:description\" content=\"Diffusez facilement votre bakhour gr\u00e2ce \u00e0 cet encensoir mural  Il se pr\u00e9sente sous forme de prise comme un diffuseur  il est dot\u00e9 d&#039;un interrupteur ce qui le rend facile \u00e0 utiliser et \u00e9teindre  Il suffira de quelques minutes pour parfumer votre int\u00e9rieur.  Argent\u00e9 et serti de strass, il apportera une touche orientale \u00e0 votre d\u00e9coration int\u00e9rieure.  S&#039;utilise avec tous les bakhours.  &nbsp;\" \/>\n<meta property=\"og:url\" content=\"https:\/\/www.parfumerie-arabe.com\/de\/produkt\/elektrisches-rauchergefas-wandsteckdose-silber-mit-strasssteinen\/\" \/>\n<meta property=\"og:site_name\" content=\"Parfumerie Arabe\" \/>\n<meta property=\"article:modified_time\" content=\"2025-11-20T17:17:55+00:00\" \/>\n<meta property=\"og:image\" content=\"https:\/\/www.parfumerie-arabe.com\/wp-content\/uploads\/2023\/02\/encensoir-electrique-mural-prise-electrique-avec-interrupteur-argente-et-strass.jpg\" \/>\n\t<meta property=\"og:image:width\" content=\"600\" \/>\n\t<meta property=\"og:image:height\" content=\"600\" \/>\n\t<meta property=\"og:image:type\" content=\"image\/jpeg\" \/>\n<meta name=\"twitter:card\" content=\"summary_large_image\" \/>\n<script type=\"application\/ld+json\" class=\"yoast-schema-graph\">{\"@context\":\"https:\\\/\\\/schema.org\",\"@graph\":[{\"@type\":\"WebPage\",\"@id\":\"https:\\\/\\\/www.parfumerie-arabe.com\\\/produit\\\/encensoir-electrique-prise-murale-argente-a-strass\\\/\",\"url\":\"https:\\\/\\\/www.parfumerie-arabe.com\\\/produit\\\/encensoir-electrique-prise-murale-argente-a-strass\\\/\",\"name\":\"Encensoir \u00e9l\u00e9ctrique prise murale argent\u00e9 \u00e0 strass - Parfumerie Arabe\",\"isPartOf\":{\"@id\":\"https:\\\/\\\/www.parfumerie-arabe.com\\\/#website\"},\"primaryImageOfPage\":{\"@id\":\"https:\\\/\\\/www.parfumerie-arabe.com\\\/produit\\\/encensoir-electrique-prise-murale-argente-a-strass\\\/#primaryimage\"},\"image\":{\"@id\":\"https:\\\/\\\/www.parfumerie-arabe.com\\\/produit\\\/encensoir-electrique-prise-murale-argente-a-strass\\\/#primaryimage\"},\"thumbnailUrl\":\"https:\\\/\\\/www.parfumerie-arabe.com\\\/wp-content\\\/uploads\\\/2023\\\/02\\\/encensoir-electrique-mural-prise-electrique-avec-interrupteur-argente-et-strass.jpg\",\"datePublished\":\"2023-02-19T14:20:13+00:00\",\"dateModified\":\"2025-11-20T17:17:55+00:00\",\"breadcrumb\":{\"@id\":\"https:\\\/\\\/www.parfumerie-arabe.com\\\/produit\\\/encensoir-electrique-prise-murale-argente-a-strass\\\/#breadcrumb\"},\"inLanguage\":\"de\",\"potentialAction\":[{\"@type\":\"ReadAction\",\"target\":[\"https:\\\/\\\/www.parfumerie-arabe.com\\\/produit\\\/encensoir-electrique-prise-murale-argente-a-strass\\\/\"]}]},{\"@type\":\"ImageObject\",\"inLanguage\":\"de\",\"@id\":\"https:\\\/\\\/www.parfumerie-arabe.com\\\/produit\\\/encensoir-electrique-prise-murale-argente-a-strass\\\/#primaryimage\",\"url\":\"https:\\\/\\\/www.parfumerie-arabe.com\\\/wp-content\\\/uploads\\\/2023\\\/02\\\/encensoir-electrique-mural-prise-electrique-avec-interrupteur-argente-et-strass.jpg\",\"contentUrl\":\"https:\\\/\\\/www.parfumerie-arabe.com\\\/wp-content\\\/uploads\\\/2023\\\/02\\\/encensoir-electrique-mural-prise-electrique-avec-interrupteur-argente-et-strass.jpg\",\"width\":600,\"height\":600},{\"@type\":\"BreadcrumbList\",\"@id\":\"https:\\\/\\\/www.parfumerie-arabe.com\\\/produit\\\/encensoir-electrique-prise-murale-argente-a-strass\\\/#breadcrumb\",\"itemListElement\":[{\"@type\":\"ListItem\",\"position\":1,\"name\":\"Accueil\",\"item\":\"https:\\\/\\\/www.parfumerie-arabe.com\\\/\"},{\"@type\":\"ListItem\",\"position\":2,\"name\":\"Boutique\",\"item\":\"https:\\\/\\\/www.parfumerie-arabe.com\\\/boutique\\\/\"},{\"@type\":\"ListItem\",\"position\":3,\"name\":\"Encensoir \u00e9l\u00e9ctrique prise murale argent\u00e9 \u00e0 strass\"}]},{\"@type\":\"WebSite\",\"@id\":\"https:\\\/\\\/www.parfumerie-arabe.com\\\/#website\",\"url\":\"https:\\\/\\\/www.parfumerie-arabe.com\\\/\",\"name\":\"Parfumerie Arabe\",\"description\":\"\",\"publisher\":{\"@id\":\"https:\\\/\\\/www.parfumerie-arabe.com\\\/#organization\"},\"potentialAction\":[{\"@type\":\"SearchAction\",\"target\":{\"@type\":\"EntryPoint\",\"urlTemplate\":\"https:\\\/\\\/www.parfumerie-arabe.com\\\/?s={search_term_string}\"},\"query-input\":{\"@type\":\"PropertyValueSpecification\",\"valueRequired\":true,\"valueName\":\"search_term_string\"}}],\"inLanguage\":\"de\"},{\"@type\":\"Organization\",\"@id\":\"https:\\\/\\\/www.parfumerie-arabe.com\\\/#organization\",\"name\":\"Parfumerie arabe\",\"url\":\"https:\\\/\\\/www.parfumerie-arabe.com\\\/\",\"logo\":{\"@type\":\"ImageObject\",\"inLanguage\":\"de\",\"@id\":\"https:\\\/\\\/www.parfumerie-arabe.com\\\/#\\\/schema\\\/logo\\\/image\\\/\",\"url\":\"https:\\\/\\\/www.parfumerie-arabe.com\\\/wp-content\\\/uploads\\\/2022\\\/08\\\/logo-parfumerie-arabe.png\",\"contentUrl\":\"https:\\\/\\\/www.parfumerie-arabe.com\\\/wp-content\\\/uploads\\\/2022\\\/08\\\/logo-parfumerie-arabe.png\",\"width\":600,\"height\":171,\"caption\":\"Parfumerie arabe\"},\"image\":{\"@id\":\"https:\\\/\\\/www.parfumerie-arabe.com\\\/#\\\/schema\\\/logo\\\/image\\\/\"}}]}<\/script>\n<!-- \/ Yoast SEO plugin. -->","yoast_head_json":{"title":"Elektrisches R\u00e4uchergef\u00e4\u00df Wandsteckdose Silber mit Strass - Arabische Parf\u00fcmerie","robots":{"index":"index","follow":"follow","max-snippet":"max-snippet:-1","max-image-preview":"max-image-preview:large","max-video-preview":"max-video-preview:-1"},"canonical":"https:\/\/www.parfumerie-arabe.com\/de\/produkt\/elektrisches-rauchergefas-wandsteckdose-silber-mit-strasssteinen\/","og_locale":"de_DE","og_type":"article","og_title":"Encensoir \u00e9l\u00e9ctrique prise murale argent\u00e9 \u00e0 strass - Parfumerie Arabe","og_description":"Diffusez facilement votre bakhour gr\u00e2ce \u00e0 cet encensoir mural  Il se pr\u00e9sente sous forme de prise comme un diffuseur  il est dot\u00e9 d'un interrupteur ce qui le rend facile \u00e0 utiliser et \u00e9teindre  Il suffira de quelques minutes pour parfumer votre int\u00e9rieur.  Argent\u00e9 et serti de strass, il apportera une touche orientale \u00e0 votre d\u00e9coration int\u00e9rieure.  S'utilise avec tous les bakhours.  &nbsp;","og_url":"https:\/\/www.parfumerie-arabe.com\/de\/produkt\/elektrisches-rauchergefas-wandsteckdose-silber-mit-strasssteinen\/","og_site_name":"Parfumerie Arabe","article_modified_time":"2025-11-20T17:17:55+00:00","og_image":[{"width":600,"height":600,"url":"https:\/\/www.parfumerie-arabe.com\/wp-content\/uploads\/2023\/02\/encensoir-electrique-mural-prise-electrique-avec-interrupteur-argente-et-strass.jpg","type":"image\/jpeg"}],"twitter_card":"summary_large_image","schema":{"@context":"https:\/\/schema.org","@graph":[{"@type":"WebPage","@id":"https:\/\/www.parfumerie-arabe.com\/produit\/encensoir-electrique-prise-murale-argente-a-strass\/","url":"https:\/\/www.parfumerie-arabe.com\/produit\/encensoir-electrique-prise-murale-argente-a-strass\/","name":"Elektrisches R\u00e4uchergef\u00e4\u00df Wandsteckdose Silber mit Strass - Arabische Parf\u00fcmerie","isPartOf":{"@id":"https:\/\/www.parfumerie-arabe.com\/#website"},"primaryImageOfPage":{"@id":"https:\/\/www.parfumerie-arabe.com\/produit\/encensoir-electrique-prise-murale-argente-a-strass\/#primaryimage"},"image":{"@id":"https:\/\/www.parfumerie-arabe.com\/produit\/encensoir-electrique-prise-murale-argente-a-strass\/#primaryimage"},"thumbnailUrl":"https:\/\/www.parfumerie-arabe.com\/wp-content\/uploads\/2023\/02\/encensoir-electrique-mural-prise-electrique-avec-interrupteur-argente-et-strass.jpg","datePublished":"2023-02-19T14:20:13+00:00","dateModified":"2025-11-20T17:17:55+00:00","breadcrumb":{"@id":"https:\/\/www.parfumerie-arabe.com\/produit\/encensoir-electrique-prise-murale-argente-a-strass\/#breadcrumb"},"inLanguage":"de","potentialAction":[{"@type":"ReadAction","target":["https:\/\/www.parfumerie-arabe.com\/produit\/encensoir-electrique-prise-murale-argente-a-strass\/"]}]},{"@type":"ImageObject","inLanguage":"de","@id":"https:\/\/www.parfumerie-arabe.com\/produit\/encensoir-electrique-prise-murale-argente-a-strass\/#primaryimage","url":"https:\/\/www.parfumerie-arabe.com\/wp-content\/uploads\/2023\/02\/encensoir-electrique-mural-prise-electrique-avec-interrupteur-argente-et-strass.jpg","contentUrl":"https:\/\/www.parfumerie-arabe.com\/wp-content\/uploads\/2023\/02\/encensoir-electrique-mural-prise-electrique-avec-interrupteur-argente-et-strass.jpg","width":600,"height":600},{"@type":"BreadcrumbList","@id":"https:\/\/www.parfumerie-arabe.com\/produit\/encensoir-electrique-prise-murale-argente-a-strass\/#breadcrumb","itemListElement":[{"@type":"ListItem","position":1,"name":"Accueil","item":"https:\/\/www.parfumerie-arabe.com\/"},{"@type":"ListItem","position":2,"name":"Boutique","item":"https:\/\/www.parfumerie-arabe.com\/boutique\/"},{"@type":"ListItem","position":3,"name":"Encensoir \u00e9l\u00e9ctrique prise murale argent\u00e9 \u00e0 strass"}]},{"@type":"WebSite","@id":"https:\/\/www.parfumerie-arabe.com\/#website","url":"https:\/\/www.parfumerie-arabe.com\/","name":"Arabische Parf\u00fcmerie","description":"","publisher":{"@id":"https:\/\/www.parfumerie-arabe.com\/#organization"},"potentialAction":[{"@type":"SearchAction","target":{"@type":"EntryPoint","urlTemplate":"https:\/\/www.parfumerie-arabe.com\/?s={search_term_string}"},"query-input":{"@type":"PropertyValueSpecification","valueRequired":true,"valueName":"search_term_string"}}],"inLanguage":"de"},{"@type":"Organization","@id":"https:\/\/www.parfumerie-arabe.com\/#organization","name":"Arabische Parf\u00fcmerie","url":"https:\/\/www.parfumerie-arabe.com\/","logo":{"@type":"ImageObject","inLanguage":"de","@id":"https:\/\/www.parfumerie-arabe.com\/#\/schema\/logo\/image\/","url":"https:\/\/www.parfumerie-arabe.com\/wp-content\/uploads\/2022\/08\/logo-parfumerie-arabe.png","contentUrl":"https:\/\/www.parfumerie-arabe.com\/wp-content\/uploads\/2022\/08\/logo-parfumerie-arabe.png","width":600,"height":171,"caption":"Parfumerie arabe"},"image":{"@id":"https:\/\/www.parfumerie-arabe.com\/#\/schema\/logo\/image\/"}}]}},"_links":{"self":[{"href":"https:\/\/www.parfumerie-arabe.com\/de\/wp-json\/wp\/v2\/product\/975","targetHints":{"allow":["GET"]}}],"collection":[{"href":"https:\/\/www.parfumerie-arabe.com\/de\/wp-json\/wp\/v2\/product"}],"about":[{"href":"https:\/\/www.parfumerie-arabe.com\/de\/wp-json\/wp\/v2\/types\/product"}],"wp:featuredmedia":[{"embeddable":true,"href":"https:\/\/www.parfumerie-arabe.com\/de\/wp-json\/wp\/v2\/media\/996"}],"wp:attachment":[{"href":"https:\/\/www.parfumerie-arabe.com\/de\/wp-json\/wp\/v2\/media?parent=975"}],"wp:term":[{"taxonomy":"product_brand","embeddable":true,"href":"https:\/\/www.parfumerie-arabe.com\/de\/wp-json\/wp\/v2\/product_brand?post=975"},{"taxonomy":"product_cat","embeddable":true,"href":"https:\/\/www.parfumerie-arabe.com\/de\/wp-json\/wp\/v2\/product_cat?post=975"},{"taxonomy":"product_tag","embeddable":true,"href":"https:\/\/www.parfumerie-arabe.com\/de\/wp-json\/wp\/v2\/product_tag?post=975"}],"curies":[{"name":"wp","href":"https:\/\/api.w.org\/{rel}","templated":true}]}}