{"id":984,"date":"2019-02-19T14:20:13","date_gmt":"2019-02-19T14:20:13","guid":{"rendered":"https:\/\/www.parfumerie-arabe.com\/?post_type=product&#038;p=984"},"modified":"2025-11-20T17:17:59","modified_gmt":"2025-11-20T17:17:59","slug":"bakhour-tragbarer-silber-goldener-wiederaufladbarer-kabelloser-usb-rauchbrenner-diffusor","status":"publish","type":"product","link":"https:\/\/www.parfumerie-arabe.com\/de\/produit\/diffuseur-encensoir-bakhour-portable-argente-dore-rechargeable-usb-sans-fil\/","title":{"rendered":"Diffusor R\u00e4uchergef\u00e4\u00df Bakhour tragbare silberne goldene wiederaufladbare Usb drahtlos"},"content":{"rendered":"","protected":false},"excerpt":{"rendered":"<p>Tragbarer, wiederaufladbarer Diffusor<\/p>\n<p>Ideal, um Ihr Bakhur \u00fcberall in Ihrer Wohnung, Ihrem Auto, Ihrem Kleiderschrank... zu verbreiten.<\/p>\n<p>Er ist mit einer Heizplatte ausgestattet, die den Bakhour sanft erw\u00e4rmt.<\/p>\n<p>Aufladbar \u00fcber USB, verkauft mit seinem USB-Kabel und einer Klammer f\u00fcr den Bakhour.<\/p>\n<p>&nbsp;<\/p>","protected":false},"featured_media":1000,"template":"","meta":[],"product_brand":[],"product_cat":[30,29],"product_tag":[],"class_list":{"0":"post-984","1":"product","2":"type-product","3":"status-publish","4":"has-post-thumbnail","6":"product_cat-encensoir","7":"product_cat-encensoir-portable","9":"first","10":"outofstock","11":"taxable","12":"shipping-taxable","13":"purchasable","14":"product-type-simple"},"yoast_head":"<!-- This site is optimized with the Yoast SEO plugin v27.5 - https:\/\/yoast.com\/product\/yoast-seo-wordpress\/ -->\n<title>Diffuseur Encensoir Bakhour portable argent\u00e9 dor\u00e9 rechargeable Usb sans fil - Parfumerie Arabe<\/title>\n<meta name=\"robots\" content=\"index, follow, max-snippet:-1, max-image-preview:large, max-video-preview:-1\" \/>\n<link rel=\"canonical\" href=\"https:\/\/www.parfumerie-arabe.com\/de\/produkt\/bakhour-tragbarer-silber-goldener-wiederaufladbarer-kabelloser-usb-rauchbrenner-diffusor\/\" \/>\n<meta property=\"og:locale\" content=\"de_DE\" \/>\n<meta property=\"og:type\" content=\"article\" \/>\n<meta property=\"og:title\" content=\"Diffuseur Encensoir Bakhour portable argent\u00e9 dor\u00e9 rechargeable Usb sans fil - Parfumerie Arabe\" \/>\n<meta property=\"og:description\" content=\"Diffuseur portable Rechargeable  Id\u00e9al pour pour diffuser votre bakhour partout dans votre logement, votre voiture, votre penderie...  Il est muni d&#039;une plaque chauffante qui permet de chauffer doucement le bakhour  Rechargeable par usb, vendu avec son cable usb et une pince pour le bakhour.  &nbsp;\" \/>\n<meta property=\"og:url\" content=\"https:\/\/www.parfumerie-arabe.com\/de\/produkt\/bakhour-tragbarer-silber-goldener-wiederaufladbarer-kabelloser-usb-rauchbrenner-diffusor\/\" \/>\n<meta property=\"og:site_name\" content=\"Parfumerie Arabe\" \/>\n<meta property=\"article:modified_time\" content=\"2025-11-20T17:17:59+00:00\" \/>\n<meta property=\"og:image\" content=\"https:\/\/www.parfumerie-arabe.com\/wp-content\/uploads\/2023\/02\/encensoir-electrique-portable-rechargeable-par-usb-pour-bakhour-encens-bakhoor-argente.jpg\" \/>\n\t<meta property=\"og:image:width\" content=\"600\" \/>\n\t<meta property=\"og:image:height\" content=\"600\" \/>\n\t<meta property=\"og:image:type\" content=\"image\/jpeg\" \/>\n<meta name=\"twitter:card\" content=\"summary_large_image\" \/>\n<script type=\"application\/ld+json\" class=\"yoast-schema-graph\">{\"@context\":\"https:\\\/\\\/schema.org\",\"@graph\":[{\"@type\":\"WebPage\",\"@id\":\"https:\\\/\\\/www.parfumerie-arabe.com\\\/produit\\\/diffuseur-encensoir-bakhour-portable-argente-dore-rechargeable-usb-sans-fil\\\/\",\"url\":\"https:\\\/\\\/www.parfumerie-arabe.com\\\/produit\\\/diffuseur-encensoir-bakhour-portable-argente-dore-rechargeable-usb-sans-fil\\\/\",\"name\":\"Diffuseur Encensoir Bakhour portable argent\u00e9 dor\u00e9 rechargeable Usb sans fil - Parfumerie Arabe\",\"isPartOf\":{\"@id\":\"https:\\\/\\\/www.parfumerie-arabe.com\\\/#website\"},\"primaryImageOfPage\":{\"@id\":\"https:\\\/\\\/www.parfumerie-arabe.com\\\/produit\\\/diffuseur-encensoir-bakhour-portable-argente-dore-rechargeable-usb-sans-fil\\\/#primaryimage\"},\"image\":{\"@id\":\"https:\\\/\\\/www.parfumerie-arabe.com\\\/produit\\\/diffuseur-encensoir-bakhour-portable-argente-dore-rechargeable-usb-sans-fil\\\/#primaryimage\"},\"thumbnailUrl\":\"https:\\\/\\\/www.parfumerie-arabe.com\\\/wp-content\\\/uploads\\\/2023\\\/02\\\/encensoir-electrique-portable-rechargeable-par-usb-pour-bakhour-encens-bakhoor-argente.jpg\",\"datePublished\":\"2019-02-19T14:20:13+00:00\",\"dateModified\":\"2025-11-20T17:17:59+00:00\",\"breadcrumb\":{\"@id\":\"https:\\\/\\\/www.parfumerie-arabe.com\\\/produit\\\/diffuseur-encensoir-bakhour-portable-argente-dore-rechargeable-usb-sans-fil\\\/#breadcrumb\"},\"inLanguage\":\"de\",\"potentialAction\":[{\"@type\":\"ReadAction\",\"target\":[\"https:\\\/\\\/www.parfumerie-arabe.com\\\/produit\\\/diffuseur-encensoir-bakhour-portable-argente-dore-rechargeable-usb-sans-fil\\\/\"]}]},{\"@type\":\"ImageObject\",\"inLanguage\":\"de\",\"@id\":\"https:\\\/\\\/www.parfumerie-arabe.com\\\/produit\\\/diffuseur-encensoir-bakhour-portable-argente-dore-rechargeable-usb-sans-fil\\\/#primaryimage\",\"url\":\"https:\\\/\\\/www.parfumerie-arabe.com\\\/wp-content\\\/uploads\\\/2023\\\/02\\\/encensoir-electrique-portable-rechargeable-par-usb-pour-bakhour-encens-bakhoor-argente.jpg\",\"contentUrl\":\"https:\\\/\\\/www.parfumerie-arabe.com\\\/wp-content\\\/uploads\\\/2023\\\/02\\\/encensoir-electrique-portable-rechargeable-par-usb-pour-bakhour-encens-bakhoor-argente.jpg\",\"width\":600,\"height\":600},{\"@type\":\"BreadcrumbList\",\"@id\":\"https:\\\/\\\/www.parfumerie-arabe.com\\\/produit\\\/diffuseur-encensoir-bakhour-portable-argente-dore-rechargeable-usb-sans-fil\\\/#breadcrumb\",\"itemListElement\":[{\"@type\":\"ListItem\",\"position\":1,\"name\":\"Accueil\",\"item\":\"https:\\\/\\\/www.parfumerie-arabe.com\\\/\"},{\"@type\":\"ListItem\",\"position\":2,\"name\":\"Boutique\",\"item\":\"https:\\\/\\\/www.parfumerie-arabe.com\\\/boutique\\\/\"},{\"@type\":\"ListItem\",\"position\":3,\"name\":\"Diffuseur Encensoir Bakhour portable argent\u00e9 dor\u00e9 rechargeable Usb sans fil\"}]},{\"@type\":\"WebSite\",\"@id\":\"https:\\\/\\\/www.parfumerie-arabe.com\\\/#website\",\"url\":\"https:\\\/\\\/www.parfumerie-arabe.com\\\/\",\"name\":\"Parfumerie Arabe\",\"description\":\"\",\"publisher\":{\"@id\":\"https:\\\/\\\/www.parfumerie-arabe.com\\\/#organization\"},\"potentialAction\":[{\"@type\":\"SearchAction\",\"target\":{\"@type\":\"EntryPoint\",\"urlTemplate\":\"https:\\\/\\\/www.parfumerie-arabe.com\\\/?s={search_term_string}\"},\"query-input\":{\"@type\":\"PropertyValueSpecification\",\"valueRequired\":true,\"valueName\":\"search_term_string\"}}],\"inLanguage\":\"de\"},{\"@type\":\"Organization\",\"@id\":\"https:\\\/\\\/www.parfumerie-arabe.com\\\/#organization\",\"name\":\"Parfumerie arabe\",\"url\":\"https:\\\/\\\/www.parfumerie-arabe.com\\\/\",\"logo\":{\"@type\":\"ImageObject\",\"inLanguage\":\"de\",\"@id\":\"https:\\\/\\\/www.parfumerie-arabe.com\\\/#\\\/schema\\\/logo\\\/image\\\/\",\"url\":\"https:\\\/\\\/www.parfumerie-arabe.com\\\/wp-content\\\/uploads\\\/2022\\\/08\\\/logo-parfumerie-arabe.png\",\"contentUrl\":\"https:\\\/\\\/www.parfumerie-arabe.com\\\/wp-content\\\/uploads\\\/2022\\\/08\\\/logo-parfumerie-arabe.png\",\"width\":600,\"height\":171,\"caption\":\"Parfumerie arabe\"},\"image\":{\"@id\":\"https:\\\/\\\/www.parfumerie-arabe.com\\\/#\\\/schema\\\/logo\\\/image\\\/\"}}]}<\/script>\n<!-- \/ Yoast SEO plugin. -->","yoast_head_json":{"title":"Diffusor R\u00e4uchergef\u00e4\u00df Bakhour tragbar silber gold wiederaufladbar Usb drahtlos - Arabische Parf\u00fcmerie","robots":{"index":"index","follow":"follow","max-snippet":"max-snippet:-1","max-image-preview":"max-image-preview:large","max-video-preview":"max-video-preview:-1"},"canonical":"https:\/\/www.parfumerie-arabe.com\/de\/produkt\/bakhour-tragbarer-silber-goldener-wiederaufladbarer-kabelloser-usb-rauchbrenner-diffusor\/","og_locale":"de_DE","og_type":"article","og_title":"Diffuseur Encensoir Bakhour portable argent\u00e9 dor\u00e9 rechargeable Usb sans fil - Parfumerie Arabe","og_description":"Diffuseur portable Rechargeable  Id\u00e9al pour pour diffuser votre bakhour partout dans votre logement, votre voiture, votre penderie...  Il est muni d'une plaque chauffante qui permet de chauffer doucement le bakhour  Rechargeable par usb, vendu avec son cable usb et une pince pour le bakhour.  &nbsp;","og_url":"https:\/\/www.parfumerie-arabe.com\/de\/produkt\/bakhour-tragbarer-silber-goldener-wiederaufladbarer-kabelloser-usb-rauchbrenner-diffusor\/","og_site_name":"Parfumerie Arabe","article_modified_time":"2025-11-20T17:17:59+00:00","og_image":[{"width":600,"height":600,"url":"https:\/\/www.parfumerie-arabe.com\/wp-content\/uploads\/2023\/02\/encensoir-electrique-portable-rechargeable-par-usb-pour-bakhour-encens-bakhoor-argente.jpg","type":"image\/jpeg"}],"twitter_card":"summary_large_image","schema":{"@context":"https:\/\/schema.org","@graph":[{"@type":"WebPage","@id":"https:\/\/www.parfumerie-arabe.com\/produit\/diffuseur-encensoir-bakhour-portable-argente-dore-rechargeable-usb-sans-fil\/","url":"https:\/\/www.parfumerie-arabe.com\/produit\/diffuseur-encensoir-bakhour-portable-argente-dore-rechargeable-usb-sans-fil\/","name":"Diffusor R\u00e4uchergef\u00e4\u00df Bakhour tragbar silber gold wiederaufladbar Usb drahtlos - Arabische Parf\u00fcmerie","isPartOf":{"@id":"https:\/\/www.parfumerie-arabe.com\/#website"},"primaryImageOfPage":{"@id":"https:\/\/www.parfumerie-arabe.com\/produit\/diffuseur-encensoir-bakhour-portable-argente-dore-rechargeable-usb-sans-fil\/#primaryimage"},"image":{"@id":"https:\/\/www.parfumerie-arabe.com\/produit\/diffuseur-encensoir-bakhour-portable-argente-dore-rechargeable-usb-sans-fil\/#primaryimage"},"thumbnailUrl":"https:\/\/www.parfumerie-arabe.com\/wp-content\/uploads\/2023\/02\/encensoir-electrique-portable-rechargeable-par-usb-pour-bakhour-encens-bakhoor-argente.jpg","datePublished":"2019-02-19T14:20:13+00:00","dateModified":"2025-11-20T17:17:59+00:00","breadcrumb":{"@id":"https:\/\/www.parfumerie-arabe.com\/produit\/diffuseur-encensoir-bakhour-portable-argente-dore-rechargeable-usb-sans-fil\/#breadcrumb"},"inLanguage":"de","potentialAction":[{"@type":"ReadAction","target":["https:\/\/www.parfumerie-arabe.com\/produit\/diffuseur-encensoir-bakhour-portable-argente-dore-rechargeable-usb-sans-fil\/"]}]},{"@type":"ImageObject","inLanguage":"de","@id":"https:\/\/www.parfumerie-arabe.com\/produit\/diffuseur-encensoir-bakhour-portable-argente-dore-rechargeable-usb-sans-fil\/#primaryimage","url":"https:\/\/www.parfumerie-arabe.com\/wp-content\/uploads\/2023\/02\/encensoir-electrique-portable-rechargeable-par-usb-pour-bakhour-encens-bakhoor-argente.jpg","contentUrl":"https:\/\/www.parfumerie-arabe.com\/wp-content\/uploads\/2023\/02\/encensoir-electrique-portable-rechargeable-par-usb-pour-bakhour-encens-bakhoor-argente.jpg","width":600,"height":600},{"@type":"BreadcrumbList","@id":"https:\/\/www.parfumerie-arabe.com\/produit\/diffuseur-encensoir-bakhour-portable-argente-dore-rechargeable-usb-sans-fil\/#breadcrumb","itemListElement":[{"@type":"ListItem","position":1,"name":"Accueil","item":"https:\/\/www.parfumerie-arabe.com\/"},{"@type":"ListItem","position":2,"name":"Boutique","item":"https:\/\/www.parfumerie-arabe.com\/boutique\/"},{"@type":"ListItem","position":3,"name":"Diffuseur Encensoir Bakhour portable argent\u00e9 dor\u00e9 rechargeable Usb sans fil"}]},{"@type":"WebSite","@id":"https:\/\/www.parfumerie-arabe.com\/#website","url":"https:\/\/www.parfumerie-arabe.com\/","name":"Arabische Parf\u00fcmerie","description":"","publisher":{"@id":"https:\/\/www.parfumerie-arabe.com\/#organization"},"potentialAction":[{"@type":"SearchAction","target":{"@type":"EntryPoint","urlTemplate":"https:\/\/www.parfumerie-arabe.com\/?s={search_term_string}"},"query-input":{"@type":"PropertyValueSpecification","valueRequired":true,"valueName":"search_term_string"}}],"inLanguage":"de"},{"@type":"Organization","@id":"https:\/\/www.parfumerie-arabe.com\/#organization","name":"Arabische Parf\u00fcmerie","url":"https:\/\/www.parfumerie-arabe.com\/","logo":{"@type":"ImageObject","inLanguage":"de","@id":"https:\/\/www.parfumerie-arabe.com\/#\/schema\/logo\/image\/","url":"https:\/\/www.parfumerie-arabe.com\/wp-content\/uploads\/2022\/08\/logo-parfumerie-arabe.png","contentUrl":"https:\/\/www.parfumerie-arabe.com\/wp-content\/uploads\/2022\/08\/logo-parfumerie-arabe.png","width":600,"height":171,"caption":"Parfumerie arabe"},"image":{"@id":"https:\/\/www.parfumerie-arabe.com\/#\/schema\/logo\/image\/"}}]}},"_links":{"self":[{"href":"https:\/\/www.parfumerie-arabe.com\/de\/wp-json\/wp\/v2\/product\/984","targetHints":{"allow":["GET"]}}],"collection":[{"href":"https:\/\/www.parfumerie-arabe.com\/de\/wp-json\/wp\/v2\/product"}],"about":[{"href":"https:\/\/www.parfumerie-arabe.com\/de\/wp-json\/wp\/v2\/types\/product"}],"wp:featuredmedia":[{"embeddable":true,"href":"https:\/\/www.parfumerie-arabe.com\/de\/wp-json\/wp\/v2\/media\/1000"}],"wp:attachment":[{"href":"https:\/\/www.parfumerie-arabe.com\/de\/wp-json\/wp\/v2\/media?parent=984"}],"wp:term":[{"taxonomy":"product_brand","embeddable":true,"href":"https:\/\/www.parfumerie-arabe.com\/de\/wp-json\/wp\/v2\/product_brand?post=984"},{"taxonomy":"product_cat","embeddable":true,"href":"https:\/\/www.parfumerie-arabe.com\/de\/wp-json\/wp\/v2\/product_cat?post=984"},{"taxonomy":"product_tag","embeddable":true,"href":"https:\/\/www.parfumerie-arabe.com\/de\/wp-json\/wp\/v2\/product_tag?post=984"}],"curies":[{"name":"wp","href":"https:\/\/api.w.org\/{rel}","templated":true}]}}