{"id":130,"date":"2022-08-20T17:13:05","date_gmt":"2022-08-20T17:13:05","guid":{"rendered":"https:\/\/www.parfumerie-arabe.com\/?post_type=product&#038;p=130"},"modified":"2025-09-09T12:23:05","modified_gmt":"2025-09-09T12:23:05","slug":"eau-de-parfum-lamsat-harir-100-ml-my-perfumes","status":"publish","type":"product","link":"https:\/\/www.parfumerie-arabe.com\/es\/produit\/eau-de-parfum-lamsat-harir-100ml-my-perfumes\/","title":{"rendered":"Eau de parfum Lamsat Harir 100 ml \u2013 My Perfumes"},"content":{"rendered":"<p>Tu perfumer\u00eda online desea transmitirte su pasi\u00f3n compartiendo contigo algunas fragancias... Y hoy, descubre la\u2019<strong>Eau de parfum Lamsat Harir\u00a0<\/strong>Sus notas florales y con car\u00e1cter hacen de este elixir un aut\u00e9ntico encanto.<\/p>\n<h2><strong>Eau de parfum Lamsat Harir: el placer tiene aroma\u00a0<\/strong><\/h2>\n<p>Para aquellos que deseen descubrir el eau de parfum Lamsat Harir, sigan su estela, aqu\u00ed es donde ocurre...<\/p>\n<p>En primer lugar, presentemos este elixir tan atractivo... Procedente de la famosa marca\u00a0<strong>Mis perfumes<\/strong>, esta fragancia podr\u00eda sorprenderle. De hecho, considerado como un perfume unisex, Lamsat Harir es un placer olfativo.<\/p>\n<p>Este perfume, tan suave, es una verdadera ventaja para quienes aman los perfumes unisex. Se presenta en forma de l\u00edquido, en un frasco finamente elaborado, que atrae la mirada y despierta la curiosidad.  La concentraci\u00f3n de los ingredientes de este<strong>\u00a0agua de perfume\u00a0<\/strong>es m\u00e1s fuerte que la del agua de colonia.<\/p>\n<p>L<strong>\u2019Eau de parfum unisex<\/strong>\u00a0es una buena opci\u00f3n para quienes buscan un perfume m\u00e1s sutil y duradero. As\u00ed que, si t\u00fa tambi\u00e9n quieres disfrutar de esta fragancia oriental, \u00a1p\u00e1sate por la tienda!<\/p>\n<h2><strong>\u00a1Descubra la fragancia del eau de parfum Lamsat Harir!<\/strong><\/h2>\n<p>Ahora que sabes m\u00e1s sobre esta magn\u00edfica creaci\u00f3n, \u00bfqu\u00e9 te parecer\u00eda profundizar un poco m\u00e1s? Si t\u00fa tambi\u00e9n sientes predilecci\u00f3n por los aromas misteriosos y atractivos, \u00a1quiz\u00e1s sea perfecto para ti!<\/p>\n<p>El perfume de<strong>\u00a0g\u00e9nero mixto<\/strong>\u00a0es una mezcla \u00fanica e innovadora de aromas masculinos y femeninos. Las fragancias se combinan para crear un aroma que es a la vez ligeramente floral y especiado, con matices de madera y<strong>\u00a0almizcle.<\/strong>\u00a0La combinaci\u00f3n de diferentes aromas permite crear una mezcla que es a la vez distintiva y \u00fanica.<\/p>\n<p>Como habr\u00e1s comprendido, los perfumes unisex son muy apreciados por su capacidad para adaptarse a una gran variedad de situaciones, lo que los convierte en una excelente opci\u00f3n para quienes buscan una fragancia que pueda llevarse en ocasiones muy diversas. Por eso queremos presentarte el fabuloso perfume Lamsat Harir.<\/p>\n<h3><strong>\u00bfTe gustan los buenos aromas? Entonces, descubre...\u00a0<\/strong><\/h3>\n<p>Si te ha gustado el perfume Lamsat Harir, \u00a1d\u00e9jate seducir por la gran variedad de opciones que tenemos en nuestra tienda!<\/p>\n<p>De hecho, su perfumer\u00eda en l\u00ednea es una apasionada. Por eso siempre est\u00e1 buscando aromas que puedan seducirle. Si esto le parece una tarea dif\u00edcil, \u00a1es que no conoce bien su perfumer\u00eda!<\/p>\n<p>Tanto si prefiere fragancias dulces como otras m\u00e1s amaderadas, no se preocupe, hay mucho donde elegir. Descubra el perfume para el cabello.\u00a0<strong><a href=\"https:\/\/www.parfumerie-arabe.com\/es\/product\/bruma-capilar-oud-mood-lattafa\/\">Bruma capilar Oud Mood<\/a>\u00a0<\/strong>\u00a1La marca Lattafa est\u00e1 al mando para el disfrute de muchos de vosotros!<\/p>\n<p>Es importante saber que en la tienda encontrar\u00e1 varias aguas de colonia. Ahora le toca a usted decidir.<\/p>","protected":false},"excerpt":{"rendered":"<p><strong>Notas olfativas:<\/strong><\/p>\n<p><strong>Notas de salida<\/strong> : <span class=\"a-list-item\">Floral, Uva, Jazm\u00edn, Cedro<\/span><br \/>\n<strong>Notas de coraz\u00f3n<\/strong> : <span class=\"a-list-item\">Pachul\u00ed y almizcle, afrutado<\/span><br \/>\n<strong>Notas de fondo<\/strong> : <span class=\"a-list-item\">Casis, nardo, jazm\u00edn, heliotropo, cedro y almizcle.<\/span><\/p>\n<p><strong>G\u00e9nero <\/strong>: Mixto.<\/p>","protected":false},"featured_media":177,"template":"","meta":[],"product_brand":[],"product_cat":[22],"product_tag":[],"class_list":{"0":"post-130","1":"product","2":"type-product","3":"status-publish","4":"has-post-thumbnail","6":"product_cat-my-perfumes","8":"first","9":"outofstock","10":"taxable","11":"shipping-taxable","12":"purchasable","13":"product-type-simple"},"yoast_head":"<!-- This site is optimized with the Yoast SEO plugin v27.4 - https:\/\/yoast.com\/product\/yoast-seo-wordpress\/ -->\n<title>Lamsat Harir I Eau de parfum 100ml I My Perfumes<\/title>\n<meta name=\"description\" content=\"\u00c0 l\u2019ordre du jour, d\u00e9couvrez l\u2019eau de parfum Lamsat Harir\u00a0! Ses notes florales et caract\u00e9rielles font de cet \u00e9lixir un r\u00e9el atout charme.\" \/>\n<meta name=\"robots\" content=\"index, follow, max-snippet:-1, max-image-preview:large, max-video-preview:-1\" \/>\n<link rel=\"canonical\" href=\"https:\/\/www.parfumerie-arabe.com\/es\/product\/eau-de-parfum-lamsat-harir-100-ml-my-perfumes\/\" \/>\n<meta property=\"og:locale\" content=\"es_ES\" \/>\n<meta property=\"og:type\" content=\"article\" \/>\n<meta property=\"og:title\" content=\"Lamsat Harir I Eau de parfum 100ml I My Perfumes\" \/>\n<meta property=\"og:description\" content=\"\u00c0 l\u2019ordre du jour, d\u00e9couvrez l\u2019eau de parfum Lamsat Harir\u00a0! Ses notes florales et caract\u00e9rielles font de cet \u00e9lixir un r\u00e9el atout charme.\" \/>\n<meta property=\"og:url\" content=\"https:\/\/www.parfumerie-arabe.com\/es\/product\/eau-de-parfum-lamsat-harir-100-ml-my-perfumes\/\" \/>\n<meta property=\"og:site_name\" content=\"Parfumerie Arabe\" \/>\n<meta property=\"article:modified_time\" content=\"2025-09-09T12:23:05+00:00\" \/>\n<meta property=\"og:image\" content=\"https:\/\/www.parfumerie-arabe.com\/wp-content\/uploads\/2022\/08\/eau-de-parfum-lamsat-harir.jpg\" \/>\n\t<meta property=\"og:image:width\" content=\"600\" \/>\n\t<meta property=\"og:image:height\" content=\"600\" \/>\n\t<meta property=\"og:image:type\" content=\"image\/jpeg\" \/>\n<meta name=\"twitter:card\" content=\"summary_large_image\" \/>\n<meta name=\"twitter:label1\" content=\"Tiempo de lectura\" \/>\n\t<meta name=\"twitter:data1\" content=\"3 minutos\" \/>\n<script type=\"application\/ld+json\" class=\"yoast-schema-graph\">{\"@context\":\"https:\\\/\\\/schema.org\",\"@graph\":[{\"@type\":\"WebPage\",\"@id\":\"https:\\\/\\\/www.parfumerie-arabe.com\\\/produit\\\/eau-de-parfum-lamsat-harir-100ml-my-perfumes\\\/\",\"url\":\"https:\\\/\\\/www.parfumerie-arabe.com\\\/produit\\\/eau-de-parfum-lamsat-harir-100ml-my-perfumes\\\/\",\"name\":\"Lamsat Harir I Eau de parfum 100ml I My Perfumes\",\"isPartOf\":{\"@id\":\"https:\\\/\\\/www.parfumerie-arabe.com\\\/#website\"},\"primaryImageOfPage\":{\"@id\":\"https:\\\/\\\/www.parfumerie-arabe.com\\\/produit\\\/eau-de-parfum-lamsat-harir-100ml-my-perfumes\\\/#primaryimage\"},\"image\":{\"@id\":\"https:\\\/\\\/www.parfumerie-arabe.com\\\/produit\\\/eau-de-parfum-lamsat-harir-100ml-my-perfumes\\\/#primaryimage\"},\"thumbnailUrl\":\"https:\\\/\\\/www.parfumerie-arabe.com\\\/wp-content\\\/uploads\\\/2022\\\/08\\\/eau-de-parfum-lamsat-harir.jpg\",\"datePublished\":\"2022-08-20T17:13:05+00:00\",\"dateModified\":\"2025-09-09T12:23:05+00:00\",\"description\":\"\u00c0 l\u2019ordre du jour, d\u00e9couvrez l\u2019eau de parfum Lamsat Harir\u00a0! Ses notes florales et caract\u00e9rielles font de cet \u00e9lixir un r\u00e9el atout charme.\",\"breadcrumb\":{\"@id\":\"https:\\\/\\\/www.parfumerie-arabe.com\\\/produit\\\/eau-de-parfum-lamsat-harir-100ml-my-perfumes\\\/#breadcrumb\"},\"inLanguage\":\"es\",\"potentialAction\":[{\"@type\":\"ReadAction\",\"target\":[\"https:\\\/\\\/www.parfumerie-arabe.com\\\/produit\\\/eau-de-parfum-lamsat-harir-100ml-my-perfumes\\\/\"]}]},{\"@type\":\"ImageObject\",\"inLanguage\":\"es\",\"@id\":\"https:\\\/\\\/www.parfumerie-arabe.com\\\/produit\\\/eau-de-parfum-lamsat-harir-100ml-my-perfumes\\\/#primaryimage\",\"url\":\"https:\\\/\\\/www.parfumerie-arabe.com\\\/wp-content\\\/uploads\\\/2022\\\/08\\\/eau-de-parfum-lamsat-harir.jpg\",\"contentUrl\":\"https:\\\/\\\/www.parfumerie-arabe.com\\\/wp-content\\\/uploads\\\/2022\\\/08\\\/eau-de-parfum-lamsat-harir.jpg\",\"width\":600,\"height\":600,\"caption\":\"Eau de parfum Lamsat Harir 100ml - My Perfumes\"},{\"@type\":\"BreadcrumbList\",\"@id\":\"https:\\\/\\\/www.parfumerie-arabe.com\\\/produit\\\/eau-de-parfum-lamsat-harir-100ml-my-perfumes\\\/#breadcrumb\",\"itemListElement\":[{\"@type\":\"ListItem\",\"position\":1,\"name\":\"Accueil\",\"item\":\"https:\\\/\\\/www.parfumerie-arabe.com\\\/\"},{\"@type\":\"ListItem\",\"position\":2,\"name\":\"Boutique\",\"item\":\"https:\\\/\\\/www.parfumerie-arabe.com\\\/boutique\\\/\"},{\"@type\":\"ListItem\",\"position\":3,\"name\":\"Eau de parfum Lamsat Harir 100ml &#8211; My Perfumes\"}]},{\"@type\":\"WebSite\",\"@id\":\"https:\\\/\\\/www.parfumerie-arabe.com\\\/#website\",\"url\":\"https:\\\/\\\/www.parfumerie-arabe.com\\\/\",\"name\":\"Parfumerie Arabe\",\"description\":\"\",\"publisher\":{\"@id\":\"https:\\\/\\\/www.parfumerie-arabe.com\\\/#organization\"},\"potentialAction\":[{\"@type\":\"SearchAction\",\"target\":{\"@type\":\"EntryPoint\",\"urlTemplate\":\"https:\\\/\\\/www.parfumerie-arabe.com\\\/?s={search_term_string}\"},\"query-input\":{\"@type\":\"PropertyValueSpecification\",\"valueRequired\":true,\"valueName\":\"search_term_string\"}}],\"inLanguage\":\"es\"},{\"@type\":\"Organization\",\"@id\":\"https:\\\/\\\/www.parfumerie-arabe.com\\\/#organization\",\"name\":\"Parfumerie arabe\",\"url\":\"https:\\\/\\\/www.parfumerie-arabe.com\\\/\",\"logo\":{\"@type\":\"ImageObject\",\"inLanguage\":\"es\",\"@id\":\"https:\\\/\\\/www.parfumerie-arabe.com\\\/#\\\/schema\\\/logo\\\/image\\\/\",\"url\":\"https:\\\/\\\/www.parfumerie-arabe.com\\\/wp-content\\\/uploads\\\/2022\\\/08\\\/logo-parfumerie-arabe.png\",\"contentUrl\":\"https:\\\/\\\/www.parfumerie-arabe.com\\\/wp-content\\\/uploads\\\/2022\\\/08\\\/logo-parfumerie-arabe.png\",\"width\":600,\"height\":171,\"caption\":\"Parfumerie arabe\"},\"image\":{\"@id\":\"https:\\\/\\\/www.parfumerie-arabe.com\\\/#\\\/schema\\\/logo\\\/image\\\/\"}}]}<\/script>\n<!-- \/ Yoast SEO plugin. -->","yoast_head_json":{"title":"Lamsat Harir I Eau de parfum 100 ml I My Perfumes","description":"\u00a1Descubra el eau de parfum Lamsat Harir! Sus notas florales y temperamentales hacen de este elixir un aut\u00e9ntico atractivo.","robots":{"index":"index","follow":"follow","max-snippet":"max-snippet:-1","max-image-preview":"max-image-preview:large","max-video-preview":"max-video-preview:-1"},"canonical":"https:\/\/www.parfumerie-arabe.com\/es\/product\/eau-de-parfum-lamsat-harir-100-ml-my-perfumes\/","og_locale":"es_ES","og_type":"article","og_title":"Lamsat Harir I Eau de parfum 100ml I My Perfumes","og_description":"\u00c0 l\u2019ordre du jour, d\u00e9couvrez l\u2019eau de parfum Lamsat Harir\u00a0! Ses notes florales et caract\u00e9rielles font de cet \u00e9lixir un r\u00e9el atout charme.","og_url":"https:\/\/www.parfumerie-arabe.com\/es\/product\/eau-de-parfum-lamsat-harir-100-ml-my-perfumes\/","og_site_name":"Parfumerie Arabe","article_modified_time":"2025-09-09T12:23:05+00:00","og_image":[{"width":600,"height":600,"url":"https:\/\/www.parfumerie-arabe.com\/wp-content\/uploads\/2022\/08\/eau-de-parfum-lamsat-harir.jpg","type":"image\/jpeg"}],"twitter_card":"summary_large_image","twitter_misc":{"Tiempo de lectura":"3 minutos"},"schema":{"@context":"https:\/\/schema.org","@graph":[{"@type":"WebPage","@id":"https:\/\/www.parfumerie-arabe.com\/produit\/eau-de-parfum-lamsat-harir-100ml-my-perfumes\/","url":"https:\/\/www.parfumerie-arabe.com\/produit\/eau-de-parfum-lamsat-harir-100ml-my-perfumes\/","name":"Lamsat Harir I Eau de parfum 100 ml I My Perfumes","isPartOf":{"@id":"https:\/\/www.parfumerie-arabe.com\/#website"},"primaryImageOfPage":{"@id":"https:\/\/www.parfumerie-arabe.com\/produit\/eau-de-parfum-lamsat-harir-100ml-my-perfumes\/#primaryimage"},"image":{"@id":"https:\/\/www.parfumerie-arabe.com\/produit\/eau-de-parfum-lamsat-harir-100ml-my-perfumes\/#primaryimage"},"thumbnailUrl":"https:\/\/www.parfumerie-arabe.com\/wp-content\/uploads\/2022\/08\/eau-de-parfum-lamsat-harir.jpg","datePublished":"2022-08-20T17:13:05+00:00","dateModified":"2025-09-09T12:23:05+00:00","description":"\u00a1Descubra el eau de parfum Lamsat Harir! Sus notas florales y temperamentales hacen de este elixir un aut\u00e9ntico atractivo.","breadcrumb":{"@id":"https:\/\/www.parfumerie-arabe.com\/produit\/eau-de-parfum-lamsat-harir-100ml-my-perfumes\/#breadcrumb"},"inLanguage":"es","potentialAction":[{"@type":"ReadAction","target":["https:\/\/www.parfumerie-arabe.com\/produit\/eau-de-parfum-lamsat-harir-100ml-my-perfumes\/"]}]},{"@type":"ImageObject","inLanguage":"es","@id":"https:\/\/www.parfumerie-arabe.com\/produit\/eau-de-parfum-lamsat-harir-100ml-my-perfumes\/#primaryimage","url":"https:\/\/www.parfumerie-arabe.com\/wp-content\/uploads\/2022\/08\/eau-de-parfum-lamsat-harir.jpg","contentUrl":"https:\/\/www.parfumerie-arabe.com\/wp-content\/uploads\/2022\/08\/eau-de-parfum-lamsat-harir.jpg","width":600,"height":600,"caption":"Eau de parfum Lamsat Harir 100ml - My Perfumes"},{"@type":"BreadcrumbList","@id":"https:\/\/www.parfumerie-arabe.com\/produit\/eau-de-parfum-lamsat-harir-100ml-my-perfumes\/#breadcrumb","itemListElement":[{"@type":"ListItem","position":1,"name":"Accueil","item":"https:\/\/www.parfumerie-arabe.com\/"},{"@type":"ListItem","position":2,"name":"Boutique","item":"https:\/\/www.parfumerie-arabe.com\/boutique\/"},{"@type":"ListItem","position":3,"name":"Eau de parfum Lamsat Harir 100ml &#8211; My Perfumes"}]},{"@type":"WebSite","@id":"https:\/\/www.parfumerie-arabe.com\/#website","url":"https:\/\/www.parfumerie-arabe.com\/","name":"Perfumer\u00eda \u00e1rabe","description":"","publisher":{"@id":"https:\/\/www.parfumerie-arabe.com\/#organization"},"potentialAction":[{"@type":"SearchAction","target":{"@type":"EntryPoint","urlTemplate":"https:\/\/www.parfumerie-arabe.com\/?s={search_term_string}"},"query-input":{"@type":"PropertyValueSpecification","valueRequired":true,"valueName":"search_term_string"}}],"inLanguage":"es"},{"@type":"Organization","@id":"https:\/\/www.parfumerie-arabe.com\/#organization","name":"Perfumer\u00eda \u00e1rabe","url":"https:\/\/www.parfumerie-arabe.com\/","logo":{"@type":"ImageObject","inLanguage":"es","@id":"https:\/\/www.parfumerie-arabe.com\/#\/schema\/logo\/image\/","url":"https:\/\/www.parfumerie-arabe.com\/wp-content\/uploads\/2022\/08\/logo-parfumerie-arabe.png","contentUrl":"https:\/\/www.parfumerie-arabe.com\/wp-content\/uploads\/2022\/08\/logo-parfumerie-arabe.png","width":600,"height":171,"caption":"Parfumerie arabe"},"image":{"@id":"https:\/\/www.parfumerie-arabe.com\/#\/schema\/logo\/image\/"}}]}},"_links":{"self":[{"href":"https:\/\/www.parfumerie-arabe.com\/es\/wp-json\/wp\/v2\/product\/130","targetHints":{"allow":["GET"]}}],"collection":[{"href":"https:\/\/www.parfumerie-arabe.com\/es\/wp-json\/wp\/v2\/product"}],"about":[{"href":"https:\/\/www.parfumerie-arabe.com\/es\/wp-json\/wp\/v2\/types\/product"}],"wp:featuredmedia":[{"embeddable":true,"href":"https:\/\/www.parfumerie-arabe.com\/es\/wp-json\/wp\/v2\/media\/177"}],"wp:attachment":[{"href":"https:\/\/www.parfumerie-arabe.com\/es\/wp-json\/wp\/v2\/media?parent=130"}],"wp:term":[{"taxonomy":"product_brand","embeddable":true,"href":"https:\/\/www.parfumerie-arabe.com\/es\/wp-json\/wp\/v2\/product_brand?post=130"},{"taxonomy":"product_cat","embeddable":true,"href":"https:\/\/www.parfumerie-arabe.com\/es\/wp-json\/wp\/v2\/product_cat?post=130"},{"taxonomy":"product_tag","embeddable":true,"href":"https:\/\/www.parfumerie-arabe.com\/es\/wp-json\/wp\/v2\/product_tag?post=130"}],"curies":[{"name":"wp","href":"https:\/\/api.w.org\/{rel}","templated":true}]}}