{"id":160,"date":"2022-08-20T17:13:27","date_gmt":"2022-08-20T17:13:27","guid":{"rendered":"https:\/\/www.parfumerie-arabe.com\/?post_type=product&#038;p=160"},"modified":"2026-03-17T14:55:31","modified_gmt":"2026-03-17T14:55:31","slug":"eau-de-parfum-ameerat-al-arab-100-ml-asdaaf","status":"publish","type":"product","link":"https:\/\/www.parfumerie-arabe.com\/es\/produit\/eau-de-parfum-ameerat-al-arab-100ml-asdaaf\/","title":{"rendered":"Eau de parfum Ameerat Al Arab 100 ml \u2013 Asdaaf"},"content":{"rendered":"<p>Ameerat Al Arab, de Asdaaf, es un <strong>imprescindible<\/strong>\u00a0en el mundo de los perfumes orientales. De hecho, ha sabido seducir a un amplio p\u00fablico femenino con sus notas\u00a0<strong>gourmandes frescas y profundas<\/strong>. Es LA fragancia que debes tener. La que te realzar\u00e1 a la perfecci\u00f3n y revelar\u00e1 tu feminidad. Porque la fuerza de esta fragancia reside en la combinaci\u00f3n de la golosina y la elegancia. Pero tambi\u00e9n en la combinaci\u00f3n de la ligereza y la potencia. Tenlo claro, con este elixir ser\u00e1s la estrella del momento.<\/p>\n<h2><strong>Ameerat Al Arab de Asdaaf: el conjunto que revela el encanto femenino<\/strong><\/h2>\n<p>Sus notas golosas est\u00e1n pensadas para resaltar la\u00a0<strong>sensualidad<\/strong>\u00a0que caracteriza al g\u00e9nero femenino. De hecho, la miel es la mejor opci\u00f3n para aportar ese placer y esa dulzura que buscamos en un perfume. As\u00ed, aportar\u00e1 un\u00a0<strong>voluptuosidad <\/strong>especial a esta creaci\u00f3n fuera de lo com\u00fan.<\/p>\n<p>Y eso sin contar con la sutil vainilla que lo acompa\u00f1a. Como habr\u00e1n comprendido, esta composici\u00f3n est\u00e1 marcada por el placer y la\u00a0<strong>dulzura<\/strong>. Adem\u00e1s, las notas \u00e1cidas de la naranja envuelven delicadamente este conjunto olfativo. Y todo ello con la sensualidad del jazm\u00edn.<\/p>\n<p>Por \u00faltimo, y porque es lo que lo convierte en una fragancia oriental, el s\u00e1ndalo impregna cada nota con su potencia y profundidad ancestrales. Como habr\u00e1s comprendido, es el n\u00e9ctar que te har\u00e1 brillar como <a href=\"https:\/\/www.parfumerie-arabe.com\/es\/product\/eau-de-parfum-teef-al-hub-100-ml-ard-al-zaafaran\/\"><strong>Teef Al Hub<\/strong><\/a>\u00a0de Ard Al Zaafaran.<\/p>\n<h2><strong>Ameerat Al Arab de Asdaaf: un frasco glamuroso<\/strong><\/h2>\n<p>Si buscas un frasco que cause sensaci\u00f3n, \u00a1est\u00e1s en el lugar adecuado! En primer lugar, su color rojo llamar\u00e1 la atenci\u00f3n. Pero tambi\u00e9n est\u00e1 ah\u00ed para anunciar el tono de las fragancias. Porque aqu\u00ed hablamos de pasi\u00f3n, fuerza y, sobre todo, sensualidad. De hecho, el rojo representa todo eso a la vez.<\/p>\n<p>Tambi\u00e9n lo encontrar\u00e1 en la peque\u00f1a botella del cautivador\u00a0<strong>Philos Rosso<\/strong>\u00a0de Maison Alhambra. O tambi\u00e9n en el hipn\u00f3tico\u00a0<strong>Rojo opulento<\/strong>\u00a0de Lattafa. Pero, para Ameerat Al Arab, este tono es solo el principio. Adem\u00e1s, el terciopelo te transportar\u00e1 a un universo\u00a0<strong>c\u00e1lido y voluptuoso<\/strong>.<\/p>\n<p>Porque Asdaaf ha apostado tanto por el aspecto visual como por el tacto. \u00a1Y sin duda ha sido todo un acierto! As\u00ed, las inscripciones \u00e1rabes crean un ambiente oriental junto con los mosaicos. Estos \u00faltimos tambi\u00e9n est\u00e1n grabados en el tap\u00f3n, que corona majestuosamente el envase.<\/p>\n<h3><strong>Combina un spray perfumado con tu fragancia favorita.<\/strong><\/h3>\n<p>Desde siempre, el perfume ha tenido una importancia especial. De hecho, gracias a \u00e9l, se gana confianza y se realza la belleza natural. Pero hoy en d\u00eda, tiene la posibilidad de hacer\u00a0<strong>durar<\/strong> este encanto, al tiempo que aporta una\u00a0<strong>nota personal<\/strong>. As\u00ed, los\u00a0<strong>brumas perfumadas<\/strong>\u00a0har\u00e1n el trabajo con sutileza.<\/p>\n<p>Porque su concentraci\u00f3n en esencias es mucho menor. Adem\u00e1s, perfumar\u00e1n ligeramente tu piel y tu cabello sin borrar el aroma de tu elixir diario. As\u00ed, la ventaja es doble: tendr\u00e1s una segunda creaci\u00f3n que se fundir\u00e1 con la primera. Y nunca correr\u00e1s el riesgo de cometer un error de gusto, ya que la estela de una bruma es corta. As\u00ed,\u00a0<a href=\"https:\/\/www.parfumerie-arabe.com\/es\/product\/bruma-perfumada-rosa-roja\/\"><strong>Rosa roja<\/strong><\/a>\u00a0de Karamat intensificar\u00e1 el placer de la vainilla y la frescura.<\/p>","protected":false},"excerpt":{"rendered":"<p><strong>Notas olfativas:<\/strong><\/p>\n<p><strong>Notas de salida<\/strong> : Miel, Naranjas, Notas verdes<br \/>\n<strong>Notas del coraz\u00f3n<\/strong> : Jazm\u00edn, Nardo<br \/>\n<strong>Notas de fondo<\/strong> : Vainilla, lirio y s\u00e1ndalo<\/p>\n<p><strong>G\u00e9nero<\/strong> : Femenino.<\/p>","protected":false},"featured_media":660,"template":"","meta":[],"product_brand":[],"product_cat":[24,17,163,165,160,161,19,146],"product_tag":[],"class_list":{"0":"post-160","1":"product","2":"type-product","3":"status-publish","4":"has-post-thumbnail","6":"product_cat-asdaaf","7":"product_cat-lattafa","8":"product_cat-parfum","9":"product_cat-parfum-ambre","10":"product_cat-parfum-femme","11":"product_cat-parfum-musque","12":"product_cat-parfum-oud-femme","13":"product_cat-parfum-rose","15":"first","16":"instock","17":"taxable","18":"shipping-taxable","19":"purchasable","20":"product-type-simple"},"yoast_head":"<!-- This site is optimized with the Yoast SEO plugin v27.4 - https:\/\/yoast.com\/product\/yoast-seo-wordpress\/ -->\n<title>Ameerat Al Arab I Eau de parfum 100ml I Collection Asdaaf<\/title>\n<meta name=\"description\" content=\"Ameerat Al Arab de la marque Asdaaf est un incontournable\u00a0dans le monde des parfums orientaux. Adoptez-le en quelques clics !\" \/>\n<meta name=\"robots\" content=\"index, follow, max-snippet:-1, max-image-preview:large, max-video-preview:-1\" \/>\n<link rel=\"canonical\" href=\"https:\/\/www.parfumerie-arabe.com\/es\/product\/eau-de-parfum-ameerat-al-arab-100-ml-asdaaf\/\" \/>\n<meta property=\"og:locale\" content=\"es_ES\" \/>\n<meta property=\"og:type\" content=\"article\" \/>\n<meta property=\"og:title\" content=\"Ameerat Al Arab I Eau de parfum 100ml I Collection Asdaaf\" \/>\n<meta property=\"og:description\" content=\"Ameerat Al Arab de la marque Asdaaf est un incontournable\u00a0dans le monde des parfums orientaux. Adoptez-le en quelques clics !\" \/>\n<meta property=\"og:url\" content=\"https:\/\/www.parfumerie-arabe.com\/es\/product\/eau-de-parfum-ameerat-al-arab-100-ml-asdaaf\/\" \/>\n<meta property=\"og:site_name\" content=\"Parfumerie Arabe\" \/>\n<meta property=\"article:modified_time\" content=\"2026-03-17T14:55:31+00:00\" \/>\n<meta property=\"og:image\" content=\"https:\/\/www.parfumerie-arabe.com\/wp-content\/uploads\/2022\/08\/ameerat-al-arab-lattafa.webp\" \/>\n\t<meta property=\"og:image:width\" content=\"600\" \/>\n\t<meta property=\"og:image:height\" content=\"600\" \/>\n\t<meta property=\"og:image:type\" content=\"image\/webp\" \/>\n<meta name=\"twitter:card\" content=\"summary_large_image\" \/>\n<meta name=\"twitter:label1\" content=\"Tiempo de lectura\" \/>\n\t<meta name=\"twitter:data1\" content=\"3 minutos\" \/>\n<script type=\"application\/ld+json\" class=\"yoast-schema-graph\">{\"@context\":\"https:\\\/\\\/schema.org\",\"@graph\":[{\"@type\":\"WebPage\",\"@id\":\"https:\\\/\\\/www.parfumerie-arabe.com\\\/produit\\\/eau-de-parfum-ameerat-al-arab-100ml-asdaaf\\\/\",\"url\":\"https:\\\/\\\/www.parfumerie-arabe.com\\\/produit\\\/eau-de-parfum-ameerat-al-arab-100ml-asdaaf\\\/\",\"name\":\"Ameerat Al Arab I Eau de parfum 100ml I Collection Asdaaf\",\"isPartOf\":{\"@id\":\"https:\\\/\\\/www.parfumerie-arabe.com\\\/#website\"},\"primaryImageOfPage\":{\"@id\":\"https:\\\/\\\/www.parfumerie-arabe.com\\\/produit\\\/eau-de-parfum-ameerat-al-arab-100ml-asdaaf\\\/#primaryimage\"},\"image\":{\"@id\":\"https:\\\/\\\/www.parfumerie-arabe.com\\\/produit\\\/eau-de-parfum-ameerat-al-arab-100ml-asdaaf\\\/#primaryimage\"},\"thumbnailUrl\":\"https:\\\/\\\/www.parfumerie-arabe.com\\\/wp-content\\\/uploads\\\/2022\\\/08\\\/ameerat-al-arab-lattafa.webp\",\"datePublished\":\"2022-08-20T17:13:27+00:00\",\"dateModified\":\"2026-03-17T14:55:31+00:00\",\"description\":\"Ameerat Al Arab de la marque Asdaaf est un incontournable\u00a0dans le monde des parfums orientaux. Adoptez-le en quelques clics !\",\"breadcrumb\":{\"@id\":\"https:\\\/\\\/www.parfumerie-arabe.com\\\/produit\\\/eau-de-parfum-ameerat-al-arab-100ml-asdaaf\\\/#breadcrumb\"},\"inLanguage\":\"es\",\"potentialAction\":[{\"@type\":\"ReadAction\",\"target\":[\"https:\\\/\\\/www.parfumerie-arabe.com\\\/produit\\\/eau-de-parfum-ameerat-al-arab-100ml-asdaaf\\\/\"]}]},{\"@type\":\"ImageObject\",\"inLanguage\":\"es\",\"@id\":\"https:\\\/\\\/www.parfumerie-arabe.com\\\/produit\\\/eau-de-parfum-ameerat-al-arab-100ml-asdaaf\\\/#primaryimage\",\"url\":\"https:\\\/\\\/www.parfumerie-arabe.com\\\/wp-content\\\/uploads\\\/2022\\\/08\\\/ameerat-al-arab-lattafa.webp\",\"contentUrl\":\"https:\\\/\\\/www.parfumerie-arabe.com\\\/wp-content\\\/uploads\\\/2022\\\/08\\\/ameerat-al-arab-lattafa.webp\",\"width\":600,\"height\":600,\"caption\":\"Ameera al arab lattafa\"},{\"@type\":\"BreadcrumbList\",\"@id\":\"https:\\\/\\\/www.parfumerie-arabe.com\\\/produit\\\/eau-de-parfum-ameerat-al-arab-100ml-asdaaf\\\/#breadcrumb\",\"itemListElement\":[{\"@type\":\"ListItem\",\"position\":1,\"name\":\"Accueil\",\"item\":\"https:\\\/\\\/www.parfumerie-arabe.com\\\/\"},{\"@type\":\"ListItem\",\"position\":2,\"name\":\"Boutique\",\"item\":\"https:\\\/\\\/www.parfumerie-arabe.com\\\/boutique\\\/\"},{\"@type\":\"ListItem\",\"position\":3,\"name\":\"Eau de parfum Ameerat Al Arab 100ml &#8211; Asdaaf\"}]},{\"@type\":\"WebSite\",\"@id\":\"https:\\\/\\\/www.parfumerie-arabe.com\\\/#website\",\"url\":\"https:\\\/\\\/www.parfumerie-arabe.com\\\/\",\"name\":\"Parfumerie Arabe\",\"description\":\"\",\"publisher\":{\"@id\":\"https:\\\/\\\/www.parfumerie-arabe.com\\\/#organization\"},\"potentialAction\":[{\"@type\":\"SearchAction\",\"target\":{\"@type\":\"EntryPoint\",\"urlTemplate\":\"https:\\\/\\\/www.parfumerie-arabe.com\\\/?s={search_term_string}\"},\"query-input\":{\"@type\":\"PropertyValueSpecification\",\"valueRequired\":true,\"valueName\":\"search_term_string\"}}],\"inLanguage\":\"es\"},{\"@type\":\"Organization\",\"@id\":\"https:\\\/\\\/www.parfumerie-arabe.com\\\/#organization\",\"name\":\"Parfumerie arabe\",\"url\":\"https:\\\/\\\/www.parfumerie-arabe.com\\\/\",\"logo\":{\"@type\":\"ImageObject\",\"inLanguage\":\"es\",\"@id\":\"https:\\\/\\\/www.parfumerie-arabe.com\\\/#\\\/schema\\\/logo\\\/image\\\/\",\"url\":\"https:\\\/\\\/www.parfumerie-arabe.com\\\/wp-content\\\/uploads\\\/2022\\\/08\\\/logo-parfumerie-arabe.png\",\"contentUrl\":\"https:\\\/\\\/www.parfumerie-arabe.com\\\/wp-content\\\/uploads\\\/2022\\\/08\\\/logo-parfumerie-arabe.png\",\"width\":600,\"height\":171,\"caption\":\"Parfumerie arabe\"},\"image\":{\"@id\":\"https:\\\/\\\/www.parfumerie-arabe.com\\\/#\\\/schema\\\/logo\\\/image\\\/\"}}]}<\/script>\n<!-- \/ Yoast SEO plugin. -->","yoast_head_json":{"title":"Ameerat Al Arab I Eau de parfum 100 ml I Colecci\u00f3n Asdaaf","description":"Ameerat Al Arab, de la marca Asdaaf, es un imprescindible en el mundo de los perfumes orientales. \u00a1Adqui\u00e9ralo en unos pocos clics!","robots":{"index":"index","follow":"follow","max-snippet":"max-snippet:-1","max-image-preview":"max-image-preview:large","max-video-preview":"max-video-preview:-1"},"canonical":"https:\/\/www.parfumerie-arabe.com\/es\/product\/eau-de-parfum-ameerat-al-arab-100-ml-asdaaf\/","og_locale":"es_ES","og_type":"article","og_title":"Ameerat Al Arab I Eau de parfum 100ml I Collection Asdaaf","og_description":"Ameerat Al Arab de la marque Asdaaf est un incontournable\u00a0dans le monde des parfums orientaux. Adoptez-le en quelques clics !","og_url":"https:\/\/www.parfumerie-arabe.com\/es\/product\/eau-de-parfum-ameerat-al-arab-100-ml-asdaaf\/","og_site_name":"Parfumerie Arabe","article_modified_time":"2026-03-17T14:55:31+00:00","og_image":[{"width":600,"height":600,"url":"https:\/\/www.parfumerie-arabe.com\/wp-content\/uploads\/2022\/08\/ameerat-al-arab-lattafa.webp","type":"image\/webp"}],"twitter_card":"summary_large_image","twitter_misc":{"Tiempo de lectura":"3 minutos"},"schema":{"@context":"https:\/\/schema.org","@graph":[{"@type":"WebPage","@id":"https:\/\/www.parfumerie-arabe.com\/produit\/eau-de-parfum-ameerat-al-arab-100ml-asdaaf\/","url":"https:\/\/www.parfumerie-arabe.com\/produit\/eau-de-parfum-ameerat-al-arab-100ml-asdaaf\/","name":"Ameerat Al Arab I Eau de parfum 100 ml I Colecci\u00f3n Asdaaf","isPartOf":{"@id":"https:\/\/www.parfumerie-arabe.com\/#website"},"primaryImageOfPage":{"@id":"https:\/\/www.parfumerie-arabe.com\/produit\/eau-de-parfum-ameerat-al-arab-100ml-asdaaf\/#primaryimage"},"image":{"@id":"https:\/\/www.parfumerie-arabe.com\/produit\/eau-de-parfum-ameerat-al-arab-100ml-asdaaf\/#primaryimage"},"thumbnailUrl":"https:\/\/www.parfumerie-arabe.com\/wp-content\/uploads\/2022\/08\/ameerat-al-arab-lattafa.webp","datePublished":"2022-08-20T17:13:27+00:00","dateModified":"2026-03-17T14:55:31+00:00","description":"Ameerat Al Arab, de la marca Asdaaf, es un imprescindible en el mundo de los perfumes orientales. \u00a1Adqui\u00e9ralo en unos pocos clics!","breadcrumb":{"@id":"https:\/\/www.parfumerie-arabe.com\/produit\/eau-de-parfum-ameerat-al-arab-100ml-asdaaf\/#breadcrumb"},"inLanguage":"es","potentialAction":[{"@type":"ReadAction","target":["https:\/\/www.parfumerie-arabe.com\/produit\/eau-de-parfum-ameerat-al-arab-100ml-asdaaf\/"]}]},{"@type":"ImageObject","inLanguage":"es","@id":"https:\/\/www.parfumerie-arabe.com\/produit\/eau-de-parfum-ameerat-al-arab-100ml-asdaaf\/#primaryimage","url":"https:\/\/www.parfumerie-arabe.com\/wp-content\/uploads\/2022\/08\/ameerat-al-arab-lattafa.webp","contentUrl":"https:\/\/www.parfumerie-arabe.com\/wp-content\/uploads\/2022\/08\/ameerat-al-arab-lattafa.webp","width":600,"height":600,"caption":"Ameera al arab lattafa"},{"@type":"BreadcrumbList","@id":"https:\/\/www.parfumerie-arabe.com\/produit\/eau-de-parfum-ameerat-al-arab-100ml-asdaaf\/#breadcrumb","itemListElement":[{"@type":"ListItem","position":1,"name":"Accueil","item":"https:\/\/www.parfumerie-arabe.com\/"},{"@type":"ListItem","position":2,"name":"Boutique","item":"https:\/\/www.parfumerie-arabe.com\/boutique\/"},{"@type":"ListItem","position":3,"name":"Eau de parfum Ameerat Al Arab 100ml &#8211; Asdaaf"}]},{"@type":"WebSite","@id":"https:\/\/www.parfumerie-arabe.com\/#website","url":"https:\/\/www.parfumerie-arabe.com\/","name":"Perfumer\u00eda \u00e1rabe","description":"","publisher":{"@id":"https:\/\/www.parfumerie-arabe.com\/#organization"},"potentialAction":[{"@type":"SearchAction","target":{"@type":"EntryPoint","urlTemplate":"https:\/\/www.parfumerie-arabe.com\/?s={search_term_string}"},"query-input":{"@type":"PropertyValueSpecification","valueRequired":true,"valueName":"search_term_string"}}],"inLanguage":"es"},{"@type":"Organization","@id":"https:\/\/www.parfumerie-arabe.com\/#organization","name":"Perfumer\u00eda \u00e1rabe","url":"https:\/\/www.parfumerie-arabe.com\/","logo":{"@type":"ImageObject","inLanguage":"es","@id":"https:\/\/www.parfumerie-arabe.com\/#\/schema\/logo\/image\/","url":"https:\/\/www.parfumerie-arabe.com\/wp-content\/uploads\/2022\/08\/logo-parfumerie-arabe.png","contentUrl":"https:\/\/www.parfumerie-arabe.com\/wp-content\/uploads\/2022\/08\/logo-parfumerie-arabe.png","width":600,"height":171,"caption":"Parfumerie arabe"},"image":{"@id":"https:\/\/www.parfumerie-arabe.com\/#\/schema\/logo\/image\/"}}]}},"_links":{"self":[{"href":"https:\/\/www.parfumerie-arabe.com\/es\/wp-json\/wp\/v2\/product\/160","targetHints":{"allow":["GET"]}}],"collection":[{"href":"https:\/\/www.parfumerie-arabe.com\/es\/wp-json\/wp\/v2\/product"}],"about":[{"href":"https:\/\/www.parfumerie-arabe.com\/es\/wp-json\/wp\/v2\/types\/product"}],"wp:featuredmedia":[{"embeddable":true,"href":"https:\/\/www.parfumerie-arabe.com\/es\/wp-json\/wp\/v2\/media\/660"}],"wp:attachment":[{"href":"https:\/\/www.parfumerie-arabe.com\/es\/wp-json\/wp\/v2\/media?parent=160"}],"wp:term":[{"taxonomy":"product_brand","embeddable":true,"href":"https:\/\/www.parfumerie-arabe.com\/es\/wp-json\/wp\/v2\/product_brand?post=160"},{"taxonomy":"product_cat","embeddable":true,"href":"https:\/\/www.parfumerie-arabe.com\/es\/wp-json\/wp\/v2\/product_cat?post=160"},{"taxonomy":"product_tag","embeddable":true,"href":"https:\/\/www.parfumerie-arabe.com\/es\/wp-json\/wp\/v2\/product_tag?post=160"}],"curies":[{"name":"wp","href":"https:\/\/api.w.org\/{rel}","templated":true}]}}