{"id":1600,"date":"2015-02-20T14:27:53","date_gmt":"2015-02-20T14:27:53","guid":{"rendered":"https:\/\/www.parfumerie-arabe.com\/?post_type=product&#038;p=1600"},"modified":"2026-03-06T14:17:55","modified_gmt":"2026-03-06T14:17:55","slug":"bruma-perfumada-jawhara-de-maissa-maissa-paris","status":"publish","type":"product","link":"https:\/\/www.parfumerie-arabe.com\/es\/produit\/brume-parfumee-jawhara-by-maissa-maissa-paris\/","title":{"rendered":"Bruma perfumada Jawhara By Ma\u00efssa \u2013 Ma\u00efssa Paris"},"content":{"rendered":"","protected":false},"excerpt":{"rendered":"<p><strong>Nombre:<\/strong> Jawhara Por Ma\u00efssa<br \/>\n<strong>Marca:<\/strong> Ma\u00efssa Par\u00eds<br \/>\n<strong>Vaporizador de 250 ml<\/strong><\/p>\n<p>Bruma perfumada para el cuerpo y el cabello<\/p>\n<p class=\"st-po\"><strong>Pir\u00e1mide olfativa:<\/strong><\/p>\n<ul class=\"st-no\">\n<li><strong>Notas de salida:<\/strong> Esencia de bergamota, esencia de lim\u00f3n<\/li>\n<li><strong>Notas de coraz\u00f3n:<\/strong> Esencia de pachul\u00ed, abs de flor de naranjo<\/li>\n<li><strong>Notas de fondo:<\/strong> \u00c1mbar, vainilla<\/li>\n<\/ul>","protected":false},"featured_media":1628,"template":"","meta":[],"product_brand":[],"product_cat":[109,110],"product_tag":[],"class_list":{"0":"post-1600","1":"product","2":"type-product","3":"status-publish","4":"has-post-thumbnail","6":"product_cat-brume-maissa-paris","7":"product_cat-brume-parfumee","9":"first","10":"instock","11":"taxable","12":"shipping-taxable","13":"purchasable","14":"product-type-simple"},"yoast_head":"<!-- This site is optimized with the Yoast SEO plugin v27.4 - https:\/\/yoast.com\/product\/yoast-seo-wordpress\/ -->\n<title>Brume parfum\u00e9e Jawhara By Ma\u00efssa - Ma\u00efssa Paris - Parfumerie Arabe<\/title>\n<meta name=\"robots\" content=\"index, follow, max-snippet:-1, max-image-preview:large, max-video-preview:-1\" \/>\n<link rel=\"canonical\" href=\"https:\/\/www.parfumerie-arabe.com\/es\/product\/bruma-perfumada-jawhara-de-maissa-maissa-paris\/\" \/>\n<meta property=\"og:locale\" content=\"es_ES\" \/>\n<meta property=\"og:type\" content=\"article\" \/>\n<meta property=\"og:title\" content=\"Brume parfum\u00e9e Jawhara By Ma\u00efssa - Ma\u00efssa Paris - Parfumerie Arabe\" \/>\n<meta property=\"og:description\" content=\"Nom : Jawhara By Ma\u00efssa Marque : Ma\u00efssa Paris Vaporisateur 250 ml  Brume parfum\u00e9e pour le corps et les cheveux Pyramide Olfactive :    Notes de t\u00eate : Essence Bergamote, Essence de Citron  Notes de coeur : Essence Patchouli, Abs Fleur d\u2019Oranger  Notes de fond : Ambre, Vanille\" \/>\n<meta property=\"og:url\" content=\"https:\/\/www.parfumerie-arabe.com\/es\/product\/bruma-perfumada-jawhara-de-maissa-maissa-paris\/\" \/>\n<meta property=\"og:site_name\" content=\"Parfumerie Arabe\" \/>\n<meta property=\"article:modified_time\" content=\"2026-03-06T14:17:55+00:00\" \/>\n<meta property=\"og:image\" content=\"https:\/\/www.parfumerie-arabe.com\/wp-content\/uploads\/2023\/02\/p-193-1.jpg\" \/>\n\t<meta property=\"og:image:width\" content=\"750\" \/>\n\t<meta property=\"og:image:height\" content=\"750\" \/>\n\t<meta property=\"og:image:type\" content=\"image\/jpeg\" \/>\n<meta name=\"twitter:card\" content=\"summary_large_image\" \/>\n<script type=\"application\/ld+json\" class=\"yoast-schema-graph\">{\"@context\":\"https:\\\/\\\/schema.org\",\"@graph\":[{\"@type\":\"WebPage\",\"@id\":\"https:\\\/\\\/www.parfumerie-arabe.com\\\/produit\\\/brume-parfumee-jawhara-by-maissa-maissa-paris\\\/\",\"url\":\"https:\\\/\\\/www.parfumerie-arabe.com\\\/produit\\\/brume-parfumee-jawhara-by-maissa-maissa-paris\\\/\",\"name\":\"Brume parfum\u00e9e Jawhara By Ma\u00efssa - Ma\u00efssa Paris - Parfumerie Arabe\",\"isPartOf\":{\"@id\":\"https:\\\/\\\/www.parfumerie-arabe.com\\\/#website\"},\"primaryImageOfPage\":{\"@id\":\"https:\\\/\\\/www.parfumerie-arabe.com\\\/produit\\\/brume-parfumee-jawhara-by-maissa-maissa-paris\\\/#primaryimage\"},\"image\":{\"@id\":\"https:\\\/\\\/www.parfumerie-arabe.com\\\/produit\\\/brume-parfumee-jawhara-by-maissa-maissa-paris\\\/#primaryimage\"},\"thumbnailUrl\":\"https:\\\/\\\/www.parfumerie-arabe.com\\\/wp-content\\\/uploads\\\/2023\\\/02\\\/p-193-1.jpg\",\"datePublished\":\"2015-02-20T14:27:53+00:00\",\"dateModified\":\"2026-03-06T14:17:55+00:00\",\"breadcrumb\":{\"@id\":\"https:\\\/\\\/www.parfumerie-arabe.com\\\/produit\\\/brume-parfumee-jawhara-by-maissa-maissa-paris\\\/#breadcrumb\"},\"inLanguage\":\"es\",\"potentialAction\":[{\"@type\":\"ReadAction\",\"target\":[\"https:\\\/\\\/www.parfumerie-arabe.com\\\/produit\\\/brume-parfumee-jawhara-by-maissa-maissa-paris\\\/\"]}]},{\"@type\":\"ImageObject\",\"inLanguage\":\"es\",\"@id\":\"https:\\\/\\\/www.parfumerie-arabe.com\\\/produit\\\/brume-parfumee-jawhara-by-maissa-maissa-paris\\\/#primaryimage\",\"url\":\"https:\\\/\\\/www.parfumerie-arabe.com\\\/wp-content\\\/uploads\\\/2023\\\/02\\\/p-193-1.jpg\",\"contentUrl\":\"https:\\\/\\\/www.parfumerie-arabe.com\\\/wp-content\\\/uploads\\\/2023\\\/02\\\/p-193-1.jpg\",\"width\":750,\"height\":750},{\"@type\":\"BreadcrumbList\",\"@id\":\"https:\\\/\\\/www.parfumerie-arabe.com\\\/produit\\\/brume-parfumee-jawhara-by-maissa-maissa-paris\\\/#breadcrumb\",\"itemListElement\":[{\"@type\":\"ListItem\",\"position\":1,\"name\":\"Accueil\",\"item\":\"https:\\\/\\\/www.parfumerie-arabe.com\\\/\"},{\"@type\":\"ListItem\",\"position\":2,\"name\":\"Boutique\",\"item\":\"https:\\\/\\\/www.parfumerie-arabe.com\\\/boutique\\\/\"},{\"@type\":\"ListItem\",\"position\":3,\"name\":\"Brume parfum\u00e9e Jawhara By Ma\u00efssa &#8211; Ma\u00efssa Paris\"}]},{\"@type\":\"WebSite\",\"@id\":\"https:\\\/\\\/www.parfumerie-arabe.com\\\/#website\",\"url\":\"https:\\\/\\\/www.parfumerie-arabe.com\\\/\",\"name\":\"Parfumerie Arabe\",\"description\":\"\",\"publisher\":{\"@id\":\"https:\\\/\\\/www.parfumerie-arabe.com\\\/#organization\"},\"potentialAction\":[{\"@type\":\"SearchAction\",\"target\":{\"@type\":\"EntryPoint\",\"urlTemplate\":\"https:\\\/\\\/www.parfumerie-arabe.com\\\/?s={search_term_string}\"},\"query-input\":{\"@type\":\"PropertyValueSpecification\",\"valueRequired\":true,\"valueName\":\"search_term_string\"}}],\"inLanguage\":\"es\"},{\"@type\":\"Organization\",\"@id\":\"https:\\\/\\\/www.parfumerie-arabe.com\\\/#organization\",\"name\":\"Parfumerie arabe\",\"url\":\"https:\\\/\\\/www.parfumerie-arabe.com\\\/\",\"logo\":{\"@type\":\"ImageObject\",\"inLanguage\":\"es\",\"@id\":\"https:\\\/\\\/www.parfumerie-arabe.com\\\/#\\\/schema\\\/logo\\\/image\\\/\",\"url\":\"https:\\\/\\\/www.parfumerie-arabe.com\\\/wp-content\\\/uploads\\\/2022\\\/08\\\/logo-parfumerie-arabe.png\",\"contentUrl\":\"https:\\\/\\\/www.parfumerie-arabe.com\\\/wp-content\\\/uploads\\\/2022\\\/08\\\/logo-parfumerie-arabe.png\",\"width\":600,\"height\":171,\"caption\":\"Parfumerie arabe\"},\"image\":{\"@id\":\"https:\\\/\\\/www.parfumerie-arabe.com\\\/#\\\/schema\\\/logo\\\/image\\\/\"}}]}<\/script>\n<!-- \/ Yoast SEO plugin. -->","yoast_head_json":{"title":"Bruma perfumada Jawhara By Ma\u00efssa - Ma\u00efssa Paris - Perfumer\u00eda \u00e1rabe","robots":{"index":"index","follow":"follow","max-snippet":"max-snippet:-1","max-image-preview":"max-image-preview:large","max-video-preview":"max-video-preview:-1"},"canonical":"https:\/\/www.parfumerie-arabe.com\/es\/product\/bruma-perfumada-jawhara-de-maissa-maissa-paris\/","og_locale":"es_ES","og_type":"article","og_title":"Brume parfum\u00e9e Jawhara By Ma\u00efssa - Ma\u00efssa Paris - Parfumerie Arabe","og_description":"Nom : Jawhara By Ma\u00efssa Marque : Ma\u00efssa Paris Vaporisateur 250 ml  Brume parfum\u00e9e pour le corps et les cheveux Pyramide Olfactive :    Notes de t\u00eate : Essence Bergamote, Essence de Citron  Notes de coeur : Essence Patchouli, Abs Fleur d\u2019Oranger  Notes de fond : Ambre, Vanille","og_url":"https:\/\/www.parfumerie-arabe.com\/es\/product\/bruma-perfumada-jawhara-de-maissa-maissa-paris\/","og_site_name":"Parfumerie Arabe","article_modified_time":"2026-03-06T14:17:55+00:00","og_image":[{"width":750,"height":750,"url":"https:\/\/www.parfumerie-arabe.com\/wp-content\/uploads\/2023\/02\/p-193-1.jpg","type":"image\/jpeg"}],"twitter_card":"summary_large_image","schema":{"@context":"https:\/\/schema.org","@graph":[{"@type":"WebPage","@id":"https:\/\/www.parfumerie-arabe.com\/produit\/brume-parfumee-jawhara-by-maissa-maissa-paris\/","url":"https:\/\/www.parfumerie-arabe.com\/produit\/brume-parfumee-jawhara-by-maissa-maissa-paris\/","name":"Bruma perfumada Jawhara By Ma\u00efssa - Ma\u00efssa Paris - Perfumer\u00eda \u00e1rabe","isPartOf":{"@id":"https:\/\/www.parfumerie-arabe.com\/#website"},"primaryImageOfPage":{"@id":"https:\/\/www.parfumerie-arabe.com\/produit\/brume-parfumee-jawhara-by-maissa-maissa-paris\/#primaryimage"},"image":{"@id":"https:\/\/www.parfumerie-arabe.com\/produit\/brume-parfumee-jawhara-by-maissa-maissa-paris\/#primaryimage"},"thumbnailUrl":"https:\/\/www.parfumerie-arabe.com\/wp-content\/uploads\/2023\/02\/p-193-1.jpg","datePublished":"2015-02-20T14:27:53+00:00","dateModified":"2026-03-06T14:17:55+00:00","breadcrumb":{"@id":"https:\/\/www.parfumerie-arabe.com\/produit\/brume-parfumee-jawhara-by-maissa-maissa-paris\/#breadcrumb"},"inLanguage":"es","potentialAction":[{"@type":"ReadAction","target":["https:\/\/www.parfumerie-arabe.com\/produit\/brume-parfumee-jawhara-by-maissa-maissa-paris\/"]}]},{"@type":"ImageObject","inLanguage":"es","@id":"https:\/\/www.parfumerie-arabe.com\/produit\/brume-parfumee-jawhara-by-maissa-maissa-paris\/#primaryimage","url":"https:\/\/www.parfumerie-arabe.com\/wp-content\/uploads\/2023\/02\/p-193-1.jpg","contentUrl":"https:\/\/www.parfumerie-arabe.com\/wp-content\/uploads\/2023\/02\/p-193-1.jpg","width":750,"height":750},{"@type":"BreadcrumbList","@id":"https:\/\/www.parfumerie-arabe.com\/produit\/brume-parfumee-jawhara-by-maissa-maissa-paris\/#breadcrumb","itemListElement":[{"@type":"ListItem","position":1,"name":"Accueil","item":"https:\/\/www.parfumerie-arabe.com\/"},{"@type":"ListItem","position":2,"name":"Boutique","item":"https:\/\/www.parfumerie-arabe.com\/boutique\/"},{"@type":"ListItem","position":3,"name":"Brume parfum\u00e9e Jawhara By Ma\u00efssa &#8211; Ma\u00efssa Paris"}]},{"@type":"WebSite","@id":"https:\/\/www.parfumerie-arabe.com\/#website","url":"https:\/\/www.parfumerie-arabe.com\/","name":"Perfumer\u00eda \u00e1rabe","description":"","publisher":{"@id":"https:\/\/www.parfumerie-arabe.com\/#organization"},"potentialAction":[{"@type":"SearchAction","target":{"@type":"EntryPoint","urlTemplate":"https:\/\/www.parfumerie-arabe.com\/?s={search_term_string}"},"query-input":{"@type":"PropertyValueSpecification","valueRequired":true,"valueName":"search_term_string"}}],"inLanguage":"es"},{"@type":"Organization","@id":"https:\/\/www.parfumerie-arabe.com\/#organization","name":"Perfumer\u00eda \u00e1rabe","url":"https:\/\/www.parfumerie-arabe.com\/","logo":{"@type":"ImageObject","inLanguage":"es","@id":"https:\/\/www.parfumerie-arabe.com\/#\/schema\/logo\/image\/","url":"https:\/\/www.parfumerie-arabe.com\/wp-content\/uploads\/2022\/08\/logo-parfumerie-arabe.png","contentUrl":"https:\/\/www.parfumerie-arabe.com\/wp-content\/uploads\/2022\/08\/logo-parfumerie-arabe.png","width":600,"height":171,"caption":"Parfumerie arabe"},"image":{"@id":"https:\/\/www.parfumerie-arabe.com\/#\/schema\/logo\/image\/"}}]}},"_links":{"self":[{"href":"https:\/\/www.parfumerie-arabe.com\/es\/wp-json\/wp\/v2\/product\/1600","targetHints":{"allow":["GET"]}}],"collection":[{"href":"https:\/\/www.parfumerie-arabe.com\/es\/wp-json\/wp\/v2\/product"}],"about":[{"href":"https:\/\/www.parfumerie-arabe.com\/es\/wp-json\/wp\/v2\/types\/product"}],"wp:featuredmedia":[{"embeddable":true,"href":"https:\/\/www.parfumerie-arabe.com\/es\/wp-json\/wp\/v2\/media\/1628"}],"wp:attachment":[{"href":"https:\/\/www.parfumerie-arabe.com\/es\/wp-json\/wp\/v2\/media?parent=1600"}],"wp:term":[{"taxonomy":"product_brand","embeddable":true,"href":"https:\/\/www.parfumerie-arabe.com\/es\/wp-json\/wp\/v2\/product_brand?post=1600"},{"taxonomy":"product_cat","embeddable":true,"href":"https:\/\/www.parfumerie-arabe.com\/es\/wp-json\/wp\/v2\/product_cat?post=1600"},{"taxonomy":"product_tag","embeddable":true,"href":"https:\/\/www.parfumerie-arabe.com\/es\/wp-json\/wp\/v2\/product_tag?post=1600"}],"curies":[{"name":"wp","href":"https:\/\/api.w.org\/{rel}","templated":true}]}}