{"id":1669,"date":"2023-02-20T14:37:42","date_gmt":"2023-02-20T14:37:42","guid":{"rendered":"https:\/\/www.parfumerie-arabe.com\/?post_type=product&#038;p=1669"},"modified":"2025-09-09T12:23:54","modified_gmt":"2025-09-09T12:23:54","slug":"aceite-de-masaje-royal-gold-50-ml-el-nabil","status":"publish","type":"product","link":"https:\/\/www.parfumerie-arabe.com\/es\/produit\/huile-de-massage-royal-gold-50ml-el-nabil\/","title":{"rendered":"Aceite de masaje Royal Gold 50 ml \u2013 El Nabil"},"content":{"rendered":"","protected":false},"excerpt":{"rendered":"<p><strong>Caracter\u00edsticas:<\/strong><\/p>\n<p>El aceite de masaje Royal Gold le abre las puertas de su reino oriental con su delicada fragancia a base de jazm\u00edn, rosa, vainilla y \u00e1mbar gris. Este aceite de masaje le ayudar\u00e1 a eliminar las tensiones del cuerpo y la mente para disfrutar de un momento de bienestar, lejos del estr\u00e9s diario.<\/p>","protected":false},"featured_media":1678,"template":"","meta":[],"product_brand":[],"product_cat":[158],"product_tag":[],"class_list":{"0":"post-1669","1":"product","2":"type-product","3":"status-publish","4":"has-post-thumbnail","6":"product_cat-rupture-de-stock","8":"first","9":"outofstock","10":"taxable","11":"shipping-taxable","12":"purchasable","13":"product-type-simple"},"yoast_head":"<!-- This site is optimized with the Yoast SEO plugin v27.4 - https:\/\/yoast.com\/product\/yoast-seo-wordpress\/ -->\n<title>Huile de massage Royal Gold 50ml - El Nabil - Parfumerie Arabe<\/title>\n<meta name=\"robots\" content=\"index, follow, max-snippet:-1, max-image-preview:large, max-video-preview:-1\" \/>\n<link rel=\"canonical\" href=\"https:\/\/www.parfumerie-arabe.com\/es\/product\/aceite-de-masaje-royal-gold-50-ml-el-nabil\/\" \/>\n<meta property=\"og:locale\" content=\"es_ES\" \/>\n<meta property=\"og:type\" content=\"article\" \/>\n<meta property=\"og:title\" content=\"Huile de massage Royal Gold 50ml - El Nabil - Parfumerie Arabe\" \/>\n<meta property=\"og:description\" content=\"Caract\u00e9ristiques :  L\u2019huile de massage Royal Gold vous ouvre les portes de son royaume oriental avec sa d\u00e9licate fragrance \u00e0 base de jasmin, de rose, de vanille et d&#039;ambre gris. Cette huile de massage vous aidera \u00e0 \u00e9liminer les tensions du corps et de l&#039;esprit afin de s\u2019offrir une parenth\u00e8se bien-\u00eatre, \u00e9loign\u00e9e du stress quotidien.\" \/>\n<meta property=\"og:url\" content=\"https:\/\/www.parfumerie-arabe.com\/es\/product\/aceite-de-masaje-royal-gold-50-ml-el-nabil\/\" \/>\n<meta property=\"og:site_name\" content=\"Parfumerie Arabe\" \/>\n<meta property=\"article:modified_time\" content=\"2025-09-09T12:23:54+00:00\" \/>\n<meta property=\"og:image\" content=\"https:\/\/www.parfumerie-arabe.com\/wp-content\/uploads\/2023\/02\/huile-de-massage-royal-gold-el-nabil.jpg\" \/>\n\t<meta property=\"og:image:width\" content=\"600\" \/>\n\t<meta property=\"og:image:height\" content=\"600\" \/>\n\t<meta property=\"og:image:type\" content=\"image\/jpeg\" \/>\n<meta name=\"twitter:card\" content=\"summary_large_image\" \/>\n<script type=\"application\/ld+json\" class=\"yoast-schema-graph\">{\"@context\":\"https:\\\/\\\/schema.org\",\"@graph\":[{\"@type\":\"WebPage\",\"@id\":\"https:\\\/\\\/www.parfumerie-arabe.com\\\/produit\\\/huile-de-massage-royal-gold-50ml-el-nabil\\\/\",\"url\":\"https:\\\/\\\/www.parfumerie-arabe.com\\\/produit\\\/huile-de-massage-royal-gold-50ml-el-nabil\\\/\",\"name\":\"Huile de massage Royal Gold 50ml - El Nabil - Parfumerie Arabe\",\"isPartOf\":{\"@id\":\"https:\\\/\\\/www.parfumerie-arabe.com\\\/#website\"},\"primaryImageOfPage\":{\"@id\":\"https:\\\/\\\/www.parfumerie-arabe.com\\\/produit\\\/huile-de-massage-royal-gold-50ml-el-nabil\\\/#primaryimage\"},\"image\":{\"@id\":\"https:\\\/\\\/www.parfumerie-arabe.com\\\/produit\\\/huile-de-massage-royal-gold-50ml-el-nabil\\\/#primaryimage\"},\"thumbnailUrl\":\"https:\\\/\\\/www.parfumerie-arabe.com\\\/wp-content\\\/uploads\\\/2023\\\/02\\\/huile-de-massage-royal-gold-el-nabil.jpg\",\"datePublished\":\"2023-02-20T14:37:42+00:00\",\"dateModified\":\"2025-09-09T12:23:54+00:00\",\"breadcrumb\":{\"@id\":\"https:\\\/\\\/www.parfumerie-arabe.com\\\/produit\\\/huile-de-massage-royal-gold-50ml-el-nabil\\\/#breadcrumb\"},\"inLanguage\":\"es\",\"potentialAction\":[{\"@type\":\"ReadAction\",\"target\":[\"https:\\\/\\\/www.parfumerie-arabe.com\\\/produit\\\/huile-de-massage-royal-gold-50ml-el-nabil\\\/\"]}]},{\"@type\":\"ImageObject\",\"inLanguage\":\"es\",\"@id\":\"https:\\\/\\\/www.parfumerie-arabe.com\\\/produit\\\/huile-de-massage-royal-gold-50ml-el-nabil\\\/#primaryimage\",\"url\":\"https:\\\/\\\/www.parfumerie-arabe.com\\\/wp-content\\\/uploads\\\/2023\\\/02\\\/huile-de-massage-royal-gold-el-nabil.jpg\",\"contentUrl\":\"https:\\\/\\\/www.parfumerie-arabe.com\\\/wp-content\\\/uploads\\\/2023\\\/02\\\/huile-de-massage-royal-gold-el-nabil.jpg\",\"width\":600,\"height\":600},{\"@type\":\"BreadcrumbList\",\"@id\":\"https:\\\/\\\/www.parfumerie-arabe.com\\\/produit\\\/huile-de-massage-royal-gold-50ml-el-nabil\\\/#breadcrumb\",\"itemListElement\":[{\"@type\":\"ListItem\",\"position\":1,\"name\":\"Accueil\",\"item\":\"https:\\\/\\\/www.parfumerie-arabe.com\\\/\"},{\"@type\":\"ListItem\",\"position\":2,\"name\":\"Boutique\",\"item\":\"https:\\\/\\\/www.parfumerie-arabe.com\\\/boutique\\\/\"},{\"@type\":\"ListItem\",\"position\":3,\"name\":\"Huile de massage Royal Gold 50ml &#8211; El Nabil\"}]},{\"@type\":\"WebSite\",\"@id\":\"https:\\\/\\\/www.parfumerie-arabe.com\\\/#website\",\"url\":\"https:\\\/\\\/www.parfumerie-arabe.com\\\/\",\"name\":\"Parfumerie Arabe\",\"description\":\"\",\"publisher\":{\"@id\":\"https:\\\/\\\/www.parfumerie-arabe.com\\\/#organization\"},\"potentialAction\":[{\"@type\":\"SearchAction\",\"target\":{\"@type\":\"EntryPoint\",\"urlTemplate\":\"https:\\\/\\\/www.parfumerie-arabe.com\\\/?s={search_term_string}\"},\"query-input\":{\"@type\":\"PropertyValueSpecification\",\"valueRequired\":true,\"valueName\":\"search_term_string\"}}],\"inLanguage\":\"es\"},{\"@type\":\"Organization\",\"@id\":\"https:\\\/\\\/www.parfumerie-arabe.com\\\/#organization\",\"name\":\"Parfumerie arabe\",\"url\":\"https:\\\/\\\/www.parfumerie-arabe.com\\\/\",\"logo\":{\"@type\":\"ImageObject\",\"inLanguage\":\"es\",\"@id\":\"https:\\\/\\\/www.parfumerie-arabe.com\\\/#\\\/schema\\\/logo\\\/image\\\/\",\"url\":\"https:\\\/\\\/www.parfumerie-arabe.com\\\/wp-content\\\/uploads\\\/2022\\\/08\\\/logo-parfumerie-arabe.png\",\"contentUrl\":\"https:\\\/\\\/www.parfumerie-arabe.com\\\/wp-content\\\/uploads\\\/2022\\\/08\\\/logo-parfumerie-arabe.png\",\"width\":600,\"height\":171,\"caption\":\"Parfumerie arabe\"},\"image\":{\"@id\":\"https:\\\/\\\/www.parfumerie-arabe.com\\\/#\\\/schema\\\/logo\\\/image\\\/\"}}]}<\/script>\n<!-- \/ Yoast SEO plugin. -->","yoast_head_json":{"title":"Aceite de masaje Royal Gold 50 ml - El Nabil - Perfumer\u00eda \u00e1rabe","robots":{"index":"index","follow":"follow","max-snippet":"max-snippet:-1","max-image-preview":"max-image-preview:large","max-video-preview":"max-video-preview:-1"},"canonical":"https:\/\/www.parfumerie-arabe.com\/es\/product\/aceite-de-masaje-royal-gold-50-ml-el-nabil\/","og_locale":"es_ES","og_type":"article","og_title":"Huile de massage Royal Gold 50ml - El Nabil - Parfumerie Arabe","og_description":"Caract\u00e9ristiques :  L\u2019huile de massage Royal Gold vous ouvre les portes de son royaume oriental avec sa d\u00e9licate fragrance \u00e0 base de jasmin, de rose, de vanille et d'ambre gris. Cette huile de massage vous aidera \u00e0 \u00e9liminer les tensions du corps et de l'esprit afin de s\u2019offrir une parenth\u00e8se bien-\u00eatre, \u00e9loign\u00e9e du stress quotidien.","og_url":"https:\/\/www.parfumerie-arabe.com\/es\/product\/aceite-de-masaje-royal-gold-50-ml-el-nabil\/","og_site_name":"Parfumerie Arabe","article_modified_time":"2025-09-09T12:23:54+00:00","og_image":[{"width":600,"height":600,"url":"https:\/\/www.parfumerie-arabe.com\/wp-content\/uploads\/2023\/02\/huile-de-massage-royal-gold-el-nabil.jpg","type":"image\/jpeg"}],"twitter_card":"summary_large_image","schema":{"@context":"https:\/\/schema.org","@graph":[{"@type":"WebPage","@id":"https:\/\/www.parfumerie-arabe.com\/produit\/huile-de-massage-royal-gold-50ml-el-nabil\/","url":"https:\/\/www.parfumerie-arabe.com\/produit\/huile-de-massage-royal-gold-50ml-el-nabil\/","name":"Aceite de masaje Royal Gold 50 ml - El Nabil - Perfumer\u00eda \u00e1rabe","isPartOf":{"@id":"https:\/\/www.parfumerie-arabe.com\/#website"},"primaryImageOfPage":{"@id":"https:\/\/www.parfumerie-arabe.com\/produit\/huile-de-massage-royal-gold-50ml-el-nabil\/#primaryimage"},"image":{"@id":"https:\/\/www.parfumerie-arabe.com\/produit\/huile-de-massage-royal-gold-50ml-el-nabil\/#primaryimage"},"thumbnailUrl":"https:\/\/www.parfumerie-arabe.com\/wp-content\/uploads\/2023\/02\/huile-de-massage-royal-gold-el-nabil.jpg","datePublished":"2023-02-20T14:37:42+00:00","dateModified":"2025-09-09T12:23:54+00:00","breadcrumb":{"@id":"https:\/\/www.parfumerie-arabe.com\/produit\/huile-de-massage-royal-gold-50ml-el-nabil\/#breadcrumb"},"inLanguage":"es","potentialAction":[{"@type":"ReadAction","target":["https:\/\/www.parfumerie-arabe.com\/produit\/huile-de-massage-royal-gold-50ml-el-nabil\/"]}]},{"@type":"ImageObject","inLanguage":"es","@id":"https:\/\/www.parfumerie-arabe.com\/produit\/huile-de-massage-royal-gold-50ml-el-nabil\/#primaryimage","url":"https:\/\/www.parfumerie-arabe.com\/wp-content\/uploads\/2023\/02\/huile-de-massage-royal-gold-el-nabil.jpg","contentUrl":"https:\/\/www.parfumerie-arabe.com\/wp-content\/uploads\/2023\/02\/huile-de-massage-royal-gold-el-nabil.jpg","width":600,"height":600},{"@type":"BreadcrumbList","@id":"https:\/\/www.parfumerie-arabe.com\/produit\/huile-de-massage-royal-gold-50ml-el-nabil\/#breadcrumb","itemListElement":[{"@type":"ListItem","position":1,"name":"Accueil","item":"https:\/\/www.parfumerie-arabe.com\/"},{"@type":"ListItem","position":2,"name":"Boutique","item":"https:\/\/www.parfumerie-arabe.com\/boutique\/"},{"@type":"ListItem","position":3,"name":"Huile de massage Royal Gold 50ml &#8211; El Nabil"}]},{"@type":"WebSite","@id":"https:\/\/www.parfumerie-arabe.com\/#website","url":"https:\/\/www.parfumerie-arabe.com\/","name":"Perfumer\u00eda \u00e1rabe","description":"","publisher":{"@id":"https:\/\/www.parfumerie-arabe.com\/#organization"},"potentialAction":[{"@type":"SearchAction","target":{"@type":"EntryPoint","urlTemplate":"https:\/\/www.parfumerie-arabe.com\/?s={search_term_string}"},"query-input":{"@type":"PropertyValueSpecification","valueRequired":true,"valueName":"search_term_string"}}],"inLanguage":"es"},{"@type":"Organization","@id":"https:\/\/www.parfumerie-arabe.com\/#organization","name":"Perfumer\u00eda \u00e1rabe","url":"https:\/\/www.parfumerie-arabe.com\/","logo":{"@type":"ImageObject","inLanguage":"es","@id":"https:\/\/www.parfumerie-arabe.com\/#\/schema\/logo\/image\/","url":"https:\/\/www.parfumerie-arabe.com\/wp-content\/uploads\/2022\/08\/logo-parfumerie-arabe.png","contentUrl":"https:\/\/www.parfumerie-arabe.com\/wp-content\/uploads\/2022\/08\/logo-parfumerie-arabe.png","width":600,"height":171,"caption":"Parfumerie arabe"},"image":{"@id":"https:\/\/www.parfumerie-arabe.com\/#\/schema\/logo\/image\/"}}]}},"_links":{"self":[{"href":"https:\/\/www.parfumerie-arabe.com\/es\/wp-json\/wp\/v2\/product\/1669","targetHints":{"allow":["GET"]}}],"collection":[{"href":"https:\/\/www.parfumerie-arabe.com\/es\/wp-json\/wp\/v2\/product"}],"about":[{"href":"https:\/\/www.parfumerie-arabe.com\/es\/wp-json\/wp\/v2\/types\/product"}],"wp:featuredmedia":[{"embeddable":true,"href":"https:\/\/www.parfumerie-arabe.com\/es\/wp-json\/wp\/v2\/media\/1678"}],"wp:attachment":[{"href":"https:\/\/www.parfumerie-arabe.com\/es\/wp-json\/wp\/v2\/media?parent=1669"}],"wp:term":[{"taxonomy":"product_brand","embeddable":true,"href":"https:\/\/www.parfumerie-arabe.com\/es\/wp-json\/wp\/v2\/product_brand?post=1669"},{"taxonomy":"product_cat","embeddable":true,"href":"https:\/\/www.parfumerie-arabe.com\/es\/wp-json\/wp\/v2\/product_cat?post=1669"},{"taxonomy":"product_tag","embeddable":true,"href":"https:\/\/www.parfumerie-arabe.com\/es\/wp-json\/wp\/v2\/product_tag?post=1669"}],"curies":[{"name":"wp","href":"https:\/\/api.w.org\/{rel}","templated":true}]}}