{"id":1695,"date":"2023-02-20T14:40:58","date_gmt":"2023-02-20T14:40:58","guid":{"rendered":"https:\/\/www.parfumerie-arabe.com\/?post_type=product&#038;p=1695"},"modified":"2025-11-18T18:27:25","modified_gmt":"2025-11-18T18:27:25","slug":"gama-botox-queratina-y-ajo-champu-tratamiento-kera-queens","status":"publish","type":"product","link":"https:\/\/www.parfumerie-arabe.com\/es\/produit\/gamme-botox-keratine-et-ail-shampoing-soin-kera-queens\/","title":{"rendered":"Gama Botox Queratina y Ajo Champ\u00fa y Tratamiento \u2013 Kera Queen\u2019s"},"content":{"rendered":"","protected":false},"excerpt":{"rendered":"<p><strong>Nombre:<\/strong> Gama Botox Queratina y ajo Champ\u00fa y tratamiento<br \/>\n<strong>Marca:<\/strong> Kera Queen's<\/p>\n<p><strong>Gama Botox con queratina y ajo:<\/strong> El ajo devuelve la vitalidad a los bulbos capilares, estimula su crecimiento y contribuye a frenar su ca\u00edda. El ajo contiene vitamina C, B1 y B6, que, combinadas con la queratina, fortalecen y reparan el cabello en profundidad.<\/p>\n<p><strong>Contiene 2 productos:<\/strong><\/p>\n<ul class=\"st-no\">\n<li><strong>Champ\u00fa Botox con queratina y ajo<\/strong>\u00a0\u2013 500 ml<\/li>\n<li><strong>Tratamiento con Botox, queratina y ajo<\/strong>\u00a0\u2013 500 ml<\/li>\n<\/ul>","protected":false},"featured_media":1716,"template":"","meta":[],"product_brand":[],"product_cat":[119,120,121],"product_tag":[],"class_list":{"0":"post-1695","1":"product","2":"type-product","3":"status-publish","4":"has-post-thumbnail","6":"product_cat-botox-capillaire","7":"product_cat-botox-capillaire-keratine","8":"product_cat-kera-queens","10":"first","11":"outofstock","12":"taxable","13":"shipping-taxable","14":"purchasable","15":"product-type-simple"},"yoast_head":"<!-- This site is optimized with the Yoast SEO plugin v27.4 - https:\/\/yoast.com\/product\/yoast-seo-wordpress\/ -->\n<title>Gamme Botox K\u00e9ratine et ail Shampoing &amp; Soin - Kera Queen&#039;s - Parfumerie Arabe<\/title>\n<meta name=\"robots\" content=\"index, follow, max-snippet:-1, max-image-preview:large, max-video-preview:-1\" \/>\n<link rel=\"canonical\" href=\"https:\/\/www.parfumerie-arabe.com\/es\/product\/gama-botox-queratina-y-ajo-champu-tratamiento-kera-queens\/\" \/>\n<meta property=\"og:locale\" content=\"es_ES\" \/>\n<meta property=\"og:type\" content=\"article\" \/>\n<meta property=\"og:title\" content=\"Gamme Botox K\u00e9ratine et ail Shampoing &amp; Soin - Kera Queen&#039;s - Parfumerie Arabe\" \/>\n<meta property=\"og:description\" content=\"Nom : Gamme Botox K\u00e9ratine et ail Shampoing &amp; Soin Marque : Kera Queen&#039;s  Gamme Botox \u00e0 la K\u00e9ratine et ail : L\u2019ail redonne de la vitalit\u00e9 aux bulbes de vos cheveux , stimule leur pousse et contribue \u00e0 freiner leur chute. L\u2019ail contient de la vitamine C, B1, B6, associ\u00e9es \u00e0 la k\u00e9ratine vos cheveux seront renforc\u00e9s et le r\u00e9par\u00e9 en profondeur.  Contient 2 produits :   Shampoing Botox \u00e0 la K\u00e9ratine et ail\u00a0- 500 ml  Soin Botox \u00e0 la K\u00e9ratine et ail\u00a0- 500 ml\" \/>\n<meta property=\"og:url\" content=\"https:\/\/www.parfumerie-arabe.com\/es\/product\/gama-botox-queratina-y-ajo-champu-tratamiento-kera-queens\/\" \/>\n<meta property=\"og:site_name\" content=\"Parfumerie Arabe\" \/>\n<meta property=\"article:modified_time\" content=\"2025-11-18T18:27:25+00:00\" \/>\n<meta property=\"og:image\" content=\"https:\/\/www.parfumerie-arabe.com\/wp-content\/uploads\/2023\/02\/duo-lifting-capillaire-keratine-ail.jpg\" \/>\n\t<meta property=\"og:image:width\" content=\"600\" \/>\n\t<meta property=\"og:image:height\" content=\"600\" \/>\n\t<meta property=\"og:image:type\" content=\"image\/jpeg\" \/>\n<meta name=\"twitter:card\" content=\"summary_large_image\" \/>\n<script type=\"application\/ld+json\" class=\"yoast-schema-graph\">{\"@context\":\"https:\\\/\\\/schema.org\",\"@graph\":[{\"@type\":\"WebPage\",\"@id\":\"https:\\\/\\\/www.parfumerie-arabe.com\\\/produit\\\/gamme-botox-keratine-et-ail-shampoing-soin-kera-queens\\\/\",\"url\":\"https:\\\/\\\/www.parfumerie-arabe.com\\\/produit\\\/gamme-botox-keratine-et-ail-shampoing-soin-kera-queens\\\/\",\"name\":\"Gamme Botox K\u00e9ratine et ail Shampoing &amp; Soin - Kera Queen's - Parfumerie Arabe\",\"isPartOf\":{\"@id\":\"https:\\\/\\\/www.parfumerie-arabe.com\\\/#website\"},\"primaryImageOfPage\":{\"@id\":\"https:\\\/\\\/www.parfumerie-arabe.com\\\/produit\\\/gamme-botox-keratine-et-ail-shampoing-soin-kera-queens\\\/#primaryimage\"},\"image\":{\"@id\":\"https:\\\/\\\/www.parfumerie-arabe.com\\\/produit\\\/gamme-botox-keratine-et-ail-shampoing-soin-kera-queens\\\/#primaryimage\"},\"thumbnailUrl\":\"https:\\\/\\\/www.parfumerie-arabe.com\\\/wp-content\\\/uploads\\\/2023\\\/02\\\/duo-lifting-capillaire-keratine-ail.jpg\",\"datePublished\":\"2023-02-20T14:40:58+00:00\",\"dateModified\":\"2025-11-18T18:27:25+00:00\",\"breadcrumb\":{\"@id\":\"https:\\\/\\\/www.parfumerie-arabe.com\\\/produit\\\/gamme-botox-keratine-et-ail-shampoing-soin-kera-queens\\\/#breadcrumb\"},\"inLanguage\":\"es\",\"potentialAction\":[{\"@type\":\"ReadAction\",\"target\":[\"https:\\\/\\\/www.parfumerie-arabe.com\\\/produit\\\/gamme-botox-keratine-et-ail-shampoing-soin-kera-queens\\\/\"]}]},{\"@type\":\"ImageObject\",\"inLanguage\":\"es\",\"@id\":\"https:\\\/\\\/www.parfumerie-arabe.com\\\/produit\\\/gamme-botox-keratine-et-ail-shampoing-soin-kera-queens\\\/#primaryimage\",\"url\":\"https:\\\/\\\/www.parfumerie-arabe.com\\\/wp-content\\\/uploads\\\/2023\\\/02\\\/duo-lifting-capillaire-keratine-ail.jpg\",\"contentUrl\":\"https:\\\/\\\/www.parfumerie-arabe.com\\\/wp-content\\\/uploads\\\/2023\\\/02\\\/duo-lifting-capillaire-keratine-ail.jpg\",\"width\":600,\"height\":600},{\"@type\":\"BreadcrumbList\",\"@id\":\"https:\\\/\\\/www.parfumerie-arabe.com\\\/produit\\\/gamme-botox-keratine-et-ail-shampoing-soin-kera-queens\\\/#breadcrumb\",\"itemListElement\":[{\"@type\":\"ListItem\",\"position\":1,\"name\":\"Accueil\",\"item\":\"https:\\\/\\\/www.parfumerie-arabe.com\\\/\"},{\"@type\":\"ListItem\",\"position\":2,\"name\":\"Boutique\",\"item\":\"https:\\\/\\\/www.parfumerie-arabe.com\\\/boutique\\\/\"},{\"@type\":\"ListItem\",\"position\":3,\"name\":\"Gamme Botox K\u00e9ratine et ail Shampoing &amp; Soin &#8211; Kera Queen&rsquo;s\"}]},{\"@type\":\"WebSite\",\"@id\":\"https:\\\/\\\/www.parfumerie-arabe.com\\\/#website\",\"url\":\"https:\\\/\\\/www.parfumerie-arabe.com\\\/\",\"name\":\"Parfumerie Arabe\",\"description\":\"\",\"publisher\":{\"@id\":\"https:\\\/\\\/www.parfumerie-arabe.com\\\/#organization\"},\"potentialAction\":[{\"@type\":\"SearchAction\",\"target\":{\"@type\":\"EntryPoint\",\"urlTemplate\":\"https:\\\/\\\/www.parfumerie-arabe.com\\\/?s={search_term_string}\"},\"query-input\":{\"@type\":\"PropertyValueSpecification\",\"valueRequired\":true,\"valueName\":\"search_term_string\"}}],\"inLanguage\":\"es\"},{\"@type\":\"Organization\",\"@id\":\"https:\\\/\\\/www.parfumerie-arabe.com\\\/#organization\",\"name\":\"Parfumerie arabe\",\"url\":\"https:\\\/\\\/www.parfumerie-arabe.com\\\/\",\"logo\":{\"@type\":\"ImageObject\",\"inLanguage\":\"es\",\"@id\":\"https:\\\/\\\/www.parfumerie-arabe.com\\\/#\\\/schema\\\/logo\\\/image\\\/\",\"url\":\"https:\\\/\\\/www.parfumerie-arabe.com\\\/wp-content\\\/uploads\\\/2022\\\/08\\\/logo-parfumerie-arabe.png\",\"contentUrl\":\"https:\\\/\\\/www.parfumerie-arabe.com\\\/wp-content\\\/uploads\\\/2022\\\/08\\\/logo-parfumerie-arabe.png\",\"width\":600,\"height\":171,\"caption\":\"Parfumerie arabe\"},\"image\":{\"@id\":\"https:\\\/\\\/www.parfumerie-arabe.com\\\/#\\\/schema\\\/logo\\\/image\\\/\"}}]}<\/script>\n<!-- \/ Yoast SEO plugin. -->","yoast_head_json":{"title":"Gama Botox Queratina y Ajo Champ\u00fa y Tratamiento - Kera Queen's - Perfumer\u00eda \u00c1rabe","robots":{"index":"index","follow":"follow","max-snippet":"max-snippet:-1","max-image-preview":"max-image-preview:large","max-video-preview":"max-video-preview:-1"},"canonical":"https:\/\/www.parfumerie-arabe.com\/es\/product\/gama-botox-queratina-y-ajo-champu-tratamiento-kera-queens\/","og_locale":"es_ES","og_type":"article","og_title":"Gamme Botox K\u00e9ratine et ail Shampoing &amp; Soin - Kera Queen's - Parfumerie Arabe","og_description":"Nom : Gamme Botox K\u00e9ratine et ail Shampoing &amp; Soin Marque : Kera Queen's  Gamme Botox \u00e0 la K\u00e9ratine et ail : L\u2019ail redonne de la vitalit\u00e9 aux bulbes de vos cheveux , stimule leur pousse et contribue \u00e0 freiner leur chute. L\u2019ail contient de la vitamine C, B1, B6, associ\u00e9es \u00e0 la k\u00e9ratine vos cheveux seront renforc\u00e9s et le r\u00e9par\u00e9 en profondeur.  Contient 2 produits :   Shampoing Botox \u00e0 la K\u00e9ratine et ail\u00a0- 500 ml  Soin Botox \u00e0 la K\u00e9ratine et ail\u00a0- 500 ml","og_url":"https:\/\/www.parfumerie-arabe.com\/es\/product\/gama-botox-queratina-y-ajo-champu-tratamiento-kera-queens\/","og_site_name":"Parfumerie Arabe","article_modified_time":"2025-11-18T18:27:25+00:00","og_image":[{"width":600,"height":600,"url":"https:\/\/www.parfumerie-arabe.com\/wp-content\/uploads\/2023\/02\/duo-lifting-capillaire-keratine-ail.jpg","type":"image\/jpeg"}],"twitter_card":"summary_large_image","schema":{"@context":"https:\/\/schema.org","@graph":[{"@type":"WebPage","@id":"https:\/\/www.parfumerie-arabe.com\/produit\/gamme-botox-keratine-et-ail-shampoing-soin-kera-queens\/","url":"https:\/\/www.parfumerie-arabe.com\/produit\/gamme-botox-keratine-et-ail-shampoing-soin-kera-queens\/","name":"Gama Botox Queratina y Ajo Champ\u00fa y Tratamiento - Kera Queen's - Perfumer\u00eda \u00c1rabe","isPartOf":{"@id":"https:\/\/www.parfumerie-arabe.com\/#website"},"primaryImageOfPage":{"@id":"https:\/\/www.parfumerie-arabe.com\/produit\/gamme-botox-keratine-et-ail-shampoing-soin-kera-queens\/#primaryimage"},"image":{"@id":"https:\/\/www.parfumerie-arabe.com\/produit\/gamme-botox-keratine-et-ail-shampoing-soin-kera-queens\/#primaryimage"},"thumbnailUrl":"https:\/\/www.parfumerie-arabe.com\/wp-content\/uploads\/2023\/02\/duo-lifting-capillaire-keratine-ail.jpg","datePublished":"2023-02-20T14:40:58+00:00","dateModified":"2025-11-18T18:27:25+00:00","breadcrumb":{"@id":"https:\/\/www.parfumerie-arabe.com\/produit\/gamme-botox-keratine-et-ail-shampoing-soin-kera-queens\/#breadcrumb"},"inLanguage":"es","potentialAction":[{"@type":"ReadAction","target":["https:\/\/www.parfumerie-arabe.com\/produit\/gamme-botox-keratine-et-ail-shampoing-soin-kera-queens\/"]}]},{"@type":"ImageObject","inLanguage":"es","@id":"https:\/\/www.parfumerie-arabe.com\/produit\/gamme-botox-keratine-et-ail-shampoing-soin-kera-queens\/#primaryimage","url":"https:\/\/www.parfumerie-arabe.com\/wp-content\/uploads\/2023\/02\/duo-lifting-capillaire-keratine-ail.jpg","contentUrl":"https:\/\/www.parfumerie-arabe.com\/wp-content\/uploads\/2023\/02\/duo-lifting-capillaire-keratine-ail.jpg","width":600,"height":600},{"@type":"BreadcrumbList","@id":"https:\/\/www.parfumerie-arabe.com\/produit\/gamme-botox-keratine-et-ail-shampoing-soin-kera-queens\/#breadcrumb","itemListElement":[{"@type":"ListItem","position":1,"name":"Accueil","item":"https:\/\/www.parfumerie-arabe.com\/"},{"@type":"ListItem","position":2,"name":"Boutique","item":"https:\/\/www.parfumerie-arabe.com\/boutique\/"},{"@type":"ListItem","position":3,"name":"Gamme Botox K\u00e9ratine et ail Shampoing &amp; Soin &#8211; Kera Queen&rsquo;s"}]},{"@type":"WebSite","@id":"https:\/\/www.parfumerie-arabe.com\/#website","url":"https:\/\/www.parfumerie-arabe.com\/","name":"Perfumer\u00eda \u00e1rabe","description":"","publisher":{"@id":"https:\/\/www.parfumerie-arabe.com\/#organization"},"potentialAction":[{"@type":"SearchAction","target":{"@type":"EntryPoint","urlTemplate":"https:\/\/www.parfumerie-arabe.com\/?s={search_term_string}"},"query-input":{"@type":"PropertyValueSpecification","valueRequired":true,"valueName":"search_term_string"}}],"inLanguage":"es"},{"@type":"Organization","@id":"https:\/\/www.parfumerie-arabe.com\/#organization","name":"Perfumer\u00eda \u00e1rabe","url":"https:\/\/www.parfumerie-arabe.com\/","logo":{"@type":"ImageObject","inLanguage":"es","@id":"https:\/\/www.parfumerie-arabe.com\/#\/schema\/logo\/image\/","url":"https:\/\/www.parfumerie-arabe.com\/wp-content\/uploads\/2022\/08\/logo-parfumerie-arabe.png","contentUrl":"https:\/\/www.parfumerie-arabe.com\/wp-content\/uploads\/2022\/08\/logo-parfumerie-arabe.png","width":600,"height":171,"caption":"Parfumerie arabe"},"image":{"@id":"https:\/\/www.parfumerie-arabe.com\/#\/schema\/logo\/image\/"}}]}},"_links":{"self":[{"href":"https:\/\/www.parfumerie-arabe.com\/es\/wp-json\/wp\/v2\/product\/1695","targetHints":{"allow":["GET"]}}],"collection":[{"href":"https:\/\/www.parfumerie-arabe.com\/es\/wp-json\/wp\/v2\/product"}],"about":[{"href":"https:\/\/www.parfumerie-arabe.com\/es\/wp-json\/wp\/v2\/types\/product"}],"wp:featuredmedia":[{"embeddable":true,"href":"https:\/\/www.parfumerie-arabe.com\/es\/wp-json\/wp\/v2\/media\/1716"}],"wp:attachment":[{"href":"https:\/\/www.parfumerie-arabe.com\/es\/wp-json\/wp\/v2\/media?parent=1695"}],"wp:term":[{"taxonomy":"product_brand","embeddable":true,"href":"https:\/\/www.parfumerie-arabe.com\/es\/wp-json\/wp\/v2\/product_brand?post=1695"},{"taxonomy":"product_cat","embeddable":true,"href":"https:\/\/www.parfumerie-arabe.com\/es\/wp-json\/wp\/v2\/product_cat?post=1695"},{"taxonomy":"product_tag","embeddable":true,"href":"https:\/\/www.parfumerie-arabe.com\/es\/wp-json\/wp\/v2\/product_tag?post=1695"}],"curies":[{"name":"wp","href":"https:\/\/api.w.org\/{rel}","templated":true}]}}