{"id":1700,"date":"2023-02-20T14:40:59","date_gmt":"2023-02-20T14:40:59","guid":{"rendered":"https:\/\/www.parfumerie-arabe.com\/?post_type=product&#038;p=1700"},"modified":"2026-03-01T16:41:29","modified_gmt":"2026-03-01T16:41:29","slug":"botox-lifting-capilar-colageno-vitamina-e-y-acido-hialuronico-kera-queens","status":"publish","type":"product","link":"https:\/\/www.parfumerie-arabe.com\/es\/produit\/botox-lifting-capillaire-collagene-vitamine-e-et-acide-hyaluronique-kera-queens\/","title":{"rendered":"Botox (lifting) capilar Col\u00e1geno Vitamina E y \u00e1cido hialur\u00f3nico \u2013 Kera Queen\u2019s"},"content":{"rendered":"","protected":false},"excerpt":{"rendered":"<p><strong>Nombre:<\/strong> Botox capilar Col\u00e1geno Vitamina E y \u00e1cido hialur\u00f3nico<br \/>\n<strong>Marca:<\/strong> Kera Queen's<br \/>\n<strong>Capacidad<\/strong> : 1000 ml<\/p>","protected":false},"featured_media":1721,"template":"","meta":[],"product_brand":[],"product_cat":[119,120,121],"product_tag":[],"class_list":{"0":"post-1700","1":"product","2":"type-product","3":"status-publish","4":"has-post-thumbnail","6":"product_cat-botox-capillaire","7":"product_cat-botox-capillaire-keratine","8":"product_cat-kera-queens","10":"first","11":"instock","12":"taxable","13":"shipping-taxable","14":"purchasable","15":"product-type-simple"},"yoast_head":"<!-- This site is optimized with the Yoast SEO plugin v27.4 - https:\/\/yoast.com\/product\/yoast-seo-wordpress\/ -->\n<title>Botox (lifting) capillaire Collag\u00e8ne Vitamine E et acide Hyaluronique - Kera Queen&#039;s - Parfumerie Arabe<\/title>\n<meta name=\"robots\" content=\"index, follow, max-snippet:-1, max-image-preview:large, max-video-preview:-1\" \/>\n<link rel=\"canonical\" href=\"https:\/\/www.parfumerie-arabe.com\/es\/product\/botox-lifting-capilar-colageno-vitamina-e-y-acido-hialuronico-kera-queens\/\" \/>\n<meta property=\"og:locale\" content=\"es_ES\" \/>\n<meta property=\"og:type\" content=\"article\" \/>\n<meta property=\"og:title\" content=\"Botox (lifting) capillaire Collag\u00e8ne Vitamine E et acide Hyaluronique - Kera Queen&#039;s - Parfumerie Arabe\" \/>\n<meta property=\"og:description\" content=\"Nom : Botox capillaire Collag\u00e8ne Vitamine E et acide hyaluronique Marque : Kera Queen&#039;s Contenance : 1000ml\" \/>\n<meta property=\"og:url\" content=\"https:\/\/www.parfumerie-arabe.com\/es\/product\/botox-lifting-capilar-colageno-vitamina-e-y-acido-hialuronico-kera-queens\/\" \/>\n<meta property=\"og:site_name\" content=\"Parfumerie Arabe\" \/>\n<meta property=\"article:modified_time\" content=\"2026-03-01T16:41:29+00:00\" \/>\n<meta property=\"og:image\" content=\"https:\/\/www.parfumerie-arabe.com\/wp-content\/uploads\/2023\/02\/Botox-lifting-Kera-queens-collagene-vitamine-E-et-acide-hyaluronique.jpg\" \/>\n\t<meta property=\"og:image:width\" content=\"600\" \/>\n\t<meta property=\"og:image:height\" content=\"600\" \/>\n\t<meta property=\"og:image:type\" content=\"image\/jpeg\" \/>\n<meta name=\"twitter:card\" content=\"summary_large_image\" \/>\n<script type=\"application\/ld+json\" class=\"yoast-schema-graph\">{\"@context\":\"https:\\\/\\\/schema.org\",\"@graph\":[{\"@type\":\"WebPage\",\"@id\":\"https:\\\/\\\/www.parfumerie-arabe.com\\\/produit\\\/botox-lifting-capillaire-collagene-vitamine-e-et-acide-hyaluronique-kera-queens\\\/\",\"url\":\"https:\\\/\\\/www.parfumerie-arabe.com\\\/produit\\\/botox-lifting-capillaire-collagene-vitamine-e-et-acide-hyaluronique-kera-queens\\\/\",\"name\":\"Botox (lifting) capillaire Collag\u00e8ne Vitamine E et acide Hyaluronique - Kera Queen's - Parfumerie Arabe\",\"isPartOf\":{\"@id\":\"https:\\\/\\\/www.parfumerie-arabe.com\\\/#website\"},\"primaryImageOfPage\":{\"@id\":\"https:\\\/\\\/www.parfumerie-arabe.com\\\/produit\\\/botox-lifting-capillaire-collagene-vitamine-e-et-acide-hyaluronique-kera-queens\\\/#primaryimage\"},\"image\":{\"@id\":\"https:\\\/\\\/www.parfumerie-arabe.com\\\/produit\\\/botox-lifting-capillaire-collagene-vitamine-e-et-acide-hyaluronique-kera-queens\\\/#primaryimage\"},\"thumbnailUrl\":\"https:\\\/\\\/www.parfumerie-arabe.com\\\/wp-content\\\/uploads\\\/2023\\\/02\\\/Botox-lifting-Kera-queens-collagene-vitamine-E-et-acide-hyaluronique.jpg\",\"datePublished\":\"2023-02-20T14:40:59+00:00\",\"dateModified\":\"2026-03-01T16:41:29+00:00\",\"breadcrumb\":{\"@id\":\"https:\\\/\\\/www.parfumerie-arabe.com\\\/produit\\\/botox-lifting-capillaire-collagene-vitamine-e-et-acide-hyaluronique-kera-queens\\\/#breadcrumb\"},\"inLanguage\":\"es\",\"potentialAction\":[{\"@type\":\"ReadAction\",\"target\":[\"https:\\\/\\\/www.parfumerie-arabe.com\\\/produit\\\/botox-lifting-capillaire-collagene-vitamine-e-et-acide-hyaluronique-kera-queens\\\/\"]}]},{\"@type\":\"ImageObject\",\"inLanguage\":\"es\",\"@id\":\"https:\\\/\\\/www.parfumerie-arabe.com\\\/produit\\\/botox-lifting-capillaire-collagene-vitamine-e-et-acide-hyaluronique-kera-queens\\\/#primaryimage\",\"url\":\"https:\\\/\\\/www.parfumerie-arabe.com\\\/wp-content\\\/uploads\\\/2023\\\/02\\\/Botox-lifting-Kera-queens-collagene-vitamine-E-et-acide-hyaluronique.jpg\",\"contentUrl\":\"https:\\\/\\\/www.parfumerie-arabe.com\\\/wp-content\\\/uploads\\\/2023\\\/02\\\/Botox-lifting-Kera-queens-collagene-vitamine-E-et-acide-hyaluronique.jpg\",\"width\":600,\"height\":600},{\"@type\":\"BreadcrumbList\",\"@id\":\"https:\\\/\\\/www.parfumerie-arabe.com\\\/produit\\\/botox-lifting-capillaire-collagene-vitamine-e-et-acide-hyaluronique-kera-queens\\\/#breadcrumb\",\"itemListElement\":[{\"@type\":\"ListItem\",\"position\":1,\"name\":\"Accueil\",\"item\":\"https:\\\/\\\/www.parfumerie-arabe.com\\\/\"},{\"@type\":\"ListItem\",\"position\":2,\"name\":\"Boutique\",\"item\":\"https:\\\/\\\/www.parfumerie-arabe.com\\\/boutique\\\/\"},{\"@type\":\"ListItem\",\"position\":3,\"name\":\"Botox (lifting) capillaire Collag\u00e8ne Vitamine E et acide Hyaluronique &#8211; Kera Queen&rsquo;s\"}]},{\"@type\":\"WebSite\",\"@id\":\"https:\\\/\\\/www.parfumerie-arabe.com\\\/#website\",\"url\":\"https:\\\/\\\/www.parfumerie-arabe.com\\\/\",\"name\":\"Parfumerie Arabe\",\"description\":\"\",\"publisher\":{\"@id\":\"https:\\\/\\\/www.parfumerie-arabe.com\\\/#organization\"},\"potentialAction\":[{\"@type\":\"SearchAction\",\"target\":{\"@type\":\"EntryPoint\",\"urlTemplate\":\"https:\\\/\\\/www.parfumerie-arabe.com\\\/?s={search_term_string}\"},\"query-input\":{\"@type\":\"PropertyValueSpecification\",\"valueRequired\":true,\"valueName\":\"search_term_string\"}}],\"inLanguage\":\"es\"},{\"@type\":\"Organization\",\"@id\":\"https:\\\/\\\/www.parfumerie-arabe.com\\\/#organization\",\"name\":\"Parfumerie arabe\",\"url\":\"https:\\\/\\\/www.parfumerie-arabe.com\\\/\",\"logo\":{\"@type\":\"ImageObject\",\"inLanguage\":\"es\",\"@id\":\"https:\\\/\\\/www.parfumerie-arabe.com\\\/#\\\/schema\\\/logo\\\/image\\\/\",\"url\":\"https:\\\/\\\/www.parfumerie-arabe.com\\\/wp-content\\\/uploads\\\/2022\\\/08\\\/logo-parfumerie-arabe.png\",\"contentUrl\":\"https:\\\/\\\/www.parfumerie-arabe.com\\\/wp-content\\\/uploads\\\/2022\\\/08\\\/logo-parfumerie-arabe.png\",\"width\":600,\"height\":171,\"caption\":\"Parfumerie arabe\"},\"image\":{\"@id\":\"https:\\\/\\\/www.parfumerie-arabe.com\\\/#\\\/schema\\\/logo\\\/image\\\/\"}}]}<\/script>\n<!-- \/ Yoast SEO plugin. -->","yoast_head_json":{"title":"Botox (lifting) capilar Col\u00e1geno Vitamina E y \u00e1cido hialur\u00f3nico - Kera Queen's - Perfumer\u00eda \u00c1rabe","robots":{"index":"index","follow":"follow","max-snippet":"max-snippet:-1","max-image-preview":"max-image-preview:large","max-video-preview":"max-video-preview:-1"},"canonical":"https:\/\/www.parfumerie-arabe.com\/es\/product\/botox-lifting-capilar-colageno-vitamina-e-y-acido-hialuronico-kera-queens\/","og_locale":"es_ES","og_type":"article","og_title":"Botox (lifting) capillaire Collag\u00e8ne Vitamine E et acide Hyaluronique - Kera Queen's - Parfumerie Arabe","og_description":"Nom : Botox capillaire Collag\u00e8ne Vitamine E et acide hyaluronique Marque : Kera Queen's Contenance : 1000ml","og_url":"https:\/\/www.parfumerie-arabe.com\/es\/product\/botox-lifting-capilar-colageno-vitamina-e-y-acido-hialuronico-kera-queens\/","og_site_name":"Parfumerie Arabe","article_modified_time":"2026-03-01T16:41:29+00:00","og_image":[{"width":600,"height":600,"url":"https:\/\/www.parfumerie-arabe.com\/wp-content\/uploads\/2023\/02\/Botox-lifting-Kera-queens-collagene-vitamine-E-et-acide-hyaluronique.jpg","type":"image\/jpeg"}],"twitter_card":"summary_large_image","schema":{"@context":"https:\/\/schema.org","@graph":[{"@type":"WebPage","@id":"https:\/\/www.parfumerie-arabe.com\/produit\/botox-lifting-capillaire-collagene-vitamine-e-et-acide-hyaluronique-kera-queens\/","url":"https:\/\/www.parfumerie-arabe.com\/produit\/botox-lifting-capillaire-collagene-vitamine-e-et-acide-hyaluronique-kera-queens\/","name":"Botox (lifting) capilar Col\u00e1geno Vitamina E y \u00e1cido hialur\u00f3nico - Kera Queen's - Perfumer\u00eda \u00c1rabe","isPartOf":{"@id":"https:\/\/www.parfumerie-arabe.com\/#website"},"primaryImageOfPage":{"@id":"https:\/\/www.parfumerie-arabe.com\/produit\/botox-lifting-capillaire-collagene-vitamine-e-et-acide-hyaluronique-kera-queens\/#primaryimage"},"image":{"@id":"https:\/\/www.parfumerie-arabe.com\/produit\/botox-lifting-capillaire-collagene-vitamine-e-et-acide-hyaluronique-kera-queens\/#primaryimage"},"thumbnailUrl":"https:\/\/www.parfumerie-arabe.com\/wp-content\/uploads\/2023\/02\/Botox-lifting-Kera-queens-collagene-vitamine-E-et-acide-hyaluronique.jpg","datePublished":"2023-02-20T14:40:59+00:00","dateModified":"2026-03-01T16:41:29+00:00","breadcrumb":{"@id":"https:\/\/www.parfumerie-arabe.com\/produit\/botox-lifting-capillaire-collagene-vitamine-e-et-acide-hyaluronique-kera-queens\/#breadcrumb"},"inLanguage":"es","potentialAction":[{"@type":"ReadAction","target":["https:\/\/www.parfumerie-arabe.com\/produit\/botox-lifting-capillaire-collagene-vitamine-e-et-acide-hyaluronique-kera-queens\/"]}]},{"@type":"ImageObject","inLanguage":"es","@id":"https:\/\/www.parfumerie-arabe.com\/produit\/botox-lifting-capillaire-collagene-vitamine-e-et-acide-hyaluronique-kera-queens\/#primaryimage","url":"https:\/\/www.parfumerie-arabe.com\/wp-content\/uploads\/2023\/02\/Botox-lifting-Kera-queens-collagene-vitamine-E-et-acide-hyaluronique.jpg","contentUrl":"https:\/\/www.parfumerie-arabe.com\/wp-content\/uploads\/2023\/02\/Botox-lifting-Kera-queens-collagene-vitamine-E-et-acide-hyaluronique.jpg","width":600,"height":600},{"@type":"BreadcrumbList","@id":"https:\/\/www.parfumerie-arabe.com\/produit\/botox-lifting-capillaire-collagene-vitamine-e-et-acide-hyaluronique-kera-queens\/#breadcrumb","itemListElement":[{"@type":"ListItem","position":1,"name":"Accueil","item":"https:\/\/www.parfumerie-arabe.com\/"},{"@type":"ListItem","position":2,"name":"Boutique","item":"https:\/\/www.parfumerie-arabe.com\/boutique\/"},{"@type":"ListItem","position":3,"name":"Botox (lifting) capillaire Collag\u00e8ne Vitamine E et acide Hyaluronique &#8211; Kera Queen&rsquo;s"}]},{"@type":"WebSite","@id":"https:\/\/www.parfumerie-arabe.com\/#website","url":"https:\/\/www.parfumerie-arabe.com\/","name":"Perfumer\u00eda \u00e1rabe","description":"","publisher":{"@id":"https:\/\/www.parfumerie-arabe.com\/#organization"},"potentialAction":[{"@type":"SearchAction","target":{"@type":"EntryPoint","urlTemplate":"https:\/\/www.parfumerie-arabe.com\/?s={search_term_string}"},"query-input":{"@type":"PropertyValueSpecification","valueRequired":true,"valueName":"search_term_string"}}],"inLanguage":"es"},{"@type":"Organization","@id":"https:\/\/www.parfumerie-arabe.com\/#organization","name":"Perfumer\u00eda \u00e1rabe","url":"https:\/\/www.parfumerie-arabe.com\/","logo":{"@type":"ImageObject","inLanguage":"es","@id":"https:\/\/www.parfumerie-arabe.com\/#\/schema\/logo\/image\/","url":"https:\/\/www.parfumerie-arabe.com\/wp-content\/uploads\/2022\/08\/logo-parfumerie-arabe.png","contentUrl":"https:\/\/www.parfumerie-arabe.com\/wp-content\/uploads\/2022\/08\/logo-parfumerie-arabe.png","width":600,"height":171,"caption":"Parfumerie arabe"},"image":{"@id":"https:\/\/www.parfumerie-arabe.com\/#\/schema\/logo\/image\/"}}]}},"_links":{"self":[{"href":"https:\/\/www.parfumerie-arabe.com\/es\/wp-json\/wp\/v2\/product\/1700","targetHints":{"allow":["GET"]}}],"collection":[{"href":"https:\/\/www.parfumerie-arabe.com\/es\/wp-json\/wp\/v2\/product"}],"about":[{"href":"https:\/\/www.parfumerie-arabe.com\/es\/wp-json\/wp\/v2\/types\/product"}],"wp:featuredmedia":[{"embeddable":true,"href":"https:\/\/www.parfumerie-arabe.com\/es\/wp-json\/wp\/v2\/media\/1721"}],"wp:attachment":[{"href":"https:\/\/www.parfumerie-arabe.com\/es\/wp-json\/wp\/v2\/media?parent=1700"}],"wp:term":[{"taxonomy":"product_brand","embeddable":true,"href":"https:\/\/www.parfumerie-arabe.com\/es\/wp-json\/wp\/v2\/product_brand?post=1700"},{"taxonomy":"product_cat","embeddable":true,"href":"https:\/\/www.parfumerie-arabe.com\/es\/wp-json\/wp\/v2\/product_cat?post=1700"},{"taxonomy":"product_tag","embeddable":true,"href":"https:\/\/www.parfumerie-arabe.com\/es\/wp-json\/wp\/v2\/product_tag?post=1700"}],"curies":[{"name":"wp","href":"https:\/\/api.w.org\/{rel}","templated":true}]}}