{"id":1738,"date":"2023-02-20T14:43:56","date_gmt":"2023-02-20T14:43:56","guid":{"rendered":"https:\/\/www.parfumerie-arabe.com\/?post_type=product&#038;p=1738"},"modified":"2025-09-09T12:22:23","modified_gmt":"2025-09-09T12:22:23","slug":"cepillo-limpiador-facial-de-silicona-rosa-claro","status":"publish","type":"product","link":"https:\/\/www.parfumerie-arabe.com\/es\/produit\/brosse-nettoyante-visage-en-silicone-rose-clair\/","title":{"rendered":"Cepillo limpiador facial de silicona Rosa claro"},"content":{"rendered":"","protected":false},"excerpt":{"rendered":"<p>Desmaquillarse con un algod\u00f3n no siempre elimina todo el maquillaje en profundidad. Este cepillo de silicona te ayudar\u00e1 a recuperar una piel limpia, exfoli\u00e1ndola y eliminando al m\u00e1ximo los residuos de la piel.<\/p>","protected":false},"featured_media":1757,"template":"","meta":[],"product_brand":[],"product_cat":[126],"product_tag":[],"class_list":{"0":"post-1738","1":"product","2":"type-product","3":"status-publish","4":"has-post-thumbnail","6":"product_cat-brosse-nettoyante-visage","8":"first","9":"instock","10":"taxable","11":"shipping-taxable","12":"purchasable","13":"product-type-simple"},"yoast_head":"<!-- This site is optimized with the Yoast SEO plugin v27.4 - https:\/\/yoast.com\/product\/yoast-seo-wordpress\/ -->\n<title>Brosse nettoyante visage en silicone Rose clair - Parfumerie Arabe<\/title>\n<meta name=\"robots\" content=\"index, follow, max-snippet:-1, max-image-preview:large, max-video-preview:-1\" \/>\n<link rel=\"canonical\" href=\"https:\/\/www.parfumerie-arabe.com\/es\/product\/cepillo-limpiador-facial-de-silicona-rosa-claro\/\" \/>\n<meta property=\"og:locale\" content=\"es_ES\" \/>\n<meta property=\"og:type\" content=\"article\" \/>\n<meta property=\"og:title\" content=\"Brosse nettoyante visage en silicone Rose clair - Parfumerie Arabe\" \/>\n<meta property=\"og:description\" content=\"Se d\u00e9maquiller avec un coton n&#039;\u00e9limine pas forc\u00e9ment tout le maquillage en profondeur. Cette brosse en silicone va permettre de retrouver une peau nette en l&#039;exfoliant et \u00e9liminant un maximum de r\u00e9sidus sur la peau\" \/>\n<meta property=\"og:url\" content=\"https:\/\/www.parfumerie-arabe.com\/es\/product\/cepillo-limpiador-facial-de-silicona-rosa-claro\/\" \/>\n<meta property=\"og:site_name\" content=\"Parfumerie Arabe\" \/>\n<meta property=\"article:modified_time\" content=\"2025-09-09T12:22:23+00:00\" \/>\n<meta name=\"twitter:card\" content=\"summary_large_image\" \/>\n<script type=\"application\/ld+json\" class=\"yoast-schema-graph\">{\"@context\":\"https:\\\/\\\/schema.org\",\"@graph\":[{\"@type\":\"WebPage\",\"@id\":\"https:\\\/\\\/www.parfumerie-arabe.com\\\/produit\\\/brosse-nettoyante-visage-en-silicone-rose-clair\\\/\",\"url\":\"https:\\\/\\\/www.parfumerie-arabe.com\\\/produit\\\/brosse-nettoyante-visage-en-silicone-rose-clair\\\/\",\"name\":\"Brosse nettoyante visage en silicone Rose clair - Parfumerie Arabe\",\"isPartOf\":{\"@id\":\"https:\\\/\\\/www.parfumerie-arabe.com\\\/#website\"},\"primaryImageOfPage\":{\"@id\":\"https:\\\/\\\/www.parfumerie-arabe.com\\\/produit\\\/brosse-nettoyante-visage-en-silicone-rose-clair\\\/#primaryimage\"},\"image\":{\"@id\":\"https:\\\/\\\/www.parfumerie-arabe.com\\\/produit\\\/brosse-nettoyante-visage-en-silicone-rose-clair\\\/#primaryimage\"},\"thumbnailUrl\":\"https:\\\/\\\/www.parfumerie-arabe.com\\\/wp-content\\\/uploads\\\/2023\\\/02\\\/Borsse-nettoyante-visage-silicone-rose-clair.jpg\",\"datePublished\":\"2023-02-20T14:43:56+00:00\",\"dateModified\":\"2025-09-09T12:22:23+00:00\",\"breadcrumb\":{\"@id\":\"https:\\\/\\\/www.parfumerie-arabe.com\\\/produit\\\/brosse-nettoyante-visage-en-silicone-rose-clair\\\/#breadcrumb\"},\"inLanguage\":\"es\",\"potentialAction\":[{\"@type\":\"ReadAction\",\"target\":[\"https:\\\/\\\/www.parfumerie-arabe.com\\\/produit\\\/brosse-nettoyante-visage-en-silicone-rose-clair\\\/\"]}]},{\"@type\":\"ImageObject\",\"inLanguage\":\"es\",\"@id\":\"https:\\\/\\\/www.parfumerie-arabe.com\\\/produit\\\/brosse-nettoyante-visage-en-silicone-rose-clair\\\/#primaryimage\",\"url\":\"https:\\\/\\\/www.parfumerie-arabe.com\\\/wp-content\\\/uploads\\\/2023\\\/02\\\/Borsse-nettoyante-visage-silicone-rose-clair.jpg\",\"contentUrl\":\"https:\\\/\\\/www.parfumerie-arabe.com\\\/wp-content\\\/uploads\\\/2023\\\/02\\\/Borsse-nettoyante-visage-silicone-rose-clair.jpg\",\"width\":600,\"height\":600},{\"@type\":\"BreadcrumbList\",\"@id\":\"https:\\\/\\\/www.parfumerie-arabe.com\\\/produit\\\/brosse-nettoyante-visage-en-silicone-rose-clair\\\/#breadcrumb\",\"itemListElement\":[{\"@type\":\"ListItem\",\"position\":1,\"name\":\"Accueil\",\"item\":\"https:\\\/\\\/www.parfumerie-arabe.com\\\/\"},{\"@type\":\"ListItem\",\"position\":2,\"name\":\"Boutique\",\"item\":\"https:\\\/\\\/www.parfumerie-arabe.com\\\/boutique\\\/\"},{\"@type\":\"ListItem\",\"position\":3,\"name\":\"Brosse nettoyante visage en silicone Rose clair\"}]},{\"@type\":\"WebSite\",\"@id\":\"https:\\\/\\\/www.parfumerie-arabe.com\\\/#website\",\"url\":\"https:\\\/\\\/www.parfumerie-arabe.com\\\/\",\"name\":\"Parfumerie Arabe\",\"description\":\"\",\"publisher\":{\"@id\":\"https:\\\/\\\/www.parfumerie-arabe.com\\\/#organization\"},\"potentialAction\":[{\"@type\":\"SearchAction\",\"target\":{\"@type\":\"EntryPoint\",\"urlTemplate\":\"https:\\\/\\\/www.parfumerie-arabe.com\\\/?s={search_term_string}\"},\"query-input\":{\"@type\":\"PropertyValueSpecification\",\"valueRequired\":true,\"valueName\":\"search_term_string\"}}],\"inLanguage\":\"es\"},{\"@type\":\"Organization\",\"@id\":\"https:\\\/\\\/www.parfumerie-arabe.com\\\/#organization\",\"name\":\"Parfumerie arabe\",\"url\":\"https:\\\/\\\/www.parfumerie-arabe.com\\\/\",\"logo\":{\"@type\":\"ImageObject\",\"inLanguage\":\"es\",\"@id\":\"https:\\\/\\\/www.parfumerie-arabe.com\\\/#\\\/schema\\\/logo\\\/image\\\/\",\"url\":\"https:\\\/\\\/www.parfumerie-arabe.com\\\/wp-content\\\/uploads\\\/2022\\\/08\\\/logo-parfumerie-arabe.png\",\"contentUrl\":\"https:\\\/\\\/www.parfumerie-arabe.com\\\/wp-content\\\/uploads\\\/2022\\\/08\\\/logo-parfumerie-arabe.png\",\"width\":600,\"height\":171,\"caption\":\"Parfumerie arabe\"},\"image\":{\"@id\":\"https:\\\/\\\/www.parfumerie-arabe.com\\\/#\\\/schema\\\/logo\\\/image\\\/\"}}]}<\/script>\n<!-- \/ Yoast SEO plugin. -->","yoast_head_json":{"title":"Cepillo limpiador facial de silicona Rosa claro - Perfumer\u00eda \u00c1rabe","robots":{"index":"index","follow":"follow","max-snippet":"max-snippet:-1","max-image-preview":"max-image-preview:large","max-video-preview":"max-video-preview:-1"},"canonical":"https:\/\/www.parfumerie-arabe.com\/es\/product\/cepillo-limpiador-facial-de-silicona-rosa-claro\/","og_locale":"es_ES","og_type":"article","og_title":"Brosse nettoyante visage en silicone Rose clair - Parfumerie Arabe","og_description":"Se d\u00e9maquiller avec un coton n'\u00e9limine pas forc\u00e9ment tout le maquillage en profondeur. Cette brosse en silicone va permettre de retrouver une peau nette en l'exfoliant et \u00e9liminant un maximum de r\u00e9sidus sur la peau","og_url":"https:\/\/www.parfumerie-arabe.com\/es\/product\/cepillo-limpiador-facial-de-silicona-rosa-claro\/","og_site_name":"Parfumerie Arabe","article_modified_time":"2025-09-09T12:22:23+00:00","twitter_card":"summary_large_image","schema":{"@context":"https:\/\/schema.org","@graph":[{"@type":"WebPage","@id":"https:\/\/www.parfumerie-arabe.com\/produit\/brosse-nettoyante-visage-en-silicone-rose-clair\/","url":"https:\/\/www.parfumerie-arabe.com\/produit\/brosse-nettoyante-visage-en-silicone-rose-clair\/","name":"Cepillo limpiador facial de silicona Rosa claro - Perfumer\u00eda \u00c1rabe","isPartOf":{"@id":"https:\/\/www.parfumerie-arabe.com\/#website"},"primaryImageOfPage":{"@id":"https:\/\/www.parfumerie-arabe.com\/produit\/brosse-nettoyante-visage-en-silicone-rose-clair\/#primaryimage"},"image":{"@id":"https:\/\/www.parfumerie-arabe.com\/produit\/brosse-nettoyante-visage-en-silicone-rose-clair\/#primaryimage"},"thumbnailUrl":"https:\/\/www.parfumerie-arabe.com\/wp-content\/uploads\/2023\/02\/Borsse-nettoyante-visage-silicone-rose-clair.jpg","datePublished":"2023-02-20T14:43:56+00:00","dateModified":"2025-09-09T12:22:23+00:00","breadcrumb":{"@id":"https:\/\/www.parfumerie-arabe.com\/produit\/brosse-nettoyante-visage-en-silicone-rose-clair\/#breadcrumb"},"inLanguage":"es","potentialAction":[{"@type":"ReadAction","target":["https:\/\/www.parfumerie-arabe.com\/produit\/brosse-nettoyante-visage-en-silicone-rose-clair\/"]}]},{"@type":"ImageObject","inLanguage":"es","@id":"https:\/\/www.parfumerie-arabe.com\/produit\/brosse-nettoyante-visage-en-silicone-rose-clair\/#primaryimage","url":"https:\/\/www.parfumerie-arabe.com\/wp-content\/uploads\/2023\/02\/Borsse-nettoyante-visage-silicone-rose-clair.jpg","contentUrl":"https:\/\/www.parfumerie-arabe.com\/wp-content\/uploads\/2023\/02\/Borsse-nettoyante-visage-silicone-rose-clair.jpg","width":600,"height":600},{"@type":"BreadcrumbList","@id":"https:\/\/www.parfumerie-arabe.com\/produit\/brosse-nettoyante-visage-en-silicone-rose-clair\/#breadcrumb","itemListElement":[{"@type":"ListItem","position":1,"name":"Accueil","item":"https:\/\/www.parfumerie-arabe.com\/"},{"@type":"ListItem","position":2,"name":"Boutique","item":"https:\/\/www.parfumerie-arabe.com\/boutique\/"},{"@type":"ListItem","position":3,"name":"Brosse nettoyante visage en silicone Rose clair"}]},{"@type":"WebSite","@id":"https:\/\/www.parfumerie-arabe.com\/#website","url":"https:\/\/www.parfumerie-arabe.com\/","name":"Perfumer\u00eda \u00e1rabe","description":"","publisher":{"@id":"https:\/\/www.parfumerie-arabe.com\/#organization"},"potentialAction":[{"@type":"SearchAction","target":{"@type":"EntryPoint","urlTemplate":"https:\/\/www.parfumerie-arabe.com\/?s={search_term_string}"},"query-input":{"@type":"PropertyValueSpecification","valueRequired":true,"valueName":"search_term_string"}}],"inLanguage":"es"},{"@type":"Organization","@id":"https:\/\/www.parfumerie-arabe.com\/#organization","name":"Perfumer\u00eda \u00e1rabe","url":"https:\/\/www.parfumerie-arabe.com\/","logo":{"@type":"ImageObject","inLanguage":"es","@id":"https:\/\/www.parfumerie-arabe.com\/#\/schema\/logo\/image\/","url":"https:\/\/www.parfumerie-arabe.com\/wp-content\/uploads\/2022\/08\/logo-parfumerie-arabe.png","contentUrl":"https:\/\/www.parfumerie-arabe.com\/wp-content\/uploads\/2022\/08\/logo-parfumerie-arabe.png","width":600,"height":171,"caption":"Parfumerie arabe"},"image":{"@id":"https:\/\/www.parfumerie-arabe.com\/#\/schema\/logo\/image\/"}}]}},"_links":{"self":[{"href":"https:\/\/www.parfumerie-arabe.com\/es\/wp-json\/wp\/v2\/product\/1738","targetHints":{"allow":["GET"]}}],"collection":[{"href":"https:\/\/www.parfumerie-arabe.com\/es\/wp-json\/wp\/v2\/product"}],"about":[{"href":"https:\/\/www.parfumerie-arabe.com\/es\/wp-json\/wp\/v2\/types\/product"}],"wp:featuredmedia":[{"embeddable":true,"href":"https:\/\/www.parfumerie-arabe.com\/es\/wp-json\/wp\/v2\/media\/1757"}],"wp:attachment":[{"href":"https:\/\/www.parfumerie-arabe.com\/es\/wp-json\/wp\/v2\/media?parent=1738"}],"wp:term":[{"taxonomy":"product_brand","embeddable":true,"href":"https:\/\/www.parfumerie-arabe.com\/es\/wp-json\/wp\/v2\/product_brand?post=1738"},{"taxonomy":"product_cat","embeddable":true,"href":"https:\/\/www.parfumerie-arabe.com\/es\/wp-json\/wp\/v2\/product_cat?post=1738"},{"taxonomy":"product_tag","embeddable":true,"href":"https:\/\/www.parfumerie-arabe.com\/es\/wp-json\/wp\/v2\/product_tag?post=1738"}],"curies":[{"name":"wp","href":"https:\/\/api.w.org\/{rel}","templated":true}]}}