{"id":194,"date":"2015-08-20T17:13:50","date_gmt":"2015-08-20T17:13:50","guid":{"rendered":"https:\/\/www.parfumerie-arabe.com\/?post_type=product&#038;p=194"},"modified":"2026-03-15T03:58:08","modified_gmt":"2026-03-15T03:58:08","slug":"bruma-perfumada-musk-tahara-100-ml-hamidi","status":"publish","type":"product","link":"https:\/\/www.parfumerie-arabe.com\/es\/produit\/brume-parfumee-musk-tahara-100ml-hamidi\/","title":{"rendered":"Bruma perfumada Musk Tahara 100 ml \u2013 Hamidi"},"content":{"rendered":"<p>La bruma perfumada Musk Tahara es, sin duda, la fragancia que hay que tener. De hecho, sus notas orientales, afrutadas y golosas ser\u00e1n una aut\u00e9ntica <strong>adorno<\/strong>. Discretas y potentes a la vez, te realzar\u00e1n. Adem\u00e1s, despu\u00e9s de tu visita, dejar\u00e1s una\u00a0<strong>huella suave<\/strong>\u00a0que maravillar\u00e1 al p\u00fablico.<\/p>\n<h2><strong>La bruma perfumada Musk Tahara: una fragancia oriental<\/strong><\/h2>\n<p>Esta fragancia ligera te recordar\u00e1 a la\u00a0<strong>sensualidad<\/strong>\u00a0y la\u00a0<strong>delicadeza<\/strong><strong>\u00a0de las mujeres orientales. De hecho, el almizcle blanco te cautivar\u00e1 con su aroma dulce y suave. Y la golosa vainilla aportar\u00e1 voluptuosidad a esta fragancia. Pero eso sin contar con la delicada rosa, que envolver\u00e1 estas notas con su frescura y ligereza, como en Mukhallat Musk et Ambre. El efecto sobre tu piel ser\u00e1 inmediato: te sentir\u00e1s bella y deseable.\u00a0<\/strong><\/p>\n<h2><strong>El perfume Musk Tahara: una agradable alternativa para las pieles sensibles.<\/strong><\/h2>\n<p>Esa es la ventaja de usar un spray. De hecho, al no contener alcohol, ser\u00e1 una delicia para los\u00a0<strong>pieles fr\u00e1giles<\/strong>. De este modo, podr\u00e1 disfrutar plenamente de los aromas orientales sin temor a agredir su piel. Adem\u00e1s, podr\u00e1 perfumarse tanto como desee sin cometer un error de gusto. Y eso sin contar con el hecho de que podr\u00e1 vaporizar sus\u00a0<strong>vestidos<\/strong>\u00a0y su\u00a0<strong>cabello<\/strong>. A menos que opte por un\u00a0<a href=\"https:\/\/www.parfumerie-arabe.com\/es\/coleccion\/hair-mist-perfume-para-el-cabello\/\"><strong>perfume para el cabello<\/strong><\/a>.<\/p>\n<h3><strong>Adopta un ritual de bruma cada ma\u00f1ana<\/strong><\/h3>\n<p>Es un h\u00e1bito alegre que puedes adoptar cada d\u00eda despu\u00e9s de la ducha. De hecho, despertar\u00e1s todo tu cuerpo en un\u00a0<strong>sinfon\u00eda alegre y perfumada<\/strong>. Por lo tanto, le recomendamos que se perfume despu\u00e9s de secarse y antes de vestirse. En cuanto al cabello, puede hacerlo antes o despu\u00e9s de peinarse. Sin embargo, si desea que el aroma perdure, apl\u00edquelo en todo el cabello antes de peinarlo. Adem\u00e1s, este ritual combinar\u00e1 a la perfecci\u00f3n con su eau de parfum. De este modo,\u00a0<a href=\"https:\/\/www.parfumerie-arabe.com\/es\/product\/eau-de-parfum-matiere-jean-lowe-100-ml-maison-alhambra\/\"><strong>Material Jean Lowe\u00a0<\/strong><\/a>de Maison Alhambra combinar\u00e1 a la perfecci\u00f3n con Musk Tahara.<\/p>","protected":false},"excerpt":{"rendered":"<p><strong>Notas olfativas:<\/strong><\/p>\n<p>Notas de almizcle blanco, vainilla y rosa.<\/p>\n<p>Bruma perfumada 100% natural (sin alcohol).<\/p>","protected":false},"featured_media":1029,"template":"","meta":[],"product_brand":[],"product_cat":[26,112,110,27],"product_tag":[],"class_list":{"0":"post-194","1":"product","2":"type-product","3":"status-publish","4":"has-post-thumbnail","6":"product_cat-brume-dubai","7":"product_cat-brume-hamidi","8":"product_cat-brume-parfumee","9":"product_cat-hamidi","11":"first","12":"outofstock","13":"taxable","14":"shipping-taxable","15":"purchasable","16":"product-type-simple"},"yoast_head":"<!-- This site is optimized with the Yoast SEO plugin v27.4 - https:\/\/yoast.com\/product\/yoast-seo-wordpress\/ -->\n<title>Brume parfum\u00e9e Musk Tahara I Collection Hamidi I 100ml<\/title>\n<meta name=\"description\" content=\"La brume parfum\u00e9e Musk Tahara est, sans conteste, la fragrance \u00e0 avoir. En effet, ses notes orientales, fruit\u00e9es et gourmandes seront une vraie parure.\" \/>\n<meta name=\"robots\" content=\"index, follow, max-snippet:-1, max-image-preview:large, max-video-preview:-1\" \/>\n<link rel=\"canonical\" href=\"https:\/\/www.parfumerie-arabe.com\/es\/product\/bruma-perfumada-musk-tahara-100-ml-hamidi\/\" \/>\n<meta property=\"og:locale\" content=\"es_ES\" \/>\n<meta property=\"og:type\" content=\"article\" \/>\n<meta property=\"og:title\" content=\"Brume parfum\u00e9e Musk Tahara I Collection Hamidi I 100ml\" \/>\n<meta property=\"og:description\" content=\"La brume parfum\u00e9e Musk Tahara est, sans conteste, la fragrance \u00e0 avoir. En effet, ses notes orientales, fruit\u00e9es et gourmandes seront une vraie parure.\" \/>\n<meta property=\"og:url\" content=\"https:\/\/www.parfumerie-arabe.com\/es\/product\/bruma-perfumada-musk-tahara-100-ml-hamidi\/\" \/>\n<meta property=\"og:site_name\" content=\"Parfumerie Arabe\" \/>\n<meta property=\"article:modified_time\" content=\"2026-03-15T03:58:08+00:00\" \/>\n<meta property=\"og:image\" content=\"https:\/\/www.parfumerie-arabe.com\/wp-content\/uploads\/2022\/08\/brume-parfumee-hamidi-musk-tahara.jpg\" \/>\n\t<meta property=\"og:image:width\" content=\"600\" \/>\n\t<meta property=\"og:image:height\" content=\"600\" \/>\n\t<meta property=\"og:image:type\" content=\"image\/jpeg\" \/>\n<meta name=\"twitter:card\" content=\"summary_large_image\" \/>\n<meta name=\"twitter:label1\" content=\"Tiempo de lectura\" \/>\n\t<meta name=\"twitter:data1\" content=\"2 minutos\" \/>\n<script type=\"application\/ld+json\" class=\"yoast-schema-graph\">{\"@context\":\"https:\\\/\\\/schema.org\",\"@graph\":[{\"@type\":\"WebPage\",\"@id\":\"https:\\\/\\\/www.parfumerie-arabe.com\\\/produit\\\/brume-parfumee-musk-tahara-100ml-hamidi\\\/\",\"url\":\"https:\\\/\\\/www.parfumerie-arabe.com\\\/produit\\\/brume-parfumee-musk-tahara-100ml-hamidi\\\/\",\"name\":\"Brume parfum\u00e9e Musk Tahara I Collection Hamidi I 100ml\",\"isPartOf\":{\"@id\":\"https:\\\/\\\/www.parfumerie-arabe.com\\\/#website\"},\"primaryImageOfPage\":{\"@id\":\"https:\\\/\\\/www.parfumerie-arabe.com\\\/produit\\\/brume-parfumee-musk-tahara-100ml-hamidi\\\/#primaryimage\"},\"image\":{\"@id\":\"https:\\\/\\\/www.parfumerie-arabe.com\\\/produit\\\/brume-parfumee-musk-tahara-100ml-hamidi\\\/#primaryimage\"},\"thumbnailUrl\":\"https:\\\/\\\/www.parfumerie-arabe.com\\\/wp-content\\\/uploads\\\/2022\\\/08\\\/brume-parfumee-hamidi-musk-tahara.jpg\",\"datePublished\":\"2015-08-20T17:13:50+00:00\",\"dateModified\":\"2026-03-15T03:58:08+00:00\",\"description\":\"La brume parfum\u00e9e Musk Tahara est, sans conteste, la fragrance \u00e0 avoir. En effet, ses notes orientales, fruit\u00e9es et gourmandes seront une vraie parure.\",\"breadcrumb\":{\"@id\":\"https:\\\/\\\/www.parfumerie-arabe.com\\\/produit\\\/brume-parfumee-musk-tahara-100ml-hamidi\\\/#breadcrumb\"},\"inLanguage\":\"es\",\"potentialAction\":[{\"@type\":\"ReadAction\",\"target\":[\"https:\\\/\\\/www.parfumerie-arabe.com\\\/produit\\\/brume-parfumee-musk-tahara-100ml-hamidi\\\/\"]}]},{\"@type\":\"ImageObject\",\"inLanguage\":\"es\",\"@id\":\"https:\\\/\\\/www.parfumerie-arabe.com\\\/produit\\\/brume-parfumee-musk-tahara-100ml-hamidi\\\/#primaryimage\",\"url\":\"https:\\\/\\\/www.parfumerie-arabe.com\\\/wp-content\\\/uploads\\\/2022\\\/08\\\/brume-parfumee-hamidi-musk-tahara.jpg\",\"contentUrl\":\"https:\\\/\\\/www.parfumerie-arabe.com\\\/wp-content\\\/uploads\\\/2022\\\/08\\\/brume-parfumee-hamidi-musk-tahara.jpg\",\"width\":600,\"height\":600,\"caption\":\"brume parfume\u0301e hamidi musk tahara\"},{\"@type\":\"BreadcrumbList\",\"@id\":\"https:\\\/\\\/www.parfumerie-arabe.com\\\/produit\\\/brume-parfumee-musk-tahara-100ml-hamidi\\\/#breadcrumb\",\"itemListElement\":[{\"@type\":\"ListItem\",\"position\":1,\"name\":\"Accueil\",\"item\":\"https:\\\/\\\/www.parfumerie-arabe.com\\\/\"},{\"@type\":\"ListItem\",\"position\":2,\"name\":\"Boutique\",\"item\":\"https:\\\/\\\/www.parfumerie-arabe.com\\\/boutique\\\/\"},{\"@type\":\"ListItem\",\"position\":3,\"name\":\"Brume parfum\u00e9e Musk Tahara 100ml \u2013 Hamidi\"}]},{\"@type\":\"WebSite\",\"@id\":\"https:\\\/\\\/www.parfumerie-arabe.com\\\/#website\",\"url\":\"https:\\\/\\\/www.parfumerie-arabe.com\\\/\",\"name\":\"Parfumerie Arabe\",\"description\":\"\",\"publisher\":{\"@id\":\"https:\\\/\\\/www.parfumerie-arabe.com\\\/#organization\"},\"potentialAction\":[{\"@type\":\"SearchAction\",\"target\":{\"@type\":\"EntryPoint\",\"urlTemplate\":\"https:\\\/\\\/www.parfumerie-arabe.com\\\/?s={search_term_string}\"},\"query-input\":{\"@type\":\"PropertyValueSpecification\",\"valueRequired\":true,\"valueName\":\"search_term_string\"}}],\"inLanguage\":\"es\"},{\"@type\":\"Organization\",\"@id\":\"https:\\\/\\\/www.parfumerie-arabe.com\\\/#organization\",\"name\":\"Parfumerie arabe\",\"url\":\"https:\\\/\\\/www.parfumerie-arabe.com\\\/\",\"logo\":{\"@type\":\"ImageObject\",\"inLanguage\":\"es\",\"@id\":\"https:\\\/\\\/www.parfumerie-arabe.com\\\/#\\\/schema\\\/logo\\\/image\\\/\",\"url\":\"https:\\\/\\\/www.parfumerie-arabe.com\\\/wp-content\\\/uploads\\\/2022\\\/08\\\/logo-parfumerie-arabe.png\",\"contentUrl\":\"https:\\\/\\\/www.parfumerie-arabe.com\\\/wp-content\\\/uploads\\\/2022\\\/08\\\/logo-parfumerie-arabe.png\",\"width\":600,\"height\":171,\"caption\":\"Parfumerie arabe\"},\"image\":{\"@id\":\"https:\\\/\\\/www.parfumerie-arabe.com\\\/#\\\/schema\\\/logo\\\/image\\\/\"}}]}<\/script>\n<!-- \/ Yoast SEO plugin. -->","yoast_head_json":{"title":"Bruma perfumada Musk Tahara I Colecci\u00f3n Hamidi I 100 ml","description":"La bruma perfumada Musk Tahara es, sin duda, la fragancia que hay que tener. De hecho, sus notas orientales, afrutadas y golosas ser\u00e1n un verdadero adorno.","robots":{"index":"index","follow":"follow","max-snippet":"max-snippet:-1","max-image-preview":"max-image-preview:large","max-video-preview":"max-video-preview:-1"},"canonical":"https:\/\/www.parfumerie-arabe.com\/es\/product\/bruma-perfumada-musk-tahara-100-ml-hamidi\/","og_locale":"es_ES","og_type":"article","og_title":"Brume parfum\u00e9e Musk Tahara I Collection Hamidi I 100ml","og_description":"La brume parfum\u00e9e Musk Tahara est, sans conteste, la fragrance \u00e0 avoir. En effet, ses notes orientales, fruit\u00e9es et gourmandes seront une vraie parure.","og_url":"https:\/\/www.parfumerie-arabe.com\/es\/product\/bruma-perfumada-musk-tahara-100-ml-hamidi\/","og_site_name":"Parfumerie Arabe","article_modified_time":"2026-03-15T03:58:08+00:00","og_image":[{"width":600,"height":600,"url":"https:\/\/www.parfumerie-arabe.com\/wp-content\/uploads\/2022\/08\/brume-parfumee-hamidi-musk-tahara.jpg","type":"image\/jpeg"}],"twitter_card":"summary_large_image","twitter_misc":{"Tiempo de lectura":"2 minutos"},"schema":{"@context":"https:\/\/schema.org","@graph":[{"@type":"WebPage","@id":"https:\/\/www.parfumerie-arabe.com\/produit\/brume-parfumee-musk-tahara-100ml-hamidi\/","url":"https:\/\/www.parfumerie-arabe.com\/produit\/brume-parfumee-musk-tahara-100ml-hamidi\/","name":"Bruma perfumada Musk Tahara I Colecci\u00f3n Hamidi I 100 ml","isPartOf":{"@id":"https:\/\/www.parfumerie-arabe.com\/#website"},"primaryImageOfPage":{"@id":"https:\/\/www.parfumerie-arabe.com\/produit\/brume-parfumee-musk-tahara-100ml-hamidi\/#primaryimage"},"image":{"@id":"https:\/\/www.parfumerie-arabe.com\/produit\/brume-parfumee-musk-tahara-100ml-hamidi\/#primaryimage"},"thumbnailUrl":"https:\/\/www.parfumerie-arabe.com\/wp-content\/uploads\/2022\/08\/brume-parfumee-hamidi-musk-tahara.jpg","datePublished":"2015-08-20T17:13:50+00:00","dateModified":"2026-03-15T03:58:08+00:00","description":"La bruma perfumada Musk Tahara es, sin duda, la fragancia que hay que tener. De hecho, sus notas orientales, afrutadas y golosas ser\u00e1n un verdadero adorno.","breadcrumb":{"@id":"https:\/\/www.parfumerie-arabe.com\/produit\/brume-parfumee-musk-tahara-100ml-hamidi\/#breadcrumb"},"inLanguage":"es","potentialAction":[{"@type":"ReadAction","target":["https:\/\/www.parfumerie-arabe.com\/produit\/brume-parfumee-musk-tahara-100ml-hamidi\/"]}]},{"@type":"ImageObject","inLanguage":"es","@id":"https:\/\/www.parfumerie-arabe.com\/produit\/brume-parfumee-musk-tahara-100ml-hamidi\/#primaryimage","url":"https:\/\/www.parfumerie-arabe.com\/wp-content\/uploads\/2022\/08\/brume-parfumee-hamidi-musk-tahara.jpg","contentUrl":"https:\/\/www.parfumerie-arabe.com\/wp-content\/uploads\/2022\/08\/brume-parfumee-hamidi-musk-tahara.jpg","width":600,"height":600,"caption":"brume parfume\u0301e hamidi musk tahara"},{"@type":"BreadcrumbList","@id":"https:\/\/www.parfumerie-arabe.com\/produit\/brume-parfumee-musk-tahara-100ml-hamidi\/#breadcrumb","itemListElement":[{"@type":"ListItem","position":1,"name":"Accueil","item":"https:\/\/www.parfumerie-arabe.com\/"},{"@type":"ListItem","position":2,"name":"Boutique","item":"https:\/\/www.parfumerie-arabe.com\/boutique\/"},{"@type":"ListItem","position":3,"name":"Brume parfum\u00e9e Musk Tahara 100ml \u2013 Hamidi"}]},{"@type":"WebSite","@id":"https:\/\/www.parfumerie-arabe.com\/#website","url":"https:\/\/www.parfumerie-arabe.com\/","name":"Perfumer\u00eda \u00e1rabe","description":"","publisher":{"@id":"https:\/\/www.parfumerie-arabe.com\/#organization"},"potentialAction":[{"@type":"SearchAction","target":{"@type":"EntryPoint","urlTemplate":"https:\/\/www.parfumerie-arabe.com\/?s={search_term_string}"},"query-input":{"@type":"PropertyValueSpecification","valueRequired":true,"valueName":"search_term_string"}}],"inLanguage":"es"},{"@type":"Organization","@id":"https:\/\/www.parfumerie-arabe.com\/#organization","name":"Perfumer\u00eda \u00e1rabe","url":"https:\/\/www.parfumerie-arabe.com\/","logo":{"@type":"ImageObject","inLanguage":"es","@id":"https:\/\/www.parfumerie-arabe.com\/#\/schema\/logo\/image\/","url":"https:\/\/www.parfumerie-arabe.com\/wp-content\/uploads\/2022\/08\/logo-parfumerie-arabe.png","contentUrl":"https:\/\/www.parfumerie-arabe.com\/wp-content\/uploads\/2022\/08\/logo-parfumerie-arabe.png","width":600,"height":171,"caption":"Parfumerie arabe"},"image":{"@id":"https:\/\/www.parfumerie-arabe.com\/#\/schema\/logo\/image\/"}}]}},"_links":{"self":[{"href":"https:\/\/www.parfumerie-arabe.com\/es\/wp-json\/wp\/v2\/product\/194","targetHints":{"allow":["GET"]}}],"collection":[{"href":"https:\/\/www.parfumerie-arabe.com\/es\/wp-json\/wp\/v2\/product"}],"about":[{"href":"https:\/\/www.parfumerie-arabe.com\/es\/wp-json\/wp\/v2\/types\/product"}],"wp:featuredmedia":[{"embeddable":true,"href":"https:\/\/www.parfumerie-arabe.com\/es\/wp-json\/wp\/v2\/media\/1029"}],"wp:attachment":[{"href":"https:\/\/www.parfumerie-arabe.com\/es\/wp-json\/wp\/v2\/media?parent=194"}],"wp:term":[{"taxonomy":"product_brand","embeddable":true,"href":"https:\/\/www.parfumerie-arabe.com\/es\/wp-json\/wp\/v2\/product_brand?post=194"},{"taxonomy":"product_cat","embeddable":true,"href":"https:\/\/www.parfumerie-arabe.com\/es\/wp-json\/wp\/v2\/product_cat?post=194"},{"taxonomy":"product_tag","embeddable":true,"href":"https:\/\/www.parfumerie-arabe.com\/es\/wp-json\/wp\/v2\/product_tag?post=194"}],"curies":[{"name":"wp","href":"https:\/\/api.w.org\/{rel}","templated":true}]}}