{"id":2024,"date":"2015-02-20T15:08:01","date_gmt":"2015-02-20T15:08:01","guid":{"rendered":"https:\/\/www.parfumerie-arabe.com\/?post_type=product&#038;p=2024"},"modified":"2026-04-23T13:33:49","modified_gmt":"2026-04-23T13:33:49","slug":"chipre-dinastia-maissa-paris","status":"publish","type":"product","link":"https:\/\/www.parfumerie-arabe.com\/es\/produit\/chypre-dynastie-maissa-paris\/","title":{"rendered":"Chypre Dynastie 50 ml \u2013 Ma\u00efssa Paris"},"content":{"rendered":"","protected":false},"excerpt":{"rendered":"<p><strong>Nombre del perfume:<\/strong> Chipre Dinast\u00eda<br \/>\n<strong>Marca:<\/strong>\u00a0Ma\u00efssa Par\u00eds<br \/>\n<strong>Vaporizador de 50 ml<\/strong><\/p>\n<p>Pir\u00e1mide olfativa<\/p>\n<ul>\n<li>\n<div><b>Notas de salida:\u00a0<\/b>Esencia de elem\u00ed, bergamota, bayas de rosa.<\/div>\n<\/li>\n<li>\n<div><b>Notas de coraz\u00f3n:<\/b>\u00a0Rosa b\u00falgara, esencia de madera de cedro de Virginia, pachul\u00ed.<\/div>\n<\/li>\n<li>\n<div><b>Notas de fondo:<\/b>\u00a0Absoluto de vainilla, almizcle moderno, musgo de roble.<\/div>\n<\/li>\n<\/ul>","protected":false},"featured_media":2042,"template":"","meta":[],"product_brand":[],"product_cat":[81,15],"product_tag":[],"class_list":{"0":"post-2024","1":"product","2":"type-product","3":"status-publish","4":"has-post-thumbnail","6":"product_cat-maissa-paris","7":"product_cat-parfum-homme","9":"first","10":"instock","11":"taxable","12":"shipping-taxable","13":"purchasable","14":"product-type-simple"},"yoast_head":"<!-- This site is optimized with the Yoast SEO plugin v27.5 - https:\/\/yoast.com\/product\/yoast-seo-wordpress\/ -->\n<title>Chypre Dynastie 50ml - Ma\u00efssa Paris - Parfumerie Arabe<\/title>\n<meta name=\"robots\" content=\"index, follow, max-snippet:-1, max-image-preview:large, max-video-preview:-1\" \/>\n<link rel=\"canonical\" href=\"https:\/\/www.parfumerie-arabe.com\/es\/product\/chipre-dinastia-maissa-paris\/\" \/>\n<meta property=\"og:locale\" content=\"es_ES\" \/>\n<meta property=\"og:type\" content=\"article\" \/>\n<meta property=\"og:title\" content=\"Chypre Dynastie 50ml - Ma\u00efssa Paris - Parfumerie Arabe\" \/>\n<meta property=\"og:description\" content=\"Nom du parfum : Chypre Dynastie Marque :\u00a0Ma\u00efssa Paris Vaporisateur 50 ml  Pyramide Olfactive    Notes de t\u00eate :\u00a0Essence El\u00e9mi, Bergamote, Baie de rose.   Notes de c\u0153ur :\u00a0Rose Bulgare, Essence de bois de c\u00e8dre Virginie, Patchouli.   Notes de fond :\u00a0Absolu Vanille, Musc moderne, Mousse de Ch\u00eane.\" \/>\n<meta property=\"og:url\" content=\"https:\/\/www.parfumerie-arabe.com\/es\/product\/chipre-dinastia-maissa-paris\/\" \/>\n<meta property=\"og:site_name\" content=\"Parfumerie Arabe\" \/>\n<meta property=\"article:modified_time\" content=\"2026-04-23T13:33:49+00:00\" \/>\n<meta property=\"og:image\" content=\"https:\/\/www.parfumerie-arabe.com\/wp-content\/uploads\/2023\/02\/Parfum-Maissa-paris-Chypre-Dynastie-1.png\" \/>\n\t<meta property=\"og:image:width\" content=\"600\" \/>\n\t<meta property=\"og:image:height\" content=\"600\" \/>\n\t<meta property=\"og:image:type\" content=\"image\/png\" \/>\n<meta name=\"twitter:card\" content=\"summary_large_image\" \/>\n<script type=\"application\/ld+json\" class=\"yoast-schema-graph\">{\"@context\":\"https:\\\/\\\/schema.org\",\"@graph\":[{\"@type\":\"WebPage\",\"@id\":\"https:\\\/\\\/www.parfumerie-arabe.com\\\/produit\\\/chypre-dynastie-maissa-paris\\\/\",\"url\":\"https:\\\/\\\/www.parfumerie-arabe.com\\\/produit\\\/chypre-dynastie-maissa-paris\\\/\",\"name\":\"Chypre Dynastie 50ml - Ma\u00efssa Paris - Parfumerie Arabe\",\"isPartOf\":{\"@id\":\"https:\\\/\\\/www.parfumerie-arabe.com\\\/#website\"},\"primaryImageOfPage\":{\"@id\":\"https:\\\/\\\/www.parfumerie-arabe.com\\\/produit\\\/chypre-dynastie-maissa-paris\\\/#primaryimage\"},\"image\":{\"@id\":\"https:\\\/\\\/www.parfumerie-arabe.com\\\/produit\\\/chypre-dynastie-maissa-paris\\\/#primaryimage\"},\"thumbnailUrl\":\"https:\\\/\\\/www.parfumerie-arabe.com\\\/wp-content\\\/uploads\\\/2023\\\/02\\\/Parfum-Maissa-paris-Chypre-Dynastie-1.png\",\"datePublished\":\"2015-02-20T15:08:01+00:00\",\"dateModified\":\"2026-04-23T13:33:49+00:00\",\"breadcrumb\":{\"@id\":\"https:\\\/\\\/www.parfumerie-arabe.com\\\/produit\\\/chypre-dynastie-maissa-paris\\\/#breadcrumb\"},\"inLanguage\":\"es\",\"potentialAction\":[{\"@type\":\"ReadAction\",\"target\":[\"https:\\\/\\\/www.parfumerie-arabe.com\\\/produit\\\/chypre-dynastie-maissa-paris\\\/\"]}]},{\"@type\":\"ImageObject\",\"inLanguage\":\"es\",\"@id\":\"https:\\\/\\\/www.parfumerie-arabe.com\\\/produit\\\/chypre-dynastie-maissa-paris\\\/#primaryimage\",\"url\":\"https:\\\/\\\/www.parfumerie-arabe.com\\\/wp-content\\\/uploads\\\/2023\\\/02\\\/Parfum-Maissa-paris-Chypre-Dynastie-1.png\",\"contentUrl\":\"https:\\\/\\\/www.parfumerie-arabe.com\\\/wp-content\\\/uploads\\\/2023\\\/02\\\/Parfum-Maissa-paris-Chypre-Dynastie-1.png\",\"width\":600,\"height\":600},{\"@type\":\"BreadcrumbList\",\"@id\":\"https:\\\/\\\/www.parfumerie-arabe.com\\\/produit\\\/chypre-dynastie-maissa-paris\\\/#breadcrumb\",\"itemListElement\":[{\"@type\":\"ListItem\",\"position\":1,\"name\":\"Accueil\",\"item\":\"https:\\\/\\\/www.parfumerie-arabe.com\\\/\"},{\"@type\":\"ListItem\",\"position\":2,\"name\":\"Boutique\",\"item\":\"https:\\\/\\\/www.parfumerie-arabe.com\\\/boutique\\\/\"},{\"@type\":\"ListItem\",\"position\":3,\"name\":\"Chypre Dynastie 50ml &#8211; Ma\u00efssa Paris\"}]},{\"@type\":\"WebSite\",\"@id\":\"https:\\\/\\\/www.parfumerie-arabe.com\\\/#website\",\"url\":\"https:\\\/\\\/www.parfumerie-arabe.com\\\/\",\"name\":\"Parfumerie Arabe\",\"description\":\"\",\"publisher\":{\"@id\":\"https:\\\/\\\/www.parfumerie-arabe.com\\\/#organization\"},\"potentialAction\":[{\"@type\":\"SearchAction\",\"target\":{\"@type\":\"EntryPoint\",\"urlTemplate\":\"https:\\\/\\\/www.parfumerie-arabe.com\\\/?s={search_term_string}\"},\"query-input\":{\"@type\":\"PropertyValueSpecification\",\"valueRequired\":true,\"valueName\":\"search_term_string\"}}],\"inLanguage\":\"es\"},{\"@type\":\"Organization\",\"@id\":\"https:\\\/\\\/www.parfumerie-arabe.com\\\/#organization\",\"name\":\"Parfumerie arabe\",\"url\":\"https:\\\/\\\/www.parfumerie-arabe.com\\\/\",\"logo\":{\"@type\":\"ImageObject\",\"inLanguage\":\"es\",\"@id\":\"https:\\\/\\\/www.parfumerie-arabe.com\\\/#\\\/schema\\\/logo\\\/image\\\/\",\"url\":\"https:\\\/\\\/www.parfumerie-arabe.com\\\/wp-content\\\/uploads\\\/2022\\\/08\\\/logo-parfumerie-arabe.png\",\"contentUrl\":\"https:\\\/\\\/www.parfumerie-arabe.com\\\/wp-content\\\/uploads\\\/2022\\\/08\\\/logo-parfumerie-arabe.png\",\"width\":600,\"height\":171,\"caption\":\"Parfumerie arabe\"},\"image\":{\"@id\":\"https:\\\/\\\/www.parfumerie-arabe.com\\\/#\\\/schema\\\/logo\\\/image\\\/\"}}]}<\/script>\n<!-- \/ Yoast SEO plugin. -->","yoast_head_json":{"title":"Chypre Dynastie 50 ml - Ma\u00efssa Paris - Perfumer\u00eda \u00e1rabe","robots":{"index":"index","follow":"follow","max-snippet":"max-snippet:-1","max-image-preview":"max-image-preview:large","max-video-preview":"max-video-preview:-1"},"canonical":"https:\/\/www.parfumerie-arabe.com\/es\/product\/chipre-dinastia-maissa-paris\/","og_locale":"es_ES","og_type":"article","og_title":"Chypre Dynastie 50ml - Ma\u00efssa Paris - Parfumerie Arabe","og_description":"Nom du parfum : Chypre Dynastie Marque :\u00a0Ma\u00efssa Paris Vaporisateur 50 ml  Pyramide Olfactive    Notes de t\u00eate :\u00a0Essence El\u00e9mi, Bergamote, Baie de rose.   Notes de c\u0153ur :\u00a0Rose Bulgare, Essence de bois de c\u00e8dre Virginie, Patchouli.   Notes de fond :\u00a0Absolu Vanille, Musc moderne, Mousse de Ch\u00eane.","og_url":"https:\/\/www.parfumerie-arabe.com\/es\/product\/chipre-dinastia-maissa-paris\/","og_site_name":"Parfumerie Arabe","article_modified_time":"2026-04-23T13:33:49+00:00","og_image":[{"width":600,"height":600,"url":"https:\/\/www.parfumerie-arabe.com\/wp-content\/uploads\/2023\/02\/Parfum-Maissa-paris-Chypre-Dynastie-1.png","type":"image\/png"}],"twitter_card":"summary_large_image","schema":{"@context":"https:\/\/schema.org","@graph":[{"@type":"WebPage","@id":"https:\/\/www.parfumerie-arabe.com\/produit\/chypre-dynastie-maissa-paris\/","url":"https:\/\/www.parfumerie-arabe.com\/produit\/chypre-dynastie-maissa-paris\/","name":"Chypre Dynastie 50 ml - Ma\u00efssa Paris - Perfumer\u00eda \u00e1rabe","isPartOf":{"@id":"https:\/\/www.parfumerie-arabe.com\/#website"},"primaryImageOfPage":{"@id":"https:\/\/www.parfumerie-arabe.com\/produit\/chypre-dynastie-maissa-paris\/#primaryimage"},"image":{"@id":"https:\/\/www.parfumerie-arabe.com\/produit\/chypre-dynastie-maissa-paris\/#primaryimage"},"thumbnailUrl":"https:\/\/www.parfumerie-arabe.com\/wp-content\/uploads\/2023\/02\/Parfum-Maissa-paris-Chypre-Dynastie-1.png","datePublished":"2015-02-20T15:08:01+00:00","dateModified":"2026-04-23T13:33:49+00:00","breadcrumb":{"@id":"https:\/\/www.parfumerie-arabe.com\/produit\/chypre-dynastie-maissa-paris\/#breadcrumb"},"inLanguage":"es","potentialAction":[{"@type":"ReadAction","target":["https:\/\/www.parfumerie-arabe.com\/produit\/chypre-dynastie-maissa-paris\/"]}]},{"@type":"ImageObject","inLanguage":"es","@id":"https:\/\/www.parfumerie-arabe.com\/produit\/chypre-dynastie-maissa-paris\/#primaryimage","url":"https:\/\/www.parfumerie-arabe.com\/wp-content\/uploads\/2023\/02\/Parfum-Maissa-paris-Chypre-Dynastie-1.png","contentUrl":"https:\/\/www.parfumerie-arabe.com\/wp-content\/uploads\/2023\/02\/Parfum-Maissa-paris-Chypre-Dynastie-1.png","width":600,"height":600},{"@type":"BreadcrumbList","@id":"https:\/\/www.parfumerie-arabe.com\/produit\/chypre-dynastie-maissa-paris\/#breadcrumb","itemListElement":[{"@type":"ListItem","position":1,"name":"Accueil","item":"https:\/\/www.parfumerie-arabe.com\/"},{"@type":"ListItem","position":2,"name":"Boutique","item":"https:\/\/www.parfumerie-arabe.com\/boutique\/"},{"@type":"ListItem","position":3,"name":"Chypre Dynastie 50ml &#8211; Ma\u00efssa Paris"}]},{"@type":"WebSite","@id":"https:\/\/www.parfumerie-arabe.com\/#website","url":"https:\/\/www.parfumerie-arabe.com\/","name":"Perfumer\u00eda \u00e1rabe","description":"","publisher":{"@id":"https:\/\/www.parfumerie-arabe.com\/#organization"},"potentialAction":[{"@type":"SearchAction","target":{"@type":"EntryPoint","urlTemplate":"https:\/\/www.parfumerie-arabe.com\/?s={search_term_string}"},"query-input":{"@type":"PropertyValueSpecification","valueRequired":true,"valueName":"search_term_string"}}],"inLanguage":"es"},{"@type":"Organization","@id":"https:\/\/www.parfumerie-arabe.com\/#organization","name":"Perfumer\u00eda \u00e1rabe","url":"https:\/\/www.parfumerie-arabe.com\/","logo":{"@type":"ImageObject","inLanguage":"es","@id":"https:\/\/www.parfumerie-arabe.com\/#\/schema\/logo\/image\/","url":"https:\/\/www.parfumerie-arabe.com\/wp-content\/uploads\/2022\/08\/logo-parfumerie-arabe.png","contentUrl":"https:\/\/www.parfumerie-arabe.com\/wp-content\/uploads\/2022\/08\/logo-parfumerie-arabe.png","width":600,"height":171,"caption":"Parfumerie arabe"},"image":{"@id":"https:\/\/www.parfumerie-arabe.com\/#\/schema\/logo\/image\/"}}]}},"_links":{"self":[{"href":"https:\/\/www.parfumerie-arabe.com\/es\/wp-json\/wp\/v2\/product\/2024","targetHints":{"allow":["GET"]}}],"collection":[{"href":"https:\/\/www.parfumerie-arabe.com\/es\/wp-json\/wp\/v2\/product"}],"about":[{"href":"https:\/\/www.parfumerie-arabe.com\/es\/wp-json\/wp\/v2\/types\/product"}],"wp:featuredmedia":[{"embeddable":true,"href":"https:\/\/www.parfumerie-arabe.com\/es\/wp-json\/wp\/v2\/media\/2042"}],"wp:attachment":[{"href":"https:\/\/www.parfumerie-arabe.com\/es\/wp-json\/wp\/v2\/media?parent=2024"}],"wp:term":[{"taxonomy":"product_brand","embeddable":true,"href":"https:\/\/www.parfumerie-arabe.com\/es\/wp-json\/wp\/v2\/product_brand?post=2024"},{"taxonomy":"product_cat","embeddable":true,"href":"https:\/\/www.parfumerie-arabe.com\/es\/wp-json\/wp\/v2\/product_cat?post=2024"},{"taxonomy":"product_tag","embeddable":true,"href":"https:\/\/www.parfumerie-arabe.com\/es\/wp-json\/wp\/v2\/product_tag?post=2024"}],"curies":[{"name":"wp","href":"https:\/\/api.w.org\/{rel}","templated":true}]}}