{"id":2086,"date":"2023-02-20T15:08:59","date_gmt":"2023-02-20T15:08:59","guid":{"rendered":"https:\/\/www.parfumerie-arabe.com\/?post_type=product&#038;p=2086"},"modified":"2025-09-09T12:24:35","modified_gmt":"2025-09-09T12:24:35","slug":"prive-n6-perfume-50-ml-rp-parfums","status":"publish","type":"product","link":"https:\/\/www.parfumerie-arabe.com\/es\/produit\/prive-n6-parfum-50ml-rp-parfums\/","title":{"rendered":"Privado n.\u00ba 6 Perfume 50 ml \u2013 Rp Parfums"},"content":{"rendered":"<p>Priv\u00e9 n.\u00ba 6 de Rp Parfums es una creaci\u00f3n\u00a0<strong>gourmet<\/strong>\u00a0que te vestir\u00e1 con estilo. De hecho, si buscas una fragancia\u00a0<strong>suave <\/strong>y\u00a0<strong>tranquilizadora <\/strong>Aqu\u00ed encontrar\u00e1s lo que buscas. Porque eso es exactamente lo que te aportar\u00e1n el cacao y el haba tonka. Y el hecho de que esta combinaci\u00f3n est\u00e9 rodeada de flores y maderas va a\u00a0<strong>intensificar<\/strong>\u00a0ese placer.<\/p>\n<h2><strong>Privado n.\u00ba 6 de Rp Parfums: un baile gourmet<\/strong><\/h2>\n<p>Con la primera pulverizaci\u00f3n, las notas te invitan a un baile memorable. Al principio, los primeros segundos ser\u00e1n\u00a0<strong>frescas<\/strong>\u00a0y\u00a0<strong>burbujeantes<\/strong>. Pero la violeta aportar\u00e1, adem\u00e1s, un potente toque verde. A continuaci\u00f3n, llega r\u00e1pidamente el jazm\u00edn y deja su nota.\u00a0<strong>sensual<\/strong>\u00a0y\u00a0<strong>soleada<\/strong>.<\/p>\n<p>Y es en ese momento cuando percibir\u00e1 la haba tonka, que introduce el cacao. Estos aromas ex\u00f3ticos y dulces tendr\u00e1n un efecto\u00a0<strong>calmante <\/strong>extraordinario.<\/p>\n<p>Por su parte, el s\u00e1ndalo cierra el baile con profundidad y\u00a0<strong>carisma<\/strong>\u00a0como en\u00a0<strong>Habas preciosas<\/strong>\u00a0de M.A.H.<\/p>\n<h2><strong>Privado n.\u00ba 6 de Rp Parfum: una fragancia que inspira confianza<\/strong><\/h2>\n<p>Es uno de esos elixires que te dan alas para cumplir tus sue\u00f1os. Con \u00e9l, las barreras de tus complejos quedar\u00e1n en el olvido. Adem\u00e1s, resplandecer\u00e1s y ser\u00e1s la\u00a0<strong>lancha r\u00e1pida<\/strong>del momento. Porque sus ingredientes resaltar\u00e1n tus cualidades y tu encanto natural, como el delicioso <a href=\"https:\/\/www.parfumerie-arabe.com\/es\/product\/perfume-vie-de-reve-50-ml-rp-paris\/\"><strong>Vida de ensue\u00f1o<\/strong><\/a> de Rp Par\u00eds.<\/p>\n<h3><strong>Aromas golosos en fiesta<\/strong><\/h3>\n<p>La golosina es un pilar imprescindible de la perfumer\u00eda. As\u00ed, aporta\u00a0<strong>sensualidad<\/strong>\u00a0pero tambi\u00e9n\u00a0<strong>seguro<\/strong>\u00a0que embellecen a quien las lleva. Adem\u00e1s, estas notas c\u00e1lidas quedan bien tanto a hombres como a mujeres.<\/p>\n<p>As\u00ed,\u00a0<a href=\"https:\/\/www.parfumerie-arabe.com\/es\/product\/bussma-95-ml-oud-arabe\/\"><strong>Bussma<\/strong><\/a> Arabian Oud es una fragancia con car\u00e1cter en la que las maderas, las especias y las flores aportan exquisitos aromas. Adem\u00e1s, en\u00a0<a href=\"https:\/\/www.parfumerie-arabe.com\/es\/product\/petalos-de-rosa-80-ml-maison-alhambra\/\"><strong>P\u00e9talos de rosa<\/strong><\/a> de Maison Alhambra, la voluptuosidad que aporta la haba tonka ser\u00e1 m\u00e1s femenina y suave.<\/p>","protected":false},"excerpt":{"rendered":"<p><strong>Notas olfativas:<\/strong><\/p>\n<p><strong>Notas de salida<\/strong>\u00a0: Bergamota, violeta.<br \/>\n<strong>Notas de coraz\u00f3n<\/strong>\u00a0: Jazm\u00edn, haba tonka.<br \/>\n<strong>Notas de fondo<\/strong>\u00a0: Cacao, s\u00e1ndalo.<\/p>","protected":false},"featured_media":2100,"template":"","meta":[],"product_brand":[],"product_cat":[15,84],"product_tag":[],"class_list":{"0":"post-2086","1":"product","2":"type-product","3":"status-publish","4":"has-post-thumbnail","6":"product_cat-parfum-homme","7":"product_cat-rp-paris","9":"first","10":"instock","11":"taxable","12":"shipping-taxable","13":"purchasable","14":"product-type-simple"},"yoast_head":"<!-- This site is optimized with the Yoast SEO plugin v27.4 - https:\/\/yoast.com\/product\/yoast-seo-wordpress\/ -->\n<title>Priv\u00e9 n\u00b06 I Parfum fran\u00e7ais 50ml I Collection Rp Paris<\/title>\n<meta name=\"description\" content=\"Priv\u00e9 n\u00b06 de Rp Parfums est une cr\u00e9ation\u00a0gourmande\u00a0qui vous habillera avec style. En effet, si vous recherchez une fragrance\u00a0douce c&#039;est ce qu&#039;il faut.\" \/>\n<meta name=\"robots\" content=\"index, follow, max-snippet:-1, max-image-preview:large, max-video-preview:-1\" \/>\n<link rel=\"canonical\" href=\"https:\/\/www.parfumerie-arabe.com\/es\/product\/prive-n6-perfume-50-ml-rp-parfums\/\" \/>\n<meta property=\"og:locale\" content=\"es_ES\" \/>\n<meta property=\"og:type\" content=\"article\" \/>\n<meta property=\"og:title\" content=\"Priv\u00e9 n\u00b06 I Parfum fran\u00e7ais 50ml I Collection Rp Paris\" \/>\n<meta property=\"og:description\" content=\"Priv\u00e9 n\u00b06 de Rp Parfums est une cr\u00e9ation\u00a0gourmande\u00a0qui vous habillera avec style. En effet, si vous recherchez une fragrance\u00a0douce c&#039;est ce qu&#039;il faut.\" \/>\n<meta property=\"og:url\" content=\"https:\/\/www.parfumerie-arabe.com\/es\/product\/prive-n6-perfume-50-ml-rp-parfums\/\" \/>\n<meta property=\"og:site_name\" content=\"Parfumerie Arabe\" \/>\n<meta property=\"article:modified_time\" content=\"2025-09-09T12:24:35+00:00\" \/>\n<meta property=\"og:image\" content=\"https:\/\/www.parfumerie-arabe.com\/wp-content\/uploads\/2023\/02\/parfum-prive-numero-6-RP-Paris.jpg\" \/>\n\t<meta property=\"og:image:width\" content=\"600\" \/>\n\t<meta property=\"og:image:height\" content=\"600\" \/>\n\t<meta property=\"og:image:type\" content=\"image\/jpeg\" \/>\n<meta name=\"twitter:card\" content=\"summary_large_image\" \/>\n<meta name=\"twitter:label1\" content=\"Tiempo de lectura\" \/>\n\t<meta name=\"twitter:data1\" content=\"2 minutos\" \/>\n<script type=\"application\/ld+json\" class=\"yoast-schema-graph\">{\"@context\":\"https:\\\/\\\/schema.org\",\"@graph\":[{\"@type\":\"WebPage\",\"@id\":\"https:\\\/\\\/www.parfumerie-arabe.com\\\/produit\\\/prive-n6-parfum-50ml-rp-parfums\\\/\",\"url\":\"https:\\\/\\\/www.parfumerie-arabe.com\\\/produit\\\/prive-n6-parfum-50ml-rp-parfums\\\/\",\"name\":\"Priv\u00e9 n\u00b06 I Parfum fran\u00e7ais 50ml I Collection Rp Paris\",\"isPartOf\":{\"@id\":\"https:\\\/\\\/www.parfumerie-arabe.com\\\/#website\"},\"primaryImageOfPage\":{\"@id\":\"https:\\\/\\\/www.parfumerie-arabe.com\\\/produit\\\/prive-n6-parfum-50ml-rp-parfums\\\/#primaryimage\"},\"image\":{\"@id\":\"https:\\\/\\\/www.parfumerie-arabe.com\\\/produit\\\/prive-n6-parfum-50ml-rp-parfums\\\/#primaryimage\"},\"thumbnailUrl\":\"https:\\\/\\\/www.parfumerie-arabe.com\\\/wp-content\\\/uploads\\\/2023\\\/02\\\/parfum-prive-numero-6-RP-Paris.jpg\",\"datePublished\":\"2023-02-20T15:08:59+00:00\",\"dateModified\":\"2025-09-09T12:24:35+00:00\",\"description\":\"Priv\u00e9 n\u00b06 de Rp Parfums est une cr\u00e9ation\u00a0gourmande\u00a0qui vous habillera avec style. En effet, si vous recherchez une fragrance\u00a0douce c'est ce qu'il faut.\",\"breadcrumb\":{\"@id\":\"https:\\\/\\\/www.parfumerie-arabe.com\\\/produit\\\/prive-n6-parfum-50ml-rp-parfums\\\/#breadcrumb\"},\"inLanguage\":\"es\",\"potentialAction\":[{\"@type\":\"ReadAction\",\"target\":[\"https:\\\/\\\/www.parfumerie-arabe.com\\\/produit\\\/prive-n6-parfum-50ml-rp-parfums\\\/\"]}]},{\"@type\":\"ImageObject\",\"inLanguage\":\"es\",\"@id\":\"https:\\\/\\\/www.parfumerie-arabe.com\\\/produit\\\/prive-n6-parfum-50ml-rp-parfums\\\/#primaryimage\",\"url\":\"https:\\\/\\\/www.parfumerie-arabe.com\\\/wp-content\\\/uploads\\\/2023\\\/02\\\/parfum-prive-numero-6-RP-Paris.jpg\",\"contentUrl\":\"https:\\\/\\\/www.parfumerie-arabe.com\\\/wp-content\\\/uploads\\\/2023\\\/02\\\/parfum-prive-numero-6-RP-Paris.jpg\",\"width\":600,\"height\":600,\"caption\":\"Priv\u00e9 n\u00b06 Parfum 50ml - Rp Parfums\"},{\"@type\":\"BreadcrumbList\",\"@id\":\"https:\\\/\\\/www.parfumerie-arabe.com\\\/produit\\\/prive-n6-parfum-50ml-rp-parfums\\\/#breadcrumb\",\"itemListElement\":[{\"@type\":\"ListItem\",\"position\":1,\"name\":\"Accueil\",\"item\":\"https:\\\/\\\/www.parfumerie-arabe.com\\\/\"},{\"@type\":\"ListItem\",\"position\":2,\"name\":\"Boutique\",\"item\":\"https:\\\/\\\/www.parfumerie-arabe.com\\\/boutique\\\/\"},{\"@type\":\"ListItem\",\"position\":3,\"name\":\"Priv\u00e9 n\u00b06 Parfum 50ml &#8211; Rp Parfums\"}]},{\"@type\":\"WebSite\",\"@id\":\"https:\\\/\\\/www.parfumerie-arabe.com\\\/#website\",\"url\":\"https:\\\/\\\/www.parfumerie-arabe.com\\\/\",\"name\":\"Parfumerie Arabe\",\"description\":\"\",\"publisher\":{\"@id\":\"https:\\\/\\\/www.parfumerie-arabe.com\\\/#organization\"},\"potentialAction\":[{\"@type\":\"SearchAction\",\"target\":{\"@type\":\"EntryPoint\",\"urlTemplate\":\"https:\\\/\\\/www.parfumerie-arabe.com\\\/?s={search_term_string}\"},\"query-input\":{\"@type\":\"PropertyValueSpecification\",\"valueRequired\":true,\"valueName\":\"search_term_string\"}}],\"inLanguage\":\"es\"},{\"@type\":\"Organization\",\"@id\":\"https:\\\/\\\/www.parfumerie-arabe.com\\\/#organization\",\"name\":\"Parfumerie arabe\",\"url\":\"https:\\\/\\\/www.parfumerie-arabe.com\\\/\",\"logo\":{\"@type\":\"ImageObject\",\"inLanguage\":\"es\",\"@id\":\"https:\\\/\\\/www.parfumerie-arabe.com\\\/#\\\/schema\\\/logo\\\/image\\\/\",\"url\":\"https:\\\/\\\/www.parfumerie-arabe.com\\\/wp-content\\\/uploads\\\/2022\\\/08\\\/logo-parfumerie-arabe.png\",\"contentUrl\":\"https:\\\/\\\/www.parfumerie-arabe.com\\\/wp-content\\\/uploads\\\/2022\\\/08\\\/logo-parfumerie-arabe.png\",\"width\":600,\"height\":171,\"caption\":\"Parfumerie arabe\"},\"image\":{\"@id\":\"https:\\\/\\\/www.parfumerie-arabe.com\\\/#\\\/schema\\\/logo\\\/image\\\/\"}}]}<\/script>\n<!-- \/ Yoast SEO plugin. -->","yoast_head_json":{"title":"Privado n.\u00ba 6 I Perfume franc\u00e9s 50 ml I Colecci\u00f3n Rp Paris","description":"Priv\u00e9 n.\u00ba 6 de Rp Parfums es una creaci\u00f3n golosa que le vestir\u00e1 con estilo. Si busca una fragancia suave, esta es la ideal.","robots":{"index":"index","follow":"follow","max-snippet":"max-snippet:-1","max-image-preview":"max-image-preview:large","max-video-preview":"max-video-preview:-1"},"canonical":"https:\/\/www.parfumerie-arabe.com\/es\/product\/prive-n6-perfume-50-ml-rp-parfums\/","og_locale":"es_ES","og_type":"article","og_title":"Priv\u00e9 n\u00b06 I Parfum fran\u00e7ais 50ml I Collection Rp Paris","og_description":"Priv\u00e9 n\u00b06 de Rp Parfums est une cr\u00e9ation\u00a0gourmande\u00a0qui vous habillera avec style. En effet, si vous recherchez une fragrance\u00a0douce c'est ce qu'il faut.","og_url":"https:\/\/www.parfumerie-arabe.com\/es\/product\/prive-n6-perfume-50-ml-rp-parfums\/","og_site_name":"Parfumerie Arabe","article_modified_time":"2025-09-09T12:24:35+00:00","og_image":[{"width":600,"height":600,"url":"https:\/\/www.parfumerie-arabe.com\/wp-content\/uploads\/2023\/02\/parfum-prive-numero-6-RP-Paris.jpg","type":"image\/jpeg"}],"twitter_card":"summary_large_image","twitter_misc":{"Tiempo de lectura":"2 minutos"},"schema":{"@context":"https:\/\/schema.org","@graph":[{"@type":"WebPage","@id":"https:\/\/www.parfumerie-arabe.com\/produit\/prive-n6-parfum-50ml-rp-parfums\/","url":"https:\/\/www.parfumerie-arabe.com\/produit\/prive-n6-parfum-50ml-rp-parfums\/","name":"Privado n.\u00ba 6 I Perfume franc\u00e9s 50 ml I Colecci\u00f3n Rp Paris","isPartOf":{"@id":"https:\/\/www.parfumerie-arabe.com\/#website"},"primaryImageOfPage":{"@id":"https:\/\/www.parfumerie-arabe.com\/produit\/prive-n6-parfum-50ml-rp-parfums\/#primaryimage"},"image":{"@id":"https:\/\/www.parfumerie-arabe.com\/produit\/prive-n6-parfum-50ml-rp-parfums\/#primaryimage"},"thumbnailUrl":"https:\/\/www.parfumerie-arabe.com\/wp-content\/uploads\/2023\/02\/parfum-prive-numero-6-RP-Paris.jpg","datePublished":"2023-02-20T15:08:59+00:00","dateModified":"2025-09-09T12:24:35+00:00","description":"Priv\u00e9 n.\u00ba 6 de Rp Parfums es una creaci\u00f3n golosa que le vestir\u00e1 con estilo. Si busca una fragancia suave, esta es la ideal.","breadcrumb":{"@id":"https:\/\/www.parfumerie-arabe.com\/produit\/prive-n6-parfum-50ml-rp-parfums\/#breadcrumb"},"inLanguage":"es","potentialAction":[{"@type":"ReadAction","target":["https:\/\/www.parfumerie-arabe.com\/produit\/prive-n6-parfum-50ml-rp-parfums\/"]}]},{"@type":"ImageObject","inLanguage":"es","@id":"https:\/\/www.parfumerie-arabe.com\/produit\/prive-n6-parfum-50ml-rp-parfums\/#primaryimage","url":"https:\/\/www.parfumerie-arabe.com\/wp-content\/uploads\/2023\/02\/parfum-prive-numero-6-RP-Paris.jpg","contentUrl":"https:\/\/www.parfumerie-arabe.com\/wp-content\/uploads\/2023\/02\/parfum-prive-numero-6-RP-Paris.jpg","width":600,"height":600,"caption":"Priv\u00e9 n\u00b06 Parfum 50ml - Rp Parfums"},{"@type":"BreadcrumbList","@id":"https:\/\/www.parfumerie-arabe.com\/produit\/prive-n6-parfum-50ml-rp-parfums\/#breadcrumb","itemListElement":[{"@type":"ListItem","position":1,"name":"Accueil","item":"https:\/\/www.parfumerie-arabe.com\/"},{"@type":"ListItem","position":2,"name":"Boutique","item":"https:\/\/www.parfumerie-arabe.com\/boutique\/"},{"@type":"ListItem","position":3,"name":"Priv\u00e9 n\u00b06 Parfum 50ml &#8211; Rp Parfums"}]},{"@type":"WebSite","@id":"https:\/\/www.parfumerie-arabe.com\/#website","url":"https:\/\/www.parfumerie-arabe.com\/","name":"Perfumer\u00eda \u00e1rabe","description":"","publisher":{"@id":"https:\/\/www.parfumerie-arabe.com\/#organization"},"potentialAction":[{"@type":"SearchAction","target":{"@type":"EntryPoint","urlTemplate":"https:\/\/www.parfumerie-arabe.com\/?s={search_term_string}"},"query-input":{"@type":"PropertyValueSpecification","valueRequired":true,"valueName":"search_term_string"}}],"inLanguage":"es"},{"@type":"Organization","@id":"https:\/\/www.parfumerie-arabe.com\/#organization","name":"Perfumer\u00eda \u00e1rabe","url":"https:\/\/www.parfumerie-arabe.com\/","logo":{"@type":"ImageObject","inLanguage":"es","@id":"https:\/\/www.parfumerie-arabe.com\/#\/schema\/logo\/image\/","url":"https:\/\/www.parfumerie-arabe.com\/wp-content\/uploads\/2022\/08\/logo-parfumerie-arabe.png","contentUrl":"https:\/\/www.parfumerie-arabe.com\/wp-content\/uploads\/2022\/08\/logo-parfumerie-arabe.png","width":600,"height":171,"caption":"Parfumerie arabe"},"image":{"@id":"https:\/\/www.parfumerie-arabe.com\/#\/schema\/logo\/image\/"}}]}},"_links":{"self":[{"href":"https:\/\/www.parfumerie-arabe.com\/es\/wp-json\/wp\/v2\/product\/2086","targetHints":{"allow":["GET"]}}],"collection":[{"href":"https:\/\/www.parfumerie-arabe.com\/es\/wp-json\/wp\/v2\/product"}],"about":[{"href":"https:\/\/www.parfumerie-arabe.com\/es\/wp-json\/wp\/v2\/types\/product"}],"wp:featuredmedia":[{"embeddable":true,"href":"https:\/\/www.parfumerie-arabe.com\/es\/wp-json\/wp\/v2\/media\/2100"}],"wp:attachment":[{"href":"https:\/\/www.parfumerie-arabe.com\/es\/wp-json\/wp\/v2\/media?parent=2086"}],"wp:term":[{"taxonomy":"product_brand","embeddable":true,"href":"https:\/\/www.parfumerie-arabe.com\/es\/wp-json\/wp\/v2\/product_brand?post=2086"},{"taxonomy":"product_cat","embeddable":true,"href":"https:\/\/www.parfumerie-arabe.com\/es\/wp-json\/wp\/v2\/product_cat?post=2086"},{"taxonomy":"product_tag","embeddable":true,"href":"https:\/\/www.parfumerie-arabe.com\/es\/wp-json\/wp\/v2\/product_tag?post=2086"}],"curies":[{"name":"wp","href":"https:\/\/api.w.org\/{rel}","templated":true}]}}