{"id":2087,"date":"2023-02-20T15:08:59","date_gmt":"2023-02-20T15:08:59","guid":{"rendered":"https:\/\/www.parfumerie-arabe.com\/?post_type=product&#038;p=2087"},"modified":"2025-11-14T13:27:10","modified_gmt":"2025-11-14T13:27:10","slug":"arena-negra-perfume-50-ml-m-a-h","status":"publish","type":"product","link":"https:\/\/www.parfumerie-arabe.com\/es\/produit\/sable-noir-parfum-50ml-m-a-h\/","title":{"rendered":"Sable Noir Perfume 50 ml \u2013 M.A.H"},"content":{"rendered":"<p>Sable Noir de M.A.H es una joya olfativa que te va a\u00a0<strong>embellecer<\/strong>\u00a0a lo largo del d\u00eda. De hecho, sus notas frescas y florales realzan los aromas orientales. Es una composici\u00f3n para personalidades\u00a0<strong>emprendedoras<\/strong>\u00a0y\u00a0<strong>felices<\/strong>.<\/p>\n<h2><strong>Sable Noir de M.A.H: un bouquet floral oriental<\/strong><\/h2>\n<p>Esta escapada perfumada comienza con un\u00a0<strong>despertar \u00e1cido<\/strong>\u00a0que recordar\u00e1s durante mucho tiempo. De hecho, no hay nada mejor para empezar el d\u00eda con alegr\u00eda. Sobre todo porque los aromas de las flores y las frutas se mezclar\u00e1n al instante con el del lim\u00f3n. As\u00ed, este toque goloso dar\u00e1 cuerpo a este perfume.\u00a0<strong>excepcional<\/strong>.<\/p>\n<p>Y eso sin contar con las maderas, especialmente el \u00e1mbar y el oud, y el famoso almizcle blanco, que aportan\u00a0<strong>car\u00e1cter<\/strong>\u00a0a este conjunto. Adem\u00e1s, para un viaje a\u00fan m\u00e1s fresco y picante, le invitamos a descubrir\u00a0<strong>Azul pistola\u00a0<\/strong>de La Boite Blanche<\/p>\n<h2><strong>Sable Noir de M.A.H: la fragancia para todas las estaciones<\/strong><\/h2>\n<p>Estas notas frescas y dulces le recordar\u00e1n al\u00a0<strong>sol<\/strong>. Pero tambi\u00e9n los huertos frutales salpicados de hermosas flores. Esta\u00a0<strong>ligereza<\/strong>\u00a0ser\u00e1 la prenda ideal para la primavera y el verano.<\/p>\n<p>Y la profundidad de los aromas amaderados y almizclados se mezclar\u00e1 con brillantez con estas primeras oleadas olfativas. Adem\u00e1s, en invierno, el \u00e1mbar y el s\u00e1ndalo actuar\u00e1n como un manto.\u00a0<strong>reconfortante<\/strong>.<\/p>\n<p>As\u00ed, es LA fragancia que te realzar\u00e1 dondequiera que est\u00e9s, como\u00a0<a href=\"https:\/\/www.parfumerie-arabe.com\/es\/product\/perfume-rojo-absoluto-n21-coleccion-prestigio\/\"><strong>Rojo Absoluto n.\u00ba 21<\/strong><\/a>\u00a0de la colecci\u00f3n Prestige.<\/p>\n<h3><strong>Descubriendo otros elixires almizclados<\/strong><\/h3>\n<p>El almizcle blanco le da un aspecto\u00a0<strong>suave<\/strong>\u00a0y\u00a0<strong>tender<\/strong>\u00a0a los n\u00e9ctares olfativos. Adem\u00e1s, en cada composici\u00f3n, resaltar\u00e1 con delicadeza las dem\u00e1s notas. As\u00ed, en\u00a0<a href=\"https:\/\/www.parfumerie-arabe.com\/es\/product\/ana-abiyedh-i-am-white-perfume-de-bolsillo\/\"><strong>Ana Abiyedh<\/strong><\/a>\u00a0de Lattafa introduce voluptuosamente sabores golosos y especiados.<\/p>\n<p>\u00a1Y el resultado es simplemente impresionante! Del mismo modo, en\u00a0<a href=\"https:\/\/www.parfumerie-arabe.com\/es\/product\/eau-de-parfum-opulent-oud-100-ml-lattafa\/\"><strong>Oud opulento<\/strong><\/a> de Lattafa, se mezclar\u00e1 con el pachul\u00ed para dar un resultado carism\u00e1tico \u00fanico.<\/p>","protected":false},"excerpt":{"rendered":"<div class=\"product-short-description\">\n<p><strong>Notas olfativas:<\/strong><\/p>\n<p><strong>Notas de salida<\/strong>\u00a0: Lim\u00f3n<br \/>\n<strong>Notas de coraz\u00f3n<\/strong>\u00a0: Especias, rosa de mayo, grosella negra, muguet, peon\u00eda, frambuesa y melocot\u00f3n.<br \/>\n<strong>Notas de fondo<\/strong>\u00a0: \u00c1mbar, almizcle blanco, s\u00e1ndalo, heliotropo y oud.<\/p>\n<\/div>","protected":false},"featured_media":2101,"template":"","meta":[],"product_brand":[],"product_cat":[142,15],"product_tag":[],"class_list":{"0":"post-2087","1":"product","2":"type-product","3":"status-publish","4":"has-post-thumbnail","6":"product_cat-m-a-h-paris","7":"product_cat-parfum-homme","9":"first","10":"outofstock","11":"taxable","12":"shipping-taxable","13":"purchasable","14":"product-type-simple"},"yoast_head":"<!-- This site is optimized with the Yoast SEO plugin v27.5 - https:\/\/yoast.com\/product\/yoast-seo-wordpress\/ -->\n<title>Sable noir I Parfum oriental 50ml I Collection M.A.H<\/title>\n<meta name=\"description\" content=\"Sable Noir de M.A.H est un bijou olfactif qui va vous\u00a0embellir\u00a0tout au long de la journ\u00e9e. Adoptez-le sans plus attendre avec votre parfumerie !\" \/>\n<meta name=\"robots\" content=\"index, follow, max-snippet:-1, max-image-preview:large, max-video-preview:-1\" \/>\n<link rel=\"canonical\" href=\"https:\/\/www.parfumerie-arabe.com\/es\/product\/arena-negra-perfume-50-ml-m-a-h\/\" \/>\n<meta property=\"og:locale\" content=\"es_ES\" \/>\n<meta property=\"og:type\" content=\"article\" \/>\n<meta property=\"og:title\" content=\"Sable noir I Parfum oriental 50ml I Collection M.A.H\" \/>\n<meta property=\"og:description\" content=\"Sable Noir de M.A.H est un bijou olfactif qui va vous\u00a0embellir\u00a0tout au long de la journ\u00e9e. Adoptez-le sans plus attendre avec votre parfumerie !\" \/>\n<meta property=\"og:url\" content=\"https:\/\/www.parfumerie-arabe.com\/es\/product\/arena-negra-perfume-50-ml-m-a-h\/\" \/>\n<meta property=\"og:site_name\" content=\"Parfumerie Arabe\" \/>\n<meta property=\"article:modified_time\" content=\"2025-11-14T13:27:10+00:00\" \/>\n<meta property=\"og:image\" content=\"https:\/\/www.parfumerie-arabe.com\/wp-content\/uploads\/2023\/02\/parfum-Sable-noir-maison-MAH.jpg\" \/>\n\t<meta property=\"og:image:width\" content=\"600\" \/>\n\t<meta property=\"og:image:height\" content=\"600\" \/>\n\t<meta property=\"og:image:type\" content=\"image\/jpeg\" \/>\n<meta name=\"twitter:card\" content=\"summary_large_image\" \/>\n<meta name=\"twitter:label1\" content=\"Tiempo de lectura\" \/>\n\t<meta name=\"twitter:data1\" content=\"2 minutos\" \/>\n<script type=\"application\/ld+json\" class=\"yoast-schema-graph\">{\"@context\":\"https:\\\/\\\/schema.org\",\"@graph\":[{\"@type\":\"WebPage\",\"@id\":\"https:\\\/\\\/www.parfumerie-arabe.com\\\/produit\\\/sable-noir-parfum-50ml-m-a-h\\\/\",\"url\":\"https:\\\/\\\/www.parfumerie-arabe.com\\\/produit\\\/sable-noir-parfum-50ml-m-a-h\\\/\",\"name\":\"Sable noir I Parfum oriental 50ml I Collection M.A.H\",\"isPartOf\":{\"@id\":\"https:\\\/\\\/www.parfumerie-arabe.com\\\/#website\"},\"primaryImageOfPage\":{\"@id\":\"https:\\\/\\\/www.parfumerie-arabe.com\\\/produit\\\/sable-noir-parfum-50ml-m-a-h\\\/#primaryimage\"},\"image\":{\"@id\":\"https:\\\/\\\/www.parfumerie-arabe.com\\\/produit\\\/sable-noir-parfum-50ml-m-a-h\\\/#primaryimage\"},\"thumbnailUrl\":\"https:\\\/\\\/www.parfumerie-arabe.com\\\/wp-content\\\/uploads\\\/2023\\\/02\\\/parfum-Sable-noir-maison-MAH.jpg\",\"datePublished\":\"2023-02-20T15:08:59+00:00\",\"dateModified\":\"2025-11-14T13:27:10+00:00\",\"description\":\"Sable Noir de M.A.H est un bijou olfactif qui va vous\u00a0embellir\u00a0tout au long de la journ\u00e9e. Adoptez-le sans plus attendre avec votre parfumerie !\",\"breadcrumb\":{\"@id\":\"https:\\\/\\\/www.parfumerie-arabe.com\\\/produit\\\/sable-noir-parfum-50ml-m-a-h\\\/#breadcrumb\"},\"inLanguage\":\"es\",\"potentialAction\":[{\"@type\":\"ReadAction\",\"target\":[\"https:\\\/\\\/www.parfumerie-arabe.com\\\/produit\\\/sable-noir-parfum-50ml-m-a-h\\\/\"]}]},{\"@type\":\"ImageObject\",\"inLanguage\":\"es\",\"@id\":\"https:\\\/\\\/www.parfumerie-arabe.com\\\/produit\\\/sable-noir-parfum-50ml-m-a-h\\\/#primaryimage\",\"url\":\"https:\\\/\\\/www.parfumerie-arabe.com\\\/wp-content\\\/uploads\\\/2023\\\/02\\\/parfum-Sable-noir-maison-MAH.jpg\",\"contentUrl\":\"https:\\\/\\\/www.parfumerie-arabe.com\\\/wp-content\\\/uploads\\\/2023\\\/02\\\/parfum-Sable-noir-maison-MAH.jpg\",\"width\":600,\"height\":600,\"caption\":\"Sable Noir Parfum 50ml \u2013 M.A.H\"},{\"@type\":\"BreadcrumbList\",\"@id\":\"https:\\\/\\\/www.parfumerie-arabe.com\\\/produit\\\/sable-noir-parfum-50ml-m-a-h\\\/#breadcrumb\",\"itemListElement\":[{\"@type\":\"ListItem\",\"position\":1,\"name\":\"Accueil\",\"item\":\"https:\\\/\\\/www.parfumerie-arabe.com\\\/\"},{\"@type\":\"ListItem\",\"position\":2,\"name\":\"Boutique\",\"item\":\"https:\\\/\\\/www.parfumerie-arabe.com\\\/boutique\\\/\"},{\"@type\":\"ListItem\",\"position\":3,\"name\":\"Sable Noir Parfum 50ml \u2013 M.A.H\"}]},{\"@type\":\"WebSite\",\"@id\":\"https:\\\/\\\/www.parfumerie-arabe.com\\\/#website\",\"url\":\"https:\\\/\\\/www.parfumerie-arabe.com\\\/\",\"name\":\"Parfumerie Arabe\",\"description\":\"\",\"publisher\":{\"@id\":\"https:\\\/\\\/www.parfumerie-arabe.com\\\/#organization\"},\"potentialAction\":[{\"@type\":\"SearchAction\",\"target\":{\"@type\":\"EntryPoint\",\"urlTemplate\":\"https:\\\/\\\/www.parfumerie-arabe.com\\\/?s={search_term_string}\"},\"query-input\":{\"@type\":\"PropertyValueSpecification\",\"valueRequired\":true,\"valueName\":\"search_term_string\"}}],\"inLanguage\":\"es\"},{\"@type\":\"Organization\",\"@id\":\"https:\\\/\\\/www.parfumerie-arabe.com\\\/#organization\",\"name\":\"Parfumerie arabe\",\"url\":\"https:\\\/\\\/www.parfumerie-arabe.com\\\/\",\"logo\":{\"@type\":\"ImageObject\",\"inLanguage\":\"es\",\"@id\":\"https:\\\/\\\/www.parfumerie-arabe.com\\\/#\\\/schema\\\/logo\\\/image\\\/\",\"url\":\"https:\\\/\\\/www.parfumerie-arabe.com\\\/wp-content\\\/uploads\\\/2022\\\/08\\\/logo-parfumerie-arabe.png\",\"contentUrl\":\"https:\\\/\\\/www.parfumerie-arabe.com\\\/wp-content\\\/uploads\\\/2022\\\/08\\\/logo-parfumerie-arabe.png\",\"width\":600,\"height\":171,\"caption\":\"Parfumerie arabe\"},\"image\":{\"@id\":\"https:\\\/\\\/www.parfumerie-arabe.com\\\/#\\\/schema\\\/logo\\\/image\\\/\"}}]}<\/script>\n<!-- \/ Yoast SEO plugin. -->","yoast_head_json":{"title":"Arena negra I Perfume oriental 50 ml I Colecci\u00f3n M.A.H","description":"Sable Noir de M.A.H es una joya olfativa que te embellecer\u00e1 durante todo el d\u00eda. \u00a1No esperes m\u00e1s y hazte con \u00e9l en tu perfumer\u00eda!","robots":{"index":"index","follow":"follow","max-snippet":"max-snippet:-1","max-image-preview":"max-image-preview:large","max-video-preview":"max-video-preview:-1"},"canonical":"https:\/\/www.parfumerie-arabe.com\/es\/product\/arena-negra-perfume-50-ml-m-a-h\/","og_locale":"es_ES","og_type":"article","og_title":"Sable noir I Parfum oriental 50ml I Collection M.A.H","og_description":"Sable Noir de M.A.H est un bijou olfactif qui va vous\u00a0embellir\u00a0tout au long de la journ\u00e9e. Adoptez-le sans plus attendre avec votre parfumerie !","og_url":"https:\/\/www.parfumerie-arabe.com\/es\/product\/arena-negra-perfume-50-ml-m-a-h\/","og_site_name":"Parfumerie Arabe","article_modified_time":"2025-11-14T13:27:10+00:00","og_image":[{"width":600,"height":600,"url":"https:\/\/www.parfumerie-arabe.com\/wp-content\/uploads\/2023\/02\/parfum-Sable-noir-maison-MAH.jpg","type":"image\/jpeg"}],"twitter_card":"summary_large_image","twitter_misc":{"Tiempo de lectura":"2 minutos"},"schema":{"@context":"https:\/\/schema.org","@graph":[{"@type":"WebPage","@id":"https:\/\/www.parfumerie-arabe.com\/produit\/sable-noir-parfum-50ml-m-a-h\/","url":"https:\/\/www.parfumerie-arabe.com\/produit\/sable-noir-parfum-50ml-m-a-h\/","name":"Arena negra I Perfume oriental 50 ml I Colecci\u00f3n M.A.H","isPartOf":{"@id":"https:\/\/www.parfumerie-arabe.com\/#website"},"primaryImageOfPage":{"@id":"https:\/\/www.parfumerie-arabe.com\/produit\/sable-noir-parfum-50ml-m-a-h\/#primaryimage"},"image":{"@id":"https:\/\/www.parfumerie-arabe.com\/produit\/sable-noir-parfum-50ml-m-a-h\/#primaryimage"},"thumbnailUrl":"https:\/\/www.parfumerie-arabe.com\/wp-content\/uploads\/2023\/02\/parfum-Sable-noir-maison-MAH.jpg","datePublished":"2023-02-20T15:08:59+00:00","dateModified":"2025-11-14T13:27:10+00:00","description":"Sable Noir de M.A.H es una joya olfativa que te embellecer\u00e1 durante todo el d\u00eda. \u00a1No esperes m\u00e1s y hazte con \u00e9l en tu perfumer\u00eda!","breadcrumb":{"@id":"https:\/\/www.parfumerie-arabe.com\/produit\/sable-noir-parfum-50ml-m-a-h\/#breadcrumb"},"inLanguage":"es","potentialAction":[{"@type":"ReadAction","target":["https:\/\/www.parfumerie-arabe.com\/produit\/sable-noir-parfum-50ml-m-a-h\/"]}]},{"@type":"ImageObject","inLanguage":"es","@id":"https:\/\/www.parfumerie-arabe.com\/produit\/sable-noir-parfum-50ml-m-a-h\/#primaryimage","url":"https:\/\/www.parfumerie-arabe.com\/wp-content\/uploads\/2023\/02\/parfum-Sable-noir-maison-MAH.jpg","contentUrl":"https:\/\/www.parfumerie-arabe.com\/wp-content\/uploads\/2023\/02\/parfum-Sable-noir-maison-MAH.jpg","width":600,"height":600,"caption":"Sable Noir Parfum 50ml \u2013 M.A.H"},{"@type":"BreadcrumbList","@id":"https:\/\/www.parfumerie-arabe.com\/produit\/sable-noir-parfum-50ml-m-a-h\/#breadcrumb","itemListElement":[{"@type":"ListItem","position":1,"name":"Accueil","item":"https:\/\/www.parfumerie-arabe.com\/"},{"@type":"ListItem","position":2,"name":"Boutique","item":"https:\/\/www.parfumerie-arabe.com\/boutique\/"},{"@type":"ListItem","position":3,"name":"Sable Noir Parfum 50ml \u2013 M.A.H"}]},{"@type":"WebSite","@id":"https:\/\/www.parfumerie-arabe.com\/#website","url":"https:\/\/www.parfumerie-arabe.com\/","name":"Perfumer\u00eda \u00e1rabe","description":"","publisher":{"@id":"https:\/\/www.parfumerie-arabe.com\/#organization"},"potentialAction":[{"@type":"SearchAction","target":{"@type":"EntryPoint","urlTemplate":"https:\/\/www.parfumerie-arabe.com\/?s={search_term_string}"},"query-input":{"@type":"PropertyValueSpecification","valueRequired":true,"valueName":"search_term_string"}}],"inLanguage":"es"},{"@type":"Organization","@id":"https:\/\/www.parfumerie-arabe.com\/#organization","name":"Perfumer\u00eda \u00e1rabe","url":"https:\/\/www.parfumerie-arabe.com\/","logo":{"@type":"ImageObject","inLanguage":"es","@id":"https:\/\/www.parfumerie-arabe.com\/#\/schema\/logo\/image\/","url":"https:\/\/www.parfumerie-arabe.com\/wp-content\/uploads\/2022\/08\/logo-parfumerie-arabe.png","contentUrl":"https:\/\/www.parfumerie-arabe.com\/wp-content\/uploads\/2022\/08\/logo-parfumerie-arabe.png","width":600,"height":171,"caption":"Parfumerie arabe"},"image":{"@id":"https:\/\/www.parfumerie-arabe.com\/#\/schema\/logo\/image\/"}}]}},"_links":{"self":[{"href":"https:\/\/www.parfumerie-arabe.com\/es\/wp-json\/wp\/v2\/product\/2087","targetHints":{"allow":["GET"]}}],"collection":[{"href":"https:\/\/www.parfumerie-arabe.com\/es\/wp-json\/wp\/v2\/product"}],"about":[{"href":"https:\/\/www.parfumerie-arabe.com\/es\/wp-json\/wp\/v2\/types\/product"}],"wp:featuredmedia":[{"embeddable":true,"href":"https:\/\/www.parfumerie-arabe.com\/es\/wp-json\/wp\/v2\/media\/2101"}],"wp:attachment":[{"href":"https:\/\/www.parfumerie-arabe.com\/es\/wp-json\/wp\/v2\/media?parent=2087"}],"wp:term":[{"taxonomy":"product_brand","embeddable":true,"href":"https:\/\/www.parfumerie-arabe.com\/es\/wp-json\/wp\/v2\/product_brand?post=2087"},{"taxonomy":"product_cat","embeddable":true,"href":"https:\/\/www.parfumerie-arabe.com\/es\/wp-json\/wp\/v2\/product_cat?post=2087"},{"taxonomy":"product_tag","embeddable":true,"href":"https:\/\/www.parfumerie-arabe.com\/es\/wp-json\/wp\/v2\/product_tag?post=2087"}],"curies":[{"name":"wp","href":"https:\/\/api.w.org\/{rel}","templated":true}]}}