{"id":2136,"date":"2015-02-22T08:07:03","date_gmt":"2015-02-22T08:07:03","guid":{"rendered":"https:\/\/www.parfumerie-arabe.com\/?post_type=product&#038;p=2136"},"modified":"2025-11-11T08:20:56","modified_gmt":"2025-11-11T08:20:56","slug":"spray-para-el-cabello-sheikh-el-shuyukh-edicion-de-lujo-lattafa","status":"publish","type":"product","link":"https:\/\/www.parfumerie-arabe.com\/es\/produit\/hair-mist-sheikh-el-shuyukh-luxe-edition-lattafa\/","title":{"rendered":"Spray para el cabello Sheikh El Shuyukh Edici\u00f3n de lujo 50 ml \u2013 Lattafa"},"content":{"rendered":"","protected":false},"excerpt":{"rendered":"<p>Esta\u00a0<strong>bruma para cabello y pelo<\/strong>\u00a0es perfecta para perfumar tu\u00a0<strong>cabello o barba<\/strong>.<\/p>\n<p>Su fragancia\u00a0<strong>muy famoso en los Emiratos<\/strong>\u00a0Le permitir\u00e1 brillar gracias al aroma que desprende este spray para el cabello.<\/p>\n<p>Garant\u00eda\u00a0<strong>sin alcohol<\/strong>\u00a0No da\u00f1ar\u00e1 ni tu cabello ni tu barba.<\/p>\n<p><strong>Descubra sus notas olfativas:<\/strong><\/p>\n<p><strong>Notas de salida\u00a0<\/strong>: Rosa, azafr\u00e1n y canela<br \/>\n<strong>Notas de coraz\u00f3n<\/strong>\u00a0: caramelo y pachul\u00ed<br \/>\n<strong>Notas de fondo<\/strong>\u00a0: \u00c1mbar, almizcle, incienso<\/p>","protected":false},"featured_media":2137,"template":"","meta":[],"product_brand":[],"product_cat":[25,17,135],"product_tag":[],"class_list":{"0":"post-2136","1":"product","2":"type-product","3":"status-publish","4":"has-post-thumbnail","6":"product_cat-hair-mist-parfum-pour-cheveux","7":"product_cat-lattafa","8":"product_cat-soin-barbe","10":"first","11":"outofstock","12":"taxable","13":"shipping-taxable","14":"purchasable","15":"product-type-simple"},"yoast_head":"<!-- This site is optimized with the Yoast SEO plugin v27.5 - https:\/\/yoast.com\/product\/yoast-seo-wordpress\/ -->\n<title>Hair Mist Sheikh El Shuyukh Luxe Edition 50ml \u2013 Lattafa - Parfumerie Arabe<\/title>\n<meta name=\"robots\" content=\"index, follow, max-snippet:-1, max-image-preview:large, max-video-preview:-1\" \/>\n<link rel=\"canonical\" href=\"https:\/\/www.parfumerie-arabe.com\/es\/product\/spray-para-el-cabello-sheikh-el-shuyukh-edicion-de-lujo-lattafa\/\" \/>\n<meta property=\"og:locale\" content=\"es_ES\" \/>\n<meta property=\"og:type\" content=\"article\" \/>\n<meta property=\"og:title\" content=\"Hair Mist Sheikh El Shuyukh Luxe Edition 50ml \u2013 Lattafa - Parfumerie Arabe\" \/>\n<meta property=\"og:description\" content=\"Cette\u00a0brume pour cheveux et poils\u00a0est parfaite pour parfumer votre\u00a0chevelure ou votre barbe.  Sa fragrance\u00a0tr\u00e8s c\u00e9l\u00e8bre aux \u00e9mirats\u00a0vous permettra de briller par le parfum que d\u00e9gage cette hair mist.  Garantie\u00a0sans alcool\u00a0elle n\u2019abimera ni vos cheveux ni votre barbe.  D\u00e9couvrez ses Notes olfactives :  Notes de t\u00eate\u00a0: Rose, Safran et cannelle Notes de coeur\u00a0: caramel et patchouli Notes de fond\u00a0: Ambre, Musc, Encens\" \/>\n<meta property=\"og:url\" content=\"https:\/\/www.parfumerie-arabe.com\/es\/product\/spray-para-el-cabello-sheikh-el-shuyukh-edicion-de-lujo-lattafa\/\" \/>\n<meta property=\"og:site_name\" content=\"Parfumerie Arabe\" \/>\n<meta property=\"article:modified_time\" content=\"2025-11-11T08:20:56+00:00\" \/>\n<meta property=\"og:image\" content=\"https:\/\/www.parfumerie-arabe.com\/wp-content\/uploads\/2023\/02\/hair-mist-sheikh-shuyukh-luxe-edition-cheveux-et-barbe.jpg\" \/>\n\t<meta property=\"og:image:width\" content=\"600\" \/>\n\t<meta property=\"og:image:height\" content=\"600\" \/>\n\t<meta property=\"og:image:type\" content=\"image\/jpeg\" \/>\n<meta name=\"twitter:card\" content=\"summary_large_image\" \/>\n<script type=\"application\/ld+json\" class=\"yoast-schema-graph\">{\"@context\":\"https:\\\/\\\/schema.org\",\"@graph\":[{\"@type\":\"WebPage\",\"@id\":\"https:\\\/\\\/www.parfumerie-arabe.com\\\/produit\\\/hair-mist-sheikh-el-shuyukh-luxe-edition-lattafa\\\/\",\"url\":\"https:\\\/\\\/www.parfumerie-arabe.com\\\/produit\\\/hair-mist-sheikh-el-shuyukh-luxe-edition-lattafa\\\/\",\"name\":\"Hair Mist Sheikh El Shuyukh Luxe Edition 50ml \u2013 Lattafa - Parfumerie Arabe\",\"isPartOf\":{\"@id\":\"https:\\\/\\\/www.parfumerie-arabe.com\\\/#website\"},\"primaryImageOfPage\":{\"@id\":\"https:\\\/\\\/www.parfumerie-arabe.com\\\/produit\\\/hair-mist-sheikh-el-shuyukh-luxe-edition-lattafa\\\/#primaryimage\"},\"image\":{\"@id\":\"https:\\\/\\\/www.parfumerie-arabe.com\\\/produit\\\/hair-mist-sheikh-el-shuyukh-luxe-edition-lattafa\\\/#primaryimage\"},\"thumbnailUrl\":\"https:\\\/\\\/www.parfumerie-arabe.com\\\/wp-content\\\/uploads\\\/2023\\\/02\\\/hair-mist-sheikh-shuyukh-luxe-edition-cheveux-et-barbe.jpg\",\"datePublished\":\"2015-02-22T08:07:03+00:00\",\"dateModified\":\"2025-11-11T08:20:56+00:00\",\"breadcrumb\":{\"@id\":\"https:\\\/\\\/www.parfumerie-arabe.com\\\/produit\\\/hair-mist-sheikh-el-shuyukh-luxe-edition-lattafa\\\/#breadcrumb\"},\"inLanguage\":\"es\",\"potentialAction\":[{\"@type\":\"ReadAction\",\"target\":[\"https:\\\/\\\/www.parfumerie-arabe.com\\\/produit\\\/hair-mist-sheikh-el-shuyukh-luxe-edition-lattafa\\\/\"]}]},{\"@type\":\"ImageObject\",\"inLanguage\":\"es\",\"@id\":\"https:\\\/\\\/www.parfumerie-arabe.com\\\/produit\\\/hair-mist-sheikh-el-shuyukh-luxe-edition-lattafa\\\/#primaryimage\",\"url\":\"https:\\\/\\\/www.parfumerie-arabe.com\\\/wp-content\\\/uploads\\\/2023\\\/02\\\/hair-mist-sheikh-shuyukh-luxe-edition-cheveux-et-barbe.jpg\",\"contentUrl\":\"https:\\\/\\\/www.parfumerie-arabe.com\\\/wp-content\\\/uploads\\\/2023\\\/02\\\/hair-mist-sheikh-shuyukh-luxe-edition-cheveux-et-barbe.jpg\",\"width\":600,\"height\":600,\"caption\":\"Hair Mist Sheikh El Shuyukh Luxe Edition 50ml \u2013 Lattafa\"},{\"@type\":\"BreadcrumbList\",\"@id\":\"https:\\\/\\\/www.parfumerie-arabe.com\\\/produit\\\/hair-mist-sheikh-el-shuyukh-luxe-edition-lattafa\\\/#breadcrumb\",\"itemListElement\":[{\"@type\":\"ListItem\",\"position\":1,\"name\":\"Accueil\",\"item\":\"https:\\\/\\\/www.parfumerie-arabe.com\\\/\"},{\"@type\":\"ListItem\",\"position\":2,\"name\":\"Boutique\",\"item\":\"https:\\\/\\\/www.parfumerie-arabe.com\\\/boutique\\\/\"},{\"@type\":\"ListItem\",\"position\":3,\"name\":\"Hair Mist Sheikh El Shuyukh Luxe Edition 50ml \u2013 Lattafa\"}]},{\"@type\":\"WebSite\",\"@id\":\"https:\\\/\\\/www.parfumerie-arabe.com\\\/#website\",\"url\":\"https:\\\/\\\/www.parfumerie-arabe.com\\\/\",\"name\":\"Parfumerie Arabe\",\"description\":\"\",\"publisher\":{\"@id\":\"https:\\\/\\\/www.parfumerie-arabe.com\\\/#organization\"},\"potentialAction\":[{\"@type\":\"SearchAction\",\"target\":{\"@type\":\"EntryPoint\",\"urlTemplate\":\"https:\\\/\\\/www.parfumerie-arabe.com\\\/?s={search_term_string}\"},\"query-input\":{\"@type\":\"PropertyValueSpecification\",\"valueRequired\":true,\"valueName\":\"search_term_string\"}}],\"inLanguage\":\"es\"},{\"@type\":\"Organization\",\"@id\":\"https:\\\/\\\/www.parfumerie-arabe.com\\\/#organization\",\"name\":\"Parfumerie arabe\",\"url\":\"https:\\\/\\\/www.parfumerie-arabe.com\\\/\",\"logo\":{\"@type\":\"ImageObject\",\"inLanguage\":\"es\",\"@id\":\"https:\\\/\\\/www.parfumerie-arabe.com\\\/#\\\/schema\\\/logo\\\/image\\\/\",\"url\":\"https:\\\/\\\/www.parfumerie-arabe.com\\\/wp-content\\\/uploads\\\/2022\\\/08\\\/logo-parfumerie-arabe.png\",\"contentUrl\":\"https:\\\/\\\/www.parfumerie-arabe.com\\\/wp-content\\\/uploads\\\/2022\\\/08\\\/logo-parfumerie-arabe.png\",\"width\":600,\"height\":171,\"caption\":\"Parfumerie arabe\"},\"image\":{\"@id\":\"https:\\\/\\\/www.parfumerie-arabe.com\\\/#\\\/schema\\\/logo\\\/image\\\/\"}}]}<\/script>\n<!-- \/ Yoast SEO plugin. -->","yoast_head_json":{"title":"Hair Mist Sheikh El Shuyukh Edici\u00f3n de lujo 50 ml \u2013 Lattafa - Perfumer\u00eda \u00e1rabe","robots":{"index":"index","follow":"follow","max-snippet":"max-snippet:-1","max-image-preview":"max-image-preview:large","max-video-preview":"max-video-preview:-1"},"canonical":"https:\/\/www.parfumerie-arabe.com\/es\/product\/spray-para-el-cabello-sheikh-el-shuyukh-edicion-de-lujo-lattafa\/","og_locale":"es_ES","og_type":"article","og_title":"Hair Mist Sheikh El Shuyukh Luxe Edition 50ml \u2013 Lattafa - Parfumerie Arabe","og_description":"Cette\u00a0brume pour cheveux et poils\u00a0est parfaite pour parfumer votre\u00a0chevelure ou votre barbe.  Sa fragrance\u00a0tr\u00e8s c\u00e9l\u00e8bre aux \u00e9mirats\u00a0vous permettra de briller par le parfum que d\u00e9gage cette hair mist.  Garantie\u00a0sans alcool\u00a0elle n\u2019abimera ni vos cheveux ni votre barbe.  D\u00e9couvrez ses Notes olfactives :  Notes de t\u00eate\u00a0: Rose, Safran et cannelle Notes de coeur\u00a0: caramel et patchouli Notes de fond\u00a0: Ambre, Musc, Encens","og_url":"https:\/\/www.parfumerie-arabe.com\/es\/product\/spray-para-el-cabello-sheikh-el-shuyukh-edicion-de-lujo-lattafa\/","og_site_name":"Parfumerie Arabe","article_modified_time":"2025-11-11T08:20:56+00:00","og_image":[{"width":600,"height":600,"url":"https:\/\/www.parfumerie-arabe.com\/wp-content\/uploads\/2023\/02\/hair-mist-sheikh-shuyukh-luxe-edition-cheveux-et-barbe.jpg","type":"image\/jpeg"}],"twitter_card":"summary_large_image","schema":{"@context":"https:\/\/schema.org","@graph":[{"@type":"WebPage","@id":"https:\/\/www.parfumerie-arabe.com\/produit\/hair-mist-sheikh-el-shuyukh-luxe-edition-lattafa\/","url":"https:\/\/www.parfumerie-arabe.com\/produit\/hair-mist-sheikh-el-shuyukh-luxe-edition-lattafa\/","name":"Hair Mist Sheikh El Shuyukh Edici\u00f3n de lujo 50 ml \u2013 Lattafa - Perfumer\u00eda \u00e1rabe","isPartOf":{"@id":"https:\/\/www.parfumerie-arabe.com\/#website"},"primaryImageOfPage":{"@id":"https:\/\/www.parfumerie-arabe.com\/produit\/hair-mist-sheikh-el-shuyukh-luxe-edition-lattafa\/#primaryimage"},"image":{"@id":"https:\/\/www.parfumerie-arabe.com\/produit\/hair-mist-sheikh-el-shuyukh-luxe-edition-lattafa\/#primaryimage"},"thumbnailUrl":"https:\/\/www.parfumerie-arabe.com\/wp-content\/uploads\/2023\/02\/hair-mist-sheikh-shuyukh-luxe-edition-cheveux-et-barbe.jpg","datePublished":"2015-02-22T08:07:03+00:00","dateModified":"2025-11-11T08:20:56+00:00","breadcrumb":{"@id":"https:\/\/www.parfumerie-arabe.com\/produit\/hair-mist-sheikh-el-shuyukh-luxe-edition-lattafa\/#breadcrumb"},"inLanguage":"es","potentialAction":[{"@type":"ReadAction","target":["https:\/\/www.parfumerie-arabe.com\/produit\/hair-mist-sheikh-el-shuyukh-luxe-edition-lattafa\/"]}]},{"@type":"ImageObject","inLanguage":"es","@id":"https:\/\/www.parfumerie-arabe.com\/produit\/hair-mist-sheikh-el-shuyukh-luxe-edition-lattafa\/#primaryimage","url":"https:\/\/www.parfumerie-arabe.com\/wp-content\/uploads\/2023\/02\/hair-mist-sheikh-shuyukh-luxe-edition-cheveux-et-barbe.jpg","contentUrl":"https:\/\/www.parfumerie-arabe.com\/wp-content\/uploads\/2023\/02\/hair-mist-sheikh-shuyukh-luxe-edition-cheveux-et-barbe.jpg","width":600,"height":600,"caption":"Hair Mist Sheikh El Shuyukh Luxe Edition 50ml \u2013 Lattafa"},{"@type":"BreadcrumbList","@id":"https:\/\/www.parfumerie-arabe.com\/produit\/hair-mist-sheikh-el-shuyukh-luxe-edition-lattafa\/#breadcrumb","itemListElement":[{"@type":"ListItem","position":1,"name":"Accueil","item":"https:\/\/www.parfumerie-arabe.com\/"},{"@type":"ListItem","position":2,"name":"Boutique","item":"https:\/\/www.parfumerie-arabe.com\/boutique\/"},{"@type":"ListItem","position":3,"name":"Hair Mist Sheikh El Shuyukh Luxe Edition 50ml \u2013 Lattafa"}]},{"@type":"WebSite","@id":"https:\/\/www.parfumerie-arabe.com\/#website","url":"https:\/\/www.parfumerie-arabe.com\/","name":"Perfumer\u00eda \u00e1rabe","description":"","publisher":{"@id":"https:\/\/www.parfumerie-arabe.com\/#organization"},"potentialAction":[{"@type":"SearchAction","target":{"@type":"EntryPoint","urlTemplate":"https:\/\/www.parfumerie-arabe.com\/?s={search_term_string}"},"query-input":{"@type":"PropertyValueSpecification","valueRequired":true,"valueName":"search_term_string"}}],"inLanguage":"es"},{"@type":"Organization","@id":"https:\/\/www.parfumerie-arabe.com\/#organization","name":"Perfumer\u00eda \u00e1rabe","url":"https:\/\/www.parfumerie-arabe.com\/","logo":{"@type":"ImageObject","inLanguage":"es","@id":"https:\/\/www.parfumerie-arabe.com\/#\/schema\/logo\/image\/","url":"https:\/\/www.parfumerie-arabe.com\/wp-content\/uploads\/2022\/08\/logo-parfumerie-arabe.png","contentUrl":"https:\/\/www.parfumerie-arabe.com\/wp-content\/uploads\/2022\/08\/logo-parfumerie-arabe.png","width":600,"height":171,"caption":"Parfumerie arabe"},"image":{"@id":"https:\/\/www.parfumerie-arabe.com\/#\/schema\/logo\/image\/"}}]}},"_links":{"self":[{"href":"https:\/\/www.parfumerie-arabe.com\/es\/wp-json\/wp\/v2\/product\/2136","targetHints":{"allow":["GET"]}}],"collection":[{"href":"https:\/\/www.parfumerie-arabe.com\/es\/wp-json\/wp\/v2\/product"}],"about":[{"href":"https:\/\/www.parfumerie-arabe.com\/es\/wp-json\/wp\/v2\/types\/product"}],"wp:featuredmedia":[{"embeddable":true,"href":"https:\/\/www.parfumerie-arabe.com\/es\/wp-json\/wp\/v2\/media\/2137"}],"wp:attachment":[{"href":"https:\/\/www.parfumerie-arabe.com\/es\/wp-json\/wp\/v2\/media?parent=2136"}],"wp:term":[{"taxonomy":"product_brand","embeddable":true,"href":"https:\/\/www.parfumerie-arabe.com\/es\/wp-json\/wp\/v2\/product_brand?post=2136"},{"taxonomy":"product_cat","embeddable":true,"href":"https:\/\/www.parfumerie-arabe.com\/es\/wp-json\/wp\/v2\/product_cat?post=2136"},{"taxonomy":"product_tag","embeddable":true,"href":"https:\/\/www.parfumerie-arabe.com\/es\/wp-json\/wp\/v2\/product_tag?post=2136"}],"curies":[{"name":"wp","href":"https:\/\/api.w.org\/{rel}","templated":true}]}}