{"id":2149,"date":"2023-09-15T18:24:32","date_gmt":"2023-09-15T18:24:32","guid":{"rendered":"https:\/\/www.parfumerie-arabe.com\/?post_type=product&#038;p=2149"},"modified":"2025-11-20T17:17:55","modified_gmt":"2025-11-20T17:17:55","slug":"bakhour-portatil-2-en-1-para-el-cabello-y-el-ambiente-negro","status":"publish","type":"product","link":"https:\/\/www.parfumerie-arabe.com\/es\/produit\/bakhour-portable-2-en-1-cheveux-et-ambiance-noir\/","title":{"rendered":"Difusor port\u00e1til de incienso Bakhour 2 en 1 para el cabello y el ambiente \u2013 Negro"},"content":{"rendered":"","protected":false},"excerpt":{"rendered":"<p><strong>Difusor port\u00e1til<\/strong> <strong>2 en 1<\/strong><\/p>\n<p>Este difusor con cepillo es ideal para <strong>Perfumar tu cabello<\/strong> con tu bakhour favorito<\/p>\n<p>Tambi\u00e9n es perfecto para difundir su <strong>bakhour en toda su vivienda, su coche, su armario<\/strong>\u2026<\/p>\n<p>Es <strong>port\u00e1til<\/strong> y equipado con una placa calefactora que permite calentar suavemente el bakhour.<\/p>\n<p><strong>Recargable por USB<\/strong>, vendido con su <strong>cable USB<\/strong> y una <strong>pinza<\/strong> para el bakhour.<\/p>\n<p>&nbsp;<\/p>","protected":false},"featured_media":2152,"template":"","meta":[],"product_brand":[],"product_cat":[30,29],"product_tag":[],"class_list":{"0":"post-2149","1":"product","2":"type-product","3":"status-publish","4":"has-post-thumbnail","6":"product_cat-encensoir","7":"product_cat-encensoir-portable","9":"first","10":"outofstock","11":"taxable","12":"shipping-taxable","13":"purchasable","14":"product-type-simple"},"yoast_head":"<!-- This site is optimized with the Yoast SEO plugin v27.4 - https:\/\/yoast.com\/product\/yoast-seo-wordpress\/ -->\n<title>Diffuseur Encensoir Bakhour portable 2 en 1 Cheveux et Ambiance - Noir - Parfumerie Arabe<\/title>\n<meta name=\"robots\" content=\"index, follow, max-snippet:-1, max-image-preview:large, max-video-preview:-1\" \/>\n<link rel=\"canonical\" href=\"https:\/\/www.parfumerie-arabe.com\/es\/product\/bakhour-portatil-2-en-1-para-el-cabello-y-el-ambiente-negro\/\" \/>\n<meta property=\"og:locale\" content=\"es_ES\" \/>\n<meta property=\"og:type\" content=\"article\" \/>\n<meta property=\"og:title\" content=\"Diffuseur Encensoir Bakhour portable 2 en 1 Cheveux et Ambiance - Noir - Parfumerie Arabe\" \/>\n<meta property=\"og:description\" content=\"Diffuseur portable 2 en 1  Ce diffuseur brosse est id\u00e9al pour parfumer votre chevelure avec votre bakhour pr\u00e9f\u00e9r\u00e9  il est aussi parfait pour diffuser votre bakhour partout dans votre logement, votre voiture, votre penderie...  Il est portable et muni d&#039;une plaque chauffante qui permet de chauffer doucement le bakhour  Rechargeable par usb, vendu avec son c\u00e2ble usb et une pince pour le bakhour.  &nbsp;\" \/>\n<meta property=\"og:url\" content=\"https:\/\/www.parfumerie-arabe.com\/es\/product\/bakhour-portatil-2-en-1-para-el-cabello-y-el-ambiente-negro\/\" \/>\n<meta property=\"og:site_name\" content=\"Parfumerie Arabe\" \/>\n<meta property=\"article:modified_time\" content=\"2025-11-20T17:17:55+00:00\" \/>\n<meta property=\"og:image\" content=\"https:\/\/www.parfumerie-arabe.com\/wp-content\/uploads\/2023\/02\/brosse-cheveux-diffuseur-bakhour-encens.jpg\" \/>\n\t<meta property=\"og:image:width\" content=\"600\" \/>\n\t<meta property=\"og:image:height\" content=\"600\" \/>\n\t<meta property=\"og:image:type\" content=\"image\/jpeg\" \/>\n<meta name=\"twitter:card\" content=\"summary_large_image\" \/>\n<script type=\"application\/ld+json\" class=\"yoast-schema-graph\">{\"@context\":\"https:\\\/\\\/schema.org\",\"@graph\":[{\"@type\":\"WebPage\",\"@id\":\"https:\\\/\\\/www.parfumerie-arabe.com\\\/produit\\\/bakhour-portable-2-en-1-cheveux-et-ambiance-noir\\\/\",\"url\":\"https:\\\/\\\/www.parfumerie-arabe.com\\\/produit\\\/bakhour-portable-2-en-1-cheveux-et-ambiance-noir\\\/\",\"name\":\"Diffuseur Encensoir Bakhour portable 2 en 1 Cheveux et Ambiance - Noir - Parfumerie Arabe\",\"isPartOf\":{\"@id\":\"https:\\\/\\\/www.parfumerie-arabe.com\\\/#website\"},\"primaryImageOfPage\":{\"@id\":\"https:\\\/\\\/www.parfumerie-arabe.com\\\/produit\\\/bakhour-portable-2-en-1-cheveux-et-ambiance-noir\\\/#primaryimage\"},\"image\":{\"@id\":\"https:\\\/\\\/www.parfumerie-arabe.com\\\/produit\\\/bakhour-portable-2-en-1-cheveux-et-ambiance-noir\\\/#primaryimage\"},\"thumbnailUrl\":\"https:\\\/\\\/www.parfumerie-arabe.com\\\/wp-content\\\/uploads\\\/2023\\\/02\\\/brosse-cheveux-diffuseur-bakhour-encens.jpg\",\"datePublished\":\"2023-09-15T18:24:32+00:00\",\"dateModified\":\"2025-11-20T17:17:55+00:00\",\"breadcrumb\":{\"@id\":\"https:\\\/\\\/www.parfumerie-arabe.com\\\/produit\\\/bakhour-portable-2-en-1-cheveux-et-ambiance-noir\\\/#breadcrumb\"},\"inLanguage\":\"es\",\"potentialAction\":[{\"@type\":\"ReadAction\",\"target\":[\"https:\\\/\\\/www.parfumerie-arabe.com\\\/produit\\\/bakhour-portable-2-en-1-cheveux-et-ambiance-noir\\\/\"]}]},{\"@type\":\"ImageObject\",\"inLanguage\":\"es\",\"@id\":\"https:\\\/\\\/www.parfumerie-arabe.com\\\/produit\\\/bakhour-portable-2-en-1-cheveux-et-ambiance-noir\\\/#primaryimage\",\"url\":\"https:\\\/\\\/www.parfumerie-arabe.com\\\/wp-content\\\/uploads\\\/2023\\\/02\\\/brosse-cheveux-diffuseur-bakhour-encens.jpg\",\"contentUrl\":\"https:\\\/\\\/www.parfumerie-arabe.com\\\/wp-content\\\/uploads\\\/2023\\\/02\\\/brosse-cheveux-diffuseur-bakhour-encens.jpg\",\"width\":600,\"height\":600},{\"@type\":\"BreadcrumbList\",\"@id\":\"https:\\\/\\\/www.parfumerie-arabe.com\\\/produit\\\/bakhour-portable-2-en-1-cheveux-et-ambiance-noir\\\/#breadcrumb\",\"itemListElement\":[{\"@type\":\"ListItem\",\"position\":1,\"name\":\"Accueil\",\"item\":\"https:\\\/\\\/www.parfumerie-arabe.com\\\/\"},{\"@type\":\"ListItem\",\"position\":2,\"name\":\"Boutique\",\"item\":\"https:\\\/\\\/www.parfumerie-arabe.com\\\/boutique\\\/\"},{\"@type\":\"ListItem\",\"position\":3,\"name\":\"Diffuseur Encensoir Bakhour portable 2 en 1 Cheveux et Ambiance &#8211; Noir\"}]},{\"@type\":\"WebSite\",\"@id\":\"https:\\\/\\\/www.parfumerie-arabe.com\\\/#website\",\"url\":\"https:\\\/\\\/www.parfumerie-arabe.com\\\/\",\"name\":\"Parfumerie Arabe\",\"description\":\"\",\"publisher\":{\"@id\":\"https:\\\/\\\/www.parfumerie-arabe.com\\\/#organization\"},\"potentialAction\":[{\"@type\":\"SearchAction\",\"target\":{\"@type\":\"EntryPoint\",\"urlTemplate\":\"https:\\\/\\\/www.parfumerie-arabe.com\\\/?s={search_term_string}\"},\"query-input\":{\"@type\":\"PropertyValueSpecification\",\"valueRequired\":true,\"valueName\":\"search_term_string\"}}],\"inLanguage\":\"es\"},{\"@type\":\"Organization\",\"@id\":\"https:\\\/\\\/www.parfumerie-arabe.com\\\/#organization\",\"name\":\"Parfumerie arabe\",\"url\":\"https:\\\/\\\/www.parfumerie-arabe.com\\\/\",\"logo\":{\"@type\":\"ImageObject\",\"inLanguage\":\"es\",\"@id\":\"https:\\\/\\\/www.parfumerie-arabe.com\\\/#\\\/schema\\\/logo\\\/image\\\/\",\"url\":\"https:\\\/\\\/www.parfumerie-arabe.com\\\/wp-content\\\/uploads\\\/2022\\\/08\\\/logo-parfumerie-arabe.png\",\"contentUrl\":\"https:\\\/\\\/www.parfumerie-arabe.com\\\/wp-content\\\/uploads\\\/2022\\\/08\\\/logo-parfumerie-arabe.png\",\"width\":600,\"height\":171,\"caption\":\"Parfumerie arabe\"},\"image\":{\"@id\":\"https:\\\/\\\/www.parfumerie-arabe.com\\\/#\\\/schema\\\/logo\\\/image\\\/\"}}]}<\/script>\n<!-- \/ Yoast SEO plugin. -->","yoast_head_json":{"title":"Difusor port\u00e1til de incienso Bakhour 2 en 1 para el cabello y el ambiente - Negro - Perfumer\u00eda \u00e1rabe","robots":{"index":"index","follow":"follow","max-snippet":"max-snippet:-1","max-image-preview":"max-image-preview:large","max-video-preview":"max-video-preview:-1"},"canonical":"https:\/\/www.parfumerie-arabe.com\/es\/product\/bakhour-portatil-2-en-1-para-el-cabello-y-el-ambiente-negro\/","og_locale":"es_ES","og_type":"article","og_title":"Diffuseur Encensoir Bakhour portable 2 en 1 Cheveux et Ambiance - Noir - Parfumerie Arabe","og_description":"Diffuseur portable 2 en 1  Ce diffuseur brosse est id\u00e9al pour parfumer votre chevelure avec votre bakhour pr\u00e9f\u00e9r\u00e9  il est aussi parfait pour diffuser votre bakhour partout dans votre logement, votre voiture, votre penderie...  Il est portable et muni d'une plaque chauffante qui permet de chauffer doucement le bakhour  Rechargeable par usb, vendu avec son c\u00e2ble usb et une pince pour le bakhour.  &nbsp;","og_url":"https:\/\/www.parfumerie-arabe.com\/es\/product\/bakhour-portatil-2-en-1-para-el-cabello-y-el-ambiente-negro\/","og_site_name":"Parfumerie Arabe","article_modified_time":"2025-11-20T17:17:55+00:00","og_image":[{"width":600,"height":600,"url":"https:\/\/www.parfumerie-arabe.com\/wp-content\/uploads\/2023\/02\/brosse-cheveux-diffuseur-bakhour-encens.jpg","type":"image\/jpeg"}],"twitter_card":"summary_large_image","schema":{"@context":"https:\/\/schema.org","@graph":[{"@type":"WebPage","@id":"https:\/\/www.parfumerie-arabe.com\/produit\/bakhour-portable-2-en-1-cheveux-et-ambiance-noir\/","url":"https:\/\/www.parfumerie-arabe.com\/produit\/bakhour-portable-2-en-1-cheveux-et-ambiance-noir\/","name":"Difusor port\u00e1til de incienso Bakhour 2 en 1 para el cabello y el ambiente - Negro - Perfumer\u00eda \u00e1rabe","isPartOf":{"@id":"https:\/\/www.parfumerie-arabe.com\/#website"},"primaryImageOfPage":{"@id":"https:\/\/www.parfumerie-arabe.com\/produit\/bakhour-portable-2-en-1-cheveux-et-ambiance-noir\/#primaryimage"},"image":{"@id":"https:\/\/www.parfumerie-arabe.com\/produit\/bakhour-portable-2-en-1-cheveux-et-ambiance-noir\/#primaryimage"},"thumbnailUrl":"https:\/\/www.parfumerie-arabe.com\/wp-content\/uploads\/2023\/02\/brosse-cheveux-diffuseur-bakhour-encens.jpg","datePublished":"2023-09-15T18:24:32+00:00","dateModified":"2025-11-20T17:17:55+00:00","breadcrumb":{"@id":"https:\/\/www.parfumerie-arabe.com\/produit\/bakhour-portable-2-en-1-cheveux-et-ambiance-noir\/#breadcrumb"},"inLanguage":"es","potentialAction":[{"@type":"ReadAction","target":["https:\/\/www.parfumerie-arabe.com\/produit\/bakhour-portable-2-en-1-cheveux-et-ambiance-noir\/"]}]},{"@type":"ImageObject","inLanguage":"es","@id":"https:\/\/www.parfumerie-arabe.com\/produit\/bakhour-portable-2-en-1-cheveux-et-ambiance-noir\/#primaryimage","url":"https:\/\/www.parfumerie-arabe.com\/wp-content\/uploads\/2023\/02\/brosse-cheveux-diffuseur-bakhour-encens.jpg","contentUrl":"https:\/\/www.parfumerie-arabe.com\/wp-content\/uploads\/2023\/02\/brosse-cheveux-diffuseur-bakhour-encens.jpg","width":600,"height":600},{"@type":"BreadcrumbList","@id":"https:\/\/www.parfumerie-arabe.com\/produit\/bakhour-portable-2-en-1-cheveux-et-ambiance-noir\/#breadcrumb","itemListElement":[{"@type":"ListItem","position":1,"name":"Accueil","item":"https:\/\/www.parfumerie-arabe.com\/"},{"@type":"ListItem","position":2,"name":"Boutique","item":"https:\/\/www.parfumerie-arabe.com\/boutique\/"},{"@type":"ListItem","position":3,"name":"Diffuseur Encensoir Bakhour portable 2 en 1 Cheveux et Ambiance &#8211; Noir"}]},{"@type":"WebSite","@id":"https:\/\/www.parfumerie-arabe.com\/#website","url":"https:\/\/www.parfumerie-arabe.com\/","name":"Perfumer\u00eda \u00e1rabe","description":"","publisher":{"@id":"https:\/\/www.parfumerie-arabe.com\/#organization"},"potentialAction":[{"@type":"SearchAction","target":{"@type":"EntryPoint","urlTemplate":"https:\/\/www.parfumerie-arabe.com\/?s={search_term_string}"},"query-input":{"@type":"PropertyValueSpecification","valueRequired":true,"valueName":"search_term_string"}}],"inLanguage":"es"},{"@type":"Organization","@id":"https:\/\/www.parfumerie-arabe.com\/#organization","name":"Perfumer\u00eda \u00e1rabe","url":"https:\/\/www.parfumerie-arabe.com\/","logo":{"@type":"ImageObject","inLanguage":"es","@id":"https:\/\/www.parfumerie-arabe.com\/#\/schema\/logo\/image\/","url":"https:\/\/www.parfumerie-arabe.com\/wp-content\/uploads\/2022\/08\/logo-parfumerie-arabe.png","contentUrl":"https:\/\/www.parfumerie-arabe.com\/wp-content\/uploads\/2022\/08\/logo-parfumerie-arabe.png","width":600,"height":171,"caption":"Parfumerie arabe"},"image":{"@id":"https:\/\/www.parfumerie-arabe.com\/#\/schema\/logo\/image\/"}}]}},"_links":{"self":[{"href":"https:\/\/www.parfumerie-arabe.com\/es\/wp-json\/wp\/v2\/product\/2149","targetHints":{"allow":["GET"]}}],"collection":[{"href":"https:\/\/www.parfumerie-arabe.com\/es\/wp-json\/wp\/v2\/product"}],"about":[{"href":"https:\/\/www.parfumerie-arabe.com\/es\/wp-json\/wp\/v2\/types\/product"}],"wp:featuredmedia":[{"embeddable":true,"href":"https:\/\/www.parfumerie-arabe.com\/es\/wp-json\/wp\/v2\/media\/2152"}],"wp:attachment":[{"href":"https:\/\/www.parfumerie-arabe.com\/es\/wp-json\/wp\/v2\/media?parent=2149"}],"wp:term":[{"taxonomy":"product_brand","embeddable":true,"href":"https:\/\/www.parfumerie-arabe.com\/es\/wp-json\/wp\/v2\/product_brand?post=2149"},{"taxonomy":"product_cat","embeddable":true,"href":"https:\/\/www.parfumerie-arabe.com\/es\/wp-json\/wp\/v2\/product_cat?post=2149"},{"taxonomy":"product_tag","embeddable":true,"href":"https:\/\/www.parfumerie-arabe.com\/es\/wp-json\/wp\/v2\/product_tag?post=2149"}],"curies":[{"name":"wp","href":"https:\/\/api.w.org\/{rel}","templated":true}]}}